{"id":24577,"date":"2024-10-03T00:00:00","date_gmt":"2024-10-03T00:00:00","guid":{"rendered":"https:\/\/howto.ping.fm\/comprehensive-guide-to-video-repair\/"},"modified":"2024-10-07T09:45:14","modified_gmt":"2024-10-07T09:45:14","slug":"comprehensive-guide-to-video-repair","status":"publish","type":"page","link":"https:\/\/howto.ping.fm\/tr\/comprehensive-guide-to-video-repair\/","title":{"rendered":"Video: Kapsaml\u0131 Onar\u0131m Rehberi"},"content":{"rendered":"<section>\n<h1>Video Onarma Kapsaml\u0131 Rehberi<\/h1>\n<div class=\"inbrief\">\n<div>                     <img src=\"https:\/\/www.ping.fm\/howto\/wp-content\/uploads\/ai\/Comprehensive-Guide-to-Video-Repair.jpg\" alt=\"Comprehensive Guide to Video Repair\" title=\"Comprehensive Guide to Video Repair\" width=\"1280\" height=\"720\">                     <\/p>\n<p>Video dosyalar\u0131, unutulmaz anlar\u0131, de\u011ferli \u00f6\u011freticileri ve \u00f6nemli olaylar\u0131 kaydeden dijital ya\u015famlar\u0131m\u0131z\u0131n \u00f6nemli bir par\u00e7as\u0131d\u0131r. Bununla birlikte, bozuk, hasar g\u00f6rm\u00fc\u015f veya oynat\u0131lamayan bir video dosyas\u0131yla kar\u015f\u0131la\u015fmak sinir bozucu olabilir. Neyse ki, bu dosyalar\u0131 onarman\u0131n ve i\u015flevselli\u011fini geri getirmenin etkili \u00e7\u00f6z\u00fcmleri bulunmaktad\u0131r. Bu kapsaml\u0131 rehber, \u00e7e\u015fitli ara\u00e7lar kullanarak videolar\u0131 onarman\u0131n \u00e7e\u015fitli y\u00f6ntemleri konusunda size rehberlik edecektir, yan\u0131 s\u0131ra zekice \u00e7evrimi\u00e7i video onar\u0131m ara\u00e7lar\u0131, profesyonel yaz\u0131l\u0131mlar ve standart sorun giderme tekniklerini i\u00e7erecektir.<\/p>\n<\/div>\n<\/div>\n<\/section>\n<section>\n<div>\n<div>1<\/div>\n<h2>Yayg\u0131n Senaryolar:<\/h2>\n<\/div>\n<h3>&#8216;Video oynat\u0131lam\u0131yor&#8217; format sorunlar\u0131 nedeniyle &#128201;<\/h3>\n<ul>\n<li><b>Video dosyan\u0131z\u0131n<\/b> oynat\u0131lamaz halde olmas\u0131 s\u0131k kar\u015f\u0131la\u015f\u0131lan bir durumdur. \u00c7o\u011fu zaman, bu durum <b>video format\u0131n\u0131n<\/b> medya oynat\u0131c\u0131n\u0131z taraf\u0131ndan desteklenmemesi y\u00fcz\u00fcnden olu\u015fur.<\/li>\n<li><b>&#8216;Desteklenmeyen dosya format\u0131&#8217;<\/b> gibi mesajlarla kar\u015f\u0131la\u015fmak olduk\u00e7a sinir bozucu olabilir.<\/li>\n<li>Bunu \u00e7\u00f6zmek i\u00e7in, <b>video dosyas\u0131n\u0131<\/b> medya oynat\u0131c\u0131n\u0131zla uyumlu bir formata d\u00f6n\u00fc\u015ft\u00fcrmeniz veya mevcut format\u0131 <b>g\u00fcvenilir bir video onar\u0131m arac\u0131<\/b> kullanarak onarman\u0131z gerekebilir.<\/li>\n<\/ul>\n<h3>&#8216;Kurtarma sonras\u0131 bozulmu\u015f video dosyas\u0131&#8217; &#128190;<\/h3>\n<ul>\n<li>Yedekten <b>video dosyalar\u0131n\u0131<\/b> geri y\u00fcklemek bazen bozulmaya yol a\u00e7abilir.<\/li>\n<li>Kurtarma sonras\u0131 <b>eksik<\/b> veya <b>bozuk video dosyalar\u0131<\/b> ile kar\u015f\u0131la\u015fabilirsiniz.<\/li>\n<li>Bu senaryo, bozuk dosyalar\u0131 ele alabilecek ve onlar\u0131 orijinal durumlar\u0131na geri y\u00fckleyebilecek etkili bir <b>video onar\u0131m arac\u0131<\/b> kullanmay\u0131 gerektirir.<\/li>\n<\/ul>\n<h3>&#8216;Videoyla senkronize olmayan ses&#8217; &#127925;<\/h3>\n<ul>\n<li><b>Ses-video senkronizasyon sorunu<\/b> ya\u015famak, t\u00fcm video izleme deneyimini mahvedebilir.<\/li>\n<li>Bu sorun, hatal\u0131 bir kodlama s\u00fcreci veya <b>video dosyas\u0131ndaki<\/b> k\u00fc\u00e7\u00fck bir bozulma nedeniyle ortaya \u00e7\u0131kabilir.<\/li>\n<li>\u00d6zel <b>video d\u00fczenleme yaz\u0131l\u0131mlar\u0131<\/b> veya \u00f6zel <b>video onar\u0131m ara\u00e7lar\u0131<\/b> kullanarak senkronizasyon sorununu \u00e7\u00f6zebilirsiniz.<\/li>\n<\/ul>\n<\/section>\n<section class=\"stepByStep\">\n<div>\n<div>2<\/div>\n<h2>Ad\u0131m Ad\u0131m Rehber: Video Onar\u0131m\u0131:<\/h2>\n<\/div>\n<h3>Y\u00f6ntem 1: Clever \u00dccretsiz \u00c7evrimi\u00e7i Video Onar\u0131m arac\u0131 ile &#127760;<\/h3>\n<ul>\n<li>\u0130lk ad\u0131m olarak, <a href='https:\/\/repair.cleverfiles.com' rel=\"nofollow noopener\" target='_blank'><b>Clever \u00dccretsiz \u00c7evrimi\u00e7i Video Onar\u0131m arac\u0131<\/b><\/a> web sitesini a\u00e7\u0131n.<\/li>\n<li>&#8216;Dosya Y\u00fckle&#8217; d\u00fc\u011fmesine t\u0131klay\u0131n ve bilgisayar\u0131n\u0131zdan bozuk <b>video dosyas\u0131n\u0131<\/b> se\u00e7in.<\/li>\n<li>Dosya y\u00fcklendikten sonra, <b>video onar\u0131m i\u015flemini<\/b> ba\u015flatmak i\u00e7in &#8216;Onar&#8217; d\u00fc\u011fmesine t\u0131klay\u0131n.<\/li>\n<li>\u0130\u015flem tamamland\u0131\u011f\u0131nda onar\u0131lm\u0131\u015f dosyay\u0131 indirin ve videonun do\u011fru bir \u015fekilde oynat\u0131ld\u0131\u011f\u0131n\u0131 kontrol edin.<\/li>\n<\/ul>\n<p><b>Not:<\/b> Bu ara\u00e7, \u00e7o\u011fu yayg\u0131n video dosyas\u0131 bozulmalar\u0131n\u0131 etkin bir \u015fekilde onarabilir.<\/p>\n<p><img src=\"https:\/\/www.ping.fm\/howto\/wp-content\/uploads\/ai\/Repair-Clever-Comprehensive-Guide-to-Video-Repair.jpg\" alt=\"Comprehensive Guide to Video Repair Screenshot\" width=\"1280\" height=\"720\"><\/p>\n<p><b>Sonu\u00e7:<\/b> \u00c7evrimi\u00e7i bir video onar\u0131m arac\u0131 kullanmak, bir\u00e7ok video sorununu herhangi bir yaz\u0131l\u0131m y\u00fcklemeden d\u00fczeltmenin basit ve etkili bir yoludur.<\/p>\n<h3>Y\u00f6ntem 2: VLC Media Player Kullanarak Video Onarma &#127909;<\/h3>\n<ul>\n<li>Bilgisayar\u0131n\u0131zda <b>VLC Media Player<\/b>&#8216;\u0131 a\u00e7\u0131n.<\/li>\n<li>&#8216;Medya&#8217;ya gidin ve a\u00e7\u0131l\u0131r men\u00fcden &#8216;D\u00f6n\u00fc\u015ft\u00fcr\/Kaydet&#8217; se\u00e7ene\u011fini se\u00e7in.<\/li>\n<li>A\u00e7\u0131l\u0131r pencerede bozuk <b>video dosyas\u0131n\u0131<\/b> ekleyin ve &#8216;D\u00f6n\u00fc\u015ft\u00fcr\/Kaydet&#8217;e t\u0131klay\u0131n.<\/li>\n<li>D\u00f6n\u00fc\u015f\u00fcm i\u00e7in istenilen profili se\u00e7in ve \u00e7\u0131kt\u0131n\u0131n kaydedilece\u011fi hedef klas\u00f6r\u00fc ayarlay\u0131n.<\/li>\n<li>D\u00f6n\u00fc\u015f\u00fcm s\u00fcrecini ba\u015flatmak i\u00e7in &#8216;Ba\u015flat&#8217;a t\u0131klay\u0131n. VLC, d\u00f6n\u00fc\u015ft\u00fcrme s\u0131ras\u0131nda videoyu onarmaya \u00e7al\u0131\u015facakt\u0131r.<\/li>\n<\/ul>\n<p><b>Not:<\/b> VLC, d\u00f6n\u00fc\u015f\u00fcm s\u00fcreci s\u0131ras\u0131nda k\u00fc\u00e7\u00fck bozulmalar\u0131 d\u00fczeltmeye yard\u0131mc\u0131 olabilir.<\/p>\n<p><b>Sonu\u00e7:<\/b> VLC Media Player sadece bir oynat\u0131c\u0131 de\u011fil, ayn\u0131 zamanda video dosyalar\u0131n\u0131 onarma ve d\u00f6n\u00fc\u015ft\u00fcrme konusunda sa\u011flam bir ara\u00e7t\u0131r.<\/p>\n<h3>Y\u00f6ntem 3: Profesyonel Yaz\u0131l\u0131m Kullanarak: Wondershare Repairit &#128736;<\/h3>\n<ul>\n<li>Bilgisayar\u0131n\u0131za <b>Wondershare Repairit<\/b>&#8216;i indirin ve y\u00fckleyin. Bunu burada bulabilirsiniz.<\/li>\n<li>Yaz\u0131l\u0131m\u0131 ba\u015flat\u0131n ve bozuk video dosyas\u0131n\u0131 y\u00fcklemek i\u00e7in &#8216;Ekle&#8217; d\u00fc\u011fmesine t\u0131klay\u0131n.<\/li>\n<li>Onar\u0131m s\u00fcrecini ba\u015flatmak i\u00e7in &#8216;Onar&#8217; d\u00fc\u011fmesine t\u0131klay\u0131n.<\/li>\n<li>Onar\u0131m tamamland\u0131ktan sonra, videonun d\u00fczeltildi\u011finden emin olmak i\u00e7in \u00f6n izleyin ve ard\u0131ndan tercih etti\u011finiz konuma kaydedin.<\/li>\n<\/ul>\n<p><b>Not:<\/b> Profesyonel ara\u00e7lar genellikle daha derinlemesine onar\u0131m i\u00e7in geli\u015fmi\u015f \u00f6zelliklerle gelir.<\/p>\n<p><b>Sonu\u00e7:<\/b> Wondershare Repairit, geli\u015fmi\u015f algoritmalar\u0131 sayesinde, ciddi \u015fekilde bozulmu\u015f video dosyalar\u0131n\u0131 onarmak i\u00e7in g\u00fc\u00e7l\u00fc bir ara\u00e7t\u0131r.<\/p>\n<h3>Y\u00f6ntem 4: HandBrake ile Onarma &#128295;<\/h3>\n<ul>\n<li>Resmi websitesinden <b>HandBrake<\/b>&#8216;i indirin ve y\u00fckleyin <a href='https:\/\/handbrake.fr\/' rel=\"nofollow noopener\" target='_blank'>buradan<\/a>.<\/li>\n<li>HandBrake&#8217;i a\u00e7\u0131n ve &#8216;Kaynak&#8217; d\u00fc\u011fmesine t\u0131klayarak bozuk video dosyas\u0131n\u0131 y\u00fckleyin.<\/li>\n<li>Bir hedef klas\u00f6r ve gereksinimlerinize uygun bir \u00e7\u0131kt\u0131 format\u0131 se\u00e7in.<\/li>\n<li>S\u00fcreci ba\u015flatmak i\u00e7in &#8216;Ba\u015flat Kodla&#8217;ya t\u0131klay\u0131n. HandBrake videoyu yeniden kodlayacak ve potansiyel olarak k\u00fc\u00e7\u00fck bozulmalar\u0131 d\u00fczeltecektir.<\/li>\n<\/ul>\n<p><b>Not:<\/b> HandBrake \u00f6ncelikle bir video d\u00f6n\u00fc\u015ft\u00fcr\u00fcc\u00fcd\u00fcr, ancak yeniden kodlama s\u0131ras\u0131nda k\u00fc\u00e7\u00fck sorunlar\u0131 d\u00fczeltebilir.<\/p>\n<p><b>Sonu\u00e7:<\/b> HandBrake, videolar\u0131 yeni bir formata yeniden kodlayarak onarmak i\u00e7in faydal\u0131 bir ara\u00e7 olabilir.<\/p>\n<h3>Y\u00f6ntem 5: Avidemux ile Ses-Video Senkronizasyon Sorunlar\u0131n\u0131 Onarma &#128260;<\/h3>\n<ul>\n<li>Resmi websitesinden <b>Avidemux<\/b>&#8216;u indirin ve y\u00fckleyin buradan.<\/li>\n<li>Avidemux&#8217;u a\u00e7\u0131n ve bozuk video dosyas\u0131n\u0131 y\u00fckleyin.<\/li>\n<li>&#8216;Ses&#8217;e gidin ve ard\u0131ndan &#8216;Kayma&#8217;ya giderek ses ayarlamas\u0131 i\u00e7in do\u011fru <b>senkronizasyon de\u011ferini<\/b> girin.<\/li>\n<li>Videoyu \u00f6n izleyin ve sesin video ile senkronize oldu\u011fundan emin olun.<\/li>\n<li>&#8216;Dosya&#8217;ya ve ard\u0131ndan &#8216;Kaydet&#8217;e t\u0131klayarak d\u00fczeltme yap\u0131lm\u0131\u015f videoyu kaydedin.<\/li>\n<\/ul>\n<p><b>Not:<\/b> Avidemux, ses ve video senkronizasyon sorunlar\u0131n\u0131 elle ayarlamak i\u00e7in m\u00fckemmeldir.<\/p>\n<p><b>Sonu\u00e7:<\/b> Videonuzda senkronizasyon sorunlar\u0131 varsa, Avidemux manuel olarak hizalamay\u0131 d\u00fczeltmek i\u00e7in basit bir yol sunar.<\/p>\n<\/section>\n<section>\n<div>\n<div>3<\/div>\n<h2>Youtube&#8217;da \u0130zle: <a href=\"https:\/\/www.youtube.com\/watch?v=6VCrzS_Jsrg\" target=\"_blank\" rel=\"noopener\">Video Onar\u0131m\u0131 i\u00e7in Kapsaml\u0131 K\u0131lavuz<\/a><\/h2>\n<\/div>\n<div class=\"iframe\"><iframe width=\"420\" height=\"315\" src=\"\/\/www.youtube.com\/embed\/6VCrzS_Jsrg\" frameborder=\"0\" allowfullscreen><\/iframe><\/div>\n<\/section>\n<section>\n<div>\n<div>4<\/div>\n<h2>\u00d6nlemler ve \u0130pu\u00e7lar\u0131:<\/h2>\n<\/div>\n<h3>Video Dosyalar\u0131n\u0131 Bozulmaktan Koruma &#128737;<\/h3>\n<ul>\n<li>Veri kayb\u0131n\u0131 \u00f6nlemek i\u00e7in daima <b>g\u00fcvenilir bir yedekleme \u00e7\u00f6z\u00fcm\u00fc<\/b> kullan\u0131n.<\/li>\n<li>\u00d6nemli <b>video dosyalar\u0131n\u0131<\/b> depolamak i\u00e7in <b>karars\u0131z depolama ortamlar\u0131<\/b> kullanmaktan ka\u00e7\u0131n\u0131n.<\/li>\n<li>Uyumluluk sorunlar\u0131n\u0131 \u00f6nlemek i\u00e7in sisteminizi ve medya oynat\u0131c\u0131n\u0131z\u0131 d\u00fczenli olarak g\u00fcncelleyin.<\/li>\n<li>Video d\u00fczenleme ve d\u00f6n\u00fc\u015ft\u00fcrme i\u015flemleri i\u00e7in <b>g\u00fcvenilir yaz\u0131l\u0131mlar<\/b> kullan\u0131n.<\/li>\n<li>Bir video dosyas\u0131n\u0131 d\u00f6n\u00fc\u015ft\u00fcrmeden veya ad\u0131n\u0131 de\u011fi\u015ftirmeden \u00f6nce <b>yedek bir kopya<\/b> al\u0131n, bozulmay\u0131 \u00f6nlemek i\u00e7in.<\/li>\n<\/ul>\n<h3>Video Oynatma Sorunlar\u0131n\u0131 \u00d6nleme &#127902;<\/h3>\n<ul>\n<li>Medya oynat\u0131c\u0131n\u0131z\u0131n en son <b>video formatlar\u0131n\u0131<\/b> desteklemesi i\u00e7in g\u00fcncel oldu\u011fundan emin olun.<\/li>\n<li>Video dosyan\u0131z oynat\u0131lam\u0131yorsa gerekli <b>codecleri<\/b> y\u00fckleyin.<\/li>\n<li>Video dosyalar\u0131n\u0131 indirmek i\u00e7in g\u00fcvenilir kaynaklar kullan\u0131n ve zararl\u0131 olabilecek <b>\u00fc\u00e7\u00fcnc\u00fc taraf uygulamalardan<\/b> ka\u00e7\u0131n\u0131n.<\/li>\n<li>Videonuz tamponlan\u0131yorsa veya tak\u0131l\u0131yorsa, medya oynat\u0131c\u0131n\u0131z\u0131n \u00f6nbelle\u011fini <b>temizlemeyi<\/b> d\u00fc\u015f\u00fcn\u00fcn.<\/li>\n<li>Bilgisayar\u0131n\u0131z\u0131 d\u00fczenli olarak <b>vir\u00fcsler<\/b> ve k\u00f6t\u00fc ama\u00e7l\u0131 yaz\u0131l\u0131mlara kar\u015f\u0131 taray\u0131n, sa\u011fl\u0131kl\u0131 kalmas\u0131n\u0131 sa\u011flamak i\u00e7in.<\/li>\n<\/ul>\n<\/section>\n<section>\n<div>\n<div>5<\/div>\n<h2>Kritik \u0130\u00e7g\u00f6r\u00fcler <\/h2>\n<\/div>\n<p><b>Video bozulmas\u0131n\u0131n<\/b> nas\u0131l meydana geldi\u011fini anlamak, etkili video onar\u0131m\u0131 i\u00e7in temeldir. Bozulma, tamamlanmam\u0131\u015f indirmeler, elektrik kesintileri, hatal\u0131 d\u00f6n\u00fc\u015ft\u00fcrmeler veya k\u00f6t\u00fc ama\u00e7l\u0131 yaz\u0131l\u0131m sald\u0131r\u0131lar\u0131 gibi \u00e7e\u015fitli fakt\u00f6rlerden kaynaklanabilir. Nedeni tan\u0131mak, en iyi onar\u0131m y\u00f6ntemini se\u00e7mede yard\u0131mc\u0131 olur.<\/p>\n<p>Profesyonel video onar\u0131m yaz\u0131l\u0131m\u0131, <a href='https:\/\/www.stellarinfo.com\/disk-tool\/repair-mp4-file.php' rel=\"nofollow noopener\" target='_blank'>Stellar Repair for Video<\/a> gibi, k\u0131r\u0131k ba\u015fl\u0131klar, kare bozulmas\u0131 veya uygunsuz ses-video senkronizasyonu gibi ciddi bozulmalar\u0131 d\u00fczeltmek i\u00e7in geli\u015fmi\u015f se\u00e7enekler sunarak kapsaml\u0131 bir \u00e7\u00f6z\u00fcm sa\u011flar. Bu ara\u00e7lar\u0131n \u00e7o\u011fu, temel onar\u0131mlar i\u00e7in \u00fccretsiz deneme sunar.<\/p>\n<p>Bunun yerine, <a href='https:\/\/ffmpeg.org\/download.html' rel=\"nofollow noopener\" target='_blank'>FFmpeg<\/a> gibi manuel ara\u00e7lar, <b>onar\u0131m s\u00fcreci<\/b> \u00fczerinde daha fazla kontrol sa\u011flar. Komut sat\u0131r\u0131 girdilerini kullanarak belirli sorunlar\u0131 hedef alabilirsiniz, ancak bu, codec&#8217;ler ve video yap\u0131lar\u0131 hakk\u0131nda teknik bilgi gerektirir.<\/p>\n<p><b>Bulut tabanl\u0131 \u00e7\u00f6z\u00fcmler<\/b> de pop\u00fclerlik kazanm\u0131\u015ft\u0131r. Platformlar, bozulmu\u015f dosyalar\u0131n\u0131z\u0131 y\u00fckleyebilece\u011finiz ve uzman sistemlerin onar\u0131mla ilgilendi\u011fi uzaktan video onar\u0131m hizmetleri sunar. Bu t\u00fcr hizmetler genellikle bir maliyetle gelir ancak ciddi hasar g\u00f6rm\u00fc\u015f dosyalar i\u00e7in y\u00fcksek derecede etkilidir.<\/p>\n<p>S\u00fcrekli video sorunlar\u0131yla kar\u015f\u0131la\u015fanlar i\u00e7in y\u00fcksek kaliteli bir video kamera ve depolama cihaz\u0131na yat\u0131r\u0131m yapmak, bozuk dosyalarla kar\u015f\u0131la\u015fma olas\u0131l\u0131\u011f\u0131n\u0131 \u00f6nemli \u00f6l\u00e7\u00fcde azalt\u0131r. \u00dcst d\u00fczey cihazlar genellikle batarya ar\u0131zas\u0131 veya ani darbe gibi beklenmedik olaylar s\u0131ras\u0131nda dosyalar\u0131 koruyan koruyucularla birlikte gelir.<\/p>\n<\/section>\n<section>\n<h2>Sonu\u00e7:<\/h2>\n<div class=\"nonp\">Bozulmu\u015f veya oynat\u0131lamayan videolarla u\u011fra\u015fmak stresli bir deneyim olmak zorunda de\u011fildir. Do\u011fru ara\u00e7lar ve biraz bilgi ile en yayg\u0131n video bozulma sorunlar\u0131n\u0131n \u00fcstesinden kolayca gelebilirsiniz. Clever Free Online Video Repair arac\u0131 gibi \u00fccretsiz \u00e7evrimi\u00e7i ara\u00e7lardan daha karma\u015f\u0131k yaz\u0131l\u0131m \u00e7\u00f6z\u00fcmlerine kadar her t\u00fcrl\u00fc sorun i\u00e7in uygun bir y\u00f6ntem mevcuttur. Gelecekteki sorunlardan de\u011ferli dosyalar\u0131n\u0131z\u0131 korumak i\u00e7in her zaman \u00f6nleyici tedbirler almay\u0131 unutmay\u0131n. Daha ayr\u0131nt\u0131l\u0131 onar\u0131m teknikleri i\u00e7in, <a href='https:\/\/www.cleverfiles.com\/howto\/repair-corrupted-video.html' rel=\"dofollow noopener\" target='_blank'>Videolar\u0131n onar\u0131m\u0131 i\u00e7in en iyi ipu\u00e7lar\u0131<\/a> k\u0131lavuzuna ba\u015fvurun.<\/div>\n<\/section>\n","protected":false},"excerpt":{"rendered":"<p>Video Onarma Kapsaml\u0131 Rehberi Video dosyalar\u0131, unutulmaz anlar\u0131, de\u011ferli \u00f6\u011freticileri ve \u00f6nemli olaylar\u0131 kaydeden dijital ya\u015famlar\u0131m\u0131z\u0131n \u00f6nemli bir par\u00e7as\u0131d\u0131r. Bununla birlikte, bozuk, hasar g\u00f6rm\u00fc\u015f veya oynat\u0131lamayan bir video dosyas\u0131yla kar\u015f\u0131la\u015fmak sinir bozucu olabilir. Neyse ki, bu dosyalar\u0131 onarman\u0131n ve i\u015flevselli\u011fini geri getirmenin etkili \u00e7\u00f6z\u00fcmleri bulunmaktad\u0131r. Bu kapsaml\u0131 rehber, \u00e7e\u015fitli ara\u00e7lar kullanarak videolar\u0131 onarman\u0131n \u00e7e\u015fitli y\u00f6ntemleri [&hellip;]<\/p>\n","protected":false},"author":0,"featured_media":0,"parent":0,"menu_order":0,"comment_status":"closed","ping_status":"closed","template":"chromecast.php","meta":{"_stopmodifiedupdate":false,"_modified_date":"","_lmt_disableupdate":"","_lmt_disable":""},"acf":[],"yoast_head":"<!-- This site is optimized with the Yoast SEO plugin v20.9 - https:\/\/yoast.com\/wordpress\/plugins\/seo\/ -->\n<title>Szczeg\u00f3\u0142owa wideo onar\u0131m talimat\u0131<\/title>\n<meta name=\"robots\" content=\"index, follow, max-snippet:-1, max-image-preview:large, max-video-preview:-1\" \/>\n<link rel=\"canonical\" href=\"https:\/\/howto.ping.fm\/tr\/comprehensive-guide-to-video-repair\/\" \/>\n<meta property=\"og:locale\" content=\"tr_TR\" \/>\n<meta property=\"og:type\" content=\"article\" \/>\n<meta property=\"og:title\" content=\"Szczeg\u00f3\u0142owa wideo onar\u0131m talimat\u0131\" \/>\n<meta property=\"og:description\" content=\"Video Onarma Kapsaml\u0131 Rehberi Video dosyalar\u0131, unutulmaz anlar\u0131, de\u011ferli \u00f6\u011freticileri ve \u00f6nemli olaylar\u0131 kaydeden dijital ya\u015famlar\u0131m\u0131z\u0131n \u00f6nemli bir par\u00e7as\u0131d\u0131r. Bununla birlikte, bozuk, hasar g\u00f6rm\u00fc\u015f veya oynat\u0131lamayan bir video dosyas\u0131yla kar\u015f\u0131la\u015fmak sinir bozucu olabilir. Neyse ki, bu dosyalar\u0131 onarman\u0131n ve i\u015flevselli\u011fini geri getirmenin etkili \u00e7\u00f6z\u00fcmleri bulunmaktad\u0131r. Bu kapsaml\u0131 rehber, \u00e7e\u015fitli ara\u00e7lar kullanarak videolar\u0131 onarman\u0131n \u00e7e\u015fitli y\u00f6ntemleri [&hellip;]\" \/>\n<meta property=\"og:url\" content=\"https:\/\/howto.ping.fm\/tr\/comprehensive-guide-to-video-repair\/\" \/>\n<meta property=\"og:site_name\" content=\"How To &amp; Best Software\" \/>\n<meta property=\"article:modified_time\" content=\"2024-10-07T09:45:14+00:00\" \/>\n<meta property=\"og:image\" content=\"https:\/\/www.ping.fm\/howto\/wp-content\/uploads\/ai\/Comprehensive-Guide-to-Video-Repair.jpg\" \/>\n<meta name=\"twitter:card\" content=\"summary_large_image\" \/>\n<meta name=\"twitter:label1\" content=\"Est. reading time\" \/>\n\t<meta name=\"twitter:data1\" content=\"7 dakika\" \/>\n<script type=\"application\/ld+json\" class=\"yoast-schema-graph\">{\"@context\":\"https:\/\/schema.org\",\"@graph\":[{\"@type\":\"WebPage\",\"@id\":\"https:\/\/howto.ping.fm\/tr\/comprehensive-guide-to-video-repair\/\",\"url\":\"https:\/\/howto.ping.fm\/tr\/comprehensive-guide-to-video-repair\/\",\"name\":\"Szczeg\u00f3\u0142owa wideo onar\u0131m talimat\u0131\",\"isPartOf\":{\"@id\":\"https:\/\/howto.ping.fm\/tr\/#website\"},\"datePublished\":\"2024-10-03T00:00:00+00:00\",\"dateModified\":\"2024-10-07T09:45:14+00:00\",\"breadcrumb\":{\"@id\":\"https:\/\/howto.ping.fm\/tr\/comprehensive-guide-to-video-repair\/#breadcrumb\"},\"inLanguage\":\"tr\",\"potentialAction\":[{\"@type\":\"ReadAction\",\"target\":[\"https:\/\/howto.ping.fm\/tr\/comprehensive-guide-to-video-repair\/\"]}]},{\"@type\":\"BreadcrumbList\",\"@id\":\"https:\/\/howto.ping.fm\/tr\/comprehensive-guide-to-video-repair\/#breadcrumb\",\"itemListElement\":[{\"@type\":\"ListItem\",\"position\":1,\"name\":\"Home\",\"item\":\"https:\/\/www.ping.fm\/howto\/tr\/\"},{\"@type\":\"ListItem\",\"position\":2,\"name\":\"Video: Kapsaml\u0131 Onar\u0131m Rehberi\"}]},{\"@type\":\"WebSite\",\"@id\":\"https:\/\/howto.ping.fm\/tr\/#website\",\"url\":\"https:\/\/howto.ping.fm\/tr\/\",\"name\":\"How To &amp; Best Software\",\"description\":\"\",\"potentialAction\":[{\"@type\":\"SearchAction\",\"target\":{\"@type\":\"EntryPoint\",\"urlTemplate\":\"https:\/\/howto.ping.fm\/tr\/?s={search_term_string}\"},\"query-input\":\"required name=search_term_string\"}],\"inLanguage\":\"tr\"}]}<\/script>\n<!-- \/ Yoast SEO plugin. -->","yoast_head_json":{"title":"Szczeg\u00f3\u0142owa wideo onar\u0131m talimat\u0131","robots":{"index":"index","follow":"follow","max-snippet":"max-snippet:-1","max-image-preview":"max-image-preview:large","max-video-preview":"max-video-preview:-1"},"canonical":"https:\/\/howto.ping.fm\/tr\/comprehensive-guide-to-video-repair\/","og_locale":"tr_TR","og_type":"article","og_title":"Szczeg\u00f3\u0142owa wideo onar\u0131m talimat\u0131","og_description":"Video Onarma Kapsaml\u0131 Rehberi Video dosyalar\u0131, unutulmaz anlar\u0131, de\u011ferli \u00f6\u011freticileri ve \u00f6nemli olaylar\u0131 kaydeden dijital ya\u015famlar\u0131m\u0131z\u0131n \u00f6nemli bir par\u00e7as\u0131d\u0131r. Bununla birlikte, bozuk, hasar g\u00f6rm\u00fc\u015f veya oynat\u0131lamayan bir video dosyas\u0131yla kar\u015f\u0131la\u015fmak sinir bozucu olabilir. Neyse ki, bu dosyalar\u0131 onarman\u0131n ve i\u015flevselli\u011fini geri getirmenin etkili \u00e7\u00f6z\u00fcmleri bulunmaktad\u0131r. Bu kapsaml\u0131 rehber, \u00e7e\u015fitli ara\u00e7lar kullanarak videolar\u0131 onarman\u0131n \u00e7e\u015fitli y\u00f6ntemleri [&hellip;]","og_url":"https:\/\/howto.ping.fm\/tr\/comprehensive-guide-to-video-repair\/","og_site_name":"How To &amp; Best Software","article_modified_time":"2024-10-07T09:45:14+00:00","og_image":[{"url":"https:\/\/www.ping.fm\/howto\/wp-content\/uploads\/ai\/Comprehensive-Guide-to-Video-Repair.jpg"}],"twitter_card":"summary_large_image","twitter_misc":{"Est. reading time":"7 dakika"},"schema":{"@context":"https:\/\/schema.org","@graph":[{"@type":"WebPage","@id":"https:\/\/howto.ping.fm\/tr\/comprehensive-guide-to-video-repair\/","url":"https:\/\/howto.ping.fm\/tr\/comprehensive-guide-to-video-repair\/","name":"Szczeg\u00f3\u0142owa wideo onar\u0131m talimat\u0131","isPartOf":{"@id":"https:\/\/howto.ping.fm\/tr\/#website"},"datePublished":"2024-10-03T00:00:00+00:00","dateModified":"2024-10-07T09:45:14+00:00","breadcrumb":{"@id":"https:\/\/howto.ping.fm\/tr\/comprehensive-guide-to-video-repair\/#breadcrumb"},"inLanguage":"tr","potentialAction":[{"@type":"ReadAction","target":["https:\/\/howto.ping.fm\/tr\/comprehensive-guide-to-video-repair\/"]}]},{"@type":"BreadcrumbList","@id":"https:\/\/howto.ping.fm\/tr\/comprehensive-guide-to-video-repair\/#breadcrumb","itemListElement":[{"@type":"ListItem","position":1,"name":"Home","item":"https:\/\/www.ping.fm\/howto\/tr\/"},{"@type":"ListItem","position":2,"name":"Video: Kapsaml\u0131 Onar\u0131m Rehberi"}]},{"@type":"WebSite","@id":"https:\/\/howto.ping.fm\/tr\/#website","url":"https:\/\/howto.ping.fm\/tr\/","name":"How To &amp; Best Software","description":"","potentialAction":[{"@type":"SearchAction","target":{"@type":"EntryPoint","urlTemplate":"https:\/\/howto.ping.fm\/tr\/?s={search_term_string}"},"query-input":"required name=search_term_string"}],"inLanguage":"tr"}]}},"_links":{"self":[{"href":"https:\/\/howto.ping.fm\/tr\/wp-json\/wp\/v2\/pages\/24577"}],"collection":[{"href":"https:\/\/howto.ping.fm\/tr\/wp-json\/wp\/v2\/pages"}],"about":[{"href":"https:\/\/howto.ping.fm\/tr\/wp-json\/wp\/v2\/types\/page"}],"replies":[{"embeddable":true,"href":"https:\/\/howto.ping.fm\/tr\/wp-json\/wp\/v2\/comments?post=24577"}],"version-history":[{"count":0,"href":"https:\/\/howto.ping.fm\/tr\/wp-json\/wp\/v2\/pages\/24577\/revisions"}],"wp:attachment":[{"href":"https:\/\/howto.ping.fm\/tr\/wp-json\/wp\/v2\/media?parent=24577"}],"curies":[{"name":"wp","href":"https:\/\/api.w.org\/{rel}","templated":true}]}}