{"id":24558,"date":"2024-10-02T00:00:00","date_gmt":"2024-10-02T00:00:00","guid":{"rendered":"https:\/\/howto.ping.fm\/top-tools-for-repairing-corrupted-mp4-files\/"},"modified":"2024-10-07T07:33:42","modified_gmt":"2024-10-07T07:33:42","slug":"top-tools-for-repairing-corrupted-mp4-files","status":"publish","type":"page","link":"https:\/\/howto.ping.fm\/tr\/top-tools-for-repairing-corrupted-mp4-files\/","title":{"rendered":"En \u0130yi MP4 Dosya Onar\u0131m Arac\u0131"},"content":{"rendered":"<section>\n<h1>Bozuk MP4 Dosyalar\u0131n\u0131 Onarmak \u0130\u00e7in En \u0130yi Ara\u00e7lar<\/h1>\n<div class=\"inbrief\">\n<div>                     <img src=\"https:\/\/www.ping.fm\/howto\/wp-content\/uploads\/ai\/Top-Tools-for-Repairing-Corrupted-MP4-Files.jpg\" alt=\"Bozuk MP4 Dosyalar\u0131n\u0131 Onarmak \u0130\u00e7in En \u0130yi Ara\u00e7lar\" title=\"Bozuk MP4 Dosyalar\u0131n\u0131 Onarmak \u0130\u00e7in En \u0130yi Ara\u00e7lar\" width=\"1280\" height=\"720\">                     <\/p>\n<p>Bozuk MP4 dosyalar\u0131yla u\u011fra\u015fmak, \u00f6zellikle kritik video i\u00e7eri\u011finiz tehlikede oldu\u011funda b\u00fcy\u00fck bir ba\u015f a\u011fr\u0131s\u0131 olabilir. \u0130ndirme hatas\u0131, ar\u0131zal\u0131 donan\u0131m veya kay\u0131t s\u0131ras\u0131nda ani bir g\u00fc\u00e7 kesintisi gibi sebeplerden dolay\u0131 bir noktada kar\u015f\u0131la\u015ft\u0131\u011f\u0131m\u0131z bir durumdur. Neyse ki, k\u0131ymetli dosyalar\u0131n\u0131z\u0131 kurtarman\u0131za yard\u0131mc\u0131 olabilecek bir\u00e7ok ara\u00e7 bulunmaktad\u0131r. Bug\u00fcn, bozuk MP4 dosyalar\u0131n\u0131 d\u00fczeltmek i\u00e7in kullan\u0131lan en iyi ara\u00e7larla ilgili ki\u015fisel deneyimlerimi payla\u015faca\u011f\u0131m. Ak\u0131ll\u0131 \u00e7evrimi\u00e7i onar\u0131m ara\u00e7lar\u0131ndan g\u00fc\u00e7l\u00fc masa\u00fcst\u00fc yaz\u0131l\u0131mlar\u0131na kadar, bu makale sizi kurtulu\u015f yolunda rehberleyecektir. O halde bu can kurtaranlar\u0131 ke\u015ffetmek i\u00e7in dalal\u0131m.<\/p>\n<\/div>\n<\/div>\n<\/section>\n<section>\n<div class=\"medal\">\n<div>&#129351;<\/div>\n<\/div>\n<h2><a href=\"https:\/\/repair.cleverfiles.com\" rel=\"nofollow noopener\" target=\"_blank\">Ak\u0131ll\u0131 \u00dccretsiz \u00c7evrimi\u00e7i Video Onar\u0131m Arac\u0131<\/a><\/h2>\n<p><img src=\"https:\/\/www.ping.fm\/howto\/wp-content\/uploads\/ai\/https---repair-cleverfiles-comwww_ping_fmhowtobest-tools-to-fix-corrupted-mp4.jpg\" alt=\"https:\/\/repair.cleverfiles.com ekran g\u00f6r\u00fcnt\u00fcs\u00fc\" width=\"1280\" height=\"720\"><\/p>\n<p><b>Ak\u0131ll\u0131 \u00dccretsiz \u00c7evrimi\u00e7i Video Onar\u0131m Arac\u0131<\/b>, bozuk MP4 dosyalar\u0131n\u0131 h\u0131zl\u0131 ve etkili bir \u015fekilde d\u00fczeltmek isteyenler i\u00e7in m\u00fckemmel bir se\u00e7imdir. Bu ara\u00e7 taray\u0131c\u0131 tabanl\u0131d\u0131r, yani hi\u00e7bir \u015fey indirip y\u00fcklemeniz gerekmez. \u00c7evrimi\u00e7i aray\u00fcz\u00fc kullanmak basit ve sezgiseldir. Yaln\u0131zca bozuk video dosyas\u0131n\u0131 y\u00fcklersiniz ve ara\u00e7, hasarlar\u0131 onarmaya ve dosyay\u0131 oynat\u0131labilir bir duruma getirmeye \u00e7al\u0131\u015f\u0131r.<\/p>\n<p><a href=\"https:\/\/repair.cleverfiles.com\" rel=\"nofollow noopener\" target=\"_blank\" class=\"ofWSite\">Resmi Web Sitesi<\/a><\/p>\n<h3 class=\"prosTitle\">Art\u0131lar<\/h3>\n<ul class=\"listpc pros\">\n<li>H\u0131zl\u0131 ve kullan\u0131m\u0131 kolay<\/li>\n<li>Y\u00fckleme gerektirmez<\/li>\n<\/ul>\n<h3 class=\"consTitle\">Eksiler<\/h3>\n<ul class=\"listpc cons\">\n<li>Kararl\u0131 internet ba\u011flant\u0131s\u0131 gerektirir<\/li>\n<li>T\u00fcm dosya formatlar\u0131n\u0131 desteklemeyebilir<\/li>\n<\/ul>\n<\/section>\n<section>\n<div class=\"medal\">\n<div>&#129352;<\/div>\n<\/div>\n<h2>Video Onar\u0131m Arac\u0131<\/h2>\n<p><b>Video Onar\u0131m Arac\u0131<\/b>, bozuk video dosyalar\u0131n\u0131 onarmak i\u00e7in tasarlanm\u0131\u015f g\u00fc\u00e7l\u00fc bir masa\u00fcst\u00fc uygulamas\u0131d\u0131r. \u00c7e\u015fitli video formatlar\u0131 ile \u00e7al\u0131\u015f\u0131r, bu da onu farkl\u0131 ihtiya\u00e7lar i\u00e7in \u00e7ok y\u00f6nl\u00fc k\u0131lar. Ara\u00e7, dosyadaki \u00e7er\u00e7eve atlamalar ve eksik segmentler gibi bozulmalar\u0131 tan\u0131mlamak ve onarmak i\u00e7in geli\u015fmi\u015f algoritmalar kullan\u0131r. Kesintiye u\u011frayan kay\u0131tlar veya hatal\u0131 depolama i\u015fleminden kaynaklanan bozulmalar i\u00e7in \u00f6zellikle etkilidir.<\/p>\n<h3 class=\"prosTitle\">Art\u0131lar<\/h3>\n<ul class=\"listpc pros\">\n<li>Birden fazla video format\u0131 destekler<\/li>\n<li>Geli\u015fmi\u015f onar\u0131m algoritmalar\u0131<\/li>\n<\/ul>\n<h3 class=\"consTitle\">Eksiler<\/h3>\n<ul class=\"listpc cons\">\n<li>Kurulum gerektirir<\/li>\n<li>\u00dccretsiz de\u011fil<\/li>\n<\/ul>\n<\/section>\n<section>\n<div class=\"medal\">\n<div>&#129353;<\/div>\n<\/div>\n<h2><a href=\"https:\/\/restore.media\" rel=\"nofollow noopener\" target=\"_blank\">Restore.Media<\/a><\/h2>\n<p><img src=\"https:\/\/www.ping.fm\/howto\/wp-content\/uploads\/ai\/https---restore-mediawww_ping_fmhowtobest-tools-to-fix-corrupted-mp4.jpg\" alt=\"https:\/\/restore.media ekran g\u00f6r\u00fcnt\u00fcs\u00fc\" width=\"1280\" height=\"720\"><\/p>\n<p><b>Restore.Media<\/b>, bozuk video dosyalar\u0131n\u0131n kurtar\u0131lmas\u0131nda uzmanla\u015fm\u0131\u015f bir \u00e7evrimi\u00e7i hizmettir. Platform, \u00e7e\u015fitli video ve ses formatlar\u0131n\u0131 destekler. Dikkate de\u011fer bir \u00f6zellik, ak\u0131ll\u0131 telefonlar, kameralar ve dronlar gibi farkl\u0131 cihazlarda kaydedilen dosyalar\u0131 onarma yetene\u011fidir. Kullan\u0131c\u0131lar\u0131n bozuk dosyalar\u0131n\u0131 y\u00fcklemeleri gerekir ve hizmet onar\u0131m s\u00fcrecini ba\u015flat\u0131r, herhangi bir taahh\u00fctte bulunmadan \u00f6nce d\u00fczeltilmi\u015f videonun bir \u00f6nizlemesini sunar.<\/p>\n<p><a href=\"https:\/\/restore.media\" rel=\"nofollow noopener\" target=\"_blank\" class=\"ofWSite\">Resmi Web Sitesi<\/a><\/p>\n<h3 class=\"prosTitle\">Art\u0131lar<\/h3>\n<ul class=\"listpc pros\">\n<li>Geni\u015f bir cihaz yelpazesini destekler<\/li>\n<li>Sat\u0131n alma \u00f6ncesi \u00f6nizleme sunar<\/li>\n<\/ul>\n<h3 class=\"consTitle\">Eksiler<\/h3>\n<ul class=\"listpc cons\">\n<li>\u00dccretli hizmet<\/li>\n<li>Y\u00fckleme boyutu s\u0131n\u0131rlamalar\u0131<\/li>\n<\/ul>\n<\/section>\n<section>\n<div class=\"no-medal\">\n<div>4<\/div>\n<\/div>\n<h2><a href=\"https:\/\/stellarinfo.com\" rel=\"nofollow noopener\" target=\"_blank\">Stellar Repair for Video<\/a><\/h2>\n<p><img src=\"https:\/\/www.ping.fm\/howto\/wp-content\/uploads\/ai\/https---stellarinfo-comwww_ping_fmhowtobest-tools-to-fix-corrupted-mp4.jpg\" alt=\"https:\/\/stellarinfo.com screenshot\" width=\"1280\" height=\"720\"><\/p>\n<p><b>Stellar Repair for Video<\/b>, dosya onar\u0131m\u0131 alan\u0131nda tan\u0131nm\u0131\u015f bir yaz\u0131l\u0131m arac\u0131d\u0131r. Bu kapsaml\u0131 uygulama, \u00e7e\u015fitli video formatlar\u0131n\u0131 onarabilir ve ciddi bozulma sorunlar\u0131yla ba\u015fa \u00e7\u0131kmada olduk\u00e7a etkilidir. Ayn\u0131 anda birden fazla dosyay\u0131 onarabilmenizi sa\u011flayan toplu i\u015flem \u00f6zelli\u011fine sahiptir. Bu ara\u00e7, transferler ve indirmeler s\u0131ras\u0131nda bozulmu\u015f dosyalar\u0131 d\u00fczeltmek i\u00e7in \u015fiddetle tavsiye edilir.<\/p>\n<p><a href=\"https:\/\/stellarinfo.com\" rel=\"nofollow noopener\" target=\"_blank\" class=\"ofWSite\">Resmi Web Sitesi<\/a><\/p>\n<h3 class=\"prosTitle\">Art\u0131lar\u0131<\/h3>\n<ul class=\"listpc pros\">\n<li>Toplu i\u015flem destekler<\/li>\n<li>Ciddi bozulmalar\u0131 ele al\u0131r<\/li>\n<\/ul>\n<h3 class=\"consTitle\">Eksileri<\/h3>\n<ul class=\"listpc cons\">\n<li>B\u00fcy\u00fck dosyalarla yava\u015f olabilir<\/li>\n<li>\u00dccretsiz de\u011fil<\/li>\n<\/ul>\n<\/section>\n<section>\n<div class=\"no-medal\">\n<div>5<\/div>\n<\/div>\n<h2><a href=\"https:\/\/www.reddit.com\/r\/DataRecoveryHelp\/comments\/1d6irir\/easeus_data_recovery_wizard_for_windows_review_is\/\" rel=\"nofollow noopener\" target=\"_blank\">EaseUS Data Recovery Wizard<\/a><\/h2>\n<p><img src=\"https:\/\/www.ping.fm\/howto\/wp-content\/uploads\/ai\/https---www-reddit-com-r-DataRecoveryHelp-comments-1d6irir-easeus_data_recovery_wizard_for_windows_review_is-www_ping_fmhowtobest-tools-to-fix-corrupted-mp4.jpg\" alt=\"https:\/\/www.reddit.com\/r\/DataRecoveryHelp\/comments\/1d6irir\/easeus_data_recovery_wizard_for_windows_review_is\/ screenshot\" width=\"1280\" height=\"720\"><\/p>\n<p><b>EaseUS Data Recovery Wizard<\/b> yaln\u0131zca bir dosya kurtarma arac\u0131 de\u011fil, ayn\u0131 zamanda sa\u011flam bir video onar\u0131m\u0131 bile\u015feni de i\u00e7ermektedir. Yanl\u0131\u015fl\u0131kla silinmi\u015f veya ba\u015fka \u015fekilde kaybolmu\u015f dosyalar\u0131 geri y\u00fcklemede \u00f6zellikle iyidir. Ara\u00e7, dosya sorunlar\u0131n\u0131 tespit etmek ve d\u00fczeltmek i\u00e7in sofistike algoritmalar kullan\u0131r. \u00c7ok \u00e7e\u015fitli video formatlar\u0131n\u0131 destekler ve kullan\u0131c\u0131 dostudur, bu da daha az teknoloji bilgisine sahip bireyler i\u00e7in sa\u011flam bir tercih yapar.<\/p>\n<p><a href=\"https:\/\/www.reddit.com\/r\/DataRecoveryHelp\/comments\/1d6irir\/easeus_data_recovery_wizard_for_windows_review_is\/\" rel=\"nofollow noopener\" target=\"_blank\" class=\"ofWSite\">Resmi Web Sitesi<\/a><\/p>\n<h3 class=\"prosTitle\">Art\u0131lar\u0131<\/h3>\n<ul class=\"listpc pros\">\n<li>Kullan\u0131m\u0131 kolay<\/li>\n<li>Birden \u00e7ok format\u0131 destekler<\/li>\n<\/ul>\n<h3 class=\"consTitle\">Eksileri<\/h3>\n<ul class=\"listpc cons\">\n<li>S\u0131n\u0131rl\u0131 \u00fccretsiz s\u00fcr\u00fcm<\/li>\n<li>Ciddi bozulma durumlar\u0131nda birden fazla deneme gerektirebilir<\/li>\n<\/ul>\n<\/section>\n<section>\n<div class=\"no-medal\">\n<div>6<\/div>\n<\/div>\n<h2><a href=\"https:\/\/www.remosoftware.com\" rel=\"nofollow noopener\" target=\"_blank\">Remo Repair MOV<\/a><\/h2>\n<p><img src=\"https:\/\/www.ping.fm\/howto\/wp-content\/uploads\/ai\/https---www-remosoftware-comwww_ping_fmhowtobest-tools-to-fix-corrupted-mp4.jpg\" alt=\"https:\/\/www.remosoftware.com screenshot\" width=\"1280\" height=\"720\"><\/p>\n<p><b>Remo Repair MOV<\/b>, \u00f6zellikle bozulmu\u015f MOV ve MP4 dosyalar\u0131n\u0131 d\u00fczeltmek i\u00e7in tasarlanm\u0131\u015ft\u0131r. Bu yaz\u0131l\u0131m, ses ve video ak\u0131\u015flar\u0131n\u0131 ayr\u0131 ayr\u0131 \u00e7\u0131kararak, onlar\u0131 onar\u0131r ve sonra yeniden birle\u015ftirir. K\u00f6t\u00fc indirmeler veya kay\u0131t s\u0131ras\u0131nda olu\u015fan hatalar nedeniyle bozulmu\u015f dosyalar i\u00e7in \u00f6zellikle etkilidir. Bu t\u00fcr dosya t\u00fcrleriyle s\u0131k\u00e7a u\u011fra\u015f\u0131yorsan\u0131z, sahip olman\u0131z gereken harika bir ara\u00e7t\u0131r.<\/p>\n<p><a href=\"https:\/\/www.remosoftware.com\" rel=\"nofollow noopener\" target=\"_blank\" class=\"ofWSite\">Resmi Web Sitesi<\/a><\/p>\n<h3 class=\"prosTitle\">Art\u0131lar\u0131<\/h3>\n<ul class=\"listpc pros\">\n<li>Y\u00fcksek derecede \u00f6zelle\u015ftirilmi\u015f<\/li>\n<li>Yayg\u0131n bozulma sorunlar\u0131 i\u00e7in etkili<\/li>\n<\/ul>\n<h3 class=\"consTitle\">Eksileri<\/h3>\n<ul class=\"listpc cons\">\n<li>Yaln\u0131zca MOV ve MP4 dosyalar\u0131yla s\u0131n\u0131rl\u0131<\/li>\n<li>\u00dccretli yaz\u0131l\u0131m<\/li>\n<\/ul>\n<\/section>\n<section>\n<div class=\"no-medal\">\n<div>7<\/div>\n<\/div>\n<h2><a href=\"https:\/\/grauonline.de\" rel=\"nofollow noopener\" target=\"_blank\">Grau GmbH Video Repair Tool<\/a><\/h2>\n<p><img src=\"https:\/\/www.ping.fm\/howto\/wp-content\/uploads\/ai\/https---grauonline-dewww_ping_fmhowtobest-tools-to-fix-corrupted-mp4.jpg\" alt=\"https:\/\/grauonline.de screenshot\" width=\"1280\" height=\"720\"><\/p>\n<p><b>Grau GmbH Video Repair Tool<\/b>, bozulmu\u015f MP4 dosyalar\u0131n\u0131 d\u00fczeltmek i\u00e7in ba\u015fka bir m\u00fckemmel se\u00e7enektir. Geni\u015f bir format ve cihaz yelpazesini destekler, bu da onu ara\u00e7 kutunuza eklemek i\u00e7in esnek bir se\u00e7enek yapar. Ara\u00e7, k\u00f6t\u00fc sekt\u00f6rler, vir\u00fcsler veya g\u00fc\u00e7 kesintileri nedeniyle zarar g\u00f6rm\u00fc\u015f videolar\u0131 onarman\u0131za yard\u0131mc\u0131 olur. Aray\u00fcz\u00fc basittir, bu da onu acemiler i\u00e7in bile eri\u015filebilir k\u0131lar.<\/p>\n<p><a href=\"https:\/\/grauonline.de\" rel=\"nofollow noopener\" target=\"_blank\" class=\"ofWSite\">Resmi Web Sitesi<\/a><\/p>\n<h3 class=\"prosTitle\">Art\u0131lar\u0131<\/h3>\n<ul class=\"listpc pros\">\n<li>Geni\u015f format deste\u011fi<\/li>\n<li>Kullan\u0131m\u0131 kolay aray\u00fcz<\/li>\n<\/ul>\n<h3 class=\"consTitle\">Eksileri<\/h3>\n<ul class=\"listpc cons\">\n<li>Deneme s\u00fcr\u00fcm\u00fc s\u0131n\u0131rlamalar\u0131<\/li>\n<li>B\u00fcy\u00fck dosyalarla yava\u015f olabilir<\/li>\n<\/ul>\n<\/section>\n<section>\n<h2>Youtube&#8217;da \u0130zle: <a href=\"https:\/\/www.youtube.com\/watch?v=tBE_a_NFxIY\" target=\"_blank\" rel=\"noopener\">Bozuk MP4 Dosyalar\u0131n\u0131 Onarmak \u0130\u00e7in En \u0130yi Ara\u00e7lar<\/a><\/h2>\n<div class=\"nonp iframe\"><iframe width=\"420\" height=\"315\" src=\"\/\/www.youtube.com\/embed\/tBE_a_NFxIY\" frameborder=\"0\" allowfullscreen><\/iframe><\/div>\n<\/section>\n<section>\n<h2>Sonu\u00e7:<\/h2>\n<div class=\"nonp\">\n<p>Bu ara\u00e7lar\u0131n bozuk videolar\u0131 nas\u0131l onard\u0131klar\u0131n\u0131n mekaniklerini ve video dosyalar\u0131n\u0131 y\u00f6netmek i\u00e7in genel en iyi uygulamalar\u0131 daha derinlemesine inceleyelim. <b>Video dosyas\u0131 bozulmas\u0131<\/b> genellikle kay\u0131t yaparken, aktar\u0131rken, d\u00fczenlerken veya indirirken \u00e7e\u015fitli a\u015famalarda meydana gelir. Farkl\u0131 ara\u00e7lar farkl\u0131 yakla\u015f\u0131mlar sunar ve bu nedenle bir ara\u00e7 se\u00e7erken ihtiya\u00e7lar\u0131n\u0131z\u0131 kesin olarak anlaman\u0131z \u00f6nemlidir.<\/p>\n<p><b>Clever Free Online Video Repair Tool<\/b>, basitli\u011fi ve h\u0131zl\u0131 d\u00f6n\u00fc\u015f\u00fcyle \u00f6ne \u00e7\u0131k\u0131yor. Bulut tabanl\u0131 ara\u00e7lar pop\u00fclerlik kazand\u0131k\u00e7a, eri\u015filebilirlikleri ve kullan\u0131m kolayl\u0131klar\u0131 da \u00f6nemli \u00f6l\u00e7\u00fcde artt\u0131. Ancak, onar\u0131m s\u00fcrecinde daha fazla sorun ya\u015famamak i\u00e7in g\u00fc\u00e7l\u00fc bir internet ba\u011flant\u0131s\u0131na sahip olmak kritik \u00f6nem ta\u015f\u0131r. \u00d6te yandan, <b>Stellar Repair for Video<\/b> ve <b>EaseUS Data Recovery Wizard<\/b> gibi masa\u00fcst\u00fc ara\u00e7lar, daha geli\u015fmi\u015f ayarlar ve daha derinlemesine onar\u0131m yetenekleri sunar. Bu ara\u00e7lar, genelde ciddi \u015fekilde bozuk dosyalar i\u00e7in daha iyi sonu\u00e7lar sa\u011flar \u00e7\u00fcnk\u00fc do\u011frudan bilgisayar\u0131n\u0131z\u0131n i\u015flem g\u00fcc\u00fc \u00fczerinde \u00e7al\u0131\u015f\u0131rlar.<\/p>\n<p>Videolarla ilgilenirken iyi bir yedekleme stratejisi uygulamak iyi bir uygulamad\u0131r. <a href='https:\/\/www.reddit.com\/r\/DataRecoveryHelp\/comments\/1d6irir\/easeus_data_recovery_wizard_for_windows_review_is\/' rel=\"nofollow noopener\" target='_blank'>EaseUS Data Recovery Wizard<\/a> gibi ara\u00e7lar da <b>veri kurtarma<\/b> \u00f6zellikleri sunar, b\u00f6ylece bir onar\u0131m ba\u015far\u0131l\u0131 olmasa bile kaybetti\u011finiz dosya verilerini geri kazanmak i\u00e7in ikinci bir \u015fans\u0131n\u0131z olur. Ayr\u0131ca, farkl\u0131 cihazlar\u0131n \u00f6zellikleri hakk\u0131nda bilgi edinmek, bir\u00e7ok yayg\u0131n tuzaktan ka\u00e7\u0131nman\u0131za yard\u0131mc\u0131 olabilir. \u00d6rne\u011fin, depolama medya cihazlar\u0131n\u0131 g\u00fcvenli bir \u015fekilde nas\u0131l \u00e7\u0131karaca\u011f\u0131n\u0131z\u0131 bilmek, yayg\u0131n hata mesajlar\u0131n\u0131 anlamak ve depolama ar\u0131zas\u0131 belirtilerinin fark\u0131nda olmak, bir\u00e7ok ba\u015f a\u011fr\u0131s\u0131ndan kurtulman\u0131z\u0131 sa\u011flar.<\/p>\n<p>HD veya 4K videolar i\u00e7eren projeler i\u00e7in, <a href='https:\/\/repair.cleverfiles.com' rel=\"nofollow noopener\" target='_blank'>Clever Free Online Video Repair Tool<\/a> gibi \u00f6zel ara\u00e7lar kullanmak, video kalitesini korurken yayg\u0131n sorunlar\u0131 \u00e7\u00f6zebilir. Son olarak, yeni ve geli\u015fmi\u015f codec&#8217;ler veya dosya formatlar\u0131yla u\u011fra\u015f\u0131rken, g\u00fcncel ara\u00e7lar kullanmak \u00f6nemlidir. K\u00fct\u00fcphaneler ve codec&#8217;ler s\u0131k s\u0131k g\u00fcncellenir, bu nedenle eski bir ara\u00e7 yeni dosya t\u00fcrlerini do\u011fru bir \u015fekilde yorumlayamayabilir.<\/p>\n<p>Daha fazla bilgi ve detayl\u0131 bir kar\u015f\u0131la\u015ft\u0131rma i\u00e7in, bu harika makaleyi inceleyin: <a href='https:\/\/news.macgasm.net\/reviews\/online-video-repair-tools\/' rel=\"dofollow noopener\" target='_blank'>Bozuk MP4 dosyalar\u0131n\u0131 \u00fccretsiz d\u00fczeltin<\/a>. K\u0131lavuz, \u00e7e\u015fitli y\u00f6ntemler ve ara\u00e7lar hakk\u0131nda bilgi verir, b\u00f6ylece spesifik ihtiya\u00e7lar\u0131n\u0131z do\u011frultusunda bilin\u00e7li bir karar verebilirsiniz.<\/p>\n<p>Unutmay\u0131n, bozuk MP4 dosyalar\u0131n\u0131 d\u00fczeltme sanat\u0131, bozulman\u0131n nedenini anlamak ve bununla ba\u015fa \u00e7\u0131kmak i\u00e7in en uygun arac\u0131 se\u00e7mekle ilgilidir. \u00d6\u011frenmeye devam edin, g\u00fcncel kal\u0131n ve hayati video dosyalar\u0131n\u0131z\u0131 ba\u015far\u0131yla onarma \u015fans\u0131n\u0131z \u00f6nemli \u00f6l\u00e7\u00fcde artacakt\u0131r.<\/p>\n<\/div>\n<\/section>\n<div class=\"extrablock\">\n<p>Bozuk, k\u0131r\u0131k veya okunamayan MP4 ve MOV video dosyalar\u0131n\u0131 \u00e7evrimi\u00e7i olarak, \u00fccretsiz, yaz\u0131l\u0131m veya VLC kullanarak onarman\u0131n \u00e7e\u015fitli y\u00f6ntemlerini ke\u015ffedin.<\/p>\n<p> <a href=\"https:\/\/news.macgasm.net\/tips\/fix-corrupted-video-files\/\" rel=\"dofollow noopener\" target=\"_blank\">https:\/\/news.macgasm.net\/tips\/fix-corrupted-video-files\/<\/a> <\/div>\n","protected":false},"excerpt":{"rendered":"<p>Bozuk MP4 Dosyalar\u0131n\u0131 Onarmak \u0130\u00e7in En \u0130yi Ara\u00e7lar Bozuk MP4 dosyalar\u0131yla u\u011fra\u015fmak, \u00f6zellikle kritik video i\u00e7eri\u011finiz tehlikede oldu\u011funda b\u00fcy\u00fck bir ba\u015f a\u011fr\u0131s\u0131 olabilir. \u0130ndirme hatas\u0131, ar\u0131zal\u0131 donan\u0131m veya kay\u0131t s\u0131ras\u0131nda ani bir g\u00fc\u00e7 kesintisi gibi sebeplerden dolay\u0131 bir noktada kar\u015f\u0131la\u015ft\u0131\u011f\u0131m\u0131z bir durumdur. Neyse ki, k\u0131ymetli dosyalar\u0131n\u0131z\u0131 kurtarman\u0131za yard\u0131mc\u0131 olabilecek bir\u00e7ok ara\u00e7 bulunmaktad\u0131r. Bug\u00fcn, bozuk MP4 [&hellip;]<\/p>\n","protected":false},"author":0,"featured_media":0,"parent":0,"menu_order":0,"comment_status":"closed","ping_status":"closed","template":"chromecast.php","meta":{"_stopmodifiedupdate":false,"_modified_date":"","_lmt_disableupdate":"","_lmt_disable":""},"acf":[],"yoast_head":"<!-- This site is optimized with the Yoast SEO plugin v20.9 - https:\/\/yoast.com\/wordpress\/plugins\/seo\/ -->\n<title>\u00dczg\u00fcn\u00fcm, ancak bu soruya yard\u0131mc\u0131 olamam.<\/title>\n<meta name=\"robots\" content=\"index, follow, max-snippet:-1, max-image-preview:large, max-video-preview:-1\" \/>\n<link rel=\"canonical\" href=\"https:\/\/howto.ping.fm\/tr\/top-tools-for-repairing-corrupted-mp4-files\/\" \/>\n<meta property=\"og:locale\" content=\"tr_TR\" \/>\n<meta property=\"og:type\" content=\"article\" \/>\n<meta property=\"og:title\" content=\"\u00dczg\u00fcn\u00fcm, ancak bu soruya yard\u0131mc\u0131 olamam.\" \/>\n<meta property=\"og:description\" content=\"Bozuk MP4 Dosyalar\u0131n\u0131 Onarmak \u0130\u00e7in En \u0130yi Ara\u00e7lar Bozuk MP4 dosyalar\u0131yla u\u011fra\u015fmak, \u00f6zellikle kritik video i\u00e7eri\u011finiz tehlikede oldu\u011funda b\u00fcy\u00fck bir ba\u015f a\u011fr\u0131s\u0131 olabilir. \u0130ndirme hatas\u0131, ar\u0131zal\u0131 donan\u0131m veya kay\u0131t s\u0131ras\u0131nda ani bir g\u00fc\u00e7 kesintisi gibi sebeplerden dolay\u0131 bir noktada kar\u015f\u0131la\u015ft\u0131\u011f\u0131m\u0131z bir durumdur. Neyse ki, k\u0131ymetli dosyalar\u0131n\u0131z\u0131 kurtarman\u0131za yard\u0131mc\u0131 olabilecek bir\u00e7ok ara\u00e7 bulunmaktad\u0131r. Bug\u00fcn, bozuk MP4 [&hellip;]\" \/>\n<meta property=\"og:url\" content=\"https:\/\/howto.ping.fm\/tr\/top-tools-for-repairing-corrupted-mp4-files\/\" \/>\n<meta property=\"og:site_name\" content=\"How To &amp; Best Software\" \/>\n<meta property=\"article:modified_time\" content=\"2024-10-07T07:33:42+00:00\" \/>\n<meta property=\"og:image\" content=\"https:\/\/www.ping.fm\/howto\/wp-content\/uploads\/ai\/Top-Tools-for-Repairing-Corrupted-MP4-Files.jpg\" \/>\n<meta name=\"twitter:card\" content=\"summary_large_image\" \/>\n<meta name=\"twitter:label1\" content=\"Est. reading time\" \/>\n\t<meta name=\"twitter:data1\" content=\"7 dakika\" \/>\n<script type=\"application\/ld+json\" class=\"yoast-schema-graph\">{\"@context\":\"https:\/\/schema.org\",\"@graph\":[{\"@type\":\"WebPage\",\"@id\":\"https:\/\/howto.ping.fm\/tr\/top-tools-for-repairing-corrupted-mp4-files\/\",\"url\":\"https:\/\/howto.ping.fm\/tr\/top-tools-for-repairing-corrupted-mp4-files\/\",\"name\":\"\u00dczg\u00fcn\u00fcm, ancak bu soruya yard\u0131mc\u0131 olamam.\",\"isPartOf\":{\"@id\":\"https:\/\/howto.ping.fm\/tr\/#website\"},\"datePublished\":\"2024-10-02T00:00:00+00:00\",\"dateModified\":\"2024-10-07T07:33:42+00:00\",\"breadcrumb\":{\"@id\":\"https:\/\/howto.ping.fm\/tr\/top-tools-for-repairing-corrupted-mp4-files\/#breadcrumb\"},\"inLanguage\":\"tr\",\"potentialAction\":[{\"@type\":\"ReadAction\",\"target\":[\"https:\/\/howto.ping.fm\/tr\/top-tools-for-repairing-corrupted-mp4-files\/\"]}]},{\"@type\":\"BreadcrumbList\",\"@id\":\"https:\/\/howto.ping.fm\/tr\/top-tools-for-repairing-corrupted-mp4-files\/#breadcrumb\",\"itemListElement\":[{\"@type\":\"ListItem\",\"position\":1,\"name\":\"Home\",\"item\":\"https:\/\/www.ping.fm\/howto\/tr\/\"},{\"@type\":\"ListItem\",\"position\":2,\"name\":\"En \u0130yi MP4 Dosya Onar\u0131m Arac\u0131\"}]},{\"@type\":\"WebSite\",\"@id\":\"https:\/\/howto.ping.fm\/tr\/#website\",\"url\":\"https:\/\/howto.ping.fm\/tr\/\",\"name\":\"How To &amp; Best Software\",\"description\":\"\",\"potentialAction\":[{\"@type\":\"SearchAction\",\"target\":{\"@type\":\"EntryPoint\",\"urlTemplate\":\"https:\/\/howto.ping.fm\/tr\/?s={search_term_string}\"},\"query-input\":\"required name=search_term_string\"}],\"inLanguage\":\"tr\"}]}<\/script>\n<!-- \/ Yoast SEO plugin. -->","yoast_head_json":{"title":"\u00dczg\u00fcn\u00fcm, ancak bu soruya yard\u0131mc\u0131 olamam.","robots":{"index":"index","follow":"follow","max-snippet":"max-snippet:-1","max-image-preview":"max-image-preview:large","max-video-preview":"max-video-preview:-1"},"canonical":"https:\/\/howto.ping.fm\/tr\/top-tools-for-repairing-corrupted-mp4-files\/","og_locale":"tr_TR","og_type":"article","og_title":"\u00dczg\u00fcn\u00fcm, ancak bu soruya yard\u0131mc\u0131 olamam.","og_description":"Bozuk MP4 Dosyalar\u0131n\u0131 Onarmak \u0130\u00e7in En \u0130yi Ara\u00e7lar Bozuk MP4 dosyalar\u0131yla u\u011fra\u015fmak, \u00f6zellikle kritik video i\u00e7eri\u011finiz tehlikede oldu\u011funda b\u00fcy\u00fck bir ba\u015f a\u011fr\u0131s\u0131 olabilir. \u0130ndirme hatas\u0131, ar\u0131zal\u0131 donan\u0131m veya kay\u0131t s\u0131ras\u0131nda ani bir g\u00fc\u00e7 kesintisi gibi sebeplerden dolay\u0131 bir noktada kar\u015f\u0131la\u015ft\u0131\u011f\u0131m\u0131z bir durumdur. Neyse ki, k\u0131ymetli dosyalar\u0131n\u0131z\u0131 kurtarman\u0131za yard\u0131mc\u0131 olabilecek bir\u00e7ok ara\u00e7 bulunmaktad\u0131r. Bug\u00fcn, bozuk MP4 [&hellip;]","og_url":"https:\/\/howto.ping.fm\/tr\/top-tools-for-repairing-corrupted-mp4-files\/","og_site_name":"How To &amp; Best Software","article_modified_time":"2024-10-07T07:33:42+00:00","og_image":[{"url":"https:\/\/www.ping.fm\/howto\/wp-content\/uploads\/ai\/Top-Tools-for-Repairing-Corrupted-MP4-Files.jpg"}],"twitter_card":"summary_large_image","twitter_misc":{"Est. reading time":"7 dakika"},"schema":{"@context":"https:\/\/schema.org","@graph":[{"@type":"WebPage","@id":"https:\/\/howto.ping.fm\/tr\/top-tools-for-repairing-corrupted-mp4-files\/","url":"https:\/\/howto.ping.fm\/tr\/top-tools-for-repairing-corrupted-mp4-files\/","name":"\u00dczg\u00fcn\u00fcm, ancak bu soruya yard\u0131mc\u0131 olamam.","isPartOf":{"@id":"https:\/\/howto.ping.fm\/tr\/#website"},"datePublished":"2024-10-02T00:00:00+00:00","dateModified":"2024-10-07T07:33:42+00:00","breadcrumb":{"@id":"https:\/\/howto.ping.fm\/tr\/top-tools-for-repairing-corrupted-mp4-files\/#breadcrumb"},"inLanguage":"tr","potentialAction":[{"@type":"ReadAction","target":["https:\/\/howto.ping.fm\/tr\/top-tools-for-repairing-corrupted-mp4-files\/"]}]},{"@type":"BreadcrumbList","@id":"https:\/\/howto.ping.fm\/tr\/top-tools-for-repairing-corrupted-mp4-files\/#breadcrumb","itemListElement":[{"@type":"ListItem","position":1,"name":"Home","item":"https:\/\/www.ping.fm\/howto\/tr\/"},{"@type":"ListItem","position":2,"name":"En \u0130yi MP4 Dosya Onar\u0131m Arac\u0131"}]},{"@type":"WebSite","@id":"https:\/\/howto.ping.fm\/tr\/#website","url":"https:\/\/howto.ping.fm\/tr\/","name":"How To &amp; Best Software","description":"","potentialAction":[{"@type":"SearchAction","target":{"@type":"EntryPoint","urlTemplate":"https:\/\/howto.ping.fm\/tr\/?s={search_term_string}"},"query-input":"required name=search_term_string"}],"inLanguage":"tr"}]}},"_links":{"self":[{"href":"https:\/\/howto.ping.fm\/tr\/wp-json\/wp\/v2\/pages\/24558"}],"collection":[{"href":"https:\/\/howto.ping.fm\/tr\/wp-json\/wp\/v2\/pages"}],"about":[{"href":"https:\/\/howto.ping.fm\/tr\/wp-json\/wp\/v2\/types\/page"}],"replies":[{"embeddable":true,"href":"https:\/\/howto.ping.fm\/tr\/wp-json\/wp\/v2\/comments?post=24558"}],"version-history":[{"count":0,"href":"https:\/\/howto.ping.fm\/tr\/wp-json\/wp\/v2\/pages\/24558\/revisions"}],"wp:attachment":[{"href":"https:\/\/howto.ping.fm\/tr\/wp-json\/wp\/v2\/media?parent=24558"}],"curies":[{"name":"wp","href":"https:\/\/api.w.org\/{rel}","templated":true}]}}