{"id":24131,"date":"2024-07-11T00:00:00","date_gmt":"2024-07-11T00:00:00","guid":{"rendered":"https:\/\/www.ping.fm\/howto\/top-tools-for-repairing-corrupted-video-files\/"},"modified":"2024-07-19T09:07:41","modified_gmt":"2024-07-19T09:07:41","slug":"top-tools-for-repairing-corrupted-video-files","status":"publish","type":"page","link":"https:\/\/howto.ping.fm\/tr\/top-tools-for-repairing-corrupted-video-files\/","title":{"rendered":"En \u0130yi Video Dosyas\u0131 Kurtarma Arac\u0131"},"content":{"rendered":"<section>\n<h1>Bozuk Video Dosyalar\u0131n\u0131 Onarmak \u0130\u00e7in En \u0130yi Ara\u00e7lar<\/h1>\n<div class=\"inbrief\">\n<div>                     <img src=\"https:\/\/www.ping.fm\/howto\/wp-content\/uploads\/ai\/Top-Tools-for-Repairing-Corrupted-Video-Files.jpg\" alt=\"Bozuk Video Dosyalar\u0131n\u0131 Onarmak \u0130\u00e7in En \u0130yi Ara\u00e7lar\" title=\"Bozuk Video Dosyalar\u0131n\u0131 Onarmak \u0130\u00e7in En \u0130yi Ara\u00e7lar\" width=\"1280\" height=\"720\">                     <\/p>\n<p>E\u011fer bir <b>bozuk video dosyas\u0131n\u0131n<\/b> hayal k\u0131r\u0131kl\u0131\u011f\u0131yla u\u011fra\u015ft\u0131ysan\u0131z, o de\u011ferli g\u00f6r\u00fcnt\u00fcleri kurtarmaya \u00e7al\u0131\u015fman\u0131n ne kadar zorlu olabilece\u011fini bilirsiniz. \u0130ster ki\u015fisel bir an\u0131, ister \u00f6nemli bir i\u015f projesi ya da kameraya yakalanm\u0131\u015f \u00f6nemli bir an olsun, kay\u0131p devasa g\u00f6r\u00fcnebilir. Neyse ki, de\u011ferli dosyalar\u0131n\u0131z\u0131 kurtarman\u0131za yard\u0131mc\u0131 olabilecek birka\u00e7 <a href='https:\/\/repair.cleverfiles.com' rel=\"nofollow noopener\" target='_blank'>video onar\u0131m hizmeti<\/a> mevcuttur. Bir\u00e7ok se\u00e7enek aras\u0131nda, verimlilikleri, kullan\u0131m kolayl\u0131klar\u0131 ve g\u00fcvenilirlikleri sayesinde \u00f6ne \u00e7\u0131kan baz\u0131 ara\u00e7lar bulunmaktad\u0131r. Kendi deneyimime g\u00f6re, bozuk dosyalar\u0131n\u0131za yeniden hayat verebilecek en iyi \u00fc\u00e7 video onar\u0131m hizmeti \u015funlard\u0131r.<\/p>\n<\/div>\n<\/div>\n<\/section>\n<section>\n<div class=\"medal\">\n<div>&#129351;<\/div>\n<\/div>\n<h2><a href=\"https:\/\/repair.cleverfiles.com\" rel=\"nofollow noopener\" target=\"_blank\">Clever Video Onar\u0131m Arac\u0131<\/a><\/h2>\n<p><img src=\"https:\/\/www.ping.fm\/howto\/wp-content\/uploads\/2024\/07\/file-repair.jpg\" alt=\"https:\/\/repair.cleverfiles.com ekran g\u00f6r\u00fcnt\u00fcs\u00fc\" width=\"1280\" height=\"720\"><\/p>\n<p><b>Clever Video Onar\u0131m Arac\u0131<\/b>, bir <b>bozuk video dosyas\u0131<\/b> ile kar\u015f\u0131la\u015ft\u0131\u011f\u0131m her zaman kulland\u0131\u011f\u0131m ara\u00e7t\u0131r. Kullan\u0131c\u0131 dostudur, verimlidir ve son derece g\u00fcvenilirdir. Bu ara\u00e7, geni\u015f bir format yelpazesini destekler ve basit bir aray\u00fcz sunar, bu sayede teknolojiyle pek ha\u015f\u0131r ne\u015fir olmayan ki\u015filer i\u00e7in bile kolayd\u0131r.<\/p>\n<p><a href=\"https:\/\/repair.cleverfiles.com\" rel=\"nofollow noopener\" target=\"_blank\" class=\"ofWSite\">Resmi Web Sitesi<\/a><\/p>\n<h3 class=\"prosTitle\">Art\u0131lar\u0131<\/h3>\n<ul class=\"listpc pros\">\n<li>%100 \u00dccretsiz Video Onar\u0131m arac\u0131 \u00e7evrimi\u00e7i<\/li>\n<li>Birden fazla video format\u0131n\u0131 destekler<\/li>\n<\/ul>\n<h3 class=\"consTitle\">Eksileri<\/h3>\n<ul class=\"listpc cons\">\n<li>S\u0131n\u0131rl\u0131 \u00fccretsiz s\u00fcr\u00fcm<\/li>\n<li>B\u00fcy\u00fck dosyalar i\u00e7in yava\u015f i\u015flem potansiyeli<\/li>\n<\/ul>\n<\/section>\n<section>\n<div class=\"medal\">\n<div>&#129352;<\/div>\n<\/div>\n<h2><a href=\"https:\/\/fix.video\" rel=\"nofollow noopener\" target=\"_blank\">Fix.Video Arac\u0131<\/a><\/h2>\n<p><img src=\"https:\/\/www.ping.fm\/howto\/wp-content\/uploads\/ai\/https---fix-videowww_ping_fmhowto.jpg\" alt=\"https:\/\/fix.video ekran g\u00f6r\u00fcnt\u00fcs\u00fc\" width=\"1280\" height=\"720\"><\/p>\n<p><b>Fix.Video<\/b>, <b>bozuk video dosyalar\u0131n\u0131<\/b> onarmak i\u00e7in ba\u015fka m\u00fckemmel bir se\u00e7enektir. M\u00fc\u015fteri desteklerinin h\u0131zl\u0131 yan\u0131t vermesi ve h\u0131zl\u0131 onar\u0131m s\u00fcreleri ile tan\u0131n\u0131r. Bu \u00e7evrimi\u00e7i ara\u00e7, video dosyalar\u0131n\u0131z\u0131n kalite kayb\u0131 olmadan geri y\u00fcklendi\u011finden emin olur, bu da onu bir\u00e7ok kullan\u0131c\u0131 i\u00e7in favori yapar.<\/p>\n<p><a href=\"https:\/\/fix.video\" rel=\"nofollow noopener\" target=\"_blank\" class=\"ofWSite\">Resmi Web Sitesi<\/a><\/p>\n<h3 class=\"prosTitle\">Art\u0131lar\u0131<\/h3>\n<ul class=\"listpc pros\">\n<li>H\u0131zl\u0131 onar\u0131m s\u00fcreleri<\/li>\n<li>Harika m\u00fc\u015fteri deste\u011fi<\/li>\n<\/ul>\n<h3 class=\"consTitle\">Eksileri<\/h3>\n<ul class=\"listpc cons\">\n<li>\u0130nternet ba\u011flant\u0131s\u0131 gerektirir<\/li>\n<li>S\u0131n\u0131rl\u0131 \u00fccretsiz onar\u0131m s\u00fcresi<\/li>\n<\/ul>\n<\/section>\n<section>\n<div class=\"medal\">\n<div>&#129353;<\/div>\n<\/div>\n<h2><a href=\"https:\/\/restore.media\" rel=\"nofollow noopener\" target=\"_blank\">Restore.Media<\/a><\/h2>\n<p><img src=\"https:\/\/www.ping.fm\/howto\/wp-content\/uploads\/ai\/https---restore-mediawww_ping_fmhowto.jpg\" alt=\"https:\/\/restore.media screenshot\" width=\"1280\" height=\"720\"><\/p>\n<p><b>Restore.Media<\/b>, <b>bozuk video dosyalar\u0131n\u0131<\/b> d\u00fczeltmek i\u00e7in g\u00fc\u00e7l\u00fc yetenekler sunar. Geli\u015fmi\u015f algoritmalar\u0131 en a\u011f\u0131r \u015fekilde bozulmu\u015f dosyalar\u0131 bile i\u015fleyebilir ve video kurtarma ihtiya\u00e7lar\u0131 i\u00e7in kapsaml\u0131 bir \u00e7\u00f6z\u00fcm sa\u011flar. \u00d6\u011frenme s\u00fcreci biraz zorlu olabilir, ancak sonu\u00e7lar \u00e7abaya de\u011ferdir.<\/p>\n<p><a href=\"https:\/\/restore.media\" rel=\"nofollow noopener\" target=\"_blank\" class=\"ofWSite\">Resmi Web Sitesi<\/a><\/p>\n<h3 class=\"prosTitle\">Art\u0131lar\u0131<\/h3>\n<ul class=\"listpc pros\">\n<li>A\u011f\u0131r bozulmu\u015f dosyalar\u0131 i\u015fleyebilir<\/li>\n<li>Geli\u015fmi\u015f kurtarma algoritmalar\u0131<\/li>\n<\/ul>\n<h3 class=\"consTitle\">Eksileri<\/h3>\n<ul class=\"listpc cons\">\n<li>Yeni kullan\u0131c\u0131lar i\u00e7in \u00f6\u011frenme e\u011frisi<\/li>\n<li>Temel ihtiya\u00e7lar i\u00e7in fazla karma\u015f\u0131k olabilir<\/li>\n<\/ul>\n<\/section>\n<section>\n<div class=\"no-medal\">\n<div>4<\/div>\n<\/div>\n<h2><a href=\"https:\/\/www.stellarinfo.com\" rel=\"nofollow noopener\" target=\"_blank\">Stellar Repair for Video<\/a><\/h2>\n<p><img src=\"https:\/\/www.ping.fm\/howto\/wp-content\/uploads\/ai\/https---www-stellarinfo-comwww_ping_fmhowto.jpg\" alt=\"https:\/\/www.stellarinfo.com screenshot\" width=\"1280\" height=\"720\"><\/p>\n<p><b>Stellar Repair for Video<\/b>, video bozulmalar\u0131n\u0131 ele almak i\u00e7in tasarlanm\u0131\u015f sa\u011flam ve profesyonel d\u00fczeyde bir ara\u00e7t\u0131r. \u00d6zellikle s\u0131k s\u0131k y\u00fcksek kaliteli video dosyalar\u0131yla \u00e7al\u0131\u015fanlar i\u00e7in yararl\u0131d\u0131r. Yaz\u0131l\u0131m \u00e7e\u015fitli formatlar\u0131 destekler ve onar\u0131lan dosyalar\u0131 kaydetmeden \u00f6nce ayr\u0131nt\u0131l\u0131 bir \u00f6nizleme sa\u011flar.<\/p>\n<p><a href=\"https:\/\/www.stellarinfo.com\" rel=\"nofollow noopener\" target=\"_blank\" class=\"ofWSite\">Resmi Web Sitesi<\/a><\/p>\n<h3 class=\"prosTitle\">Art\u0131lar\u0131<\/h3>\n<ul class=\"listpc pros\">\n<li>Profesyonel d\u00fczeyde yaz\u0131l\u0131m<\/li>\n<li>Birka\u00e7 format\u0131 destekler<\/li>\n<\/ul>\n<h3 class=\"consTitle\">Eksileri<\/h3>\n<ul class=\"listpc cons\">\n<li>Pahal\u0131 abonelik planlar\u0131<\/li>\n<li>Kurulum gerektirir<\/li>\n<\/ul>\n<\/section>\n<section>\n<h2>Sonu\u00e7:<\/h2>\n<div class=\"nonp\">\n<p>Hangi arac\u0131 se\u00e7erseniz se\u00e7in, bu <b>video onar\u0131m hizmetlerinin<\/b> nas\u0131l \u00e7al\u0131\u015ft\u0131\u011f\u0131n\u0131 anlamak \u00f6nemlidir. Genellikle, bozuk video dosyas\u0131n\u0131 analiz ederek hasar\u0131n boyutunu belirlerler. Dosyan\u0131n sa\u011flam k\u0131s\u0131mlar\u0131yla \u00e7apraz kontrol yaparak ve sofistike algoritmalar kullanarak bozulmu\u015f b\u00f6l\u00fcmleri yeniden in\u015fa ederler, b\u00f6ylece video yeniden oynat\u0131labilir hale gelir.<\/p>\n<p>Dikkate al\u0131nmas\u0131 gereken \u00f6nemli bir husus, bu ara\u00e7lar\u0131n destekledi\u011fi <b>video dosya formatlar\u0131<\/b> d\u0131r. \u00c7o\u011fu, MP4, AVI ve MOV gibi pop\u00fcler formatlarla uyumludur. Ancak, belirli ara\u00e7lar, \u00f6rne\u011fin <a href='https:\/\/restore.media' rel=\"nofollow noopener\" target='_blank'>Restore.Media<\/a>, daha nadir formatlar\u0131 i\u015fleyebilir ve ayr\u0131nt\u0131l\u0131 kurtarma se\u00e7enekleri sunabilir.<\/p>\n<p>Bu ara\u00e7lar\u0131 de\u011ferlendirirken, bir di\u011fer \u00f6nemli fakt\u00f6r kurtarma oran\u0131d\u0131r. Baz\u0131 ara\u00e7lar k\u00fc\u00e7\u00fck bozulmalar\u0131 onarmada m\u00fckemmel olabilirken, di\u011ferleri <a href='https:\/\/repair.cleverfiles.com' rel=\"dofollow noopener\" target='_blank'>clever video repair<\/a> (Resmi site) gibi ileri d\u00fczey kurtarma algoritmalar\u0131 kullanarak a\u011f\u0131r bozulmalar\u0131 daha iyi bir \u015fekilde ele alabilirler. Bir arac\u0131n etkinli\u011fini \u00f6l\u00e7mek i\u00e7in her zaman incelemeleri ve referanslar\u0131 kontrol edin.<\/p>\n<p>Kullan\u0131c\u0131 aray\u00fcz\u00fc de \u00f6nemlidir. Bir ara\u00e7 g\u00fc\u00e7l\u00fc olabilir, ancak kullan\u0131c\u0131 dostu de\u011filse, bu durum hayal k\u0131r\u0131kl\u0131\u011f\u0131n\u0131 art\u0131rabilir. Neyse ki, <a href='https:\/\/www.stellarinfo.com' rel=\"nofollow noopener\" target='_blank'>Stellar Repair for Video<\/a> gibi ara\u00e7lar, profesyonel d\u00fczeyde \u00f6zellikler sunarken sade bir kullan\u0131c\u0131 aray\u00fcz\u00fcn\u00fc korur.<\/p>\n<p>Bu belirli ara\u00e7lar\u0131n yan\u0131 s\u0131ra, d\u00fczenli yedeklemeler yapma ve y\u00fcksek kaliteli kay\u0131t cihazlar\u0131 kullanma gibi iyi uygulamalar da dosya bozulma riskini azaltmaya yard\u0131mc\u0131 olabilir. Videolar\u0131n\u0131z\u0131 g\u00fcvenli ve g\u00fcvenilir depolama \u00e7\u00f6z\u00fcmlerinde saklad\u0131\u011f\u0131n\u0131zdan ve dosya aktar\u0131mlar\u0131 s\u0131ras\u0131nda kesintilerden ka\u00e7\u0131nd\u0131\u011f\u0131n\u0131zdan emin olun.<\/p>\n<\/div>\n<\/section>\n<div class=\"extrablock\">\n<p>K\u0131ymetli an\u0131lar\u0131n\u0131z\u0131 geri y\u00fcklemek i\u00e7in en iyi video onar\u0131m y\u00f6ntemlerini ke\u015ffedin. K\u0131r\u0131k bir MOV veya bozuk bir MP4&#8217;e sahip olun, rehberimiz en iyi yaz\u0131l\u0131m \u00e7\u00f6z\u00fcmlerini ve kendin yap tekniklerini kaps\u0131yor.<\/p>\n<p>                             <a href=\"https:\/\/www.linkedin.com\/pulse\/how-repair-corrupt-unreadable-mp4-mov-video-files-online-kropachek-bampe\/\" rel=\"dofollow noopener\" target=\"_blank\">https:\/\/www.linkedin.com\/pulse\/how-repair-corrupt-unreadable-mp4-mov-video-files-online-kropachek-bampe\/<\/a>                         <\/div>\n","protected":false},"excerpt":{"rendered":"<p>Bozuk Video Dosyalar\u0131n\u0131 Onarmak \u0130\u00e7in En \u0130yi Ara\u00e7lar E\u011fer bir bozuk video dosyas\u0131n\u0131n hayal k\u0131r\u0131kl\u0131\u011f\u0131yla u\u011fra\u015ft\u0131ysan\u0131z, o de\u011ferli g\u00f6r\u00fcnt\u00fcleri kurtarmaya \u00e7al\u0131\u015fman\u0131n ne kadar zorlu olabilece\u011fini bilirsiniz. \u0130ster ki\u015fisel bir an\u0131, ister \u00f6nemli bir i\u015f projesi ya da kameraya yakalanm\u0131\u015f \u00f6nemli bir an olsun, kay\u0131p devasa g\u00f6r\u00fcnebilir. Neyse ki, de\u011ferli dosyalar\u0131n\u0131z\u0131 kurtarman\u0131za yard\u0131mc\u0131 olabilecek birka\u00e7 video [&hellip;]<\/p>\n","protected":false},"author":0,"featured_media":24132,"parent":0,"menu_order":0,"comment_status":"closed","ping_status":"closed","template":"chromecast.php","meta":{"_stopmodifiedupdate":false,"_modified_date":"","_lmt_disableupdate":"","_lmt_disable":""},"acf":[],"yoast_head":"<!-- This site is optimized with the Yoast SEO plugin v20.9 - https:\/\/yoast.com\/wordpress\/plugins\/seo\/ -->\n<title>Hasarl\u0131 video dosyalar\u0131n\u0131 kurtarma arac\u0131<\/title>\n<meta name=\"robots\" content=\"index, follow, max-snippet:-1, max-image-preview:large, max-video-preview:-1\" \/>\n<link rel=\"canonical\" href=\"https:\/\/howto.ping.fm\/tr\/top-tools-for-repairing-corrupted-video-files\/\" \/>\n<meta property=\"og:locale\" content=\"tr_TR\" \/>\n<meta property=\"og:type\" content=\"article\" \/>\n<meta property=\"og:title\" content=\"Hasarl\u0131 video dosyalar\u0131n\u0131 kurtarma arac\u0131\" \/>\n<meta property=\"og:description\" content=\"Bozuk Video Dosyalar\u0131n\u0131 Onarmak \u0130\u00e7in En \u0130yi Ara\u00e7lar E\u011fer bir bozuk video dosyas\u0131n\u0131n hayal k\u0131r\u0131kl\u0131\u011f\u0131yla u\u011fra\u015ft\u0131ysan\u0131z, o de\u011ferli g\u00f6r\u00fcnt\u00fcleri kurtarmaya \u00e7al\u0131\u015fman\u0131n ne kadar zorlu olabilece\u011fini bilirsiniz. \u0130ster ki\u015fisel bir an\u0131, ister \u00f6nemli bir i\u015f projesi ya da kameraya yakalanm\u0131\u015f \u00f6nemli bir an olsun, kay\u0131p devasa g\u00f6r\u00fcnebilir. Neyse ki, de\u011ferli dosyalar\u0131n\u0131z\u0131 kurtarman\u0131za yard\u0131mc\u0131 olabilecek birka\u00e7 video [&hellip;]\" \/>\n<meta property=\"og:url\" content=\"https:\/\/howto.ping.fm\/tr\/top-tools-for-repairing-corrupted-video-files\/\" \/>\n<meta property=\"og:site_name\" content=\"How To &amp; Best Software\" \/>\n<meta property=\"article:modified_time\" content=\"2024-07-19T09:07:41+00:00\" \/>\n<meta property=\"og:image\" content=\"https:\/\/www.ping.fm\/howto\/wp-content\/uploads\/2024\/07\/Top-Tools-for-Repairing-Corrupted-Video-Files-36.jpg\" \/>\n\t<meta property=\"og:image:width\" content=\"1280\" \/>\n\t<meta property=\"og:image:height\" content=\"731\" \/>\n\t<meta property=\"og:image:type\" content=\"image\/jpeg\" \/>\n<meta name=\"twitter:card\" content=\"summary_large_image\" \/>\n<meta name=\"twitter:label1\" content=\"Est. reading time\" \/>\n\t<meta name=\"twitter:data1\" content=\"4 dakika\" \/>\n<script type=\"application\/ld+json\" class=\"yoast-schema-graph\">{\"@context\":\"https:\/\/schema.org\",\"@graph\":[{\"@type\":\"WebPage\",\"@id\":\"https:\/\/howto.ping.fm\/tr\/top-tools-for-repairing-corrupted-video-files\/\",\"url\":\"https:\/\/howto.ping.fm\/tr\/top-tools-for-repairing-corrupted-video-files\/\",\"name\":\"Hasarl\u0131 video dosyalar\u0131n\u0131 kurtarma arac\u0131\",\"isPartOf\":{\"@id\":\"https:\/\/howto.ping.fm\/tr\/#website\"},\"datePublished\":\"2024-07-11T00:00:00+00:00\",\"dateModified\":\"2024-07-19T09:07:41+00:00\",\"breadcrumb\":{\"@id\":\"https:\/\/howto.ping.fm\/tr\/top-tools-for-repairing-corrupted-video-files\/#breadcrumb\"},\"inLanguage\":\"tr\",\"potentialAction\":[{\"@type\":\"ReadAction\",\"target\":[\"https:\/\/howto.ping.fm\/tr\/top-tools-for-repairing-corrupted-video-files\/\"]}]},{\"@type\":\"BreadcrumbList\",\"@id\":\"https:\/\/howto.ping.fm\/tr\/top-tools-for-repairing-corrupted-video-files\/#breadcrumb\",\"itemListElement\":[{\"@type\":\"ListItem\",\"position\":1,\"name\":\"Home\",\"item\":\"https:\/\/www.ping.fm\/howto\/tr\/\"},{\"@type\":\"ListItem\",\"position\":2,\"name\":\"En \u0130yi Video Dosyas\u0131 Kurtarma Arac\u0131\"}]},{\"@type\":\"WebSite\",\"@id\":\"https:\/\/howto.ping.fm\/tr\/#website\",\"url\":\"https:\/\/howto.ping.fm\/tr\/\",\"name\":\"How To &amp; Best Software\",\"description\":\"\",\"potentialAction\":[{\"@type\":\"SearchAction\",\"target\":{\"@type\":\"EntryPoint\",\"urlTemplate\":\"https:\/\/howto.ping.fm\/tr\/?s={search_term_string}\"},\"query-input\":\"required name=search_term_string\"}],\"inLanguage\":\"tr\"}]}<\/script>\n<!-- \/ Yoast SEO plugin. -->","yoast_head_json":{"title":"Hasarl\u0131 video dosyalar\u0131n\u0131 kurtarma arac\u0131","robots":{"index":"index","follow":"follow","max-snippet":"max-snippet:-1","max-image-preview":"max-image-preview:large","max-video-preview":"max-video-preview:-1"},"canonical":"https:\/\/howto.ping.fm\/tr\/top-tools-for-repairing-corrupted-video-files\/","og_locale":"tr_TR","og_type":"article","og_title":"Hasarl\u0131 video dosyalar\u0131n\u0131 kurtarma arac\u0131","og_description":"Bozuk Video Dosyalar\u0131n\u0131 Onarmak \u0130\u00e7in En \u0130yi Ara\u00e7lar E\u011fer bir bozuk video dosyas\u0131n\u0131n hayal k\u0131r\u0131kl\u0131\u011f\u0131yla u\u011fra\u015ft\u0131ysan\u0131z, o de\u011ferli g\u00f6r\u00fcnt\u00fcleri kurtarmaya \u00e7al\u0131\u015fman\u0131n ne kadar zorlu olabilece\u011fini bilirsiniz. \u0130ster ki\u015fisel bir an\u0131, ister \u00f6nemli bir i\u015f projesi ya da kameraya yakalanm\u0131\u015f \u00f6nemli bir an olsun, kay\u0131p devasa g\u00f6r\u00fcnebilir. Neyse ki, de\u011ferli dosyalar\u0131n\u0131z\u0131 kurtarman\u0131za yard\u0131mc\u0131 olabilecek birka\u00e7 video [&hellip;]","og_url":"https:\/\/howto.ping.fm\/tr\/top-tools-for-repairing-corrupted-video-files\/","og_site_name":"How To &amp; Best Software","article_modified_time":"2024-07-19T09:07:41+00:00","og_image":[{"width":1280,"height":731,"url":"https:\/\/www.ping.fm\/howto\/wp-content\/uploads\/2024\/07\/Top-Tools-for-Repairing-Corrupted-Video-Files-36.jpg","type":"image\/jpeg"}],"twitter_card":"summary_large_image","twitter_misc":{"Est. reading time":"4 dakika"},"schema":{"@context":"https:\/\/schema.org","@graph":[{"@type":"WebPage","@id":"https:\/\/howto.ping.fm\/tr\/top-tools-for-repairing-corrupted-video-files\/","url":"https:\/\/howto.ping.fm\/tr\/top-tools-for-repairing-corrupted-video-files\/","name":"Hasarl\u0131 video dosyalar\u0131n\u0131 kurtarma arac\u0131","isPartOf":{"@id":"https:\/\/howto.ping.fm\/tr\/#website"},"datePublished":"2024-07-11T00:00:00+00:00","dateModified":"2024-07-19T09:07:41+00:00","breadcrumb":{"@id":"https:\/\/howto.ping.fm\/tr\/top-tools-for-repairing-corrupted-video-files\/#breadcrumb"},"inLanguage":"tr","potentialAction":[{"@type":"ReadAction","target":["https:\/\/howto.ping.fm\/tr\/top-tools-for-repairing-corrupted-video-files\/"]}]},{"@type":"BreadcrumbList","@id":"https:\/\/howto.ping.fm\/tr\/top-tools-for-repairing-corrupted-video-files\/#breadcrumb","itemListElement":[{"@type":"ListItem","position":1,"name":"Home","item":"https:\/\/www.ping.fm\/howto\/tr\/"},{"@type":"ListItem","position":2,"name":"En \u0130yi Video Dosyas\u0131 Kurtarma Arac\u0131"}]},{"@type":"WebSite","@id":"https:\/\/howto.ping.fm\/tr\/#website","url":"https:\/\/howto.ping.fm\/tr\/","name":"How To &amp; Best Software","description":"","potentialAction":[{"@type":"SearchAction","target":{"@type":"EntryPoint","urlTemplate":"https:\/\/howto.ping.fm\/tr\/?s={search_term_string}"},"query-input":"required name=search_term_string"}],"inLanguage":"tr"}]}},"_links":{"self":[{"href":"https:\/\/howto.ping.fm\/tr\/wp-json\/wp\/v2\/pages\/24131"}],"collection":[{"href":"https:\/\/howto.ping.fm\/tr\/wp-json\/wp\/v2\/pages"}],"about":[{"href":"https:\/\/howto.ping.fm\/tr\/wp-json\/wp\/v2\/types\/page"}],"replies":[{"embeddable":true,"href":"https:\/\/howto.ping.fm\/tr\/wp-json\/wp\/v2\/comments?post=24131"}],"version-history":[{"count":0,"href":"https:\/\/howto.ping.fm\/tr\/wp-json\/wp\/v2\/pages\/24131\/revisions"}],"wp:featuredmedia":[{"embeddable":true,"href":"https:\/\/howto.ping.fm\/tr\/wp-json\/wp\/v2\/media\/24132"}],"wp:attachment":[{"href":"https:\/\/howto.ping.fm\/tr\/wp-json\/wp\/v2\/media?parent=24131"}],"curies":[{"name":"wp","href":"https:\/\/api.w.org\/{rel}","templated":true}]}}