{"id":23732,"date":"2024-07-17T00:00:00","date_gmt":"2024-07-17T00:00:00","guid":{"rendered":"https:\/\/www.ping.fm\/howto\/how-to-fix-corrupted-mp4-files-detailed-guide\/"},"modified":"2024-07-19T08:47:57","modified_gmt":"2024-07-19T08:47:57","slug":"how-to-fix-corrupted-mp4-files-detailed-guide","status":"publish","type":"page","link":"https:\/\/howto.ping.fm\/tr\/how-to-fix-corrupted-mp4-files-detailed-guide\/","title":{"rendered":"Bozuk MP4 dosyalar\u0131n\u0131 geri y\u00fckleme: Ayr\u0131nt\u0131l\u0131 k\u0131lavuz"},"content":{"rendered":"<section>\n<h1>Bozuk MP4 Dosyalar\u0131n\u0131 Onarma: Detayl\u0131 K\u0131lavuz<\/h1>\n<div class=\"inbrief\">\n<div>                     <img src=\"https:\/\/www.ping.fm\/howto\/wp-content\/uploads\/ai\/How-to-Fix-Corrupted-MP4-Files-Detailed-Guide.jpg\" alt=\"Bozuk MP4 Dosyalar\u0131n\u0131 Onarma: Detayl\u0131 K\u0131lavuz\" title=\"Bozuk MP4 Dosyalar\u0131n\u0131 Onarma: Detayl\u0131 K\u0131lavuz\" width=\"1280\" height=\"720\">                     <\/p>\n<p>Bir MP4 videosunu oynatmaya \u00e7al\u0131\u015ft\u0131\u011f\u0131n\u0131zda dosyan\u0131n bozuk oldu\u011funu ke\u015ffettiyseniz, bu hayal k\u0131r\u0131kl\u0131\u011f\u0131n\u0131 anl\u0131yorsunuzdur. MP4 dosya bozulmas\u0131, kesintiye u\u011frayan indirmeler, yaz\u0131l\u0131m \u00e7\u00f6kmeleri ve dosya aktar\u0131m hatalar\u0131 gibi \u00e7e\u015fitli nedenlerle meydana gelebilir. Neyse ki, bozuk MP4 dosyalar\u0131n\u0131 onarmak i\u00e7in kullanabilece\u011finiz birka\u00e7 y\u00f6ntem vard\u0131r. \u00c7evrimi\u00e7i ara\u00e7lar kullanmaktan masa\u00fcst\u00fc yaz\u0131l\u0131m\u0131 kullanmaya kadar, videolar\u0131n\u0131z\u0131 \u00e7al\u0131\u015f\u0131r duruma getirmenize yard\u0131mc\u0131 olacak \u00e7e\u015fitli \u00e7\u00f6z\u00fcmlerden bahsedece\u011fim. Y\u00fckleme gerektirmeyen g\u00fcvenilir ve basit bir \u00e7\u00f6z\u00fcm olan Clever Free Online Video Repair arac\u0131n\u0131 kullanmak y\u00fcksek derecede \u00f6nerilen bir y\u00f6ntemdir. Bu yaz\u0131, sorunu etkili bir \u015fekilde ele alacak \u00e7e\u015fitli teknikleri kapsayacak.<\/p>\n<\/div>\n<\/div>\n<\/section>\n<section>\n<div>\n<div>1<\/div>\n<h2>Yayg\u0131n Senaryolar:<\/h2>\n<\/div>\n<h3>Kesintiye u\u011frayan indirme &#128246;<\/h3>\n<ul>\n<li>Bir <b>bozuk MP4 dosyas\u0131<\/b> ile kar\u015f\u0131la\u015fman\u0131z\u0131n ba\u015fl\u0131ca nedenlerinden biri, kesintiye u\u011fram\u0131\u015f bir indirmedir. \u0130ndirme i\u015flemi s\u0131ras\u0131nda <b>internet ba\u011flant\u0131n\u0131z<\/b> dengesiz veya koptuysa, <b>video dosyan\u0131z<\/b> tam veya do\u011fru \u015fekilde indirilmeyerek bozulmaya yol a\u00e7abilir.<\/li>\n<\/ul>\n<p>Bunu, internet ba\u011flant\u0131m indirme i\u015flemi ortas\u0131nda kesildi\u011finde ki\u015fisel olarak ya\u015fad\u0131m. Sab\u0131rs\u0131zl\u0131kla bekledi\u011fim MP4 dosyam oynat\u0131lamaz hale geldi ve her a\u00e7maya \u00e7al\u0131\u015ft\u0131\u011f\u0131mda hata mesajlar\u0131 g\u00f6sterdi.<\/p>\n<h3>Yaz\u0131l\u0131m \u00e7\u00f6kmesi &#128165;<\/h3>\n<ul>\n<li>Video dosyalar\u0131n\u0131 kaydederken veya i\u015flerken olu\u015fan bir <b>yaz\u0131l\u0131m \u00e7\u00f6kmesi<\/b> de <b>bozuk bir MP4<\/b> ile sonu\u00e7lanabilir. Bu, genellikle bir hata veya fazla y\u00fcklenme nedeniyle yaz\u0131l\u0131m\u0131n beklenmedik bir \u015fekilde kapanmas\u0131 sonucunda dosyan\u0131n d\u00fczg\u00fcn kaydedilememesi durumunda meydana gelir.<\/li>\n<\/ul>\n<p>Bu \u00f6zel sorun, video d\u00fczenleme oturumlar\u0131 s\u0131ras\u0131nda ba\u015f\u0131ma geldi. Bilgisayar\u0131m ortada \u00e7\u00f6kerdi ve beni yar\u0131 d\u00fczenlenmi\u015f, bozuk bir MP4 dosyas\u0131yla b\u0131rak\u0131rd\u0131.<\/p>\n<h3>Dosya aktar\u0131m hatalar\u0131 &#128679;<\/h3>\n<ul>\n<li>Bir cihazdan di\u011ferine yap\u0131lan <b>dosya aktar\u0131m\u0131 s\u0131ras\u0131nda olu\u015fan hatalar<\/b> da MP4 bozulmas\u0131n\u0131n yayg\u0131n bir nedenidir. Bu, ani ba\u011flant\u0131 kesilmeleri, depolama cihaz\u0131ndaki k\u00f6t\u00fc sekt\u00f6rler veya tamamlanmam\u0131\u015f kopyalama s\u00fcreci nedeniyle olabilir ve oynat\u0131lamaz bir dosyaya yol a\u00e7abilir.<\/li>\n<\/ul>\n<p>Farkl\u0131 depolama medyalar\u0131n\u0131 kullan\u0131rken dosya aktar\u0131m hatalar\u0131 bir\u00e7ok kez kar\u015f\u0131ma \u00e7\u0131kt\u0131. \u00c7o\u011fu zaman, ar\u0131zal\u0131 bir USB kablosu veya beklenmedik ba\u011flant\u0131 kesilmeleri, geri y\u00fcklemem gereken bozuk dosyalara neden oldu.<\/p>\n<\/section>\n<section class=\"stepByStep\">\n<div>\n<div>2<\/div>\n<h2>Ad\u0131m Ad\u0131m K\u0131lavuz. Bozuk Mp4 Fix:<\/h2>\n<\/div>\n<h3>Y\u00f6ntem 1: Clever Free Online Video Repair Tool Kullanarak &#127760;<\/h3>\n<ul>\n<li>Bozuk MP4 dosyalar\u0131n\u0131 \u00fccretsiz olarak onarmak i\u00e7in <a href='https:\/\/repair.cleverfiles.com' rel=\"dofollow noopener\" target='_blank'>Clever Free Online Video Repair arac\u0131n\u0131<\/a> ziyaret edin.<\/li>\n<li>Onarman\u0131z gereken bozuk MP4 dosyas\u0131n\u0131 y\u00fckleyin.<\/li>\n<li>Onar\u0131m s\u00fcrecini ba\u015flatmak i\u00e7in ekrandaki talimatlar\u0131 izleyin.<\/li>\n<li>Arac\u0131n dosyay\u0131 analiz edip onarmas\u0131n\u0131 bekleyin.<\/li>\n<li>S\u00fcre\u00e7 tamamland\u0131ktan sonra onar\u0131lan MP4 dosyas\u0131n\u0131 indirin.<\/li>\n<\/ul>\n<p><b>Not:<\/b> Bu, CleverFiles ekibinin resmi \u00fccretsiz video onar\u0131m arac\u0131d\u0131r ve yaz\u0131l\u0131m indirmeye ihtiya\u00e7 duyulmadan \u00e7evrimi\u00e7i onar\u0131m i\u00e7in son derece g\u00fcvenilirdir.<\/p>\n<p><b>Sonu\u00e7:<\/b> Bu \u00e7evrimi\u00e7i ara\u00e7 son derece kullan\u0131c\u0131 dostu ve verimlidir. Bozuk MP4 dosyalar\u0131n\u0131 onarmaya \u00e7al\u0131\u015f\u0131rken at\u0131lacak m\u00fckemmel bir ilk ad\u0131md\u0131r.<\/p>\n<h3>Y\u00f6ntem 2: VLC Media Player Kullanarak &#127909;<\/h3>\n<ul>\n<li>Bilgisayar\u0131n\u0131zda VLC Media Player&#8217;\u0131 a\u00e7\u0131n.<\/li>\n<li>\u00dcst men\u00fcden &#8216;Medya&#8217;ya gidin ve &#8216;D\u00f6n\u00fc\u015ft\u00fcr\/Kaydet&#8217; se\u00e7ene\u011fine t\u0131klay\u0131n.<\/li>\n<li>A\u00e7\u0131lan Medya penceresinde &#8216;Ekle&#8217;ye t\u0131klay\u0131n ve bozuk MP4 dosyas\u0131n\u0131 se\u00e7in.<\/li>\n<li>Alt taraftaki &#8216;D\u00f6n\u00fc\u015ft\u00fcr\/Kaydet&#8217; se\u00e7ene\u011fine t\u0131klay\u0131n ve uygun dosya format\u0131 ile konumunu se\u00e7in.<\/li>\n<li>Dosyadaki k\u00fc\u00e7\u00fck bozulmalar\u0131 onarabilecek olan d\u00f6n\u00fc\u015ft\u00fcrme s\u00fcrecini ba\u015flatmak i\u00e7in &#8216;Ba\u015flat&#8217;a t\u0131klay\u0131n.<\/li>\n<\/ul>\n<p><b>Not:<\/b> VLC Media Player \u00fccretsiz olarak mevcuttur ve bir\u00e7ok format\u0131 desteklemektedir, bu da onu video onar\u0131m\u0131 i\u00e7in \u00e7ok y\u00f6nl\u00fc bir ara\u00e7 yapar.<\/p>\n<p><b>Sonu\u00e7:<\/b> VLC, bozuk dosyalar\u0131 onarmak i\u00e7in \u00f6zel olarak tasarlanmam\u0131\u015f olsa da, d\u00f6n\u00fc\u015ft\u00fcrme \u00f6zelli\u011fi bazen k\u00fc\u00e7\u00fck sorunlar\u0131 \u00e7\u00f6zebilir.<\/p>\n<h3>Y\u00f6ntem 3: Stellar Repair for Video Kullanarak &#128736;<\/h3>\n<ul>\n<li>Resmi web sitesinden Stellar Repair for Video&#8217;yu indirin ve y\u00fckleyin.<\/li>\n<li>Yaz\u0131l\u0131m\u0131 ba\u015flat\u0131n ve bozuk MP4 dosyas\u0131n\u0131 y\u00fcklemek i\u00e7in &#8216;Dosya Ekle&#8217;ye t\u0131klay\u0131n.<\/li>\n<li>Onar\u0131m s\u00fcrecini ba\u015flatmak i\u00e7in &#8216;Onar&#8217;a t\u0131klay\u0131n.<\/li>\n<li>Sorunlar\u0131n giderildi\u011finden emin olmak i\u00e7in onar\u0131lan videoyu \u00f6nizleyin.<\/li>\n<li>Onar\u0131lan video dosyas\u0131n\u0131 istedi\u011finiz konuma kaydedin.<\/li>\n<\/ul>\n<p><b>Not:<\/b> Stellar Repair for Video \u00fccretli bir yaz\u0131l\u0131md\u0131r ancak s\u0131n\u0131rl\u0131 i\u015flevsellik ile \u00fccretsiz deneme sunar.<\/p>\n<p><b>Sonu\u00e7:<\/b> Bu ara\u00e7, \u015fiddetli bozulma sorunlar\u0131 i\u00e7in son derece etkilidir, ancak \u00fccretsiz \u00e7\u00f6z\u00fcmlerle k\u0131yasland\u0131\u011f\u0131nda bir maliyeti vard\u0131r.<\/p>\n<h3>Y\u00f6ntem 4: Yodot MOV Repair Tool Kullanarak &#127902;<\/h3>\n<ul>\n<li>Yodot MOV Repair Tool&#8217;u indirin ve y\u00fckleyin.<\/li>\n<li>Uygulamay\u0131 a\u00e7\u0131n ve bozuk MP4 dosyas\u0131n\u0131 se\u00e7mek i\u00e7in &#8216;G\u00f6zat&#8217;a t\u0131klay\u0131n.<\/li>\n<li>Onar\u0131m s\u00fcrecini ba\u015flatmak i\u00e7in &#8216;Onar&#8217;a t\u0131klay\u0131n.<\/li>\n<li>Yaz\u0131l\u0131m\u0131n dosyay\u0131 analiz edip onarmas\u0131n\u0131 bekleyin.<\/li>\n<li>Onar\u0131lan dosyay\u0131 bilgisayar\u0131n\u0131za \u00f6nizleyip kaydedin.<\/li>\n<\/ul>\n<p><b>Not:<\/b> MOV Repair Tool olarak adland\u0131r\u0131lsa da, bu yaz\u0131l\u0131m MP4 dosya onar\u0131m\u0131 da destekler.<\/p>\n<p><b>Sonu\u00e7:<\/b> Yodot MOV Repair Tool, video dosyalar\u0131n\u0131, \u00f6zellikle MP4 dosyalar\u0131n\u0131 onarmak i\u00e7in etkili ve \u00f6zel olarak tasarlanm\u0131\u015ft\u0131r.<\/p>\n<h3>Y\u00f6ntem 5: DivFix++ Kullanarak &#9881;<\/h3>\n<ul>\n<li>Resmi web sitesinden DivFix++&#8217;\u0131 indirin ve y\u00fckleyin.<\/li>\n<li>DivFix++&#8217;\u0131 a\u00e7\u0131n ve bozuk MP4 dosyas\u0131n\u0131 y\u00fcklemek i\u00e7in &#8216;Dosya Ekle&#8217;ye t\u0131klay\u0131n.<\/li>\n<li>Dosyadaki bozukluklar\u0131 taramak i\u00e7in &#8216;Hatalar\u0131 Kontrol Et&#8217;e t\u0131klay\u0131n.<\/li>\n<li>Onar\u0131m s\u00fcrecini ba\u015flatmak i\u00e7in &#8216;Onar&#8217;a t\u0131klay\u0131n.<\/li>\n<li>S\u00fcre\u00e7 tamamland\u0131\u011f\u0131nda, sabitlenen MP4 dosyas\u0131n\u0131 tercih edilen konumunuza kaydedin.<\/li>\n<\/ul>\n<p><b>Not:<\/b> DivFix++ bozuk video dosyalar\u0131n\u0131 d\u00fczeltmek i\u00e7in \u00f6zel olarak tasarlanm\u0131\u015f basit bir ara\u00e7t\u0131r.<\/p>\n<p><b>Sonu\u00e7:<\/b> Eski bir aray\u00fcze sahip olmas\u0131na ra\u011fmen, DivFix++ etkili ve video dosyas\u0131 tamiri i\u00e7in \u00fccretsizdir.<\/p>\n<h3>Y\u00f6ntem 6: Digital Video Repair Kullanarak &#128295;<\/h3>\n<ul>\n<li>Resmi web sitesinden Digital Video Repair yaz\u0131l\u0131m\u0131n\u0131 indirin ve y\u00fckleyin.<\/li>\n<li>Yaz\u0131l\u0131m\u0131 ba\u015flat\u0131n ve bozuk MP4 dosyas\u0131n\u0131 se\u00e7mek i\u00e7in &#8216;Girdi Dosyas\u0131&#8217;na t\u0131klay\u0131n.<\/li>\n<li>Dosyan\u0131n analiz edilip onar\u0131lmas\u0131na ba\u015flamak i\u00e7in &#8216;Kontrol Et &#038; Onar&#8217;a t\u0131klay\u0131n.<\/li>\n<li>Onar\u0131m s\u00fcrecinin tamamlanmas\u0131n\u0131 bekleyin.<\/li>\n<li>Sorunlar\u0131n giderildi\u011finden emin olduktan sonra onar\u0131lan dosyay\u0131 kaydedin.<\/li>\n<\/ul>\n<p><b>Not:<\/b> Digital Video Repair kullan\u0131c\u0131 dostudur ve k\u00fc\u00e7\u00fck bozulmalar i\u00e7in basit \u00e7\u00f6z\u00fcmler sunar.<\/p>\n<p><b>Sonu\u00e7:<\/b> Bu ara\u00e7 basit ve h\u0131zl\u0131 onar\u0131mlar i\u00e7in harikad\u0131r, ancak daha karma\u015f\u0131k bozulma sorunlar\u0131n\u0131 ele alamayabilir.<\/p>\n<h3>Y\u00f6ntem 7: Remo Repair MOV Kullanarak &#128736;<\/h3>\n<ul>\n<li>Resmi siteden Remo Repair MOV&#8217;u indirin ve y\u00fckleyin.<\/li>\n<li>Yaz\u0131l\u0131m\u0131 \u00e7al\u0131\u015ft\u0131r\u0131n ve bozuk MP4 dosyan\u0131z\u0131 y\u00fcklemek i\u00e7in &#8216;Dosya Se\u00e7&#8217;e t\u0131klay\u0131n.<\/li>\n<li>Dosyay\u0131 onarmaya ba\u015flamak i\u00e7in &#8216;Onar&#8217;a t\u0131klay\u0131n.<\/li>\n<li>Onar\u0131lan dosyan\u0131n sorunlar\u0131n\u0131n giderildi\u011finden emin olmak i\u00e7in \u00f6nizleyin.<\/li>\n<li>Onar\u0131lan videoyu bilgisayar\u0131n\u0131za kaydedin.<\/li>\n<\/ul>\n<p><b>Not:<\/b> Remo Repair MOV olarak adland\u0131r\u0131lmas\u0131na ra\u011fmen, yaz\u0131l\u0131m MP4 dosya onar\u0131m\u0131n\u0131 da destekler.<\/p>\n<p><b>Sonu\u00e7:<\/b> Remo Repair MOV etkilidir ancak bir maliyeti vard\u0131r. Dosyalar\u0131 tamir etmedeki hassasiyeti \u00f6deme yapmaya istekli olanlar i\u00e7in bir avantaj olabilir.<\/p>\n<\/section>\n<section>\n<div>\n<div>3<\/div>\n<h2>\u00d6nlemler ve \u0130pu\u00e7lar\u0131:<\/h2>\n<\/div>\n<h3>MP4 Bozulmas\u0131n\u0131 \u00d6nlemek \u0130\u00e7in En \u0130yi Uygulamalar &#128683;<\/h3>\n<ul>\n<li>Dosya indirirken kesintileri \u00f6nlemek i\u00e7in her zaman <b>kararl\u0131 bir \u0130nternet ba\u011flant\u0131n\u0131z<\/b> oldu\u011fundan emin olun.<\/li>\n<li>\u00c7\u00f6kme olas\u0131l\u0131\u011f\u0131n\u0131 azaltmak i\u00e7in <b>video i\u015fleme<\/b> ve kay\u0131t yaz\u0131l\u0131m\u0131n\u0131z\u0131 d\u00fczenli olarak g\u00fcncelleyin.<\/li>\n<li>Bozulma riskini en aza indirmek i\u00e7in dosya aktar\u0131mlar\u0131nda g\u00fcvenilir ve hasars\u0131z <b>depolama medyas\u0131<\/b> kullan\u0131n.<\/li>\n<li>Her zaman harici depolama cihazlar\u0131n\u0131 g\u00fcvenli bir \u015fekilde <b>\u00e7\u0131kart\u0131n<\/b> ki dosya aktar\u0131mlar\u0131 s\u0131ras\u0131nda ani kesintiler ya\u015fanmas\u0131n.<\/li>\n<\/ul>\n<p>Bu <b>\u00f6nleyici tedbirleri<\/b> takip etmek, bozulmu\u015f bir MP4 dosyas\u0131yla kar\u015f\u0131la\u015fma \u015fans\u0131n\u0131z\u0131 \u00f6nemli \u00f6l\u00e7\u00fcde azaltabilir. G\u00fcvenilir \u0130nternet ve g\u00fcncellenmi\u015f yaz\u0131l\u0131m kullanmak, video dosyalar\u0131n\u0131z\u0131n b\u00fct\u00fcnl\u00fc\u011f\u00fcn\u00fc korumak i\u00e7in hayati \u00f6neme sahiptir. Ayr\u0131ca, depolama cihazlar\u0131n\u0131 dikkatli bir \u015fekilde kullanmak, fiziksel hasar ve veri bozulmas\u0131n\u0131 \u00f6nleyebilir.<\/p>\n<h3>D\u00fczenli Yedeklemeler &#128230;<\/h3>\n<ul>\n<li>\u00d6nemli video dosyalar\u0131n\u0131 her zaman birden fazla yere <b>yedekleyin<\/b>.<\/li>\n<li>Ek g\u00fcvenlik i\u00e7in Google Drive veya Dropbox gibi <b>bulut depolama \u00e7\u00f6z\u00fcmleri<\/b> kullan\u0131n.<\/li>\n<li>En son dosyalar\u0131n her zaman kaydedilmesini sa\u011flamak i\u00e7in programl\u0131 yedeklemeler yap\u0131n.<\/li>\n<li><b>Otomatik \u00e7\u00f6z\u00fcmler<\/b> i\u00e7in yedekleme yaz\u0131l\u0131m\u0131 kullanmay\u0131 d\u00fc\u015f\u00fcn\u00fcn.<\/li>\n<\/ul>\n<p>D\u00fczenli yedeklemeler, \u00f6nemli video dosyalar\u0131n\u0131z\u0131n g\u00fcvenli\u011fini sa\u011flamak i\u00e7in temel bir uygulamad\u0131r. Bulut depolama \u00e7\u00f6z\u00fcmlerinden yararlanmak ekstra bir g\u00fcvenlik katman\u0131 sunar. Dosyalar\u0131 d\u00fczenli olarak yedeklemek, ister elle ister otomatik yaz\u0131l\u0131m arac\u0131l\u0131\u011f\u0131yla olsun, dosya bozulmas\u0131 veya kayb\u0131 durumunda sizi b\u00fcy\u00fck bir s\u0131k\u0131nt\u0131dan kurtarabilir.<\/p>\n<\/section>\n<section>\n<div>\n<div>4<\/div>\n<h2>Ek Bilgiler<\/h2>\n<\/div>\n<p>MP4 dosya bozulmas\u0131 can s\u0131k\u0131c\u0131 bir sorun olabilir, ancak \u00e7e\u015fitli \u00e7\u00f6z\u00fcmler ve \u00f6nleyici tedbirler bu sorunu hafifletmeye yard\u0131mc\u0131 olabilir. Bahsedilen y\u00f6ntemlerin yan\u0131 s\u0131ra, <a href='https:\/\/www.reddit.com\/r\/DataRecoveryHelp\/comments\/1d6irir\/easeus_data_recovery_wizard_for_windows_review_is\/' rel=\"nofollow noopener\" target='_blank'>EaseUS Repair Video<\/a> ve Repair Toolbox gibi ara\u00e7lar da video onar\u0131m\u0131 i\u00e7in etkili \u00e7\u00f6z\u00fcmler sunar.<\/p>\n<p>Video dosyas\u0131 bozulmas\u0131n\u0131n bir ba\u015fka yayg\u0131n nedeni de kulland\u0131\u011f\u0131n\u0131z medya oynat\u0131c\u0131 ile ilgili sorunlar olabilir. Oynatma sorunlar\u0131n\u0131 \u00f6nlemek i\u00e7in her zaman medya oynat\u0131c\u0131n\u0131z\u0131n en son s\u00fcr\u00fcm\u00fcn\u00fc kullan\u0131n. <b>G\u00fcncellenmemi\u015f yaz\u0131l\u0131mlar<\/b> veya <b>kalitesiz oynat\u0131c\u0131lar<\/b> bazen bir dosyay\u0131 bozuk olarak yanl\u0131\u015f tan\u0131mlayabilir.<\/p>\n<p>Video dosyalar\u0131yla u\u011fra\u015f\u0131rken kulland\u0131\u011f\u0131n\u0131z <b>depolama cihazlar\u0131n\u0131<\/b> da g\u00f6z \u00f6n\u00fcnde bulundurmak \u00f6nemlidir. Ar\u0131zal\u0131 depolama medyas\u0131 s\u0131k s\u0131k dosya bozulmas\u0131na neden olabilir. Her zaman y\u00fcksek kaliteli depolama kartlar\u0131na ve harici sabit disklere yat\u0131r\u0131m yap\u0131n. Depolama cihazlar\u0131n\u0131z\u0131 nas\u0131l koruyaca\u011f\u0131n\u0131za dair detayl\u0131 bir k\u0131lavuz Backblaze&#8217;de bulunabilir.<\/p>\n<p>Ayr\u0131ca, <b>sa\u011flam bir veri y\u00f6netim stratejisi<\/b> benimsemek b\u00fcy\u00fck bir fark yaratabilir. \u0130yi yap\u0131land\u0131r\u0131lm\u0131\u015f bir strateji, dosyalar\u0131 metodik olarak kategorize etmeyi ve saklamay\u0131, uzun aktar\u0131m zincirlerinden ka\u00e7\u0131nmay\u0131 ve dosyalar\u0131n s\u00fcrekli yeniden yaz\u0131lmas\u0131n\u0131 azaltmay\u0131 i\u00e7erir; bunlar\u0131n hepsi zamanla veri b\u00fct\u00fcnl\u00fc\u011f\u00fcn\u00fc zay\u0131flatabilir.<\/p>\n<p>Hem profesyonel video \u00e7ekenler hem de merakl\u0131lar i\u00e7in ekipman\u0131n\u0131z\u0131n <b>sa\u011fl\u0131\u011f\u0131n\u0131<\/b>&#8212;kamera, dron, bilgisayar, vb.&#8212;dikkatle izlemek hayati \u00f6nem ta\u015f\u0131r. Cihazlardaki ince ar\u0131zalar veya a\u015f\u0131r\u0131 \u0131s\u0131nma, video dosyalar\u0131n\u0131 bozan kay\u0131t hatalar\u0131na yol a\u00e7abilir. D\u00fczenli bak\u0131m kontrolleri ve h\u0131zl\u0131 yaz\u0131l\u0131m g\u00fcncellemeleri esast\u0131r.<\/p>\n<\/section>\n<section>\n<h2>Sonu\u00e7:<\/h2>\n<div class=\"nonp\">Bozuk MP4 dosyalar\u0131n\u0131 d\u00fczeltmek g\u00f6z korkutucu g\u00f6r\u00fcnebilir, ancak do\u011fru ara\u00e7lar ve y\u00f6ntemlerle \u00f6nemli videolar\u0131n\u0131z\u0131 kurtarabilirsiniz. Clever Free Online Video Repair arac\u0131 veya VLC Media Player, Stellar Repair for Video ve Yodot MOV Repair Tool gibi di\u011fer y\u00f6ntemler kullanarak sorunu \u00e7\u00f6zmek i\u00e7in birden fazla \u00e7\u00f6z\u00fcme sahipsiniz. En iyi uygulamalar\u0131 takip ederek ve d\u00fczenli yedeklemeler yaparak, gelecekte dosya bozulmas\u0131 riskini en aza indirebilirsiniz. Dijital dosyalar\u0131n\u0131z\u0131 koruma hakk\u0131nda daha fazla bilgi i\u00e7in \u00f6zel kaynaklara dan\u0131\u015fmay\u0131 ve en son ara\u00e7 ve tekniklerle g\u00fcncel kalmay\u0131 ihmal etmeyin.<\/div>\n<\/section>\n<div class=\"extrablock\">\n<p>Bozuk MP4 D\u00fczeltme: G\u00fcvenilir topluluk \u00fcyelerinden bozuk MP4 dosyalar\u0131n\u0131 d\u00fczeltme konusunda uzman tavsiyeleri al\u0131n. T\u00fcm video onar\u0131m ihtiya\u00e7lar\u0131n\u0131z i\u00e7in \u00e7\u00f6z\u00fcmler ve ipu\u00e7lar\u0131n\u0131 ke\u015ffedin.<\/p>\n<p>                             <a href=\"https:\/\/www.ping.fm\/community\/c\/video-repair\/24\" rel=\"dofollow noopener\" target=\"_blank\">https:\/\/www.ping.fm\/community\/c\/video-repair\/24<\/a>                         <\/div>\n","protected":false},"excerpt":{"rendered":"<p>Bozuk MP4 Dosyalar\u0131n\u0131 Onarma: Detayl\u0131 K\u0131lavuz Bir MP4 videosunu oynatmaya \u00e7al\u0131\u015ft\u0131\u011f\u0131n\u0131zda dosyan\u0131n bozuk oldu\u011funu ke\u015ffettiyseniz, bu hayal k\u0131r\u0131kl\u0131\u011f\u0131n\u0131 anl\u0131yorsunuzdur. MP4 dosya bozulmas\u0131, kesintiye u\u011frayan indirmeler, yaz\u0131l\u0131m \u00e7\u00f6kmeleri ve dosya aktar\u0131m hatalar\u0131 gibi \u00e7e\u015fitli nedenlerle meydana gelebilir. Neyse ki, bozuk MP4 dosyalar\u0131n\u0131 onarmak i\u00e7in kullanabilece\u011finiz birka\u00e7 y\u00f6ntem vard\u0131r. \u00c7evrimi\u00e7i ara\u00e7lar kullanmaktan masa\u00fcst\u00fc yaz\u0131l\u0131m\u0131 kullanmaya kadar, videolar\u0131n\u0131z\u0131 [&hellip;]<\/p>\n","protected":false},"author":0,"featured_media":23733,"parent":0,"menu_order":0,"comment_status":"closed","ping_status":"closed","template":"chromecast.php","meta":{"_stopmodifiedupdate":false,"_modified_date":"","_lmt_disableupdate":"","_lmt_disable":""},"acf":[],"yoast_head":"<!-- This site is optimized with the Yoast SEO plugin v20.9 - https:\/\/yoast.com\/wordpress\/plugins\/seo\/ -->\n<title>MP4 dosyas\u0131n\u0131 onarma: Kapsaml\u0131 rehber<\/title>\n<meta name=\"robots\" content=\"index, follow, max-snippet:-1, max-image-preview:large, max-video-preview:-1\" \/>\n<link rel=\"canonical\" href=\"https:\/\/howto.ping.fm\/tr\/how-to-fix-corrupted-mp4-files-detailed-guide\/\" \/>\n<meta property=\"og:locale\" content=\"tr_TR\" \/>\n<meta property=\"og:type\" content=\"article\" \/>\n<meta property=\"og:title\" content=\"MP4 dosyas\u0131n\u0131 onarma: Kapsaml\u0131 rehber\" \/>\n<meta property=\"og:description\" content=\"Bozuk MP4 Dosyalar\u0131n\u0131 Onarma: Detayl\u0131 K\u0131lavuz Bir MP4 videosunu oynatmaya \u00e7al\u0131\u015ft\u0131\u011f\u0131n\u0131zda dosyan\u0131n bozuk oldu\u011funu ke\u015ffettiyseniz, bu hayal k\u0131r\u0131kl\u0131\u011f\u0131n\u0131 anl\u0131yorsunuzdur. MP4 dosya bozulmas\u0131, kesintiye u\u011frayan indirmeler, yaz\u0131l\u0131m \u00e7\u00f6kmeleri ve dosya aktar\u0131m hatalar\u0131 gibi \u00e7e\u015fitli nedenlerle meydana gelebilir. Neyse ki, bozuk MP4 dosyalar\u0131n\u0131 onarmak i\u00e7in kullanabilece\u011finiz birka\u00e7 y\u00f6ntem vard\u0131r. \u00c7evrimi\u00e7i ara\u00e7lar kullanmaktan masa\u00fcst\u00fc yaz\u0131l\u0131m\u0131 kullanmaya kadar, videolar\u0131n\u0131z\u0131 [&hellip;]\" \/>\n<meta property=\"og:url\" content=\"https:\/\/howto.ping.fm\/tr\/how-to-fix-corrupted-mp4-files-detailed-guide\/\" \/>\n<meta property=\"og:site_name\" content=\"How To &amp; Best Software\" \/>\n<meta property=\"article:modified_time\" content=\"2024-07-19T08:47:57+00:00\" \/>\n<meta property=\"og:image\" content=\"https:\/\/www.ping.fm\/howto\/wp-content\/uploads\/2024\/07\/How-to-Fix-Corrupted-MP4-Files-Detailed-Guide-77.jpg\" \/>\n\t<meta property=\"og:image:width\" content=\"1280\" \/>\n\t<meta property=\"og:image:height\" content=\"731\" \/>\n\t<meta property=\"og:image:type\" content=\"image\/jpeg\" \/>\n<meta name=\"twitter:card\" content=\"summary_large_image\" \/>\n<meta name=\"twitter:label1\" content=\"Est. reading time\" \/>\n\t<meta name=\"twitter:data1\" content=\"10 dakika\" \/>\n<script type=\"application\/ld+json\" class=\"yoast-schema-graph\">{\"@context\":\"https:\/\/schema.org\",\"@graph\":[{\"@type\":\"WebPage\",\"@id\":\"https:\/\/howto.ping.fm\/tr\/how-to-fix-corrupted-mp4-files-detailed-guide\/\",\"url\":\"https:\/\/howto.ping.fm\/tr\/how-to-fix-corrupted-mp4-files-detailed-guide\/\",\"name\":\"MP4 dosyas\u0131n\u0131 onarma: Kapsaml\u0131 rehber\",\"isPartOf\":{\"@id\":\"https:\/\/howto.ping.fm\/tr\/#website\"},\"datePublished\":\"2024-07-17T00:00:00+00:00\",\"dateModified\":\"2024-07-19T08:47:57+00:00\",\"breadcrumb\":{\"@id\":\"https:\/\/howto.ping.fm\/tr\/how-to-fix-corrupted-mp4-files-detailed-guide\/#breadcrumb\"},\"inLanguage\":\"tr\",\"potentialAction\":[{\"@type\":\"ReadAction\",\"target\":[\"https:\/\/howto.ping.fm\/tr\/how-to-fix-corrupted-mp4-files-detailed-guide\/\"]}]},{\"@type\":\"BreadcrumbList\",\"@id\":\"https:\/\/howto.ping.fm\/tr\/how-to-fix-corrupted-mp4-files-detailed-guide\/#breadcrumb\",\"itemListElement\":[{\"@type\":\"ListItem\",\"position\":1,\"name\":\"Home\",\"item\":\"https:\/\/www.ping.fm\/howto\/tr\/\"},{\"@type\":\"ListItem\",\"position\":2,\"name\":\"Bozuk MP4 dosyalar\u0131n\u0131 geri y\u00fckleme: Ayr\u0131nt\u0131l\u0131 k\u0131lavuz\"}]},{\"@type\":\"WebSite\",\"@id\":\"https:\/\/howto.ping.fm\/tr\/#website\",\"url\":\"https:\/\/howto.ping.fm\/tr\/\",\"name\":\"How To &amp; Best Software\",\"description\":\"\",\"potentialAction\":[{\"@type\":\"SearchAction\",\"target\":{\"@type\":\"EntryPoint\",\"urlTemplate\":\"https:\/\/howto.ping.fm\/tr\/?s={search_term_string}\"},\"query-input\":\"required name=search_term_string\"}],\"inLanguage\":\"tr\"}]}<\/script>\n<!-- \/ Yoast SEO plugin. -->","yoast_head_json":{"title":"MP4 dosyas\u0131n\u0131 onarma: Kapsaml\u0131 rehber","robots":{"index":"index","follow":"follow","max-snippet":"max-snippet:-1","max-image-preview":"max-image-preview:large","max-video-preview":"max-video-preview:-1"},"canonical":"https:\/\/howto.ping.fm\/tr\/how-to-fix-corrupted-mp4-files-detailed-guide\/","og_locale":"tr_TR","og_type":"article","og_title":"MP4 dosyas\u0131n\u0131 onarma: Kapsaml\u0131 rehber","og_description":"Bozuk MP4 Dosyalar\u0131n\u0131 Onarma: Detayl\u0131 K\u0131lavuz Bir MP4 videosunu oynatmaya \u00e7al\u0131\u015ft\u0131\u011f\u0131n\u0131zda dosyan\u0131n bozuk oldu\u011funu ke\u015ffettiyseniz, bu hayal k\u0131r\u0131kl\u0131\u011f\u0131n\u0131 anl\u0131yorsunuzdur. MP4 dosya bozulmas\u0131, kesintiye u\u011frayan indirmeler, yaz\u0131l\u0131m \u00e7\u00f6kmeleri ve dosya aktar\u0131m hatalar\u0131 gibi \u00e7e\u015fitli nedenlerle meydana gelebilir. Neyse ki, bozuk MP4 dosyalar\u0131n\u0131 onarmak i\u00e7in kullanabilece\u011finiz birka\u00e7 y\u00f6ntem vard\u0131r. \u00c7evrimi\u00e7i ara\u00e7lar kullanmaktan masa\u00fcst\u00fc yaz\u0131l\u0131m\u0131 kullanmaya kadar, videolar\u0131n\u0131z\u0131 [&hellip;]","og_url":"https:\/\/howto.ping.fm\/tr\/how-to-fix-corrupted-mp4-files-detailed-guide\/","og_site_name":"How To &amp; Best Software","article_modified_time":"2024-07-19T08:47:57+00:00","og_image":[{"width":1280,"height":731,"url":"https:\/\/www.ping.fm\/howto\/wp-content\/uploads\/2024\/07\/How-to-Fix-Corrupted-MP4-Files-Detailed-Guide-77.jpg","type":"image\/jpeg"}],"twitter_card":"summary_large_image","twitter_misc":{"Est. reading time":"10 dakika"},"schema":{"@context":"https:\/\/schema.org","@graph":[{"@type":"WebPage","@id":"https:\/\/howto.ping.fm\/tr\/how-to-fix-corrupted-mp4-files-detailed-guide\/","url":"https:\/\/howto.ping.fm\/tr\/how-to-fix-corrupted-mp4-files-detailed-guide\/","name":"MP4 dosyas\u0131n\u0131 onarma: Kapsaml\u0131 rehber","isPartOf":{"@id":"https:\/\/howto.ping.fm\/tr\/#website"},"datePublished":"2024-07-17T00:00:00+00:00","dateModified":"2024-07-19T08:47:57+00:00","breadcrumb":{"@id":"https:\/\/howto.ping.fm\/tr\/how-to-fix-corrupted-mp4-files-detailed-guide\/#breadcrumb"},"inLanguage":"tr","potentialAction":[{"@type":"ReadAction","target":["https:\/\/howto.ping.fm\/tr\/how-to-fix-corrupted-mp4-files-detailed-guide\/"]}]},{"@type":"BreadcrumbList","@id":"https:\/\/howto.ping.fm\/tr\/how-to-fix-corrupted-mp4-files-detailed-guide\/#breadcrumb","itemListElement":[{"@type":"ListItem","position":1,"name":"Home","item":"https:\/\/www.ping.fm\/howto\/tr\/"},{"@type":"ListItem","position":2,"name":"Bozuk MP4 dosyalar\u0131n\u0131 geri y\u00fckleme: Ayr\u0131nt\u0131l\u0131 k\u0131lavuz"}]},{"@type":"WebSite","@id":"https:\/\/howto.ping.fm\/tr\/#website","url":"https:\/\/howto.ping.fm\/tr\/","name":"How To &amp; Best Software","description":"","potentialAction":[{"@type":"SearchAction","target":{"@type":"EntryPoint","urlTemplate":"https:\/\/howto.ping.fm\/tr\/?s={search_term_string}"},"query-input":"required name=search_term_string"}],"inLanguage":"tr"}]}},"_links":{"self":[{"href":"https:\/\/howto.ping.fm\/tr\/wp-json\/wp\/v2\/pages\/23732"}],"collection":[{"href":"https:\/\/howto.ping.fm\/tr\/wp-json\/wp\/v2\/pages"}],"about":[{"href":"https:\/\/howto.ping.fm\/tr\/wp-json\/wp\/v2\/types\/page"}],"replies":[{"embeddable":true,"href":"https:\/\/howto.ping.fm\/tr\/wp-json\/wp\/v2\/comments?post=23732"}],"version-history":[{"count":0,"href":"https:\/\/howto.ping.fm\/tr\/wp-json\/wp\/v2\/pages\/23732\/revisions"}],"wp:featuredmedia":[{"embeddable":true,"href":"https:\/\/howto.ping.fm\/tr\/wp-json\/wp\/v2\/media\/23733"}],"wp:attachment":[{"href":"https:\/\/howto.ping.fm\/tr\/wp-json\/wp\/v2\/media?parent=23732"}],"curies":[{"name":"wp","href":"https:\/\/api.w.org\/{rel}","templated":true}]}}