{"id":20416,"date":"2024-01-29T09:39:29","date_gmt":"2024-01-29T09:39:29","guid":{"rendered":"https:\/\/www.ping.fm\/howto\/how-to-use-remote-desktop\/"},"modified":"2024-04-09T11:42:27","modified_gmt":"2024-04-09T11:42:27","slug":"how-to-use-remote-desktop","status":"publish","type":"page","link":"https:\/\/howto.ping.fm\/tr\/how-to-use-remote-desktop\/","title":{"rendered":"\u0130\u015fte bilgisayarda uzak masa\u00fcst\u00fc arac\u0131n\u0131 b\u00f6yle kullan\u0131rs\u0131n\u0131z."},"content":{"rendered":"<section>\n<h1>Uzaktan Masa\u00fcst\u00fc Nas\u0131l Kullan\u0131l\u0131r<\/h1>\n<div class=\"inbrief\">\n<div><img src=\"https:\/\/www.ping.fm\/howto\/wp-content\/uploads\/ai\/How-to-use-Remote-Desktop-on-your-PC-Turkish.jpg\" alt=\"Uzaktan Masa\u00fcst\u00fc Nas\u0131l Kullan\u0131l\u0131r\" title=\"Uzaktan Masa\u00fcst\u00fc Nas\u0131l Kullan\u0131l\u0131r\" width=\"1280\" height=\"720\"><\/p>\n<p>D\u00fcnyan\u0131n herhangi bir yerinden, sanki tam kar\u015f\u0131s\u0131nda oturuyormu\u015fsunuz gibi bilgisayar\u0131n\u0131za eri\u015febilmenizi ve kontrol edebilmenizi hayal edin. \u0130\u015fte bir <b>Uzaktan Masa\u00fcst\u00fc<\/b>\u2018n\u00fcn g\u00fcc\u00fc. G\u00fcn\u00fcm\u00fcz\u00fcn birbiriyle ba\u011flant\u0131l\u0131 \u00e7a\u011f\u0131nda, uzaktan masa\u00fcst\u00fc teknolojisinden yararlanmak, uzaktan \u00e7al\u0131\u015fma, IT deste\u011fi ve ki\u015fisel kullan\u0131m i\u00e7in giderek artan bir yayg\u0131nl\u0131k kazanm\u0131\u015ft\u0131r. Bir IT profesyoneli, telekom\u00fct\u00f6r veya seyahat ederken ev bilgisayar\u0131n\u0131za rahat bir \u015fekilde eri\u015fmek isteyen biri olun, uzaktan masa\u00fcst\u00fcn\u00fcn nas\u0131l \u00e7al\u0131\u015ft\u0131\u011f\u0131n\u0131 anlamak son derece faydal\u0131d\u0131r. Hadi uzaktan masa\u00fcstlerinin d\u00fcnyas\u0131na dalal\u0131m ve dijital hayat\u0131m\u0131z\u0131 nas\u0131l basitle\u015ftirebileceklerini g\u00f6relim.<\/p>\n<\/div>\n<\/div>\n<\/section>\n<section>\n<div>\n<div>1<\/div>\n<h2>Yayg\u0131n Durumlar:<\/h2>\n<\/div>\n<h3>Evden \u00c7al\u0131\u015fma &#127968;<\/h3>\n<ul>\n<li>Ofis altyap\u0131s\u0131na g\u00fcvenli bir \u015fekilde ba\u011flanmak i\u00e7in bir <b>sanal \u00f6zel a\u011f (VPN)<\/b> kullanma.<\/li>\n<li>\u0130\u015f bilgisayar\u0131ndaki dosya ve uygulamalara eri\u015fim sa\u011flama.<\/li>\n<li>Projeler \u00fczerinde meslekta\u015flarla ger\u00e7ek zamanl\u0131 i\u015fbirli\u011fi yapma.<\/li>\n<\/ul>\n<h3>IT Destek Sa\u011flama &#128187;<\/h3>\n<ul>\n<li>M\u00fc\u015fterilerin sistemlerinde <b>uzaktan sorun giderme<\/b> yapma.<\/li>\n<li>Uzak makinelerde yaz\u0131l\u0131m kurma veya g\u00fcncelleme.<\/li>\n<li>Fiziksel olarak konumlar\u0131na gitmeden uzaktaki kullan\u0131c\u0131lara yard\u0131m etme.<\/li>\n<\/ul>\n<h3>Yolda Ki\u015fisel Dosyalara Eri\u015fim &#128194;<\/h3>\n<ul>\n<li>\u00d6nemli belgeleri veya medyalar\u0131 almak i\u00e7in ev bilgisayar\u0131n\u0131za girme.<\/li>\n<li>\u015eu anda kulland\u0131\u011f\u0131n\u0131z cihazda y\u00fckl\u00fc olmayan uygulamalar\u0131 veya oyunlar\u0131 \u00e7al\u0131\u015ft\u0131rma.<\/li>\n<li>Ba\u011fl\u0131 masa\u00fcst\u00fc aray\u00fcz\u00fc arac\u0131l\u0131\u011f\u0131yla ev g\u00fcvenlik kameralar\u0131n\u0131 izleme.<\/li>\n<\/ul>\n<\/section>\n<section class=\"stepByStep\">\n<div>\n<div>2<\/div>\n<h2>Ad\u0131m Ad\u0131m K\u0131lavuz. Uzaktan Masa\u00fcst\u00fc Usb Passthrough, Uzaktan Masa\u00fcst\u00fc Protokol\u00fc:<\/h2>\n<\/div>\n<h3>Y\u00f6ntem 1: Windows Uzaktan Masa\u00fcst\u00fc Ba\u011flant\u0131s\u0131 Kullanma &#128421;<\/h3>\n<ul>\n<li>&#8216;Sistem \u00d6zellikleri&#8217; \u00fczerinden ana bilgisayarda <b>Uzaktan Masa\u00fcst\u00fc<\/b>\u2018n\u00fc <b>etkinle\u015ftirin<\/b>.<\/li>\n<li>Ana bilgisayar\u0131n internete ba\u011fl\u0131 oldu\u011fundan emin olun ve IP adresini not edin.<\/li>\n<li>Bir uzak PC&#8217;de, Uzaktan Masa\u00fcst\u00fc Ba\u011flant\u0131s\u0131 istemcisini a\u00e7\u0131n, ana bilgisayar\u0131n IP adresini girin ve ba\u011flan\u0131n.<\/li>\n<\/ul>\n<p><b>Not:<\/b> Bu y\u00f6ntem Windows i\u015fletim sistemlerine entegre edilmi\u015ftir ancak ana bilgisayar\u0131n profesyonel veya kurumsal bir s\u00fcr\u00fcm\u00fcn\u00fc \u00e7al\u0131\u015ft\u0131rm\u0131\u015f olmas\u0131 gerekmektedir.<\/p>\n<p><b>Sonu\u00e7:<\/b> Yoldaki kullan\u0131c\u0131lar i\u00e7in Windows makinesine eri\u015fim ihtiyac\u0131 olanlar i\u00e7in m\u00fckemmel entegre bir \u00e7\u00f6z\u00fcmd\u00fcr.<\/p>\n<h3>Y\u00f6ntem 2: TeamViewer Kullanma &#128226;<\/h3>\n<ul>\n<li>Her iki cihaza da <a href='https:\/\/www.teamviewer.com' rel=\"nofollow noopener\" target='_blank'>TeamViewer<\/a>\u2018\u0131 indirin ve kurun.<\/li>\n<li>Uygulamay\u0131 a\u00e7\u0131n, bir hesap olu\u015fturun ve her iki cihazda da oturum a\u00e7\u0131n.<\/li>\n<li>Ana cihaz\u0131 kontrol etmek i\u00e7in sa\u011flanan &#8216;Ortak ID&#8217;yi kullan\u0131n.<\/li>\n<\/ul>\n<p><b>Not:<\/b> TeamViewer, kurulum kolayl\u0131\u011f\u0131 ve cihazlar aras\u0131 geni\u015f uyumlulu\u011fu ile pop\u00fclerdir.<\/p>\n<p><b>Sonu\u00e7:<\/b> G\u00fcvenilir ve kullan\u0131c\u0131 dostu bir uzaktan masa\u00fcst\u00fc arac\u0131 gerektirenler i\u00e7in TeamViewer sa\u011flam bir se\u00e7enektir.<\/p>\n<h3>Y\u00f6ntem 3: Chrome Uzaktan Masa\u00fcst\u00fc Kullanma &#9989;<\/h3>\n<ul>\n<li>Her iki bilgisayara da Chrome Web Ma\u011fazas\u0131 \u00fczerinden Chrome Uzaktan Masa\u00fcst\u00fc uzant\u0131s\u0131n\u0131 y\u00fckleyin.<\/li>\n<li>Google hesab\u0131n\u0131zla kurulumu yap\u0131n ve ekrandaki kurulum talimatlar\u0131n\u0131 izleyin.<\/li>\n<li>Uygun bilgisayarlar listesinden ana PC&#8217;yi se\u00e7erek uzaktan ba\u011flant\u0131 kurun.<\/li>\n<\/ul>\n<p><b>Not:<\/b> Bu y\u00f6ntem Google Chrome ve bir Google hesab\u0131 kullan\u0131m\u0131n\u0131 gerektirir.<\/p>\n<p><b>Sonu\u00e7:<\/b> E\u011fer platformlar aras\u0131 ve taray\u0131c\u0131 tabanl\u0131 bir uzaktan masa\u00fcst\u00fc se\u00e7ene\u011fi ar\u0131yorsan\u0131z, Chrome Uzaktan Masa\u00fcst\u00fc iyi bir se\u00e7imdir.<\/p>\n<h3>Y\u00f6ntem 4: VNC (Sanal A\u011f Bili\u015fimi) Kurulumu &#128200;<\/h3>\n<ul>\n<li>Bir VNC hizmet sa\u011flay\u0131c\u0131s\u0131 se\u00e7in, \u00f6rne\u011fin RealVNC, ve ana makineye sunucu yaz\u0131l\u0131m\u0131n\u0131 kurun.<\/li>\n<li>Uzak cihaza ilgili VNC g\u00f6r\u00fcnt\u00fcleyiciyi y\u00fckleyin.<\/li>\n<li>VNC sunucu ayarlar\u0131n\u0131, \u015fifre ve a\u011f se\u00e7eneklerini de dahil olmak \u00fczere yap\u0131land\u0131r\u0131n.<\/li>\n<li>G\u00f6r\u00fcnt\u00fcleyici istemcisi kullanarak, ana bilgisayar\u0131n IP adresi ve \u015fifresini kullanarak ba\u011flan\u0131n.<\/li>\n<\/ul>\n<p><b>Not:<\/b> VNC \u00e7\u00f6z\u00fcmleri \u00e7e\u015fitli \u00f6zellikler i\u00e7erir ve yap\u0131land\u0131rmak i\u00e7in biraz daha teknik bilgi gerektirir.<\/p>\n<p><b>Sonu\u00e7:<\/b> Uzaktan ba\u011flant\u0131larda sa\u011flam \u00f6zelle\u015ftirilebilirlik ihtiyac\u0131 olan g\u00fc\u00e7 kullan\u0131c\u0131lar veya IT profesyonelleri i\u00e7in avantajl\u0131 bir tercihtir.<\/p>\n<h3>Y\u00f6ntem 5: AnyDesk Kullanma &#10071;<\/h3>\n<ul>\n<li>Her iki cihaza da <a href='https:\/\/anydesk.com' rel=\"nofollow noopener\" target='_blank'>resmi web sitesinden<\/a> AnyDesk&#8217;i indirin ve kurun.<\/li>\n<li>Program\u0131 ba\u015flat\u0131n ve ana bilgisayar\u0131n AnyDesk-Adresini not al\u0131n.<\/li>\n<li>Uzaktan bilgisayar\u0131n AnyDesk istemcisine AnyDesk-Adresini girerek ba\u011flant\u0131y\u0131 ba\u015flat\u0131n.<\/li>\n<\/ul>\n<p><b>Not:<\/b> AnyDesk, h\u0131z\u0131 ve basitli\u011fi ile \u00f6vg\u00fc almakta, h\u0131zl\u0131 ve kolay uzaktan eri\u015fim i\u00e7in m\u00fckemmel bir se\u00e7enektir.<\/p>\n<p><b>Sonu\u00e7:<\/b> Daha d\u00fc\u015f\u00fck gecikmeyi olan ve h\u0131zl\u0131, basit bir uzaktan masa\u00fcst\u00fc uygulamas\u0131 ihtiyac\u0131n\u0131z varsa AnyDesk&#8217;i se\u00e7in.<\/p>\n<\/section>\n<section>\n<div>\n<div>3<\/div>\n<h2>\u00d6nlemler ve \u0130pu\u00e7lar\u0131:<\/h2>\n<\/div>\n<h3>Uzaktan Ba\u011flant\u0131n\u0131z\u0131 G\u00fcvenceye Al\u0131n &#128274;<\/h3>\n<ul>\n<li>T\u00fcm uzak masa\u00fcst\u00fc uygulama ve hesaplar\u0131 i\u00e7in her zaman g\u00fc\u00e7l\u00fc ve benzersiz parolalar kullan\u0131n.<\/li>\n<li>G\u00fcvenli\u011fi art\u0131rmak i\u00e7in m\u00fcmk\u00fcn oldu\u011funda <b>iki fakt\u00f6rl\u00fc kimlik do\u011frulama<\/b> (2FA) kurulumunu d\u00fc\u015f\u00fcn\u00fcn.<\/li>\n<li>Zafiyetlere kar\u015f\u0131 korunmak i\u00e7in d\u00fczenli olarak uzak masa\u00fcst\u00fc yaz\u0131l\u0131m\u0131n\u0131 g\u00fcncelleyin.<\/li>\n<li>Yang\u0131n duvarlar\u0131 ve y\u00f6nlendiricileri yap\u0131land\u0131rarak yaln\u0131zca g\u00fcvenilir IP&#8217;lerden ba\u011flant\u0131lara izin verin.<\/li>\n<\/ul>\n<h3>Uzak Masa\u00fcst\u00fc Performans\u0131n\u0131 Optimize Etme &#9202;<\/h3>\n<ul>\n<li>Daha iyi stabilitet ve bant geni\u015fli\u011fi i\u00e7in Wi-Fi yerine <b>kablolu ba\u011flant\u0131<\/b> kullan\u0131n.<\/li>\n<li>Daha yava\u015f a\u011flarda h\u0131z\u0131 iyile\u015ftirmek i\u00e7in ekran \u00e7\u00f6z\u00fcn\u00fcrl\u00fc\u011f\u00fc ve renk derinli\u011fi ayarlar\u0131n\u0131 d\u00fc\u015f\u00fcr\u00fcn.<\/li>\n<li>Kaynaklar\u0131 bo\u015faltmak i\u00e7in ana bilgisayardaki gereksiz uygulamalar\u0131 ve hizmetleri kapat\u0131n.<\/li>\n<li>Yaz\u0131l\u0131mlar\u0131na \u00f6zel optimizasyon ipu\u00e7lar\u0131 i\u00e7in uzak masa\u00fcst\u00fc \u00e7\u00f6z\u00fcmlerinin sundu\u011fu <b>dok\u00fcmantasyona<\/b> bak\u0131n.<\/li>\n<\/ul>\n<\/section>\n<section>\n<div>\n<div>4<\/div>\n<h2>Uzak Masa\u00fcst\u00fc Protokolleri ve \u015eifreleme Anlay\u0131\u015f\u0131<\/h2>\n<\/div>\n<p>Uzak masa\u00fcstleri temelde RDP (Remote Desktop Protocol), VNC (Virtual Network Computing) gibi protokoller ve TeamViewer&#8217;\u0131n kulland\u0131\u011f\u0131 \u00f6zel protokoller \u00fczerinde \u00e7al\u0131\u015f\u0131r. Bu protokoller, host ile uzak cihazlar aras\u0131nda veri aktar\u0131m\u0131n\u0131n nas\u0131l yap\u0131ld\u0131\u011f\u0131n\u0131 belirler. Microsoft taraf\u0131ndan geli\u015ftirilen RDP, y\u00fcksek performans\u0131yla tan\u0131n\u0131r ve Windows ortamlar\u0131nda yo\u011fun olarak kullan\u0131l\u0131r, <a href='https:\/\/docs.microsoft.com\/en-us\/windows-server\/remote\/remote-desktop-services\/clients\/remote-desktop-protocol' rel=\"nofollow noopener\" target='_blank'>Microsoft&#8217;un rehberi<\/a> daha derin bir i\u00e7g\u00f6r\u00fc sa\u011flar. \u00d6te yandan, VNC platform ba\u011f\u0131ms\u0131zd\u0131r ve ana bilgisayardan ekran g\u00f6r\u00fcnt\u00fclerini g\u00f6ndererek ve uzak cihazdan fare ve klavye giri\u015fini ileterek daha basit bir ilke \u00fczerinde \u00e7al\u0131\u015f\u0131r.<\/p>\n<p>\u015eifreleme, bir oturum s\u0131ras\u0131nda de\u011fi\u015fen verilerin g\u00fcvenli kalmas\u0131n\u0131 sa\u011flayarak uzak masa\u00fcst\u00fc ara\u00e7lar\u0131n\u0131n <b>hayati bir y\u00f6n\u00fcd\u00fcr<\/b>. AnyDesk gibi \u00e7\u00f6z\u00fcmler TLS 1.2 \u015fifrelemesi kullan\u0131rken, TeamViewer RSA \u00f6zel\/genel anahtar de\u011fi\u015fimini ve AES (256 bit) oturum \u015fifrelemesini uygulam\u0131\u015ft\u0131r. Siber tehditlere kar\u015f\u0131 korumak i\u00e7in g\u00fc\u00e7l\u00fc \u015fifreleme standartlar\u0131 kullanan uzak masa\u00fcst\u00fc yaz\u0131l\u0131mlar\u0131n\u0131 kullanmak hayati \u00f6neme sahiptir.<\/p>\n<\/section>\n<section>\n<h2>Sonu\u00e7:<\/h2>\n<div class=\"nonp\">Uzak masa\u00fcst\u00fc yeteneklerini benimsemek, bir\u00e7ok senaryoda \u00fcretkenli\u011fi ve rahatl\u0131\u011f\u0131 b\u00fcy\u00fck oranda art\u0131rabilir. Uygun ara\u00e7lar\u0131 se\u00e7erek ve en iyi uygulamalar\u0131 takip ederek, ihtiya\u00e7lar\u0131n\u0131za uygun g\u00fcvenli ve verimli bir uzaktan eri\u015fim kurulumu olu\u015fturabilirsiniz. \u0130ster uzaktan bir ekip y\u00f6netiyor olun, ister teknik destek sunuyor olun veya yaln\u0131zca ki\u015fisel dosyalar\u0131n\u0131za eri\u015fiyor olun, <b>RDP<\/b>, <b>VNC<\/b> ve \u00fc\u00e7\u00fcnc\u00fc taraf uygulamalar gibi uzak masa\u00fcst\u00fc teknolojileri uygun \u00e7\u00f6z\u00fcmlerdir. G\u00fcvenlik en \u00f6nemli konudur ve verilerinizin kutsall\u0131\u011f\u0131n\u0131 her zaman \u00f6ncelikli tutmak esast\u0131r. Daha fazla bilgi i\u00e7in Windows 10&#8217;da Uzaktan Masa\u00fcst\u00fc kullan\u0131m\u0131 hakk\u0131ndaki <a href='https:\/\/support.microsoft.com\/en-us\/help\/4028379\/windows-10-how-to-use-remote-desktop' rel=\"nofollow noopener\" target='_blank'>Microsoft rehberi<\/a>yle tan\u0131\u015f\u0131n veya yard\u0131m i\u00e7in \u00fcr\u00fcn \u00f6zel kaynaklara ve forumlara ba\u015fvurun.<\/div>\n<\/section>\n<p>Bu sadece bir \u00e7eviri metnidir, bir g\u00f6rev de\u011fil! Sadece \u00e7eviri yap\u0131lacak. HTML etiketlerini kald\u0131rmamak ve eklememek \u00f6nemlidir, kendi ba\u015f\u0131n\u0131za hi\u00e7bir \u015fey eklemeyin. \u00d6nemli olan dil ad\u0131n\u0131 ekleme. Metin \u00e7evirisi:<\/p>\n","protected":false},"excerpt":{"rendered":"<p>Uzaktan Masa\u00fcst\u00fc Nas\u0131l Kullan\u0131l\u0131r D\u00fcnyan\u0131n herhangi bir yerinden, sanki tam kar\u015f\u0131s\u0131nda oturuyormu\u015fsunuz gibi bilgisayar\u0131n\u0131za eri\u015febilmenizi ve kontrol edebilmenizi hayal edin. \u0130\u015fte bir Uzaktan Masa\u00fcst\u00fc\u2018n\u00fcn g\u00fcc\u00fc. G\u00fcn\u00fcm\u00fcz\u00fcn birbiriyle ba\u011flant\u0131l\u0131 \u00e7a\u011f\u0131nda, uzaktan masa\u00fcst\u00fc teknolojisinden yararlanmak, uzaktan \u00e7al\u0131\u015fma, IT deste\u011fi ve ki\u015fisel kullan\u0131m i\u00e7in giderek artan bir yayg\u0131nl\u0131k kazanm\u0131\u015ft\u0131r. Bir IT profesyoneli, telekom\u00fct\u00f6r veya seyahat ederken ev bilgisayar\u0131n\u0131za [&hellip;]<\/p>\n","protected":false},"author":2,"featured_media":20417,"parent":0,"menu_order":0,"comment_status":"closed","ping_status":"closed","template":"chromecast.php","meta":{"_stopmodifiedupdate":false,"_modified_date":"","_lmt_disableupdate":"yes","_lmt_disable":""},"acf":[],"yoast_head":"<!-- This site is optimized with the Yoast SEO plugin v20.9 - https:\/\/yoast.com\/wordpress\/plugins\/seo\/ -->\n<title>USB transferinin uzaktan \u00e7al\u0131\u015fmada nas\u0131l yap\u0131laca\u011f\u0131na dair rehber<\/title>\n<meta name=\"robots\" content=\"index, follow, max-snippet:-1, max-image-preview:large, max-video-preview:-1\" \/>\n<link rel=\"canonical\" href=\"https:\/\/howto.ping.fm\/tr\/how-to-use-remote-desktop\/\" \/>\n<meta property=\"og:locale\" content=\"tr_TR\" \/>\n<meta property=\"og:type\" content=\"article\" \/>\n<meta property=\"og:title\" content=\"USB transferinin uzaktan \u00e7al\u0131\u015fmada nas\u0131l yap\u0131laca\u011f\u0131na dair rehber\" \/>\n<meta property=\"og:description\" content=\"Uzaktan Masa\u00fcst\u00fc Nas\u0131l Kullan\u0131l\u0131r D\u00fcnyan\u0131n herhangi bir yerinden, sanki tam kar\u015f\u0131s\u0131nda oturuyormu\u015fsunuz gibi bilgisayar\u0131n\u0131za eri\u015febilmenizi ve kontrol edebilmenizi hayal edin. \u0130\u015fte bir Uzaktan Masa\u00fcst\u00fc\u2018n\u00fcn g\u00fcc\u00fc. G\u00fcn\u00fcm\u00fcz\u00fcn birbiriyle ba\u011flant\u0131l\u0131 \u00e7a\u011f\u0131nda, uzaktan masa\u00fcst\u00fc teknolojisinden yararlanmak, uzaktan \u00e7al\u0131\u015fma, IT deste\u011fi ve ki\u015fisel kullan\u0131m i\u00e7in giderek artan bir yayg\u0131nl\u0131k kazanm\u0131\u015ft\u0131r. Bir IT profesyoneli, telekom\u00fct\u00f6r veya seyahat ederken ev bilgisayar\u0131n\u0131za [&hellip;]\" \/>\n<meta property=\"og:url\" content=\"https:\/\/howto.ping.fm\/tr\/how-to-use-remote-desktop\/\" \/>\n<meta property=\"og:site_name\" content=\"How To &amp; Best Software\" \/>\n<meta property=\"article:modified_time\" content=\"2024-04-09T11:42:27+00:00\" \/>\n<meta property=\"og:image\" content=\"https:\/\/www.ping.fm\/howto\/wp-content\/uploads\/2024\/04\/How-to-use-Remote-Desktop-on-your-PC-Turkish.jpg\" \/>\n\t<meta property=\"og:image:width\" content=\"1280\" \/>\n\t<meta property=\"og:image:height\" content=\"731\" \/>\n\t<meta property=\"og:image:type\" content=\"image\/jpeg\" \/>\n<meta name=\"twitter:card\" content=\"summary_large_image\" \/>\n<meta name=\"twitter:label1\" content=\"Est. reading time\" \/>\n\t<meta name=\"twitter:data1\" content=\"6 dakika\" \/>\n<script type=\"application\/ld+json\" class=\"yoast-schema-graph\">{\"@context\":\"https:\/\/schema.org\",\"@graph\":[{\"@type\":\"WebPage\",\"@id\":\"https:\/\/howto.ping.fm\/tr\/how-to-use-remote-desktop\/\",\"url\":\"https:\/\/howto.ping.fm\/tr\/how-to-use-remote-desktop\/\",\"name\":\"USB transferinin uzaktan \u00e7al\u0131\u015fmada nas\u0131l yap\u0131laca\u011f\u0131na dair rehber\",\"isPartOf\":{\"@id\":\"https:\/\/howto.ping.fm\/tr\/#website\"},\"datePublished\":\"2024-01-29T09:39:29+00:00\",\"dateModified\":\"2024-04-09T11:42:27+00:00\",\"breadcrumb\":{\"@id\":\"https:\/\/howto.ping.fm\/tr\/how-to-use-remote-desktop\/#breadcrumb\"},\"inLanguage\":\"tr\",\"potentialAction\":[{\"@type\":\"ReadAction\",\"target\":[\"https:\/\/howto.ping.fm\/tr\/how-to-use-remote-desktop\/\"]}]},{\"@type\":\"BreadcrumbList\",\"@id\":\"https:\/\/howto.ping.fm\/tr\/how-to-use-remote-desktop\/#breadcrumb\",\"itemListElement\":[{\"@type\":\"ListItem\",\"position\":1,\"name\":\"Home\",\"item\":\"https:\/\/www.ping.fm\/howto\/tr\/\"},{\"@type\":\"ListItem\",\"position\":2,\"name\":\"\u0130\u015fte bilgisayarda uzak masa\u00fcst\u00fc arac\u0131n\u0131 b\u00f6yle kullan\u0131rs\u0131n\u0131z.\"}]},{\"@type\":\"WebSite\",\"@id\":\"https:\/\/howto.ping.fm\/tr\/#website\",\"url\":\"https:\/\/howto.ping.fm\/tr\/\",\"name\":\"How To &amp; Best Software\",\"description\":\"\",\"potentialAction\":[{\"@type\":\"SearchAction\",\"target\":{\"@type\":\"EntryPoint\",\"urlTemplate\":\"https:\/\/howto.ping.fm\/tr\/?s={search_term_string}\"},\"query-input\":\"required name=search_term_string\"}],\"inLanguage\":\"tr\"}]}<\/script>\n<!-- \/ Yoast SEO plugin. -->","yoast_head_json":{"title":"USB transferinin uzaktan \u00e7al\u0131\u015fmada nas\u0131l yap\u0131laca\u011f\u0131na dair rehber","robots":{"index":"index","follow":"follow","max-snippet":"max-snippet:-1","max-image-preview":"max-image-preview:large","max-video-preview":"max-video-preview:-1"},"canonical":"https:\/\/howto.ping.fm\/tr\/how-to-use-remote-desktop\/","og_locale":"tr_TR","og_type":"article","og_title":"USB transferinin uzaktan \u00e7al\u0131\u015fmada nas\u0131l yap\u0131laca\u011f\u0131na dair rehber","og_description":"Uzaktan Masa\u00fcst\u00fc Nas\u0131l Kullan\u0131l\u0131r D\u00fcnyan\u0131n herhangi bir yerinden, sanki tam kar\u015f\u0131s\u0131nda oturuyormu\u015fsunuz gibi bilgisayar\u0131n\u0131za eri\u015febilmenizi ve kontrol edebilmenizi hayal edin. \u0130\u015fte bir Uzaktan Masa\u00fcst\u00fc\u2018n\u00fcn g\u00fcc\u00fc. G\u00fcn\u00fcm\u00fcz\u00fcn birbiriyle ba\u011flant\u0131l\u0131 \u00e7a\u011f\u0131nda, uzaktan masa\u00fcst\u00fc teknolojisinden yararlanmak, uzaktan \u00e7al\u0131\u015fma, IT deste\u011fi ve ki\u015fisel kullan\u0131m i\u00e7in giderek artan bir yayg\u0131nl\u0131k kazanm\u0131\u015ft\u0131r. Bir IT profesyoneli, telekom\u00fct\u00f6r veya seyahat ederken ev bilgisayar\u0131n\u0131za [&hellip;]","og_url":"https:\/\/howto.ping.fm\/tr\/how-to-use-remote-desktop\/","og_site_name":"How To &amp; Best Software","article_modified_time":"2024-04-09T11:42:27+00:00","og_image":[{"width":1280,"height":731,"url":"https:\/\/www.ping.fm\/howto\/wp-content\/uploads\/2024\/04\/How-to-use-Remote-Desktop-on-your-PC-Turkish.jpg","type":"image\/jpeg"}],"twitter_card":"summary_large_image","twitter_misc":{"Est. reading time":"6 dakika"},"schema":{"@context":"https:\/\/schema.org","@graph":[{"@type":"WebPage","@id":"https:\/\/howto.ping.fm\/tr\/how-to-use-remote-desktop\/","url":"https:\/\/howto.ping.fm\/tr\/how-to-use-remote-desktop\/","name":"USB transferinin uzaktan \u00e7al\u0131\u015fmada nas\u0131l yap\u0131laca\u011f\u0131na dair rehber","isPartOf":{"@id":"https:\/\/howto.ping.fm\/tr\/#website"},"datePublished":"2024-01-29T09:39:29+00:00","dateModified":"2024-04-09T11:42:27+00:00","breadcrumb":{"@id":"https:\/\/howto.ping.fm\/tr\/how-to-use-remote-desktop\/#breadcrumb"},"inLanguage":"tr","potentialAction":[{"@type":"ReadAction","target":["https:\/\/howto.ping.fm\/tr\/how-to-use-remote-desktop\/"]}]},{"@type":"BreadcrumbList","@id":"https:\/\/howto.ping.fm\/tr\/how-to-use-remote-desktop\/#breadcrumb","itemListElement":[{"@type":"ListItem","position":1,"name":"Home","item":"https:\/\/www.ping.fm\/howto\/tr\/"},{"@type":"ListItem","position":2,"name":"\u0130\u015fte bilgisayarda uzak masa\u00fcst\u00fc arac\u0131n\u0131 b\u00f6yle kullan\u0131rs\u0131n\u0131z."}]},{"@type":"WebSite","@id":"https:\/\/howto.ping.fm\/tr\/#website","url":"https:\/\/howto.ping.fm\/tr\/","name":"How To &amp; Best Software","description":"","potentialAction":[{"@type":"SearchAction","target":{"@type":"EntryPoint","urlTemplate":"https:\/\/howto.ping.fm\/tr\/?s={search_term_string}"},"query-input":"required name=search_term_string"}],"inLanguage":"tr"}]}},"_links":{"self":[{"href":"https:\/\/howto.ping.fm\/tr\/wp-json\/wp\/v2\/pages\/20416"}],"collection":[{"href":"https:\/\/howto.ping.fm\/tr\/wp-json\/wp\/v2\/pages"}],"about":[{"href":"https:\/\/howto.ping.fm\/tr\/wp-json\/wp\/v2\/types\/page"}],"author":[{"embeddable":true,"href":"https:\/\/howto.ping.fm\/tr\/wp-json\/wp\/v2\/users\/2"}],"replies":[{"embeddable":true,"href":"https:\/\/howto.ping.fm\/tr\/wp-json\/wp\/v2\/comments?post=20416"}],"version-history":[{"count":0,"href":"https:\/\/howto.ping.fm\/tr\/wp-json\/wp\/v2\/pages\/20416\/revisions"}],"wp:featuredmedia":[{"embeddable":true,"href":"https:\/\/howto.ping.fm\/tr\/wp-json\/wp\/v2\/media\/20417"}],"wp:attachment":[{"href":"https:\/\/howto.ping.fm\/tr\/wp-json\/wp\/v2\/media?parent=20416"}],"curies":[{"name":"wp","href":"https:\/\/api.w.org\/{rel}","templated":true}]}}