{"id":20142,"date":"2023-07-31T13:58:28","date_gmt":"2023-07-31T13:58:28","guid":{"rendered":"https:\/\/www.ping.fm\/howto\/?page_id=20142"},"modified":"2024-04-09T09:35:33","modified_gmt":"2024-04-09T09:35:33","slug":"tr","status":"publish","type":"page","link":"https:\/\/howto.ping.fm\/tr\/","title":{"rendered":"\/tr"},"content":{"rendered":"<section class=\"banner howto\">\n<div class=\"banner--img\">\n<div class=\"banner--inner\">\n<h1>Yaz\u0131l\u0131m \u0130ncelemeleri &#038; Teknoloji \u0130lgili Nas\u0131l Yap\u0131l\u0131r K\u0131lavuzlar\u0131<\/h1>\n<p>Teknolojinin s\u0131rlar\u0131n\u0131 &#8216;Teknoloji Senaryolar\u0131 ve Yaz\u0131l\u0131m \u0130ncelemeleri Nas\u0131l Yap\u0131l\u0131r&#8217; adl\u0131 kapsaml\u0131 rehberimizle ke\u015ffedin. \u0130ster teknoloji merakl\u0131s\u0131, ister yeteneklerinizi geli\u015ftirmek isteyen bir profesyonel, ister teknoloji d\u00fcnyas\u0131n\u0131 anlamaya hevesli bir ba\u015flang\u0131\u00e7 seviyesinde kullan\u0131c\u0131 olun, bu rehber t\u00fcm ihtiya\u00e7lar\u0131n\u0131za cevap veriyor. Temel sorun gidermeden ileri d\u00fczey sistem yap\u0131land\u0131rmalar\u0131na kadar \u00e7e\u015fitli teknoloji senaryolar\u0131n\u0131n ayr\u0131nt\u0131l\u0131, ad\u0131m ad\u0131m a\u00e7\u0131klamalar\u0131na ula\u015f\u0131n.<\/p>\n<p>En son yaz\u0131l\u0131mlar\u0131n uzman incelemeleri ve analizleri, bilin\u00e7li kararlar vermenize yard\u0131mc\u0131 olacak ve ihtiya\u00e7lar\u0131n\u0131z i\u00e7in do\u011fru ara\u00e7lar\u0131 se\u00e7menizi sa\u011flayacak.<\/p>\n<\/div>\n<\/div>\n<\/section>\n","protected":false},"excerpt":{"rendered":"<p>Yaz\u0131l\u0131m \u0130ncelemeleri &#038; Teknoloji \u0130lgili Nas\u0131l Yap\u0131l\u0131r K\u0131lavuzlar\u0131 Teknolojinin s\u0131rlar\u0131n\u0131 &#8216;Teknoloji Senaryolar\u0131 ve Yaz\u0131l\u0131m \u0130ncelemeleri Nas\u0131l Yap\u0131l\u0131r&#8217; adl\u0131 kapsaml\u0131 rehberimizle ke\u015ffedin. \u0130ster teknoloji merakl\u0131s\u0131, ister yeteneklerinizi geli\u015ftirmek isteyen bir profesyonel, ister teknoloji d\u00fcnyas\u0131n\u0131 anlamaya hevesli bir ba\u015flang\u0131\u00e7 seviyesinde kullan\u0131c\u0131 olun, bu rehber t\u00fcm ihtiya\u00e7lar\u0131n\u0131za cevap veriyor. Temel sorun gidermeden ileri d\u00fczey sistem yap\u0131land\u0131rmalar\u0131na kadar \u00e7e\u015fitli [&hellip;]<\/p>\n","protected":false},"author":2,"featured_media":20146,"parent":0,"menu_order":0,"comment_status":"closed","ping_status":"closed","template":"homepage.php","meta":{"_stopmodifiedupdate":false,"_modified_date":"","_lmt_disableupdate":"yes","_lmt_disable":""},"acf":[],"yoast_head":"<!-- This site is optimized with the Yoast SEO plugin v20.9 - https:\/\/yoast.com\/wordpress\/plugins\/seo\/ -->\n<title>2026 En Son Yaz\u0131l\u0131m \/ Uygulama \u0130ncelemeleri &amp; Nas\u0131l Yap\u0131l\u0131r E\u011fitimleri.<\/title>\n<meta name=\"description\" content=\"Teknolojinin s\u0131rlar\u0131n\u0131 &#039;Teknoloji Senaryolar\u0131 ve Yaz\u0131l\u0131m \u0130ncelemeleri Nas\u0131l Yap\u0131l\u0131r&#039; adl\u0131 kapsaml\u0131 rehberimizle ke\u015ffedin. \u0130ster teknoloji merakl\u0131s\u0131, ister yeteneklerinizi geli\u015ftirmek isteyen bir profesyonel, ister teknoloji d\u00fcnyas\u0131n\u0131 anlamaya hevesli bir ba\u015flang\u0131\u00e7 seviyesinde kullan\u0131c\u0131 olun, bu rehber t\u00fcm ihtiya\u00e7lar\u0131n\u0131za cevap veriyor. Temel sorun gidermeden ileri d\u00fczey sistem yap\u0131land\u0131rmalar\u0131na kadar \u00e7e\u015fitli teknoloji senaryolar\u0131n\u0131n ayr\u0131nt\u0131l\u0131, ad\u0131m ad\u0131m a\u00e7\u0131klamalar\u0131na ula\u015f\u0131n.\" \/>\n<meta name=\"robots\" content=\"index, follow, max-snippet:-1, max-image-preview:large, max-video-preview:-1\" \/>\n<link rel=\"canonical\" href=\"https:\/\/howto.ping.fm\/tr\/\" \/>\n<meta property=\"og:locale\" content=\"tr_TR\" \/>\n<meta property=\"og:type\" content=\"article\" \/>\n<meta property=\"og:title\" content=\"2026 En Son Yaz\u0131l\u0131m \/ Uygulama \u0130ncelemeleri &amp; Nas\u0131l Yap\u0131l\u0131r E\u011fitimleri.\" \/>\n<meta property=\"og:description\" content=\"Teknolojinin s\u0131rlar\u0131n\u0131 &#039;Teknoloji Senaryolar\u0131 ve Yaz\u0131l\u0131m \u0130ncelemeleri Nas\u0131l Yap\u0131l\u0131r&#039; adl\u0131 kapsaml\u0131 rehberimizle ke\u015ffedin. \u0130ster teknoloji merakl\u0131s\u0131, ister yeteneklerinizi geli\u015ftirmek isteyen bir profesyonel, ister teknoloji d\u00fcnyas\u0131n\u0131 anlamaya hevesli bir ba\u015flang\u0131\u00e7 seviyesinde kullan\u0131c\u0131 olun, bu rehber t\u00fcm ihtiya\u00e7lar\u0131n\u0131za cevap veriyor. Temel sorun gidermeden ileri d\u00fczey sistem yap\u0131land\u0131rmalar\u0131na kadar \u00e7e\u015fitli teknoloji senaryolar\u0131n\u0131n ayr\u0131nt\u0131l\u0131, ad\u0131m ad\u0131m a\u00e7\u0131klamalar\u0131na ula\u015f\u0131n.\" \/>\n<meta property=\"og:url\" content=\"https:\/\/howto.ping.fm\/tr\/\" \/>\n<meta property=\"og:site_name\" content=\"How To &amp; Best Software\" \/>\n<meta property=\"article:modified_time\" content=\"2024-04-09T09:35:33+00:00\" \/>\n<meta property=\"og:image\" content=\"https:\/\/www.ping.fm\/howto\/wp-content\/uploads\/2024\/01\/DALL\u00b7E_2024_01_05_09_54_29_A_simple_3D_character_holding_a_tech.png\" \/>\n\t<meta property=\"og:image:width\" content=\"1024\" \/>\n\t<meta property=\"og:image:height\" content=\"1024\" \/>\n\t<meta property=\"og:image:type\" content=\"image\/png\" \/>\n<meta name=\"twitter:card\" content=\"summary_large_image\" \/>\n<script type=\"application\/ld+json\" class=\"yoast-schema-graph\">{\"@context\":\"https:\/\/schema.org\",\"@graph\":[{\"@type\":\"WebPage\",\"@id\":\"https:\/\/howto.ping.fm\/tr\/\",\"url\":\"https:\/\/howto.ping.fm\/tr\/\",\"name\":\"2026 En Son Yaz\u0131l\u0131m \/ Uygulama \u0130ncelemeleri & Nas\u0131l Yap\u0131l\u0131r E\u011fitimleri.\",\"isPartOf\":{\"@id\":\"https:\/\/howto.ping.fm\/tr\/#website\"},\"datePublished\":\"2023-07-31T13:58:28+00:00\",\"dateModified\":\"2024-04-09T09:35:33+00:00\",\"description\":\"Teknolojinin s\u0131rlar\u0131n\u0131 'Teknoloji Senaryolar\u0131 ve Yaz\u0131l\u0131m \u0130ncelemeleri Nas\u0131l Yap\u0131l\u0131r' adl\u0131 kapsaml\u0131 rehberimizle ke\u015ffedin. \u0130ster teknoloji merakl\u0131s\u0131, ister yeteneklerinizi geli\u015ftirmek isteyen bir profesyonel, ister teknoloji d\u00fcnyas\u0131n\u0131 anlamaya hevesli bir ba\u015flang\u0131\u00e7 seviyesinde kullan\u0131c\u0131 olun, bu rehber t\u00fcm ihtiya\u00e7lar\u0131n\u0131za cevap veriyor. Temel sorun gidermeden ileri d\u00fczey sistem yap\u0131land\u0131rmalar\u0131na kadar \u00e7e\u015fitli teknoloji senaryolar\u0131n\u0131n ayr\u0131nt\u0131l\u0131, ad\u0131m ad\u0131m a\u00e7\u0131klamalar\u0131na ula\u015f\u0131n.\",\"breadcrumb\":{\"@id\":\"https:\/\/howto.ping.fm\/tr\/#breadcrumb\"},\"inLanguage\":\"tr\",\"potentialAction\":[{\"@type\":\"ReadAction\",\"target\":[\"https:\/\/howto.ping.fm\/tr\/\"]}]},{\"@type\":\"BreadcrumbList\",\"@id\":\"https:\/\/howto.ping.fm\/tr\/#breadcrumb\",\"itemListElement\":[{\"@type\":\"ListItem\",\"position\":1,\"name\":\"Home\",\"item\":\"https:\/\/www.ping.fm\/howto\/tr\/\"},{\"@type\":\"ListItem\",\"position\":2,\"name\":\"\/tr\"}]},{\"@type\":\"WebSite\",\"@id\":\"https:\/\/howto.ping.fm\/tr\/#website\",\"url\":\"https:\/\/howto.ping.fm\/tr\/\",\"name\":\"How To &amp; Best Software\",\"description\":\"\",\"potentialAction\":[{\"@type\":\"SearchAction\",\"target\":{\"@type\":\"EntryPoint\",\"urlTemplate\":\"https:\/\/howto.ping.fm\/tr\/?s={search_term_string}\"},\"query-input\":\"required name=search_term_string\"}],\"inLanguage\":\"tr\"}]}<\/script>\n<!-- \/ Yoast SEO plugin. -->","yoast_head_json":{"title":"2026 En Son Yaz\u0131l\u0131m \/ Uygulama \u0130ncelemeleri & Nas\u0131l Yap\u0131l\u0131r E\u011fitimleri.","description":"Teknolojinin s\u0131rlar\u0131n\u0131 'Teknoloji Senaryolar\u0131 ve Yaz\u0131l\u0131m \u0130ncelemeleri Nas\u0131l Yap\u0131l\u0131r' adl\u0131 kapsaml\u0131 rehberimizle ke\u015ffedin. \u0130ster teknoloji merakl\u0131s\u0131, ister yeteneklerinizi geli\u015ftirmek isteyen bir profesyonel, ister teknoloji d\u00fcnyas\u0131n\u0131 anlamaya hevesli bir ba\u015flang\u0131\u00e7 seviyesinde kullan\u0131c\u0131 olun, bu rehber t\u00fcm ihtiya\u00e7lar\u0131n\u0131za cevap veriyor. Temel sorun gidermeden ileri d\u00fczey sistem yap\u0131land\u0131rmalar\u0131na kadar \u00e7e\u015fitli teknoloji senaryolar\u0131n\u0131n ayr\u0131nt\u0131l\u0131, ad\u0131m ad\u0131m a\u00e7\u0131klamalar\u0131na ula\u015f\u0131n.","robots":{"index":"index","follow":"follow","max-snippet":"max-snippet:-1","max-image-preview":"max-image-preview:large","max-video-preview":"max-video-preview:-1"},"canonical":"https:\/\/howto.ping.fm\/tr\/","og_locale":"tr_TR","og_type":"article","og_title":"2026 En Son Yaz\u0131l\u0131m \/ Uygulama \u0130ncelemeleri & Nas\u0131l Yap\u0131l\u0131r E\u011fitimleri.","og_description":"Teknolojinin s\u0131rlar\u0131n\u0131 'Teknoloji Senaryolar\u0131 ve Yaz\u0131l\u0131m \u0130ncelemeleri Nas\u0131l Yap\u0131l\u0131r' adl\u0131 kapsaml\u0131 rehberimizle ke\u015ffedin. \u0130ster teknoloji merakl\u0131s\u0131, ister yeteneklerinizi geli\u015ftirmek isteyen bir profesyonel, ister teknoloji d\u00fcnyas\u0131n\u0131 anlamaya hevesli bir ba\u015flang\u0131\u00e7 seviyesinde kullan\u0131c\u0131 olun, bu rehber t\u00fcm ihtiya\u00e7lar\u0131n\u0131za cevap veriyor. Temel sorun gidermeden ileri d\u00fczey sistem yap\u0131land\u0131rmalar\u0131na kadar \u00e7e\u015fitli teknoloji senaryolar\u0131n\u0131n ayr\u0131nt\u0131l\u0131, ad\u0131m ad\u0131m a\u00e7\u0131klamalar\u0131na ula\u015f\u0131n.","og_url":"https:\/\/howto.ping.fm\/tr\/","og_site_name":"How To &amp; Best Software","article_modified_time":"2024-04-09T09:35:33+00:00","og_image":[{"width":1024,"height":1024,"url":"https:\/\/www.ping.fm\/howto\/wp-content\/uploads\/2024\/01\/DALL\u00b7E_2024_01_05_09_54_29_A_simple_3D_character_holding_a_tech.png","type":"image\/png"}],"twitter_card":"summary_large_image","schema":{"@context":"https:\/\/schema.org","@graph":[{"@type":"WebPage","@id":"https:\/\/howto.ping.fm\/tr\/","url":"https:\/\/howto.ping.fm\/tr\/","name":"2026 En Son Yaz\u0131l\u0131m \/ Uygulama \u0130ncelemeleri & Nas\u0131l Yap\u0131l\u0131r E\u011fitimleri.","isPartOf":{"@id":"https:\/\/howto.ping.fm\/tr\/#website"},"datePublished":"2023-07-31T13:58:28+00:00","dateModified":"2024-04-09T09:35:33+00:00","description":"Teknolojinin s\u0131rlar\u0131n\u0131 'Teknoloji Senaryolar\u0131 ve Yaz\u0131l\u0131m \u0130ncelemeleri Nas\u0131l Yap\u0131l\u0131r' adl\u0131 kapsaml\u0131 rehberimizle ke\u015ffedin. \u0130ster teknoloji merakl\u0131s\u0131, ister yeteneklerinizi geli\u015ftirmek isteyen bir profesyonel, ister teknoloji d\u00fcnyas\u0131n\u0131 anlamaya hevesli bir ba\u015flang\u0131\u00e7 seviyesinde kullan\u0131c\u0131 olun, bu rehber t\u00fcm ihtiya\u00e7lar\u0131n\u0131za cevap veriyor. Temel sorun gidermeden ileri d\u00fczey sistem yap\u0131land\u0131rmalar\u0131na kadar \u00e7e\u015fitli teknoloji senaryolar\u0131n\u0131n ayr\u0131nt\u0131l\u0131, ad\u0131m ad\u0131m a\u00e7\u0131klamalar\u0131na ula\u015f\u0131n.","breadcrumb":{"@id":"https:\/\/howto.ping.fm\/tr\/#breadcrumb"},"inLanguage":"tr","potentialAction":[{"@type":"ReadAction","target":["https:\/\/howto.ping.fm\/tr\/"]}]},{"@type":"BreadcrumbList","@id":"https:\/\/howto.ping.fm\/tr\/#breadcrumb","itemListElement":[{"@type":"ListItem","position":1,"name":"Home","item":"https:\/\/www.ping.fm\/howto\/tr\/"},{"@type":"ListItem","position":2,"name":"\/tr"}]},{"@type":"WebSite","@id":"https:\/\/howto.ping.fm\/tr\/#website","url":"https:\/\/howto.ping.fm\/tr\/","name":"How To &amp; Best Software","description":"","potentialAction":[{"@type":"SearchAction","target":{"@type":"EntryPoint","urlTemplate":"https:\/\/howto.ping.fm\/tr\/?s={search_term_string}"},"query-input":"required name=search_term_string"}],"inLanguage":"tr"}]}},"_links":{"self":[{"href":"https:\/\/howto.ping.fm\/tr\/wp-json\/wp\/v2\/pages\/20142"}],"collection":[{"href":"https:\/\/howto.ping.fm\/tr\/wp-json\/wp\/v2\/pages"}],"about":[{"href":"https:\/\/howto.ping.fm\/tr\/wp-json\/wp\/v2\/types\/page"}],"author":[{"embeddable":true,"href":"https:\/\/howto.ping.fm\/tr\/wp-json\/wp\/v2\/users\/2"}],"replies":[{"embeddable":true,"href":"https:\/\/howto.ping.fm\/tr\/wp-json\/wp\/v2\/comments?post=20142"}],"version-history":[{"count":1,"href":"https:\/\/howto.ping.fm\/tr\/wp-json\/wp\/v2\/pages\/20142\/revisions"}],"predecessor-version":[{"id":20147,"href":"https:\/\/howto.ping.fm\/tr\/wp-json\/wp\/v2\/pages\/20142\/revisions\/20147"}],"wp:featuredmedia":[{"embeddable":true,"href":"https:\/\/howto.ping.fm\/tr\/wp-json\/wp\/v2\/media\/20146"}],"wp:attachment":[{"href":"https:\/\/howto.ping.fm\/tr\/wp-json\/wp\/v2\/media?parent=20142"}],"curies":[{"name":"wp","href":"https:\/\/api.w.org\/{rel}","templated":true}]}}