{"id":24573,"date":"2024-10-03T00:00:00","date_gmt":"2024-10-03T00:00:00","guid":{"rendered":"https:\/\/howto.ping.fm\/comprehensive-guide-to-video-repair\/"},"modified":"2024-10-07T09:41:43","modified_gmt":"2024-10-07T09:41:43","slug":"comprehensive-guide-to-video-repair","status":"publish","type":"page","link":"https:\/\/howto.ping.fm\/sv\/comprehensive-guide-to-video-repair\/","title":{"rendered":"Komplett guide f\u00f6r videoreparation"},"content":{"rendered":"<section>\n<h1>Omfattande guide till videoreparation<\/h1>\n<div class=\"inbrief\">\n<div>                     <img src=\"https:\/\/www.ping.fm\/howto\/wp-content\/uploads\/ai\/Comprehensive-Guide-to-Video-Repair.jpg\" alt=\"Omfattande guide till videoreparation\" title=\"Omfattande guide till videoreparation\" width=\"1280\" height=\"720\">                     <\/p>\n<p>Videofiler \u00e4r en v\u00e4sentlig del av v\u00e5ra digitala liv, f\u00e5ngar minnesv\u00e4rda \u00f6gonblick, v\u00e4rdefulla handledningar och betydande h\u00e4ndelser. Men att st\u00f6ta p\u00e5 en korrumperad, skadad eller ospelbar video kan vara frustrerande. Lyckligtvis finns det effektiva l\u00f6sningar f\u00f6r att reparera dessa filer och \u00e5terst\u00e4lla deras funktionalitet. Denna omfattande guide kommer att leda dig genom olika metoder f\u00f6r att reparera videor med olika verktyg, inklusive smarta onlineverktyg f\u00f6r videoreparation, professionell programvara och standardfels\u00f6kningstekniker.<\/p>\n<\/div>\n<\/div>\n<\/section>\n<section>\n<div>\n<div>1<\/div>\n<h2>Vanliga scenarier:<\/h2>\n<\/div>\n<h3>Videon misslyckas med att spela p\u00e5 grund av formatproblem &#128201;<\/h3>\n<ul>\n<li>Att hitta din <b>videofil<\/b> ospelbar \u00e4r en vanlig f\u00f6reteelse. Oftast h\u00e4nder detta eftersom <b>videoformatet<\/b> inte st\u00f6ds av din <b>mediaplayer<\/b>.<\/li>\n<li>Att st\u00f6ta p\u00e5 meddelanden som, <b>&#8217;st\u00f6ds ej filformat&#8217;<\/b> kan vara ganska frustrerande.<\/li>\n<li>F\u00f6r att l\u00f6sa detta kan du beh\u00f6va <b>konvertera videofilen<\/b> till ett format som \u00e4r kompatibelt med din mediespelare eller reparera det befintliga formatet med ett <b>p\u00e5litligt videoreparationsverktyg<\/b>.<\/li>\n<\/ul>\n<h3>Korrupt videofil efter \u00e5terst\u00e4llning fr\u00e5n backup &#128190;<\/h3>\n<ul>\n<li>\u00c5terst\u00e4llning av <b>videofiler<\/b> fr\u00e5n en backup kan ibland leda till korruption.<\/li>\n<li>Du kan sluta upp med <b>ofullst\u00e4ndiga<\/b> eller <b>trasiga videofiler<\/b> efter \u00e5terst\u00e4llning.<\/li>\n<li>Detta scenario kr\u00e4ver anv\u00e4ndning av ett effektivt <b>videoreparationsverktyg<\/b> som kan hantera korrupta filer och \u00e5terst\u00e4lla dem till deras ursprungliga skick.<\/li>\n<\/ul>\n<h3>Ljud ur synk med video &#127925;<\/h3>\n<ul>\n<li>Att uppleva ett <b>ljud-video synkproblem<\/b> kan f\u00f6rst\u00f6ra hela videoupplevelsen.<\/li>\n<li>Detta problem kan uppst\u00e5 p\u00e5 grund av en felaktig kodningsprocess eller en mindre korruption i <b>videofilen<\/b>.<\/li>\n<li>Att anv\u00e4nda specialiserad <b>videoredigeringsprogramvara<\/b> eller dedikerade <b>videoreparationsverktyg<\/b> kan hj\u00e4lpa till att fixa synkproblemet.<\/li>\n<\/ul>\n<\/section>\n<section class=\"stepByStep\">\n<div>\n<div>2<\/div>\n<h2>Steg-f\u00f6r-steg-guide. Videoreparation:<\/h2>\n<\/div>\n<h3>Metod 1: Anv\u00e4nda smart gratis online videoreparationsverktyg &#127760;<\/h3>\n<ul>\n<li>Det f\u00f6rsta steget \u00e4r att \u00f6ppna <a href='https:\/\/repair.cleverfiles.com' rel=\"nofollow noopener\" target='_blank'><b>Smart gratis online videoreparationsverktyg<\/b><\/a> webbplats.<\/li>\n<li>Klicka p\u00e5 &#8217;Ladda upp fil&#8217;-knappen och v\u00e4lj den korrumperade <b>videofilen<\/b> fr\u00e5n din dator.<\/li>\n<li>N\u00e4r filen har laddats upp, tryck p\u00e5 &#8217;Reparera&#8217;-knappen f\u00f6r att starta <b>videoreparationsprocessen<\/b>.<\/li>\n<li>Ladda ner den reparerade filen n\u00e4r processen \u00e4r klar och kolla om videon spelar korrekt.<\/li>\n<\/ul>\n<p><b>Notering:<\/b> Detta verktyg kan effektivt reparera de vanligaste videofilskorruptionerna.<\/p>\n<p><img src=\"https:\/\/www.ping.fm\/howto\/wp-content\/uploads\/ai\/Repair-Clever-Comprehensive-Guide-to-Video-Repair.jpg\" alt=\"Omfattande guide till videoreparation Sk\u00e4rmdump\" width=\"1280\" height=\"720\"><\/p>\n<p><b>Slutsats:<\/b> Att anv\u00e4nda ett online videoreparationsverktyg \u00e4r ett enkelt och effektivt s\u00e4tt att fixa olika videoproblem utan att installera n\u00e5gon programvara.<\/p>\n<h3>Metod 2: Reparera video med VLC Media Player &#127909;<\/h3>\n<ul>\n<li>\u00d6ppna <b>VLC Media Player<\/b> p\u00e5 din dator.<\/li>\n<li>G\u00e5 till &#8217;Media&#8217; och v\u00e4lj &#8217;Konvertera\/Spara&#8217; fr\u00e5n rullgardinsmenyn.<\/li>\n<li>I popup-f\u00f6nstret, l\u00e4gg till den korrumperade <b>videofilen<\/b> och klicka p\u00e5 &#8217;Konvertera\/Spara&#8217;.<\/li>\n<li>V\u00e4lj \u00f6nskad profil f\u00f6r konverteringen och v\u00e4lj m\u00e5lmappen f\u00f6r utdatafilen.<\/li>\n<li>Klicka p\u00e5 &#8217;Start&#8217; f\u00f6r att b\u00f6rja <b>konverteringsprocessen<\/b>. VLC kommer att f\u00f6rs\u00f6ka reparera videon medan den konverterar den.<\/li>\n<\/ul>\n<p><b>Notering:<\/b> VLC hj\u00e4lper ofta till att fixa mindre korruptioner under konverteringsprocessen.<\/p>\n<p><b>Slutsats:<\/b> VLC Media Player \u00e4r inte bara en spelare utan ocks\u00e5 ett robust verktyg f\u00f6r att reparera och konvertera videofiler.<\/p>\n<h3>Metod 3: Anv\u00e4nda professionell programvara: Wondershare Repairit &#128736;<\/h3>\n<ul>\n<li>Ladda ner och installera <b>Wondershare Repairit<\/b> p\u00e5 din dator. Du kan hitta det h\u00e4r.<\/li>\n<li>Starta programvaran och klicka p\u00e5 &#8217;L\u00e4gg till&#8217;-knappen f\u00f6r att ladda upp den korrumperade videofilen.<\/li>\n<li>Klicka p\u00e5 &#8217;Reparera&#8217;-knappen f\u00f6r att starta <b>reparationsprocessen<\/b>.<\/li>\n<li>N\u00e4r reparationen \u00e4r klar, f\u00f6rhandsgranska videon f\u00f6r att s\u00e4kerst\u00e4lla att den \u00e4r fixad och spara den sedan till din \u00f6nskade plats.<\/li>\n<\/ul>\n<p><b>Notering:<\/b> Professionella verktyg brukar komma med avancerade funktioner f\u00f6r djupare reparation.<\/p>\n<p><b>Slutsats:<\/b> Wondershare Repairit \u00e4r ett kraftfullt verktyg f\u00f6r att reparera allvarligt korrupta videofiler, tack vare dess avancerade algoritmer.<\/p>\n<h3>Metod 4: Fixa med HandBrake &#128295;<\/h3>\n<ul>\n<li>Ladda ner och installera <b>HandBrake<\/b> fr\u00e5n den officiella webbplatsen <a href='https:\/\/handbrake.fr\/' rel=\"nofollow noopener\" target='_blank'>h\u00e4r<\/a>.<\/li>\n<li>\u00d6ppna HandBrake och ladda den korrumperade videofilen genom att klicka p\u00e5 &#8217;K\u00e4lla&#8217;-knappen.<\/li>\n<li>V\u00e4lj en m\u00e5lmapp och ett utdataformat som passar dina krav.<\/li>\n<li>Klicka p\u00e5 &#8217;Starta kodning&#8217; f\u00f6r att inleda processen. HandBrake kommer att omkoda videon och potentiellt fixa mindre korruptioner.<\/li>\n<\/ul>\n<p><b>Notering:<\/b> HandBrake \u00e4r fr\u00e4mst en videokonverterare men kan fixa mindre problem under omkodning.<\/p>\n<p><b>Slutsats:<\/b> HandBrake kan vara ett anv\u00e4ndbart verktyg f\u00f6r att reparera videor genom att omkoda dem i ett nytt format.<\/p>\n<h3>Metod 5: Reparera ljud-video synkproblem med Avidemux &#128260;<\/h3>\n<ul>\n<li>Ladda ner och installera <b>Avidemux<\/b> fr\u00e5n den officiella webbplatsen h\u00e4r.<\/li>\n<li>\u00d6ppna Avidemux och ladda den korrumperade videofilen.<\/li>\n<li>G\u00e5 till &#8217;Ljud&#8217; och sedan &#8217;Skift&#8217; f\u00f6r att ange r\u00e4tt <b>synkv\u00e4rde<\/b> f\u00f6r att justera ljudet.<\/li>\n<li>F\u00f6rhandsgranska videon och se till att ljudet \u00e4r i synk med videon.<\/li>\n<li>Spara den fixade videon genom att klicka p\u00e5 &#8217;Fil&#8217; och sedan &#8217;Spara&#8217;.<\/li>\n<\/ul>\n<p><b>Notering:<\/b> Avidemux \u00e4r utm\u00e4rkt f\u00f6r att justera ljud- och videosynkroniseringsproblem manuellt.<\/p>\n<p><b>Slutsats:<\/b> Om din video har synkproblem, erbjuder Avidemux ett enkelt s\u00e4tt att manuellt korrigera justeringen.<\/p>\n<\/section>\n<section>\n<div>\n<div>3<\/div>\n<h2>Titta p\u00e5 Youtube: <a href=\"https:\/\/www.youtube.com\/watch?v=6VCrzS_Jsrg\" target=\"_blank\" rel=\"noopener\">Omfattande guide f\u00f6r videoreparation<\/a><\/h2>\n<\/div>\n<div class=\"iframe\"><iframe width=\"420\" height=\"315\" src=\"\/\/www.youtube.com\/embed\/6VCrzS_Jsrg\" frameborder=\"0\" allowfullscreen><\/iframe><\/div>\n<\/section>\n<section>\n<div>\n<div>4<\/div>\n<h2>F\u00f6rsiktighets\u00e5tg\u00e4rder och tips:<\/h2>\n<\/div>\n<h3>Skydda videofiler mot korruption &#128737;<\/h3>\n<ul>\n<li>Anv\u00e4nd alltid en <b>p\u00e5litlig backup-l\u00f6sning<\/b> f\u00f6r att f\u00f6rhindra dataf\u00f6rlust.<\/li>\n<li>Undvik att anv\u00e4nda <b>instabilt lagringsmedium<\/b> f\u00f6r att lagra viktiga <b>videofiler<\/b>.<\/li>\n<li>Uppdatera regelbundet ditt system och din mediespelare f\u00f6r att undvika kompatibilitetsproblem.<\/li>\n<li>Anv\u00e4nd <b>p\u00e5litlig programvara<\/b> f\u00f6r redigering och konvertering av video.<\/li>\n<li>Innan du konverterar eller byter namn p\u00e5 en videofil, g\u00f6r en <b>backup-kopia<\/b> f\u00f6r att f\u00f6rhindra oavsiktlig korruption.<\/li>\n<\/ul>\n<h3>F\u00f6rhindra uppspelningsproblem f\u00f6r video &#127902;<\/h3>\n<ul>\n<li>S\u00e4kerst\u00e4ll att din mediespelare \u00e4r uppdaterad f\u00f6r att st\u00f6dja de senaste <b>videoformat<\/b>.<\/li>\n<li>Installera n\u00f6dv\u00e4ndiga <b>codecs<\/b> om din videofil inte spelas upp.<\/li>\n<li>Anv\u00e4nd betrodda k\u00e4llor f\u00f6r att ladda ner videofiler och undvik <b>tredjepartsapplikationer<\/b> som kan vara skadliga.<\/li>\n<li>Om din video buffrar eller laggar, \u00f6verv\u00e4g att <b>rensa<\/b> cacheminnet p\u00e5 din mediespelare.<\/li>\n<li>Skanna regelbundet din dator efter <b>virus<\/b> och malware f\u00f6r att h\u00e5lla den i optimal h\u00e4lsa.<\/li>\n<\/ul>\n<\/section>\n<section>\n<div>\n<div>5<\/div>\n<h2>Kritiska insikter <\/h2>\n<\/div>\n<p>Att f\u00f6rst\u00e5 hur <b>videokorruption<\/b> uppst\u00e5r \u00e4r grundl\u00e4ggande f\u00f6r effektiv videoreparation. Korruption kan orsakas av olika faktorer inklusive ofullst\u00e4ndiga nedladdningar, str\u00f6mavbrott, felaktiga konverteringar eller malware-attacker. Att k\u00e4nna igen orsaken hj\u00e4lper till att v\u00e4lja den b\u00e4sta reparationsmetoden.<\/p>\n<p><b>Professionell videoreparationsprogramvara<\/b> som <a href='https:\/\/www.stellarinfo.com\/disk-tool\/repair-mp4-file.php' rel=\"nofollow noopener\" target='_blank'>Stellar Repair for Video<\/a> erbjuder en omfattande l\u00f6sning, med avancerade alternativ f\u00f6r att \u00e5tg\u00e4rda sv\u00e5ra korruptioner, som trasiga rubriker, ramekorruption eller ol\u00e4mplig synkronisering av ljud och video. De flesta av dessa verktyg erbjuder en gratis testversion f\u00f6r grundl\u00e4ggande reparationer.<\/p>\n<p>Alternativt, manuella verktyg som <a href='https:\/\/ffmpeg.org\/download.html' rel=\"nofollow noopener\" target='_blank'>FFmpeg<\/a> ger dig mer kontroll \u00f6ver <b>reparationsprocessen<\/b>. Genom att anv\u00e4nda kommandoradsinmatningar kan du rikta specifika problem, men det kr\u00e4ver teknisk kunskap om codecs och videostrukturer.<\/p>\n<p><b>Molnbaserade l\u00f6sningar<\/b> har ocks\u00e5 blivit popul\u00e4ra. Plattformar erbjuder fj\u00e4rrreparationstj\u00e4nster f\u00f6r video d\u00e4r du laddar upp dina korrupta filer och expertsystem hanterar reparationen. S\u00e5dana tj\u00e4nster brukar kosta men \u00e4r mycket effektiva f\u00f6r sv\u00e5rt skadade filer.<\/p>\n<p>F\u00f6r dem som regelbundet st\u00f6ter p\u00e5 videoproblem, \u00e4r investeringar i en h\u00f6gkvalitativ videokamera och lagringsenhet ett betydande steg f\u00f6r att minska risken f\u00f6r att st\u00f6ta p\u00e5 korrupta filer. H\u00f6gkvalitativa enheter har ofta skyddsmekanismer som skyddar filer vid ov\u00e4ntade h\u00e4ndelser som batterifel eller pl\u00f6tslig p\u00e5verkan.<\/p>\n<\/section>\n<section>\n<h2>Slutsats:<\/h2>\n<div class=\"nonp\">Att hantera korrupta eller ospelbara videor beh\u00f6ver inte vara en stressig upplevelse. Med r\u00e4tt verktyg och lite kunskap kan du enkelt hantera de vanligaste videokorruptionsproblemen. Fr\u00e5n att anv\u00e4nda gratis onlineverktyg som Clever Free Online Video Repair-verktyget till mer komplexa programvarul\u00f6sningar, finns en l\u00e4mplig metod f\u00f6r varje typ av problem. Kom alltid ih\u00e5g att vidta f\u00f6rebyggande \u00e5tg\u00e4rder f\u00f6r att skydda dina v\u00e4rdefulla filer fr\u00e5n framtida problem. F\u00f6r mer detaljerade reparationsmetoder, h\u00e4nvisa till <a href='https:\/\/www.cleverfiles.com\/howto\/repair-corrupted-video.html' rel=\"dofollow noopener\" target='_blank'>B\u00e4sta tipsen f\u00f6r att reparera videor<\/a> guiden.<\/div>\n<\/section>\n","protected":false},"excerpt":{"rendered":"<p>Omfattande guide till videoreparation Videofiler \u00e4r en v\u00e4sentlig del av v\u00e5ra digitala liv, f\u00e5ngar minnesv\u00e4rda \u00f6gonblick, v\u00e4rdefulla handledningar och betydande h\u00e4ndelser. Men att st\u00f6ta p\u00e5 en korrumperad, skadad eller ospelbar video kan vara frustrerande. Lyckligtvis finns det effektiva l\u00f6sningar f\u00f6r att reparera dessa filer och \u00e5terst\u00e4lla deras funktionalitet. Denna omfattande guide kommer att leda dig [&hellip;]<\/p>\n","protected":false},"author":0,"featured_media":0,"parent":0,"menu_order":0,"comment_status":"closed","ping_status":"closed","template":"chromecast.php","meta":{"_stopmodifiedupdate":false,"_modified_date":"","_lmt_disableupdate":"","_lmt_disable":""},"acf":[],"yoast_head":"<!-- This site is optimized with the Yoast SEO plugin v20.9 - https:\/\/yoast.com\/wordpress\/plugins\/seo\/ -->\n<title>Komplett Videoreparationsguide<\/title>\n<meta name=\"robots\" content=\"index, follow, max-snippet:-1, max-image-preview:large, max-video-preview:-1\" \/>\n<link rel=\"canonical\" href=\"https:\/\/howto.ping.fm\/sv\/comprehensive-guide-to-video-repair\/\" \/>\n<meta property=\"og:locale\" content=\"sv_SE\" \/>\n<meta property=\"og:type\" content=\"article\" \/>\n<meta property=\"og:title\" content=\"Komplett Videoreparationsguide\" \/>\n<meta property=\"og:description\" content=\"Omfattande guide till videoreparation Videofiler \u00e4r en v\u00e4sentlig del av v\u00e5ra digitala liv, f\u00e5ngar minnesv\u00e4rda \u00f6gonblick, v\u00e4rdefulla handledningar och betydande h\u00e4ndelser. Men att st\u00f6ta p\u00e5 en korrumperad, skadad eller ospelbar video kan vara frustrerande. Lyckligtvis finns det effektiva l\u00f6sningar f\u00f6r att reparera dessa filer och \u00e5terst\u00e4lla deras funktionalitet. Denna omfattande guide kommer att leda dig [&hellip;]\" \/>\n<meta property=\"og:url\" content=\"https:\/\/howto.ping.fm\/sv\/comprehensive-guide-to-video-repair\/\" \/>\n<meta property=\"og:site_name\" content=\"Hur man g\u00f6r &amp; B\u00e4sta programvaran\" \/>\n<meta property=\"article:modified_time\" content=\"2024-10-07T09:41:43+00:00\" \/>\n<meta property=\"og:image\" content=\"https:\/\/www.ping.fm\/howto\/wp-content\/uploads\/ai\/Comprehensive-Guide-to-Video-Repair.jpg\" \/>\n<meta name=\"twitter:card\" content=\"summary_large_image\" \/>\n<meta name=\"twitter:label1\" content=\"Est. reading time\" \/>\n\t<meta name=\"twitter:data1\" content=\"6 minuter\" \/>\n<script type=\"application\/ld+json\" class=\"yoast-schema-graph\">{\"@context\":\"https:\/\/schema.org\",\"@graph\":[{\"@type\":\"WebPage\",\"@id\":\"https:\/\/howto.ping.fm\/sv\/comprehensive-guide-to-video-repair\/\",\"url\":\"https:\/\/howto.ping.fm\/sv\/comprehensive-guide-to-video-repair\/\",\"name\":\"Komplett Videoreparationsguide\",\"isPartOf\":{\"@id\":\"https:\/\/howto.ping.fm\/sv\/#website\"},\"datePublished\":\"2024-10-03T00:00:00+00:00\",\"dateModified\":\"2024-10-07T09:41:43+00:00\",\"breadcrumb\":{\"@id\":\"https:\/\/howto.ping.fm\/sv\/comprehensive-guide-to-video-repair\/#breadcrumb\"},\"inLanguage\":\"sv-SE\",\"potentialAction\":[{\"@type\":\"ReadAction\",\"target\":[\"https:\/\/howto.ping.fm\/sv\/comprehensive-guide-to-video-repair\/\"]}]},{\"@type\":\"BreadcrumbList\",\"@id\":\"https:\/\/howto.ping.fm\/sv\/comprehensive-guide-to-video-repair\/#breadcrumb\",\"itemListElement\":[{\"@type\":\"ListItem\",\"position\":1,\"name\":\"Home\",\"item\":\"https:\/\/www.ping.fm\/howto\/sv\/\"},{\"@type\":\"ListItem\",\"position\":2,\"name\":\"Komplett guide f\u00f6r videoreparation\"}]},{\"@type\":\"WebSite\",\"@id\":\"https:\/\/howto.ping.fm\/sv\/#website\",\"url\":\"https:\/\/howto.ping.fm\/sv\/\",\"name\":\"Hur man g\u00f6r & B\u00e4sta programvaran\",\"description\":\"\",\"potentialAction\":[{\"@type\":\"SearchAction\",\"target\":{\"@type\":\"EntryPoint\",\"urlTemplate\":\"https:\/\/howto.ping.fm\/sv\/?s={search_term_string}\"},\"query-input\":\"required name=search_term_string\"}],\"inLanguage\":\"sv-SE\"}]}<\/script>\n<!-- \/ Yoast SEO plugin. -->","yoast_head_json":{"title":"Komplett Videoreparationsguide","robots":{"index":"index","follow":"follow","max-snippet":"max-snippet:-1","max-image-preview":"max-image-preview:large","max-video-preview":"max-video-preview:-1"},"canonical":"https:\/\/howto.ping.fm\/sv\/comprehensive-guide-to-video-repair\/","og_locale":"sv_SE","og_type":"article","og_title":"Komplett Videoreparationsguide","og_description":"Omfattande guide till videoreparation Videofiler \u00e4r en v\u00e4sentlig del av v\u00e5ra digitala liv, f\u00e5ngar minnesv\u00e4rda \u00f6gonblick, v\u00e4rdefulla handledningar och betydande h\u00e4ndelser. Men att st\u00f6ta p\u00e5 en korrumperad, skadad eller ospelbar video kan vara frustrerande. Lyckligtvis finns det effektiva l\u00f6sningar f\u00f6r att reparera dessa filer och \u00e5terst\u00e4lla deras funktionalitet. Denna omfattande guide kommer att leda dig [&hellip;]","og_url":"https:\/\/howto.ping.fm\/sv\/comprehensive-guide-to-video-repair\/","og_site_name":"Hur man g\u00f6r & B\u00e4sta programvaran","article_modified_time":"2024-10-07T09:41:43+00:00","og_image":[{"url":"https:\/\/www.ping.fm\/howto\/wp-content\/uploads\/ai\/Comprehensive-Guide-to-Video-Repair.jpg"}],"twitter_card":"summary_large_image","twitter_misc":{"Est. reading time":"6 minuter"},"schema":{"@context":"https:\/\/schema.org","@graph":[{"@type":"WebPage","@id":"https:\/\/howto.ping.fm\/sv\/comprehensive-guide-to-video-repair\/","url":"https:\/\/howto.ping.fm\/sv\/comprehensive-guide-to-video-repair\/","name":"Komplett Videoreparationsguide","isPartOf":{"@id":"https:\/\/howto.ping.fm\/sv\/#website"},"datePublished":"2024-10-03T00:00:00+00:00","dateModified":"2024-10-07T09:41:43+00:00","breadcrumb":{"@id":"https:\/\/howto.ping.fm\/sv\/comprehensive-guide-to-video-repair\/#breadcrumb"},"inLanguage":"sv-SE","potentialAction":[{"@type":"ReadAction","target":["https:\/\/howto.ping.fm\/sv\/comprehensive-guide-to-video-repair\/"]}]},{"@type":"BreadcrumbList","@id":"https:\/\/howto.ping.fm\/sv\/comprehensive-guide-to-video-repair\/#breadcrumb","itemListElement":[{"@type":"ListItem","position":1,"name":"Home","item":"https:\/\/www.ping.fm\/howto\/sv\/"},{"@type":"ListItem","position":2,"name":"Komplett guide f\u00f6r videoreparation"}]},{"@type":"WebSite","@id":"https:\/\/howto.ping.fm\/sv\/#website","url":"https:\/\/howto.ping.fm\/sv\/","name":"Hur man g\u00f6r & B\u00e4sta programvaran","description":"","potentialAction":[{"@type":"SearchAction","target":{"@type":"EntryPoint","urlTemplate":"https:\/\/howto.ping.fm\/sv\/?s={search_term_string}"},"query-input":"required name=search_term_string"}],"inLanguage":"sv-SE"}]}},"_links":{"self":[{"href":"https:\/\/howto.ping.fm\/sv\/wp-json\/wp\/v2\/pages\/24573"}],"collection":[{"href":"https:\/\/howto.ping.fm\/sv\/wp-json\/wp\/v2\/pages"}],"about":[{"href":"https:\/\/howto.ping.fm\/sv\/wp-json\/wp\/v2\/types\/page"}],"replies":[{"embeddable":true,"href":"https:\/\/howto.ping.fm\/sv\/wp-json\/wp\/v2\/comments?post=24573"}],"version-history":[{"count":0,"href":"https:\/\/howto.ping.fm\/sv\/wp-json\/wp\/v2\/pages\/24573\/revisions"}],"wp:attachment":[{"href":"https:\/\/howto.ping.fm\/sv\/wp-json\/wp\/v2\/media?parent=24573"}],"curies":[{"name":"wp","href":"https:\/\/api.w.org\/{rel}","templated":true}]}}