{"id":24554,"date":"2024-10-02T00:00:00","date_gmt":"2024-10-02T00:00:00","guid":{"rendered":"https:\/\/howto.ping.fm\/top-tools-for-repairing-corrupted-mp4-files\/"},"modified":"2024-10-07T07:29:36","modified_gmt":"2024-10-07T07:29:36","slug":"top-tools-for-repairing-corrupted-mp4-files","status":"publish","type":"page","link":"https:\/\/howto.ping.fm\/sv\/top-tools-for-repairing-corrupted-mp4-files\/","title":{"rendered":"Huvudverktyg f\u00f6r att reparera skadade MP4-filer"},"content":{"rendered":"<section>\n<h1>Toppverktyg f\u00f6r att reparera korrupta MP4-filer<\/h1>\n<div class=\"inbrief\">\n<div> <img src=\"https:\/\/www.ping.fm\/howto\/wp-content\/uploads\/ai\/Top-Tools-for-Repairing-Corrupted-MP4-Files.jpg\" alt=\"Top Tools for Repairing Corrupted MP4 Files\" title=\"Top Tools for Repairing Corrupted MP4 Files\" width=\"1280\" height=\"720\"> <\/p>\n<p>Att hantera korrupta MP4-filer kan vara en stor huvudv\u00e4rk, s\u00e4rskilt n\u00e4r du har kritiskt videoinneh\u00e5ll p\u00e5 spel. Det \u00e4r n\u00e5got vi alla st\u00e4lls inf\u00f6r vid n\u00e5gon tidpunkt &#8211; oavsett om det beror p\u00e5 en d\u00e5lig nedladdning, felaktig h\u00e5rdvara eller ett pl\u00f6tsligt str\u00f6mavbrott under inspelning. Lyckligtvis finns det flera verktyg som kan hj\u00e4lpa dig att r\u00e4dda dina v\u00e4rdefulla filer. Idag kommer jag att dela med mig av mina personliga erfarenheter med n\u00e5gra av de b\u00e4sta verktygen som finns tillg\u00e4ngliga f\u00f6r att fixa korrupta MP4-filer. Fr\u00e5n smarta online-reparationsverktyg till robust skrivbordsprogramvara, kommer denna artikel att guida dig p\u00e5 v\u00e4gen till \u00e5terh\u00e4mtning. S\u00e5 l\u00e5t oss dyka in och utforska dessa r\u00e4ddare i n\u00f6den.<\/p>\n<\/div>\n<\/div>\n<\/section>\n<section>\n<div class=\"medal\">\n<div>&#129351;<\/div>\n<\/div>\n<h2><a href=\"https:\/\/repair.cleverfiles.com\" rel=\"nofollow noopener\" target=\"_blank\">Clever Free Online Video Repair Tool<\/a><\/h2>\n<p><img src=\"https:\/\/www.ping.fm\/howto\/wp-content\/uploads\/ai\/https---repair-cleverfiles-comwww_ping_fmhowtobest-tools-to-fix-corrupted-mp4.jpg\" alt=\"https:\/\/repair.cleverfiles.com screenshot\" width=\"1280\" height=\"720\"><\/p>\n<p><b>Clever Free Online Video Repair Tool<\/b> \u00e4r ett utm\u00e4rkt val f\u00f6r dem som beh\u00f6ver en snabb och effektiv l\u00f6sning f\u00f6r att \u00e5tg\u00e4rda sina korrupta MP4-filer. Detta verktyg \u00e4r webbl\u00e4sarbaserat, vilket inneb\u00e4r att du inte beh\u00f6ver ladda ner eller installera n\u00e5got. Att anv\u00e4nda det online-gr\u00e4nssnittet \u00e4r enkelt och intuitivt. Du laddar bara upp den korrupta videofilen och verktyget b\u00f6rjar arbeta med att f\u00f6rs\u00f6ka reparera skadan och \u00e5terst\u00e4lla filen till ett spelbart tillst\u00e5nd.<\/p>\n<p><a href=\"https:\/\/repair.cleverfiles.com\" rel=\"nofollow noopener\" target=\"_blank\" class=\"ofWSite\">Officiell webbplats<\/a><\/p>\n<h3 class=\"prosTitle\">F\u00f6rdelar<\/h3>\n<ul class=\"listpc pros\">\n<li>Snabb och l\u00e4tt att anv\u00e4nda<\/li>\n<li>Ingen installation kr\u00e4vs<\/li>\n<\/ul>\n<h3 class=\"consTitle\">Nackdelar<\/h3>\n<ul class=\"listpc cons\">\n<li>Kr\u00e4ver stabil internetanslutning<\/li>\n<li>Kanske inte st\u00f6djer alla filformat<\/li>\n<\/ul>\n<\/section>\n<section>\n<div class=\"medal\">\n<div>&#129352;<\/div>\n<\/div>\n<h2>Video Repair Tool<\/h2>\n<p><b>Video Repair Tool<\/b> \u00e4r en kraftfull skrivbordsapplikation designad f\u00f6r att fixa korrupta videofiler. Det fungerar med en m\u00e4ngd olika videoformat, vilket g\u00f6r det m\u00e5ngsidigt f\u00f6r olika behov. Verktyget anv\u00e4nder avancerade algoritmer f\u00f6r att identifiera och reparera korruptioner i filen, s\u00e5som bildrutefel och saknade segment. Det \u00e4r s\u00e4rskilt effektivt f\u00f6r filer som blivit korrupta p\u00e5 grund av avbrutna inspelningar eller felaktig hantering av lagring.<\/p>\n<h3 class=\"prosTitle\">F\u00f6rdelar<\/h3>\n<ul class=\"listpc pros\">\n<li>St\u00f6djer flera videoformat<\/li>\n<li>Avancerade reparationsalgoritmer<\/li>\n<\/ul>\n<h3 class=\"consTitle\">Nackdelar<\/h3>\n<ul class=\"listpc cons\">\n<li>Kr\u00e4ver installation<\/li>\n<li>Inte gratis<\/li>\n<\/ul>\n<\/section>\n<section>\n<div class=\"medal\">\n<div>&#129353;<\/div>\n<\/div>\n<h2><a href=\"https:\/\/restore.media\" rel=\"nofollow noopener\" target=\"_blank\">Restore.Media<\/a><\/h2>\n<p><img src=\"https:\/\/www.ping.fm\/howto\/wp-content\/uploads\/ai\/https---restore-mediawww_ping_fmhowtobest-tools-to-fix-corrupted-mp4.jpg\" alt=\"https:\/\/restore.media screenshot\" width=\"1280\" height=\"720\"><\/p>\n<p><b>Restore.Media<\/b> \u00e4r en onlinetj\u00e4nst som specialiserar sig p\u00e5 \u00e5terst\u00e4llning av korrupta videofiler. Plattformen st\u00f6djer en m\u00e4ngd olika video- och ljudformat. En anm\u00e4rkningsv\u00e4rd funktion \u00e4r dess f\u00f6rm\u00e5ga att reparera filer som \u00e4r inspelade p\u00e5 olika enheter, inklusive smartphones, kameror och dr\u00f6nare. Anv\u00e4ndare beh\u00f6ver ladda upp sina korrupta filer, och tj\u00e4nsten startar reparationsprocessen, och erbjuder en f\u00f6rhandsgranskning av den fixade videon innan du g\u00f6r n\u00e5gra \u00e5taganden.<\/p>\n<p><a href=\"https:\/\/restore.media\" rel=\"nofollow noopener\" target=\"_blank\" class=\"ofWSite\">Officiell webbplats<\/a><\/p>\n<h3 class=\"prosTitle\">F\u00f6rdelar<\/h3>\n<ul class=\"listpc pros\">\n<li>St\u00f6djer ett brett utbud av enheter<\/li>\n<li>Erbjuder f\u00f6rhandsgranskning innan k\u00f6p<\/li>\n<\/ul>\n<h3 class=\"consTitle\">Nackdelar<\/h3>\n<ul class=\"listpc cons\">\n<li>Betaltj\u00e4nst<\/li>\n<li>Begr\u00e4nsningar p\u00e5 uppladdningsstorlek<\/li>\n<\/ul>\n<\/section>\n<section>\n<div class=\"no-medal\">\n<div>4<\/div>\n<\/div>\n<h2><a href=\"https:\/\/stellarinfo.com\" rel=\"nofollow noopener\" target=\"_blank\">Stellar Repair for Video<\/a><\/h2>\n<p><img src=\"https:\/\/www.ping.fm\/howto\/wp-content\/uploads\/ai\/https---stellarinfo-comwww_ping_fmhowtobest-tools-to-fix-corrupted-mp4.jpg\" alt=\"https:\/\/stellarinfo.com screenshot\" width=\"1280\" height=\"720\"><\/p>\n<p><b>Stellar Repair for Video<\/b> \u00e4r ett v\u00e4lk\u00e4nt programverktyg inom filreparationsomr\u00e5det. Denna omfattande applikation kan laga olika videoformat och \u00e4r ganska effektiv n\u00e4r det g\u00e4ller allvarliga korruptionsproblem. Det m\u00f6jligg\u00f6r batchbearbetning, s\u00e5 du kan reparera flera filer samtidigt. Detta verktyg rekommenderas starkt f\u00f6r att fixa filer som blivit korrupta under \u00f6verf\u00f6ringar och nedladdningar.<\/p>\n<p><a href=\"https:\/\/stellarinfo.com\" rel=\"nofollow noopener\" target=\"_blank\" class=\"ofWSite\">Officiell webbplats<\/a><\/p>\n<h3 class=\"prosTitle\">F\u00f6rdelar<\/h3>\n<ul class=\"listpc pros\">\n<li>St\u00f6d f\u00f6r batchbearbetning<\/li>\n<li>Hanterar allvarlig korruption<\/li>\n<\/ul>\n<h3 class=\"consTitle\">Nackdelar<\/h3>\n<ul class=\"listpc cons\">\n<li>Kan vara l\u00e5ngsam med stora filer<\/li>\n<li>Inte gratis<\/li>\n<\/ul>\n<\/section>\n<section>\n<div class=\"no-medal\">\n<div>5<\/div>\n<\/div>\n<h2><a href=\"https:\/\/www.reddit.com\/r\/DataRecoveryHelp\/comments\/1d6irir\/easeus_data_recovery_wizard_for_windows_review_is\/\" rel=\"nofollow noopener\" target=\"_blank\">EaseUS Data Recovery Wizard<\/a><\/h2>\n<p><img src=\"https:\/\/www.ping.fm\/howto\/wp-content\/uploads\/ai\/https---www-reddit-com-r-DataRecoveryHelp-comments-1d6irir-easeus_data_recovery_wizard_for_windows_review_is-www_ping_fmhowtobest-tools-to-fix-corrupted-mp4.jpg\" alt=\"https:\/\/www.reddit.com\/r\/DataRecoveryHelp\/comments\/1d6irir\/easeus_data_recovery_wizard_for_windows_review_is\/ screenshot\" width=\"1280\" height=\"720\"><\/p>\n<p><b>EaseUS Data Recovery Wizard<\/b> \u00e4r inte bara ett fil\u00e5terst\u00e4llningsverktyg utan har \u00e4ven en robust videoreparationskomponent. Det \u00e4r s\u00e4rskilt bra f\u00f6r att \u00e5terst\u00e4lla filer som av misstag raderats eller g\u00e5tt f\u00f6rlorade. Verktyget anv\u00e4nder sofistikerade algoritmer f\u00f6r att uppt\u00e4cka och l\u00f6sa filproblem. Det st\u00f6der olika videoformat och \u00e4r anv\u00e4ndarv\u00e4nligt, vilket g\u00f6r det till ett bra val f\u00f6r mindre tekniskt kunniga personer.<\/p>\n<p><a href=\"https:\/\/www.reddit.com\/r\/DataRecoveryHelp\/comments\/1d6irir\/easeus_data_recovery_wizard_for_windows_review_is\/\" rel=\"nofollow noopener\" target=\"_blank\" class=\"ofWSite\">Officiell webbplats<\/a><\/p>\n<h3 class=\"prosTitle\">F\u00f6rdelar<\/h3>\n<ul class=\"listpc pros\">\n<li>L\u00e4tt att anv\u00e4nda<\/li>\n<li>St\u00f6djer flera format<\/li>\n<\/ul>\n<h3 class=\"consTitle\">Nackdelar<\/h3>\n<ul class=\"listpc cons\">\n<li>Begr\u00e4nsad gratisversion<\/li>\n<li>Kr\u00e4ver kanske flera f\u00f6rs\u00f6k f\u00f6r allvarliga korruptionsfall<\/li>\n<\/ul>\n<\/section>\n<section>\n<div class=\"no-medal\">\n<div>6<\/div>\n<\/div>\n<h2><a href=\"https:\/\/www.remosoftware.com\" rel=\"nofollow noopener\" target=\"_blank\">Remo Repair MOV<\/a><\/h2>\n<p><img src=\"https:\/\/www.ping.fm\/howto\/wp-content\/uploads\/ai\/https---www-remosoftware-comwww_ping_fmhowtobest-tools-to-fix-corrupted-mp4.jpg\" alt=\"https:\/\/www.remosoftware.com screenshot\" width=\"1280\" height=\"720\"><\/p>\n<p><b>Remo Repair MOV<\/b> \u00e4r designat specifikt f\u00f6r att fixa korrupta MOV- och MP4-filer. Denna mjukvara fungerar genom att extrahera ljud- och videostr\u00f6mmar separat, reparera dem och sedan sammanfoga dem igen. Den \u00e4r s\u00e4rskilt effektiv f\u00f6r filer som blivit korrupta p\u00e5 grund av d\u00e5liga nedladdningar eller fel under inspelning. Det \u00e4r ett bra verktyg att ha i din arsenal om du ofta arbetar med dessa filtyper.<\/p>\n<p><a href=\"https:\/\/www.remosoftware.com\" rel=\"nofollow noopener\" target=\"_blank\" class=\"ofWSite\">Officiell webbplats<\/a><\/p>\n<h3 class=\"prosTitle\">F\u00f6rdelar<\/h3>\n<ul class=\"listpc pros\">\n<li>H\u00f6gt specialiserad<\/li>\n<li>Effektiv f\u00f6r vanliga korruptionsproblem<\/li>\n<\/ul>\n<h3 class=\"consTitle\">Nackdelar<\/h3>\n<ul class=\"listpc cons\">\n<li>Begr\u00e4nsad till MOV- och MP4-filer<\/li>\n<li>Betald mjukvara<\/li>\n<\/ul>\n<\/section>\n<section>\n<div class=\"no-medal\">\n<div>7<\/div>\n<\/div>\n<h2><a href=\"https:\/\/grauonline.de\" rel=\"nofollow noopener\" target=\"_blank\">Grau GmbH Video Repair Tool<\/a><\/h2>\n<p><img src=\"https:\/\/www.ping.fm\/howto\/wp-content\/uploads\/ai\/https---grauonline-dewww_ping_fmhowtobest-tools-to-fix-corrupted-mp4.jpg\" alt=\"https:\/\/grauonline.de screenshot\" width=\"1280\" height=\"720\"><\/p>\n<p><b>Grau GmbH Video Repair Tool<\/b> \u00e4r ett annat utm\u00e4rkt alternativ f\u00f6r att fixa korrupta MP4-filer. Det st\u00f6der ett brett utbud av format och enheter, vilket g\u00f6r det till ett m\u00e5ngsidigt tillskott i din verktygsl\u00e5da. Verktyget hj\u00e4lper dig att reparera videor som har drabbats av d\u00e5liga sektorer, virus eller str\u00f6mavbrott. Gr\u00e4nssnittet \u00e4r enkelt, vilket g\u00f6r det tillg\u00e4ngligt \u00e4ven f\u00f6r nyb\u00f6rjare.<\/p>\n<p><a href=\"https:\/\/grauonline.de\" rel=\"nofollow noopener\" target=\"_blank\" class=\"ofWSite\">Officiell webbplats<\/a><\/p>\n<h3 class=\"prosTitle\">F\u00f6rdelar<\/h3>\n<ul class=\"listpc pros\">\n<li>Brett formatst\u00f6d<\/li>\n<li>Enkelt anv\u00e4ndargr\u00e4nssnitt<\/li>\n<\/ul>\n<h3 class=\"consTitle\">Nackdelar<\/h3>\n<ul class=\"listpc cons\">\n<li>Begr\u00e4nsningar i testversion<\/li>\n<li>Kan vara l\u00e5ngsam med stora filer<\/li>\n<\/ul>\n<\/section>\n<section>\n<h2>Titta p\u00e5 Youtube: <a href=\"https:\/\/www.youtube.com\/watch?v=tBE_a_NFxIY\" target=\"_blank\" rel=\"noopener\">Toppverktyg f\u00f6r att reparera korrumperade MP4-filer<\/a><\/h2>\n<div class=\"nonp iframe\"><iframe width=\"420\" height=\"315\" src=\"\/\/www.youtube.com\/embed\/tBE_a_NFxIY\" frameborder=\"0\" allowfullscreen><\/iframe><\/div>\n<\/section>\n<section>\n<h2>Slutsats:<\/h2>\n<div class=\"nonp\">\n<p>L\u00e5t oss f\u00f6rdjupa oss i hur dessa verktyg reparerar korrumperade videor och n\u00e5gra allm\u00e4nna b\u00e4sta praxis f\u00f6r hantering av videofiler. <b>Videofilskorruption<\/b> sker ofta vid olika stadier&#8212;under inspelning, \u00f6verf\u00f6ring, redigering eller nedladdning. Olika verktyg erbjuder olika tillv\u00e4gag\u00e5ngss\u00e4tt, vilket g\u00f6r det viktigt att f\u00f6rst\u00e5 dina exakta behov n\u00e4r du v\u00e4ljer ett verktyg.<\/p>\n<p><b>Clever Free Online Video Repair Tool<\/b> utm\u00e4rker sig f\u00f6r sin enkelhet och snabba \u00e5terst\u00e4llning. Med molnbaserade verktyg som blir alltmer popul\u00e4ra har deras tillg\u00e4nglighet och anv\u00e4ndarv\u00e4nlighet f\u00f6rb\u00e4ttrats avsev\u00e4rt. Dock \u00e4r det kritiskt att ha en stabil internetuppkoppling f\u00f6r att undvika ytterligare problem under reparationsprocessen. \u00c5 andra sidan erbjuder skrivbordsverktyg som <b>Stellar Repair for Video<\/b> och <b>EaseUS Data Recovery Wizard<\/b> mer avancerade inst\u00e4llningar och djupare reparationsm\u00f6jligheter. Dessa verktyg ger generellt b\u00e4ttre resultat f\u00f6r allvarligt korrumperade filer eftersom de arbetar direkt p\u00e5 datorns bearbetningskraft.<\/p>\n<p>En bra praxis vid hantering av videor \u00e4r att implementera en robust s\u00e4kerhetskopieringsstrategi. Verktyg som <a href='https:\/\/www.reddit.com\/r\/DataRecoveryHelp\/comments\/1d6irir\/easeus_data_recovery_wizard_for_windows_review_is\/' rel=\"nofollow noopener\" target='_blank'>EaseUS Data Recovery Wizard<\/a> erbjuder \u00e4ven funktioner f\u00f6r <b>dat\u00e5terst\u00e4llning<\/b>, vilket ger dig en andra chans att \u00e5terst\u00e4lla f\u00f6rlorad filinformation \u00e4ven om en reparation inte lyckas. Dessutom hj\u00e4lper det att utbilda sig om olika enheters egenskaper f\u00f6r att undvika m\u00e5nga vanliga fallgropar. Exempelvis kan kunskap om hur man s\u00e4kert matar ut lagringsmedia, f\u00f6rst\u00e5r vanliga felmeddelanden och \u00e4r medveten om tecken p\u00e5 lagringsfel spara mycket besv\u00e4r.<\/p>\n<p>F\u00f6r p\u00e5g\u00e5ende projekt som involverar HD- eller 4K-videor kan anv\u00e4ndning av specialverktyg som <a href='https:\/\/repair.cleverfiles.com' rel=\"nofollow noopener\" target='_blank'>Clever Free Online Video Repair Tool<\/a> hj\u00e4lpa till att bevara videokvaliteten samtidigt som vanliga problem l\u00f6ses. Slutligen, vid hantering av nya och avancerade codecs eller filformat \u00e4r det l\u00e4mpligt att anv\u00e4nda uppdaterade verktyg. Bibliotek och codecs uppdateras ofta, s\u00e5 ett f\u00f6r\u00e5ldrat verktyg kanske inte kan tolka nya filtyper korrekt.<\/p>\n<p>F\u00f6r mer information och en detaljerad j\u00e4mf\u00f6relse, l\u00e4s detta utm\u00e4rkta stycke om de b\u00e4sta verktygen f\u00f6r videoreparation: <a href='https:\/\/news.macgasm.net\/reviews\/online-video-repair-tools\/' rel=\"dofollow noopener\" target='_blank'>Reparera korrumperade MP4-filer gratis<\/a>. Guiden t\u00e4cker olika metoder och verktyg, vilket hj\u00e4lper dig att fatta ett kunskapsbaserat beslut baserat p\u00e5 dina specifika behov.<\/p>\n<p>Kom ih\u00e5g, konsten att fixa korrumperade MP4-filer handlar om att f\u00f6rst\u00e5 orsaken till korruptionen och v\u00e4lja det mest l\u00e4mpliga verktyget f\u00f6r att hantera det. Forts\u00e4tt l\u00e4ra, h\u00e5ll dig uppdaterad, och dina chanser att framg\u00e5ngsrikt reparera dina viktiga videofiler kommer att f\u00f6rb\u00e4ttras avsev\u00e4rt.<\/p>\n<\/div>\n<\/section>\n<div class=\"extrablock\">\n<p>Uppt\u00e4ck olika metoder f\u00f6r att reparera korrumperade, trasiga eller ol\u00e4sliga MP4- och MOV-videofiler online, gratis, genom att anv\u00e4nda programvara eller VLC.<\/p>\n<p> <a href=\"https:\/\/news.macgasm.net\/tips\/fix-corrupted-video-files\/\" rel=\"dofollow noopener\" target=\"_blank\">https:\/\/news.macgasm.net\/tips\/fix-corrupted-video-files\/<\/a> <\/div>\n","protected":false},"excerpt":{"rendered":"<p>Toppverktyg f\u00f6r att reparera korrupta MP4-filer Att hantera korrupta MP4-filer kan vara en stor huvudv\u00e4rk, s\u00e4rskilt n\u00e4r du har kritiskt videoinneh\u00e5ll p\u00e5 spel. Det \u00e4r n\u00e5got vi alla st\u00e4lls inf\u00f6r vid n\u00e5gon tidpunkt &#8211; oavsett om det beror p\u00e5 en d\u00e5lig nedladdning, felaktig h\u00e5rdvara eller ett pl\u00f6tsligt str\u00f6mavbrott under inspelning. Lyckligtvis finns det flera verktyg [&hellip;]<\/p>\n","protected":false},"author":0,"featured_media":0,"parent":0,"menu_order":0,"comment_status":"closed","ping_status":"closed","template":"chromecast.php","meta":{"_stopmodifiedupdate":false,"_modified_date":"","_lmt_disableupdate":"","_lmt_disable":""},"acf":[],"yoast_head":"<!-- This site is optimized with the Yoast SEO plugin v20.9 - https:\/\/yoast.com\/wordpress\/plugins\/seo\/ -->\n<title>Det b\u00e4sta verktyget f\u00f6r att reparera MP4-filer<\/title>\n<meta name=\"robots\" content=\"index, follow, max-snippet:-1, max-image-preview:large, max-video-preview:-1\" \/>\n<link rel=\"canonical\" href=\"https:\/\/howto.ping.fm\/sv\/top-tools-for-repairing-corrupted-mp4-files\/\" \/>\n<meta property=\"og:locale\" content=\"sv_SE\" \/>\n<meta property=\"og:type\" content=\"article\" \/>\n<meta property=\"og:title\" content=\"Det b\u00e4sta verktyget f\u00f6r att reparera MP4-filer\" \/>\n<meta property=\"og:description\" content=\"Toppverktyg f\u00f6r att reparera korrupta MP4-filer Att hantera korrupta MP4-filer kan vara en stor huvudv\u00e4rk, s\u00e4rskilt n\u00e4r du har kritiskt videoinneh\u00e5ll p\u00e5 spel. Det \u00e4r n\u00e5got vi alla st\u00e4lls inf\u00f6r vid n\u00e5gon tidpunkt &#8211; oavsett om det beror p\u00e5 en d\u00e5lig nedladdning, felaktig h\u00e5rdvara eller ett pl\u00f6tsligt str\u00f6mavbrott under inspelning. Lyckligtvis finns det flera verktyg [&hellip;]\" \/>\n<meta property=\"og:url\" content=\"https:\/\/howto.ping.fm\/sv\/top-tools-for-repairing-corrupted-mp4-files\/\" \/>\n<meta property=\"og:site_name\" content=\"Hur man g\u00f6r &amp; B\u00e4sta programvaran\" \/>\n<meta property=\"article:modified_time\" content=\"2024-10-07T07:29:36+00:00\" \/>\n<meta property=\"og:image\" content=\"https:\/\/www.ping.fm\/howto\/wp-content\/uploads\/ai\/Top-Tools-for-Repairing-Corrupted-MP4-Files.jpg\" \/>\n<meta name=\"twitter:card\" content=\"summary_large_image\" \/>\n<meta name=\"twitter:label1\" content=\"Est. reading time\" \/>\n\t<meta name=\"twitter:data1\" content=\"6 minuter\" \/>\n<script type=\"application\/ld+json\" class=\"yoast-schema-graph\">{\"@context\":\"https:\/\/schema.org\",\"@graph\":[{\"@type\":\"WebPage\",\"@id\":\"https:\/\/howto.ping.fm\/sv\/top-tools-for-repairing-corrupted-mp4-files\/\",\"url\":\"https:\/\/howto.ping.fm\/sv\/top-tools-for-repairing-corrupted-mp4-files\/\",\"name\":\"Det b\u00e4sta verktyget f\u00f6r att reparera MP4-filer\",\"isPartOf\":{\"@id\":\"https:\/\/howto.ping.fm\/sv\/#website\"},\"datePublished\":\"2024-10-02T00:00:00+00:00\",\"dateModified\":\"2024-10-07T07:29:36+00:00\",\"breadcrumb\":{\"@id\":\"https:\/\/howto.ping.fm\/sv\/top-tools-for-repairing-corrupted-mp4-files\/#breadcrumb\"},\"inLanguage\":\"sv-SE\",\"potentialAction\":[{\"@type\":\"ReadAction\",\"target\":[\"https:\/\/howto.ping.fm\/sv\/top-tools-for-repairing-corrupted-mp4-files\/\"]}]},{\"@type\":\"BreadcrumbList\",\"@id\":\"https:\/\/howto.ping.fm\/sv\/top-tools-for-repairing-corrupted-mp4-files\/#breadcrumb\",\"itemListElement\":[{\"@type\":\"ListItem\",\"position\":1,\"name\":\"Home\",\"item\":\"https:\/\/www.ping.fm\/howto\/sv\/\"},{\"@type\":\"ListItem\",\"position\":2,\"name\":\"Huvudverktyg f\u00f6r att reparera skadade MP4-filer\"}]},{\"@type\":\"WebSite\",\"@id\":\"https:\/\/howto.ping.fm\/sv\/#website\",\"url\":\"https:\/\/howto.ping.fm\/sv\/\",\"name\":\"Hur man g\u00f6r & B\u00e4sta programvaran\",\"description\":\"\",\"potentialAction\":[{\"@type\":\"SearchAction\",\"target\":{\"@type\":\"EntryPoint\",\"urlTemplate\":\"https:\/\/howto.ping.fm\/sv\/?s={search_term_string}\"},\"query-input\":\"required name=search_term_string\"}],\"inLanguage\":\"sv-SE\"}]}<\/script>\n<!-- \/ Yoast SEO plugin. -->","yoast_head_json":{"title":"Det b\u00e4sta verktyget f\u00f6r att reparera MP4-filer","robots":{"index":"index","follow":"follow","max-snippet":"max-snippet:-1","max-image-preview":"max-image-preview:large","max-video-preview":"max-video-preview:-1"},"canonical":"https:\/\/howto.ping.fm\/sv\/top-tools-for-repairing-corrupted-mp4-files\/","og_locale":"sv_SE","og_type":"article","og_title":"Det b\u00e4sta verktyget f\u00f6r att reparera MP4-filer","og_description":"Toppverktyg f\u00f6r att reparera korrupta MP4-filer Att hantera korrupta MP4-filer kan vara en stor huvudv\u00e4rk, s\u00e4rskilt n\u00e4r du har kritiskt videoinneh\u00e5ll p\u00e5 spel. Det \u00e4r n\u00e5got vi alla st\u00e4lls inf\u00f6r vid n\u00e5gon tidpunkt &#8211; oavsett om det beror p\u00e5 en d\u00e5lig nedladdning, felaktig h\u00e5rdvara eller ett pl\u00f6tsligt str\u00f6mavbrott under inspelning. Lyckligtvis finns det flera verktyg [&hellip;]","og_url":"https:\/\/howto.ping.fm\/sv\/top-tools-for-repairing-corrupted-mp4-files\/","og_site_name":"Hur man g\u00f6r & B\u00e4sta programvaran","article_modified_time":"2024-10-07T07:29:36+00:00","og_image":[{"url":"https:\/\/www.ping.fm\/howto\/wp-content\/uploads\/ai\/Top-Tools-for-Repairing-Corrupted-MP4-Files.jpg"}],"twitter_card":"summary_large_image","twitter_misc":{"Est. reading time":"6 minuter"},"schema":{"@context":"https:\/\/schema.org","@graph":[{"@type":"WebPage","@id":"https:\/\/howto.ping.fm\/sv\/top-tools-for-repairing-corrupted-mp4-files\/","url":"https:\/\/howto.ping.fm\/sv\/top-tools-for-repairing-corrupted-mp4-files\/","name":"Det b\u00e4sta verktyget f\u00f6r att reparera MP4-filer","isPartOf":{"@id":"https:\/\/howto.ping.fm\/sv\/#website"},"datePublished":"2024-10-02T00:00:00+00:00","dateModified":"2024-10-07T07:29:36+00:00","breadcrumb":{"@id":"https:\/\/howto.ping.fm\/sv\/top-tools-for-repairing-corrupted-mp4-files\/#breadcrumb"},"inLanguage":"sv-SE","potentialAction":[{"@type":"ReadAction","target":["https:\/\/howto.ping.fm\/sv\/top-tools-for-repairing-corrupted-mp4-files\/"]}]},{"@type":"BreadcrumbList","@id":"https:\/\/howto.ping.fm\/sv\/top-tools-for-repairing-corrupted-mp4-files\/#breadcrumb","itemListElement":[{"@type":"ListItem","position":1,"name":"Home","item":"https:\/\/www.ping.fm\/howto\/sv\/"},{"@type":"ListItem","position":2,"name":"Huvudverktyg f\u00f6r att reparera skadade MP4-filer"}]},{"@type":"WebSite","@id":"https:\/\/howto.ping.fm\/sv\/#website","url":"https:\/\/howto.ping.fm\/sv\/","name":"Hur man g\u00f6r & B\u00e4sta programvaran","description":"","potentialAction":[{"@type":"SearchAction","target":{"@type":"EntryPoint","urlTemplate":"https:\/\/howto.ping.fm\/sv\/?s={search_term_string}"},"query-input":"required name=search_term_string"}],"inLanguage":"sv-SE"}]}},"_links":{"self":[{"href":"https:\/\/howto.ping.fm\/sv\/wp-json\/wp\/v2\/pages\/24554"}],"collection":[{"href":"https:\/\/howto.ping.fm\/sv\/wp-json\/wp\/v2\/pages"}],"about":[{"href":"https:\/\/howto.ping.fm\/sv\/wp-json\/wp\/v2\/types\/page"}],"replies":[{"embeddable":true,"href":"https:\/\/howto.ping.fm\/sv\/wp-json\/wp\/v2\/comments?post=24554"}],"version-history":[{"count":0,"href":"https:\/\/howto.ping.fm\/sv\/wp-json\/wp\/v2\/pages\/24554\/revisions"}],"wp:attachment":[{"href":"https:\/\/howto.ping.fm\/sv\/wp-json\/wp\/v2\/media?parent=24554"}],"curies":[{"name":"wp","href":"https:\/\/api.w.org\/{rel}","templated":true}]}}