{"id":24068,"date":"2024-07-11T00:00:00","date_gmt":"2024-07-11T00:00:00","guid":{"rendered":"https:\/\/www.ping.fm\/howto\/top-tools-for-repairing-corrupted-video-files\/"},"modified":"2024-07-19T09:04:58","modified_gmt":"2024-07-19T09:04:58","slug":"top-tools-for-repairing-corrupted-video-files","status":"publish","type":"page","link":"https:\/\/howto.ping.fm\/sv\/top-tools-for-repairing-corrupted-video-files\/","title":{"rendered":"Det b\u00e4sta verktyget f\u00f6r att reparera skadade videofiler"},"content":{"rendered":"<section>\n<h1>Toppverktyg f\u00f6r att Reparera Skadade Videofiler<\/h1>\n<div class=\"inbrief\">\n<div>                     <img src=\"https:\/\/www.ping.fm\/howto\/wp-content\/uploads\/ai\/Top-Tools-for-Repairing-Corrupted-Video-Files.jpg\" alt=\"Top Tools for Repairing Corrupted Video Files\" title=\"Top Tools for Repairing Corrupted Video Files\" width=\"1280\" height=\"720\">                     <\/p>\n<p>Om du n\u00e5gonsin har hanterat frustrationen av en <b>korrupt videofil<\/b> vet du hur skr\u00e4mmande det kan vara att f\u00f6rs\u00f6ka r\u00e4dda det dyrbara materialet. Oavsett om det \u00e4r ett personligt minne, ett viktigt arbetsprojekt eller ett avg\u00f6rande \u00f6gonblick f\u00e5ngat p\u00e5 kamera, kan f\u00f6rlusten k\u00e4nnas o\u00f6verstiglig. Lyckligtvis finns det flera <a href='https:\/\/repair.cleverfiles.com' rel=\"nofollow noopener\" target='_blank'>verktyg f\u00f6r videoreparation<\/a> tillg\u00e4ngliga som kan hj\u00e4lpa dig att \u00e5terh\u00e4mta dina v\u00e4rdefulla filer. Bland de m\u00e5nga alternativen utm\u00e4rker sig n\u00e5gra verktyg p\u00e5 grund av deras effektivitet, anv\u00e4ndarv\u00e4nlighet och tillf\u00f6rlitlighet. Fr\u00e5n min personliga erfarenhet \u00e4r h\u00e4r de tre b\u00e4sta videoreparationstj\u00e4nsterna som kan ge nytt liv \u00e5t dina skadade filer.<\/p>\n<\/div>\n<\/div>\n<\/section>\n<section>\n<div class=\"medal\">\n<div>&#129351;<\/div>\n<\/div>\n<h2><a href=\"https:\/\/repair.cleverfiles.com\" rel=\"nofollow noopener\" target=\"_blank\">Clever Video Repair Tool<\/a><\/h2>\n<p><img src=\"https:\/\/www.ping.fm\/howto\/wp-content\/uploads\/2024\/07\/file-repair.jpg\" alt=\"https:\/\/repair.cleverfiles.com screenshot\" width=\"1280\" height=\"720\"><\/p>\n<p><b>Clever Video Repair Tool<\/b> \u00e4r mitt f\u00f6rstahandsval n\u00e4r jag st\u00e4lls inf\u00f6r en <b>korrupt videofil<\/b>. Det \u00e4r anv\u00e4ndarv\u00e4nligt, effektivt och mycket p\u00e5litligt. Detta verktyg st\u00f6der ett brett utbud av format och erbjuder ett enkelt gr\u00e4nssnitt som g\u00f6r det l\u00e4tt att anv\u00e4nda \u00e4ven f\u00f6r dem som inte \u00e4r tekniskt kunniga.<\/p>\n<p><a href=\"https:\/\/repair.cleverfiles.com\" rel=\"nofollow noopener\" target=\"_blank\" class=\"ofWSite\">Officiell Webbplats<\/a><\/p>\n<h3 class=\"prosTitle\">F\u00f6rdelar<\/h3>\n<ul class=\"listpc pros\">\n<li>100 % gratis verktyg f\u00f6r videoreparation online<\/li>\n<li>St\u00f6der flera videoformat<\/li>\n<\/ul>\n<h3 class=\"consTitle\">Nackdelar<\/h3>\n<ul class=\"listpc cons\">\n<li>Begr\u00e4nsad gratisversion<\/li>\n<li>Risk f\u00f6r l\u00e5ngsam bearbetning av stora filer<\/li>\n<\/ul>\n<\/section>\n<section>\n<div class=\"medal\">\n<div>&#129352;<\/div>\n<\/div>\n<h2><a href=\"https:\/\/fix.video\" rel=\"nofollow noopener\" target='_blank\">Fix.Video Tool<\/a><\/h2>\n<p><img src=\"https:\/\/www.ping.fm\/howto\/wp-content\/uploads\/ai\/https---fix-videowww_ping_fmhowto.jpg\" alt=\"https:\/\/fix.video screenshot\" width=\"1280\" height=\"720\"><\/p>\n<p><b>Fix.Video<\/b> \u00e4r ett annat utm\u00e4rkt alternativ f\u00f6r att reparera <b>korrupta videofiler<\/b>. Det \u00e4r k\u00e4nt f\u00f6r sin responsiva kundsupport och snabba reparationstider. Detta onlineverktyg s\u00e4kerst\u00e4ller att dina videofiler \u00e5terst\u00e4lls utan kvalitetsf\u00f6rlust, vilket g\u00f6r det till en favorit f\u00f6r m\u00e5nga anv\u00e4ndare.<\/p>\n<p><a href=\"https:\/\/fix.video\" rel=\"nofollow noopener\" target='_blank' class=\"ofWSite\">Officiell Webbplats<\/a><\/p>\n<h3 class=\"prosTitle\">F\u00f6rdelar<\/h3>\n<ul class=\"listpc pros\">\n<li>Snabba reparationstider<\/li>\n<li>Utm\u00e4rkt kundsupport<\/li>\n<\/ul>\n<h3 class=\"consTitle\">Nackdelar<\/h3>\n<ul class=\"listpc cons\">\n<li>Kr\u00e4ver internetanslutning<\/li>\n<li>Begr\u00e4nsad l\u00e4ngd p\u00e5 gratis reparation<\/li>\n<\/ul>\n<\/section>\n<section>\n<div class=\"medal\">\n<div>&#129353;<\/div>\n<\/div>\n<h2><a href=\"https:\/\/restore.media\" rel=\"nofollow noopener\" target=\"_blank\">Restore.Media<\/a><\/h2>\n<p><img src=\"https:\/\/www.ping.fm\/howto\/wp-content\/uploads\/ai\/https---restore-mediawww_ping_fmhowto.jpg\" alt=\"https:\/\/restore.media screenshot\" width=\"1280\" height=\"720\"><\/p>\n<p><b>Restore.Media<\/b> erbjuder kraftfulla m\u00f6jligheter att reparera <b>skadade videofiler<\/b>. Dess avancerade algoritmer kan hantera \u00e4ven de mest allvarligt skadade filerna och erbjuder en omfattande l\u00f6sning f\u00f6r videoreparation. \u00c4ven om det kan kr\u00e4vas en liten inl\u00e4rningskurva, \u00e4r resultaten v\u00e4rda anstr\u00e4ngningen.<\/p>\n<p><a href=\"https:\/\/restore.media\" rel=\"nofollow noopener\" target=\"_blank\" class=\"ofWSite\">Officiell webbplats<\/a><\/p>\n<h3 class=\"prosTitle\">F\u00f6rdelar<\/h3>\n<ul class=\"listpc pros\">\n<li>Hantera sv\u00e5rt skadade filer<\/li>\n<li>Avancerade reparationsalgoritmer<\/li>\n<\/ul>\n<h3 class=\"consTitle\">Nackdelar<\/h3>\n<ul class=\"listpc cons\">\n<li>Inl\u00e4rningskurva f\u00f6r nya anv\u00e4ndare<\/li>\n<li>Kanske f\u00f6r komplex f\u00f6r grundl\u00e4ggande behov<\/li>\n<\/ul>\n<\/section>\n<section>\n<div class=\"no-medal\">\n<div>4<\/div>\n<\/div>\n<h2><a href=\"https:\/\/www.stellarinfo.com\" rel=\"nofollow noopener\" target=\"_blank\">Stellar Repair for Video<\/a><\/h2>\n<p><img src=\"https:\/\/www.ping.fm\/howto\/wp-content\/uploads\/ai\/https---www-stellarinfo-comwww_ping_fmhowto.jpg\" alt=\"https:\/\/www.stellarinfo.com screenshot\" width=\"1280\" height=\"720\"><\/p>\n<p><b>Stellar Repair for Video<\/b> \u00e4r ett robust och professionellt verktyg som \u00e4r designat f\u00f6r att hantera videokorrumption. Det \u00e4r s\u00e4rskilt anv\u00e4ndbart f\u00f6r individer som ofta arbetar med h\u00f6gkvalitativa videofiler. Programvaran st\u00f6der olika format och erbjuder en detaljerad f\u00f6rhandsgranskning innan de reparerade filerna sparas.<\/p>\n<p><a href=\"https:\/\/www.stellarinfo.com\" rel=\"nofollow noopener\" target=\"_blank\" class=\"ofWSite\">Officiell webbplats<\/a><\/p>\n<h3 class=\"prosTitle\">F\u00f6rdelar<\/h3>\n<ul class=\"listpc pros\">\n<li>Professionell programvara<\/li>\n<li>St\u00f6djer flera format<\/li>\n<\/ul>\n<h3 class=\"consTitle\">Nackdelar<\/h3>\n<ul class=\"listpc cons\">\n<li>Dyr prenumerationsplan<\/li>\n<li>Kr\u00e4ver installation<\/li>\n<\/ul>\n<\/section>\n<section>\n<h2>Slutsats:<\/h2>\n<div class=\"nonp\">\n<p>Oavsett vilket verktyg du v\u00e4ljer \u00e4r det viktigt att f\u00f6rst\u00e5 hur dessa <b>videoreparationstj\u00e4nster<\/b> fungerar. Generellt sett analyserar de den skadade videofilen f\u00f6r att identifiera skadans omfattning. Genom att korsreferera med intakta delar av filen och anv\u00e4nda sofistikerade algoritmer kan de rekonstruera de skadade segmenten f\u00f6r att g\u00f6ra videon spelbar igen.<\/p>\n<p>En viktig aspekt att \u00f6verv\u00e4ga \u00e4r typen av <b>videofilformat<\/b> som dessa verktyg st\u00f6der. De flesta \u00e4r kompatibla med popul\u00e4ra format som MP4, AVI och MOV. Specifika verktyg som <a href='https:\/\/restore.media' rel=\"nofollow noopener\" target='_blank'>Restore.Media<\/a> kan dock hantera mer ovanliga format och erbjuda detaljerade \u00e5terst\u00e4llningsalternativ.<\/p>\n<p>N\u00e4r du utv\u00e4rderar dessa verktyg \u00e4r en annan avg\u00f6rande faktor \u00e5terst\u00e4llningsgraden. Vissa verktyg kan vara bra p\u00e5 att reparera mindre korrumptioner, medan andra, som <a href='https:\/\/repair.cleverfiles.com' rel=\"dofollow noopener\" target='_blank'>clever video repair<\/a> (Officiell webbplats), \u00e4r b\u00e4ttre utrustade f\u00f6r att hantera allvarlig korrumption genom att anv\u00e4nda avancerade \u00e5terst\u00e4llningsalgoritmer. Titta alltid p\u00e5 recensioner och vittnesm\u00e5l f\u00f6r att bed\u00f6ma ett verktygs effektivitet.<\/p>\n<p>Anv\u00e4ndargr\u00e4nssnittet \u00e4r ocks\u00e5 viktigt. Ett verktyg kan vara kraftfullt, men om det inte \u00e4r anv\u00e4ndarv\u00e4nligt kan det \u00f6ka frustrationen. Lyckligtvis erbjuder verktyg som <a href='https:\/\/www.stellarinfo.com' rel=\"nofollow noopener\" target='_blank'>Stellar Repair for Video<\/a> professionella funktioner samtidigt som det har ett enkelt anv\u00e4ndargr\u00e4nssnitt.<\/p>\n<p>F\u00f6rutom dessa specifika verktyg kan det att uppr\u00e4tth\u00e5lla bra praxis, som regelbundna s\u00e4kerhetskopior och att anv\u00e4nda h\u00f6gkvalitativa inspelningsenheter, hj\u00e4lpa till att minska risken f\u00f6r filkorrumption. Se alltid till att du lagrar dina videor i s\u00e4kra och p\u00e5litliga lagringsl\u00f6sningar och undvik avbrott under fil\u00f6verf\u00f6ringar f\u00f6r att minska risken f\u00f6r korrumption.<\/p>\n<\/div>\n<\/section>\n<div class=\"extrablock\">\n<p>Uppt\u00e4ck de b\u00e4sta videoreparationsmetoderna f\u00f6r att \u00e5terst\u00e4lla dina v\u00e4rdefulla minnen. Oavsett om du har en trasig MOV eller en korrupt MP4 t\u00e4cker v\u00e5r guide de b\u00e4sta programvarul\u00f6sningarna och g\u00f6r-det-sj\u00e4lv-teknikerna.<\/p>\n<p>                             <a href=\"https:\/\/www.linkedin.com\/pulse\/how-repair-corrupt-unreadable-mp4-mov-video-files-online-kropachek-bampe\/\" rel=\"dofollow noopener\" target=\"_blank\">https:\/\/www.linkedin.com\/pulse\/how-repair-corrupt-unreadable-mp4-mov-video-files-online-kropachek-bampe\/<\/a>                         <\/div>\n","protected":false},"excerpt":{"rendered":"<p>Toppverktyg f\u00f6r att Reparera Skadade Videofiler Om du n\u00e5gonsin har hanterat frustrationen av en korrupt videofil vet du hur skr\u00e4mmande det kan vara att f\u00f6rs\u00f6ka r\u00e4dda det dyrbara materialet. Oavsett om det \u00e4r ett personligt minne, ett viktigt arbetsprojekt eller ett avg\u00f6rande \u00f6gonblick f\u00e5ngat p\u00e5 kamera, kan f\u00f6rlusten k\u00e4nnas o\u00f6verstiglig. Lyckligtvis finns det flera verktyg [&hellip;]<\/p>\n","protected":false},"author":0,"featured_media":24069,"parent":0,"menu_order":0,"comment_status":"closed","ping_status":"closed","template":"chromecast.php","meta":{"_stopmodifiedupdate":false,"_modified_date":"","_lmt_disableupdate":"","_lmt_disable":""},"acf":[],"yoast_head":"<!-- This site is optimized with the Yoast SEO plugin v20.9 - https:\/\/yoast.com\/wordpress\/plugins\/seo\/ -->\n<title>Det b\u00e4sta verktyget f\u00f6r att reparera skadade videofiler<\/title>\n<meta name=\"robots\" content=\"index, follow, max-snippet:-1, max-image-preview:large, max-video-preview:-1\" \/>\n<link rel=\"canonical\" href=\"https:\/\/howto.ping.fm\/sv\/top-tools-for-repairing-corrupted-video-files\/\" \/>\n<meta property=\"og:locale\" content=\"sv_SE\" \/>\n<meta property=\"og:type\" content=\"article\" \/>\n<meta property=\"og:title\" content=\"Det b\u00e4sta verktyget f\u00f6r att reparera skadade videofiler\" \/>\n<meta property=\"og:description\" content=\"Toppverktyg f\u00f6r att Reparera Skadade Videofiler Om du n\u00e5gonsin har hanterat frustrationen av en korrupt videofil vet du hur skr\u00e4mmande det kan vara att f\u00f6rs\u00f6ka r\u00e4dda det dyrbara materialet. Oavsett om det \u00e4r ett personligt minne, ett viktigt arbetsprojekt eller ett avg\u00f6rande \u00f6gonblick f\u00e5ngat p\u00e5 kamera, kan f\u00f6rlusten k\u00e4nnas o\u00f6verstiglig. Lyckligtvis finns det flera verktyg [&hellip;]\" \/>\n<meta property=\"og:url\" content=\"https:\/\/howto.ping.fm\/sv\/top-tools-for-repairing-corrupted-video-files\/\" \/>\n<meta property=\"og:site_name\" content=\"Hur man g\u00f6r &amp; B\u00e4sta programvaran\" \/>\n<meta property=\"article:modified_time\" content=\"2024-07-19T09:04:58+00:00\" \/>\n<meta property=\"og:image\" content=\"https:\/\/www.ping.fm\/howto\/wp-content\/uploads\/2024\/07\/Top-Tools-for-Repairing-Corrupted-Video-Files-33.jpg\" \/>\n\t<meta property=\"og:image:width\" content=\"1280\" \/>\n\t<meta property=\"og:image:height\" content=\"731\" \/>\n\t<meta property=\"og:image:type\" content=\"image\/jpeg\" \/>\n<meta name=\"twitter:card\" content=\"summary_large_image\" \/>\n<meta name=\"twitter:label1\" content=\"Est. reading time\" \/>\n\t<meta name=\"twitter:data1\" content=\"1 minut\" \/>\n<script type=\"application\/ld+json\" class=\"yoast-schema-graph\">{\"@context\":\"https:\/\/schema.org\",\"@graph\":[{\"@type\":\"WebPage\",\"@id\":\"https:\/\/howto.ping.fm\/sv\/top-tools-for-repairing-corrupted-video-files\/\",\"url\":\"https:\/\/howto.ping.fm\/sv\/top-tools-for-repairing-corrupted-video-files\/\",\"name\":\"Det b\u00e4sta verktyget f\u00f6r att reparera skadade videofiler\",\"isPartOf\":{\"@id\":\"https:\/\/howto.ping.fm\/sv\/#website\"},\"datePublished\":\"2024-07-11T00:00:00+00:00\",\"dateModified\":\"2024-07-19T09:04:58+00:00\",\"breadcrumb\":{\"@id\":\"https:\/\/howto.ping.fm\/sv\/top-tools-for-repairing-corrupted-video-files\/#breadcrumb\"},\"inLanguage\":\"sv-SE\",\"potentialAction\":[{\"@type\":\"ReadAction\",\"target\":[\"https:\/\/howto.ping.fm\/sv\/top-tools-for-repairing-corrupted-video-files\/\"]}]},{\"@type\":\"BreadcrumbList\",\"@id\":\"https:\/\/howto.ping.fm\/sv\/top-tools-for-repairing-corrupted-video-files\/#breadcrumb\",\"itemListElement\":[{\"@type\":\"ListItem\",\"position\":1,\"name\":\"Home\",\"item\":\"https:\/\/www.ping.fm\/howto\/sv\/\"},{\"@type\":\"ListItem\",\"position\":2,\"name\":\"Det b\u00e4sta verktyget f\u00f6r att reparera skadade videofiler\"}]},{\"@type\":\"WebSite\",\"@id\":\"https:\/\/howto.ping.fm\/sv\/#website\",\"url\":\"https:\/\/howto.ping.fm\/sv\/\",\"name\":\"Hur man g\u00f6r & B\u00e4sta programvaran\",\"description\":\"\",\"potentialAction\":[{\"@type\":\"SearchAction\",\"target\":{\"@type\":\"EntryPoint\",\"urlTemplate\":\"https:\/\/howto.ping.fm\/sv\/?s={search_term_string}\"},\"query-input\":\"required name=search_term_string\"}],\"inLanguage\":\"sv-SE\"}]}<\/script>\n<!-- \/ Yoast SEO plugin. -->","yoast_head_json":{"title":"Det b\u00e4sta verktyget f\u00f6r att reparera skadade videofiler","robots":{"index":"index","follow":"follow","max-snippet":"max-snippet:-1","max-image-preview":"max-image-preview:large","max-video-preview":"max-video-preview:-1"},"canonical":"https:\/\/howto.ping.fm\/sv\/top-tools-for-repairing-corrupted-video-files\/","og_locale":"sv_SE","og_type":"article","og_title":"Det b\u00e4sta verktyget f\u00f6r att reparera skadade videofiler","og_description":"Toppverktyg f\u00f6r att Reparera Skadade Videofiler Om du n\u00e5gonsin har hanterat frustrationen av en korrupt videofil vet du hur skr\u00e4mmande det kan vara att f\u00f6rs\u00f6ka r\u00e4dda det dyrbara materialet. Oavsett om det \u00e4r ett personligt minne, ett viktigt arbetsprojekt eller ett avg\u00f6rande \u00f6gonblick f\u00e5ngat p\u00e5 kamera, kan f\u00f6rlusten k\u00e4nnas o\u00f6verstiglig. Lyckligtvis finns det flera verktyg [&hellip;]","og_url":"https:\/\/howto.ping.fm\/sv\/top-tools-for-repairing-corrupted-video-files\/","og_site_name":"Hur man g\u00f6r & B\u00e4sta programvaran","article_modified_time":"2024-07-19T09:04:58+00:00","og_image":[{"width":1280,"height":731,"url":"https:\/\/www.ping.fm\/howto\/wp-content\/uploads\/2024\/07\/Top-Tools-for-Repairing-Corrupted-Video-Files-33.jpg","type":"image\/jpeg"}],"twitter_card":"summary_large_image","twitter_misc":{"Est. reading time":"1 minut"},"schema":{"@context":"https:\/\/schema.org","@graph":[{"@type":"WebPage","@id":"https:\/\/howto.ping.fm\/sv\/top-tools-for-repairing-corrupted-video-files\/","url":"https:\/\/howto.ping.fm\/sv\/top-tools-for-repairing-corrupted-video-files\/","name":"Det b\u00e4sta verktyget f\u00f6r att reparera skadade videofiler","isPartOf":{"@id":"https:\/\/howto.ping.fm\/sv\/#website"},"datePublished":"2024-07-11T00:00:00+00:00","dateModified":"2024-07-19T09:04:58+00:00","breadcrumb":{"@id":"https:\/\/howto.ping.fm\/sv\/top-tools-for-repairing-corrupted-video-files\/#breadcrumb"},"inLanguage":"sv-SE","potentialAction":[{"@type":"ReadAction","target":["https:\/\/howto.ping.fm\/sv\/top-tools-for-repairing-corrupted-video-files\/"]}]},{"@type":"BreadcrumbList","@id":"https:\/\/howto.ping.fm\/sv\/top-tools-for-repairing-corrupted-video-files\/#breadcrumb","itemListElement":[{"@type":"ListItem","position":1,"name":"Home","item":"https:\/\/www.ping.fm\/howto\/sv\/"},{"@type":"ListItem","position":2,"name":"Det b\u00e4sta verktyget f\u00f6r att reparera skadade videofiler"}]},{"@type":"WebSite","@id":"https:\/\/howto.ping.fm\/sv\/#website","url":"https:\/\/howto.ping.fm\/sv\/","name":"Hur man g\u00f6r & B\u00e4sta programvaran","description":"","potentialAction":[{"@type":"SearchAction","target":{"@type":"EntryPoint","urlTemplate":"https:\/\/howto.ping.fm\/sv\/?s={search_term_string}"},"query-input":"required name=search_term_string"}],"inLanguage":"sv-SE"}]}},"_links":{"self":[{"href":"https:\/\/howto.ping.fm\/sv\/wp-json\/wp\/v2\/pages\/24068"}],"collection":[{"href":"https:\/\/howto.ping.fm\/sv\/wp-json\/wp\/v2\/pages"}],"about":[{"href":"https:\/\/howto.ping.fm\/sv\/wp-json\/wp\/v2\/types\/page"}],"replies":[{"embeddable":true,"href":"https:\/\/howto.ping.fm\/sv\/wp-json\/wp\/v2\/comments?post=24068"}],"version-history":[{"count":0,"href":"https:\/\/howto.ping.fm\/sv\/wp-json\/wp\/v2\/pages\/24068\/revisions"}],"wp:featuredmedia":[{"embeddable":true,"href":"https:\/\/howto.ping.fm\/sv\/wp-json\/wp\/v2\/media\/24069"}],"wp:attachment":[{"href":"https:\/\/howto.ping.fm\/sv\/wp-json\/wp\/v2\/media?parent=24068"}],"curies":[{"name":"wp","href":"https:\/\/api.w.org\/{rel}","templated":true}]}}