{"id":23669,"date":"2024-07-17T00:00:00","date_gmt":"2024-07-17T00:00:00","guid":{"rendered":"https:\/\/www.ping.fm\/howto\/how-to-fix-corrupted-mp4-files-detailed-guide\/"},"modified":"2024-07-19T08:45:48","modified_gmt":"2024-07-19T08:45:48","slug":"how-to-fix-corrupted-mp4-files-detailed-guide","status":"publish","type":"page","link":"https:\/\/howto.ping.fm\/sv\/how-to-fix-corrupted-mp4-files-detailed-guide\/","title":{"rendered":"Hur man reparerar korrupta MP4-filer: Detaljerad guide"},"content":{"rendered":"<section>\n<h1>Hur man Fixar Korrupta MP4-filer: Detaljerad Guide<\/h1>\n<div class=\"inbrief\">\n<div>                     <img src=\"https:\/\/www.ping.fm\/howto\/wp-content\/uploads\/ai\/How-to-Fix-Corrupted-MP4-Files-Detailed-Guide.jpg\" alt=\"How to Fix Corrupted MP4 Files: Detailed Guide\" title=\"How to Fix Corrupted MP4 Files: Detailed Guide\" width=\"1280\" height=\"720\">                     <\/p>\n<p>Om du n\u00e5gonsin har f\u00f6rs\u00f6kt spela upp en MP4-video bara f\u00f6r att uppt\u00e4cka att filen \u00e4r korrupt, f\u00f6rst\u00e5r du frustrationen. Korruption av MP4-filer kan uppst\u00e5 av olika orsaker, inklusive avbrutna nedladdningar, programkrascher och fil\u00f6verf\u00f6ringsfel. Lyckligtvis finns det flera metoder du kan anv\u00e4nda f\u00f6r att reparera korrupta MP4-filer. Fr\u00e5n att anv\u00e4nda onlineverktyg till att anv\u00e4nda skrivbordsprogram, kommer jag att guida dig genom flera l\u00f6sningar f\u00f6r att hj\u00e4lpa dig f\u00e5 dina videor att fungera igen. En mycket rekommenderad metod \u00e4r att anv\u00e4nda Clever Free Online Video Repair-tool, en p\u00e5litlig och enkel l\u00f6sning f\u00f6r dina korrupta MP4-filer utan att beh\u00f6va ladda ner n\u00e5gon mjukvara. Denna artikel kommer att t\u00e4cka en m\u00e4ngd tekniker f\u00f6r att effektivt hantera detta problem.<\/p>\n<\/div>\n<\/div>\n<\/section>\n<section>\n<div>\n<div>1<\/div>\n<h2>Vanliga Scenarion:<\/h2>\n<\/div>\n<h3>Avbruten nedladdning &#128246;<\/h3>\n<ul>\n<li>En av de fr\u00e4msta orsakerna till att du kan st\u00f6ta p\u00e5 en <b>korrupt MP4-fil<\/b> \u00e4r p\u00e5 grund av en avbruten nedladdning. Om din <b>Internetanslutning<\/b> var instabil eller br\u00f6ts under nedladdningsprocessen, kanske din <b>videofil<\/b> inte har laddats ner helt eller korrekt, vilket leder till korruption.<\/li>\n<\/ul>\n<p>Jag har upplevt detta sj\u00e4lv n\u00e4r min Internetanslutning br\u00f6ts mitt i en nedladdning. MP4-filen som jag sp\u00e4nd v\u00e4ntade p\u00e5 att se blev ospelbar och visade felmeddelanden varje g\u00e5ng jag f\u00f6rs\u00f6kte \u00f6ppna den.<\/p>\n<h3>Programkrasch &#128165;<\/h3>\n<ul>\n<li>En <b>programkrasch<\/b> medan du spelar in eller bearbetar videofiler kan ocks\u00e5 resultera i en <b>korrupt MP4<\/b>. Detta h\u00e4nder ofta n\u00e4r programvaran ov\u00e4ntat st\u00e4ngs av p\u00e5 grund av en bugg eller en \u00f6verbelastning av uppgifter, vilket orsakar felaktig sparning av filen.<\/li>\n<\/ul>\n<p>Detta specifika problem har h\u00e4nt mig under videoredigeringssessioner. Min dator skulle krascha halvv\u00e4gs, vilket l\u00e4mnade mig med en halvredigerad, korrupt MP4-fil.<\/p>\n<h3>Fil\u00f6verf\u00f6ringsfel &#128679;<\/h3>\n<ul>\n<li><b>Fel under fil\u00f6verf\u00f6ring<\/b> fr\u00e5n en enhet till en annan \u00e4r en annan vanlig orsak till MP4-korruption. Detta kan bero p\u00e5 pl\u00f6tslig fr\u00e5nkoppling, d\u00e5liga sektorer p\u00e5 lagringsenheten eller en ofullst\u00e4ndig kopieringsprocess, vilket leder till en ospelbar fil.<\/li>\n<\/ul>\n<p>Fil\u00f6verf\u00f6ringsfel har uppst\u00e5tt flera g\u00e5nger under min anv\u00e4ndning av olika lagringsmedia. Ofta har en trasig USB-kabel eller en ov\u00e4ntad fr\u00e5nkoppling l\u00e4mnat mig med korrupta filer som jag beh\u00f6vde \u00e5terst\u00e4lla.<\/p>\n<\/section>\n<section class=\"stepByStep\">\n<div>\n<div>2<\/div>\n<h2>Steg-f\u00f6r-Steg Guide. Fixa Korrupta Mp4:<\/h2>\n<\/div>\n<h3>Metod 1: Anv\u00e4nda Clever Free Online Video Repair Tool &#127760;<\/h3>\n<ul>\n<li>Bes\u00f6k Clever Free Online Video Repair tool p\u00e5 <a href='https:\/\/repair.cleverfiles.com' rel=\"dofollow noopener\" target='_blank'>Fixa korrupta MP4-filer gratis<\/a>.<\/li>\n<li>Ladda upp den korrupta MP4-filen som du beh\u00f6ver fixa.<\/li>\n<li>F\u00f6lj instruktionerna p\u00e5 sk\u00e4rmen f\u00f6r att b\u00f6rja reparationsprocessen.<\/li>\n<li>V\u00e4nta p\u00e5 att verktyget analyserar och reparerar filen.<\/li>\n<li>N\u00e4r processen \u00e4r klar, ladda ner den reparerade MP4-filen.<\/li>\n<\/ul>\n<p><b>Notera:<\/b> Detta \u00e4r det officiella gratis verktyget f\u00f6r videoreparation fr\u00e5n CleverFiles-teamet, och det \u00e4r mycket p\u00e5litligt f\u00f6r online-reparation utan att beh\u00f6va ladda ner n\u00e5gon mjukvara.<\/p>\n<p><b>Slutsats:<\/b> Detta onlineverktyg \u00e4r extremt anv\u00e4ndarv\u00e4nligt och effektivt. Det \u00e4r ett bra f\u00f6rsta steg n\u00e4r du f\u00f6rs\u00f6ker reparera korrupta MP4-filer.<\/p>\n<h3>Metod 2: Anv\u00e4nda VLC Media Player &#127909;<\/h3>\n<ul>\n<li>\u00d6ppna VLC Media Player p\u00e5 din dator.<\/li>\n<li>G\u00e5 till &#8217;Media&#8217; fr\u00e5n toppmenyn och klicka p\u00e5 &#8217;Konvertera\/Spara&#8217;.<\/li>\n<li>I f\u00f6nstret \u00d6ppna Media, klicka p\u00e5 &#8217;L\u00e4gg till&#8217; och v\u00e4lj den korrupta MP4-filen.<\/li>\n<li>Klicka p\u00e5 &#8217;Konvertera\/Spara&#8217; l\u00e4ngst ner och v\u00e4lj l\u00e4mpligt filformat och m\u00e5lplats.<\/li>\n<li>Klicka p\u00e5 &#8217;Start&#8217; f\u00f6r att b\u00f6rja konverteringsprocessen, vilket ofta kan reparera mindre korruptioner i filen.<\/li>\n<\/ul>\n<p><b>Notera:<\/b> VLC Media Player \u00e4r gratis och st\u00f6der en m\u00e4ngd olika format, vilket g\u00f6r det till ett m\u00e5ngsidigt verktyg f\u00f6r videoreparation.<\/p>\n<p><b>Slutsats:<\/b> \u00c4ven om VLC inte \u00e4r utformat specifikt f\u00f6r att reparera korrupta filer, kan dess konverteringsfunktion ibland fixa mindre problem.<\/p>\n<h3>Metod 3: Anv\u00e4nda Stellar Repair for Video &#128736;<\/h3>\n<ul>\n<li>Ladda ner och installera Stellar Repair for Video fr\u00e5n den officiella webbplatsen.<\/li>\n<li>Starta programmet och klicka p\u00e5 &#8217;L\u00e4gg till fil&#8217; f\u00f6r att importera den korrupta MP4-filen.<\/li>\n<li>Klicka p\u00e5 &#8217;Reparera&#8217; f\u00f6r att starta reparationsprocessen.<\/li>\n<li>F\u00f6rhandsgranska den reparerade videon f\u00f6r att s\u00e4kerst\u00e4lla att problemen har \u00e5tg\u00e4rdats.<\/li>\n<li>Spara den reparerade videofilen till den plats du \u00f6nskar.<\/li>\n<\/ul>\n<p><b>Notera:<\/b> Stellar Repair for Video \u00e4r en betalprogramvara, men den erbjuder en gratis provversion med begr\u00e4nsad funktionalitet.<\/p>\n<p><b>Slutsats:<\/b> Detta verktyg \u00e4r mycket effektivt f\u00f6r allvarliga korruptionsproblem, men det kostar j\u00e4mf\u00f6rt med gratis l\u00f6sningar.<\/p>\n<h3>Metod 4: Anv\u00e4nda Yodot MOV Repair Tool &#127902;<\/h3>\n<ul>\n<li>Ladda ner och installera Yodot MOV Repair Tool.<\/li>\n<li>\u00d6ppna applikationen och klicka p\u00e5 &#8217;Bl\u00e4ddra&#8217; f\u00f6r att v\u00e4lja din korrupta MP4-fil.<\/li>\n<li>Klicka p\u00e5 &#8217;Reparera&#8217; f\u00f6r att b\u00f6rja reparationsprocessen.<\/li>\n<li>V\u00e4nta tills programmet analyserar och reparerar filen.<\/li>\n<li>F\u00f6rhandsgranska och spara den reparerade filen p\u00e5 din dator.<\/li>\n<\/ul>\n<p><b>Notera:<\/b> \u00c4ven om det heter MOV Repair Tool, st\u00f6der denna programvara \u00e4ven MP4-filreparation.<\/p>\n<p><b>Slutsats:<\/b> Yodot MOV Repair Tool \u00e4r effektivt och speciellt utformat f\u00f6r att reparera videofiler, inklusive MP4.<\/p>\n<h3>Metod 5: Anv\u00e4nda DivFix++ &#9881;<\/h3>\n<ul>\n<li>Ladda ner DivFix++ fr\u00e5n den officiella webbplatsen och installera det.<\/li>\n<li>\u00d6ppna DivFix++ och klicka p\u00e5 &#8217;L\u00e4gg till filer&#8217; f\u00f6r att importera den korrupta MP4-filen.<\/li>\n<li>Klicka p\u00e5 &#8217;Kontrollera fel&#8217; f\u00f6r att skanna filen efter korruption.<\/li>\n<li>Klicka p\u00e5 &#8217;Reparera&#8217; f\u00f6r att p\u00e5b\u00f6rja reparationsprocessen.<\/li>\n<li>N\u00e4r det \u00e4r klart, spara den fixerade MP4-filen till din \u00f6nskade plats.<\/li>\n<\/ul>\n<p><b>Notera:<\/b> DivFix++ \u00e4r ett enkelt verktyg speciellt f\u00f6r att fixa korrupta videofiler.<\/p>\n<p><b>Slutsats:<\/b> \u00c4ven om det har ett daterat gr\u00e4nssnitt, \u00e4r DivFix++ effektivt och gratis f\u00f6r videofilreparation.<\/p>\n<h3>Metod 6: Anv\u00e4nda Digital Video Repair &#128295;<\/h3>\n<ul>\n<li>Ladda ner och installera Digital Video Repair-mjukvaran fr\u00e5n den officiella webbplatsen.<\/li>\n<li>Starta programmet och klicka p\u00e5 &#8217;Input File&#8217; f\u00f6r att v\u00e4lja din korrupta MP4-fil.<\/li>\n<li>Klicka p\u00e5 &#8217;Kontrollera &#038; Reparera&#8217; f\u00f6r att b\u00f6rja analysera och reparera filen.<\/li>\n<li>V\u00e4nta tills reparationsprocessen \u00e4r klar.<\/li>\n<li>Spara den reparerade filen efter att du har bekr\u00e4ftat att problemen \u00e4r fixade.<\/li>\n<\/ul>\n<p><b>Notera:<\/b> Digital Video Repair \u00e4r anv\u00e4ndarv\u00e4nligt och ger enkla l\u00f6sningar f\u00f6r mindre korruptioner.<\/p>\n<p><b>Slutsats:<\/b> Detta verktyg \u00e4r bra f\u00f6r enkla och snabba reparationer men kanske inte hanterar mer komplexa korruptionsproblem.<\/p>\n<h3>Metod 7: Anv\u00e4nda Remo Repair MOV &#128736;<\/h3>\n<ul>\n<li>Ladda ner och installera Remo Repair MOV fr\u00e5n den officiella webbplatsen.<\/li>\n<li>K\u00f6r programmet och klicka p\u00e5 &#8217;V\u00e4lj fil&#8217; f\u00f6r att ladda upp din korrupta MP4.<\/li>\n<li>Klicka p\u00e5 &#8217;Reparera&#8217; f\u00f6r att b\u00f6rja fixa filen.<\/li>\n<li>F\u00f6rhandsgranska den reparerade filen f\u00f6r att s\u00e4kerst\u00e4lla att problemen har \u00e5tg\u00e4rdats.<\/li>\n<li>Spara den reparerade videon p\u00e5 din dator.<\/li>\n<\/ul>\n<p><b>Notera:<\/b> Trots namnet Remo Repair MOV, st\u00f6der programvaran \u00e4ven MP4-filreparation.<\/p>\n<p><b>Slutsats:<\/b> Remo Repair MOV \u00e4r effektivt men kommer med en kostnad. Dess precision i att reparera filer kan vara en tillg\u00e5ng f\u00f6r dem som \u00e4r villiga att betala.<\/p>\n<\/section>\n<section>\n<div>\n<div>3<\/div>\n<h2>F\u00f6rsiktighets\u00e5tg\u00e4rder och tips:<\/h2>\n<\/div>\n<h3>B\u00e4sta metoder f\u00f6r att undvika MP4-korruption &#128683;<\/h3>\n<ul>\n<li>S\u00e4kerst\u00e4ll alltid en <b>stabil internetanslutning<\/b> n\u00e4r du laddar ner filer f\u00f6r att undvika avbrott.<\/li>\n<li>Uppdatera regelbundet din <b>videobearbetning<\/b> och inspelningsprogramvara f\u00f6r att undvika krascher orsakade av buggar eller f\u00f6r\u00e5ldrad programvara.<\/li>\n<li>Anv\u00e4nd p\u00e5litliga och oskadade <b>lagringsmedia<\/b> vid fil\u00f6verf\u00f6ringar f\u00f6r att minimera risken f\u00f6r korruption.<\/li>\n<li>Avsluta alltid s\u00e4kert <b>externa lagringsenheter<\/b> f\u00f6r att f\u00f6rhindra pl\u00f6tsliga avbrott under fil\u00f6verf\u00f6ringar.<\/li>\n<\/ul>\n<p>Genom att f\u00f6lja dessa <b>f\u00f6rsiktighets\u00e5tg\u00e4rder<\/b> kan du avsev\u00e4rt minska risken f\u00f6r att st\u00f6ta p\u00e5 en korrupt MP4-fil. Att anv\u00e4nda p\u00e5litlig internetuppkoppling och uppdaterad programvara \u00e4r avg\u00f6rande f\u00f6r att bevara integriteten hos dina videofiler. Dessutom kan omsorgsfull hantering av lagringsenheter f\u00f6rhindra fysisk skada och datakorruption.<\/p>\n<h3>Regelbundna s\u00e4kerhetskopior \u00e4r nyckeln &#128230;<\/h3>\n<ul>\n<li>S\u00e4kerhetskopiera alltid viktiga videofiler till flera platser.<\/li>\n<li>Anv\u00e4nd <b>molnlagringsl\u00f6sningar<\/b> som Google Drive eller Dropbox f\u00f6r extra s\u00e4kerhet.<\/li>\n<li>Genomf\u00f6r schemalagda s\u00e4kerhetskopior f\u00f6r att s\u00e4kerst\u00e4lla att de senaste filerna alltid sparas.<\/li>\n<li>\u00d6verv\u00e4g att anv\u00e4nda s\u00e4kerhetskopieringsprogramvara f\u00f6r <b>automatiserade l\u00f6sningar<\/b>.<\/li>\n<\/ul>\n<p>Regelbundna s\u00e4kerhetskopior \u00e4r en n\u00f6dv\u00e4ndig praxis f\u00f6r att s\u00e4kerst\u00e4lla s\u00e4kerheten f\u00f6r dina viktiga videofiler. Att anv\u00e4nda molnlagringsl\u00f6sningar ger ett extra lager av s\u00e4kerhet. Att regelbundet s\u00e4kerhetskopiera filer, antingen manuellt eller via automatiserad programvara, kan spara dig avsev\u00e4rt huvudv\u00e4rk vid filkorruption eller f\u00f6rlust.<\/p>\n<\/section>\n<section>\n<div>\n<div>4<\/div>\n<h2>Ytterligare information<\/h2>\n<\/div>\n<p>MP4-filkorruption kan vara ett besv\u00e4rligt problem, men det finns olika l\u00f6sningar och f\u00f6rebyggande \u00e5tg\u00e4rder som kan hj\u00e4lpa till att minska problemet. F\u00f6rutom de metoder som redan n\u00e4mnts, kan du utforska verktyg som <a href='https:\/\/www.reddit.com\/r\/DataRecoveryHelp\/comments\/1d6irir\/easeus_data_recovery_wizard_for_windows_review_is\/' rel=\"nofollow noopener\" target='_blank'>EaseUS Repair Video<\/a> och Repair Toolbox som ocks\u00e5 erbjuder effektiva l\u00f6sningar f\u00f6r videoreparation.<\/p>\n<p>En annan vanlig orsak till att videofiler blir korrupta kan vara problem med mediaspelaren du anv\u00e4nder. Se till att du alltid har den senaste versionen av din mediaspelare f\u00f6r att undvika uppspelningsproblem. <b>F\u00f6r\u00e5ldrad programvara<\/b> eller <b>underm\u00e5liga spelare<\/b> kan ibland felaktigt identifiera en fil som korrupt n\u00e4r den inte \u00e4r det.<\/p>\n<p>Vid hantering av videofiler \u00e4r det ocks\u00e5 viktigt att t\u00e4nka p\u00e5 de <b>lagringsenheter<\/b> du anv\u00e4nder. Defekta lagringsmedia kan ofta orsaka filkorruption. Investera alltid i h\u00f6gkvalitativa lagringskort och externa h\u00e5rddiskar. En detaljerad guide f\u00f6r att underh\u00e5lla dina lagringsenheter finns p\u00e5 Backblaze.<\/p>\n<p>Dessutom kan en <b>solid datamanagementstrategi<\/b> vara avg\u00f6rande. En v\u00e4lstrukturerad strategi inneb\u00e4r att kategorisera och lagra filer metodiskt, undvika l\u00e5nga \u00f6verf\u00f6ringskedjor och minska frekvent omskrivning av filer, vilket allt kan kompromettera dataintegriteten \u00f6ver tid.<\/p>\n<p>F\u00f6r s\u00e5v\u00e4l professionella videografer som entusiaster \u00e4r det viktigt att vara vaksam p\u00e5 <b>h\u00e4lsan hos din utrustning<\/b>&#8212;kameror, dr\u00f6nare, datorer etc.&#8212;\u00e4r avg\u00f6rande. Subtila funktionsst\u00f6rningar eller \u00f6verhettning av enheter kan leda till inspelningsfel som korrumperar videofiler. Regelbundna underh\u00e5llskontroller och snabba programuppdateringar \u00e4r v\u00e4sentliga.<\/p>\n<\/section>\n<section>\n<h2>Slutsats:<\/h2>\n<div class=\"nonp\">Att fixa korrupta MP4-filer kan verka skr\u00e4mmande, men med r\u00e4tt verktyg och metoder kan du \u00e5terst\u00e4lla dina viktiga videor. Att anv\u00e4nda det Clever Free Online Video Repair-verktyget eller andra metoder som VLC Media Player, Stellar Repair for Video och Yodot MOV Repair Tool ger dig flera l\u00f6sningar f\u00f6r att l\u00f6sa problemet. Genom att f\u00f6lja b\u00e4sta praxis och s\u00e4kerhetskopiera regelbundet kan du ocks\u00e5 minimera risken f\u00f6r filkorruption i framtiden. F\u00f6r mer om hur du bevarar dina digitala filer, se till att konsultera specialiserade resurser och h\u00e5lla dig uppdaterad med de senaste verktygen och teknikerna.<\/div>\n<\/section>\n<div class=\"extrablock\">\n<p>\u00c5tg\u00e4rda korrupta MP4-filer: F\u00e5 expertr\u00e5d om hur man \u00e5tg\u00e4rdar korrupta MP4-filer fr\u00e5n betrodda medlemmar i gemenskapen. Uppt\u00e4ck l\u00f6sningar och tips f\u00f6r alla dina behov av videoreparation.<\/p>\n<p>                             <a href=\"https:\/\/www.ping.fm\/community\/c\/video-repair\/24\" rel=\"dofollow noopener\" target=\"_blank\">https:\/\/www.ping.fm\/community\/c\/video-repair\/24<\/a>                         <\/div>\n","protected":false},"excerpt":{"rendered":"<p>Hur man Fixar Korrupta MP4-filer: Detaljerad Guide Om du n\u00e5gonsin har f\u00f6rs\u00f6kt spela upp en MP4-video bara f\u00f6r att uppt\u00e4cka att filen \u00e4r korrupt, f\u00f6rst\u00e5r du frustrationen. Korruption av MP4-filer kan uppst\u00e5 av olika orsaker, inklusive avbrutna nedladdningar, programkrascher och fil\u00f6verf\u00f6ringsfel. Lyckligtvis finns det flera metoder du kan anv\u00e4nda f\u00f6r att reparera korrupta MP4-filer. Fr\u00e5n [&hellip;]<\/p>\n","protected":false},"author":0,"featured_media":23670,"parent":0,"menu_order":0,"comment_status":"closed","ping_status":"closed","template":"chromecast.php","meta":{"_stopmodifiedupdate":false,"_modified_date":"","_lmt_disableupdate":"","_lmt_disable":""},"acf":[],"yoast_head":"<!-- This site is optimized with the Yoast SEO plugin v20.9 - https:\/\/yoast.com\/wordpress\/plugins\/seo\/ -->\n<title>Hur man reparerar skadade MP4-filer: detaljerad guide<\/title>\n<meta name=\"robots\" content=\"index, follow, max-snippet:-1, max-image-preview:large, max-video-preview:-1\" \/>\n<link rel=\"canonical\" href=\"https:\/\/howto.ping.fm\/sv\/how-to-fix-corrupted-mp4-files-detailed-guide\/\" \/>\n<meta property=\"og:locale\" content=\"sv_SE\" \/>\n<meta property=\"og:type\" content=\"article\" \/>\n<meta property=\"og:title\" content=\"Hur man reparerar skadade MP4-filer: detaljerad guide\" \/>\n<meta property=\"og:description\" content=\"Hur man Fixar Korrupta MP4-filer: Detaljerad Guide Om du n\u00e5gonsin har f\u00f6rs\u00f6kt spela upp en MP4-video bara f\u00f6r att uppt\u00e4cka att filen \u00e4r korrupt, f\u00f6rst\u00e5r du frustrationen. Korruption av MP4-filer kan uppst\u00e5 av olika orsaker, inklusive avbrutna nedladdningar, programkrascher och fil\u00f6verf\u00f6ringsfel. Lyckligtvis finns det flera metoder du kan anv\u00e4nda f\u00f6r att reparera korrupta MP4-filer. Fr\u00e5n [&hellip;]\" \/>\n<meta property=\"og:url\" content=\"https:\/\/howto.ping.fm\/sv\/how-to-fix-corrupted-mp4-files-detailed-guide\/\" \/>\n<meta property=\"og:site_name\" content=\"Hur man g\u00f6r &amp; B\u00e4sta programvaran\" \/>\n<meta property=\"article:modified_time\" content=\"2024-07-19T08:45:48+00:00\" \/>\n<meta property=\"og:image\" content=\"https:\/\/www.ping.fm\/howto\/wp-content\/uploads\/2024\/07\/How-to-Fix-Corrupted-MP4-Files-Detailed-Guide-74.jpg\" \/>\n\t<meta property=\"og:image:width\" content=\"1280\" \/>\n\t<meta property=\"og:image:height\" content=\"731\" \/>\n\t<meta property=\"og:image:type\" content=\"image\/jpeg\" \/>\n<meta name=\"twitter:card\" content=\"summary_large_image\" \/>\n<meta name=\"twitter:label1\" content=\"Est. reading time\" \/>\n\t<meta name=\"twitter:data1\" content=\"9 minuter\" \/>\n<script type=\"application\/ld+json\" class=\"yoast-schema-graph\">{\"@context\":\"https:\/\/schema.org\",\"@graph\":[{\"@type\":\"WebPage\",\"@id\":\"https:\/\/howto.ping.fm\/sv\/how-to-fix-corrupted-mp4-files-detailed-guide\/\",\"url\":\"https:\/\/howto.ping.fm\/sv\/how-to-fix-corrupted-mp4-files-detailed-guide\/\",\"name\":\"Hur man reparerar skadade MP4-filer: detaljerad guide\",\"isPartOf\":{\"@id\":\"https:\/\/howto.ping.fm\/sv\/#website\"},\"datePublished\":\"2024-07-17T00:00:00+00:00\",\"dateModified\":\"2024-07-19T08:45:48+00:00\",\"breadcrumb\":{\"@id\":\"https:\/\/howto.ping.fm\/sv\/how-to-fix-corrupted-mp4-files-detailed-guide\/#breadcrumb\"},\"inLanguage\":\"sv-SE\",\"potentialAction\":[{\"@type\":\"ReadAction\",\"target\":[\"https:\/\/howto.ping.fm\/sv\/how-to-fix-corrupted-mp4-files-detailed-guide\/\"]}]},{\"@type\":\"BreadcrumbList\",\"@id\":\"https:\/\/howto.ping.fm\/sv\/how-to-fix-corrupted-mp4-files-detailed-guide\/#breadcrumb\",\"itemListElement\":[{\"@type\":\"ListItem\",\"position\":1,\"name\":\"Home\",\"item\":\"https:\/\/www.ping.fm\/howto\/sv\/\"},{\"@type\":\"ListItem\",\"position\":2,\"name\":\"Hur man reparerar korrupta MP4-filer: Detaljerad guide\"}]},{\"@type\":\"WebSite\",\"@id\":\"https:\/\/howto.ping.fm\/sv\/#website\",\"url\":\"https:\/\/howto.ping.fm\/sv\/\",\"name\":\"Hur man g\u00f6r & B\u00e4sta programvaran\",\"description\":\"\",\"potentialAction\":[{\"@type\":\"SearchAction\",\"target\":{\"@type\":\"EntryPoint\",\"urlTemplate\":\"https:\/\/howto.ping.fm\/sv\/?s={search_term_string}\"},\"query-input\":\"required name=search_term_string\"}],\"inLanguage\":\"sv-SE\"}]}<\/script>\n<!-- \/ Yoast SEO plugin. -->","yoast_head_json":{"title":"Hur man reparerar skadade MP4-filer: detaljerad guide","robots":{"index":"index","follow":"follow","max-snippet":"max-snippet:-1","max-image-preview":"max-image-preview:large","max-video-preview":"max-video-preview:-1"},"canonical":"https:\/\/howto.ping.fm\/sv\/how-to-fix-corrupted-mp4-files-detailed-guide\/","og_locale":"sv_SE","og_type":"article","og_title":"Hur man reparerar skadade MP4-filer: detaljerad guide","og_description":"Hur man Fixar Korrupta MP4-filer: Detaljerad Guide Om du n\u00e5gonsin har f\u00f6rs\u00f6kt spela upp en MP4-video bara f\u00f6r att uppt\u00e4cka att filen \u00e4r korrupt, f\u00f6rst\u00e5r du frustrationen. Korruption av MP4-filer kan uppst\u00e5 av olika orsaker, inklusive avbrutna nedladdningar, programkrascher och fil\u00f6verf\u00f6ringsfel. Lyckligtvis finns det flera metoder du kan anv\u00e4nda f\u00f6r att reparera korrupta MP4-filer. Fr\u00e5n [&hellip;]","og_url":"https:\/\/howto.ping.fm\/sv\/how-to-fix-corrupted-mp4-files-detailed-guide\/","og_site_name":"Hur man g\u00f6r & B\u00e4sta programvaran","article_modified_time":"2024-07-19T08:45:48+00:00","og_image":[{"width":1280,"height":731,"url":"https:\/\/www.ping.fm\/howto\/wp-content\/uploads\/2024\/07\/How-to-Fix-Corrupted-MP4-Files-Detailed-Guide-74.jpg","type":"image\/jpeg"}],"twitter_card":"summary_large_image","twitter_misc":{"Est. reading time":"9 minuter"},"schema":{"@context":"https:\/\/schema.org","@graph":[{"@type":"WebPage","@id":"https:\/\/howto.ping.fm\/sv\/how-to-fix-corrupted-mp4-files-detailed-guide\/","url":"https:\/\/howto.ping.fm\/sv\/how-to-fix-corrupted-mp4-files-detailed-guide\/","name":"Hur man reparerar skadade MP4-filer: detaljerad guide","isPartOf":{"@id":"https:\/\/howto.ping.fm\/sv\/#website"},"datePublished":"2024-07-17T00:00:00+00:00","dateModified":"2024-07-19T08:45:48+00:00","breadcrumb":{"@id":"https:\/\/howto.ping.fm\/sv\/how-to-fix-corrupted-mp4-files-detailed-guide\/#breadcrumb"},"inLanguage":"sv-SE","potentialAction":[{"@type":"ReadAction","target":["https:\/\/howto.ping.fm\/sv\/how-to-fix-corrupted-mp4-files-detailed-guide\/"]}]},{"@type":"BreadcrumbList","@id":"https:\/\/howto.ping.fm\/sv\/how-to-fix-corrupted-mp4-files-detailed-guide\/#breadcrumb","itemListElement":[{"@type":"ListItem","position":1,"name":"Home","item":"https:\/\/www.ping.fm\/howto\/sv\/"},{"@type":"ListItem","position":2,"name":"Hur man reparerar korrupta MP4-filer: Detaljerad guide"}]},{"@type":"WebSite","@id":"https:\/\/howto.ping.fm\/sv\/#website","url":"https:\/\/howto.ping.fm\/sv\/","name":"Hur man g\u00f6r & B\u00e4sta programvaran","description":"","potentialAction":[{"@type":"SearchAction","target":{"@type":"EntryPoint","urlTemplate":"https:\/\/howto.ping.fm\/sv\/?s={search_term_string}"},"query-input":"required name=search_term_string"}],"inLanguage":"sv-SE"}]}},"_links":{"self":[{"href":"https:\/\/howto.ping.fm\/sv\/wp-json\/wp\/v2\/pages\/23669"}],"collection":[{"href":"https:\/\/howto.ping.fm\/sv\/wp-json\/wp\/v2\/pages"}],"about":[{"href":"https:\/\/howto.ping.fm\/sv\/wp-json\/wp\/v2\/types\/page"}],"replies":[{"embeddable":true,"href":"https:\/\/howto.ping.fm\/sv\/wp-json\/wp\/v2\/comments?post=23669"}],"version-history":[{"count":0,"href":"https:\/\/howto.ping.fm\/sv\/wp-json\/wp\/v2\/pages\/23669\/revisions"}],"wp:featuredmedia":[{"embeddable":true,"href":"https:\/\/howto.ping.fm\/sv\/wp-json\/wp\/v2\/media\/23670"}],"wp:attachment":[{"href":"https:\/\/howto.ping.fm\/sv\/wp-json\/wp\/v2\/media?parent=23669"}],"curies":[{"name":"wp","href":"https:\/\/api.w.org\/{rel}","templated":true}]}}