{"id":18095,"date":"2024-02-04T09:40:58","date_gmt":"2024-02-04T09:40:58","guid":{"rendered":"https:\/\/www.ping.fm\/howto\/microsoft-azure-for-small-business\/"},"modified":"2024-03-04T10:20:14","modified_gmt":"2024-03-04T10:20:14","slug":"microsoft-azure-for-small-business","status":"publish","type":"page","link":"https:\/\/howto.ping.fm\/sv\/microsoft-azure-for-small-business\/","title":{"rendered":"Fem stora f\u00f6rdelar som Microsoft Azure ger till sm\u00e5f\u00f6retag"},"content":{"rendered":"<section>\n<h1>Microsoft Azure f\u00f6r sm\u00e5f\u00f6retag: Topp 5 f\u00f6rdelar<\/h1>\n<div class=\"inbrief\">\n<div>             <img src=\"https:\/\/www.ping.fm\/howto\/wp-content\/uploads\/ai\/Microsoft-Azure-for-Small-Business-Top-5-Benefits-Swedish.jpg\" alt=\"Microsoft Azure f\u00f6r sm\u00e5f\u00f6retag: Topp 5 f\u00f6rdelar\" title=\"Microsoft Azure f\u00f6r sm\u00e5f\u00f6retag: Topp 5 f\u00f6rdelar\" width=\"1280\" height=\"720\">             <\/p>\n<p>Att utforska digitala l\u00f6sningar f\u00f6r sm\u00e5f\u00f6retag leder ofta till molntj\u00e4nster, och en kraftk\u00e4lla inom det omr\u00e5det \u00e4r <a href='https:\/\/azure.microsoft.com\/' rel=\"nofollow noopener\" target='_blank'>Microsoft Azure<\/a>. Med ett \u00f6verfl\u00f6d av erbjudanden utformade f\u00f6r att m\u00f6ta olika behov, st\u00e5r Azure som ett m\u00e5ngsidigt alternativ f\u00f6r f\u00f6retag som vill skala upp, s\u00e4kra och effektivisera sina verksamheter.<\/p>\n<\/div>\n<\/div>\n<\/section>\n<section>\n<div class=\"medal\">\n<div>&#129351;<\/div>\n<\/div>\n<h2><a href='https:\/\/azure.microsoft.com\/en-us\/services\/security-center\/' rel=\"nofollow noopener\" target='_blank'>Azure Security Center<\/a><\/h2>\n<p>Microsoft Azure Security Center \u00e4r ett <b>enhetligt s\u00e4kerhetshanteringssystem<\/b> som st\u00e4rker s\u00e4kerhetsst\u00e4llningen f\u00f6r dina datacenter och erbjuder avancerat skydd mot hot \u00f6ver dina hybridarbetsbelastningar i molnet &#8211; oavsett om de \u00e4r i Azure eller inte &#8211; liksom p\u00e5 plats.<\/p>\n<p><a href='https:\/\/azure.microsoft.com\/en-us\/services\/security-center\/' rel=\"nofollow noopener\" target='_blank' class='ofWSite'>Officiella Webbsidan<\/a><\/p>\n<h3 class='prosTitle'>F\u00f6rdelar<\/h3>\n<ul class='listpc pros'>\n<li>Avancerade m\u00f6jligheter f\u00f6r uppt\u00e4ckt och respons p\u00e5 hot<\/li>\n<li>Kontinuerlig s\u00e4kerhetsbed\u00f6mning och rekommendationer<\/li>\n<\/ul>\n<h3 class='consTitle'>Nackdelar<\/h3>\n<ul class='listpc cons'>\n<li>Kan vara komplicerat att konfigurera f\u00f6r nyb\u00f6rjare<\/li>\n<li>Kan bli dyrt f\u00f6r mindre arbetsbelastningar<\/li>\n<\/ul>\n<\/section>\n<section>\n<div class=\"medal\">\n<div>&#129352;<\/div>\n<\/div>\n<h2><a href='https:\/\/azure.microsoft.com\/en-us\/services\/storage\/' rel=\"nofollow noopener\" target='_blank'>Azure Storage<\/a><\/h2>\n<p>F\u00f6r sm\u00e5f\u00f6retag som s\u00f6ker s\u00e4kra och skalbara lagringsl\u00f6sningar erbjuder <b>Azure Storage<\/b> en rad molnlagringstj\u00e4nster inklusive blobbar, filer, k\u00f6er och tabeller, vilka \u00e4r utformade f\u00f6r att ge h\u00f6g tillg\u00e4nglighet och h\u00e5llbarhet f\u00f6r dina data.<\/p>\n<p><a href='https:\/\/azure.microsoft.com\/en-us\/services\/storage\/' rel=\"nofollow noopener\" target='_blank' class='ofWSite'>Officiella Webbsidan<\/a><\/p>\n<h3 class='prosTitle'>F\u00f6rdelar<\/h3>\n<ul class='listpc pros'>\n<li>Skalbara och h\u00e5llbara lagringsalternativ<\/li>\n<li>Betalningsmodell baserad p\u00e5 faktisk anv\u00e4ndning<\/li>\n<\/ul>\n<h3 class='consTitle'>Nackdelar<\/h3>\n<ul class='listpc cons'>\n<li>Kan inneb\u00e4ra ytterligare avgifter f\u00f6r datatransfer<\/li>\n<li>Inl\u00e4rningskurva f\u00f6r optimal anv\u00e4ndning<\/li>\n<\/ul>\n<\/section>\n<section>\n<div class=\"medal\">\n<div>&#129353;<\/div>\n<\/div>\n<h2><a href='https:\/\/azure.microsoft.com\/en-us\/support\/plans\/' rel=\"nofollow noopener\" target='_blank'>Azure Support Planer<\/a><\/h2>\n<p>Azures <b>supportplaner<\/b> str\u00e4cker sig fr\u00e5n grundl\u00e4ggande erbjudanden f\u00f6r sm\u00e5f\u00f6retag till mer omfattande alternativ f\u00f6r storf\u00f6retag. Dessa planer ser till att f\u00f6retagen har tillg\u00e5ng till den hj\u00e4lp de beh\u00f6ver n\u00e4r de hanterar olika molnrelaterade utmaningar.<\/p>\n<p><a href='https:\/\/azure.microsoft.com\/en-us\/support\/plans\/' rel=\"nofollow noopener\" target='_blank' class='ofWSite'>Officiella Webbsidan<\/a><\/p>\n<h3 class='prosTitle'>F\u00f6rdelar<\/h3>\n<ul class='listpc pros'>\n<li>Flera planer anpassade efter olika behov<\/li>\n<li>Tillg\u00e5ng till expertis och probleml\u00f6sning<\/li>\n<\/ul>\n<h3 class='consTitle'>Nackdelar<\/h3>\n<ul class='listpc cons'>\n<li>H\u00f6gre niv\u00e5s planer kan vara dyra f\u00f6r sm\u00e5f\u00f6retag<\/li>\n<li>Grundl\u00e4ggande plan kan inte t\u00e4cka alla scenarier<\/li>\n<\/ul>\n<\/section>\n<section>\n<div class=\"no-medal\">\n<div>4<\/div>\n<\/div>\n<h2><a href='https:\/\/azure.microsoft.com\/en-us\/services\/monitor\/' rel=\"nofollow noopener\" target='_blank'>Azure Monitor<\/a><\/h2>\n<p>F\u00f6r att uppr\u00e4tth\u00e5lla tillf\u00f6rlitlighet och prestanda hj\u00e4lper <b>Azure Monitor<\/b> sm\u00e5f\u00f6retag att samla in, analysera och agera p\u00e5 telemetridata fr\u00e5n deras moln- och lokala milj\u00f6er. Detta m\u00f6jligg\u00f6r f\u00f6r f\u00f6retag att maximera prestandan och tillg\u00e4ngligheten f\u00f6r deras applikationer.<\/p>\n<p><a href='https:\/\/azure.microsoft.com\/en-us\/services\/monitor\/' rel=\"nofollow noopener\" target='_blank' class='ofWSite'>Officiell Webbplats<\/a><\/p>\n<h3 class='prosTitle'>F\u00f6rdelar<\/h3>\n<ul class='listpc pros'>\n<li>Ger djupg\u00e5ende insikter i applikationer och infrastruktur<\/li>\n<li>Hj\u00e4lper till med proaktiv problemidentifiering och fels\u00f6kning<\/li>\n<\/ul>\n<h3 class='consTitle'>Nackdelar<\/h3>\n<ul class='listpc cons'>\n<li>Komplexitet i att konfigurera och anpassa larm<\/li>\n<li>Datainsamling och lagring kan bli dyrt<\/li>\n<\/ul>\n<\/section>\n<section>\n<div class=\"no-medal\">\n<div>5<\/div>\n<\/div>\n<h2><a href='https:\/\/azure.microsoft.com\/en-us\/services\/cost-management\/' rel=\"nofollow noopener\" target='_blank'>Azure Cost Management<\/a><\/h2>\n<p>Med <b>Azure Cost Management<\/b> f\u00e5r sm\u00e5f\u00f6retag \u00f6versikt \u00f6ver deras molnutgifter och kan fatta informerade beslut om att optimera deras molnkostnader. Detta verktyg hj\u00e4lper till att sp\u00e5ra resursanv\u00e4ndning och hantera kostnader effektivt.<\/p>\n<p><a href='https:\/\/azure.microsoft.com\/en-us\/services\/cost-management\/' rel=\"nofollow noopener\" target='_blank' class='ofWSite'>Officiell Webbplats<\/a><\/p>\n<h3 class='prosTitle'>F\u00f6rdelar<\/h3>\n<ul class='listpc pros'>\n<li>Ekonomisk \u00f6versikt och budgeteringsverktyg<\/li>\n<li>Hj\u00e4lper till med att optimera molnutgifter<\/li>\n<\/ul>\n<h3 class='consTitle'>Nackdelar<\/h3>\n<ul class='listpc cons'>\n<li>Kan vara en inl\u00e4rningskurva f\u00f6r grundlig f\u00f6rst\u00e5else<\/li>\n<li>Begr\u00e4nsat till Azure och partnerresurser<\/li>\n<\/ul>\n<\/section>\n<section>\n<h2>Slutsats:<\/h2>\n<div class=\"nonp\">\n<p>I takt med att f\u00f6retag alltmer r\u00f6r sig mot molntj\u00e4nster, \u00e4r det essentiellt att f\u00f6rst\u00e5 landskapet av <b>molnleverant\u00f6rer<\/b>. Plattformar ut\u00f6ver Azure, s\u00e5som <a href='https:\/\/aws.amazon.com\/' rel=\"nofollow noopener\" target='_blank'>Amazon Web Services (AWS)<\/a> och <a href='https:\/\/cloud.google.com\/' rel=\"nofollow noopener\" target='_blank'>Google Cloud Platform (GCP)<\/a>, erbjuder \u00e4ven de en m\u00e4ngd l\u00f6sningar med sina egna upps\u00e4ttningar av funktioner och prisstrukturer. Att s\u00f6ka r\u00e5d fr\u00e5n konsultf\u00f6retag inom molntj\u00e4nster kan hj\u00e4lpa till att navigera bland dessa alternativ. Vidare \u00e4r att delta i molngemenskaper och forum s\u00e5som <a href='https:\/\/serverfault.com\/' rel=\"nofollow noopener\" target='_blank'>Server Fault<\/a> och <a href='https:\/\/www.stackoverflow.com\/' rel=\"nofollow noopener\" target='_blank'>Stack Overflow<\/a>, ett bepr\u00f6vat s\u00e4tt att samla r\u00e5d och insikter i realtid fr\u00e5n andra yrkesverksamma.<\/p>\n<\/div>\n<\/section>\n","protected":false},"excerpt":{"rendered":"<p>Microsoft Azure f\u00f6r sm\u00e5f\u00f6retag: Topp 5 f\u00f6rdelar Att utforska digitala l\u00f6sningar f\u00f6r sm\u00e5f\u00f6retag leder ofta till molntj\u00e4nster, och en kraftk\u00e4lla inom det omr\u00e5det \u00e4r Microsoft Azure. Med ett \u00f6verfl\u00f6d av erbjudanden utformade f\u00f6r att m\u00f6ta olika behov, st\u00e5r Azure som ett m\u00e5ngsidigt alternativ f\u00f6r f\u00f6retag som vill skala upp, s\u00e4kra och effektivisera sina verksamheter. &#129351; [&hellip;]<\/p>\n","protected":false},"author":0,"featured_media":18096,"parent":0,"menu_order":0,"comment_status":"closed","ping_status":"closed","template":"chromecast.php","meta":{"_stopmodifiedupdate":false,"_modified_date":"","_lmt_disableupdate":"yes","_lmt_disable":""},"acf":[],"yoast_head":"<!-- This site is optimized with the Yoast SEO plugin v20.9 - https:\/\/yoast.com\/wordpress\/plugins\/seo\/ -->\n<title>De fem st\u00f6rsta f\u00f6rdelarna med Microsoft Azure f\u00f6r sm\u00e5f\u00f6retag<\/title>\n<meta name=\"robots\" content=\"index, follow, max-snippet:-1, max-image-preview:large, max-video-preview:-1\" \/>\n<link rel=\"canonical\" href=\"https:\/\/howto.ping.fm\/sv\/microsoft-azure-for-small-business\/\" \/>\n<meta property=\"og:locale\" content=\"sv_SE\" \/>\n<meta property=\"og:type\" content=\"article\" \/>\n<meta property=\"og:title\" content=\"De fem st\u00f6rsta f\u00f6rdelarna med Microsoft Azure f\u00f6r sm\u00e5f\u00f6retag\" \/>\n<meta property=\"og:description\" content=\"Microsoft Azure f\u00f6r sm\u00e5f\u00f6retag: Topp 5 f\u00f6rdelar Att utforska digitala l\u00f6sningar f\u00f6r sm\u00e5f\u00f6retag leder ofta till molntj\u00e4nster, och en kraftk\u00e4lla inom det omr\u00e5det \u00e4r Microsoft Azure. Med ett \u00f6verfl\u00f6d av erbjudanden utformade f\u00f6r att m\u00f6ta olika behov, st\u00e5r Azure som ett m\u00e5ngsidigt alternativ f\u00f6r f\u00f6retag som vill skala upp, s\u00e4kra och effektivisera sina verksamheter. &#129351; [&hellip;]\" \/>\n<meta property=\"og:url\" content=\"https:\/\/howto.ping.fm\/sv\/microsoft-azure-for-small-business\/\" \/>\n<meta property=\"og:site_name\" content=\"Hur man g\u00f6r &amp; B\u00e4sta programvaran\" \/>\n<meta property=\"article:modified_time\" content=\"2024-03-04T10:20:14+00:00\" \/>\n<meta property=\"og:image\" content=\"https:\/\/www.ping.fm\/howto\/wp-content\/uploads\/2024\/03\/Microsoft-Azure-for-Small-Business-Top-5-Benefits-Swedish.jpg\" \/>\n\t<meta property=\"og:image:width\" content=\"1280\" \/>\n\t<meta property=\"og:image:height\" content=\"731\" \/>\n\t<meta property=\"og:image:type\" content=\"image\/jpeg\" \/>\n<meta name=\"twitter:card\" content=\"summary_large_image\" \/>\n<meta name=\"twitter:label1\" content=\"Est. reading time\" \/>\n\t<meta name=\"twitter:data1\" content=\"3 minuter\" \/>\n<script type=\"application\/ld+json\" class=\"yoast-schema-graph\">{\"@context\":\"https:\/\/schema.org\",\"@graph\":[{\"@type\":\"WebPage\",\"@id\":\"https:\/\/howto.ping.fm\/sv\/microsoft-azure-for-small-business\/\",\"url\":\"https:\/\/howto.ping.fm\/sv\/microsoft-azure-for-small-business\/\",\"name\":\"De fem st\u00f6rsta f\u00f6rdelarna med Microsoft Azure f\u00f6r sm\u00e5f\u00f6retag\",\"isPartOf\":{\"@id\":\"https:\/\/howto.ping.fm\/sv\/#website\"},\"datePublished\":\"2024-02-04T09:40:58+00:00\",\"dateModified\":\"2024-03-04T10:20:14+00:00\",\"breadcrumb\":{\"@id\":\"https:\/\/howto.ping.fm\/sv\/microsoft-azure-for-small-business\/#breadcrumb\"},\"inLanguage\":\"sv-SE\",\"potentialAction\":[{\"@type\":\"ReadAction\",\"target\":[\"https:\/\/howto.ping.fm\/sv\/microsoft-azure-for-small-business\/\"]}]},{\"@type\":\"BreadcrumbList\",\"@id\":\"https:\/\/howto.ping.fm\/sv\/microsoft-azure-for-small-business\/#breadcrumb\",\"itemListElement\":[{\"@type\":\"ListItem\",\"position\":1,\"name\":\"Home\",\"item\":\"https:\/\/www.ping.fm\/howto\/sv\/\"},{\"@type\":\"ListItem\",\"position\":2,\"name\":\"Fem stora f\u00f6rdelar som Microsoft Azure ger till sm\u00e5f\u00f6retag\"}]},{\"@type\":\"WebSite\",\"@id\":\"https:\/\/howto.ping.fm\/sv\/#website\",\"url\":\"https:\/\/howto.ping.fm\/sv\/\",\"name\":\"Hur man g\u00f6r & B\u00e4sta programvaran\",\"description\":\"\",\"potentialAction\":[{\"@type\":\"SearchAction\",\"target\":{\"@type\":\"EntryPoint\",\"urlTemplate\":\"https:\/\/howto.ping.fm\/sv\/?s={search_term_string}\"},\"query-input\":\"required name=search_term_string\"}],\"inLanguage\":\"sv-SE\"}]}<\/script>\n<!-- \/ Yoast SEO plugin. -->","yoast_head_json":{"title":"De fem st\u00f6rsta f\u00f6rdelarna med Microsoft Azure f\u00f6r sm\u00e5f\u00f6retag","robots":{"index":"index","follow":"follow","max-snippet":"max-snippet:-1","max-image-preview":"max-image-preview:large","max-video-preview":"max-video-preview:-1"},"canonical":"https:\/\/howto.ping.fm\/sv\/microsoft-azure-for-small-business\/","og_locale":"sv_SE","og_type":"article","og_title":"De fem st\u00f6rsta f\u00f6rdelarna med Microsoft Azure f\u00f6r sm\u00e5f\u00f6retag","og_description":"Microsoft Azure f\u00f6r sm\u00e5f\u00f6retag: Topp 5 f\u00f6rdelar Att utforska digitala l\u00f6sningar f\u00f6r sm\u00e5f\u00f6retag leder ofta till molntj\u00e4nster, och en kraftk\u00e4lla inom det omr\u00e5det \u00e4r Microsoft Azure. Med ett \u00f6verfl\u00f6d av erbjudanden utformade f\u00f6r att m\u00f6ta olika behov, st\u00e5r Azure som ett m\u00e5ngsidigt alternativ f\u00f6r f\u00f6retag som vill skala upp, s\u00e4kra och effektivisera sina verksamheter. &#129351; [&hellip;]","og_url":"https:\/\/howto.ping.fm\/sv\/microsoft-azure-for-small-business\/","og_site_name":"Hur man g\u00f6r & B\u00e4sta programvaran","article_modified_time":"2024-03-04T10:20:14+00:00","og_image":[{"width":1280,"height":731,"url":"https:\/\/www.ping.fm\/howto\/wp-content\/uploads\/2024\/03\/Microsoft-Azure-for-Small-Business-Top-5-Benefits-Swedish.jpg","type":"image\/jpeg"}],"twitter_card":"summary_large_image","twitter_misc":{"Est. reading time":"3 minuter"},"schema":{"@context":"https:\/\/schema.org","@graph":[{"@type":"WebPage","@id":"https:\/\/howto.ping.fm\/sv\/microsoft-azure-for-small-business\/","url":"https:\/\/howto.ping.fm\/sv\/microsoft-azure-for-small-business\/","name":"De fem st\u00f6rsta f\u00f6rdelarna med Microsoft Azure f\u00f6r sm\u00e5f\u00f6retag","isPartOf":{"@id":"https:\/\/howto.ping.fm\/sv\/#website"},"datePublished":"2024-02-04T09:40:58+00:00","dateModified":"2024-03-04T10:20:14+00:00","breadcrumb":{"@id":"https:\/\/howto.ping.fm\/sv\/microsoft-azure-for-small-business\/#breadcrumb"},"inLanguage":"sv-SE","potentialAction":[{"@type":"ReadAction","target":["https:\/\/howto.ping.fm\/sv\/microsoft-azure-for-small-business\/"]}]},{"@type":"BreadcrumbList","@id":"https:\/\/howto.ping.fm\/sv\/microsoft-azure-for-small-business\/#breadcrumb","itemListElement":[{"@type":"ListItem","position":1,"name":"Home","item":"https:\/\/www.ping.fm\/howto\/sv\/"},{"@type":"ListItem","position":2,"name":"Fem stora f\u00f6rdelar som Microsoft Azure ger till sm\u00e5f\u00f6retag"}]},{"@type":"WebSite","@id":"https:\/\/howto.ping.fm\/sv\/#website","url":"https:\/\/howto.ping.fm\/sv\/","name":"Hur man g\u00f6r & B\u00e4sta programvaran","description":"","potentialAction":[{"@type":"SearchAction","target":{"@type":"EntryPoint","urlTemplate":"https:\/\/howto.ping.fm\/sv\/?s={search_term_string}"},"query-input":"required name=search_term_string"}],"inLanguage":"sv-SE"}]}},"_links":{"self":[{"href":"https:\/\/howto.ping.fm\/sv\/wp-json\/wp\/v2\/pages\/18095"}],"collection":[{"href":"https:\/\/howto.ping.fm\/sv\/wp-json\/wp\/v2\/pages"}],"about":[{"href":"https:\/\/howto.ping.fm\/sv\/wp-json\/wp\/v2\/types\/page"}],"replies":[{"embeddable":true,"href":"https:\/\/howto.ping.fm\/sv\/wp-json\/wp\/v2\/comments?post=18095"}],"version-history":[{"count":0,"href":"https:\/\/howto.ping.fm\/sv\/wp-json\/wp\/v2\/pages\/18095\/revisions"}],"wp:featuredmedia":[{"embeddable":true,"href":"https:\/\/howto.ping.fm\/sv\/wp-json\/wp\/v2\/media\/18096"}],"wp:attachment":[{"href":"https:\/\/howto.ping.fm\/sv\/wp-json\/wp\/v2\/media?parent=18095"}],"curies":[{"name":"wp","href":"https:\/\/api.w.org\/{rel}","templated":true}]}}