{"id":17915,"date":"2024-01-22T15:38:05","date_gmt":"2024-01-22T15:38:05","guid":{"rendered":"https:\/\/www.ping.fm\/howto\/hipaa-compliant-video-platforms\/"},"modified":"2024-03-04T09:59:38","modified_gmt":"2024-03-04T09:59:38","slug":"hipaa-compliant-video-platforms","status":"publish","type":"page","link":"https:\/\/howto.ping.fm\/sv\/hipaa-compliant-video-platforms\/","title":{"rendered":"HIPAA-kompatibel b\u00e4sta videoplattform"},"content":{"rendered":"<section>\n<h1>B\u00e4sta HIPAA-anpassade videoplattformar<\/h1>\n<div class=\"inbrief\">\n<div>             <img decoding=\"async\" decoding=\"async\" class=\"lazyload\"  srcset=\"data:image\/png;base64,iVBORw0KGgoAAAANSUhEUgAABLAAAAKkAQMAAAAqeFQ7AAAAA3NCSVQICAjb4U\/gAAAABlBMVEX\/\/\/\/\/\/\/9VfPVsAAAAAnRSTlMA\/1uRIrUAAAAJcEhZcwAACxIAAAsSAdLdfvwAAAAcdEVYdFNvZnR3YXJlAEFkb2JlIEZpcmV3b3JrcyBDUzbovLKMAAAAFnRFWHRDcmVhdGlvbiBUaW1lADAxLzI5LzE536V52wAAAHpJREFUeJztwQENAAAAwqD3T20ON6AAAAAAAAAAAAAAAAAAAAAAAAAAAAAAAAAAAAAAAAAAAAAAAAAAAAAAAAAAAAAAAAAAAAAAAAAAAAAAAAAAAAAAAAAAAAAAAAAAAAAAAAAAAAAAAAAAAAAAAAAAAAAAAAAAAIAHA47LAAHp9LjEAAAAAElFTkSuQmCC\" src=\"https:\/\/www.ping.fm\/howto\/wp-content\/uploads\/ai\/Best-HIPAA-Compliant-Video-Platforms-Swedish.jpg\" data-srcset=\"https:\/\/www.ping.fm\/howto\/wp-content\/uploads\/ai\/Best-HIPAA-Compliant-Video-Platforms-Swedish.jpg\" data-lazy-type=\"image\" data-original=\"https:\/\/www.ping.fm\/howto\/wp-content\/uploads\/ai\/Best-HIPAA-Compliant-Video-Platforms-Swedish.jpg\" alt=\"B\u00e4sta HIPAA-anpassade videoplattformar\" title=\"B\u00e4sta HIPAA-anpassade videoplattformar\" width=\"1280\" height=\"720\">             <\/p>\n<p>Som sjukv\u00e5rdspersonal har jag f\u00f6rlitat mig p\u00e5 videom\u00f6ten f\u00f6r konsultationer, teamm\u00f6ten och teleh\u00e4lsov\u00e5rd, s\u00e4rskilt under pandemin. Att anv\u00e4nda verktyg som f\u00f6ljer lagen om \u00f6verf\u00f6rbarhet och ansvarighet f\u00f6r h\u00e4lsof\u00f6rs\u00e4kringar (HIPAA) har varit min h\u00f6gsta prioritet f\u00f6r att s\u00e4kerst\u00e4lla patientsekretess och s\u00e4ker datautbyte. I den h\u00e4r artikeln delar jag med mig av mina insikter om 5 <b>b\u00e4sta HIPAA-anpassade videokonferensl\u00f6sningar<\/b> som jag har erfarenhet av, inklusive deras styrkor och svagheter. Dessutom kommer jag kort n\u00e4mna vikten av att anv\u00e4nda <b>HIPAA elektroniska signaturer<\/b>.<\/p>\n<\/div>\n<\/div>\n<\/section>\n<section>\n<div class=\"medal\">\n<div>&#129351;<\/div>\n<\/div>\n<h2><a href=\"https:\/\/www.zoom.us\/healthcare\" rel=\"nofollow external noopener noreferrer\" target=\"_blank\" data-wpel-link=\"external\">Zoom f\u00f6r sjukv\u00e5rd<\/a><\/h2>\n<p>Zoom f\u00f6r sjukv\u00e5rd \u00e4r ett popul\u00e4rt val inom medicinsamfundet tack vare sitt intuitiva gr\u00e4nssnitt och robusta s\u00e4kerhets\u00e5tg\u00e4rder. Plattformen har varit en p\u00e5litlig tillg\u00e5ng f\u00f6r teleh\u00e4lsobes\u00f6k och tv\u00e4ravdelningsm\u00f6ten, vilket s\u00e4kerst\u00e4ller \u00f6verensst\u00e4mmelse med <b>HIPAA<\/b>-standarder.<\/p>\n<p><a href=\"https:\/\/www.zoom.us\/healthcare\" rel=\"nofollow external noopener noreferrer\" target=\"_blank\" class=\"ofWSite\" data-wpel-link=\"external\">Officiell webbplats<\/a><\/p>\n<h3 class='prosTitle'>F\u00f6rdelar<\/h3>\n<ul class='listpc pros'>\n<li>Anv\u00e4ndarv\u00e4nligt gr\u00e4nssnitt som f\u00f6rb\u00e4ttrar den virtuella v\u00e5rdupplevelsen<\/li>\n<li>Erjuder tillf\u00f6rlitlig kryptering fr\u00e5n \u00e4nde till \u00e4nde f\u00f6r s\u00e4kra kommunikationer<\/li>\n<\/ul>\n<h3 class='consTitle'>Nackdelar<\/h3>\n<ul class='listpc cons'>\n<li>Dyr j\u00e4mf\u00f6rt med vissa andra HIPAA-anpassade alternativ<\/li>\n<li>I s\u00e4llsynta fall kan anslutningsproblem st\u00f6ra m\u00f6ten<\/li>\n<\/ul>\n<\/section>\n<section>\n<div class=\"medal\">\n<div>&#129352;<\/div>\n<\/div>\n<h2><a href=\"https:\/\/www.vsee.com\/\" rel=\"nofollow external noopener noreferrer\" target=\"_blank\" data-wpel-link=\"external\">VSee<\/a><\/h2>\n<p>VSee erbjuder en teleh\u00e4lso-plattform som \u00e4r speciellt utformad f\u00f6r v\u00e5rdgivare. Dess f\u00f6rm\u00e5ga att integreras med olika medicintekniska produkter och elektroniska h\u00e4lsoregister (EHR) g\u00f6r att den utm\u00e4rker sig bland andra <b>videokonferensl\u00f6sningar<\/b>.<\/p>\n<p><a href=\"https:\/\/www.vsee.com\/\" rel=\"nofollow external noopener noreferrer\" target=\"_blank\" class=\"ofWSite\" data-wpel-link=\"external\">Officiell webbplats<\/a><\/p>\n<h3 class='prosTitle'>F\u00f6rdelar<\/h3>\n<ul class='listpc pros'>\n<li>Anpassningsbar f\u00f6r ett brett utbud av sjukv\u00e5rdstj\u00e4nster<\/li>\n<li>Inkluderar ett alternativ f\u00f6r virtuella v\u00e4ntrum<\/li>\n<\/ul>\n<h3 class='consTitle'>Nackdelar<\/h3>\n<ul class='listpc cons'>\n<li>Kan kr\u00e4va en inl\u00e4rningskurva f\u00f6r nya anv\u00e4ndare<\/li>\n<li>Begr\u00e4nsade marknadsf\u00f6ringsverktyg j\u00e4mf\u00f6rt med konkurrenterna<\/li>\n<\/ul>\n<\/section>\n<section>\n<div class=\"medal\">\n<div>&#129353;<\/div>\n<\/div>\n<h2><a href=\"https:\/\/www.gotomeeting.com\/en-ae\/solutions\/telehealth\" rel=\"nofollow external noopener noreferrer\" target=\"_blank\" data-wpel-link=\"external\">GoToMeeting<\/a><\/h2>\n<p>GoToMeeting har varit en grundl\u00e4ggande resurs f\u00f6r m\u00e5nga v\u00e5rdorganisationer p\u00e5 grund av dess anv\u00e4ndarv\u00e4nlighet och kostnadseffektivitet. Dess <b>HIPAA-anpassade<\/b> funktioner g\u00f6r virtuella bes\u00f6k enkla samtidigt som de uppr\u00e4tth\u00e5ller privatliv och s\u00e4kerhet.<\/p>\n<p><a href=\"https:\/\/www.gotomeeting.com\/en-ae\/solutions\/telehealth\" rel=\"nofollow external noopener noreferrer\" target=\"_blank\" class=\"ofWSite\" data-wpel-link=\"external\">Officiell webbplats<\/a><\/p>\n<h3 class='prosTitle'>F\u00f6rdelar<\/h3>\n<ul class='listpc pros'>\n<li>Enkel installation och integration med dagliga arbetsfl\u00f6den<\/li>\n<li>Konkurrenskraftig priss\u00e4ttning f\u00f6r sjukv\u00e5rdsbudgetar<\/li>\n<\/ul>\n<h3 class='consTitle'>Nackdelar<\/h3>\n<ul class='listpc cons'>\n<li>Skulle kunna gynnas av mer avancerade funktioner<\/li>\n<li>Video kvalitet kan variera beroende p\u00e5 internetanslutning<\/li>\n<\/ul>\n<\/section>\n<section>\n<div class=\"no-medal\">\n<div>4<\/div>\n<\/div>\n<h2><a href=\"https:\/\/www.webex.com\/solutions\/healthcare.html\" rel=\"nofollow external noopener noreferrer\" target=\"_blank\" data-wpel-link=\"external\">Cisco Webex f\u00f6r h\u00e4lso- och sjukv\u00e5rd<\/a><\/h2>\n<p>Cisco Webex f\u00f6r h\u00e4lso- och sjukv\u00e5rd st\u00f6ds av Ciscos v\u00e4lrenommerade s\u00e4kerhetsinfrastruktur, vilket g\u00f6r det till ett p\u00e5litligt <b>videokonferens<\/b>-alternativ f\u00f6r medicinska praktiker. Det st\u00f6djer olika v\u00e5rdfl\u00f6den samtidigt som det s\u00e4kerst\u00e4ller att PHI f\u00f6rblir s\u00e4kert.<\/p>\n<p><a href=\"https:\/\/www.webex.com\/solutions\/healthcare.html\" rel=\"nofollow external noopener noreferrer\" target=\"_blank\" class=\"ofWSite\" data-wpel-link=\"external\">Officiell webbplats<\/a><\/p>\n<h3 class='prosTitle'>F\u00f6rdelar<\/h3>\n<ul class='listpc pros'>\n<li>Robust s\u00e4kerhet med ett betrott namn inom teknik<\/li>\n<li>Integreras med medicinska enheter f\u00f6r delning av data i realtid<\/li>\n<\/ul>\n<h3 class='consTitle'>Nackdelar<\/h3>\n<ul class='listpc cons'>\n<li>H\u00f6gre kostnad p\u00e5 grund av f\u00f6retagsniv\u00e5funktioner<\/li>\n<li>Kan vara f\u00f6r komplex f\u00f6r mindre praktiker<\/li>\n<\/ul>\n<\/section>\n<section>\n<div class=\"no-medal\">\n<div>5<\/div>\n<\/div>\n<h2><a href=\"https:\/\/doxy.me\/\" rel=\"nofollow external noopener noreferrer\" target=\"_blank\" data-wpel-link=\"external\">Doxy.me<\/a><\/h2>\n<p><b>Doxy.me<\/b> \u00e4r en telemedicinplattform som \u00e4r k\u00e4nd f\u00f6r sin enkla design och tillg\u00e4nglighet. Som webbaserad eliminerar den behovet av att patienter beh\u00f6ver ladda ner mjukvara, vilket g\u00f6r virtuella bes\u00f6k problemfria och <b>HIPAA-kompatibla<\/b>.<\/p>\n<p><a href=\"https:\/\/doxy.me\/\" rel=\"nofollow external noopener noreferrer\" target=\"_blank\" class=\"ofWSite\" data-wpel-link=\"external\">Officiell webbplats<\/a><\/p>\n<h3 class='prosTitle'>F\u00f6rdelar<\/h3>\n<ul class='listpc pros'>\n<li>Ingen mjukvaruinstallation kr\u00e4vs f\u00f6r patienter<\/li>\n<li>Gratisversion tillg\u00e4nglig med grundl\u00e4ggande funktioner<\/li>\n<\/ul>\n<h3 class='consTitle'>Nackdelar<\/h3>\n<ul class='listpc cons'>\n<li>Begr\u00e4nsad funktionalitet i den kostnadsfria versionen<\/li>\n<li>Premiumfunktioner kr\u00e4ver prenumeration<\/li>\n<\/ul>\n<\/section>\n<p>&#13; <\/p>\n<section>\n<h2>Slutsats:<\/h2>\n<div class=\"nonp\">\n<p>&#13; Sammanfattat presenterar denna artikel en omfattande \u00f6versikt \u00f6ver de b\u00e4sta HIPAA-kompatibla videokonferensplattformarna, var och en erbjuder unika funktioner och f\u00f6rdelar anpassade f\u00f6r h\u00e4lso- och sjukv\u00e5rdssektorn. Fr\u00e5n Zoom for Healthcares anv\u00e4ndarv\u00e4nliga gr\u00e4nssnitt till Doxy.mes tillg\u00e4nglighet, tillgodoser dessa plattformar en rad behov och budgetar, och betonar vikten av s\u00e4ker och effektiv patientkommunikation. Att v\u00e4lja r\u00e4tt verktyg inneb\u00e4r att balansera faktorer som anv\u00e4ndarv\u00e4nlighet, integrationsm\u00f6jligheter och kostnad, samtidigt som det f\u00f6ljs HIPAA-standarder. R\u00e4tt videoplattform s\u00e4kerst\u00e4ller inte bara efterlevnad utan f\u00f6rb\u00e4ttrar ocks\u00e5 v\u00e5rdkvaliteten och effektiviserar h\u00e4lso- och sjukv\u00e5rdskommunikationen.<\/p>\n<p>Avslutningsvis vill jag prata om sammansm\u00e4ltningen mellan teknik och efterlevnad, s\u00e4rskilt rollen som <a href=\"https:\/\/blog.pdfliner.com\/hipaa-electronic-signature-software-guide\" rel=\"dofollow external noopener noreferrer\" target=\"_blank\" data-wpel-link=\"external\"><b>HIPAA elektronisk signatur<\/b><\/a> l\u00f6sningar spelar. Att s\u00e4kerst\u00e4lla integriteten och \u00e4ktheten i patientens samtyckesformul\u00e4r, recept och annan medicinsk dokumentation \u00e4r lika kritisk i det virtuella utrymmet som det \u00e4r personligen. Detta \u00e4r d\u00e4r elektroniska signaturer blir en game-changer. De m\u00f6jligg\u00f6r s\u00e4ker, verifierbar och effektiv dokumentation samtidigt som de sparar tid och resurser f\u00f6r b\u00e5de h\u00e4lso- och sjukv\u00e5rdsleverant\u00f6ren och patienterna.<\/p>\n<p>Innan du inf\u00f6r en <b>elektronisk signaturl\u00f6sning<\/b> i din praktik \u00e4r det avg\u00f6rande att utv\u00e4rdera dess HIPAA efterlevnadsstandarder och s\u00e4kerst\u00e4lla att den inkluderar adekvata skydd f\u00f6r att skydda PHI. Betrakta \u00e4ven hur dessa l\u00f6sningar kan integreras med dina nuvarande system f\u00f6r att effektivisera hela patientv\u00e5rdsprocessen.<\/p>\n<p>Slutligen lovar integrationen av dessa teknologier inte bara \u00f6kad s\u00e4kerhet och efterlevnad utan ocks\u00e5 en h\u00f6jning av standarderna f\u00f6r patientv\u00e5rd. Eftersom h\u00e4lso- och sjukv\u00e5rden forts\u00e4tter att utvecklas, kommer ocks\u00e5 de verktyg vi f\u00f6rlitar oss p\u00e5 att \u00e4ndras, var och en bidrar till m\u00e5let att leverera exceptionella h\u00e4lsotj\u00e4nster till dem som beh\u00f6ver det.<\/p>\n<\/div>\n<\/section>\n","protected":false},"excerpt":{"rendered":"<p>B\u00e4sta HIPAA-anpassade videoplattformar Som sjukv\u00e5rdspersonal har jag f\u00f6rlitat mig p\u00e5 videom\u00f6ten f\u00f6r konsultationer, teamm\u00f6ten och teleh\u00e4lsov\u00e5rd, s\u00e4rskilt under pandemin. Att anv\u00e4nda verktyg som f\u00f6ljer lagen om \u00f6verf\u00f6rbarhet och ansvarighet f\u00f6r h\u00e4lsof\u00f6rs\u00e4kringar (HIPAA) har varit min h\u00f6gsta prioritet f\u00f6r att s\u00e4kerst\u00e4lla patientsekretess och s\u00e4ker datautbyte. I den h\u00e4r artikeln delar jag med mig av mina insikter [&hellip;]<\/p>\n","protected":false},"author":2,"featured_media":19428,"parent":0,"menu_order":0,"comment_status":"closed","ping_status":"closed","template":"chromecast.php","meta":{"_stopmodifiedupdate":false,"_modified_date":"","_lmt_disableupdate":"yes","_lmt_disable":""},"acf":[],"yoast_head":"<!-- This site is optimized with the Yoast SEO plugin v20.9 - https:\/\/yoast.com\/wordpress\/plugins\/seo\/ -->\n<title>HIPAA-kompatibel b\u00e4sta plattform f\u00f6r videokonferenser<\/title>\n<meta name=\"robots\" content=\"index, follow, max-snippet:-1, max-image-preview:large, max-video-preview:-1\" \/>\n<link rel=\"canonical\" href=\"https:\/\/howto.ping.fm\/sv\/hipaa-compliant-video-platforms\/\" \/>\n<meta property=\"og:locale\" content=\"sv_SE\" \/>\n<meta property=\"og:type\" content=\"article\" \/>\n<meta property=\"og:title\" content=\"HIPAA-kompatibel b\u00e4sta plattform f\u00f6r videokonferenser\" \/>\n<meta property=\"og:description\" content=\"B\u00e4sta HIPAA-anpassade videoplattformar Som sjukv\u00e5rdspersonal har jag f\u00f6rlitat mig p\u00e5 videom\u00f6ten f\u00f6r konsultationer, teamm\u00f6ten och teleh\u00e4lsov\u00e5rd, s\u00e4rskilt under pandemin. Att anv\u00e4nda verktyg som f\u00f6ljer lagen om \u00f6verf\u00f6rbarhet och ansvarighet f\u00f6r h\u00e4lsof\u00f6rs\u00e4kringar (HIPAA) har varit min h\u00f6gsta prioritet f\u00f6r att s\u00e4kerst\u00e4lla patientsekretess och s\u00e4ker datautbyte. I den h\u00e4r artikeln delar jag med mig av mina insikter [&hellip;]\" \/>\n<meta property=\"og:url\" content=\"https:\/\/howto.ping.fm\/sv\/hipaa-compliant-video-platforms\/\" \/>\n<meta property=\"og:site_name\" content=\"Hur man g\u00f6r &amp; B\u00e4sta programvaran\" \/>\n<meta property=\"article:modified_time\" content=\"2024-03-04T09:59:38+00:00\" \/>\n<meta property=\"og:image\" content=\"https:\/\/www.ping.fm\/howto\/wp-content\/uploads\/2024\/04\/Best-HIPAA-Compliant-Video-Platforms-Swedish.jpg\" \/>\n\t<meta property=\"og:image:width\" content=\"1280\" \/>\n\t<meta property=\"og:image:height\" content=\"731\" \/>\n\t<meta property=\"og:image:type\" content=\"image\/jpeg\" \/>\n<meta name=\"twitter:card\" content=\"summary_large_image\" \/>\n<meta name=\"twitter:label1\" content=\"Est. reading time\" \/>\n\t<meta name=\"twitter:data1\" content=\"4 minuter\" \/>\n<script type=\"application\/ld+json\" class=\"yoast-schema-graph\">{\"@context\":\"https:\/\/schema.org\",\"@graph\":[{\"@type\":\"WebPage\",\"@id\":\"https:\/\/howto.ping.fm\/sv\/hipaa-compliant-video-platforms\/\",\"url\":\"https:\/\/howto.ping.fm\/sv\/hipaa-compliant-video-platforms\/\",\"name\":\"HIPAA-kompatibel b\u00e4sta plattform f\u00f6r videokonferenser\",\"isPartOf\":{\"@id\":\"https:\/\/howto.ping.fm\/sv\/#website\"},\"datePublished\":\"2024-01-22T15:38:05+00:00\",\"dateModified\":\"2024-03-04T09:59:38+00:00\",\"breadcrumb\":{\"@id\":\"https:\/\/howto.ping.fm\/sv\/hipaa-compliant-video-platforms\/#breadcrumb\"},\"inLanguage\":\"sv-SE\",\"potentialAction\":[{\"@type\":\"ReadAction\",\"target\":[\"https:\/\/howto.ping.fm\/sv\/hipaa-compliant-video-platforms\/\"]}]},{\"@type\":\"BreadcrumbList\",\"@id\":\"https:\/\/howto.ping.fm\/sv\/hipaa-compliant-video-platforms\/#breadcrumb\",\"itemListElement\":[{\"@type\":\"ListItem\",\"position\":1,\"name\":\"Home\",\"item\":\"https:\/\/www.ping.fm\/howto\/sv\/\"},{\"@type\":\"ListItem\",\"position\":2,\"name\":\"HIPAA-kompatibel b\u00e4sta videoplattform\"}]},{\"@type\":\"WebSite\",\"@id\":\"https:\/\/howto.ping.fm\/sv\/#website\",\"url\":\"https:\/\/howto.ping.fm\/sv\/\",\"name\":\"Hur man g\u00f6r & B\u00e4sta programvaran\",\"description\":\"\",\"potentialAction\":[{\"@type\":\"SearchAction\",\"target\":{\"@type\":\"EntryPoint\",\"urlTemplate\":\"https:\/\/howto.ping.fm\/sv\/?s={search_term_string}\"},\"query-input\":\"required name=search_term_string\"}],\"inLanguage\":\"sv-SE\"}]}<\/script>\n<!-- \/ Yoast SEO plugin. -->","yoast_head_json":{"title":"HIPAA-kompatibel b\u00e4sta plattform f\u00f6r videokonferenser","robots":{"index":"index","follow":"follow","max-snippet":"max-snippet:-1","max-image-preview":"max-image-preview:large","max-video-preview":"max-video-preview:-1"},"canonical":"https:\/\/howto.ping.fm\/sv\/hipaa-compliant-video-platforms\/","og_locale":"sv_SE","og_type":"article","og_title":"HIPAA-kompatibel b\u00e4sta plattform f\u00f6r videokonferenser","og_description":"B\u00e4sta HIPAA-anpassade videoplattformar Som sjukv\u00e5rdspersonal har jag f\u00f6rlitat mig p\u00e5 videom\u00f6ten f\u00f6r konsultationer, teamm\u00f6ten och teleh\u00e4lsov\u00e5rd, s\u00e4rskilt under pandemin. Att anv\u00e4nda verktyg som f\u00f6ljer lagen om \u00f6verf\u00f6rbarhet och ansvarighet f\u00f6r h\u00e4lsof\u00f6rs\u00e4kringar (HIPAA) har varit min h\u00f6gsta prioritet f\u00f6r att s\u00e4kerst\u00e4lla patientsekretess och s\u00e4ker datautbyte. I den h\u00e4r artikeln delar jag med mig av mina insikter [&hellip;]","og_url":"https:\/\/howto.ping.fm\/sv\/hipaa-compliant-video-platforms\/","og_site_name":"Hur man g\u00f6r & B\u00e4sta programvaran","article_modified_time":"2024-03-04T09:59:38+00:00","og_image":[{"width":1280,"height":731,"url":"https:\/\/www.ping.fm\/howto\/wp-content\/uploads\/2024\/04\/Best-HIPAA-Compliant-Video-Platforms-Swedish.jpg","type":"image\/jpeg"}],"twitter_card":"summary_large_image","twitter_misc":{"Est. reading time":"4 minuter"},"schema":{"@context":"https:\/\/schema.org","@graph":[{"@type":"WebPage","@id":"https:\/\/howto.ping.fm\/sv\/hipaa-compliant-video-platforms\/","url":"https:\/\/howto.ping.fm\/sv\/hipaa-compliant-video-platforms\/","name":"HIPAA-kompatibel b\u00e4sta plattform f\u00f6r videokonferenser","isPartOf":{"@id":"https:\/\/howto.ping.fm\/sv\/#website"},"datePublished":"2024-01-22T15:38:05+00:00","dateModified":"2024-03-04T09:59:38+00:00","breadcrumb":{"@id":"https:\/\/howto.ping.fm\/sv\/hipaa-compliant-video-platforms\/#breadcrumb"},"inLanguage":"sv-SE","potentialAction":[{"@type":"ReadAction","target":["https:\/\/howto.ping.fm\/sv\/hipaa-compliant-video-platforms\/"]}]},{"@type":"BreadcrumbList","@id":"https:\/\/howto.ping.fm\/sv\/hipaa-compliant-video-platforms\/#breadcrumb","itemListElement":[{"@type":"ListItem","position":1,"name":"Home","item":"https:\/\/www.ping.fm\/howto\/sv\/"},{"@type":"ListItem","position":2,"name":"HIPAA-kompatibel b\u00e4sta videoplattform"}]},{"@type":"WebSite","@id":"https:\/\/howto.ping.fm\/sv\/#website","url":"https:\/\/howto.ping.fm\/sv\/","name":"Hur man g\u00f6r & B\u00e4sta programvaran","description":"","potentialAction":[{"@type":"SearchAction","target":{"@type":"EntryPoint","urlTemplate":"https:\/\/howto.ping.fm\/sv\/?s={search_term_string}"},"query-input":"required name=search_term_string"}],"inLanguage":"sv-SE"}]}},"_links":{"self":[{"href":"https:\/\/howto.ping.fm\/sv\/wp-json\/wp\/v2\/pages\/17915"}],"collection":[{"href":"https:\/\/howto.ping.fm\/sv\/wp-json\/wp\/v2\/pages"}],"about":[{"href":"https:\/\/howto.ping.fm\/sv\/wp-json\/wp\/v2\/types\/page"}],"author":[{"embeddable":true,"href":"https:\/\/howto.ping.fm\/sv\/wp-json\/wp\/v2\/users\/2"}],"replies":[{"embeddable":true,"href":"https:\/\/howto.ping.fm\/sv\/wp-json\/wp\/v2\/comments?post=17915"}],"version-history":[{"count":1,"href":"https:\/\/howto.ping.fm\/sv\/wp-json\/wp\/v2\/pages\/17915\/revisions"}],"predecessor-version":[{"id":19427,"href":"https:\/\/howto.ping.fm\/sv\/wp-json\/wp\/v2\/pages\/17915\/revisions\/19427"}],"wp:featuredmedia":[{"embeddable":true,"href":"https:\/\/howto.ping.fm\/sv\/wp-json\/wp\/v2\/media\/19428"}],"wp:attachment":[{"href":"https:\/\/howto.ping.fm\/sv\/wp-json\/wp\/v2\/media?parent=17915"}],"curies":[{"name":"wp","href":"https:\/\/api.w.org\/{rel}","templated":true}]}}