{"id":13895,"date":"2024-01-13T20:35:12","date_gmt":"2024-01-13T20:35:12","guid":{"rendered":"https:\/\/www.ping.fm\/howto\/best-wifi-analyzer-ios\/"},"modified":"2024-02-21T13:36:32","modified_gmt":"2024-02-21T13:36:32","slug":"best-wifi-analyzer-ios","status":"publish","type":"page","link":"https:\/\/howto.ping.fm\/sv\/best-wifi-analyzer-ios\/","title":{"rendered":"2024 \u00e5rs b\u00e4sta Wi-Fi-n\u00e4tverksanalysappar f\u00f6r iPhone"},"content":{"rendered":"<section>\n<h1>B\u00e4sta Wifi-analysatorer f\u00f6r iPhone 2024<\/h1>\n<div class=\"inbrief\">\n<div>             <img src=\"https:\/\/www.ping.fm\/howto\/wp-content\/uploads\/ai\/Best-Wifi-Analyzers-for-iPhone-in-2024-Swedish.jpg\" alt=\"B\u00e4sta Wifi-analysatorer f\u00f6r iPhone 2024\" title=\"B\u00e4sta Wifi-analysatorer f\u00f6r iPhone 2024\" width=\"1280\" height=\"720\">             <\/p>\n<p>Allt eftersom vi i \u00f6kande grad f\u00f6rlitar oss p\u00e5 tr\u00e5dl\u00f6sa anslutningar, har Wi-Fi blivit mer \u00e4n bara ett s\u00e4tt att f\u00e5 tillg\u00e5ng till internet &#8211; det \u00e4r avg\u00f6rande f\u00f6r v\u00e5r dagliga produktivitet och underh\u00e5llning. Det \u00e4r h\u00e4r Wi-Fi-analysatorappar f\u00f6r iPhone kommer in i bilden, de erbjuder insikter och verktyg f\u00f6r att optimera n\u00e4tverksprestanda. Den h\u00e4r artikeln kommer att granska de b\u00e4sta Wi-Fi-analysatorerna tillg\u00e4ngliga f\u00f6r iPhone-anv\u00e4ndare under 2024:<\/p>\n<\/div>\n<\/div>\n<\/section>\n<section>\n<div class=\"medal\">\n<div>&#129351;<\/div>\n<\/div>\n<h2><a href='https:\/\/www.netspotapp.com\/netspot-ios.html' rel=\"nofollow noopener\" target='_blank'>NetSpot f\u00f6r iOS<\/a><\/h2>\n<p>NetSpot f\u00f6r iOS st\u00e5r som ett omfattande Wi-Fi-analysatorverktyg, som l\u00e5ter dig skanna och kartl\u00e4gga din n\u00e4tverkst\u00e4ckning med precision. Dess omfattande r\u00e4ckvidd str\u00e4cker sig fr\u00e5n grundl\u00e4ggande n\u00e4tverksuppt\u00e4ckt till <b>avancerad analys<\/b> av signalstyrka \u00f6ver olika zoner i ditt utrymme, inklusive anpassningsbara unders\u00f6kningar f\u00f6r att fullst\u00e4ndigt f\u00f6rst\u00e5 t\u00e4ckning.<\/p>\n<p><a href='https:\/\/www.netspotapp.com\/netspot-ios.html' rel=\"nofollow noopener\" target='_blank' class='ofWSite'>Officiell webbplats<\/a><\/p>\n<h3 class='prosTitle'>F\u00f6rdelar<\/h3>\n<ul class='listpc pros'>\n<li>Intuitivt anv\u00e4ndargr\u00e4nssnitt<\/li>\n<li>Real-tids <b>datavisualisering<\/b><\/li>\n<\/ul>\n<h3 class='consTitle'>Nackdelar<\/h3>\n<ul class='listpc cons'>\n<li>Begr\u00e4nsade funktioner i gratisversionen<\/li>\n<li>Kan kr\u00e4va en del teknisk kunskap f\u00f6r avancerade funktioner<\/li>\n<\/ul>\n<\/section>\n<section>\n<div class=\"medal\">\n<div>&#129352;<\/div>\n<\/div>\n<h2><a href='https:\/\/apps.apple.com\/app\/wifi-scanner-analyzer\/id1336785560' rel=\"nofollow noopener\" target='_blank'>WiFi Analyzer Master<\/a><\/h2>\n<p>WiFi Analyzer Master \u00e4r ett popul\u00e4rt verktyg tack vare dess anv\u00e4ndarv\u00e4nliga design och rika funktionss\u00e4tt. Appen erbjuder en utm\u00e4rkt balans mellan enkla funktioner f\u00f6r tillf\u00e4lliga anv\u00e4ndare och djupg\u00e5ende data f\u00f6r <b>n\u00e4tverksproffs<\/b>.<\/p>\n<p><a href='https:\/\/apps.apple.com\/app\/wifi-scanner-analyzer\/id1336785560' rel=\"nofollow noopener\" target='_blank' class='ofWSite'>Officiell webbplats<\/a><\/p>\n<h3 class='prosTitle'>F\u00f6rdelar<\/h3>\n<ul class='listpc pros'>\n<li>L\u00e4ttf\u00f6rst\u00e5eligt gr\u00e4nssnitt<\/li>\n<li>Grafisk representation av n\u00e4tverkskanaler<\/li>\n<\/ul>\n<h3 class='consTitle'>Nackdelar<\/h3>\n<ul class='listpc cons'>\n<li>Reklam i gratisversionen kan vara st\u00f6rande<\/li>\n<li>Begr\u00e4nsade exportm\u00f6jligheter f\u00f6r data<\/li>\n<\/ul>\n<\/section>\n<section>\n<div class=\"medal\">\n<div>&#129353;<\/div>\n<\/div>\n<h2><a href='https:\/\/apps.apple.com\/us\/app\/wifi-sweetspots\/id855457383' rel=\"nofollow noopener\" target='_blank'>Wi-Fi SweetSpots<\/a><\/h2>\n<p>Wi-Fi SweetSpots \u00e4r ett utm\u00e4rkt alternativ om ditt fr\u00e4msta bekymmer \u00e4r att uppt\u00e4cka den <b>optimala positioneringen<\/b> f\u00f6r din enhet i f\u00f6rh\u00e5llande till din \u00e5tkomstpunkt. Detta praktiska verktyg m\u00e4ter den faktiska data\u00f6verf\u00f6ringen i olika platser i realtid, vilket g\u00f6r den perfekt f\u00f6r att hitta &#8217;sweet spots&#8217; i din Wi-Fi-t\u00e4ckning.<\/p>\n<p><a href='https:\/\/apps.apple.com\/us\/app\/wifi-sweetspots\/id855457383' rel=\"nofollow noopener\" target='_blank' class='ofWSite'>Officiell webbplats<\/a><\/p>\n<h3 class='prosTitle'>F\u00f6rdelar<\/h3>\n<ul class='listpc pros'>\n<li>Realtidsm\u00e4tningar av genomstr\u00f6mning<\/li>\n<li>Enkel och ren design<\/li>\n<\/ul>\n<h3 class='consTitle'>Nackdelar<\/h3>\n<ul class='listpc cons'>\n<li>Bullriga avl\u00e4sningar i vissa milj\u00f6er<\/li>\n<li>Saknar <b>avancerade analytiska<\/b> funktioner<\/li>\n<\/ul>\n<\/section>\n<section>\n<div class=\"no-medal\">\n<div>4<\/div>\n<\/div>\n<h2><a href='https:\/\/www.fing.com\/products\/fing-app' rel=\"nofollow noopener\" target='_blank'>Fing &#8211; N\u00e4tverksscanner<\/a><\/h2>\n<p>Fing &#8211; N\u00e4tverksscanner utm\u00e4rker sig inom n\u00e4tverksdetektering och s\u00e4kerhet. Det <b>skannar snabbt<\/b> ditt n\u00e4tverk, identifierar alla anslutna enheter och potentiella s\u00e4kerhetsbrister. \u00c4ven om det inte \u00e4r en traditionell Wi-Fi-analysator, \u00e4r det oumb\u00e4rligt f\u00f6r att s\u00e4kerst\u00e4lla att ditt n\u00e4tverk \u00e4r s\u00e4kert.<\/p>\n<p><a href='https:\/\/www.fing.com\/products\/fing-app' rel=\"nofollow noopener\" target='_blank' class='ofWSite'>Officiell webbplats<\/a><\/p>\n<h3 class='prosTitle'>F\u00f6rdelar<\/h3>\n<ul class='listpc pros'>\n<li>Omfattande igenk\u00e4nning av enheter<\/li>\n<li>Anv\u00e4ndarv\u00e4nliga s\u00e4kerhetsinsikter<\/li>\n<\/ul>\n<h3 class='consTitle'>Nackdelar<\/h3>\n<ul class='listpc cons'>\n<li>Prim\u00e4rt fokuserad p\u00e5 s\u00e4kerhet, mindre p\u00e5 signalanalys<\/li>\n<li>Premiumfunktioner kr\u00e4ver prenumeration<\/li>\n<\/ul>\n<\/section>\n<section>\n<div class=\"no-medal\">\n<div>5<\/div>\n<\/div>\n<h2><a href='https:\/\/www.speedtest.net\/mobile' rel=\"nofollow noopener\" target='_blank'>Ookla Speedtest<\/a><\/h2>\n<p>Ooklas Speedtest \u00e4r f\u00f6rmodligen den mest k\u00e4nda appen f\u00f6r hastighetstestning av internet, och den kommer med ett verktyg f\u00f6r Wi-Fi-analys som kan hj\u00e4lpa dig att bed\u00f6ma din anslutnings prestanda. \u00c4ven om den \u00e4r <b>ljus p\u00e5 analyser<\/b>, erbjuder den en snabb och exakt m\u00e4tning av dina nuvarande Wi-Fi-hastigheter.<\/p>\n<p><a href='https:\/\/www.speedtest.net\/mobile' rel=\"nofollow noopener\" target='_blank' class='ofWSite'>Officiell Webbplats<\/a><\/p>\n<h3 class='prosTitle'>F\u00f6rdelar<\/h3>\n<ul class='listpc pros'>\n<li>Intuitiv och enkel hastighetstestning<\/li>\n<li>Globalt servern\u00e4tverk f\u00f6r exakta tester<\/li>\n<\/ul>\n<h3 class='consTitle'>Nackdelar<\/h3>\n<ul class='listpc cons'>\n<li>Begr\u00e4nsad till hastighetstester och grundl\u00e4ggande analys<\/li>\n<li>Reklam kan f\u00f6rta upplevelsen<\/li>\n<\/ul>\n<\/section>\n<section>\n<h2>Youtube-video att titta p\u00e5<\/h2>\n<div class=\"nonp iframe\"><iframe width=\"420\" height=\"315\" src=\"\/\/www.youtube.com\/embed\/dT2yoyDuzdA\" frameborder=\"0\" allowfullscreen><\/iframe><\/div>\n<\/section>\n<section>\n<h2>Slutsats:<\/h2>\n<div class=\"nonp\">\n<p>Att ha r\u00e4tt verktyg g\u00f6r en betydande skillnad i hanteringen av ditt Wi-Fi-n\u00e4tverk, men att f\u00f6rst\u00e5 n\u00e5gra viktiga tips f\u00f6r Wi-Fi-optimering kan ytterligare f\u00f6rb\u00e4ttra din onlineupplevelse. Att till exempel placera din router p\u00e5 en central plats borta fr\u00e5n v\u00e4ggar och metallf\u00f6rem\u00e5l kan dramatiskt f\u00f6rb\u00e4ttra signalr\u00e4ckvidden. Regelbunden uppdatering av din routers firmware kan ocks\u00e5 f\u00f6rb\u00e4ttra b\u00e5de prestanda och s\u00e4kerhet.<\/p>\n<p>Ett annat mindre k\u00e4nt tips \u00e4r att anpassa din Wi-Fis n\u00e4tverks <b>kanalinst\u00e4llningar<\/b>. De flesta routrar \u00e4r inst\u00e4llda p\u00e5 att automatiskt v\u00e4lja en kanal, men att anv\u00e4nda en Wi-Fi-analysator f\u00f6r att hitta en mindre belastad kanal kan minska st\u00f6rningar och snabba upp din anslutning. \u00d6verv\u00e4g ocks\u00e5 att separera enheter p\u00e5 olika band (2,4 GHz och 5 GHz) f\u00f6r att undvika \u00f6verbelastning p\u00e5 ett enskilt band.<\/p>\n<p>N\u00e4r du s\u00f6ker efter den <a href='https:\/\/apps.apple.com\/us\/app\/netspot-wifi-map-speed-test\/id1490247223' rel=\"dofollow noopener\" target='_blank'>B\u00e4sta WiFi Analysatorn f\u00f6r iPhone<\/a>, \u00e4r det v\u00e4rt att n\u00e4mna att NetSpot f\u00f6r iPhone i Appstore \u00e4r h\u00f6gt ansedd f\u00f6r sitt omfattande funktionspaket. Samtidigt kan f\u00f6rst\u00e5elsen av dina enheters kapacitet p\u00e5verka hur du anv\u00e4nder ditt Wi-Fi: nyare enheter kan st\u00f6dja snabbare standarder, vilket kan vara en anledning att uppgradera din router f\u00f6r att st\u00f6dja dessa hastigheter.<\/p>\n<p>Slutligen, kom ih\u00e5g att Wi-Fi \u00e4r ett delat medium, och andra elektroniska enheter som mikrov\u00e5gsugnar och tr\u00e5dl\u00f6sa telefoner kan p\u00e5verka prestandan. Det l\u00f6nar sig att vara h\u00e4nsynsfull till de andra signalerna i ditt hush\u00e5ll f\u00f6r att f\u00e5 ut det mesta av ditt Wi-Fi-n\u00e4tverk. Genom att integrera insikterna fr\u00e5n Wi-Fi-analysatorer, tillsammans med dessa tips, kommer du att se till att du uppr\u00e4tth\u00e5ller ett robust och effektivt hemn\u00e4tverk.<\/p>\n<\/div>\n<\/section>\n","protected":false},"excerpt":{"rendered":"<p>B\u00e4sta Wifi-analysatorer f\u00f6r iPhone 2024 Allt eftersom vi i \u00f6kande grad f\u00f6rlitar oss p\u00e5 tr\u00e5dl\u00f6sa anslutningar, har Wi-Fi blivit mer \u00e4n bara ett s\u00e4tt att f\u00e5 tillg\u00e5ng till internet &#8211; det \u00e4r avg\u00f6rande f\u00f6r v\u00e5r dagliga produktivitet och underh\u00e5llning. Det \u00e4r h\u00e4r Wi-Fi-analysatorappar f\u00f6r iPhone kommer in i bilden, de erbjuder insikter och verktyg f\u00f6r [&hellip;]<\/p>\n","protected":false},"author":2,"featured_media":19404,"parent":0,"menu_order":0,"comment_status":"closed","ping_status":"closed","template":"chromecast.php","meta":{"_stopmodifiedupdate":false,"_modified_date":"","_lmt_disableupdate":"yes","_lmt_disable":""},"acf":[],"yoast_head":"<!-- This site is optimized with the Yoast SEO plugin v20.9 - https:\/\/yoast.com\/wordpress\/plugins\/seo\/ -->\n<title>2024 \u00e5rs b\u00e4sta iPhone (iOS) WiFi-n\u00e4tverksanalysappar<\/title>\n<meta name=\"robots\" content=\"index, follow, max-snippet:-1, max-image-preview:large, max-video-preview:-1\" \/>\n<link rel=\"canonical\" href=\"https:\/\/howto.ping.fm\/sv\/best-wifi-analyzer-ios\/\" \/>\n<meta property=\"og:locale\" content=\"sv_SE\" \/>\n<meta property=\"og:type\" content=\"article\" \/>\n<meta property=\"og:title\" content=\"2024 \u00e5rs b\u00e4sta iPhone (iOS) WiFi-n\u00e4tverksanalysappar\" \/>\n<meta property=\"og:description\" content=\"B\u00e4sta Wifi-analysatorer f\u00f6r iPhone 2024 Allt eftersom vi i \u00f6kande grad f\u00f6rlitar oss p\u00e5 tr\u00e5dl\u00f6sa anslutningar, har Wi-Fi blivit mer \u00e4n bara ett s\u00e4tt att f\u00e5 tillg\u00e5ng till internet &#8211; det \u00e4r avg\u00f6rande f\u00f6r v\u00e5r dagliga produktivitet och underh\u00e5llning. Det \u00e4r h\u00e4r Wi-Fi-analysatorappar f\u00f6r iPhone kommer in i bilden, de erbjuder insikter och verktyg f\u00f6r [&hellip;]\" \/>\n<meta property=\"og:url\" content=\"https:\/\/howto.ping.fm\/sv\/best-wifi-analyzer-ios\/\" \/>\n<meta property=\"og:site_name\" content=\"Hur man g\u00f6r &amp; B\u00e4sta programvaran\" \/>\n<meta property=\"article:modified_time\" content=\"2024-02-21T13:36:32+00:00\" \/>\n<meta property=\"og:image\" content=\"https:\/\/www.ping.fm\/howto\/wp-content\/uploads\/2024\/04\/Best-Wifi-Analyzers-for-iPhone-in-2024-Swedish.jpg\" \/>\n\t<meta property=\"og:image:width\" content=\"1280\" \/>\n\t<meta property=\"og:image:height\" content=\"731\" \/>\n\t<meta property=\"og:image:type\" content=\"image\/jpeg\" \/>\n<meta name=\"twitter:card\" content=\"summary_large_image\" \/>\n<meta name=\"twitter:label1\" content=\"Est. reading time\" \/>\n\t<meta name=\"twitter:data1\" content=\"4 minuter\" \/>\n<script type=\"application\/ld+json\" class=\"yoast-schema-graph\">{\"@context\":\"https:\/\/schema.org\",\"@graph\":[{\"@type\":\"WebPage\",\"@id\":\"https:\/\/howto.ping.fm\/sv\/best-wifi-analyzer-ios\/\",\"url\":\"https:\/\/howto.ping.fm\/sv\/best-wifi-analyzer-ios\/\",\"name\":\"2024 \u00e5rs b\u00e4sta iPhone (iOS) WiFi-n\u00e4tverksanalysappar\",\"isPartOf\":{\"@id\":\"https:\/\/howto.ping.fm\/sv\/#website\"},\"datePublished\":\"2024-01-13T20:35:12+00:00\",\"dateModified\":\"2024-02-21T13:36:32+00:00\",\"breadcrumb\":{\"@id\":\"https:\/\/howto.ping.fm\/sv\/best-wifi-analyzer-ios\/#breadcrumb\"},\"inLanguage\":\"sv-SE\",\"potentialAction\":[{\"@type\":\"ReadAction\",\"target\":[\"https:\/\/howto.ping.fm\/sv\/best-wifi-analyzer-ios\/\"]}]},{\"@type\":\"BreadcrumbList\",\"@id\":\"https:\/\/howto.ping.fm\/sv\/best-wifi-analyzer-ios\/#breadcrumb\",\"itemListElement\":[{\"@type\":\"ListItem\",\"position\":1,\"name\":\"Home\",\"item\":\"https:\/\/www.ping.fm\/howto\/sv\/\"},{\"@type\":\"ListItem\",\"position\":2,\"name\":\"2024 \u00e5rs b\u00e4sta Wi-Fi-n\u00e4tverksanalysappar f\u00f6r iPhone\"}]},{\"@type\":\"WebSite\",\"@id\":\"https:\/\/howto.ping.fm\/sv\/#website\",\"url\":\"https:\/\/howto.ping.fm\/sv\/\",\"name\":\"Hur man g\u00f6r & B\u00e4sta programvaran\",\"description\":\"\",\"potentialAction\":[{\"@type\":\"SearchAction\",\"target\":{\"@type\":\"EntryPoint\",\"urlTemplate\":\"https:\/\/howto.ping.fm\/sv\/?s={search_term_string}\"},\"query-input\":\"required name=search_term_string\"}],\"inLanguage\":\"sv-SE\"}]}<\/script>\n<!-- \/ Yoast SEO plugin. -->","yoast_head_json":{"title":"2024 \u00e5rs b\u00e4sta iPhone (iOS) WiFi-n\u00e4tverksanalysappar","robots":{"index":"index","follow":"follow","max-snippet":"max-snippet:-1","max-image-preview":"max-image-preview:large","max-video-preview":"max-video-preview:-1"},"canonical":"https:\/\/howto.ping.fm\/sv\/best-wifi-analyzer-ios\/","og_locale":"sv_SE","og_type":"article","og_title":"2024 \u00e5rs b\u00e4sta iPhone (iOS) WiFi-n\u00e4tverksanalysappar","og_description":"B\u00e4sta Wifi-analysatorer f\u00f6r iPhone 2024 Allt eftersom vi i \u00f6kande grad f\u00f6rlitar oss p\u00e5 tr\u00e5dl\u00f6sa anslutningar, har Wi-Fi blivit mer \u00e4n bara ett s\u00e4tt att f\u00e5 tillg\u00e5ng till internet &#8211; det \u00e4r avg\u00f6rande f\u00f6r v\u00e5r dagliga produktivitet och underh\u00e5llning. Det \u00e4r h\u00e4r Wi-Fi-analysatorappar f\u00f6r iPhone kommer in i bilden, de erbjuder insikter och verktyg f\u00f6r [&hellip;]","og_url":"https:\/\/howto.ping.fm\/sv\/best-wifi-analyzer-ios\/","og_site_name":"Hur man g\u00f6r & B\u00e4sta programvaran","article_modified_time":"2024-02-21T13:36:32+00:00","og_image":[{"width":1280,"height":731,"url":"https:\/\/www.ping.fm\/howto\/wp-content\/uploads\/2024\/04\/Best-Wifi-Analyzers-for-iPhone-in-2024-Swedish.jpg","type":"image\/jpeg"}],"twitter_card":"summary_large_image","twitter_misc":{"Est. reading time":"4 minuter"},"schema":{"@context":"https:\/\/schema.org","@graph":[{"@type":"WebPage","@id":"https:\/\/howto.ping.fm\/sv\/best-wifi-analyzer-ios\/","url":"https:\/\/howto.ping.fm\/sv\/best-wifi-analyzer-ios\/","name":"2024 \u00e5rs b\u00e4sta iPhone (iOS) WiFi-n\u00e4tverksanalysappar","isPartOf":{"@id":"https:\/\/howto.ping.fm\/sv\/#website"},"datePublished":"2024-01-13T20:35:12+00:00","dateModified":"2024-02-21T13:36:32+00:00","breadcrumb":{"@id":"https:\/\/howto.ping.fm\/sv\/best-wifi-analyzer-ios\/#breadcrumb"},"inLanguage":"sv-SE","potentialAction":[{"@type":"ReadAction","target":["https:\/\/howto.ping.fm\/sv\/best-wifi-analyzer-ios\/"]}]},{"@type":"BreadcrumbList","@id":"https:\/\/howto.ping.fm\/sv\/best-wifi-analyzer-ios\/#breadcrumb","itemListElement":[{"@type":"ListItem","position":1,"name":"Home","item":"https:\/\/www.ping.fm\/howto\/sv\/"},{"@type":"ListItem","position":2,"name":"2024 \u00e5rs b\u00e4sta Wi-Fi-n\u00e4tverksanalysappar f\u00f6r iPhone"}]},{"@type":"WebSite","@id":"https:\/\/howto.ping.fm\/sv\/#website","url":"https:\/\/howto.ping.fm\/sv\/","name":"Hur man g\u00f6r & B\u00e4sta programvaran","description":"","potentialAction":[{"@type":"SearchAction","target":{"@type":"EntryPoint","urlTemplate":"https:\/\/howto.ping.fm\/sv\/?s={search_term_string}"},"query-input":"required name=search_term_string"}],"inLanguage":"sv-SE"}]}},"_links":{"self":[{"href":"https:\/\/howto.ping.fm\/sv\/wp-json\/wp\/v2\/pages\/13895"}],"collection":[{"href":"https:\/\/howto.ping.fm\/sv\/wp-json\/wp\/v2\/pages"}],"about":[{"href":"https:\/\/howto.ping.fm\/sv\/wp-json\/wp\/v2\/types\/page"}],"author":[{"embeddable":true,"href":"https:\/\/howto.ping.fm\/sv\/wp-json\/wp\/v2\/users\/2"}],"replies":[{"embeddable":true,"href":"https:\/\/howto.ping.fm\/sv\/wp-json\/wp\/v2\/comments?post=13895"}],"version-history":[{"count":1,"href":"https:\/\/howto.ping.fm\/sv\/wp-json\/wp\/v2\/pages\/13895\/revisions"}],"predecessor-version":[{"id":19403,"href":"https:\/\/howto.ping.fm\/sv\/wp-json\/wp\/v2\/pages\/13895\/revisions\/19403"}],"wp:featuredmedia":[{"embeddable":true,"href":"https:\/\/howto.ping.fm\/sv\/wp-json\/wp\/v2\/media\/19404"}],"wp:attachment":[{"href":"https:\/\/howto.ping.fm\/sv\/wp-json\/wp\/v2\/media?parent=13895"}],"curies":[{"name":"wp","href":"https:\/\/api.w.org\/{rel}","templated":true}]}}