{"id":11215,"date":"2023-07-31T13:58:28","date_gmt":"2023-07-31T13:58:28","guid":{"rendered":"https:\/\/www.ping.fm\/data-recovery-software\/"},"modified":"2024-01-05T17:06:53","modified_gmt":"2024-01-05T17:06:53","slug":"sv","status":"publish","type":"page","link":"https:\/\/howto.ping.fm\/sv\/","title":{"rendered":"\/sv"},"content":{"rendered":"<section class=\"banner howto\">\n<div class=\"banner--img\">\n<div class=\"banner--inner\">\n<h1>Programvarurecensioner &#038; Teknikrelaterade Steg-f\u00f6r-steg-guider<\/h1>\n<p>Avsl\u00f6ja teknikens hemligheter med v\u00e5r omfattande guide om &#8217;Hur man hanterar tekniska scenarier och programvarurecensioner&#8217;. Oavsett om du \u00e4r en teknikentusiast, en professionell som vill f\u00f6rb\u00e4ttra dina kunskaper, eller en nyb\u00f6rjare som \u00e4r ivrig att f\u00f6rst\u00e5 teknikens v\u00e4rld, \u00e4r denna guide din kompletta resurs. F\u00f6rdjupa dig i detaljerade, steg-f\u00f6r-steg-f\u00f6rklaringar av olika tekniska scenarier, som str\u00e4cker sig fr\u00e5n grundl\u00e4ggande fels\u00f6kning till avancerade systemkonfigurationer.<\/p>\n<p>V\u00e5ra expertrecensioner och analyser av den senaste programvaran kommer att hj\u00e4lpa dig att fatta informerade beslut, s\u00e5 att du kan v\u00e4lja r\u00e4tt verktyg f\u00f6r dina behov.<\/p>\n<\/div>\n<\/div>\n<\/section>\n","protected":false},"excerpt":{"rendered":"<p>Programvarurecensioner &#038; Teknikrelaterade Steg-f\u00f6r-steg-guider Avsl\u00f6ja teknikens hemligheter med v\u00e5r omfattande guide om &#8217;Hur man hanterar tekniska scenarier och programvarurecensioner&#8217;. Oavsett om du \u00e4r en teknikentusiast, en professionell som vill f\u00f6rb\u00e4ttra dina kunskaper, eller en nyb\u00f6rjare som \u00e4r ivrig att f\u00f6rst\u00e5 teknikens v\u00e4rld, \u00e4r denna guide din kompletta resurs. F\u00f6rdjupa dig i detaljerade, steg-f\u00f6r-steg-f\u00f6rklaringar av olika [&hellip;]<\/p>\n","protected":false},"author":2,"featured_media":12747,"parent":0,"menu_order":0,"comment_status":"closed","ping_status":"closed","template":"homepage.php","meta":{"_stopmodifiedupdate":false,"_modified_date":"","_lmt_disableupdate":"yes","_lmt_disable":""},"acf":[],"yoast_head":"<!-- This site is optimized with the Yoast SEO plugin v20.9 - https:\/\/yoast.com\/wordpress\/plugins\/seo\/ -->\n<title>Senaste mjukvaru- \/ applikationsrecensioner &amp; instruktioner p\u00e5 2026.<\/title>\n<meta name=\"description\" content=\"Uppl\u00e5s hemligheterna med teknik med v\u00e5r omfattande guide om &#039;Hur man hanterar tech-scenarier och programvarurecensioner&#039;. Oavsett om du \u00e4r en teknikentusiast, en professionell som vill f\u00f6rb\u00e4ttra dina f\u00e4rdigheter, eller en nyb\u00f6rjare ivrig att f\u00f6rst\u00e5 teknikens v\u00e4rld, \u00e4r den h\u00e4r guiden din resurs f\u00f6r allt.\" \/>\n<meta name=\"robots\" content=\"index, follow, max-snippet:-1, max-image-preview:large, max-video-preview:-1\" \/>\n<link rel=\"canonical\" href=\"https:\/\/howto.ping.fm\/sv\/\" \/>\n<meta property=\"og:locale\" content=\"sv_SE\" \/>\n<meta property=\"og:type\" content=\"article\" \/>\n<meta property=\"og:title\" content=\"Senaste mjukvaru- \/ applikationsrecensioner &amp; instruktioner p\u00e5 2026.\" \/>\n<meta property=\"og:description\" content=\"Uppl\u00e5s hemligheterna med teknik med v\u00e5r omfattande guide om &#039;Hur man hanterar tech-scenarier och programvarurecensioner&#039;. Oavsett om du \u00e4r en teknikentusiast, en professionell som vill f\u00f6rb\u00e4ttra dina f\u00e4rdigheter, eller en nyb\u00f6rjare ivrig att f\u00f6rst\u00e5 teknikens v\u00e4rld, \u00e4r den h\u00e4r guiden din resurs f\u00f6r allt.\" \/>\n<meta property=\"og:url\" content=\"https:\/\/howto.ping.fm\/sv\/\" \/>\n<meta property=\"og:site_name\" content=\"Hur man g\u00f6r &amp; B\u00e4sta programvaran\" \/>\n<meta property=\"article:modified_time\" content=\"2024-01-05T17:06:53+00:00\" \/>\n<meta property=\"og:image\" content=\"https:\/\/www.ping.fm\/howto\/wp-content\/uploads\/2024\/01\/DALL\u00b7E_2024_01_05_09_54_29_A_simple_3D_character_holding_a_tech.png\" \/>\n\t<meta property=\"og:image:width\" content=\"1024\" \/>\n\t<meta property=\"og:image:height\" content=\"1024\" \/>\n\t<meta property=\"og:image:type\" content=\"image\/png\" \/>\n<meta name=\"twitter:card\" content=\"summary_large_image\" \/>\n<meta name=\"twitter:label1\" content=\"Est. reading time\" \/>\n\t<meta name=\"twitter:data1\" content=\"1 minut\" \/>\n<script type=\"application\/ld+json\" class=\"yoast-schema-graph\">{\"@context\":\"https:\/\/schema.org\",\"@graph\":[{\"@type\":\"WebPage\",\"@id\":\"https:\/\/howto.ping.fm\/sv\/\",\"url\":\"https:\/\/howto.ping.fm\/sv\/\",\"name\":\"Senaste mjukvaru- \/ applikationsrecensioner & instruktioner p\u00e5 2026.\",\"isPartOf\":{\"@id\":\"https:\/\/howto.ping.fm\/sv\/#website\"},\"datePublished\":\"2023-07-31T13:58:28+00:00\",\"dateModified\":\"2024-01-05T17:06:53+00:00\",\"description\":\"Uppl\u00e5s hemligheterna med teknik med v\u00e5r omfattande guide om 'Hur man hanterar tech-scenarier och programvarurecensioner'. Oavsett om du \u00e4r en teknikentusiast, en professionell som vill f\u00f6rb\u00e4ttra dina f\u00e4rdigheter, eller en nyb\u00f6rjare ivrig att f\u00f6rst\u00e5 teknikens v\u00e4rld, \u00e4r den h\u00e4r guiden din resurs f\u00f6r allt.\",\"breadcrumb\":{\"@id\":\"https:\/\/howto.ping.fm\/sv\/#breadcrumb\"},\"inLanguage\":\"sv-SE\",\"potentialAction\":[{\"@type\":\"ReadAction\",\"target\":[\"https:\/\/howto.ping.fm\/sv\/\"]}]},{\"@type\":\"BreadcrumbList\",\"@id\":\"https:\/\/howto.ping.fm\/sv\/#breadcrumb\",\"itemListElement\":[{\"@type\":\"ListItem\",\"position\":1,\"name\":\"Home\",\"item\":\"https:\/\/www.ping.fm\/howto\/sv\/\"},{\"@type\":\"ListItem\",\"position\":2,\"name\":\"\/sv\"}]},{\"@type\":\"WebSite\",\"@id\":\"https:\/\/howto.ping.fm\/sv\/#website\",\"url\":\"https:\/\/howto.ping.fm\/sv\/\",\"name\":\"Hur man g\u00f6r & B\u00e4sta programvaran\",\"description\":\"\",\"potentialAction\":[{\"@type\":\"SearchAction\",\"target\":{\"@type\":\"EntryPoint\",\"urlTemplate\":\"https:\/\/howto.ping.fm\/sv\/?s={search_term_string}\"},\"query-input\":\"required name=search_term_string\"}],\"inLanguage\":\"sv-SE\"}]}<\/script>\n<!-- \/ Yoast SEO plugin. -->","yoast_head_json":{"title":"Senaste mjukvaru- \/ applikationsrecensioner & instruktioner p\u00e5 2026.","description":"Uppl\u00e5s hemligheterna med teknik med v\u00e5r omfattande guide om 'Hur man hanterar tech-scenarier och programvarurecensioner'. Oavsett om du \u00e4r en teknikentusiast, en professionell som vill f\u00f6rb\u00e4ttra dina f\u00e4rdigheter, eller en nyb\u00f6rjare ivrig att f\u00f6rst\u00e5 teknikens v\u00e4rld, \u00e4r den h\u00e4r guiden din resurs f\u00f6r allt.","robots":{"index":"index","follow":"follow","max-snippet":"max-snippet:-1","max-image-preview":"max-image-preview:large","max-video-preview":"max-video-preview:-1"},"canonical":"https:\/\/howto.ping.fm\/sv\/","og_locale":"sv_SE","og_type":"article","og_title":"Senaste mjukvaru- \/ applikationsrecensioner & instruktioner p\u00e5 2026.","og_description":"Uppl\u00e5s hemligheterna med teknik med v\u00e5r omfattande guide om 'Hur man hanterar tech-scenarier och programvarurecensioner'. Oavsett om du \u00e4r en teknikentusiast, en professionell som vill f\u00f6rb\u00e4ttra dina f\u00e4rdigheter, eller en nyb\u00f6rjare ivrig att f\u00f6rst\u00e5 teknikens v\u00e4rld, \u00e4r den h\u00e4r guiden din resurs f\u00f6r allt.","og_url":"https:\/\/howto.ping.fm\/sv\/","og_site_name":"Hur man g\u00f6r & B\u00e4sta programvaran","article_modified_time":"2024-01-05T17:06:53+00:00","og_image":[{"width":1024,"height":1024,"url":"https:\/\/www.ping.fm\/howto\/wp-content\/uploads\/2024\/01\/DALL\u00b7E_2024_01_05_09_54_29_A_simple_3D_character_holding_a_tech.png","type":"image\/png"}],"twitter_card":"summary_large_image","twitter_misc":{"Est. reading time":"1 minut"},"schema":{"@context":"https:\/\/schema.org","@graph":[{"@type":"WebPage","@id":"https:\/\/howto.ping.fm\/sv\/","url":"https:\/\/howto.ping.fm\/sv\/","name":"Senaste mjukvaru- \/ applikationsrecensioner & instruktioner p\u00e5 2026.","isPartOf":{"@id":"https:\/\/howto.ping.fm\/sv\/#website"},"datePublished":"2023-07-31T13:58:28+00:00","dateModified":"2024-01-05T17:06:53+00:00","description":"Uppl\u00e5s hemligheterna med teknik med v\u00e5r omfattande guide om 'Hur man hanterar tech-scenarier och programvarurecensioner'. Oavsett om du \u00e4r en teknikentusiast, en professionell som vill f\u00f6rb\u00e4ttra dina f\u00e4rdigheter, eller en nyb\u00f6rjare ivrig att f\u00f6rst\u00e5 teknikens v\u00e4rld, \u00e4r den h\u00e4r guiden din resurs f\u00f6r allt.","breadcrumb":{"@id":"https:\/\/howto.ping.fm\/sv\/#breadcrumb"},"inLanguage":"sv-SE","potentialAction":[{"@type":"ReadAction","target":["https:\/\/howto.ping.fm\/sv\/"]}]},{"@type":"BreadcrumbList","@id":"https:\/\/howto.ping.fm\/sv\/#breadcrumb","itemListElement":[{"@type":"ListItem","position":1,"name":"Home","item":"https:\/\/www.ping.fm\/howto\/sv\/"},{"@type":"ListItem","position":2,"name":"\/sv"}]},{"@type":"WebSite","@id":"https:\/\/howto.ping.fm\/sv\/#website","url":"https:\/\/howto.ping.fm\/sv\/","name":"Hur man g\u00f6r & B\u00e4sta programvaran","description":"","potentialAction":[{"@type":"SearchAction","target":{"@type":"EntryPoint","urlTemplate":"https:\/\/howto.ping.fm\/sv\/?s={search_term_string}"},"query-input":"required name=search_term_string"}],"inLanguage":"sv-SE"}]}},"_links":{"self":[{"href":"https:\/\/howto.ping.fm\/sv\/wp-json\/wp\/v2\/pages\/11215"}],"collection":[{"href":"https:\/\/howto.ping.fm\/sv\/wp-json\/wp\/v2\/pages"}],"about":[{"href":"https:\/\/howto.ping.fm\/sv\/wp-json\/wp\/v2\/types\/page"}],"author":[{"embeddable":true,"href":"https:\/\/howto.ping.fm\/sv\/wp-json\/wp\/v2\/users\/2"}],"replies":[{"embeddable":true,"href":"https:\/\/howto.ping.fm\/sv\/wp-json\/wp\/v2\/comments?post=11215"}],"version-history":[{"count":3,"href":"https:\/\/howto.ping.fm\/sv\/wp-json\/wp\/v2\/pages\/11215\/revisions"}],"predecessor-version":[{"id":12769,"href":"https:\/\/howto.ping.fm\/sv\/wp-json\/wp\/v2\/pages\/11215\/revisions\/12769"}],"wp:featuredmedia":[{"embeddable":true,"href":"https:\/\/howto.ping.fm\/sv\/wp-json\/wp\/v2\/media\/12747"}],"wp:attachment":[{"href":"https:\/\/howto.ping.fm\/sv\/wp-json\/wp\/v2\/media?parent=11215"}],"curies":[{"name":"wp","href":"https:\/\/api.w.org\/{rel}","templated":true}]}}