{"id":24556,"date":"2024-10-02T00:00:00","date_gmt":"2024-10-02T00:00:00","guid":{"rendered":"https:\/\/howto.ping.fm\/top-tools-for-repairing-corrupted-mp4-files\/"},"modified":"2024-10-07T07:31:22","modified_gmt":"2024-10-07T07:31:22","slug":"top-tools-for-repairing-corrupted-mp4-files","status":"publish","type":"page","link":"https:\/\/howto.ping.fm\/pt\/top-tools-for-repairing-corrupted-mp4-files\/","title":{"rendered":"Ferramenta principal para reparar arquivos MP4 danificados"},"content":{"rendered":"<section>\n<h1>Principais Ferramentas para Reparar Arquivos MP4 Corrompidos<\/h1>\n<div class=\"inbrief\">\n<div>                     <img src=\"https:\/\/www.ping.fm\/howto\/wp-content\/uploads\/ai\/Top-Tools-for-Repairing-Corrupted-MP4-Files.jpg\" alt=\"Principais Ferramentas para Reparar Arquivos MP4 Corrompidos\" title=\"Principais Ferramentas para Reparar Arquivos MP4 Corrompidos\" width=\"1280\" height=\"720\">                     <\/p>\n<p>Lidar com arquivos MP4 corrompidos pode ser uma grande dor de cabe\u00e7a, especialmente quando voc\u00ea tem um conte\u00fado de v\u00eddeo cr\u00edtico em jogo. \u00c9 algo que todos enfrentamos em algum momento, seja por um download problem\u00e1tico, hardware com defeito ou uma falha de energia repentina durante a grava\u00e7\u00e3o. Felizmente, v\u00e1rias ferramentas podem ajud\u00e1-lo a salvar seus arquivos preciosos. Hoje, compartilharei minhas experi\u00eancias pessoais com algumas das melhores ferramentas dispon\u00edveis para corrigir arquivos MP4 corrompidos. De ferramentas de reparo online inteligentes a softwares robustos de desktop, este artigo ir\u00e1 gui\u00e1-lo no caminho para a recupera\u00e7\u00e3o. Ent\u00e3o vamos mergulhar e explorar essas salvadoras.<\/p>\n<\/div>\n<\/div>\n<\/section>\n<section>\n<div class=\"medal\">\n<div>&#129351;<\/div>\n<\/div>\n<h2><a href=\"https:\/\/repair.cleverfiles.com\" rel=\"nofollow noopener\" target=\"_blank\">Clever Free Online Video Repair Tool<\/a><\/h2>\n<p><img src=\"https:\/\/www.ping.fm\/howto\/wp-content\/uploads\/ai\/https---repair-cleverfiles-comwww_ping_fmhowtobest-tools-to-fix-corrupted-mp4.jpg\" alt=\"https:\/\/repair.cleverfiles.com screenshot\" width=\"1280\" height=\"720\"><\/p>\n<p>A <b>Clever Free Online Video Repair Tool<\/b> \u00e9 uma excelente escolha para aqueles que precisam de uma solu\u00e7\u00e3o r\u00e1pida e eficiente para corrigir seus arquivos MP4 corrompidos. Esta ferramenta \u00e9 baseada em navegador, o que significa que voc\u00ea n\u00e3o precisa baixar ou instalar nada. Usar a interface online \u00e9 simples e intuitivo. Voc\u00ea s\u00f3 precisa enviar o arquivo de v\u00eddeo corrompido, e a ferramenta come\u00e7a a trabalhar, tentando reparar quaisquer danos e restaurar o arquivo para um estado reproduz\u00edvel.<\/p>\n<p><a href=\"https:\/\/repair.cleverfiles.com\" rel=\"nofollow noopener\" target=\"_blank\" class=\"ofWSite\">Site Oficial<\/a><\/p>\n<h3 class=\"prosTitle\">Pr\u00f3s<\/h3>\n<ul class=\"listpc pros\">\n<li>R\u00e1pida e f\u00e1cil de usar<\/li>\n<li>N\u00e3o requer instala\u00e7\u00e3o<\/li>\n<\/ul>\n<h3 class=\"consTitle\">Contras<\/h3>\n<ul class=\"listpc cons\">\n<li>Requer conex\u00e3o est\u00e1vel com a internet<\/li>\n<li>Pode n\u00e3o suportar todos os formatos de arquivo<\/li>\n<\/ul>\n<\/section>\n<section>\n<div class=\"medal\">\n<div>&#129352;<\/div>\n<\/div>\n<h2>Video Repair Tool<\/h2>\n<p>A <b>Video Repair Tool<\/b> \u00e9 uma aplica\u00e7\u00e3o de desktop poderosa projetada para corrigir arquivos de v\u00eddeo corrompidos. Funciona com uma variedade de formatos de v\u00eddeo, tornando-o vers\u00e1til para diferentes necessidades. A ferramenta usa algoritmos avan\u00e7ados para identificar e reparar corrup\u00e7\u00f5es no arquivo, como saltos de quadros e segmentos ausentes. \u00c9 especialmente eficaz para arquivos corrompidos devido a grava\u00e7\u00f5es interrompidas ou manipula\u00e7\u00e3o inadequada de armazenamento.<\/p>\n<h3 class=\"prosTitle\">Pr\u00f3s<\/h3>\n<ul class=\"listpc pros\">\n<li>Suporta m\u00faltiplos formatos de v\u00eddeo<\/li>\n<li>Algoritmos avan\u00e7ados de reparo<\/li>\n<\/ul>\n<h3 class=\"consTitle\">Contras<\/h3>\n<ul class=\"listpc cons\">\n<li>Requer instala\u00e7\u00e3o<\/li>\n<li>N\u00e3o \u00e9 gratuito<\/li>\n<\/ul>\n<\/section>\n<section>\n<div class=\"medal\">\n<div>&#129353;<\/div>\n<\/div>\n<h2><a href=\"https:\/\/restore.media\" rel=\"nofollow noopener\" target=\"_blank\">Restore.Media<\/a><\/h2>\n<p><img src=\"https:\/\/www.ping.fm\/howto\/wp-content\/uploads\/ai\/https---restore-mediawww_ping_fmhowtobest-tools-to-fix-corrupted-mp4.jpg\" alt=\"https:\/\/restore.media screenshot\" width=\"1280\" height=\"720\"><\/p>\n<p><b>Restore.Media<\/b> \u00e9 um servi\u00e7o online que se especializa na recupera\u00e7\u00e3o de arquivos de v\u00eddeo corrompidos. A plataforma suporta uma variedade de formatos de v\u00eddeo e \u00e1udio. Um recurso not\u00e1vel \u00e9 sua capacidade de reparar arquivos gravados em diferentes dispositivos, incluindo smartphones, c\u00e2meras e drones. Os usu\u00e1rios precisam enviar seus arquivos corrompidos, e o servi\u00e7o iniciar\u00e1 o processo de reparo, oferecendo uma pr\u00e9via do v\u00eddeo corrigido antes de voc\u00ea se comprometer.<\/p>\n<p><a href=\"https:\/\/restore.media\" rel=\"nofollow noopener\" target=\"_blank\" class=\"ofWSite\">Site Oficial<\/a><\/p>\n<h3 class=\"prosTitle\">Pr\u00f3s<\/h3>\n<ul class=\"listpc pros\">\n<li>Suporta uma ampla gama de dispositivos<\/li>\n<li>Oferece pr\u00e9-visualiza\u00e7\u00e3o antes da compra<\/li>\n<\/ul>\n<h3 class=\"consTitle\">Contras<\/h3>\n<ul class=\"listpc cons\">\n<li>Servi\u00e7o pago<\/li>\n<li>Limita\u00e7\u00f5es de tamanho de upload<\/li>\n<\/ul>\n<\/section>\n<section>\n<div class=\"no-medal\">\n<div>4<\/div>\n<\/div>\n<h2><a href=\"https:\/\/stellarinfo.com\" rel=\"nofollow noopener\" target=\"_blank\">Stellar Repair for Video<\/a><\/h2>\n<p><img src=\"https:\/\/www.ping.fm\/howto\/wp-content\/uploads\/ai\/https---stellarinfo-comwww_ping_fmhowtobest-tools-to-fix-corrupted-mp4.jpg\" alt=\"https:\/\/stellarinfo.com screenshot\" width=\"1280\" height=\"720\"><\/p>\n<p><b>Stellar Repair for Video<\/b> \u00e9 uma ferramenta de software conhecida no espa\u00e7o de reparo de arquivos. Este aplicativo abrangente pode consertar v\u00e1rios formatos de v\u00eddeo e \u00e9 bastante eficaz em lidar com problemas de corrup\u00e7\u00e3o grave. Permite processamento em lote, para que voc\u00ea possa reparar v\u00e1rios arquivos de uma vez. Essa ferramenta \u00e9 altamente recomendada para corrigir arquivos corrompidos durante transfer\u00eancias e downloads.<\/p>\n<p><a href=\"https:\/\/stellarinfo.com\" rel=\"nofollow noopener\" target=\"_blank\" class=\"ofWSite\">Site Oficial<\/a><\/p>\n<h3 class=\"prosTitle\">Pr\u00f3s<\/h3>\n<ul class=\"listpc pros\">\n<li>Suporta processamento em lote<\/li>\n<li>Lida com corrup\u00e7\u00e3o grave<\/li>\n<\/ul>\n<h3 class=\"consTitle\">Contras<\/h3>\n<ul class=\"listpc cons\">\n<li>Pode ser lento com arquivos grandes<\/li>\n<li>N\u00e3o \u00e9 gratuito<\/li>\n<\/ul>\n<\/section>\n<section>\n<div class=\"no-medal\">\n<div>5<\/div>\n<\/div>\n<h2><a href=\"https:\/\/www.reddit.com\/r\/DataRecoveryHelp\/comments\/1d6irir\/easeus_data_recovery_wizard_for_windows_review_is\/\" rel=\"nofollow noopener\" target=\"_blank\">EaseUS Data Recovery Wizard<\/a><\/h2>\n<p><img src=\"https:\/\/www.ping.fm\/howto\/wp-content\/uploads\/ai\/https---www-reddit-com-r-DataRecoveryHelp-comments-1d6irir-easeus_data_recovery_wizard_for_windows_review_is-www_ping_fmhowtobest-tools-to-fix-corrupted-mp4.jpg\" alt=\"https:\/\/www.reddit.com\/r\/DataRecoveryHelp\/comments\/1d6irir\/easeus_data_recovery_wizard_for_windows_review_is\/ screenshot\" width=\"1280\" height=\"720\"><\/p>\n<p>O <b>EaseUS Data Recovery Wizard<\/b> n\u00e3o \u00e9 apenas uma ferramenta de recupera\u00e7\u00e3o de arquivos, mas tamb\u00e9m possui um componente robusto de reparo de v\u00eddeo. \u00c9 particularmente bom para restaurar arquivos que foram acidentalmente exclu\u00eddos ou perdidos de outra forma. A ferramenta emprega algoritmos sofisticados para detectar e corrigir problemas de arquivos. Suporta v\u00e1rios formatos de v\u00eddeo e \u00e9 f\u00e1cil de usar, tornando-o uma escolha s\u00f3lida para indiv\u00edduos menos experientes em tecnologia.<\/p>\n<p><a href=\"https:\/\/www.reddit.com\/r\/DataRecoveryHelp\/comments\/1d6irir\/easeus_data_recovery_wizard_for_windows_review_is\/\" rel=\"nofollow noopener\" target=\"_blank\" class=\"ofWSite\">Site Oficial<\/a><\/p>\n<h3 class=\"prosTitle\">Pr\u00f3s<\/h3>\n<ul class=\"listpc pros\">\n<li>F\u00e1cil de usar<\/li>\n<li>Suporta m\u00faltiplos formatos<\/li>\n<\/ul>\n<h3 class=\"consTitle\">Contras<\/h3>\n<ul class=\"listpc cons\">\n<li>Vers\u00e3o gratuita limitada<\/li>\n<li>Pode exigir v\u00e1rias tentativas para casos de corrup\u00e7\u00e3o grave<\/li>\n<\/ul>\n<\/section>\n<section>\n<div class=\"no-medal\">\n<div>6<\/div>\n<\/div>\n<h2><a href=\"https:\/\/www.remosoftware.com\" rel=\"nofollow noopener\" target=\"_blank\">Remo Repair MOV<\/a><\/h2>\n<p><img src=\"https:\/\/www.ping.fm\/howto\/wp-content\/uploads\/ai\/https---www-remosoftware-comwww_ping_fmhowtobest-tools-to-fix-corrupted-mp4.jpg\" alt=\"https:\/\/www.remosoftware.com screenshot\" width=\"1280\" height=\"720\"><\/p>\n<p><b>Remo Repair MOV<\/b> \u00e9 projetado especificamente para corrigir arquivos MOV e MP4 corrompidos. Este software funciona extraindo separadamente os streams de \u00e1udio e v\u00eddeo, reparando-os e, em seguida, os juntando novamente. \u00c9 particularmente eficaz para arquivos corrompidos devido a downloads ruins ou erros durante a grava\u00e7\u00e3o. \u00c9 uma \u00f3tima ferramenta para ter em seu arsenal se voc\u00ea lida frequentemente com esses tipos de arquivos.<\/p>\n<p><a href=\"https:\/\/www.remosoftware.com\" rel=\"nofollow noopener\" target=\"_blank\" class=\"ofWSite\">Site Oficial<\/a><\/p>\n<h3 class=\"prosTitle\">Pr\u00f3s<\/h3>\n<ul class=\"listpc pros\">\n<li>Altamente especializado<\/li>\n<li>Eficaz para problemas comuns de corrup\u00e7\u00e3o<\/li>\n<\/ul>\n<h3 class=\"consTitle\">Contras<\/h3>\n<ul class=\"listpc cons\">\n<li>Limitado a arquivos MOV e MP4<\/li>\n<li>Software pago<\/li>\n<\/ul>\n<\/section>\n<section>\n<div class=\"no-medal\">\n<div>7<\/div>\n<\/div>\n<h2><a href=\"https:\/\/grauonline.de\" rel=\"nofollow noopener\" target=\"_blank\">Grau GmbH Video Repair Tool<\/a><\/h2>\n<p><img src=\"https:\/\/www.ping.fm\/howto\/wp-content\/uploads\/ai\/https---grauonline-dewww_ping_fmhowtobest-tools-to-fix-corrupted-mp4.jpg\" alt=\"https:\/\/grauonline.de screenshot\" width=\"1280\" height=\"720\"><\/p>\n<p>O <b>Grau GmbH Video Repair Tool<\/b> \u00e9 outra excelente op\u00e7\u00e3o para corrigir arquivos MP4 corrompidos. Ele suporta uma ampla gama de formatos e dispositivos, tornando-se uma adi\u00e7\u00e3o vers\u00e1til ao seu kit de ferramentas. A ferramenta ajuda a reparar v\u00eddeos que sofreram de setores defeituosos, v\u00edrus ou falhas de energia. A interface \u00e9 simples, tornando-a acess\u00edvel at\u00e9 mesmo para novatos.<\/p>\n<p><a href=\"https:\/\/grauonline.de\" rel=\"nofollow noopener\" target=\"_blank\" class=\"ofWSite\">Site Oficial<\/a><\/p>\n<h3 class=\"prosTitle\">Pr\u00f3s<\/h3>\n<ul class=\"listpc pros\">\n<li>Suporte a uma ampla variedade de formatos<\/li>\n<li>Interface f\u00e1cil de usar<\/li>\n<\/ul>\n<h3 class=\"consTitle\">Contras<\/h3>\n<ul class=\"listpc cons\">\n<li>Limita\u00e7\u00f5es da vers\u00e3o de teste<\/li>\n<li>Pode ser lento com arquivos grandes<\/li>\n<\/ul>\n<\/section>\n<section>\n<h2>Assista no Youtube: <a href=\"https:\/\/www.youtube.com\/watch?v=tBE_a_NFxIY\" target=\"_blank\" rel=\"noopener\">Principais Ferramentas para Reparar Arquivos MP4 Corrompidos<\/a><\/h2>\n<div class=\"nonp iframe\"><iframe width=\"420\" height=\"315\" src=\"\/\/www.youtube.com\/embed\/tBE_a_NFxIY\" frameborder=\"0\" allowfullscreen><\/iframe><\/div>\n<\/section>\n<section>\n<h2>Conclus\u00e3o:<\/h2>\n<div class=\"nonp\">\n<p>Vamos nos aprofundar na mec\u00e2nica de como essas ferramentas repararam v\u00eddeos corrompidos e algumas pr\u00e1ticas recomendadas gerais para gerenciar arquivos de v\u00eddeo. A <b>corrup\u00e7\u00e3o de arquivos de v\u00eddeo<\/b> geralmente ocorre em v\u00e1rias etapas\u2014durante a grava\u00e7\u00e3o, transfer\u00eancia, edi\u00e7\u00e3o ou download. Diferentes ferramentas oferecem abordagens diferentes, tornando essencial entender suas necessidades exatas ao escolher uma ferramenta.<\/p>\n<p>A <b>Ferramenta de Repara\u00e7\u00e3o de V\u00eddeo Online Gratuita Clever<\/b> se destaca por sua simplicidade e r\u00e1pido retorno. Com as ferramentas baseadas em nuvem ganhando popularidade, sua acessibilidade e facilidade de uso melhoraram drasticamente. No entanto, \u00e9 crucial ter uma conex\u00e3o de internet est\u00e1vel para evitar mais problemas durante o processo de reparo. Por outro lado, ferramentas de desktop como <b>Stellar Repair for Video<\/b> e <b>EaseUS Data Recovery Wizard<\/b> oferecem configura\u00e7\u00f5es mais avan\u00e7adas e capacidades de reparo mais profundas. Essas ferramentas geralmente fornecem melhores resultados para arquivos severamente corrompidos porque operam diretamente na pot\u00eancia de processamento do seu computador.<\/p>\n<p>Uma boa pr\u00e1tica ao lidar com v\u00eddeos \u00e9 a implementa\u00e7\u00e3o de uma estrat\u00e9gia de backup robusta. Ferramentas como <a href='https:\/\/www.reddit.com\/r\/DataRecoveryHelp\/comments\/1d6irir\/easeus_data_recovery_wizard_for_windows_review_is\/' rel=\"nofollow noopener\" target='_blank'>EaseUS Data Recovery Wizard<\/a> tamb\u00e9m oferecem recursos de <b>recupera\u00e7\u00e3o de dados<\/b>, dando a voc\u00ea uma segunda chance de recuperar dados de arquivos perdidos, mesmo que o reparo n\u00e3o seja bem-sucedido. Al\u00e9m disso, educar-se sobre as peculiaridades de diferentes dispositivos pode ajudar a evitar muitos erros comuns. Por exemplo, saber como ejetar com seguran\u00e7a m\u00eddias de armazenamento, compreender mensagens de erro comuns e se conscientizar sobre os sintomas de falhas de armazenamento pode economizar muitos problemas.<\/p>\n<p>Para projetos em andamento envolvendo v\u00eddeos em HD ou 4K, usar ferramentas especializadas como a <a href='https:\/\/repair.cleverfiles.com' rel=\"nofollow noopener\" target='_blank'>Ferramenta de Repara\u00e7\u00e3o de V\u00eddeo Online Gratuita Clever<\/a> pode ajudar a preservar a qualidade do v\u00eddeo enquanto resolve problemas comuns. Por fim, ao lidar com codecs ou formatos de arquivos novos e avan\u00e7ados, \u00e9 pertinente usar ferramentas atualizadas. Bibliotecas e codecs s\u00e3o atualizados com frequ\u00eancia, portanto, uma ferramenta desatualizada pode n\u00e3o ser capaz de interpretar corretamente novos tipos de arquivos.<\/p>\n<p>Para mais informa\u00e7\u00f5es e uma compara\u00e7\u00e3o detalhada, confira este excelente artigo sobre as principais ferramentas de reparo de v\u00eddeo: <a href='https:\/\/news.macgasm.net\/reviews\/online-video-repair-tools\/' rel=\"dofollow noopener\" target='_blank'>Repara arquivos MP4 corrompidos de gra\u00e7a<\/a>. O guia cobre v\u00e1rios m\u00e9todos e ferramentas, ajudando voc\u00ea a tomar uma decis\u00e3o conhecedora com base em suas necessidades espec\u00edficas.<\/p>\n<p>Lembre-se, a arte de consertar arquivos MP4 corrompidos envolve entender a causa da corrup\u00e7\u00e3o e escolher a ferramenta mais apropriada para lidar com isso. Continue aprendendo, mantenha-se atualizado e suas chances de reparar seus arquivos de v\u00eddeo vitais com sucesso aumentar\u00e3o significativamente.<\/p>\n<\/div>\n<\/section>\n<div class=\"extrablock\">\n<p>Descubra v\u00e1rios m\u00e9todos para reparar arquivos de v\u00eddeo MP4 e MOV corrompidos, quebrados ou ileg\u00edveis online, de gra\u00e7a, usando software ou VLC.<\/p>\n<p>                             <a href=\"https:\/\/news.macgasm.net\/tips\/fix-corrupted-video-files\/\" rel=\"dofollow noopener\" target=\"_blank\">https:\/\/news.macgasm.net\/tips\/fix-corrupted-video-files\/<\/a>                         <\/div>\n","protected":false},"excerpt":{"rendered":"<p>Principais Ferramentas para Reparar Arquivos MP4 Corrompidos Lidar com arquivos MP4 corrompidos pode ser uma grande dor de cabe\u00e7a, especialmente quando voc\u00ea tem um conte\u00fado de v\u00eddeo cr\u00edtico em jogo. \u00c9 algo que todos enfrentamos em algum momento, seja por um download problem\u00e1tico, hardware com defeito ou uma falha de energia repentina durante a grava\u00e7\u00e3o. [&hellip;]<\/p>\n","protected":false},"author":0,"featured_media":0,"parent":0,"menu_order":0,"comment_status":"closed","ping_status":"closed","template":"chromecast.php","meta":{"_stopmodifiedupdate":false,"_modified_date":"","_lmt_disableupdate":"","_lmt_disable":""},"acf":[],"yoast_head":"<!-- This site is optimized with the Yoast SEO plugin v20.9 - https:\/\/yoast.com\/wordpress\/plugins\/seo\/ -->\n<title>A melhor ferramenta para reparar arquivos MP4<\/title>\n<meta name=\"robots\" content=\"index, follow, max-snippet:-1, max-image-preview:large, max-video-preview:-1\" \/>\n<link rel=\"canonical\" href=\"https:\/\/howto.ping.fm\/pt\/top-tools-for-repairing-corrupted-mp4-files\/\" \/>\n<meta property=\"og:locale\" content=\"pt_PT\" \/>\n<meta property=\"og:type\" content=\"article\" \/>\n<meta property=\"og:title\" content=\"A melhor ferramenta para reparar arquivos MP4\" \/>\n<meta property=\"og:description\" content=\"Principais Ferramentas para Reparar Arquivos MP4 Corrompidos Lidar com arquivos MP4 corrompidos pode ser uma grande dor de cabe\u00e7a, especialmente quando voc\u00ea tem um conte\u00fado de v\u00eddeo cr\u00edtico em jogo. \u00c9 algo que todos enfrentamos em algum momento, seja por um download problem\u00e1tico, hardware com defeito ou uma falha de energia repentina durante a grava\u00e7\u00e3o. [&hellip;]\" \/>\n<meta property=\"og:url\" content=\"https:\/\/howto.ping.fm\/pt\/top-tools-for-repairing-corrupted-mp4-files\/\" \/>\n<meta property=\"og:site_name\" content=\"Como Fazer &amp; Melhor Software\" \/>\n<meta property=\"article:modified_time\" content=\"2024-10-07T07:31:22+00:00\" \/>\n<meta property=\"og:image\" content=\"https:\/\/www.ping.fm\/howto\/wp-content\/uploads\/ai\/Top-Tools-for-Repairing-Corrupted-MP4-Files.jpg\" \/>\n<meta name=\"twitter:card\" content=\"summary_large_image\" \/>\n<meta name=\"twitter:label1\" content=\"Est. reading time\" \/>\n\t<meta name=\"twitter:data1\" content=\"6 minutos\" \/>\n<script type=\"application\/ld+json\" class=\"yoast-schema-graph\">{\"@context\":\"https:\/\/schema.org\",\"@graph\":[{\"@type\":\"WebPage\",\"@id\":\"https:\/\/howto.ping.fm\/pt\/top-tools-for-repairing-corrupted-mp4-files\/\",\"url\":\"https:\/\/howto.ping.fm\/pt\/top-tools-for-repairing-corrupted-mp4-files\/\",\"name\":\"A melhor ferramenta para reparar arquivos MP4\",\"isPartOf\":{\"@id\":\"https:\/\/howto.ping.fm\/pt\/#website\"},\"datePublished\":\"2024-10-02T00:00:00+00:00\",\"dateModified\":\"2024-10-07T07:31:22+00:00\",\"breadcrumb\":{\"@id\":\"https:\/\/howto.ping.fm\/pt\/top-tools-for-repairing-corrupted-mp4-files\/#breadcrumb\"},\"inLanguage\":\"pt-PT\",\"potentialAction\":[{\"@type\":\"ReadAction\",\"target\":[\"https:\/\/howto.ping.fm\/pt\/top-tools-for-repairing-corrupted-mp4-files\/\"]}]},{\"@type\":\"BreadcrumbList\",\"@id\":\"https:\/\/howto.ping.fm\/pt\/top-tools-for-repairing-corrupted-mp4-files\/#breadcrumb\",\"itemListElement\":[{\"@type\":\"ListItem\",\"position\":1,\"name\":\"Home\",\"item\":\"https:\/\/www.ping.fm\/howto\/pt\/\"},{\"@type\":\"ListItem\",\"position\":2,\"name\":\"Ferramenta principal para reparar arquivos MP4 danificados\"}]},{\"@type\":\"WebSite\",\"@id\":\"https:\/\/howto.ping.fm\/pt\/#website\",\"url\":\"https:\/\/howto.ping.fm\/pt\/\",\"name\":\"Como Fazer & Melhor Software\",\"description\":\"\",\"potentialAction\":[{\"@type\":\"SearchAction\",\"target\":{\"@type\":\"EntryPoint\",\"urlTemplate\":\"https:\/\/howto.ping.fm\/pt\/?s={search_term_string}\"},\"query-input\":\"required name=search_term_string\"}],\"inLanguage\":\"pt-PT\"}]}<\/script>\n<!-- \/ Yoast SEO plugin. -->","yoast_head_json":{"title":"A melhor ferramenta para reparar arquivos MP4","robots":{"index":"index","follow":"follow","max-snippet":"max-snippet:-1","max-image-preview":"max-image-preview:large","max-video-preview":"max-video-preview:-1"},"canonical":"https:\/\/howto.ping.fm\/pt\/top-tools-for-repairing-corrupted-mp4-files\/","og_locale":"pt_PT","og_type":"article","og_title":"A melhor ferramenta para reparar arquivos MP4","og_description":"Principais Ferramentas para Reparar Arquivos MP4 Corrompidos Lidar com arquivos MP4 corrompidos pode ser uma grande dor de cabe\u00e7a, especialmente quando voc\u00ea tem um conte\u00fado de v\u00eddeo cr\u00edtico em jogo. \u00c9 algo que todos enfrentamos em algum momento, seja por um download problem\u00e1tico, hardware com defeito ou uma falha de energia repentina durante a grava\u00e7\u00e3o. [&hellip;]","og_url":"https:\/\/howto.ping.fm\/pt\/top-tools-for-repairing-corrupted-mp4-files\/","og_site_name":"Como Fazer & Melhor Software","article_modified_time":"2024-10-07T07:31:22+00:00","og_image":[{"url":"https:\/\/www.ping.fm\/howto\/wp-content\/uploads\/ai\/Top-Tools-for-Repairing-Corrupted-MP4-Files.jpg"}],"twitter_card":"summary_large_image","twitter_misc":{"Est. reading time":"6 minutos"},"schema":{"@context":"https:\/\/schema.org","@graph":[{"@type":"WebPage","@id":"https:\/\/howto.ping.fm\/pt\/top-tools-for-repairing-corrupted-mp4-files\/","url":"https:\/\/howto.ping.fm\/pt\/top-tools-for-repairing-corrupted-mp4-files\/","name":"A melhor ferramenta para reparar arquivos MP4","isPartOf":{"@id":"https:\/\/howto.ping.fm\/pt\/#website"},"datePublished":"2024-10-02T00:00:00+00:00","dateModified":"2024-10-07T07:31:22+00:00","breadcrumb":{"@id":"https:\/\/howto.ping.fm\/pt\/top-tools-for-repairing-corrupted-mp4-files\/#breadcrumb"},"inLanguage":"pt-PT","potentialAction":[{"@type":"ReadAction","target":["https:\/\/howto.ping.fm\/pt\/top-tools-for-repairing-corrupted-mp4-files\/"]}]},{"@type":"BreadcrumbList","@id":"https:\/\/howto.ping.fm\/pt\/top-tools-for-repairing-corrupted-mp4-files\/#breadcrumb","itemListElement":[{"@type":"ListItem","position":1,"name":"Home","item":"https:\/\/www.ping.fm\/howto\/pt\/"},{"@type":"ListItem","position":2,"name":"Ferramenta principal para reparar arquivos MP4 danificados"}]},{"@type":"WebSite","@id":"https:\/\/howto.ping.fm\/pt\/#website","url":"https:\/\/howto.ping.fm\/pt\/","name":"Como Fazer & Melhor Software","description":"","potentialAction":[{"@type":"SearchAction","target":{"@type":"EntryPoint","urlTemplate":"https:\/\/howto.ping.fm\/pt\/?s={search_term_string}"},"query-input":"required name=search_term_string"}],"inLanguage":"pt-PT"}]}},"_links":{"self":[{"href":"https:\/\/howto.ping.fm\/pt\/wp-json\/wp\/v2\/pages\/24556"}],"collection":[{"href":"https:\/\/howto.ping.fm\/pt\/wp-json\/wp\/v2\/pages"}],"about":[{"href":"https:\/\/howto.ping.fm\/pt\/wp-json\/wp\/v2\/types\/page"}],"replies":[{"embeddable":true,"href":"https:\/\/howto.ping.fm\/pt\/wp-json\/wp\/v2\/comments?post=24556"}],"version-history":[{"count":0,"href":"https:\/\/howto.ping.fm\/pt\/wp-json\/wp\/v2\/pages\/24556\/revisions"}],"wp:attachment":[{"href":"https:\/\/howto.ping.fm\/pt\/wp-json\/wp\/v2\/media?parent=24556"}],"curies":[{"name":"wp","href":"https:\/\/api.w.org\/{rel}","templated":true}]}}