{"id":24110,"date":"2024-07-11T00:00:00","date_gmt":"2024-07-11T00:00:00","guid":{"rendered":"https:\/\/www.ping.fm\/howto\/top-tools-for-repairing-corrupted-video-files\/"},"modified":"2024-07-19T09:06:29","modified_gmt":"2024-07-19T09:06:29","slug":"top-tools-for-repairing-corrupted-video-files","status":"publish","type":"page","link":"https:\/\/howto.ping.fm\/pt\/top-tools-for-repairing-corrupted-video-files\/","title":{"rendered":"A melhor ferramenta para reparar arquivos de v\u00eddeo danificados"},"content":{"rendered":"<section>\n<h1>Principais Ferramentas para Reparar Arquivos de V\u00eddeo Corrompidos<\/h1>\n<div class=\"inbrief\">\n<div>                     <img src=\"https:\/\/www.ping.fm\/howto\/wp-content\/uploads\/ai\/Top-Tools-for-Repairing-Corrupted-Video-Files.jpg\" alt=\"Principais Ferramentas para Reparar Arquivos de V\u00eddeo Corrompidos\" title=\"Principais Ferramentas para Reparar Arquivos de V\u00eddeo Corrompidos\" width=\"1280\" height=\"720\">                     <\/p>\n<p>Se voc\u00ea j\u00e1 lidou com a frustra\u00e7\u00e3o de um <b>arquivo de v\u00eddeo corrompido<\/b>, voc\u00ea sabe como pode ser assustador tentar salvar essas imagens preciosas. Seja uma mem\u00f3ria pessoal, um projeto de trabalho importante ou um momento crucial capturado na c\u00e2mera, a perda pode parecer insuper\u00e1vel. Felizmente, existem v\u00e1rios <a href='https:\/\/repair.cleverfiles.com' rel=\"nofollow noopener\" target='_blank'>servi\u00e7os de reparo de v\u00eddeo<\/a> dispon\u00edveis que podem ajudar a recuperar seus arquivos valiosos. Entre as v\u00e1rias op\u00e7\u00f5es, algumas ferramentas se destacam devido \u00e0 sua efici\u00eancia, facilidade de uso e confiabilidade. Baseado na minha experi\u00eancia pessoal, aqui est\u00e3o os tr\u00eas principais servi\u00e7os de reparo de v\u00eddeo que podem dar vida aos seus arquivos danificados.<\/p>\n<\/div>\n<\/div>\n<\/section>\n<section>\n<div class=\"medal\">\n<div>&#129351;<\/div>\n<\/div>\n<h2><a href=\"https:\/\/repair.cleverfiles.com\" rel=\"nofollow noopener\" target=\"_blank\">Clever Video Repair Tool<\/a><\/h2>\n<p><img src=\"https:\/\/www.ping.fm\/howto\/wp-content\/uploads\/2024\/07\/file-repair.jpg\" alt=\"https:\/\/repair.cleverfiles.com screenshot\" width=\"1280\" height=\"720\"><\/p>\n<p>O <b>Clever Video Repair Tool<\/b> \u00e9 minha ferramenta favorita sempre que enfrento um <b>arquivo de v\u00eddeo corrompido<\/b>. \u00c9 f\u00e1cil de usar, eficiente e altamente confi\u00e1vel. Esta ferramenta suporta uma ampla gama de formatos e oferece uma interface simples, tornando-a f\u00e1cil de usar mesmo para aqueles que n\u00e3o s\u00e3o muito familiarizados com tecnologia.<\/p>\n<p><a href=\"https:\/\/repair.cleverfiles.com\" rel=\"nofollow noopener\" target=\"_blank\" class=\"ofWSite\">Site Oficial<\/a><\/p>\n<h3 class=\"prosTitle\">Pr\u00f3s<\/h3>\n<ul class=\"listpc pros\">\n<li>Ferramenta de Repara\u00e7\u00e3o de V\u00eddeo 100% Gratuita online<\/li>\n<li>Suporta v\u00e1rios formatos de v\u00eddeo<\/li>\n<\/ul>\n<h3 class=\"consTitle\">Contras<\/h3>\n<ul class=\"listpc cons\">\n<li>Vers\u00e3o gratuita limitada<\/li>\n<li>Processamento potencialmente lento para arquivos grandes<\/li>\n<\/ul>\n<\/section>\n<section>\n<div class=\"medal\">\n<div>&#129352;<\/div>\n<\/div>\n<h2><a href=\"https:\/\/fix.video\" rel=\"nofollow noopener\" target=\"_blank\">Fix.Video Tool<\/a><\/h2>\n<p><img src=\"https:\/\/www.ping.fm\/howto\/wp-content\/uploads\/ai\/https---fix-videowww_ping_fmhowto.jpg\" alt=\"https:\/\/fix.video screenshot\" width=\"1280\" height=\"720\"><\/p>\n<p><b>Fix.Video<\/b> \u00e9 outra op\u00e7\u00e3o excelente para reparar <b>arquivos de v\u00eddeo corrompidos<\/b>. \u00c9 conhecida pelo seu suporte ao cliente responsivo e r\u00e1pidos tempos de reparo. Esta ferramenta online garante que seus arquivos de v\u00eddeo sejam restaurados sem perda de qualidade, tornando-a uma favorita entre muitos usu\u00e1rios.<\/p>\n<p><a href=\"https:\/\/fix.video\" rel=\"nofollow noopener\" target=\"_blank\" class=\"ofWSite\">Site Oficial<\/a><\/p>\n<h3 class=\"prosTitle\">Pr\u00f3s<\/h3>\n<ul class=\"listpc pros\">\n<li>Tempos de reparo r\u00e1pidos<\/li>\n<li>Excelente suporte ao cliente<\/li>\n<\/ul>\n<h3 class=\"consTitle\">Contras<\/h3>\n<ul class=\"listpc cons\">\n<li>Requer conex\u00e3o de internet<\/li>\n<li>Comprimento de reparo gratuito limitado<\/li>\n<\/ul>\n<\/section>\n<section>\n<div class=\"medal\">\n<div>&#129353;<\/div>\n<\/div>\n<h2><a href=\"https:\/\/restore.media\" rel=\"nofollow noopener\" target=\"_blank\">Restore.Media<\/a><\/h2>\n<p><img src=\"https:\/\/www.ping.fm\/howto\/wp-content\/uploads\/ai\/https---restore-mediawww_ping_fmhowto.jpg\" alt=\"https:\/\/restore.media screenshot\" width=\"1280\" height=\"720\"><\/p>\n<p><b>Restore.Media<\/b> oferece capacidades poderosas para corrigir <b>arquivos de v\u00eddeo corrompidos<\/b>. Seus algoritmos avan\u00e7ados podem lidar at\u00e9 com os arquivos mais severamente corrompidos, proporcionando uma solu\u00e7\u00e3o abrangente para necessidades de recupera\u00e7\u00e3o de v\u00eddeo. Embora possa exigir um pouco de curva de aprendizado, os resultados valem o esfor\u00e7o.<\/p>\n<p><a href=\"https:\/\/restore.media\" rel=\"nofollow noopener\" target=\"_blank\" class=\"ofWSite\">Site Oficial<\/a><\/p>\n<h3 class=\"prosTitle\">Pr\u00f3s<\/h3>\n<ul class=\"listpc pros\">\n<li>Lida com arquivos severamente corrompidos<\/li>\n<li>Algoritmos avan\u00e7ados de recupera\u00e7\u00e3o<\/li>\n<\/ul>\n<h3 class=\"consTitle\">Contras<\/h3>\n<ul class=\"listpc cons\">\n<li>Curva de aprendizado para novos usu\u00e1rios<\/li>\n<li>Pode ser muito complexo para necessidades b\u00e1sicas<\/li>\n<\/ul>\n<\/section>\n<section>\n<div class=\"no-medal\">\n<div>4<\/div>\n<\/div>\n<h2><a href=\"https:\/\/www.stellarinfo.com\" rel=\"nofollow noopener\" target=\"_blank\">Stellar Repair for Video<\/a><\/h2>\n<p><img src=\"https:\/\/www.ping.fm\/howto\/wp-content\/uploads\/ai\/https---www-stellarinfo-comwww_ping_fmhowto.jpg\" alt=\"https:\/\/www.stellarinfo.com screenshot\" width=\"1280\" height=\"720\"><\/p>\n<p><b>Stellar Repair for Video<\/b> \u00e9 uma ferramenta robusta e de n\u00edvel profissional projetada para lidar com a corrup\u00e7\u00e3o de v\u00eddeos. \u00c9 particularmente \u00fatil para indiv\u00edduos que lidam frequentemente com arquivos de v\u00eddeo de alta qualidade. O software suporta uma variedade de formatos e fornece uma visualiza\u00e7\u00e3o detalhada antes de salvar os arquivos reparados.<\/p>\n<p><a href=\"https:\/\/www.stellarinfo.com\" rel=\"nofollow noopener\" target=\"_blank\" class=\"ofWSite\">Site Oficial<\/a><\/p>\n<h3 class=\"prosTitle\">Pr\u00f3s<\/h3>\n<ul class=\"listpc pros\">\n<li>Software de n\u00edvel profissional<\/li>\n<li>Suporta v\u00e1rios formatos<\/li>\n<\/ul>\n<h3 class=\"consTitle\">Contras<\/h3>\n<ul class=\"listpc cons\">\n<li>Planos de assinatura caros<\/li>\n<li>Requer instala\u00e7\u00e3o<\/li>\n<\/ul>\n<\/section>\n<section>\n<h2>Conclus\u00e3o:<\/h2>\n<div class=\"nonp\">\n<p>Independentemente da ferramenta escolhida, \u00e9 essencial entender como esses <b>servi\u00e7os de reparo de v\u00eddeo<\/b> funcionam. Geralmente, eles analisam o arquivo de v\u00eddeo corrompido para identificar a extens\u00e3o do dano. Ao cruzar refer\u00eancias com partes intactas do arquivo e usar algoritmos sofisticados, eles reconstroem os segmentos corrompidos para tornar o v\u00eddeo reproduz\u00edvel novamente.<\/p>\n<p>Um aspecto importante a considerar \u00e9 o tipo de <b>formatos de arquivo de v\u00eddeo<\/b> que essas ferramentas suportam. A maioria delas \u00e9 compat\u00edvel com formatos populares como MP4, AVI e MOV. No entanto, ferramentas espec\u00edficas como <a href='https:\/\/restore.media' rel=\"nofollow noopener\" target='_blank'>Restore.Media<\/a> podem lidar com formatos mais obscuros e fornecer op\u00e7\u00f5es detalhadas de recupera\u00e7\u00e3o.<\/p>\n<p>Ao avaliar essas ferramentas, outro fator crucial \u00e9 a taxa de recupera\u00e7\u00e3o. Algumas ferramentas podem se destacar na repara\u00e7\u00e3o de corrup\u00e7\u00f5es menores, enquanto outras, como <a href='https:\/\/repair.cleverfiles.com' rel=\"dofollow noopener\" target='_blank'>clever video repair<\/a> (site oficial), est\u00e3o melhor equipadas para lidar com corrup\u00e7\u00f5es severas utilizando algoritmos avan\u00e7ados de recupera\u00e7\u00e3o. Sempre procure por avalia\u00e7\u00f5es e depoimentos para medir a efic\u00e1cia de uma ferramenta.<\/p>\n<p>A interface do usu\u00e1rio tamb\u00e9m \u00e9 vital. Uma ferramenta pode ser poderosa, mas se n\u00e3o for f\u00e1cil de usar, pode aumentar a frustra\u00e7\u00e3o. Felizmente, ferramentas como <a href='https:\/\/www.stellarinfo.com' rel=\"nofollow noopener\" target='_blank'>Stellar Repair for Video<\/a> oferecem recursos de n\u00edvel profissional mantendo uma interface de usu\u00e1rio direta.<\/p>\n<p>Al\u00e9m dessas ferramentas espec\u00edficas, manter boas pr\u00e1ticas como backups regulares e usar dispositivos de grava\u00e7\u00e3o de alta qualidade pode ajudar a mitigar o risco de corrup\u00e7\u00e3o de arquivos. Sempre assegure-se de armazenar seus v\u00eddeos em solu\u00e7\u00f5es de armazenamento seguras e confi\u00e1veis e evite interrup\u00e7\u00f5es durante transfer\u00eancias de arquivos para reduzir as chances de corrup\u00e7\u00e3o.<\/p>\n<\/div>\n<\/section>\n<div class=\"extrablock\">\n<p>Descubra os melhores m\u00e9todos de reparo de v\u00eddeo para restaurar suas mem\u00f3rias preciosas. Quer voc\u00ea tenha um MOV quebrado ou um MP4 corrompido, nosso guia cobre as principais solu\u00e7\u00f5es de software e t\u00e9cnicas de &#8220;fa\u00e7a voc\u00ea mesmo&#8221;.<\/p>\n<p>                             <a href=\"https:\/\/www.linkedin.com\/pulse\/how-repair-corrupt-unreadable-mp4-mov-video-files-online-kropachek-bampe\/\" rel=\"dofollow noopener\" target=\"_blank\">https:\/\/www.linkedin.com\/pulse\/how-repair-corrupt-unreadable-mp4-mov-video-files-online-kropachek-bampe\/<\/a>                         <\/div>\n","protected":false},"excerpt":{"rendered":"<p>Principais Ferramentas para Reparar Arquivos de V\u00eddeo Corrompidos Se voc\u00ea j\u00e1 lidou com a frustra\u00e7\u00e3o de um arquivo de v\u00eddeo corrompido, voc\u00ea sabe como pode ser assustador tentar salvar essas imagens preciosas. Seja uma mem\u00f3ria pessoal, um projeto de trabalho importante ou um momento crucial capturado na c\u00e2mera, a perda pode parecer insuper\u00e1vel. Felizmente, existem [&hellip;]<\/p>\n","protected":false},"author":0,"featured_media":24111,"parent":0,"menu_order":0,"comment_status":"closed","ping_status":"closed","template":"chromecast.php","meta":{"_stopmodifiedupdate":false,"_modified_date":"","_lmt_disableupdate":"","_lmt_disable":""},"acf":[],"yoast_head":"<!-- This site is optimized with the Yoast SEO plugin v20.9 - https:\/\/yoast.com\/wordpress\/plugins\/seo\/ -->\n<title>A melhor ferramenta para reparar arquivos de v\u00eddeo danificados<\/title>\n<meta name=\"robots\" content=\"index, follow, max-snippet:-1, max-image-preview:large, max-video-preview:-1\" \/>\n<link rel=\"canonical\" href=\"https:\/\/howto.ping.fm\/pt\/top-tools-for-repairing-corrupted-video-files\/\" \/>\n<meta property=\"og:locale\" content=\"pt_PT\" \/>\n<meta property=\"og:type\" content=\"article\" \/>\n<meta property=\"og:title\" content=\"A melhor ferramenta para reparar arquivos de v\u00eddeo danificados\" \/>\n<meta property=\"og:description\" content=\"Principais Ferramentas para Reparar Arquivos de V\u00eddeo Corrompidos Se voc\u00ea j\u00e1 lidou com a frustra\u00e7\u00e3o de um arquivo de v\u00eddeo corrompido, voc\u00ea sabe como pode ser assustador tentar salvar essas imagens preciosas. Seja uma mem\u00f3ria pessoal, um projeto de trabalho importante ou um momento crucial capturado na c\u00e2mera, a perda pode parecer insuper\u00e1vel. Felizmente, existem [&hellip;]\" \/>\n<meta property=\"og:url\" content=\"https:\/\/howto.ping.fm\/pt\/top-tools-for-repairing-corrupted-video-files\/\" \/>\n<meta property=\"og:site_name\" content=\"Como Fazer &amp; Melhor Software\" \/>\n<meta property=\"article:modified_time\" content=\"2024-07-19T09:06:29+00:00\" \/>\n<meta property=\"og:image\" content=\"https:\/\/www.ping.fm\/howto\/wp-content\/uploads\/2024\/07\/Top-Tools-for-Repairing-Corrupted-Video-Files-35.jpg\" \/>\n\t<meta property=\"og:image:width\" content=\"1280\" \/>\n\t<meta property=\"og:image:height\" content=\"731\" \/>\n\t<meta property=\"og:image:type\" content=\"image\/jpeg\" \/>\n<meta name=\"twitter:card\" content=\"summary_large_image\" \/>\n<meta name=\"twitter:label1\" content=\"Est. reading time\" \/>\n\t<meta name=\"twitter:data1\" content=\"4 minutos\" \/>\n<script type=\"application\/ld+json\" class=\"yoast-schema-graph\">{\"@context\":\"https:\/\/schema.org\",\"@graph\":[{\"@type\":\"WebPage\",\"@id\":\"https:\/\/howto.ping.fm\/pt\/top-tools-for-repairing-corrupted-video-files\/\",\"url\":\"https:\/\/howto.ping.fm\/pt\/top-tools-for-repairing-corrupted-video-files\/\",\"name\":\"A melhor ferramenta para reparar arquivos de v\u00eddeo danificados\",\"isPartOf\":{\"@id\":\"https:\/\/howto.ping.fm\/pt\/#website\"},\"datePublished\":\"2024-07-11T00:00:00+00:00\",\"dateModified\":\"2024-07-19T09:06:29+00:00\",\"breadcrumb\":{\"@id\":\"https:\/\/howto.ping.fm\/pt\/top-tools-for-repairing-corrupted-video-files\/#breadcrumb\"},\"inLanguage\":\"pt-PT\",\"potentialAction\":[{\"@type\":\"ReadAction\",\"target\":[\"https:\/\/howto.ping.fm\/pt\/top-tools-for-repairing-corrupted-video-files\/\"]}]},{\"@type\":\"BreadcrumbList\",\"@id\":\"https:\/\/howto.ping.fm\/pt\/top-tools-for-repairing-corrupted-video-files\/#breadcrumb\",\"itemListElement\":[{\"@type\":\"ListItem\",\"position\":1,\"name\":\"Home\",\"item\":\"https:\/\/www.ping.fm\/howto\/pt\/\"},{\"@type\":\"ListItem\",\"position\":2,\"name\":\"A melhor ferramenta para reparar arquivos de v\u00eddeo danificados\"}]},{\"@type\":\"WebSite\",\"@id\":\"https:\/\/howto.ping.fm\/pt\/#website\",\"url\":\"https:\/\/howto.ping.fm\/pt\/\",\"name\":\"Como Fazer & Melhor Software\",\"description\":\"\",\"potentialAction\":[{\"@type\":\"SearchAction\",\"target\":{\"@type\":\"EntryPoint\",\"urlTemplate\":\"https:\/\/howto.ping.fm\/pt\/?s={search_term_string}\"},\"query-input\":\"required name=search_term_string\"}],\"inLanguage\":\"pt-PT\"}]}<\/script>\n<!-- \/ Yoast SEO plugin. -->","yoast_head_json":{"title":"A melhor ferramenta para reparar arquivos de v\u00eddeo danificados","robots":{"index":"index","follow":"follow","max-snippet":"max-snippet:-1","max-image-preview":"max-image-preview:large","max-video-preview":"max-video-preview:-1"},"canonical":"https:\/\/howto.ping.fm\/pt\/top-tools-for-repairing-corrupted-video-files\/","og_locale":"pt_PT","og_type":"article","og_title":"A melhor ferramenta para reparar arquivos de v\u00eddeo danificados","og_description":"Principais Ferramentas para Reparar Arquivos de V\u00eddeo Corrompidos Se voc\u00ea j\u00e1 lidou com a frustra\u00e7\u00e3o de um arquivo de v\u00eddeo corrompido, voc\u00ea sabe como pode ser assustador tentar salvar essas imagens preciosas. Seja uma mem\u00f3ria pessoal, um projeto de trabalho importante ou um momento crucial capturado na c\u00e2mera, a perda pode parecer insuper\u00e1vel. Felizmente, existem [&hellip;]","og_url":"https:\/\/howto.ping.fm\/pt\/top-tools-for-repairing-corrupted-video-files\/","og_site_name":"Como Fazer & Melhor Software","article_modified_time":"2024-07-19T09:06:29+00:00","og_image":[{"width":1280,"height":731,"url":"https:\/\/www.ping.fm\/howto\/wp-content\/uploads\/2024\/07\/Top-Tools-for-Repairing-Corrupted-Video-Files-35.jpg","type":"image\/jpeg"}],"twitter_card":"summary_large_image","twitter_misc":{"Est. reading time":"4 minutos"},"schema":{"@context":"https:\/\/schema.org","@graph":[{"@type":"WebPage","@id":"https:\/\/howto.ping.fm\/pt\/top-tools-for-repairing-corrupted-video-files\/","url":"https:\/\/howto.ping.fm\/pt\/top-tools-for-repairing-corrupted-video-files\/","name":"A melhor ferramenta para reparar arquivos de v\u00eddeo danificados","isPartOf":{"@id":"https:\/\/howto.ping.fm\/pt\/#website"},"datePublished":"2024-07-11T00:00:00+00:00","dateModified":"2024-07-19T09:06:29+00:00","breadcrumb":{"@id":"https:\/\/howto.ping.fm\/pt\/top-tools-for-repairing-corrupted-video-files\/#breadcrumb"},"inLanguage":"pt-PT","potentialAction":[{"@type":"ReadAction","target":["https:\/\/howto.ping.fm\/pt\/top-tools-for-repairing-corrupted-video-files\/"]}]},{"@type":"BreadcrumbList","@id":"https:\/\/howto.ping.fm\/pt\/top-tools-for-repairing-corrupted-video-files\/#breadcrumb","itemListElement":[{"@type":"ListItem","position":1,"name":"Home","item":"https:\/\/www.ping.fm\/howto\/pt\/"},{"@type":"ListItem","position":2,"name":"A melhor ferramenta para reparar arquivos de v\u00eddeo danificados"}]},{"@type":"WebSite","@id":"https:\/\/howto.ping.fm\/pt\/#website","url":"https:\/\/howto.ping.fm\/pt\/","name":"Como Fazer & Melhor Software","description":"","potentialAction":[{"@type":"SearchAction","target":{"@type":"EntryPoint","urlTemplate":"https:\/\/howto.ping.fm\/pt\/?s={search_term_string}"},"query-input":"required name=search_term_string"}],"inLanguage":"pt-PT"}]}},"_links":{"self":[{"href":"https:\/\/howto.ping.fm\/pt\/wp-json\/wp\/v2\/pages\/24110"}],"collection":[{"href":"https:\/\/howto.ping.fm\/pt\/wp-json\/wp\/v2\/pages"}],"about":[{"href":"https:\/\/howto.ping.fm\/pt\/wp-json\/wp\/v2\/types\/page"}],"replies":[{"embeddable":true,"href":"https:\/\/howto.ping.fm\/pt\/wp-json\/wp\/v2\/comments?post=24110"}],"version-history":[{"count":0,"href":"https:\/\/howto.ping.fm\/pt\/wp-json\/wp\/v2\/pages\/24110\/revisions"}],"wp:featuredmedia":[{"embeddable":true,"href":"https:\/\/howto.ping.fm\/pt\/wp-json\/wp\/v2\/media\/24111"}],"wp:attachment":[{"href":"https:\/\/howto.ping.fm\/pt\/wp-json\/wp\/v2\/media?parent=24110"}],"curies":[{"name":"wp","href":"https:\/\/api.w.org\/{rel}","templated":true}]}}