{"id":17951,"date":"2024-02-04T09:40:58","date_gmt":"2024-02-04T09:40:58","guid":{"rendered":"https:\/\/www.ping.fm\/howto\/microsoft-azure-for-small-business\/"},"modified":"2024-03-04T10:05:36","modified_gmt":"2024-03-04T10:05:36","slug":"microsoft-azure-for-small-business","status":"publish","type":"page","link":"https:\/\/howto.ping.fm\/pt\/microsoft-azure-for-small-business\/","title":{"rendered":"Microsoft Azure para Pequenas Empresas: Top 5 Vantagens"},"content":{"rendered":"<section>\n<h1>Microsoft Azure para Pequenas Empresas: Os 5 Principais Benef\u00edcios<\/h1>\n<div class=\"inbrief\">\n<div>             <img src=\"https:\/\/www.ping.fm\/howto\/wp-content\/uploads\/ai\/Microsoft-Azure-for-Small-Business-Top-5-Benefits-Portuguese.jpg\" alt=\"Microsoft Azure para Pequenas Empresas: Os 5 Principais Benef\u00edcios\" title=\"Microsoft Azure para Pequenas Empresas: Os 5 Principais Benef\u00edcios\" width=\"1280\" height=\"720\">             <\/p>\n<p>Explorar solu\u00e7\u00f5es digitais para pequenas empresas muitas vezes leva aos servi\u00e7os de nuvem, e uma pot\u00eancia dentro desse dom\u00ednio \u00e9 o <a href='https:\/\/azure.microsoft.com\/' rel=\"nofollow noopener\" target='_blank'>Microsoft Azure<\/a>. Com uma grande variedade de ofertas projetadas para atender necessidades diversas, o Azure se apresenta como uma op\u00e7\u00e3o vers\u00e1til para empresas que procuram escalar, proteger e otimizar suas opera\u00e7\u00f5es.<\/p>\n<\/div>\n<\/div>\n<\/section>\n<section>\n<div class=\"medal\">\n<div>&#129351;<\/div>\n<\/div>\n<h2><a href='https:\/\/azure.microsoft.com\/en-us\/services\/security-center\/' rel=\"nofollow noopener\" target='_blank'>Centro de Seguran\u00e7a do Azure<\/a><\/h2>\n<p>O Centro de Seguran\u00e7a do Microsoft Azure \u00e9 um sistema de <b>gerenciamento de seguran\u00e7a unificado<\/b> que refor\u00e7a a postura de seguran\u00e7a dos seus data centers e fornece prote\u00e7\u00e3o avan\u00e7ada contra amea\u00e7as para as suas cargas de trabalho h\u00edbridas na nuvem &#8211; estejam elas no Azure ou n\u00e3o &#8211; assim como em ambientes locais.<\/p>\n<p><a href='https:\/\/azure.microsoft.com\/en-us\/services\/security-center\/' rel=\"nofollow noopener\" target='_blank' class='ofWSite'>Site Oficial<\/a><\/p>\n<h3 class='prosTitle'>Pr\u00f3s<\/h3>\n<ul class='listpc pros'>\n<li>Capacidades avan\u00e7adas de detec\u00e7\u00e3o de amea\u00e7as e resposta<\/li>\n<li>Avalia\u00e7\u00e3o cont\u00ednua de seguran\u00e7a e recomenda\u00e7\u00f5es<\/li>\n<\/ul>\n<h3 class='consTitle'>Contras<\/h3>\n<ul class='listpc cons'>\n<li>Pode ser complexo para configurar para iniciantes<\/li>\n<li>Pode ser custoso para cargas de trabalho menores<\/li>\n<\/ul>\n<\/section>\n<section>\n<div class=\"medal\">\n<div>&#129352;<\/div>\n<\/div>\n<h2><a href='https:\/\/azure.microsoft.com\/en-us\/services\/storage\/' rel=\"nofollow noopener\" target='_blank'>Armazenamento do Azure<\/a><\/h2>\n<p>Para pequenas empresas que procuram solu\u00e7\u00f5es de armazenamento seguras e escal\u00e1veis, o <b>Azure Storage<\/b> oferece uma gama de servi\u00e7os de armazenamento em nuvem incluindo blobs, arquivos, filas e tabelas, que s\u00e3o projetados para garantir alta disponibilidade e durabilidade para os seus dados.<\/p>\n<p><a href='https:\/\/azure.microsoft.com\/en-us\/services\/storage\/' rel=\"nofollow noopener\" target='_blank' class='ofWSite'>Site Oficial<\/a><\/p>\n<h3 class='prosTitle'>Pr\u00f3s<\/h3>\n<ul class='listpc pros'>\n<li>Op\u00e7\u00f5es de armazenamento escal\u00e1veis e dur\u00e1veis<\/li>\n<li>Modelo de pre\u00e7os pague pelo que utilizar<\/li>\n<\/ul>\n<h3 class='consTitle'>Contras<\/h3>\n<ul class='listpc cons'>\n<li>Pode requerer taxas adicionais de transfer\u00eancia de dados<\/li>\n<li>Curva de aprendizado para utiliza\u00e7\u00e3o \u00f3tima<\/li>\n<\/ul>\n<\/section>\n<section>\n<div class=\"medal\">\n<div>&#129353;<\/div>\n<\/div>\n<h2><a href='https:\/\/azure.microsoft.com\/en-us\/support\/plans\/' rel=\"nofollow noopener\" target='_blank'>Planos de Suporte do Azure<\/a><\/h2>\n<p>Os <b>planos de suporte<\/b> do Azure variam desde ofertas b\u00e1sicas para pequenas empresas at\u00e9 op\u00e7\u00f5es mais abrangentes para grandes empresas. Esses planos garantem que as empresas tenham acesso \u00e0 ajuda de que precisam ao enfrentar v\u00e1rios desafios relacionados \u00e0 nuvem.<\/p>\n<p><a href='https:\/\/azure.microsoft.com\/en-us\/support\/plans\/' rel=\"nofollow noopener\" target='_blank' class='ofWSite'>Site Oficial<\/a><\/p>\n<h3 class='prosTitle'>Pr\u00f3s<\/h3>\n<ul class='listpc pros'>\n<li>V\u00e1rios planos adaptados a diferentes necessidades<\/li>\n<li>Acesso a expertise e resolu\u00e7\u00e3o de problemas<\/li>\n<\/ul>\n<h3 class='consTitle'>Contras<\/h3>\n<ul class='listpc cons'>\n<li>Planos de n\u00edvel superior podem ser caros para pequenas empresas<\/li>\n<li>O plano b\u00e1sico pode n\u00e3o cobrir todos os cen\u00e1rios<\/li>\n<\/ul>\n<\/section>\n<section>\n<div class=\"no-medal\">\n<div>4<\/div>\n<\/div>\n<h2><a href='https:\/\/azure.microsoft.com\/en-us\/services\/monitor\/' rel=\"nofollow noopener\" target='_blank'>Azure Monitor<\/a><\/h2>\n<p>Para manter a confiabilidade e o desempenho, o <b>Azure Monitor<\/b> ajuda pequenas empresas a coletar, analisar e agir sobre dados de telemetria de seus ambientes na nuvem e locais. Isso permite que as empresas maximizem o desempenho e a disponibilidade de suas aplica\u00e7\u00f5es.<\/p>\n<p><a href='https:\/\/azure.microsoft.com\/en-us\/services\/monitor\/' rel=\"nofollow noopener\" target='_blank' class='ofWSite'>Site Oficial<\/a><\/p>\n<h3 class='prosTitle'>Pr\u00f3s<\/h3>\n<ul class='listpc pros'>\n<li>Fornece insights profundos sobre aplica\u00e7\u00f5es e infraestrutura<\/li>\n<li>Ajuda na detec\u00e7\u00e3o proativa de problemas e na solu\u00e7\u00e3o de problemas<\/li>\n<\/ul>\n<h3 class='consTitle'>Contras<\/h3>\n<ul class='listpc cons'>\n<li>Complexidade na configura\u00e7\u00e3o e personaliza\u00e7\u00e3o de alertas<\/li>\n<li>A ingest\u00e3o e armazenamento de dados pode se tornar caro<\/li>\n<\/ul>\n<\/section>\n<section>\n<div class=\"no-medal\">\n<div>5<\/div>\n<\/div>\n<h2><a href='https:\/\/azure.microsoft.com\/en-us\/services\/cost-management\/' rel=\"nofollow noopener\" target='_blank'>Azure Cost Management<\/a><\/h2>\n<p>Com o <b>Azure Cost Management<\/b>, pequenas empresas ganham visibilidade sobre seus gastos na nuvem e podem tomar decis\u00f5es informadas sobre a otimiza\u00e7\u00e3o de suas despesas na nuvem. Esta ferramenta ajuda no rastreamento do uso de recursos e na gest\u00e3o eficaz de custos.<\/p>\n<p><a href='https:\/\/azure.microsoft.com\/en-us\/services\/cost-management\/' rel=\"nofollow noopener\" target='_blank' class='ofWSite'>Site Oficial<\/a><\/p>\n<h3 class='prosTitle'>Pr\u00f3s<\/h3>\n<ul class='listpc pros'>\n<li>Visibilidade financeira e ferramentas de or\u00e7amento<\/li>\n<li>Ajuda a otimizar os gastos na nuvem<\/li>\n<\/ul>\n<h3 class='consTitle'>Contras<\/h3>\n<ul class='listpc cons'>\n<li>Pode ter uma curva de aprendizagem para a compreens\u00e3o completa<\/li>\n<li>Limitado aos recursos da Azure e parceiros<\/li>\n<\/ul>\n<\/section>\n<section>\n<h2>Conclus\u00e3o:<\/h2>\n<div class=\"nonp\">\n<p>\u00c0 medida que as empresas se movem cada vez mais em dire\u00e7\u00e3o aos servi\u00e7os em nuvem, entender o cen\u00e1rio dos <b>provedores de nuvem<\/b> \u00e9 essencial. Plataformas al\u00e9m da Azure, como <a href='https:\/\/aws.amazon.com\/' rel=\"nofollow noopener\" target='_blank'>Amazon Web Services (AWS)<\/a> e <a href='https:\/\/cloud.google.com\/' rel=\"nofollow noopener\" target='_blank'>Google Cloud Platform (GCP)<\/a>, tamb\u00e9m oferecem uma variedade de solu\u00e7\u00f5es com seus pr\u00f3prios conjuntos de caracter\u00edsticas e estruturas de pre\u00e7os. Buscar conselhos de empresas de consultoria de nuvem pode ajudar na navega\u00e7\u00e3o dessas op\u00e7\u00f5es. Al\u00e9m disso, participar de comunidades e f\u00f3runs de nuvem, como <a href='https:\/\/serverfault.com\/' rel=\"nofollow noopener\" target='_blank'>Server Fault<\/a> e <a href='https:\/\/www.stackoverflow.com\/' rel=\"nofollow noopener\" target='_blank'>Stack Overflow<\/a>, \u00e9 uma maneira comprovada de reunir conselhos e insights em tempo real de profissionais da \u00e1rea.<\/p>\n<\/div>\n<\/section>\n","protected":false},"excerpt":{"rendered":"<p>Microsoft Azure para Pequenas Empresas: Os 5 Principais Benef\u00edcios Explorar solu\u00e7\u00f5es digitais para pequenas empresas muitas vezes leva aos servi\u00e7os de nuvem, e uma pot\u00eancia dentro desse dom\u00ednio \u00e9 o Microsoft Azure. Com uma grande variedade de ofertas projetadas para atender necessidades diversas, o Azure se apresenta como uma op\u00e7\u00e3o vers\u00e1til para empresas que procuram [&hellip;]<\/p>\n","protected":false},"author":2,"featured_media":19728,"parent":0,"menu_order":0,"comment_status":"closed","ping_status":"closed","template":"chromecast.php","meta":{"_stopmodifiedupdate":false,"_modified_date":"","_lmt_disableupdate":"yes","_lmt_disable":""},"acf":[],"yoast_head":"<!-- This site is optimized with the Yoast SEO plugin v20.9 - https:\/\/yoast.com\/wordpress\/plugins\/seo\/ -->\n<title>Microsoft Azure para Pequenas Empresas: Top 5 Benef\u00edcios<\/title>\n<meta name=\"robots\" content=\"index, follow, max-snippet:-1, max-image-preview:large, max-video-preview:-1\" \/>\n<link rel=\"canonical\" href=\"https:\/\/howto.ping.fm\/pt\/microsoft-azure-for-small-business\/\" \/>\n<meta property=\"og:locale\" content=\"pt_PT\" \/>\n<meta property=\"og:type\" content=\"article\" \/>\n<meta property=\"og:title\" content=\"Microsoft Azure para Pequenas Empresas: Top 5 Benef\u00edcios\" \/>\n<meta property=\"og:description\" content=\"Microsoft Azure para Pequenas Empresas: Os 5 Principais Benef\u00edcios Explorar solu\u00e7\u00f5es digitais para pequenas empresas muitas vezes leva aos servi\u00e7os de nuvem, e uma pot\u00eancia dentro desse dom\u00ednio \u00e9 o Microsoft Azure. Com uma grande variedade de ofertas projetadas para atender necessidades diversas, o Azure se apresenta como uma op\u00e7\u00e3o vers\u00e1til para empresas que procuram [&hellip;]\" \/>\n<meta property=\"og:url\" content=\"https:\/\/howto.ping.fm\/pt\/microsoft-azure-for-small-business\/\" \/>\n<meta property=\"og:site_name\" content=\"Como Fazer &amp; Melhor Software\" \/>\n<meta property=\"article:modified_time\" content=\"2024-03-04T10:05:36+00:00\" \/>\n<meta property=\"og:image\" content=\"https:\/\/www.ping.fm\/howto\/wp-content\/uploads\/2024\/04\/Microsoft-Azure-for-Small-Business-Top-5-Benefits-Portuguese.jpg\" \/>\n\t<meta property=\"og:image:width\" content=\"1280\" \/>\n\t<meta property=\"og:image:height\" content=\"731\" \/>\n\t<meta property=\"og:image:type\" content=\"image\/jpeg\" \/>\n<meta name=\"twitter:card\" content=\"summary_large_image\" \/>\n<meta name=\"twitter:label1\" content=\"Est. reading time\" \/>\n\t<meta name=\"twitter:data1\" content=\"3 minutos\" \/>\n<script type=\"application\/ld+json\" class=\"yoast-schema-graph\">{\"@context\":\"https:\/\/schema.org\",\"@graph\":[{\"@type\":\"WebPage\",\"@id\":\"https:\/\/howto.ping.fm\/pt\/microsoft-azure-for-small-business\/\",\"url\":\"https:\/\/howto.ping.fm\/pt\/microsoft-azure-for-small-business\/\",\"name\":\"Microsoft Azure para Pequenas Empresas: Top 5 Benef\u00edcios\",\"isPartOf\":{\"@id\":\"https:\/\/howto.ping.fm\/pt\/#website\"},\"datePublished\":\"2024-02-04T09:40:58+00:00\",\"dateModified\":\"2024-03-04T10:05:36+00:00\",\"breadcrumb\":{\"@id\":\"https:\/\/howto.ping.fm\/pt\/microsoft-azure-for-small-business\/#breadcrumb\"},\"inLanguage\":\"pt-PT\",\"potentialAction\":[{\"@type\":\"ReadAction\",\"target\":[\"https:\/\/howto.ping.fm\/pt\/microsoft-azure-for-small-business\/\"]}]},{\"@type\":\"BreadcrumbList\",\"@id\":\"https:\/\/howto.ping.fm\/pt\/microsoft-azure-for-small-business\/#breadcrumb\",\"itemListElement\":[{\"@type\":\"ListItem\",\"position\":1,\"name\":\"Home\",\"item\":\"https:\/\/www.ping.fm\/howto\/pt\/\"},{\"@type\":\"ListItem\",\"position\":2,\"name\":\"Microsoft Azure para Pequenas Empresas: Top 5 Vantagens\"}]},{\"@type\":\"WebSite\",\"@id\":\"https:\/\/howto.ping.fm\/pt\/#website\",\"url\":\"https:\/\/howto.ping.fm\/pt\/\",\"name\":\"Como Fazer & Melhor Software\",\"description\":\"\",\"potentialAction\":[{\"@type\":\"SearchAction\",\"target\":{\"@type\":\"EntryPoint\",\"urlTemplate\":\"https:\/\/howto.ping.fm\/pt\/?s={search_term_string}\"},\"query-input\":\"required name=search_term_string\"}],\"inLanguage\":\"pt-PT\"}]}<\/script>\n<!-- \/ Yoast SEO plugin. -->","yoast_head_json":{"title":"Microsoft Azure para Pequenas Empresas: Top 5 Benef\u00edcios","robots":{"index":"index","follow":"follow","max-snippet":"max-snippet:-1","max-image-preview":"max-image-preview:large","max-video-preview":"max-video-preview:-1"},"canonical":"https:\/\/howto.ping.fm\/pt\/microsoft-azure-for-small-business\/","og_locale":"pt_PT","og_type":"article","og_title":"Microsoft Azure para Pequenas Empresas: Top 5 Benef\u00edcios","og_description":"Microsoft Azure para Pequenas Empresas: Os 5 Principais Benef\u00edcios Explorar solu\u00e7\u00f5es digitais para pequenas empresas muitas vezes leva aos servi\u00e7os de nuvem, e uma pot\u00eancia dentro desse dom\u00ednio \u00e9 o Microsoft Azure. Com uma grande variedade de ofertas projetadas para atender necessidades diversas, o Azure se apresenta como uma op\u00e7\u00e3o vers\u00e1til para empresas que procuram [&hellip;]","og_url":"https:\/\/howto.ping.fm\/pt\/microsoft-azure-for-small-business\/","og_site_name":"Como Fazer & Melhor Software","article_modified_time":"2024-03-04T10:05:36+00:00","og_image":[{"width":1280,"height":731,"url":"https:\/\/www.ping.fm\/howto\/wp-content\/uploads\/2024\/04\/Microsoft-Azure-for-Small-Business-Top-5-Benefits-Portuguese.jpg","type":"image\/jpeg"}],"twitter_card":"summary_large_image","twitter_misc":{"Est. reading time":"3 minutos"},"schema":{"@context":"https:\/\/schema.org","@graph":[{"@type":"WebPage","@id":"https:\/\/howto.ping.fm\/pt\/microsoft-azure-for-small-business\/","url":"https:\/\/howto.ping.fm\/pt\/microsoft-azure-for-small-business\/","name":"Microsoft Azure para Pequenas Empresas: Top 5 Benef\u00edcios","isPartOf":{"@id":"https:\/\/howto.ping.fm\/pt\/#website"},"datePublished":"2024-02-04T09:40:58+00:00","dateModified":"2024-03-04T10:05:36+00:00","breadcrumb":{"@id":"https:\/\/howto.ping.fm\/pt\/microsoft-azure-for-small-business\/#breadcrumb"},"inLanguage":"pt-PT","potentialAction":[{"@type":"ReadAction","target":["https:\/\/howto.ping.fm\/pt\/microsoft-azure-for-small-business\/"]}]},{"@type":"BreadcrumbList","@id":"https:\/\/howto.ping.fm\/pt\/microsoft-azure-for-small-business\/#breadcrumb","itemListElement":[{"@type":"ListItem","position":1,"name":"Home","item":"https:\/\/www.ping.fm\/howto\/pt\/"},{"@type":"ListItem","position":2,"name":"Microsoft Azure para Pequenas Empresas: Top 5 Vantagens"}]},{"@type":"WebSite","@id":"https:\/\/howto.ping.fm\/pt\/#website","url":"https:\/\/howto.ping.fm\/pt\/","name":"Como Fazer & Melhor Software","description":"","potentialAction":[{"@type":"SearchAction","target":{"@type":"EntryPoint","urlTemplate":"https:\/\/howto.ping.fm\/pt\/?s={search_term_string}"},"query-input":"required name=search_term_string"}],"inLanguage":"pt-PT"}]}},"_links":{"self":[{"href":"https:\/\/howto.ping.fm\/pt\/wp-json\/wp\/v2\/pages\/17951"}],"collection":[{"href":"https:\/\/howto.ping.fm\/pt\/wp-json\/wp\/v2\/pages"}],"about":[{"href":"https:\/\/howto.ping.fm\/pt\/wp-json\/wp\/v2\/types\/page"}],"author":[{"embeddable":true,"href":"https:\/\/howto.ping.fm\/pt\/wp-json\/wp\/v2\/users\/2"}],"replies":[{"embeddable":true,"href":"https:\/\/howto.ping.fm\/pt\/wp-json\/wp\/v2\/comments?post=17951"}],"version-history":[{"count":1,"href":"https:\/\/howto.ping.fm\/pt\/wp-json\/wp\/v2\/pages\/17951\/revisions"}],"predecessor-version":[{"id":19727,"href":"https:\/\/howto.ping.fm\/pt\/wp-json\/wp\/v2\/pages\/17951\/revisions\/19727"}],"wp:featuredmedia":[{"embeddable":true,"href":"https:\/\/howto.ping.fm\/pt\/wp-json\/wp\/v2\/media\/19728"}],"wp:attachment":[{"href":"https:\/\/howto.ping.fm\/pt\/wp-json\/wp\/v2\/media?parent=17951"}],"curies":[{"name":"wp","href":"https:\/\/api.w.org\/{rel}","templated":true}]}}