{"id":17819,"date":"2024-01-22T15:38:05","date_gmt":"2024-01-22T15:38:05","guid":{"rendered":"https:\/\/www.ping.fm\/howto\/hipaa-compliant-video-platforms\/"},"modified":"2024-03-04T09:41:07","modified_gmt":"2024-03-04T09:41:07","slug":"hipaa-compliant-video-platforms","status":"publish","type":"page","link":"https:\/\/howto.ping.fm\/pt\/hipaa-compliant-video-platforms\/","title":{"rendered":"Melhores Plataformas de V\u00eddeo Conformes \u00e0 HIPAA"},"content":{"rendered":"<section>\n<h1>Melhores Plataformas de V\u00eddeo Compat\u00edveis com HIPAA<\/h1>\n<div class=\"inbrief\">\n<div>&#13;             <img decoding=\"async\" decoding=\"async\" class=\"lazyload\"  srcset=\"data:image\/png;base64,iVBORw0KGgoAAAANSUhEUgAABLAAAAKkAQMAAAAqeFQ7AAAAA3NCSVQICAjb4U\/gAAAABlBMVEX\/\/\/\/\/\/\/9VfPVsAAAAAnRSTlMA\/1uRIrUAAAAJcEhZcwAACxIAAAsSAdLdfvwAAAAcdEVYdFNvZnR3YXJlAEFkb2JlIEZpcmV3b3JrcyBDUzbovLKMAAAAFnRFWHRDcmVhdGlvbiBUaW1lADAxLzI5LzE536V52wAAAHpJREFUeJztwQENAAAAwqD3T20ON6AAAAAAAAAAAAAAAAAAAAAAAAAAAAAAAAAAAAAAAAAAAAAAAAAAAAAAAAAAAAAAAAAAAAAAAAAAAAAAAAAAAAAAAAAAAAAAAAAAAAAAAAAAAAAAAAAAAAAAAAAAAAAAAAAAAIAHA47LAAHp9LjEAAAAAElFTkSuQmCC\" src=\"https:\/\/www.ping.fm\/howto\/wp-content\/uploads\/ai\/Best-HIPAA-Compliant-Video-Platforms-Portuguese.jpg\" data-srcset=\"https:\/\/www.ping.fm\/howto\/wp-content\/uploads\/ai\/Best-HIPAA-Compliant-Video-Platforms-Portuguese.jpg\" data-lazy-type=\"image\" data-original=\"https:\/\/www.ping.fm\/howto\/wp-content\/uploads\/ai\/Best-HIPAA-Compliant-Video-Platforms-Portuguese.jpg\" alt=\"Melhores Plataformas de V\u00eddeo Compat\u00edveis com HIPAA\" title=\"Melhores Plataformas de V\u00eddeo Compat\u00edveis com HIPAA\" width=\"1280\" height=\"720\">&#13;             <\/p>\n<p>Como profissional da sa\u00fade, confiei na videoconfer\u00eancia para consultas, reuni\u00f5es de equipe e sess\u00f5es de telemedicina, especialmente durante a pandemia. Implementar ferramentas que estejam em conformidade com a Lei de Portabilidade e Responsabilidade de Seguro Sa\u00fade (HIPAA) tem sido minha maior prioridade para garantir a confidencialidade do paciente e a troca segura de dados. Neste artigo, compartilharei meus insights sobre 5 <b>melhores solu\u00e7\u00f5es de videoconfer\u00eancia compat\u00edveis com HIPAA<\/b> com as quais tive experi\u00eancia, incluindo seus pontos fortes e fracos. Al\u00e9m disso, abordarei brevemente a import\u00e2ncia do uso de <b>assinaturas eletr\u00f4nicas HIPAA<\/b>.<\/p>\n<\/div>\n<\/div>\n<\/section>\n<p>&#13;             <\/p>\n<section>\n<div class=\"medal\">\n<div>&#129351;<\/div>\n<\/div>\n<h2><a href=\"https:\/\/www.zoom.us\/healthcare\" rel=\"nofollow external noopener noreferrer\" target=\"_blank\" data-wpel-link=\"external\">Zoom para Sa\u00fade<\/a><\/h2>\n<p>O Zoom para Sa\u00fade \u00e9 uma escolha popular dentro da comunidade m\u00e9dica gra\u00e7as \u00e0 sua interface intuitiva e medidas robustas de seguran\u00e7a. Esta plataforma tem sido um recurso confi\u00e1vel para compromissos de telemedicina e reuni\u00f5es entre departamentos, garantindo conformidade com os padr\u00f5es da <b>HIPAA<\/b>.<\/p>\n<p><a href=\"https:\/\/www.zoom.us\/healthcare\" rel=\"nofollow external noopener noreferrer\" target=\"_blank\" class=\"ofWSite\" data-wpel-link=\"external\">Website Oficial<\/a><\/p>\n<h3 class='prosTitle'>Pr\u00f3s<\/h3>\n<ul class='listpc pros'>\n<li>A interface amig\u00e1vel melhora a experi\u00eancia do cuidado virtual<\/li>\n<li>Oferece criptografia de ponta a ponta confi\u00e1vel para comunica\u00e7\u00f5es seguras<\/li>\n<\/ul>\n<h3 class='consTitle'>Contras<\/h3>\n<ul class='listpc cons'>\n<li>Caro em compara\u00e7\u00e3o com outras op\u00e7\u00f5es compat\u00edveis com HIPAA<\/li>\n<li>Em casos raros, problemas de conectividade podem interromper reuni\u00f5es<\/li>\n<\/ul>\n<\/section>\n<p>&#13;             <\/p>\n<section>\n<div class=\"medal\">\n<div>&#129352;<\/div>\n<\/div>\n<h2><a href=\"https:\/\/www.vsee.com\/\" rel=\"nofollow external noopener noreferrer\" target=\"_blank\" data-wpel-link=\"external\">VSee<\/a><\/h2>\n<p>O VSee fornece uma plataforma de telemedicina projetada especificamente para profissionais da sa\u00fade. Sua capacidade de integrar com diversos dispositivos m\u00e9dicos e registros eletr\u00f4nicos de sa\u00fade (EHRs) o destaca entre outras <b>solu\u00e7\u00f5es de videoconfer\u00eancia<\/b>.<\/p>\n<p><a href=\"https:\/\/www.vsee.com\/\" rel=\"nofollow external noopener noreferrer\" target=\"_blank\" class=\"ofWSite\" data-wpel-link=\"external\">Website Oficial<\/a><\/p>\n<h3 class='prosTitle'>Pr\u00f3s<\/h3>\n<ul class='listpc pros'>\n<li>Personaliz\u00e1vel para uma ampla gama de servi\u00e7os de sa\u00fade<\/li>\n<li>Inclui a op\u00e7\u00e3o de salas de espera virtuais<\/li>\n<\/ul>\n<h3 class='consTitle'>Contras<\/h3>\n<ul class='listpc cons'>\n<li>Pode exigir uma curva de aprendizado para novos usu\u00e1rios<\/li>\n<li>Ferramentas de marketing limitadas em compara\u00e7\u00e3o com concorrentes<\/li>\n<\/ul>\n<\/section>\n<p>&#13;             <\/p>\n<section>\n<div class=\"medal\">\n<div>&#129353;<\/div>\n<\/div>\n<h2><a href=\"https:\/\/www.gotomeeting.com\/en-ae\/solutions\/telehealth\" rel=\"nofollow external noopener noreferrer\" target=\"_blank\" data-wpel-link=\"external\">GoToMeeting<\/a><\/h2>\n<p>O GoToMeeting tem sido um elemento b\u00e1sico para muitas organiza\u00e7\u00f5es de sa\u00fade devido \u00e0 sua facilidade de uso e rela\u00e7\u00e3o custo-benef\u00edcio. Suas caracter\u00edsticas <b>compat\u00edveis com HIPAA<\/b> tornam as consultas virtuais f\u00e1ceis de realizar, mantendo a privacidade e a seguran\u00e7a.<\/p>\n<p><a href=\"https:\/\/www.gotomeeting.com\/en-ae\/solutions\/telehealth\" rel=\"nofollow external noopener noreferrer\" target=\"_blank\" class=\"ofWSite\" data-wpel-link=\"external\">Website Oficial<\/a><\/p>\n<h3 class='prosTitle'>Pr\u00f3s<\/h3>\n<ul class='listpc pros'>\n<li>Configura\u00e7\u00e3o simples e integra\u00e7\u00e3o com fluxos de trabalho di\u00e1rios<\/li>\n<li>Pre\u00e7os competitivos para or\u00e7amentos da \u00e1rea de sa\u00fade<\/li>\n<\/ul>\n<h3 class='consTitle'>Contras<\/h3>\n<ul class='listpc cons'>\n<li>Poderia se beneficiar de recursos mais avan\u00e7ados<\/li>\n<li>A qualidade do v\u00eddeo pode variar com base na conex\u00e3o com a internet<\/li>\n<\/ul>\n<\/section>\n<section>\n<div class=\"no-medal\">\n<div>4<\/div>\n<\/div>\n<h2><a href=\"https:\/\/www.webex.com\/solutions\/healthcare.html\" rel=\"nofollow external noopener noreferrer\" target=\"_blank\" data-wpel-link=\"external\">Cisco Webex para Sa\u00fade<\/a><\/h2>\n<p>O Cisco Webex para Sa\u00fade \u00e9 respaldado pela renomada infraestrutura de seguran\u00e7a da Cisco, tornando-o uma op\u00e7\u00e3o de <b>videoconfer\u00eancia<\/b> confi\u00e1vel para profissionais m\u00e9dicos. Ele d\u00e1 suporte a diversos fluxos de trabalho na \u00e1rea da sa\u00fade enquanto garante que as Informa\u00e7\u00f5es de Sa\u00fade Protegidas (PHI) permane\u00e7am seguras.<\/p>\n<p><a href=\"https:\/\/www.webex.com\/solutions\/healthcare.html\" rel=\"nofollow external noopener noreferrer\" target=\"_blank\" class=\"ofWSite\" data-wpel-link=\"external\">Site Oficial<\/a><\/p>\n<h3 class='prosTitle'>Vantagens<\/h3>\n<ul class='listpc pros'>\n<li>Seguran\u00e7a robusta com um nome de confian\u00e7a na tecnologia<\/li>\n<li>Integra\u00e7\u00e3o com dispositivos m\u00e9dicos para compartilhamento de dados em tempo real<\/li>\n<\/ul>\n<h3 class='consTitle'>Desvantagens<\/h3>\n<ul class='listpc cons'>\n<li>Custo mais alto devido a recursos de n\u00edvel empresarial<\/li>\n<li>Pode ser excessivamente complexo para pr\u00e1ticas menores<\/li>\n<\/ul>\n<\/section>\n<section>\n<div class=\"no-medal\">\n<div>5<\/div>\n<\/div>\n<h2><a href=\"https:\/\/doxy.me\/\" rel=\"nofollow external noopener noreferrer\" target=\"_blank\" data-wpel-link=\"external\">Doxy.me<\/a><\/h2>\n<p><b>Doxy.me<\/b> \u00e9 uma plataforma de telemedicina conhecida por seu design simplista e acessibilidade. Sendo baseada na web, elimina a necessidade do paciente de baixar softwares, tornando visitas virtuais descomplicadas e em conformidade com a <b>HIPAA<\/b>.<\/p>\n<p><a href=\"https:\/\/doxy.me\/\" rel=\"nofollow external noopener noreferrer\" target=\"_blank\" class=\"ofWSite\" data-wpel-link=\"external\">Site Oficial<\/a><\/p>\n<h3 class='prosTitle'>Vantagens<\/h3>\n<ul class='listpc pros'>\n<li>N\u00e3o \u00e9 necess\u00e1rio instalar software para os pacientes<\/li>\n<li>Vers\u00e3o gratuita dispon\u00edvel com recursos b\u00e1sicos<\/li>\n<\/ul>\n<h3 class='consTitle'>Desvantagens<\/h3>\n<ul class='listpc cons'>\n<li>Funcionalidades limitadas na vers\u00e3o gratuita<\/li>\n<li>Recursos premium requerem uma assinatura<\/li>\n<\/ul>\n<\/section>\n<p>&#13;             <\/p>\n<section>\n<h2>Conclus\u00e3o:<\/h2>\n<div class=\"nonp\">\n<p>&#13; Em resumo, este artigo apresenta uma vis\u00e3o abrangente das principais plataformas de videoconfer\u00eancia compat\u00edveis com a HIPAA, cada uma oferecendo caracter\u00edsticas e benef\u00edcios \u00fanicos voltados para o setor de sa\u00fade. Desde a interface amig\u00e1vel do Zoom para Sa\u00fade at\u00e9 a acessibilidade do Doxy.me, estas plataformas atendem a uma variedade de necessidades e or\u00e7amentos, enfatizando a import\u00e2ncia de uma comunica\u00e7\u00e3o segura e eficiente com os pacientes. Escolher a ferramenta certa requer um equil\u00edbrio entre fatores como facilidade de uso, capacidade de integra\u00e7\u00e3o e custo, sempre aderindo aos padr\u00f5es HIPAA. A plataforma de v\u00eddeo correta n\u00e3o apenas garante conformidade, mas tamb\u00e9m aprimora a qualidade do cuidado e agiliza a comunica\u00e7\u00e3o na \u00e1rea da sa\u00fade.<\/p>\n<p>Por fim, quero falar sobre a intersec\u00e7\u00e3o entre tecnologia e conformidade, particularmente o papel das solu\u00e7\u00f5es de <a href=\"https:\/\/blog.pdfliner.com\/hipaa-electronic-signature-software-guide\" rel=\"dofollow external noopener noreferrer\" target=\"_blank\" data-wpel-link=\"external\"><b>assinatura eletr\u00f4nica HIPAA<\/b><\/a>. Garantir a integridade e autenticidade dos formul\u00e1rios de consentimento dos pacientes, prescri\u00e7\u00f5es e outros documentos m\u00e9dicos \u00e9 t\u00e3o cr\u00edtico no espa\u00e7o virtual quanto \u00e9 pessoalmente. Aqui as assinaturas eletr\u00f4nicas se tornam um diferencial. Elas permitem documenta\u00e7\u00e3o segura, verific\u00e1vel e eficiente, economizando tempo e recursos tanto para os prestadores de sa\u00fade como para os pacientes.<\/p>\n<p>Antes de introduzir uma solu\u00e7\u00e3o de <b>assinatura eletr\u00f4nica<\/b> em sua pr\u00e1tica, \u00e9 essencial avaliar seus padr\u00f5es de conformidade com a HIPAA, garantindo que ela incorpore salvaguardas adequadas para proteger as PHI. Al\u00e9m disso, considere como essas solu\u00e7\u00f5es podem se integrar aos seus sistemas atuais para otimizar todo o processo de atendimento ao paciente.<\/p>\n<p>Em \u00faltima an\u00e1lise, a integra\u00e7\u00e3o dessas tecnologias promete n\u00e3o apenas maior seguran\u00e7a e conformidade, mas tamb\u00e9m um avan\u00e7o nos padr\u00f5es de atendimento ao paciente. \u00c0 medida que a \u00e1rea da sa\u00fade continua evoluindo, tamb\u00e9m evoluir\u00e3o as ferramentas que utilizamos, cada uma delas promovendo o objetivo de oferecer servi\u00e7os de sa\u00fade excepcionais para aqueles que precisam.<\/p>\n<\/div>\n<\/section>\n","protected":false},"excerpt":{"rendered":"<p>Melhores Plataformas de V\u00eddeo Compat\u00edveis com HIPAA &#13; &#13; Como profissional da sa\u00fade, confiei na videoconfer\u00eancia para consultas, reuni\u00f5es de equipe e sess\u00f5es de telemedicina, especialmente durante a pandemia. Implementar ferramentas que estejam em conformidade com a Lei de Portabilidade e Responsabilidade de Seguro Sa\u00fade (HIPAA) tem sido minha maior prioridade para garantir a confidencialidade [&hellip;]<\/p>\n","protected":false},"author":2,"featured_media":19716,"parent":0,"menu_order":0,"comment_status":"closed","ping_status":"closed","template":"chromecast.php","meta":{"_stopmodifiedupdate":false,"_modified_date":"","_lmt_disableupdate":"yes","_lmt_disable":""},"acf":[],"yoast_head":"<!-- This site is optimized with the Yoast SEO plugin v20.9 - https:\/\/yoast.com\/wordpress\/plugins\/seo\/ -->\n<title>Melhores Plataformas de Videoconfer\u00eancia Compat\u00edveis com HIPAA<\/title>\n<meta name=\"robots\" content=\"index, follow, max-snippet:-1, max-image-preview:large, max-video-preview:-1\" \/>\n<link rel=\"canonical\" href=\"https:\/\/howto.ping.fm\/pt\/hipaa-compliant-video-platforms\/\" \/>\n<meta property=\"og:locale\" content=\"pt_PT\" \/>\n<meta property=\"og:type\" content=\"article\" \/>\n<meta property=\"og:title\" content=\"Melhores Plataformas de Videoconfer\u00eancia Compat\u00edveis com HIPAA\" \/>\n<meta property=\"og:description\" content=\"Melhores Plataformas de V\u00eddeo Compat\u00edveis com HIPAA &#013; &#013; Como profissional da sa\u00fade, confiei na videoconfer\u00eancia para consultas, reuni\u00f5es de equipe e sess\u00f5es de telemedicina, especialmente durante a pandemia. Implementar ferramentas que estejam em conformidade com a Lei de Portabilidade e Responsabilidade de Seguro Sa\u00fade (HIPAA) tem sido minha maior prioridade para garantir a confidencialidade [&hellip;]\" \/>\n<meta property=\"og:url\" content=\"https:\/\/howto.ping.fm\/pt\/hipaa-compliant-video-platforms\/\" \/>\n<meta property=\"og:site_name\" content=\"Como Fazer &amp; Melhor Software\" \/>\n<meta property=\"article:modified_time\" content=\"2024-03-04T09:41:07+00:00\" \/>\n<meta property=\"og:image\" content=\"https:\/\/www.ping.fm\/howto\/wp-content\/uploads\/2024\/04\/Best-HIPAA-Compliant-Video-Platforms-Portuguese.jpg\" \/>\n\t<meta property=\"og:image:width\" content=\"1280\" \/>\n\t<meta property=\"og:image:height\" content=\"731\" \/>\n\t<meta property=\"og:image:type\" content=\"image\/jpeg\" \/>\n<meta name=\"twitter:card\" content=\"summary_large_image\" \/>\n<meta name=\"twitter:label1\" content=\"Est. reading time\" \/>\n\t<meta name=\"twitter:data1\" content=\"4 minutos\" \/>\n<script type=\"application\/ld+json\" class=\"yoast-schema-graph\">{\"@context\":\"https:\/\/schema.org\",\"@graph\":[{\"@type\":\"WebPage\",\"@id\":\"https:\/\/howto.ping.fm\/pt\/hipaa-compliant-video-platforms\/\",\"url\":\"https:\/\/howto.ping.fm\/pt\/hipaa-compliant-video-platforms\/\",\"name\":\"Melhores Plataformas de Videoconfer\u00eancia Compat\u00edveis com HIPAA\",\"isPartOf\":{\"@id\":\"https:\/\/howto.ping.fm\/pt\/#website\"},\"datePublished\":\"2024-01-22T15:38:05+00:00\",\"dateModified\":\"2024-03-04T09:41:07+00:00\",\"breadcrumb\":{\"@id\":\"https:\/\/howto.ping.fm\/pt\/hipaa-compliant-video-platforms\/#breadcrumb\"},\"inLanguage\":\"pt-PT\",\"potentialAction\":[{\"@type\":\"ReadAction\",\"target\":[\"https:\/\/howto.ping.fm\/pt\/hipaa-compliant-video-platforms\/\"]}]},{\"@type\":\"BreadcrumbList\",\"@id\":\"https:\/\/howto.ping.fm\/pt\/hipaa-compliant-video-platforms\/#breadcrumb\",\"itemListElement\":[{\"@type\":\"ListItem\",\"position\":1,\"name\":\"Home\",\"item\":\"https:\/\/www.ping.fm\/howto\/pt\/\"},{\"@type\":\"ListItem\",\"position\":2,\"name\":\"Melhores Plataformas de V\u00eddeo Conformes \u00e0 HIPAA\"}]},{\"@type\":\"WebSite\",\"@id\":\"https:\/\/howto.ping.fm\/pt\/#website\",\"url\":\"https:\/\/howto.ping.fm\/pt\/\",\"name\":\"Como Fazer & Melhor Software\",\"description\":\"\",\"potentialAction\":[{\"@type\":\"SearchAction\",\"target\":{\"@type\":\"EntryPoint\",\"urlTemplate\":\"https:\/\/howto.ping.fm\/pt\/?s={search_term_string}\"},\"query-input\":\"required name=search_term_string\"}],\"inLanguage\":\"pt-PT\"}]}<\/script>\n<!-- \/ Yoast SEO plugin. -->","yoast_head_json":{"title":"Melhores Plataformas de Videoconfer\u00eancia Compat\u00edveis com HIPAA","robots":{"index":"index","follow":"follow","max-snippet":"max-snippet:-1","max-image-preview":"max-image-preview:large","max-video-preview":"max-video-preview:-1"},"canonical":"https:\/\/howto.ping.fm\/pt\/hipaa-compliant-video-platforms\/","og_locale":"pt_PT","og_type":"article","og_title":"Melhores Plataformas de Videoconfer\u00eancia Compat\u00edveis com HIPAA","og_description":"Melhores Plataformas de V\u00eddeo Compat\u00edveis com HIPAA &#13; &#13; Como profissional da sa\u00fade, confiei na videoconfer\u00eancia para consultas, reuni\u00f5es de equipe e sess\u00f5es de telemedicina, especialmente durante a pandemia. Implementar ferramentas que estejam em conformidade com a Lei de Portabilidade e Responsabilidade de Seguro Sa\u00fade (HIPAA) tem sido minha maior prioridade para garantir a confidencialidade [&hellip;]","og_url":"https:\/\/howto.ping.fm\/pt\/hipaa-compliant-video-platforms\/","og_site_name":"Como Fazer & Melhor Software","article_modified_time":"2024-03-04T09:41:07+00:00","og_image":[{"width":1280,"height":731,"url":"https:\/\/www.ping.fm\/howto\/wp-content\/uploads\/2024\/04\/Best-HIPAA-Compliant-Video-Platforms-Portuguese.jpg","type":"image\/jpeg"}],"twitter_card":"summary_large_image","twitter_misc":{"Est. reading time":"4 minutos"},"schema":{"@context":"https:\/\/schema.org","@graph":[{"@type":"WebPage","@id":"https:\/\/howto.ping.fm\/pt\/hipaa-compliant-video-platforms\/","url":"https:\/\/howto.ping.fm\/pt\/hipaa-compliant-video-platforms\/","name":"Melhores Plataformas de Videoconfer\u00eancia Compat\u00edveis com HIPAA","isPartOf":{"@id":"https:\/\/howto.ping.fm\/pt\/#website"},"datePublished":"2024-01-22T15:38:05+00:00","dateModified":"2024-03-04T09:41:07+00:00","breadcrumb":{"@id":"https:\/\/howto.ping.fm\/pt\/hipaa-compliant-video-platforms\/#breadcrumb"},"inLanguage":"pt-PT","potentialAction":[{"@type":"ReadAction","target":["https:\/\/howto.ping.fm\/pt\/hipaa-compliant-video-platforms\/"]}]},{"@type":"BreadcrumbList","@id":"https:\/\/howto.ping.fm\/pt\/hipaa-compliant-video-platforms\/#breadcrumb","itemListElement":[{"@type":"ListItem","position":1,"name":"Home","item":"https:\/\/www.ping.fm\/howto\/pt\/"},{"@type":"ListItem","position":2,"name":"Melhores Plataformas de V\u00eddeo Conformes \u00e0 HIPAA"}]},{"@type":"WebSite","@id":"https:\/\/howto.ping.fm\/pt\/#website","url":"https:\/\/howto.ping.fm\/pt\/","name":"Como Fazer & Melhor Software","description":"","potentialAction":[{"@type":"SearchAction","target":{"@type":"EntryPoint","urlTemplate":"https:\/\/howto.ping.fm\/pt\/?s={search_term_string}"},"query-input":"required name=search_term_string"}],"inLanguage":"pt-PT"}]}},"_links":{"self":[{"href":"https:\/\/howto.ping.fm\/pt\/wp-json\/wp\/v2\/pages\/17819"}],"collection":[{"href":"https:\/\/howto.ping.fm\/pt\/wp-json\/wp\/v2\/pages"}],"about":[{"href":"https:\/\/howto.ping.fm\/pt\/wp-json\/wp\/v2\/types\/page"}],"author":[{"embeddable":true,"href":"https:\/\/howto.ping.fm\/pt\/wp-json\/wp\/v2\/users\/2"}],"replies":[{"embeddable":true,"href":"https:\/\/howto.ping.fm\/pt\/wp-json\/wp\/v2\/comments?post=17819"}],"version-history":[{"count":1,"href":"https:\/\/howto.ping.fm\/pt\/wp-json\/wp\/v2\/pages\/17819\/revisions"}],"predecessor-version":[{"id":19715,"href":"https:\/\/howto.ping.fm\/pt\/wp-json\/wp\/v2\/pages\/17819\/revisions\/19715"}],"wp:featuredmedia":[{"embeddable":true,"href":"https:\/\/howto.ping.fm\/pt\/wp-json\/wp\/v2\/media\/19716"}],"wp:attachment":[{"href":"https:\/\/howto.ping.fm\/pt\/wp-json\/wp\/v2\/media?parent=17819"}],"curies":[{"name":"wp","href":"https:\/\/api.w.org\/{rel}","templated":true}]}}