{"id":13799,"date":"2024-01-13T20:35:12","date_gmt":"2024-01-13T20:35:12","guid":{"rendered":"https:\/\/www.ping.fm\/howto\/best-wifi-analyzer-ios\/"},"modified":"2024-02-21T13:34:20","modified_gmt":"2024-02-21T13:34:20","slug":"best-wifi-analyzer-ios","status":"publish","type":"page","link":"https:\/\/howto.ping.fm\/pt\/best-wifi-analyzer-ios\/","title":{"rendered":"Melhores Analisadores de Wifi para iPhone em 2024"},"content":{"rendered":"<section>\n<h1>Melhores Analisadores de Wi-Fi para iPhone em 2024<\/h1>\n<div class=\"inbrief\">\n<div>             <img src=\"https:\/\/www.ping.fm\/howto\/wp-content\/uploads\/ai\/Best-Wifi-Analyzers-for-iPhone-in-2024-Portuguese.jpg\" alt=\"Melhores Analisadores de Wi-Fi para iPhone em 2024\" title=\"Melhores Analisadores de Wi-Fi para iPhone em 2024\" width=\"1280\" height=\"720\">             <\/p>\n<p>\u00c0 medida que passamos a depender cada vez mais de conex\u00f5es sem fio, o Wi-Fi se tornou algo mais do que apenas um meio de acessar a internet &#8211; \u00e9 parte integrante da nossa produtividade e entretenimento di\u00e1rios. \u00c9 a\u00ed que os aplicativos Analisadores de Wi-Fi para o iPhone entram em cena, oferecendo insights e ferramentas de gerenciamento para otimizar o desempenho da rede. Este artigo ir\u00e1 revisar os melhores analisadores de Wi-Fi dispon\u00edveis para usu\u00e1rios de iPhone em 2024:<\/p>\n<\/div>\n<\/div>\n<\/section>\n<section>\n<div class=\"medal\">\n<div>&#129351;<\/div>\n<\/div>\n<h2><a href='https:\/\/www.netspotapp.com\/netspot-ios.html' rel=\"nofollow noopener\" target='_blank'>NetSpot para iOS<\/a><\/h2>\n<p>O NetSpot para iOS se destaca como uma ferramenta de an\u00e1lise de Wi-Fi abrangente, permitindo que voc\u00ea escaneie e mapeie sua cobertura de rede com precis\u00e3o. Seu escopo extenso vai desde a descoberta b\u00e1sica da rede at\u00e9 a <b>an\u00e1lise avan\u00e7ada<\/b> da for\u00e7a do sinal em diferentes zonas do seu espa\u00e7o, incluindo pesquisas personalizadas para entender completamente a cobertura.<\/p>\n<p><a href='https:\/\/www.netspotapp.com\/netspot-ios.html' rel=\"nofollow noopener\" target='_blank' class='ofWSite'>Site Oficial<\/a><\/p>\n<h3 class='prosTitle'>Pr\u00f3s<\/h3>\n<ul class='listpc pros'>\n<li>Interface intuitiva do usu\u00e1rio<\/li>\n<li>Visualiza\u00e7\u00e3o de <b>dados em tempo real<\/b><\/li>\n<\/ul>\n<h3 class='consTitle'>Contras<\/h3>\n<ul class='listpc cons'>\n<li>Recursos limitados na vers\u00e3o gratuita<\/li>\n<li>Pode exigir algum conhecimento t\u00e9cnico para recursos avan\u00e7ados<\/li>\n<\/ul>\n<\/section>\n<section>\n<div class=\"medal\">\n<div>&#129352;<\/div>\n<\/div>\n<h2><a href='https:\/\/apps.apple.com\/app\/wifi-scanner-analyzer\/id1336785560' rel=\"nofollow noopener\" target='_blank'>WiFi Analyzer Master<\/a><\/h2>\n<p>O WiFi Analyzer Master \u00e9 uma ferramenta popular devido ao seu design amig\u00e1vel e conjunto rico de recursos. O aplicativo oferece um excelente equil\u00edbrio entre funcionalidade simples para usu\u00e1rios casuais e dados aprofundados para <b>profissionais de rede<\/b>.<\/p>\n<p><a href='https:\/\/apps.apple.com\/app\/wifi-scanner-analyzer\/id1336785560' rel=\"nofollow noopener\" target='_blank' class='ofWSite'>Site Oficial<\/a><\/p>\n<h3 class='prosTitle'>Pr\u00f3s<\/h3>\n<ul class='listpc pros'>\n<li>Interface f\u00e1cil de entender<\/li>\n<li>Representa\u00e7\u00e3o gr\u00e1fica dos canais de rede<\/li>\n<\/ul>\n<h3 class='consTitle'>Contras<\/h3>\n<ul class='listpc cons'>\n<li>An\u00fancios na vers\u00e3o gratuita podem ser intrusivos<\/li>\n<li>Op\u00e7\u00f5es limitadas de exporta\u00e7\u00e3o de dados<\/li>\n<\/ul>\n<\/section>\n<section>\n<div class=\"medal\">\n<div>&#129353;<\/div>\n<\/div>\n<h2><a href='https:\/\/apps.apple.com\/us\/app\/wifi-sweetspots\/id855457383' rel=\"nofollow noopener\" target='_blank'>Wi-Fi SweetSpots<\/a><\/h2>\n<p>O Wi-Fi SweetSpots \u00e9 uma excelente op\u00e7\u00e3o se a sua principal preocupa\u00e7\u00e3o \u00e9 descobrir o <b>posicionamento \u00f3timo<\/b> para o seu dispositivo em rela\u00e7\u00e3o ao seu ponto de acesso. Esta ferramenta \u00fatil mede a taxa de transfer\u00eancia de dados real em v\u00e1rios locais em tempo real, tornando-se perfeita para encontrar os &#8216;pontos ideais&#8217; na sua cobertura Wi-Fi.<\/p>\n<p><a href='https:\/\/apps.apple.com\/us\/app\/wifi-sweetspots\/id855457383' rel=\"nofollow noopener\" target='_blank' class='ofWSite'>Site Oficial<\/a><\/p>\n<h3 class='prosTitle'>Pr\u00f3s<\/h3>\n<ul class='listpc pros'>\n<li>Medi\u00e7\u00f5es de taxa de transfer\u00eancia em tempo real<\/li>\n<li>Design simples e limpo<\/li>\n<\/ul>\n<h3 class='consTitle'>Contras<\/h3>\n<ul class='listpc cons'>\n<li>Leituras com ru\u00eddo em alguns ambientes<\/li>\n<li>Falta de recursos <b>anal\u00edticos avan\u00e7ados<\/b><\/li>\n<\/ul>\n<\/section>\n<section>\n<div class=\"no-medal\">\n<div>4<\/div>\n<\/div>\n<h2><a href='https:\/\/www.fing.com\/products\/fing-app' rel=\"nofollow noopener\" target='_blank'>Fing &#8211; Network Scanner<\/a><\/h2>\n<p>O Fing &#8211; Network Scanner \u00e9 excelente na detec\u00e7\u00e3o e seguran\u00e7a de rede. Ele <b>escaneia rapidamente<\/b> sua rede, identificando todos os dispositivos conectados e poss\u00edveis brechas de seguran\u00e7a. Embora n\u00e3o seja um analisador de Wi-Fi tradicional, \u00e9 essencial para garantir que sua rede esteja segura.<\/p>\n<p><a href='https:\/\/www.fing.com\/products\/fing-app' rel=\"nofollow noopener\" target='_blank' class='ofWSite'>Site Oficial<\/a><\/p>\n<h3 class='prosTitle'>Pr\u00f3s<\/h3>\n<ul class='listpc pros'>\n<li>Reconhecimento extensivo de dispositivos<\/li>\n<li>Percep\u00e7\u00f5es de seguran\u00e7a amig\u00e1veis ao usu\u00e1rio<\/li>\n<\/ul>\n<h3 class='consTitle'>Contras<\/h3>\n<ul class='listpc cons'>\n<li>Foco principal em seguran\u00e7a, menos em an\u00e1lise de sinal<\/li>\n<li>Recursos premium requerem assinatura<\/li>\n<\/ul>\n<\/section>\n<section>\n<div class=\"no-medal\">\n<div>5<\/div>\n<\/div>\n<h2><a href='https:\/\/www.speedtest.net\/mobile' rel=\"nofollow noopener\" target='_blank'>Ookla Speedtest<\/a><\/h2>\n<p>O Ookla Speedtest \u00e9, sem d\u00favida, o aplicativo de teste de velocidade de internet mais conhecido, e vem com uma ferramenta de An\u00e1lise de Wi-Fi que pode ajudar a avaliar o desempenho da sua conex\u00e3o. Embora seja <b>simplificado em rela\u00e7\u00e3o \u00e0 an\u00e1lise<\/b>, oferece uma medi\u00e7\u00e3o r\u00e1pida e precisa das velocidades atuais do seu Wi-Fi.<\/p>\n<p><a href='https:\/\/www.speedtest.net\/mobile' rel=\"nofollow noopener\" target='_blank' class='ofWSite'>Site Oficial<\/a><\/p>\n<h3 class='prosTitle'>Pr\u00f3s<\/h3>\n<ul class='listpc pros'>\n<li>Teste de velocidade intuitivo e simples<\/li>\n<li>Rede global de servidores para testes precisos<\/li>\n<\/ul>\n<h3 class='consTitle'>Contras<\/h3>\n<ul class='listpc cons'>\n<li>Limitado a testes de velocidade e an\u00e1lise b\u00e1sica<\/li>\n<li>An\u00fancios podem prejudicar a experi\u00eancia<\/li>\n<\/ul>\n<\/section>\n<section>\n<h2>V\u00eddeo do Youtube para assistir<\/h2>\n<div class=\"nonp iframe\"><iframe width=\"420\" height=\"315\" src=\"\/\/www.youtube.com\/embed\/dT2yoyDuzdA\" frameborder=\"0\" allowfullscreen><\/iframe><\/div>\n<\/section>\n<section>\n<h2>Conclus\u00e3o:<\/h2>\n<div class=\"nonp\">\n<p>Ter as ferramentas certas faz uma grande diferen\u00e7a na gest\u00e3o da sua rede Wi-Fi, mas entender algumas dicas essenciais de otimiza\u00e7\u00e3o de Wi-Fi pode melhorar ainda mais a sua experi\u00eancia online. Por exemplo, colocar o seu roteador em um local central, longe de paredes e objetos met\u00e1licos, pode melhorar significativamente o alcance do sinal. Al\u00e9m disso, atualizar regularmente o firmware do seu roteador pode melhorar tanto o desempenho quanto a seguran\u00e7a.<\/p>\n<p>Outra dica menos conhecida \u00e9 personalizar as <b>configura\u00e7\u00f5es de canal<\/b> da sua rede Wi-Fi. A maioria dos roteadores est\u00e1 configurada para selecionar um canal automaticamente, mas usar um analisador de Wi-Fi para encontrar um canal menos congestionado pode reduzir a interfer\u00eancia e acelerar sua conex\u00e3o. Considere tamb\u00e9m a segrega\u00e7\u00e3o de dispositivos em diferentes bandas (2.4GHz e 5GHz) para evitar o excesso de dispositivos em uma \u00fanica banda.<\/p>\n<p>Ao procurar pelo <a href='https:\/\/apps.apple.com\/us\/app\/netspot-wifi-map-speed-test\/id1490247223' rel=\"dofollow noopener\" target='_blank'>Melhor Analisador de Wi-Fi para iPhone<\/a>, vale destacar que o NetSpot para iPhone na Appstore \u00e9 altamente considerado por seu conjunto abrangente de recursos. Enquanto isso, entender as capacidades dos seus dispositivos pode afetar como voc\u00ea usa o seu Wi-Fi: dispositivos mais novos podem suportar padr\u00f5es mais r\u00e1pidos, o que pode ser um incentivo para atualizar seu roteador para suportar estas velocidades.<\/p>\n<p>Por fim, lembre-se de que o Wi-Fi \u00e9 um meio compartilhado e outros eletr\u00f4nicos, como fornos de micro-ondas e telefones sem fio, podem afetar o desempenho. Vale a pena considerar os outros sinais em sua casa para obter o m\u00e1ximo da sua rede Wi-Fi. Incorporar as informa\u00e7\u00f5es obtidas dos analisadores de Wi-Fi, juntamente com essas dicas, garantir\u00e1 que voc\u00ea mantenha uma rede dom\u00e9stica robusta e eficiente.<\/p>\n<\/div>\n<\/section>\n","protected":false},"excerpt":{"rendered":"<p>Melhores Analisadores de Wi-Fi para iPhone em 2024 \u00c0 medida que passamos a depender cada vez mais de conex\u00f5es sem fio, o Wi-Fi se tornou algo mais do que apenas um meio de acessar a internet &#8211; \u00e9 parte integrante da nossa produtividade e entretenimento di\u00e1rios. \u00c9 a\u00ed que os aplicativos Analisadores de Wi-Fi para [&hellip;]<\/p>\n","protected":false},"author":2,"featured_media":19692,"parent":0,"menu_order":0,"comment_status":"closed","ping_status":"closed","template":"chromecast.php","meta":{"_stopmodifiedupdate":false,"_modified_date":"","_lmt_disableupdate":"yes","_lmt_disable":""},"acf":[],"yoast_head":"<!-- This site is optimized with the Yoast SEO plugin v20.9 - https:\/\/yoast.com\/wordpress\/plugins\/seo\/ -->\n<title>Melhores Analisadores de Wifi para iPhone (iOS) em 2024<\/title>\n<meta name=\"robots\" content=\"index, follow, max-snippet:-1, max-image-preview:large, max-video-preview:-1\" \/>\n<link rel=\"canonical\" href=\"https:\/\/howto.ping.fm\/pt\/best-wifi-analyzer-ios\/\" \/>\n<meta property=\"og:locale\" content=\"pt_PT\" \/>\n<meta property=\"og:type\" content=\"article\" \/>\n<meta property=\"og:title\" content=\"Melhores Analisadores de Wifi para iPhone (iOS) em 2024\" \/>\n<meta property=\"og:description\" content=\"Melhores Analisadores de Wi-Fi para iPhone em 2024 \u00c0 medida que passamos a depender cada vez mais de conex\u00f5es sem fio, o Wi-Fi se tornou algo mais do que apenas um meio de acessar a internet &#8211; \u00e9 parte integrante da nossa produtividade e entretenimento di\u00e1rios. \u00c9 a\u00ed que os aplicativos Analisadores de Wi-Fi para [&hellip;]\" \/>\n<meta property=\"og:url\" content=\"https:\/\/howto.ping.fm\/pt\/best-wifi-analyzer-ios\/\" \/>\n<meta property=\"og:site_name\" content=\"Como Fazer &amp; Melhor Software\" \/>\n<meta property=\"article:modified_time\" content=\"2024-02-21T13:34:20+00:00\" \/>\n<meta property=\"og:image\" content=\"https:\/\/www.ping.fm\/howto\/wp-content\/uploads\/2024\/04\/Best-Wifi-Analyzers-for-iPhone-in-2024-Portuguese.jpg\" \/>\n\t<meta property=\"og:image:width\" content=\"1280\" \/>\n\t<meta property=\"og:image:height\" content=\"731\" \/>\n\t<meta property=\"og:image:type\" content=\"image\/jpeg\" \/>\n<meta name=\"twitter:card\" content=\"summary_large_image\" \/>\n<meta name=\"twitter:label1\" content=\"Est. reading time\" \/>\n\t<meta name=\"twitter:data1\" content=\"4 minutos\" \/>\n<script type=\"application\/ld+json\" class=\"yoast-schema-graph\">{\"@context\":\"https:\/\/schema.org\",\"@graph\":[{\"@type\":\"WebPage\",\"@id\":\"https:\/\/howto.ping.fm\/pt\/best-wifi-analyzer-ios\/\",\"url\":\"https:\/\/howto.ping.fm\/pt\/best-wifi-analyzer-ios\/\",\"name\":\"Melhores Analisadores de Wifi para iPhone (iOS) em 2024\",\"isPartOf\":{\"@id\":\"https:\/\/howto.ping.fm\/pt\/#website\"},\"datePublished\":\"2024-01-13T20:35:12+00:00\",\"dateModified\":\"2024-02-21T13:34:20+00:00\",\"breadcrumb\":{\"@id\":\"https:\/\/howto.ping.fm\/pt\/best-wifi-analyzer-ios\/#breadcrumb\"},\"inLanguage\":\"pt-PT\",\"potentialAction\":[{\"@type\":\"ReadAction\",\"target\":[\"https:\/\/howto.ping.fm\/pt\/best-wifi-analyzer-ios\/\"]}]},{\"@type\":\"BreadcrumbList\",\"@id\":\"https:\/\/howto.ping.fm\/pt\/best-wifi-analyzer-ios\/#breadcrumb\",\"itemListElement\":[{\"@type\":\"ListItem\",\"position\":1,\"name\":\"Home\",\"item\":\"https:\/\/www.ping.fm\/howto\/pt\/\"},{\"@type\":\"ListItem\",\"position\":2,\"name\":\"Melhores Analisadores de Wifi para iPhone em 2024\"}]},{\"@type\":\"WebSite\",\"@id\":\"https:\/\/howto.ping.fm\/pt\/#website\",\"url\":\"https:\/\/howto.ping.fm\/pt\/\",\"name\":\"Como Fazer & Melhor Software\",\"description\":\"\",\"potentialAction\":[{\"@type\":\"SearchAction\",\"target\":{\"@type\":\"EntryPoint\",\"urlTemplate\":\"https:\/\/howto.ping.fm\/pt\/?s={search_term_string}\"},\"query-input\":\"required name=search_term_string\"}],\"inLanguage\":\"pt-PT\"}]}<\/script>\n<!-- \/ Yoast SEO plugin. -->","yoast_head_json":{"title":"Melhores Analisadores de Wifi para iPhone (iOS) em 2024","robots":{"index":"index","follow":"follow","max-snippet":"max-snippet:-1","max-image-preview":"max-image-preview:large","max-video-preview":"max-video-preview:-1"},"canonical":"https:\/\/howto.ping.fm\/pt\/best-wifi-analyzer-ios\/","og_locale":"pt_PT","og_type":"article","og_title":"Melhores Analisadores de Wifi para iPhone (iOS) em 2024","og_description":"Melhores Analisadores de Wi-Fi para iPhone em 2024 \u00c0 medida que passamos a depender cada vez mais de conex\u00f5es sem fio, o Wi-Fi se tornou algo mais do que apenas um meio de acessar a internet &#8211; \u00e9 parte integrante da nossa produtividade e entretenimento di\u00e1rios. \u00c9 a\u00ed que os aplicativos Analisadores de Wi-Fi para [&hellip;]","og_url":"https:\/\/howto.ping.fm\/pt\/best-wifi-analyzer-ios\/","og_site_name":"Como Fazer & Melhor Software","article_modified_time":"2024-02-21T13:34:20+00:00","og_image":[{"width":1280,"height":731,"url":"https:\/\/www.ping.fm\/howto\/wp-content\/uploads\/2024\/04\/Best-Wifi-Analyzers-for-iPhone-in-2024-Portuguese.jpg","type":"image\/jpeg"}],"twitter_card":"summary_large_image","twitter_misc":{"Est. reading time":"4 minutos"},"schema":{"@context":"https:\/\/schema.org","@graph":[{"@type":"WebPage","@id":"https:\/\/howto.ping.fm\/pt\/best-wifi-analyzer-ios\/","url":"https:\/\/howto.ping.fm\/pt\/best-wifi-analyzer-ios\/","name":"Melhores Analisadores de Wifi para iPhone (iOS) em 2024","isPartOf":{"@id":"https:\/\/howto.ping.fm\/pt\/#website"},"datePublished":"2024-01-13T20:35:12+00:00","dateModified":"2024-02-21T13:34:20+00:00","breadcrumb":{"@id":"https:\/\/howto.ping.fm\/pt\/best-wifi-analyzer-ios\/#breadcrumb"},"inLanguage":"pt-PT","potentialAction":[{"@type":"ReadAction","target":["https:\/\/howto.ping.fm\/pt\/best-wifi-analyzer-ios\/"]}]},{"@type":"BreadcrumbList","@id":"https:\/\/howto.ping.fm\/pt\/best-wifi-analyzer-ios\/#breadcrumb","itemListElement":[{"@type":"ListItem","position":1,"name":"Home","item":"https:\/\/www.ping.fm\/howto\/pt\/"},{"@type":"ListItem","position":2,"name":"Melhores Analisadores de Wifi para iPhone em 2024"}]},{"@type":"WebSite","@id":"https:\/\/howto.ping.fm\/pt\/#website","url":"https:\/\/howto.ping.fm\/pt\/","name":"Como Fazer & Melhor Software","description":"","potentialAction":[{"@type":"SearchAction","target":{"@type":"EntryPoint","urlTemplate":"https:\/\/howto.ping.fm\/pt\/?s={search_term_string}"},"query-input":"required name=search_term_string"}],"inLanguage":"pt-PT"}]}},"_links":{"self":[{"href":"https:\/\/howto.ping.fm\/pt\/wp-json\/wp\/v2\/pages\/13799"}],"collection":[{"href":"https:\/\/howto.ping.fm\/pt\/wp-json\/wp\/v2\/pages"}],"about":[{"href":"https:\/\/howto.ping.fm\/pt\/wp-json\/wp\/v2\/types\/page"}],"author":[{"embeddable":true,"href":"https:\/\/howto.ping.fm\/pt\/wp-json\/wp\/v2\/users\/2"}],"replies":[{"embeddable":true,"href":"https:\/\/howto.ping.fm\/pt\/wp-json\/wp\/v2\/comments?post=13799"}],"version-history":[{"count":1,"href":"https:\/\/howto.ping.fm\/pt\/wp-json\/wp\/v2\/pages\/13799\/revisions"}],"predecessor-version":[{"id":19691,"href":"https:\/\/howto.ping.fm\/pt\/wp-json\/wp\/v2\/pages\/13799\/revisions\/19691"}],"wp:featuredmedia":[{"embeddable":true,"href":"https:\/\/howto.ping.fm\/pt\/wp-json\/wp\/v2\/media\/19692"}],"wp:attachment":[{"href":"https:\/\/howto.ping.fm\/pt\/wp-json\/wp\/v2\/media?parent=13799"}],"curies":[{"name":"wp","href":"https:\/\/api.w.org\/{rel}","templated":true}]}}