{"id":11614,"date":"2023-07-31T13:58:28","date_gmt":"2023-07-31T13:58:28","guid":{"rendered":"https:\/\/www.ping.fm\/data-recovery-software\/?page_id=11614"},"modified":"2024-01-05T16:30:02","modified_gmt":"2024-01-05T16:30:02","slug":"pt","status":"publish","type":"page","link":"https:\/\/howto.ping.fm\/pt\/","title":{"rendered":"\/pt"},"content":{"rendered":"<section class=\"banner howto\">\n<div class=\"banner--img\">\n<div class=\"banner--inner\">\n<h1>Avalia\u00e7\u00f5es de Software &#038; Tutoriais How-To Relacionados a Tecnologia<\/h1>\n<p>Desvende os segredos da tecnologia com o nosso guia abrangente sobre &#8216;Como Resolver Cen\u00e1rios de Tecnologia e An\u00e1lises de Software&#8217;. Se voc\u00ea \u00e9 um entusiasta de tecnologia, um profissional buscando aprimorar suas habilidades ou um iniciante ansioso para compreender o mundo da tecnologia, este guia \u00e9 o seu recurso \u00fanico. Mergulhe em explica\u00e7\u00f5es detalhadas, passo a passo, de diversos cen\u00e1rios tecnol\u00f3gicos, variando desde solu\u00e7\u00e3o de problemas b\u00e1sicos at\u00e9 configura\u00e7\u00f5es avan\u00e7adas de sistemas.<\/p>\n<p>Nossas an\u00e1lises e avalia\u00e7\u00f5es especializadas do mais recente software ajudar\u00e3o voc\u00ea a tomar decis\u00f5es informadas, garantindo que voc\u00ea escolha as ferramentas certas para suas necessidades.<\/p>\n<\/div>\n<\/div>\n<\/section>\n","protected":false},"excerpt":{"rendered":"<p>Avalia\u00e7\u00f5es de Software &#038; Tutoriais How-To Relacionados a Tecnologia Desvende os segredos da tecnologia com o nosso guia abrangente sobre &#8216;Como Resolver Cen\u00e1rios de Tecnologia e An\u00e1lises de Software&#8217;. Se voc\u00ea \u00e9 um entusiasta de tecnologia, um profissional buscando aprimorar suas habilidades ou um iniciante ansioso para compreender o mundo da tecnologia, este guia \u00e9 [&hellip;]<\/p>\n","protected":false},"author":2,"featured_media":12745,"parent":0,"menu_order":0,"comment_status":"closed","ping_status":"closed","template":"homepage.php","meta":{"_stopmodifiedupdate":false,"_modified_date":"","_lmt_disableupdate":"yes","_lmt_disable":""},"acf":[],"yoast_head":"<!-- This site is optimized with the Yoast SEO plugin v20.9 - https:\/\/yoast.com\/wordpress\/plugins\/seo\/ -->\n<title>\u00daltimas Avalia\u00e7\u00f5es de Software \/ Apps &amp; Tutoriais de Como Fazer em 2026.<\/title>\n<meta name=\"description\" content=\"Desbloqueie os segredos da tecnologia com nosso guia abrangente sobre &#039;Como Enfrentar Cen\u00e1rios Tecnol\u00f3gicos e Avalia\u00e7\u00f5es de Software&#039;. Se voc\u00ea \u00e9 um entusiasta da tecnologia, um profissional buscando aprimorar suas habilidades ou um iniciante ansioso para entender o mundo da tecnologia, este guia \u00e9 o seu recurso definitivo.\" \/>\n<meta name=\"robots\" content=\"index, follow, max-snippet:-1, max-image-preview:large, max-video-preview:-1\" \/>\n<link rel=\"canonical\" href=\"https:\/\/howto.ping.fm\/pt\/\" \/>\n<meta property=\"og:locale\" content=\"pt_PT\" \/>\n<meta property=\"og:type\" content=\"article\" \/>\n<meta property=\"og:title\" content=\"\u00daltimas Avalia\u00e7\u00f5es de Software \/ Apps &amp; Tutoriais de Como Fazer em 2026.\" \/>\n<meta property=\"og:description\" content=\"Desbloqueie os segredos da tecnologia com nosso guia abrangente sobre &#039;Como Enfrentar Cen\u00e1rios Tecnol\u00f3gicos e Avalia\u00e7\u00f5es de Software&#039;. Se voc\u00ea \u00e9 um entusiasta da tecnologia, um profissional buscando aprimorar suas habilidades ou um iniciante ansioso para entender o mundo da tecnologia, este guia \u00e9 o seu recurso definitivo.\" \/>\n<meta property=\"og:url\" content=\"https:\/\/howto.ping.fm\/pt\/\" \/>\n<meta property=\"og:site_name\" content=\"Como Fazer &amp; Melhor Software\" \/>\n<meta property=\"article:modified_time\" content=\"2024-01-05T16:30:02+00:00\" \/>\n<meta property=\"og:image\" content=\"https:\/\/www.ping.fm\/howto\/wp-content\/uploads\/2024\/01\/DALL\u00b7E_2024_01_05_09_54_29_A_simple_3D_character_holding_a_tech.png\" \/>\n\t<meta property=\"og:image:width\" content=\"1024\" \/>\n\t<meta property=\"og:image:height\" content=\"1024\" \/>\n\t<meta property=\"og:image:type\" content=\"image\/png\" \/>\n<meta name=\"twitter:card\" content=\"summary_large_image\" \/>\n<meta name=\"twitter:label1\" content=\"Est. reading time\" \/>\n\t<meta name=\"twitter:data1\" content=\"1 minuto\" \/>\n<script type=\"application\/ld+json\" class=\"yoast-schema-graph\">{\"@context\":\"https:\/\/schema.org\",\"@graph\":[{\"@type\":\"WebPage\",\"@id\":\"https:\/\/howto.ping.fm\/pt\/\",\"url\":\"https:\/\/howto.ping.fm\/pt\/\",\"name\":\"\u00daltimas Avalia\u00e7\u00f5es de Software \/ Apps & Tutoriais de Como Fazer em 2026.\",\"isPartOf\":{\"@id\":\"https:\/\/howto.ping.fm\/pt\/#website\"},\"datePublished\":\"2023-07-31T13:58:28+00:00\",\"dateModified\":\"2024-01-05T16:30:02+00:00\",\"description\":\"Desbloqueie os segredos da tecnologia com nosso guia abrangente sobre 'Como Enfrentar Cen\u00e1rios Tecnol\u00f3gicos e Avalia\u00e7\u00f5es de Software'. Se voc\u00ea \u00e9 um entusiasta da tecnologia, um profissional buscando aprimorar suas habilidades ou um iniciante ansioso para entender o mundo da tecnologia, este guia \u00e9 o seu recurso definitivo.\",\"breadcrumb\":{\"@id\":\"https:\/\/howto.ping.fm\/pt\/#breadcrumb\"},\"inLanguage\":\"pt-PT\",\"potentialAction\":[{\"@type\":\"ReadAction\",\"target\":[\"https:\/\/howto.ping.fm\/pt\/\"]}]},{\"@type\":\"BreadcrumbList\",\"@id\":\"https:\/\/howto.ping.fm\/pt\/#breadcrumb\",\"itemListElement\":[{\"@type\":\"ListItem\",\"position\":1,\"name\":\"Home\",\"item\":\"https:\/\/www.ping.fm\/howto\/pt\/\"},{\"@type\":\"ListItem\",\"position\":2,\"name\":\"\/pt\"}]},{\"@type\":\"WebSite\",\"@id\":\"https:\/\/howto.ping.fm\/pt\/#website\",\"url\":\"https:\/\/howto.ping.fm\/pt\/\",\"name\":\"Como Fazer & Melhor Software\",\"description\":\"\",\"potentialAction\":[{\"@type\":\"SearchAction\",\"target\":{\"@type\":\"EntryPoint\",\"urlTemplate\":\"https:\/\/howto.ping.fm\/pt\/?s={search_term_string}\"},\"query-input\":\"required name=search_term_string\"}],\"inLanguage\":\"pt-PT\"}]}<\/script>\n<!-- \/ Yoast SEO plugin. -->","yoast_head_json":{"title":"\u00daltimas Avalia\u00e7\u00f5es de Software \/ Apps & Tutoriais de Como Fazer em 2026.","description":"Desbloqueie os segredos da tecnologia com nosso guia abrangente sobre 'Como Enfrentar Cen\u00e1rios Tecnol\u00f3gicos e Avalia\u00e7\u00f5es de Software'. Se voc\u00ea \u00e9 um entusiasta da tecnologia, um profissional buscando aprimorar suas habilidades ou um iniciante ansioso para entender o mundo da tecnologia, este guia \u00e9 o seu recurso definitivo.","robots":{"index":"index","follow":"follow","max-snippet":"max-snippet:-1","max-image-preview":"max-image-preview:large","max-video-preview":"max-video-preview:-1"},"canonical":"https:\/\/howto.ping.fm\/pt\/","og_locale":"pt_PT","og_type":"article","og_title":"\u00daltimas Avalia\u00e7\u00f5es de Software \/ Apps & Tutoriais de Como Fazer em 2026.","og_description":"Desbloqueie os segredos da tecnologia com nosso guia abrangente sobre 'Como Enfrentar Cen\u00e1rios Tecnol\u00f3gicos e Avalia\u00e7\u00f5es de Software'. Se voc\u00ea \u00e9 um entusiasta da tecnologia, um profissional buscando aprimorar suas habilidades ou um iniciante ansioso para entender o mundo da tecnologia, este guia \u00e9 o seu recurso definitivo.","og_url":"https:\/\/howto.ping.fm\/pt\/","og_site_name":"Como Fazer & Melhor Software","article_modified_time":"2024-01-05T16:30:02+00:00","og_image":[{"width":1024,"height":1024,"url":"https:\/\/www.ping.fm\/howto\/wp-content\/uploads\/2024\/01\/DALL\u00b7E_2024_01_05_09_54_29_A_simple_3D_character_holding_a_tech.png","type":"image\/png"}],"twitter_card":"summary_large_image","twitter_misc":{"Est. reading time":"1 minuto"},"schema":{"@context":"https:\/\/schema.org","@graph":[{"@type":"WebPage","@id":"https:\/\/howto.ping.fm\/pt\/","url":"https:\/\/howto.ping.fm\/pt\/","name":"\u00daltimas Avalia\u00e7\u00f5es de Software \/ Apps & Tutoriais de Como Fazer em 2026.","isPartOf":{"@id":"https:\/\/howto.ping.fm\/pt\/#website"},"datePublished":"2023-07-31T13:58:28+00:00","dateModified":"2024-01-05T16:30:02+00:00","description":"Desbloqueie os segredos da tecnologia com nosso guia abrangente sobre 'Como Enfrentar Cen\u00e1rios Tecnol\u00f3gicos e Avalia\u00e7\u00f5es de Software'. Se voc\u00ea \u00e9 um entusiasta da tecnologia, um profissional buscando aprimorar suas habilidades ou um iniciante ansioso para entender o mundo da tecnologia, este guia \u00e9 o seu recurso definitivo.","breadcrumb":{"@id":"https:\/\/howto.ping.fm\/pt\/#breadcrumb"},"inLanguage":"pt-PT","potentialAction":[{"@type":"ReadAction","target":["https:\/\/howto.ping.fm\/pt\/"]}]},{"@type":"BreadcrumbList","@id":"https:\/\/howto.ping.fm\/pt\/#breadcrumb","itemListElement":[{"@type":"ListItem","position":1,"name":"Home","item":"https:\/\/www.ping.fm\/howto\/pt\/"},{"@type":"ListItem","position":2,"name":"\/pt"}]},{"@type":"WebSite","@id":"https:\/\/howto.ping.fm\/pt\/#website","url":"https:\/\/howto.ping.fm\/pt\/","name":"Como Fazer & Melhor Software","description":"","potentialAction":[{"@type":"SearchAction","target":{"@type":"EntryPoint","urlTemplate":"https:\/\/howto.ping.fm\/pt\/?s={search_term_string}"},"query-input":"required name=search_term_string"}],"inLanguage":"pt-PT"}]}},"_links":{"self":[{"href":"https:\/\/howto.ping.fm\/pt\/wp-json\/wp\/v2\/pages\/11614"}],"collection":[{"href":"https:\/\/howto.ping.fm\/pt\/wp-json\/wp\/v2\/pages"}],"about":[{"href":"https:\/\/howto.ping.fm\/pt\/wp-json\/wp\/v2\/types\/page"}],"author":[{"embeddable":true,"href":"https:\/\/howto.ping.fm\/pt\/wp-json\/wp\/v2\/users\/2"}],"replies":[{"embeddable":true,"href":"https:\/\/howto.ping.fm\/pt\/wp-json\/wp\/v2\/comments?post=11614"}],"version-history":[{"count":3,"href":"https:\/\/howto.ping.fm\/pt\/wp-json\/wp\/v2\/pages\/11614\/revisions"}],"predecessor-version":[{"id":12767,"href":"https:\/\/howto.ping.fm\/pt\/wp-json\/wp\/v2\/pages\/11614\/revisions\/12767"}],"wp:featuredmedia":[{"embeddable":true,"href":"https:\/\/howto.ping.fm\/pt\/wp-json\/wp\/v2\/media\/12745"}],"wp:attachment":[{"href":"https:\/\/howto.ping.fm\/pt\/wp-json\/wp\/v2\/media?parent=11614"}],"curies":[{"name":"wp","href":"https:\/\/api.w.org\/{rel}","templated":true}]}}