{"id":24575,"date":"2024-10-03T00:00:00","date_gmt":"2024-10-03T00:00:00","guid":{"rendered":"https:\/\/howto.ping.fm\/comprehensive-guide-to-video-repair\/"},"modified":"2024-10-07T09:43:28","modified_gmt":"2024-10-07T09:43:28","slug":"comprehensive-guide-to-video-repair","status":"publish","type":"page","link":"https:\/\/howto.ping.fm\/pl\/comprehensive-guide-to-video-repair\/","title":{"rendered":"Wideo: Kompleksowy przewodnik naprawczy"},"content":{"rendered":"<section>\n<h1>Kompleksowy Przewodnik Naprawy Wideo<\/h1>\n<div class=\"inbrief\">\n<div> <img src=\"https:\/\/www.ping.fm\/howto\/wp-content\/uploads\/ai\/Comprehensive-Guide-to-Video-Repair.jpg\" alt=\"Comprehensive Guide to Video Repair\" title=\"Comprehensive Guide to Video Repair\" width=\"1280\" height=\"720\"> <\/p>\n<p>Pliki wideo s\u0105 istotn\u0105 cz\u0119\u015bci\u0105 naszego cyfrowego \u017cycia, uchwycaj\u0105c niepowtarzalne chwile, cenne tutoriale i wa\u017cne wydarzenia. Jednak napotkanie uszkodzonego, zepsutego lub nieodtwarzalnego wideo mo\u017ce by\u0107 frustruj\u0105ce. Na szcz\u0119\u015bcie istniej\u0105 skuteczne rozwi\u0105zania naprawcze, kt\u00f3re przywracaj\u0105 ich funkcjonalno\u015b\u0107. Ten kompleksowy przewodnik przeprowadzi ci\u0119 przez r\u00f3\u017cne metody naprawy wideo za pomoc\u0105 r\u00f3\u017cnych narz\u0119dzi, w tym sprytnych internetowych narz\u0119dzi naprawy wideo, profesjonalnego oprogramowania i standardowych technik rozwi\u0105zywania problem\u00f3w.<\/p>\n<\/div>\n<\/div>\n<\/section>\n<section>\n<div>\n<div>1<\/div>\n<h2>Typowe Scenariusze:<\/h2>\n<\/div>\n<h3>&#8216;Wideo nie odtwarza si\u0119&#8217; z powodu problem\u00f3w z formatem &#128201;<\/h3>\n<ul>\n<li>Znalezienie swojego <b>pliku wideo<\/b> jako nieodtwarzalnego to cz\u0119sta sytuacja. Cz\u0119sto zdarza si\u0119 to, gdy <b>format wideo<\/b> nie jest obs\u0142ugiwany przez tw\u00f3j <b>odtwarzacz multimedialny<\/b>.<\/li>\n<li>Napotkanie komunikat\u00f3w takich jak <b>&#8217;nieobs\u0142ugiwany format pliku&#8217;<\/b> mo\u017ce by\u0107 do\u015b\u0107 frustruj\u0105ce.<\/li>\n<li>Aby to rozwi\u0105za\u0107, mo\u017ce by\u0107 konieczne <b>przekonwertowanie pliku wideo<\/b> na format zgodny z twoim odtwarzaczem multimedialnym lub naprawienie istniej\u0105cego formatu przy u\u017cyciu <b>wiarygodnego narz\u0119dzia do naprawy wideo<\/b>.<\/li>\n<\/ul>\n<h3>&#8216;Uszkodzony plik wideo&#8217; po odzyskaniu z kopii zapasowej &#128190;<\/h3>\n<ul>\n<li>Przywracanie <b>plik\u00f3w wideo<\/b> z kopii zapasowej czasami prowadzi do uszkodze\u0144.<\/li>\n<li>Mo\u017cesz sko\u0144czy\u0107 z <b>niekompletnymi<\/b> lub <b>uszkodzonymi plikami wideo<\/b> po odzyskaniu.<\/li>\n<li>W takim przypadku konieczne jest zastosowanie skutecznego <b>narz\u0119dzia do naprawy wideo<\/b>, kt\u00f3re poradzi sobie z uszkodzonymi plikami i przywr\u00f3ci je do stanu pierwotnego.<\/li>\n<\/ul>\n<h3>&#8216;Brak synchronizacji d\u017awi\u0119ku&#8217; z wideo &#127925;<\/h3>\n<ul>\n<li>Do\u015bwiadczenie <b>problem\u00f3w z synchronizacj\u0105 d\u017awi\u0119ku i wideo<\/b> mo\u017ce zrujnowa\u0107 ca\u0142\u0105 przyjemno\u015b\u0107 z ogl\u0105dania wideo.<\/li>\n<li>Problem ten mo\u017ce wynika\u0107 z wadliwego procesu kodowania lub drobnej korupcji w <b>plikach wideo<\/b>.<\/li>\n<li>Wykorzystanie specjalistycznego <b>oprogramowania do edycji wideo<\/b> lub dedykowanych <b>narz\u0119dzi do naprawy wideo<\/b> mo\u017ce pom\u00f3c w rozwi\u0105zaniu problemu synchronizacji.<\/li>\n<\/ul>\n<\/section>\n<section class=\"stepByStep\">\n<div>\n<div>2<\/div>\n<h2>Krok-po-Kroku: Przewodnik Naprawy Wideo:<\/h2>\n<\/div>\n<h3>Metoda 1: U\u017cycie Sprytnego Darmowego Internetowego Narz\u0119dzia Naprawy Wideo &#127760;<\/h3>\n<ul>\n<li>Pierwszym krokiem jest otwarcie strony <a href='https:\/\/repair.cleverfiles.com' rel=\"nofollow noopener\" target='_blank'><b>Sprytnego Darmowego Internetowego Narz\u0119dzia Naprawy Wideo<\/b><\/a>.<\/li>\n<li>Kliknij przycisk \u201ePrze\u015blij plik\u201d i wybierz uszkodzony <b>plik wideo<\/b> z komputera.<\/li>\n<li>Po przes\u0142aniu pliku, naci\u015bnij przycisk 'Napraw&#8217; w celu uruchomienia <b>procesu naprawy wideo<\/b>.<\/li>\n<li>Pobierz naprawiony plik po zako\u0144czeniu procesu i sprawd\u017a, czy wideo odtwarza si\u0119 poprawnie.<\/li>\n<\/ul>\n<p><b>Uwaga:<\/b> To narz\u0119dzie efektywnie naprawia wi\u0119kszo\u015b\u0107 powszechnych uszkodze\u0144 plik\u00f3w wideo.<\/p>\n<p><img src=\"https:\/\/www.ping.fm\/howto\/wp-content\/uploads\/ai\/Repair-Clever-Comprehensive-Guide-to-Video-Repair.jpg\" alt=\"Comprehensive Guide to Video Repair Screenshot\" width=\"1280\" height=\"720\"><\/p>\n<p><b>Podsumowanie:<\/b> U\u017cycie internetowego narz\u0119dzia do naprawy wideo to prosty i skuteczny spos\u00f3b na napraw\u0119 r\u00f3\u017cnych problem\u00f3w z wideo bez instalowania jakiegokolwiek oprogramowania.<\/p>\n<h3>Metoda 2: Naprawa Wideo Przy U\u017cyciu VLC Media Player &#127909;<\/h3>\n<ul>\n<li>Otw\u00f3rz <b>VLC Media Player<\/b> na swoim komputerze.<\/li>\n<li>Przejd\u017a do 'Media&#8217; i wybierz 'Konwertuj\/Zapisz&#8217; z menu rozwijanego.<\/li>\n<li>W oknie popup dodaj uszkodzony <b>plik wideo<\/b> i kliknij 'Konwertuj\/Zapisz&#8217;.<\/li>\n<li>Wybierz \u017c\u0105dany profil dla konwersji i ustaw folder docelowy dla pliku wyj\u015bciowego.<\/li>\n<li>Kliknij na 'Start&#8217;, aby rozpocz\u0105\u0107 <b>proces konwersji<\/b>. VLC spr\u00f3buje naprawi\u0107 wideo podczas konwersji.<\/li>\n<\/ul>\n<p><b>Uwaga:<\/b> VLC cz\u0119sto pomaga w naprawie drobnych uszkodze\u0144 podczas procesu konwersji.<\/p>\n<p><b>Podsumowanie:<\/b> VLC Media Player to nie tylko odtwarzacz, ale tak\u017ce solidne narz\u0119dzie do naprawy i konwersji plik\u00f3w wideo.<\/p>\n<h3>Metoda 3: U\u017cycie Profesjonalnego Oprogramowania: Wondershare Repairit &#128736;<\/h3>\n<ul>\n<li>Pobierz i zainstaluj <b>Wondershare Repairit<\/b> na swoim komputerze. Mo\u017cesz to znale\u017a\u0107 tutaj.<\/li>\n<li>Uruchom oprogramowanie i kliknij przycisk \u2018Dodaj\u2019, aby przes\u0142a\u0107 uszkodzony plik wideo.<\/li>\n<li>Kliknij przycisk 'Napraw&#8217;, aby rozpocz\u0105\u0107 <b>proces naprawy<\/b>.<\/li>\n<li>Po naprawie, przejrzyj wideo, aby upewni\u0107 si\u0119, \u017ce jest naprawione, a nast\u0119pnie zapisz je w preferowanej lokalizacji.<\/li>\n<\/ul>\n<p><b>Uwaga:<\/b> Profesjonalne narz\u0119dzia zwykle maj\u0105 zaawansowane funkcje do g\u0142\u0119bszej naprawy.<\/p>\n<p><b>Podsumowanie:<\/b> Wondershare Repairit to pot\u0119\u017cne narz\u0119dzie do naprawy powa\u017cnie uszkodzonych plik\u00f3w wideo, dzi\u0119ki zaawansowanym algorytmom.<\/p>\n<h3>Metoda 4: Naprawa za pomoc\u0105 HandBrake &#128295;<\/h3>\n<ul>\n<li>Pobierz i zainstaluj <b>HandBrake<\/b> z oficjalnej strony <a href='https:\/\/handbrake.fr\/' rel=\"nofollow noopener\" target='_blank'>tutaj<\/a>.<\/li>\n<li>Otw\u00f3rz HandBrake i za\u0142aduj uszkodzony plik wideo, klikaj\u0105c przycisk 'Source&#8217;.<\/li>\n<li>Wybierz folder docelowy i format wyj\u015bciowy, kt\u00f3ry odpowiada twoim wymaganiom.<\/li>\n<li>Kliknij na 'Start Encode&#8217;, aby rozpocz\u0105\u0107 proces. HandBrake ponownie zakoduje wideo, potencjalnie naprawiaj\u0105c drobne uszkodzenia.<\/li>\n<\/ul>\n<p><b>Uwaga:<\/b> HandBrake jest przede wszystkim konwerterem wideo, ale mo\u017ce naprawi\u0107 drobne problemy podczas ponownego kodowania.<\/p>\n<p><b>Podsumowanie:<\/b> HandBrake mo\u017ce by\u0107 u\u017cytecznym narz\u0119dziem do naprawy wideo poprzez ponowne zakodowanie ich w nowy format.<\/p>\n<h3>Metoda 5: Naprawa Problem\u00f3w z Synchronizacj\u0105 Audio-Wideo za pomoc\u0105 Avidemux &#128260;<\/h3>\n<ul>\n<li>Pobierz i zainstaluj <b>Avidemux<\/b> z oficjalnej strony tutaj.<\/li>\n<li>Otw\u00f3rz Avidemux i za\u0142aduj uszkodzony plik wideo.<\/li>\n<li>Przejd\u017a do 'Audio&#8217; i potem 'Shift&#8217;, aby wpisa\u0107 poprawn\u0105 <b>warto\u015b\u0107 synchronizacji<\/b> do regulacji d\u017awi\u0119ku.<\/li>\n<li>Przejrzyj wideo i upewnij si\u0119, \u017ce d\u017awi\u0119k jest zsynchronizowany z wideo.<\/li>\n<li>Zapisz naprawione wideo, klikaj\u0105c na 'File&#8217; i potem 'Save&#8217;.<\/li>\n<\/ul>\n<p><b>Uwaga:<\/b> Avidemux jest doskona\u0142y do r\u0119cznego dostosowania problem\u00f3w synchronizacji audio i wideo.<\/p>\n<p><b>Podsumowanie:<\/b> Je\u015bli twoje wideo ma problemy z synchronizacj\u0105, Avidemux oferuje prosty spos\u00f3b na r\u0119czne skorygowanie wyr\u00f3wnania.<\/p>\n<\/section>\n<section>\n<div>\n<div>3<\/div>\n<h2>Obejrzyj na YouTube: <a href=\"https:\/\/www.youtube.com\/watch?v=6VCrzS_Jsrg\" target=\"_blank\" rel=\"noopener\">Kompleksowy przewodnik po naprawie wideo<\/a><\/h2>\n<\/div>\n<div class=\"iframe\"><iframe width=\"420\" height=\"315\" src=\"\/\/www.youtube.com\/embed\/6VCrzS_Jsrg\" frameborder=\"0\" allowfullscreen><\/iframe><\/div>\n<\/section>\n<section>\n<div>\n<div>4<\/div>\n<h2>\u015arodki ostro\u017cno\u015bci i porady:<\/h2>\n<\/div>\n<h3>Ochrona plik\u00f3w wideo przed uszkodzeniem &#128737;<\/h3>\n<ul>\n<li>Zawsze u\u017cywaj <b>wiarygodnego rozwi\u0105zania do tworzenia kopii zapasowych<\/b>, aby zapobiec utracie danych.<\/li>\n<li>Unikaj u\u017cywania <b>niestabilnych no\u015bnik\u00f3w pami\u0119ci<\/b> do przechowywania wa\u017cnych <b>plik\u00f3w wideo<\/b>.<\/li>\n<li>Regularnie aktualizuj sw\u00f3j system i odtwarzacz multimedialny, aby unikn\u0105\u0107 problem\u00f3w kompatybilno\u015bci.<\/li>\n<li>U\u017cywaj <b>zaufanego oprogramowania<\/b> do zada\u0144 edycji i konwersji wideo.<\/li>\n<li>Przed konwersj\u0105 lub zmian\u0105 nazwy pliku wideo zr\u00f3b <b>kopia zapasowa<\/b>, aby zapobiec przypadkowemu uszkodzeniu.<\/li>\n<\/ul>\n<h3>Zapobieganie problemom z odtwarzaniem wideo &#127902;<\/h3>\n<ul>\n<li>Upewnij si\u0119, \u017ce tw\u00f3j odtwarzacz multimedialny jest aktualny, aby obs\u0142ugiwa\u0107 najnowsze <b>formaty wideo<\/b>.<\/li>\n<li>Zainstaluj konieczne <b>kodeki<\/b>, je\u015bli plik wideo si\u0119 nie odtwarza.<\/li>\n<li>U\u017cywaj godnych zaufania \u017ar\u00f3de\u0142 do pobierania plik\u00f3w wideo i unikaj <b>aplikacji firm trzecich<\/b>, kt\u00f3re mog\u0105 by\u0107 szkodliwe.<\/li>\n<li>Je\u015bli twoje wideo buforuje si\u0119 lub zacina, rozwa\u017c <b>wyczyszczenie<\/b> pami\u0119ci podr\u0119cznej odtwarzacza multimedialnego.<\/li>\n<li>Regularnie skanuj komputer w poszukiwaniu <b>wirus\u00f3w<\/b> i z\u0142o\u015bliwego oprogramowania, aby utrzyma\u0107 go w optymalnym stanie.<\/li>\n<\/ul>\n<\/section>\n<section>\n<div>\n<div>5<\/div>\n<h2>Krytyczne Ustalenia<\/h2>\n<\/div>\n<p>Zrozumienie, jak <b>uszkodzenie wideo<\/b> wyst\u0119puje, jest kluczowe dla skutecznej naprawy wideo. Uszkodzenie mo\u017ce by\u0107 spowodowane przez r\u00f3\u017cne czynniki, w tym niekompletne pobrania, przerwy w dostawie pr\u0105du, nieprawid\u0142owe konwersje lub ataki z\u0142o\u015bliwego oprogramowania. Rozpoznanie przyczyny pomaga w wyborze najlepszej metody naprawy.<\/p>\n<p><b>Profesjonalne oprogramowanie do naprawy wideo<\/b>, takie jak <a href='https:\/\/www.stellarinfo.com\/disk-tool\/repair-mp4-file.php' rel=\"nofollow noopener\" target='_blank'>Stellar Repair for Video<\/a>, oferuje kompleksowe rozwi\u0105zanie, zapewniaj\u0105c zaawansowane opcje naprawy powa\u017cnych uszkodze\u0144, takich jak z\u0142amane nag\u0142\u00f3wki, uszkodzenia klatek czy niew\u0142a\u015bciwa synchronizacja audio-wideo. Wi\u0119kszo\u015b\u0107 z tych narz\u0119dzi oferuje darmow\u0105 wersj\u0119 pr\u00f3bn\u0105 do podstawowych napraw.<\/p>\n<p>Alternatywnie, narz\u0119dzia r\u0119czne, takie jak <a href='https:\/\/ffmpeg.org\/download.html' rel=\"nofollow noopener\" target='_blank'>FFmpeg<\/a>, daj\u0105 wi\u0119ksz\u0105 kontrol\u0119 nad <b>procesem naprawy<\/b>. Korzystaj\u0105c z wiersza polece\u0144, mo\u017cesz skoncentrowa\u0107 si\u0119 na konkretnych problemach, chocia\u017c wymaga to wiedzy technicznej o kodekach i strukturach wideo.<\/p>\n<p><b>Rozwi\u0105zania oparte na chmurze<\/b> zyska\u0142y tak\u017ce na popularno\u015bci. Platformy oferuj\u0105 zdalne us\u0142ugi naprawy wideo, w kt\u00f3rych przesy\u0142asz swoje uszkodzone pliki, a systemy ekspert\u00f3w zajmuj\u0105 si\u0119 napraw\u0105. Takie us\u0142ugi zazwyczaj kosztuj\u0105, ale s\u0105 bardzo skuteczne w przypadku powa\u017cnie uszkodzonych plik\u00f3w.<\/p>\n<p>Dla tych, kt\u00f3rzy ci\u0105gle borykaj\u0105 si\u0119 z problemami wideo, inwestowanie w wysokiej jako\u015bci kamer\u0119 wideo i urz\u0105dzenie do przechowywania danych znacznie zmniejsza ryzyko wyst\u0105pienia uszkodzonych plik\u00f3w. Urz\u0105dzenia z wy\u017cszej p\u00f3\u0142ki cz\u0119sto wyposa\u017cone s\u0105 w zabezpieczenia chroni\u0105ce pliki podczas nieoczekiwanych wydarze\u0144, takich jak roz\u0142adowanie si\u0119 baterii lub nag\u0142y wstrz\u0105s.<\/p>\n<\/section>\n<section>\n<h2>Podsumowanie:<\/h2>\n<div class=\"nonp\">Radzenie sobie z uszkodzonymi lub nieodtwarzalnymi filmami nie musi by\u0107 stresuj\u0105cym do\u015bwiadczeniem. Dzi\u0119ki odpowiednim narz\u0119dziom i odrobinie wiedzy mo\u017cesz \u0142atwo rozwi\u0105za\u0107 wi\u0119kszo\u015b\u0107 typowych problem\u00f3w z uszkodzonymi filmami. Od korzystania z darmowych narz\u0119dzi online, takich jak Clever Free Online Video Repair, po bardziej z\u0142o\u017cone rozwi\u0105zania programowe, dost\u0119pna jest odpowiednia metoda dla ka\u017cdego rodzaju problemu. Pami\u0119taj zawsze, aby stosowa\u0107 \u015brodki zapobiegawcze chroni\u0105ce cenne pliki przed przysz\u0142ymi problemami. Aby uzyska\u0107 bardziej szczeg\u00f3\u0142owe techniki naprawy, zapoznaj si\u0119 z <a href='https:\/\/www.cleverfiles.com\/howto\/repair-corrupted-video.html' rel=\"dofollow noopener\" target='_blank'>Najlepsze porady dotycz\u0105ce naprawy film\u00f3w<\/a>.<\/div>\n<\/section>\n","protected":false},"excerpt":{"rendered":"<p>Kompleksowy Przewodnik Naprawy Wideo Pliki wideo s\u0105 istotn\u0105 cz\u0119\u015bci\u0105 naszego cyfrowego \u017cycia, uchwycaj\u0105c niepowtarzalne chwile, cenne tutoriale i wa\u017cne wydarzenia. Jednak napotkanie uszkodzonego, zepsutego lub nieodtwarzalnego wideo mo\u017ce by\u0107 frustruj\u0105ce. Na szcz\u0119\u015bcie istniej\u0105 skuteczne rozwi\u0105zania naprawcze, kt\u00f3re przywracaj\u0105 ich funkcjonalno\u015b\u0107. Ten kompleksowy przewodnik przeprowadzi ci\u0119 przez r\u00f3\u017cne metody naprawy wideo za pomoc\u0105 r\u00f3\u017cnych narz\u0119dzi, w [&hellip;]<\/p>\n","protected":false},"author":0,"featured_media":0,"parent":0,"menu_order":0,"comment_status":"closed","ping_status":"closed","template":"chromecast.php","meta":{"_stopmodifiedupdate":false,"_modified_date":"","_lmt_disableupdate":"","_lmt_disable":""},"acf":[],"yoast_head":"<!-- This site is optimized with the Yoast SEO plugin v20.9 - https:\/\/yoast.com\/wordpress\/plugins\/seo\/ -->\n<title>Szczeg\u00f3\u0142owa instrukcja naprawy wideo<\/title>\n<meta name=\"robots\" content=\"index, follow, max-snippet:-1, max-image-preview:large, max-video-preview:-1\" \/>\n<link rel=\"canonical\" href=\"https:\/\/howto.ping.fm\/pl\/comprehensive-guide-to-video-repair\/\" \/>\n<meta property=\"og:locale\" content=\"pl_PL\" \/>\n<meta property=\"og:type\" content=\"article\" \/>\n<meta property=\"og:title\" content=\"Szczeg\u00f3\u0142owa instrukcja naprawy wideo\" \/>\n<meta property=\"og:description\" content=\"Kompleksowy Przewodnik Naprawy Wideo Pliki wideo s\u0105 istotn\u0105 cz\u0119\u015bci\u0105 naszego cyfrowego \u017cycia, uchwycaj\u0105c niepowtarzalne chwile, cenne tutoriale i wa\u017cne wydarzenia. Jednak napotkanie uszkodzonego, zepsutego lub nieodtwarzalnego wideo mo\u017ce by\u0107 frustruj\u0105ce. Na szcz\u0119\u015bcie istniej\u0105 skuteczne rozwi\u0105zania naprawcze, kt\u00f3re przywracaj\u0105 ich funkcjonalno\u015b\u0107. Ten kompleksowy przewodnik przeprowadzi ci\u0119 przez r\u00f3\u017cne metody naprawy wideo za pomoc\u0105 r\u00f3\u017cnych narz\u0119dzi, w [&hellip;]\" \/>\n<meta property=\"og:url\" content=\"https:\/\/howto.ping.fm\/pl\/comprehensive-guide-to-video-repair\/\" \/>\n<meta property=\"og:site_name\" content=\"How To &amp; Best Software\" \/>\n<meta property=\"article:modified_time\" content=\"2024-10-07T09:43:28+00:00\" \/>\n<meta property=\"og:image\" content=\"https:\/\/www.ping.fm\/howto\/wp-content\/uploads\/ai\/Comprehensive-Guide-to-Video-Repair.jpg\" \/>\n<meta name=\"twitter:card\" content=\"summary_large_image\" \/>\n<meta name=\"twitter:label1\" content=\"Est. reading time\" \/>\n\t<meta name=\"twitter:data1\" content=\"6 minut\" \/>\n<script type=\"application\/ld+json\" class=\"yoast-schema-graph\">{\"@context\":\"https:\/\/schema.org\",\"@graph\":[{\"@type\":\"WebPage\",\"@id\":\"https:\/\/howto.ping.fm\/pl\/comprehensive-guide-to-video-repair\/\",\"url\":\"https:\/\/howto.ping.fm\/pl\/comprehensive-guide-to-video-repair\/\",\"name\":\"Szczeg\u00f3\u0142owa instrukcja naprawy wideo\",\"isPartOf\":{\"@id\":\"https:\/\/howto.ping.fm\/pl\/#website\"},\"datePublished\":\"2024-10-03T00:00:00+00:00\",\"dateModified\":\"2024-10-07T09:43:28+00:00\",\"breadcrumb\":{\"@id\":\"https:\/\/howto.ping.fm\/pl\/comprehensive-guide-to-video-repair\/#breadcrumb\"},\"inLanguage\":\"pl-PL\",\"potentialAction\":[{\"@type\":\"ReadAction\",\"target\":[\"https:\/\/howto.ping.fm\/pl\/comprehensive-guide-to-video-repair\/\"]}]},{\"@type\":\"BreadcrumbList\",\"@id\":\"https:\/\/howto.ping.fm\/pl\/comprehensive-guide-to-video-repair\/#breadcrumb\",\"itemListElement\":[{\"@type\":\"ListItem\",\"position\":1,\"name\":\"Home\",\"item\":\"https:\/\/www.ping.fm\/howto\/pl\/\"},{\"@type\":\"ListItem\",\"position\":2,\"name\":\"Wideo: Kompleksowy przewodnik naprawczy\"}]},{\"@type\":\"WebSite\",\"@id\":\"https:\/\/howto.ping.fm\/pl\/#website\",\"url\":\"https:\/\/howto.ping.fm\/pl\/\",\"name\":\"How To &amp; Best Software\",\"description\":\"\",\"potentialAction\":[{\"@type\":\"SearchAction\",\"target\":{\"@type\":\"EntryPoint\",\"urlTemplate\":\"https:\/\/howto.ping.fm\/pl\/?s={search_term_string}\"},\"query-input\":\"required name=search_term_string\"}],\"inLanguage\":\"pl-PL\"}]}<\/script>\n<!-- \/ Yoast SEO plugin. -->","yoast_head_json":{"title":"Szczeg\u00f3\u0142owa instrukcja naprawy wideo","robots":{"index":"index","follow":"follow","max-snippet":"max-snippet:-1","max-image-preview":"max-image-preview:large","max-video-preview":"max-video-preview:-1"},"canonical":"https:\/\/howto.ping.fm\/pl\/comprehensive-guide-to-video-repair\/","og_locale":"pl_PL","og_type":"article","og_title":"Szczeg\u00f3\u0142owa instrukcja naprawy wideo","og_description":"Kompleksowy Przewodnik Naprawy Wideo Pliki wideo s\u0105 istotn\u0105 cz\u0119\u015bci\u0105 naszego cyfrowego \u017cycia, uchwycaj\u0105c niepowtarzalne chwile, cenne tutoriale i wa\u017cne wydarzenia. Jednak napotkanie uszkodzonego, zepsutego lub nieodtwarzalnego wideo mo\u017ce by\u0107 frustruj\u0105ce. Na szcz\u0119\u015bcie istniej\u0105 skuteczne rozwi\u0105zania naprawcze, kt\u00f3re przywracaj\u0105 ich funkcjonalno\u015b\u0107. Ten kompleksowy przewodnik przeprowadzi ci\u0119 przez r\u00f3\u017cne metody naprawy wideo za pomoc\u0105 r\u00f3\u017cnych narz\u0119dzi, w [&hellip;]","og_url":"https:\/\/howto.ping.fm\/pl\/comprehensive-guide-to-video-repair\/","og_site_name":"How To &amp; Best Software","article_modified_time":"2024-10-07T09:43:28+00:00","og_image":[{"url":"https:\/\/www.ping.fm\/howto\/wp-content\/uploads\/ai\/Comprehensive-Guide-to-Video-Repair.jpg"}],"twitter_card":"summary_large_image","twitter_misc":{"Est. reading time":"6 minut"},"schema":{"@context":"https:\/\/schema.org","@graph":[{"@type":"WebPage","@id":"https:\/\/howto.ping.fm\/pl\/comprehensive-guide-to-video-repair\/","url":"https:\/\/howto.ping.fm\/pl\/comprehensive-guide-to-video-repair\/","name":"Szczeg\u00f3\u0142owa instrukcja naprawy wideo","isPartOf":{"@id":"https:\/\/howto.ping.fm\/pl\/#website"},"datePublished":"2024-10-03T00:00:00+00:00","dateModified":"2024-10-07T09:43:28+00:00","breadcrumb":{"@id":"https:\/\/howto.ping.fm\/pl\/comprehensive-guide-to-video-repair\/#breadcrumb"},"inLanguage":"pl-PL","potentialAction":[{"@type":"ReadAction","target":["https:\/\/howto.ping.fm\/pl\/comprehensive-guide-to-video-repair\/"]}]},{"@type":"BreadcrumbList","@id":"https:\/\/howto.ping.fm\/pl\/comprehensive-guide-to-video-repair\/#breadcrumb","itemListElement":[{"@type":"ListItem","position":1,"name":"Home","item":"https:\/\/www.ping.fm\/howto\/pl\/"},{"@type":"ListItem","position":2,"name":"Wideo: Kompleksowy przewodnik naprawczy"}]},{"@type":"WebSite","@id":"https:\/\/howto.ping.fm\/pl\/#website","url":"https:\/\/howto.ping.fm\/pl\/","name":"How To &amp; Best Software","description":"","potentialAction":[{"@type":"SearchAction","target":{"@type":"EntryPoint","urlTemplate":"https:\/\/howto.ping.fm\/pl\/?s={search_term_string}"},"query-input":"required name=search_term_string"}],"inLanguage":"pl-PL"}]}},"_links":{"self":[{"href":"https:\/\/howto.ping.fm\/pl\/wp-json\/wp\/v2\/pages\/24575"}],"collection":[{"href":"https:\/\/howto.ping.fm\/pl\/wp-json\/wp\/v2\/pages"}],"about":[{"href":"https:\/\/howto.ping.fm\/pl\/wp-json\/wp\/v2\/types\/page"}],"replies":[{"embeddable":true,"href":"https:\/\/howto.ping.fm\/pl\/wp-json\/wp\/v2\/comments?post=24575"}],"version-history":[{"count":0,"href":"https:\/\/howto.ping.fm\/pl\/wp-json\/wp\/v2\/pages\/24575\/revisions"}],"wp:attachment":[{"href":"https:\/\/howto.ping.fm\/pl\/wp-json\/wp\/v2\/media?parent=24575"}],"curies":[{"name":"wp","href":"https:\/\/api.w.org\/{rel}","templated":true}]}}