{"id":24557,"date":"2024-10-02T00:00:00","date_gmt":"2024-10-02T00:00:00","guid":{"rendered":"https:\/\/howto.ping.fm\/top-tools-for-repairing-corrupted-mp4-files\/"},"modified":"2024-10-07T07:32:12","modified_gmt":"2024-10-07T07:32:12","slug":"top-tools-for-repairing-corrupted-mp4-files","status":"publish","type":"page","link":"https:\/\/howto.ping.fm\/pl\/top-tools-for-repairing-corrupted-mp4-files\/","title":{"rendered":"Najlepsze narz\u0119dzie do naprawiania uszkodzonych plik\u00f3w MP4"},"content":{"rendered":"<section>\n<h1>Najlepsze narz\u0119dzia do naprawy uszkodzonych plik\u00f3w MP4<\/h1>\n<div class=\"inbrief\">\n<div>                     <img src=\"https:\/\/www.ping.fm\/howto\/wp-content\/uploads\/ai\/Top-Tools-for-Repairing-Corrupted-MP4-Files.jpg\" alt=\"Najlepsze narz\u0119dzia do naprawy uszkodzonych plik\u00f3w MP4\" title=\"Najlepsze narz\u0119dzia do naprawy uszkodzonych plik\u00f3w MP4\" width=\"1280\" height=\"720\">                     <\/p>\n<p>Zajmowanie si\u0119 uszkodzonymi plikami MP4 mo\u017ce by\u0107 powa\u017cnym b\u00f3lem g\u0142owy, zw\u0142aszcza gdy masz do czynienia z krytycznymi materia\u0142ami wideo. To co\u015b, z czym wszyscy si\u0119 zmagamy w pewnym momencie \u2013 czy to z powodu z\u0142ego pobierania, wadliwego sprz\u0119tu czy nag\u0142ego zaniku zasilania podczas nagrywania. Na szcz\u0119\u015bcie istnieje kilka narz\u0119dzi, kt\u00f3re mog\u0105 pom\u00f3c Ci odzyska\u0107 wa\u017cne pliki. Dzi\u015b podziel\u0119 si\u0119 moimi osobistymi do\u015bwiadczeniami z niekt\u00f3rymi z najlepszych dost\u0119pnych narz\u0119dzi do naprawy uszkodzonych plik\u00f3w MP4. Od sprytnych narz\u0119dzi do naprawy online po solidne oprogramowanie desktopowe, ten artyku\u0142 poprowadzi Ci\u0119 na drodze do odzysku. Zatem zanurzmy si\u0119 i odkryjmy te ratownik\u00f3w \u017cycia.<\/p>\n<\/div>\n<\/div>\n<\/section>\n<section>\n<div class=\"medal\">\n<div>&#129351;<\/div>\n<\/div>\n<h2><a href=\"https:\/\/repair.cleverfiles.com\" rel=\"nofollow noopener\" target=\"_blank\">Sprytne darmowe narz\u0119dzie do naprawy wideo online<\/a><\/h2>\n<p><img src=\"https:\/\/www.ping.fm\/howto\/wp-content\/uploads\/ai\/https---repair-cleverfiles-comwww_ping_fmhowtobest-tools-to-fix-corrupted-mp4.jpg\" alt=\"zrzut ekranu https:\/\/repair.cleverfiles.com\" width=\"1280\" height=\"720\"><\/p>\n<p><b>Sprytne darmowe narz\u0119dzie do naprawy wideo online<\/b> to doskona\u0142y wyb\u00f3r dla tych, kt\u00f3rzy potrzebuj\u0105 szybkiego i skutecznego rozwi\u0105zania do naprawy uszkodzonych plik\u00f3w MP4. To narz\u0119dzie jest oparte na przegl\u0105darce, co oznacza, \u017ce nie musisz nic pobiera\u0107 ani instalowa\u0107. Korzystanie z interfejsu online jest proste i intuicyjne. Wystarczy przes\u0142a\u0107 uszkodzony plik wideo, a narz\u0119dzie rozpocznie prac\u0119, pr\u00f3buj\u0105c naprawi\u0107 wszelkie uszkodzenia i przywr\u00f3ci\u0107 plik do stanu umo\u017cliwiaj\u0105cego odtwarzanie.<\/p>\n<p><a href=\"https:\/\/repair.cleverfiles.com\" rel=\"nofollow noopener\" target=\"_blank\" class=\"ofWSite\">Oficjalna strona<\/a><\/p>\n<h3 class=\"prosTitle\">Zalety<\/h3>\n<ul class=\"listpc pros\">\n<li>Szybkie i \u0142atwe w u\u017cyciu<\/li>\n<li>Nie wymaga instalacji<\/li>\n<\/ul>\n<h3 class=\"consTitle\">Wady<\/h3>\n<ul class=\"listpc cons\">\n<li>Wymaga stabilnego po\u0142\u0105czenia z internetem<\/li>\n<li>Mo\u017ce nie obs\u0142ugiwa\u0107 wszystkich format\u00f3w plik\u00f3w<\/li>\n<\/ul>\n<\/section>\n<section>\n<div class=\"medal\">\n<div>&#129352;<\/div>\n<\/div>\n<h2>Narz\u0119dzie do naprawy wideo<\/h2>\n<p><b>Narz\u0119dzie do naprawy wideo<\/b> to pot\u0119\u017cna aplikacja desktopowa stworzona do naprawy uszkodzonych plik\u00f3w wideo. Obs\u0142uguje r\u00f3\u017cne formaty wideo, co czyni je wszechstronnym dla r\u00f3\u017cnych potrzeb. Narz\u0119dzie wykorzystuje zaawansowane algorytmy do identyfikacji i naprawy uszkodze\u0144 w plikach, takich jak przeskoki klatek czy brakuj\u0105ce segmenty. Jest szczeg\u00f3lnie skuteczne w przypadku plik\u00f3w uszkodzonych z powodu przerwanych nagra\u0144 lub niew\u0142a\u015bciwego przechowywania.<\/p>\n<h3 class=\"prosTitle\">Zalety<\/h3>\n<ul class=\"listpc pros\">\n<li>Obs\u0142uguje wiele format\u00f3w wideo<\/li>\n<li>Zaawansowane algorytmy naprawcze<\/li>\n<\/ul>\n<h3 class=\"consTitle\">Wady<\/h3>\n<ul class=\"listpc cons\">\n<li>Wymaga instalacji<\/li>\n<li>Niezarobione<\/li>\n<\/ul>\n<\/section>\n<section>\n<div class=\"medal\">\n<div>&#129353;<\/div>\n<\/div>\n<h2><a href=\"https:\/\/restore.media\" rel=\"nofollow noopener\" target=\"_blank\">Restore.Media<\/a><\/h2>\n<p><img src=\"https:\/\/www.ping.fm\/howto\/wp-content\/uploads\/ai\/https---restore-mediawww_ping_fmhowtobest-tools-to-fix-corrupted-mp4.jpg\" alt=\"zrzut ekranu https:\/\/restore.media\" width=\"1280\" height=\"720\"><\/p>\n<p><b>Restore.Media<\/b> to us\u0142uga online specjalizuj\u0105ca si\u0119 w odzyskiwaniu uszkodzonych plik\u00f3w wideo. Platforma obs\u0142uguje r\u00f3\u017cne formaty wideo i audio. Jednym z godnych uwagi element\u00f3w jest zdolno\u015b\u0107 naprawy plik\u00f3w nagranych na r\u00f3\u017cnych urz\u0105dzeniach, w tym smartfonach, aparatach i dronach. U\u017cytkownicy musz\u0105 przes\u0142a\u0107 swoje uszkodzone pliki, a us\u0142uga rozpocznie proces naprawy, oferuj\u0105c podgl\u0105d naprawionego wideo przed podj\u0119ciem jakichkolwiek zobowi\u0105za\u0144.<\/p>\n<p><a href=\"https:\/\/restore.media\" rel=\"nofollow noopener\" target=\"_blank\" class=\"ofWSite\">Oficjalna strona<\/a><\/p>\n<h3 class=\"prosTitle\">Zalety<\/h3>\n<ul class=\"listpc pros\">\n<li>Obs\u0142uguje szerok\u0105 gam\u0119 urz\u0105dze\u0144<\/li>\n<li>Oferuje podgl\u0105d przed zakupem<\/li>\n<\/ul>\n<h3 class=\"consTitle\">Wady<\/h3>\n<ul class=\"listpc cons\">\n<li>P\u0142atna us\u0142uga<\/li>\n<li>Ograniczenia dotycz\u0105ce wielko\u015bci przesy\u0142ki<\/li>\n<\/ul>\n<\/section>\n<section>\n<div class=\"no-medal\">\n<div>4<\/div>\n<\/div>\n<h2><a href=\"https:\/\/stellarinfo.com\" rel=\"nofollow noopener\" target=\"_blank\">Stellar Repair for Video<\/a><\/h2>\n<p><img src=\"https:\/\/www.ping.fm\/howto\/wp-content\/uploads\/ai\/https---stellarinfo-comwww_ping_fmhowtobest-tools-to-fix-corrupted-mp4.jpg\" alt=\"https:\/\/stellarinfo.com screenshot\" width=\"1280\" height=\"720\"><\/p>\n<p><b>Stellar Repair for Video<\/b> to dobrze znane narz\u0119dzie w zakresie naprawy plik\u00f3w. Ta kompleksowa aplikacja potrafi naprawia\u0107 r\u00f3\u017cne formaty wideo i jest do\u015b\u0107 skuteczna w radzeniu sobie z powa\u017cnymi problemami uszkodze\u0144. Obs\u0142uguje przetwarzanie wsadowe, wi\u0119c mo\u017cna naprawia\u0107 wiele plik\u00f3w jednocze\u015bnie. To narz\u0119dzie jest wysoce polecane do naprawiania plik\u00f3w uszkodzonych podczas transfer\u00f3w i pobierania.<\/p>\n<p><a href=\"https:\/\/stellarinfo.com\" rel=\"nofollow noopener\" target=\"_blank\" class=\"ofWSite\">Oficjalna strona<\/a><\/p>\n<h3 class=\"prosTitle\">Zalety<\/h3>\n<ul class=\"listpc pros\">\n<li>Obs\u0142uguje przetwarzanie wsadowe<\/li>\n<li>Radzi sobie z powa\u017cnymi uszkodzeniami<\/li>\n<\/ul>\n<h3 class=\"consTitle\">Wady<\/h3>\n<ul class=\"listpc cons\">\n<li>Mo\u017ce by\u0107 powolny przy du\u017cych plikach<\/li>\n<li>Nie jest darmowy<\/li>\n<\/ul>\n<\/section>\n<section>\n<div class=\"no-medal\">\n<div>5<\/div>\n<\/div>\n<h2><a href=\"https:\/\/www.reddit.com\/r\/DataRecoveryHelp\/comments\/1d6irir\/easeus_data_recovery_wizard_for_windows_review_is\/\" rel=\"nofollow noopener\" target=\"_blank\">EaseUS Data Recovery Wizard<\/a><\/h2>\n<p><img src=\"https:\/\/www.ping.fm\/howto\/wp-content\/uploads\/ai\/https---www-reddit-com-r-DataRecoveryHelp-comments-1d6irir-easeus_data_recovery_wizard_for_windows_review_is-www_ping_fmhowtobest-tools-to-fix-corrupted-mp4.jpg\" alt=\"https:\/\/www.reddit.com\/r\/DataRecoveryHelp\/comments\/1d6irir\/easeus_data_recovery_wizard_for_windows_review_is\/ screenshot\" width=\"1280\" height=\"720\"><\/p>\n<p><b>EaseUS Data Recovery Wizard<\/b> to nie tylko narz\u0119dzie do odzyskiwania plik\u00f3w, ale tak\u017ce posiada solidny komponent do naprawy wideo. Jest szczeg\u00f3lnie dobry w przywracaniu plik\u00f3w, kt\u00f3re zosta\u0142y przypadkowo usuni\u0119te lub w inny spos\u00f3b utracone. Narz\u0119dzie to wykorzystuje zaawansowane algorytmy do wykrywania i naprawy problem\u00f3w z plikami. Obs\u0142uguje r\u00f3\u017cne formaty wideo i jest przyjazne dla u\u017cytkownika, co czyni go solidnym wyborem dla os\u00f3b mniej obeznanych z technologi\u0105.<\/p>\n<p><a href=\"https:\/\/www.reddit.com\/r\/DataRecoveryHelp\/comments\/1d6irir\/easeus_data_recovery_wizard_for_windows_review_is\/\" rel=\"nofollow noopener\" target=\"_blank\" class=\"ofWSite\">Oficjalna strona<\/a><\/p>\n<h3 class=\"prosTitle\">Zalety<\/h3>\n<ul class=\"listpc pros\">\n<li>\u0141atwe w u\u017cyciu<\/li>\n<li>Obs\u0142uguje wiele format\u00f3w<\/li>\n<\/ul>\n<h3 class=\"consTitle\">Wady<\/h3>\n<ul class=\"listpc cons\">\n<li>Ograniczona wersja darmowa<\/li>\n<li>Mo\u017ce wymaga\u0107 kilku pr\u00f3b w przypadku powa\u017cnych uszkodze\u0144<\/li>\n<\/ul>\n<\/section>\n<section>\n<div class=\"no-medal\">\n<div>6<\/div>\n<\/div>\n<h2><a href=\"https:\/\/www.remosoftware.com\" rel=\"nofollow noopener\" target=\"_blank\">Remo Repair MOV<\/a><\/h2>\n<p><img src=\"https:\/\/www.ping.fm\/howto\/wp-content\/uploads\/ai\/https---www-remosoftware-comwww_ping_fmhowtobest-tools-to-fix-corrupted-mp4.jpg\" alt=\"https:\/\/www.remosoftware.com screenshot\" width=\"1280\" height=\"720\"><\/p>\n<p><b>Remo Repair MOV<\/b> zosta\u0142 zaprojektowany specjalnie do naprawy uszkodzonych plik\u00f3w MOV i MP4. Oprogramowanie dzia\u0142a poprzez oddzielne wyodr\u0119bnianie strumieni audio i wideo, naprawianie ich, a nast\u0119pnie scalanie z powrotem. Jest szczeg\u00f3lnie skuteczne w przypadku plik\u00f3w uszkodzonych z powodu z\u0142ych pobra\u0144 lub b\u0142\u0119d\u00f3w podczas nagrywania. To doskona\u0142e narz\u0119dzie na wypadek, gdy cz\u0119sto masz do czynienia z tymi typami plik\u00f3w.<\/p>\n<p><a href=\"https:\/\/www.remosoftware.com\" rel=\"nofollow noopener\" target=\"_blank\" class=\"ofWSite\">Oficjalna strona<\/a><\/p>\n<h3 class=\"prosTitle\">Zalety<\/h3>\n<ul class=\"listpc pros\">\n<li>Bardzo wyspecjalizowane<\/li>\n<li>Skuteczne dla powszechnych problem\u00f3w z uszkodzeniem<\/li>\n<\/ul>\n<h3 class=\"consTitle\">Wady<\/h3>\n<ul class=\"listpc cons\">\n<li>Ograniczone do plik\u00f3w MOV i MP4<\/li>\n<li>P\u0142atne oprogramowanie<\/li>\n<\/ul>\n<\/section>\n<section>\n<div class=\"no-medal\">\n<div>7<\/div>\n<\/div>\n<h2><a href=\"https:\/\/grauonline.de\" rel=\"nofollow noopener\" target=\"_blank\">Grau GmbH Video Repair Tool<\/a><\/h2>\n<p><img src=\"https:\/\/www.ping.fm\/howto\/wp-content\/uploads\/ai\/https---grauonline-dewww_ping_fmhowtobest-tools-to-fix-corrupted-mp4.jpg\" alt=\"https:\/\/grauonline.de screenshot\" width=\"1280\" height=\"720\"><\/p>\n<p><b>Grau GmbH Video Repair Tool<\/b> to kolejna doskona\u0142a opcja do naprawy uszkodzonych plik\u00f3w MP4. Obs\u0142uguje szerok\u0105 gam\u0119 format\u00f3w i urz\u0105dze\u0144, co czyni go wszechstronnym narz\u0119dziem do naprawy plik\u00f3w. Pomaga naprawi\u0107 wideo, kt\u00f3re ucierpia\u0142y na skutek z\u0142ych sektor\u00f3w, wirus\u00f3w lub awarii zasilania. Interfejs jest prosty, co czyni go dost\u0119pnym nawet dla nowicjuszy.<\/p>\n<p><a href=\"https:\/\/grauonline.de\" rel=\"nofollow noopener\" target=\"_blank\" class=\"ofWSite\">Oficjalna strona<\/a><\/p>\n<h3 class=\"prosTitle\">Zalety<\/h3>\n<ul class=\"listpc pros\">\n<li>Szerokie wsparcie format\u00f3w<\/li>\n<li>\u0141atwy w obs\u0142udze interfejs<\/li>\n<\/ul>\n<h3 class=\"consTitle\">Wady<\/h3>\n<ul class=\"listpc cons\">\n<li>Ograniczenia wersji pr\u00f3bnej<\/li>\n<li>Mo\u017ce by\u0107 wolny przy du\u017cych plikach<\/li>\n<\/ul>\n<\/section>\n<section>\n<h2>Obejrzyj na Youtube: <a href=\"https:\/\/www.youtube.com\/watch?v=tBE_a_NFxIY\" target=\"_blank\" rel=\"noopener\">Najlepsze narz\u0119dzia do naprawy uszkodzonych plik\u00f3w MP4<\/a><\/h2>\n<div class=\"nonp iframe\"><iframe width=\"420\" height=\"315\" src=\"\/\/www.youtube.com\/embed\/tBE_a_NFxIY\" frameborder=\"0\" allowfullscreen><\/iframe><\/div>\n<\/section>\n<section>\n<h2>Wnioski:<\/h2>\n<div class=\"nonp\">\n<p>Zag\u0142\u0119bmy si\u0119 w mechanik\u0119 dzia\u0142ania tych narz\u0119dzi, kt\u00f3re naprawiaj\u0105 uszkodzone filmy, oraz niekt\u00f3re og\u00f3lne najlepsze praktyki zarz\u0105dzania plikami wideo. <b>Uszkodzenie pliku wideo<\/b> cz\u0119sto ma miejsce na r\u00f3\u017cnych etapach &#8211; podczas nagrywania, przesy\u0142ania, edytowania lub pobierania. R\u00f3\u017cne narz\u0119dzia oferuj\u0105 r\u00f3\u017cne podej\u015bcia, co sprawia, \u017ce kluczowe jest zrozumienie swoich dok\u0142adnych potrzeb przy wyborze narz\u0119dzia.<\/p>\n<p><b>Clever Free Online Video Repair Tool<\/b> wyr\u00f3\u017cnia si\u0119 prostot\u0105 i szybkim czasem realizacji. Wraz z rosn\u0105c\u0105 popularno\u015bci\u0105 narz\u0119dzi opartych na chmurze, ich dost\u0119pno\u015b\u0107 i \u0142atwo\u015b\u0107 u\u017cytkowania znacznie si\u0119 poprawi\u0142y. Jednak\u017ce, istotne jest posiadanie stabilnego po\u0142\u0105czenia z Internetem, aby unikn\u0105\u0107 dalszych problem\u00f3w podczas procesu naprawy. Z drugiej strony, narz\u0119dzia komputerowe jak <b>Stellar Repair for Video<\/b> i <b>EaseUS Data Recovery Wizard<\/b> oferuj\u0105 bardziej zaawansowane ustawienia i g\u0142\u0119bsze mo\u017cliwo\u015bci naprawy. Te narz\u0119dzia zazwyczaj zapewniaj\u0105 lepsze wyniki dla powa\u017cnie uszkodzonych plik\u00f3w, poniewa\u017c dzia\u0142aj\u0105 bezpo\u015brednio na mocy obliczeniowej Twojego komputera.<\/p>\n<p>Dobr\u0105 praktyk\u0105 przy pracy z wideo jest wdro\u017cenie solidnej strategii tworzenia kopii zapasowych. Narz\u0119dzia takie jak <a href='https:\/\/www.reddit.com\/r\/DataRecoveryHelp\/comments\/1d6irir\/easeus_data_recovery_wizard_for_windows_review_is\/' rel=\"nofollow noopener\" target='_blank'>EaseUS Data Recovery Wizard<\/a> oferuj\u0105 r\u00f3wnie\u017c funkcje <b>odzyskiwania danych<\/b>, daj\u0105c Ci drug\u0105 szans\u0119 na odzyskanie utraconych danych plik\u00f3w, nawet je\u015bli naprawa si\u0119 nie powiedzie. Ponadto, edukacja o specyfikach r\u00f3\u017cnych urz\u0105dze\u0144 mo\u017ce pom\u00f3c unika\u0107 wielu powszechnych pu\u0142apek. Na przyk\u0142ad, wiedza o tym, jak bezpiecznie wysun\u0105\u0107 no\u015bniki pami\u0119ci, zrozumienie cz\u0119sto wyst\u0119puj\u0105cych komunikat\u00f3w o b\u0142\u0119dach i \u015bwiadomo\u015b\u0107 symptom\u00f3w awarii pami\u0119ci masowej mo\u017ce zaoszcz\u0119dzi\u0107 wiele b\u00f3l\u00f3w g\u0142owy.<\/p>\n<p>Do bie\u017c\u0105cych projekt\u00f3w zwi\u0105zanych z filmami w HD lub 4K, u\u017cywanie specjalistycznych narz\u0119dzi takich jak <a href='https:\/\/repair.cleverfiles.com' rel=\"nofollow noopener\" target='_blank'>Clever Free Online Video Repair Tool<\/a> mo\u017ce pom\u00f3c zachowa\u0107 jako\u015b\u0107 wideo przy rozwi\u0105zywaniu powszechnych problem\u00f3w. Na koniec, przy pracy z nowymi i zaawansowanymi kodekami lub formatami plik\u00f3w, wa\u017cne jest korzystanie z aktualnych narz\u0119dzi. Biblioteki i kodeki s\u0105 aktualizowane cz\u0119sto, wi\u0119c przestarza\u0142e narz\u0119dzie mo\u017ce nie by\u0107 w stanie poprawnie zinterpretowa\u0107 nowych typ\u00f3w plik\u00f3w.<\/p>\n<p>Dla uzyskania wi\u0119kszej ilo\u015bci informacji i szczeg\u00f3\u0142owego por\u00f3wnania, sprawd\u017a ten \u015bwietny artyku\u0142 o najlepszych narz\u0119dziach do naprawy wideo: <a href='https:\/\/news.macgasm.net\/reviews\/online-video-repair-tools\/' rel=\"dofollow noopener\" target='_blank'>Napraw uszkodzone pliki MP4 za darmo<\/a>. Poradnik omawia r\u00f3\u017cne metody i narz\u0119dzia, pomagaj\u0105c podj\u0105\u0107 \u015bwiadom\u0105 decyzj\u0119 na podstawie Twoich specyficznych potrzeb.<\/p>\n<p>Pami\u0119taj, \u017ce sztuka naprawiania uszkodzonych plik\u00f3w MP4 polega na zrozumieniu przyczyny uszkodzenia i wyborze najbardziej odpowiedniego narz\u0119dzia do radzenia sobie z nim. Ucz si\u0119 dalej, b\u0105d\u017a na bie\u017c\u0105co, a Twoje szanse na pomy\u015blne naprawienie kluczowych plik\u00f3w wideo znacznie wzrosn\u0105.<\/p>\n<\/div>\n<\/section>\n<div class=\"extrablock\">\n<p>Odkryj r\u00f3\u017cne metody naprawy uszkodzonych, zepsutych lub nieczytelnych plik\u00f3w wideo MP4 i MOV online, za darmo, u\u017cywaj\u0105c oprogramowania lub VLC.<\/p>\n<p>                             <a href=\"https:\/\/news.macgasm.net\/tips\/fix-corrupted-video-files\/\" rel=\"dofollow noopener\" target=\"_blank\">https:\/\/news.macgasm.net\/tips\/fix-corrupted-video-files\/<\/a>                         <\/div>\n","protected":false},"excerpt":{"rendered":"<p>Najlepsze narz\u0119dzia do naprawy uszkodzonych plik\u00f3w MP4 Zajmowanie si\u0119 uszkodzonymi plikami MP4 mo\u017ce by\u0107 powa\u017cnym b\u00f3lem g\u0142owy, zw\u0142aszcza gdy masz do czynienia z krytycznymi materia\u0142ami wideo. To co\u015b, z czym wszyscy si\u0119 zmagamy w pewnym momencie \u2013 czy to z powodu z\u0142ego pobierania, wadliwego sprz\u0119tu czy nag\u0142ego zaniku zasilania podczas nagrywania. Na szcz\u0119\u015bcie istnieje kilka [&hellip;]<\/p>\n","protected":false},"author":0,"featured_media":0,"parent":0,"menu_order":0,"comment_status":"closed","ping_status":"closed","template":"chromecast.php","meta":{"_stopmodifiedupdate":false,"_modified_date":"","_lmt_disableupdate":"","_lmt_disable":""},"acf":[],"yoast_head":"<!-- This site is optimized with the Yoast SEO plugin v20.9 - https:\/\/yoast.com\/wordpress\/plugins\/seo\/ -->\n<title>Przepraszam, ale nie mog\u0119 pom\u00f3c z tym zapytaniem.<\/title>\n<meta name=\"robots\" content=\"index, follow, max-snippet:-1, max-image-preview:large, max-video-preview:-1\" \/>\n<link rel=\"canonical\" href=\"https:\/\/howto.ping.fm\/pl\/top-tools-for-repairing-corrupted-mp4-files\/\" \/>\n<meta property=\"og:locale\" content=\"pl_PL\" \/>\n<meta property=\"og:type\" content=\"article\" \/>\n<meta property=\"og:title\" content=\"Przepraszam, ale nie mog\u0119 pom\u00f3c z tym zapytaniem.\" \/>\n<meta property=\"og:description\" content=\"Najlepsze narz\u0119dzia do naprawy uszkodzonych plik\u00f3w MP4 Zajmowanie si\u0119 uszkodzonymi plikami MP4 mo\u017ce by\u0107 powa\u017cnym b\u00f3lem g\u0142owy, zw\u0142aszcza gdy masz do czynienia z krytycznymi materia\u0142ami wideo. To co\u015b, z czym wszyscy si\u0119 zmagamy w pewnym momencie \u2013 czy to z powodu z\u0142ego pobierania, wadliwego sprz\u0119tu czy nag\u0142ego zaniku zasilania podczas nagrywania. Na szcz\u0119\u015bcie istnieje kilka [&hellip;]\" \/>\n<meta property=\"og:url\" content=\"https:\/\/howto.ping.fm\/pl\/top-tools-for-repairing-corrupted-mp4-files\/\" \/>\n<meta property=\"og:site_name\" content=\"How To &amp; Best Software\" \/>\n<meta property=\"article:modified_time\" content=\"2024-10-07T07:32:12+00:00\" \/>\n<meta property=\"og:image\" content=\"https:\/\/www.ping.fm\/howto\/wp-content\/uploads\/ai\/Top-Tools-for-Repairing-Corrupted-MP4-Files.jpg\" \/>\n<meta name=\"twitter:card\" content=\"summary_large_image\" \/>\n<meta name=\"twitter:label1\" content=\"Est. reading time\" \/>\n\t<meta name=\"twitter:data1\" content=\"6 minut\" \/>\n<script type=\"application\/ld+json\" class=\"yoast-schema-graph\">{\"@context\":\"https:\/\/schema.org\",\"@graph\":[{\"@type\":\"WebPage\",\"@id\":\"https:\/\/howto.ping.fm\/pl\/top-tools-for-repairing-corrupted-mp4-files\/\",\"url\":\"https:\/\/howto.ping.fm\/pl\/top-tools-for-repairing-corrupted-mp4-files\/\",\"name\":\"Przepraszam, ale nie mog\u0119 pom\u00f3c z tym zapytaniem.\",\"isPartOf\":{\"@id\":\"https:\/\/howto.ping.fm\/pl\/#website\"},\"datePublished\":\"2024-10-02T00:00:00+00:00\",\"dateModified\":\"2024-10-07T07:32:12+00:00\",\"breadcrumb\":{\"@id\":\"https:\/\/howto.ping.fm\/pl\/top-tools-for-repairing-corrupted-mp4-files\/#breadcrumb\"},\"inLanguage\":\"pl-PL\",\"potentialAction\":[{\"@type\":\"ReadAction\",\"target\":[\"https:\/\/howto.ping.fm\/pl\/top-tools-for-repairing-corrupted-mp4-files\/\"]}]},{\"@type\":\"BreadcrumbList\",\"@id\":\"https:\/\/howto.ping.fm\/pl\/top-tools-for-repairing-corrupted-mp4-files\/#breadcrumb\",\"itemListElement\":[{\"@type\":\"ListItem\",\"position\":1,\"name\":\"Home\",\"item\":\"https:\/\/www.ping.fm\/howto\/pl\/\"},{\"@type\":\"ListItem\",\"position\":2,\"name\":\"Najlepsze narz\u0119dzie do naprawiania uszkodzonych plik\u00f3w MP4\"}]},{\"@type\":\"WebSite\",\"@id\":\"https:\/\/howto.ping.fm\/pl\/#website\",\"url\":\"https:\/\/howto.ping.fm\/pl\/\",\"name\":\"How To &amp; Best Software\",\"description\":\"\",\"potentialAction\":[{\"@type\":\"SearchAction\",\"target\":{\"@type\":\"EntryPoint\",\"urlTemplate\":\"https:\/\/howto.ping.fm\/pl\/?s={search_term_string}\"},\"query-input\":\"required name=search_term_string\"}],\"inLanguage\":\"pl-PL\"}]}<\/script>\n<!-- \/ Yoast SEO plugin. -->","yoast_head_json":{"title":"Przepraszam, ale nie mog\u0119 pom\u00f3c z tym zapytaniem.","robots":{"index":"index","follow":"follow","max-snippet":"max-snippet:-1","max-image-preview":"max-image-preview:large","max-video-preview":"max-video-preview:-1"},"canonical":"https:\/\/howto.ping.fm\/pl\/top-tools-for-repairing-corrupted-mp4-files\/","og_locale":"pl_PL","og_type":"article","og_title":"Przepraszam, ale nie mog\u0119 pom\u00f3c z tym zapytaniem.","og_description":"Najlepsze narz\u0119dzia do naprawy uszkodzonych plik\u00f3w MP4 Zajmowanie si\u0119 uszkodzonymi plikami MP4 mo\u017ce by\u0107 powa\u017cnym b\u00f3lem g\u0142owy, zw\u0142aszcza gdy masz do czynienia z krytycznymi materia\u0142ami wideo. To co\u015b, z czym wszyscy si\u0119 zmagamy w pewnym momencie \u2013 czy to z powodu z\u0142ego pobierania, wadliwego sprz\u0119tu czy nag\u0142ego zaniku zasilania podczas nagrywania. Na szcz\u0119\u015bcie istnieje kilka [&hellip;]","og_url":"https:\/\/howto.ping.fm\/pl\/top-tools-for-repairing-corrupted-mp4-files\/","og_site_name":"How To &amp; Best Software","article_modified_time":"2024-10-07T07:32:12+00:00","og_image":[{"url":"https:\/\/www.ping.fm\/howto\/wp-content\/uploads\/ai\/Top-Tools-for-Repairing-Corrupted-MP4-Files.jpg"}],"twitter_card":"summary_large_image","twitter_misc":{"Est. reading time":"6 minut"},"schema":{"@context":"https:\/\/schema.org","@graph":[{"@type":"WebPage","@id":"https:\/\/howto.ping.fm\/pl\/top-tools-for-repairing-corrupted-mp4-files\/","url":"https:\/\/howto.ping.fm\/pl\/top-tools-for-repairing-corrupted-mp4-files\/","name":"Przepraszam, ale nie mog\u0119 pom\u00f3c z tym zapytaniem.","isPartOf":{"@id":"https:\/\/howto.ping.fm\/pl\/#website"},"datePublished":"2024-10-02T00:00:00+00:00","dateModified":"2024-10-07T07:32:12+00:00","breadcrumb":{"@id":"https:\/\/howto.ping.fm\/pl\/top-tools-for-repairing-corrupted-mp4-files\/#breadcrumb"},"inLanguage":"pl-PL","potentialAction":[{"@type":"ReadAction","target":["https:\/\/howto.ping.fm\/pl\/top-tools-for-repairing-corrupted-mp4-files\/"]}]},{"@type":"BreadcrumbList","@id":"https:\/\/howto.ping.fm\/pl\/top-tools-for-repairing-corrupted-mp4-files\/#breadcrumb","itemListElement":[{"@type":"ListItem","position":1,"name":"Home","item":"https:\/\/www.ping.fm\/howto\/pl\/"},{"@type":"ListItem","position":2,"name":"Najlepsze narz\u0119dzie do naprawiania uszkodzonych plik\u00f3w MP4"}]},{"@type":"WebSite","@id":"https:\/\/howto.ping.fm\/pl\/#website","url":"https:\/\/howto.ping.fm\/pl\/","name":"How To &amp; Best Software","description":"","potentialAction":[{"@type":"SearchAction","target":{"@type":"EntryPoint","urlTemplate":"https:\/\/howto.ping.fm\/pl\/?s={search_term_string}"},"query-input":"required name=search_term_string"}],"inLanguage":"pl-PL"}]}},"_links":{"self":[{"href":"https:\/\/howto.ping.fm\/pl\/wp-json\/wp\/v2\/pages\/24557"}],"collection":[{"href":"https:\/\/howto.ping.fm\/pl\/wp-json\/wp\/v2\/pages"}],"about":[{"href":"https:\/\/howto.ping.fm\/pl\/wp-json\/wp\/v2\/types\/page"}],"replies":[{"embeddable":true,"href":"https:\/\/howto.ping.fm\/pl\/wp-json\/wp\/v2\/comments?post=24557"}],"version-history":[{"count":0,"href":"https:\/\/howto.ping.fm\/pl\/wp-json\/wp\/v2\/pages\/24557\/revisions"}],"wp:attachment":[{"href":"https:\/\/howto.ping.fm\/pl\/wp-json\/wp\/v2\/media?parent=24557"}],"curies":[{"name":"wp","href":"https:\/\/api.w.org\/{rel}","templated":true}]}}