{"id":24089,"date":"2024-07-11T00:00:00","date_gmt":"2024-07-11T00:00:00","guid":{"rendered":"https:\/\/www.ping.fm\/howto\/top-tools-for-repairing-corrupted-video-files\/"},"modified":"2024-07-19T09:06:02","modified_gmt":"2024-07-19T09:06:02","slug":"top-tools-for-repairing-corrupted-video-files","status":"publish","type":"page","link":"https:\/\/howto.ping.fm\/pl\/top-tools-for-repairing-corrupted-video-files\/","title":{"rendered":"Najlepsze narz\u0119dzie do odzyskiwania plik\u00f3w wideo"},"content":{"rendered":"<section>\n<h1>Najlepsze Narz\u0119dzia do Naprawy Uszkodzonych Plik\u00f3w Wideo<\/h1>\n<div class=\"inbrief\">\n<div>                     <img src=\"https:\/\/www.ping.fm\/howto\/wp-content\/uploads\/ai\/Top-Tools-for-Repairing-Corrupted-Video-Files.jpg\" alt=\"Top Tools for Repairing Corrupted Video Files\" title=\"Top Tools for Repairing Corrupted Video Files\" width=\"1280\" height=\"720\">                     <\/p>\n<p>Je\u015bli kiedykolwiek zmaga\u0142e\u015b si\u0119 z <b>uszkodzonym plikiem wideo<\/b>, wiesz, jak trudne mo\u017ce by\u0107 pr\u00f3bowanie odzyskania cennych nagra\u0144. Niezale\u017cnie od tego, czy to osobiste wspomnienie, wa\u017cny projekt zawodowy czy kluczowy moment uchwycony na kamerze, strata mo\u017ce wydawa\u0107 si\u0119 nieprzezwyci\u0119\u017cona. Na szcz\u0119\u015bcie istnieje kilka <a href='https:\/\/repair.cleverfiles.com' rel=\"nofollow noopener\" target='_blank'>us\u0142ug naprawy wideo<\/a>, kt\u00f3re mog\u0105 pom\u00f3c w odzyskaniu warto\u015bciowych plik\u00f3w. Spo\u015br\u00f3d licznych opcji, niekt\u00f3re narz\u0119dzia wyr\u00f3\u017cniaj\u0105 si\u0119 swoj\u0105 efektywno\u015bci\u0105, \u0142atwo\u015bci\u0105 obs\u0142ugi i niezawodno\u015bci\u0105. Z w\u0142asnego do\u015bwiadczenia, oto trzy najlepsze us\u0142ugi naprawy wideo, kt\u00f3re mog\u0105 tchn\u0105\u0107 \u017cycie w uszkodzone pliki.<\/p>\n<\/div>\n<\/div>\n<\/section>\n<section>\n<div class=\"medal\">\n<div>&#129351;<\/div>\n<\/div>\n<h2><a href=\"https:\/\/repair.cleverfiles.com\" rel=\"nofollow noopener\" target=\"_blank\">Clever Video Repair Tool<\/a><\/h2>\n<p><img src=\"https:\/\/www.ping.fm\/howto\/wp-content\/uploads\/2024\/07\/file-repair.jpg\" alt=\"https:\/\/repair.cleverfiles.com screenshot\" width=\"1280\" height=\"720\"><\/p>\n<p><b>Clever Video Repair Tool<\/b> to moje ulubione narz\u0119dzie, gdy mam do czynienia z <b>uszkodzonym plikiem wideo<\/b>. Jest przyjazne dla u\u017cytkownika, efektywne i bardzo niezawodne. To narz\u0119dzie obs\u0142uguje szerok\u0105 gam\u0119 format\u00f3w i oferuje prosty interfejs, co czyni je \u0142atwym w u\u017cyciu nawet dla tych, kt\u00f3rzy nie s\u0105 zaawansowani technologicznie.<\/p>\n<p><a href=\"https:\/\/repair.cleverfiles.com\" rel=\"nofollow noopener\" target=\"_blank\" class=\"ofWSite\">Oficjalna Strona<\/a><\/p>\n<h3 class=\"prosTitle\">Zalety<\/h3>\n<ul class=\"listpc pros\">\n<li>100% darmowe narz\u0119dzie do naprawy wideo online<\/li>\n<li>Obs\u0142uguje wiele format\u00f3w wideo<\/li>\n<\/ul>\n<h3 class=\"consTitle\">Wady<\/h3>\n<ul class=\"listpc cons\">\n<li>Ograniczona darmowa wersja<\/li>\n<li>Potencjalnie wolne przetwarzanie du\u017cych plik\u00f3w<\/li>\n<\/ul>\n<\/section>\n<section>\n<div class=\"medal\">\n<div>&#129352;<\/div>\n<\/div>\n<h2><a href=\"https:\/\/fix.video\" rel=\"nofollow noopener\" target=\"_blank\">Fix.Video Tool<\/a><\/h2>\n<p><img src=\"https:\/\/www.ping.fm\/howto\/wp-content\/uploads\/ai\/https---fix-videowww_ping_fmhowto.jpg\" alt=\"https:\/\/fix.video screenshot\" width=\"1280\" height=\"720\"><\/p>\n<p><b>Fix.Video<\/b> to kolejne doskona\u0142e narz\u0119dzie do naprawy <b>uszkodzonych plik\u00f3w wideo<\/b>. Jest znane ze swojej responsywnej obs\u0142ugi klienta i szybkich czas\u00f3w naprawy. To narz\u0119dzie online zapewnia, \u017ce twoje pliki wideo s\u0105 przywracane bez utraty jako\u015bci, co czyni je ulubionym wyborem wielu u\u017cytkownik\u00f3w.<\/p>\n<p><a href=\"https:\/\/fix.video\" rel=\"nofollow noopener\" target=\"_blank\" class=\"ofWSite\">Oficjalna Strona<\/a><\/p>\n<h3 class=\"prosTitle\">Zalety<\/h3>\n<ul class=\"listpc pros\">\n<li>Szybkie czasy naprawy<\/li>\n<li>Doskona\u0142a obs\u0142uga klienta<\/li>\n<\/ul>\n<h3 class=\"consTitle\">Wady<\/h3>\n<ul class=\"listpc cons\">\n<li>Wymaga po\u0142\u0105czenia z internetem<\/li>\n<li>Ograniczona d\u0142ugo\u015b\u0107 darmowych napraw<\/li>\n<\/ul>\n<\/section>\n<section>\n<div class=\"medal\">\n<div>&#129353;<\/div>\n<\/div>\n<h2><a href=\"https:\/\/restore.media\" rel=\"nofollow noopener\" target=\"_blank\">Restore.Media<\/a><\/h2>\n<p><img src=\"https:\/\/www.ping.fm\/howto\/wp-content\/uploads\/ai\/https---restore-mediawww_ping_fmhowto.jpg\" alt=\"https:\/\/restore.media screenshot\" width=\"1280\" height=\"720\"><\/p>\n<p><b>Restore.Media<\/b> oferuje zaawansowane mo\u017cliwo\u015bci naprawy <b>uszkodzonych plik\u00f3w wideo<\/b>. Jego zaawansowane algorytmy potrafi\u0105 poradzi\u0107 sobie nawet z najbardziej uszkodzonymi plikami, zapewniaj\u0105c kompleksowe rozwi\u0105zanie do odzyskiwania wideo. Cho\u0107 mo\u017ce wymaga\u0107 pewnej krzywej uczenia, wyniki s\u0105 warte wysi\u0142ku.<\/p>\n<p><a href=\"https:\/\/restore.media\" rel=\"nofollow noopener\" target=\"_blank\" class=\"ofWSite\">Oficjalna Strona<\/a><\/p>\n<h3 class=\"prosTitle\">Zalety<\/h3>\n<ul class=\"listpc pros\">\n<li>Radzi sobie z powa\u017cnie uszkodzonymi plikami<\/li>\n<li>Zaawansowane algorytmy odzyskiwania<\/li>\n<\/ul>\n<h3 class=\"consTitle\">Wady<\/h3>\n<ul class=\"listpc cons\">\n<li>Krzywa uczenia dla nowych u\u017cytkownik\u00f3w<\/li>\n<li>Mog\u0105 by\u0107 zbyt skomplikowane dla podstawowych potrzeb<\/li>\n<\/ul>\n<\/section>\n<section>\n<div class=\"no-medal\">\n<div>4<\/div>\n<\/div>\n<h2><a href=\"https:\/\/www.stellarinfo.com\" rel=\"nofollow noopener\" target=\"_blank\">Stellar Repair for Video<\/a><\/h2>\n<p><img src=\"https:\/\/www.ping.fm\/howto\/wp-content\/uploads\/ai\/https---www-stellarinfo-comwww_ping_fmhowto.jpg\" alt=\"https:\/\/www.stellarinfo.com screenshot\" width=\"1280\" height=\"720\"><\/p>\n<p><b>Stellar Repair for Video<\/b> to solidne i profesjonalne narz\u0119dzie przeznaczone do naprawy uszkodzonych plik\u00f3w wideo. Jest szczeg\u00f3lnie przydatne dla os\u00f3b, kt\u00f3re cz\u0119sto pracuj\u0105 z wysokiej jako\u015bci plikami wideo. Oprogramowanie obs\u0142uguje r\u00f3\u017cne formaty i zapewnia szczeg\u00f3\u0142owy podgl\u0105d przed zapisaniem naprawionych plik\u00f3w.<\/p>\n<p><a href=\"https:\/\/www.stellarinfo.com\" rel=\"nofollow noopener\" target=\"_blank\" class=\"ofWSite\">Oficjalna Strona<\/a><\/p>\n<h3 class=\"prosTitle\">Zalety<\/h3>\n<ul class=\"listpc pros\">\n<li>Profesjonalne oprogramowanie<\/li>\n<li>Obs\u0142uguje wiele format\u00f3w<\/li>\n<\/ul>\n<h3 class=\"consTitle\">Wady<\/h3>\n<ul class=\"listpc cons\">\n<li>Drogie plany subskrypcyjne<\/li>\n<li>Wymaga instalacji<\/li>\n<\/ul>\n<\/section>\n<section>\n<h2>Wnioski:<\/h2>\n<div class=\"nonp\">\n<p>Niezale\u017cnie od narz\u0119dzia, kt\u00f3re wybierzesz, wa\u017cne jest, aby zrozumie\u0107, jak dzia\u0142aj\u0105 te <b>us\u0142ugi naprawy wideo<\/b>. Og\u00f3lnie rzecz bior\u0105c, analizuj\u0105 one uszkodzony plik wideo, aby okre\u015bli\u0107 stopie\u0144 uszkodzenia. Por\u00f3wnuj\u0105c go z nienaruszonymi cz\u0119\u015bciami pliku i wykorzystuj\u0105c zaawansowane algorytmy, rekonstruuj\u0105 uszkodzone segmenty, aby ponownie uczyni\u0107 wideo odtwarzalnym.<\/p>\n<p>Wa\u017cnym aspektem do rozwa\u017cenia jest rodzaj <b>format\u00f3w plik\u00f3w wideo<\/b>, kt\u00f3re te narz\u0119dzia obs\u0142uguj\u0105. Wi\u0119kszo\u015b\u0107 z nich jest kompatybilna z popularnymi formatami, takimi jak MP4, AVI i MOV. Jednak konkretne narz\u0119dzia, takie jak <a href='https:\/\/restore.media' rel=\"nofollow noopener\" target='_blank'>Restore.Media<\/a>, mog\u0105 obs\u0142ugiwa\u0107 bardziej nietypowe formaty i oferowa\u0107 szczeg\u00f3\u0142owe opcje odzyskiwania.<\/p>\n<p>Podczas oceny tych narz\u0119dzi, inny kluczowy czynnik to wska\u017anik odzyskiwania. Niekt\u00f3re narz\u0119dzia mog\u0105 \u015bwietnie radzi\u0107 sobie z napraw\u0105 drobnych uszkodze\u0144, podczas gdy inne, takie jak <a href='https:\/\/repair.cleverfiles.com' rel=\"dofollow noopener\" target='_blank'>clever video repair<\/a> (Oficjalna strona), s\u0105 lepiej przygotowane do radzenia sobie z powa\u017cnymi uszkodzeniami za pomoc\u0105 zaawansowanych algorytm\u00f3w odzyskiwania. Zawsze szukaj recenzji i opinii, aby oceni\u0107 skuteczno\u015b\u0107 narz\u0119dzia.<\/p>\n<p>Interfejs u\u017cytkownika r\u00f3wnie\u017c ma znaczenie. Narz\u0119dzie mo\u017ce by\u0107 pot\u0119\u017cne, ale je\u015bli nie jest przyjazne dla u\u017cytkownika, mo\u017ce to dodatowa\u0107 si\u0119 do frustracji. Na szcz\u0119\u015bcie narz\u0119dzia, takie jak <a href='https:\/\/www.stellarinfo.com' rel=\"nofollow noopener\" target='_blank'>Stellar Repair for Video<\/a>, oferuj\u0105 profesjonalne funkcje, jednocze\u015bnie utrzymuj\u0105c prosty interfejs.<\/p>\n<p>Opr\u00f3cz tych konkretnych narz\u0119dzi, utrzymanie dobrych praktyk, takich jak regularne kopie zapasowe i u\u017cywanie wysokiej jako\u015bci urz\u0105dze\u0144 nagrywaj\u0105cych, mo\u017ce pom\u00f3c w zmniejszeniu ryzyka uszkodzenia plik\u00f3w. Zawsze upewnij si\u0119, \u017ce przechowujesz swoje filmy w bezpiecznych, niezawodnych rozwi\u0105zaniach do przechowywania i unikasz przerw w trakcie transferu plik\u00f3w, aby zmniejszy\u0107 szanse na uszkodzenie.<\/p>\n<\/div>\n<\/section>\n<div class=\"extrablock\">\n<p>Odkryj najlepsze metody naprawy wideo, aby przywr\u00f3ci\u0107 swoje cenne wspomnienia. Niezale\u017cnie od tego, czy masz uszkodzony plik MOV, czy te\u017c uszkodzony plik MP4, nasz przewodnik obejmuje najlepsze rozwi\u0105zania programowe i techniki DIY.<\/p>\n<p>                             <a href=\"https:\/\/www.linkedin.com\/pulse\/how-repair-corrupt-unreadable-mp4-mov-video-files-online-kropachek-bampe\/\" rel=\"dofollow noopener\" target=\"_blank\">https:\/\/www.linkedin.com\/pulse\/how-repair-corrupt-unreadable-mp4-mov-video-files-online-kropachek-bampe\/<\/a>                         <\/div>\n","protected":false},"excerpt":{"rendered":"<p>Najlepsze Narz\u0119dzia do Naprawy Uszkodzonych Plik\u00f3w Wideo Je\u015bli kiedykolwiek zmaga\u0142e\u015b si\u0119 z uszkodzonym plikiem wideo, wiesz, jak trudne mo\u017ce by\u0107 pr\u00f3bowanie odzyskania cennych nagra\u0144. Niezale\u017cnie od tego, czy to osobiste wspomnienie, wa\u017cny projekt zawodowy czy kluczowy moment uchwycony na kamerze, strata mo\u017ce wydawa\u0107 si\u0119 nieprzezwyci\u0119\u017cona. Na szcz\u0119\u015bcie istnieje kilka us\u0142ug naprawy wideo, kt\u00f3re mog\u0105 pom\u00f3c [&hellip;]<\/p>\n","protected":false},"author":0,"featured_media":24090,"parent":0,"menu_order":0,"comment_status":"closed","ping_status":"closed","template":"chromecast.php","meta":{"_stopmodifiedupdate":false,"_modified_date":"","_lmt_disableupdate":"","_lmt_disable":""},"acf":[],"yoast_head":"<!-- This site is optimized with the Yoast SEO plugin v20.9 - https:\/\/yoast.com\/wordpress\/plugins\/seo\/ -->\n<title>Narz\u0119dzie do odzyskiwania uszkodzonych plik\u00f3w wideo<\/title>\n<meta name=\"robots\" content=\"index, follow, max-snippet:-1, max-image-preview:large, max-video-preview:-1\" \/>\n<link rel=\"canonical\" href=\"https:\/\/howto.ping.fm\/pl\/top-tools-for-repairing-corrupted-video-files\/\" \/>\n<meta property=\"og:locale\" content=\"pl_PL\" \/>\n<meta property=\"og:type\" content=\"article\" \/>\n<meta property=\"og:title\" content=\"Narz\u0119dzie do odzyskiwania uszkodzonych plik\u00f3w wideo\" \/>\n<meta property=\"og:description\" content=\"Najlepsze Narz\u0119dzia do Naprawy Uszkodzonych Plik\u00f3w Wideo Je\u015bli kiedykolwiek zmaga\u0142e\u015b si\u0119 z uszkodzonym plikiem wideo, wiesz, jak trudne mo\u017ce by\u0107 pr\u00f3bowanie odzyskania cennych nagra\u0144. Niezale\u017cnie od tego, czy to osobiste wspomnienie, wa\u017cny projekt zawodowy czy kluczowy moment uchwycony na kamerze, strata mo\u017ce wydawa\u0107 si\u0119 nieprzezwyci\u0119\u017cona. Na szcz\u0119\u015bcie istnieje kilka us\u0142ug naprawy wideo, kt\u00f3re mog\u0105 pom\u00f3c [&hellip;]\" \/>\n<meta property=\"og:url\" content=\"https:\/\/howto.ping.fm\/pl\/top-tools-for-repairing-corrupted-video-files\/\" \/>\n<meta property=\"og:site_name\" content=\"How To &amp; Best Software\" \/>\n<meta property=\"article:modified_time\" content=\"2024-07-19T09:06:02+00:00\" \/>\n<meta property=\"og:image\" content=\"https:\/\/www.ping.fm\/howto\/wp-content\/uploads\/2024\/07\/Top-Tools-for-Repairing-Corrupted-Video-Files-34.jpg\" \/>\n\t<meta property=\"og:image:width\" content=\"1280\" \/>\n\t<meta property=\"og:image:height\" content=\"731\" \/>\n\t<meta property=\"og:image:type\" content=\"image\/jpeg\" \/>\n<meta name=\"twitter:card\" content=\"summary_large_image\" \/>\n<meta name=\"twitter:label1\" content=\"Est. reading time\" \/>\n\t<meta name=\"twitter:data1\" content=\"4 minuty\" \/>\n<script type=\"application\/ld+json\" class=\"yoast-schema-graph\">{\"@context\":\"https:\/\/schema.org\",\"@graph\":[{\"@type\":\"WebPage\",\"@id\":\"https:\/\/howto.ping.fm\/pl\/top-tools-for-repairing-corrupted-video-files\/\",\"url\":\"https:\/\/howto.ping.fm\/pl\/top-tools-for-repairing-corrupted-video-files\/\",\"name\":\"Narz\u0119dzie do odzyskiwania uszkodzonych plik\u00f3w wideo\",\"isPartOf\":{\"@id\":\"https:\/\/howto.ping.fm\/pl\/#website\"},\"datePublished\":\"2024-07-11T00:00:00+00:00\",\"dateModified\":\"2024-07-19T09:06:02+00:00\",\"breadcrumb\":{\"@id\":\"https:\/\/howto.ping.fm\/pl\/top-tools-for-repairing-corrupted-video-files\/#breadcrumb\"},\"inLanguage\":\"pl-PL\",\"potentialAction\":[{\"@type\":\"ReadAction\",\"target\":[\"https:\/\/howto.ping.fm\/pl\/top-tools-for-repairing-corrupted-video-files\/\"]}]},{\"@type\":\"BreadcrumbList\",\"@id\":\"https:\/\/howto.ping.fm\/pl\/top-tools-for-repairing-corrupted-video-files\/#breadcrumb\",\"itemListElement\":[{\"@type\":\"ListItem\",\"position\":1,\"name\":\"Home\",\"item\":\"https:\/\/www.ping.fm\/howto\/pl\/\"},{\"@type\":\"ListItem\",\"position\":2,\"name\":\"Najlepsze narz\u0119dzie do odzyskiwania plik\u00f3w wideo\"}]},{\"@type\":\"WebSite\",\"@id\":\"https:\/\/howto.ping.fm\/pl\/#website\",\"url\":\"https:\/\/howto.ping.fm\/pl\/\",\"name\":\"How To &amp; Best Software\",\"description\":\"\",\"potentialAction\":[{\"@type\":\"SearchAction\",\"target\":{\"@type\":\"EntryPoint\",\"urlTemplate\":\"https:\/\/howto.ping.fm\/pl\/?s={search_term_string}\"},\"query-input\":\"required name=search_term_string\"}],\"inLanguage\":\"pl-PL\"}]}<\/script>\n<!-- \/ Yoast SEO plugin. -->","yoast_head_json":{"title":"Narz\u0119dzie do odzyskiwania uszkodzonych plik\u00f3w wideo","robots":{"index":"index","follow":"follow","max-snippet":"max-snippet:-1","max-image-preview":"max-image-preview:large","max-video-preview":"max-video-preview:-1"},"canonical":"https:\/\/howto.ping.fm\/pl\/top-tools-for-repairing-corrupted-video-files\/","og_locale":"pl_PL","og_type":"article","og_title":"Narz\u0119dzie do odzyskiwania uszkodzonych plik\u00f3w wideo","og_description":"Najlepsze Narz\u0119dzia do Naprawy Uszkodzonych Plik\u00f3w Wideo Je\u015bli kiedykolwiek zmaga\u0142e\u015b si\u0119 z uszkodzonym plikiem wideo, wiesz, jak trudne mo\u017ce by\u0107 pr\u00f3bowanie odzyskania cennych nagra\u0144. Niezale\u017cnie od tego, czy to osobiste wspomnienie, wa\u017cny projekt zawodowy czy kluczowy moment uchwycony na kamerze, strata mo\u017ce wydawa\u0107 si\u0119 nieprzezwyci\u0119\u017cona. Na szcz\u0119\u015bcie istnieje kilka us\u0142ug naprawy wideo, kt\u00f3re mog\u0105 pom\u00f3c [&hellip;]","og_url":"https:\/\/howto.ping.fm\/pl\/top-tools-for-repairing-corrupted-video-files\/","og_site_name":"How To &amp; Best Software","article_modified_time":"2024-07-19T09:06:02+00:00","og_image":[{"width":1280,"height":731,"url":"https:\/\/www.ping.fm\/howto\/wp-content\/uploads\/2024\/07\/Top-Tools-for-Repairing-Corrupted-Video-Files-34.jpg","type":"image\/jpeg"}],"twitter_card":"summary_large_image","twitter_misc":{"Est. reading time":"4 minuty"},"schema":{"@context":"https:\/\/schema.org","@graph":[{"@type":"WebPage","@id":"https:\/\/howto.ping.fm\/pl\/top-tools-for-repairing-corrupted-video-files\/","url":"https:\/\/howto.ping.fm\/pl\/top-tools-for-repairing-corrupted-video-files\/","name":"Narz\u0119dzie do odzyskiwania uszkodzonych plik\u00f3w wideo","isPartOf":{"@id":"https:\/\/howto.ping.fm\/pl\/#website"},"datePublished":"2024-07-11T00:00:00+00:00","dateModified":"2024-07-19T09:06:02+00:00","breadcrumb":{"@id":"https:\/\/howto.ping.fm\/pl\/top-tools-for-repairing-corrupted-video-files\/#breadcrumb"},"inLanguage":"pl-PL","potentialAction":[{"@type":"ReadAction","target":["https:\/\/howto.ping.fm\/pl\/top-tools-for-repairing-corrupted-video-files\/"]}]},{"@type":"BreadcrumbList","@id":"https:\/\/howto.ping.fm\/pl\/top-tools-for-repairing-corrupted-video-files\/#breadcrumb","itemListElement":[{"@type":"ListItem","position":1,"name":"Home","item":"https:\/\/www.ping.fm\/howto\/pl\/"},{"@type":"ListItem","position":2,"name":"Najlepsze narz\u0119dzie do odzyskiwania plik\u00f3w wideo"}]},{"@type":"WebSite","@id":"https:\/\/howto.ping.fm\/pl\/#website","url":"https:\/\/howto.ping.fm\/pl\/","name":"How To &amp; Best Software","description":"","potentialAction":[{"@type":"SearchAction","target":{"@type":"EntryPoint","urlTemplate":"https:\/\/howto.ping.fm\/pl\/?s={search_term_string}"},"query-input":"required name=search_term_string"}],"inLanguage":"pl-PL"}]}},"_links":{"self":[{"href":"https:\/\/howto.ping.fm\/pl\/wp-json\/wp\/v2\/pages\/24089"}],"collection":[{"href":"https:\/\/howto.ping.fm\/pl\/wp-json\/wp\/v2\/pages"}],"about":[{"href":"https:\/\/howto.ping.fm\/pl\/wp-json\/wp\/v2\/types\/page"}],"replies":[{"embeddable":true,"href":"https:\/\/howto.ping.fm\/pl\/wp-json\/wp\/v2\/comments?post=24089"}],"version-history":[{"count":0,"href":"https:\/\/howto.ping.fm\/pl\/wp-json\/wp\/v2\/pages\/24089\/revisions"}],"wp:featuredmedia":[{"embeddable":true,"href":"https:\/\/howto.ping.fm\/pl\/wp-json\/wp\/v2\/media\/24090"}],"wp:attachment":[{"href":"https:\/\/howto.ping.fm\/pl\/wp-json\/wp\/v2\/media?parent=24089"}],"curies":[{"name":"wp","href":"https:\/\/api.w.org\/{rel}","templated":true}]}}