{"id":20135,"date":"2023-07-31T13:58:28","date_gmt":"2023-07-31T13:58:28","guid":{"rendered":"https:\/\/www.ping.fm\/howto\/?page_id=20135"},"modified":"2024-04-09T09:32:56","modified_gmt":"2024-04-09T09:32:56","slug":"po","status":"publish","type":"page","link":"https:\/\/howto.ping.fm\/pl\/","title":{"rendered":"\/pl"},"content":{"rendered":"<section class=\"banner howto\">\n<div class=\"banner--img\">\n<div class=\"banner--inner\">\n<h1>Recenzje Oprogramowania &#038; Poradniki dotycz\u0105ce Technologii<\/h1>\n<p>Odkryj sekrety technologii dzi\u0119ki naszemu kompleksowemu przewodnikowi na temat &#8222;Jak radzi\u0107 sobie ze scenariuszami technicznymi i recenzjami oprogramowania&#8221;. Niezale\u017cnie od tego, czy jeste\u015b entuzjast\u0105 technologii, profesjonalist\u0105 d\u0105\u017c\u0105cym do rozwoju umiej\u0119tno\u015bci, czy pocz\u0105tkuj\u0105cym, kt\u00f3ry pragnie zrozumie\u0107 \u015bwiat technologii, ten przewodnik to zas\u00f3b, kt\u00f3ry spe\u0142ni wszystkie Twoje potrzeby. Zanurz si\u0119 w szczeg\u00f3\u0142owe, krok po kroku wyja\u015bnienia r\u00f3\u017cnych scenariuszy technicznych, pocz\u0105wszy od podstawowej diagnozy problem\u00f3w, a sko\u0144czywszy na zaawansowanych konfiguracjach system\u00f3w.<\/p>\n<p>Nasze eksperckie recenzje i analizy najnowszego oprogramowania pomog\u0105 Ci dokona\u0107 \u015bwiadomych wybor\u00f3w, gwarantuj\u0105c, \u017ce wybierzesz odpowiednie narz\u0119dzia dopasowane do Twoich potrzeb.<\/p>\n<\/div>\n<\/div>\n<\/section>\n","protected":false},"excerpt":{"rendered":"<p>Recenzje Oprogramowania &#038; Poradniki dotycz\u0105ce Technologii Odkryj sekrety technologii dzi\u0119ki naszemu kompleksowemu przewodnikowi na temat &#8222;Jak radzi\u0107 sobie ze scenariuszami technicznymi i recenzjami oprogramowania&#8221;. Niezale\u017cnie od tego, czy jeste\u015b entuzjast\u0105 technologii, profesjonalist\u0105 d\u0105\u017c\u0105cym do rozwoju umiej\u0119tno\u015bci, czy pocz\u0105tkuj\u0105cym, kt\u00f3ry pragnie zrozumie\u0107 \u015bwiat technologii, ten przewodnik to zas\u00f3b, kt\u00f3ry spe\u0142ni wszystkie Twoje potrzeby. Zanurz si\u0119 w [&hellip;]<\/p>\n","protected":false},"author":2,"featured_media":20139,"parent":0,"menu_order":0,"comment_status":"closed","ping_status":"closed","template":"homepage.php","meta":{"_stopmodifiedupdate":false,"_modified_date":"","_lmt_disableupdate":"yes","_lmt_disable":""},"acf":[],"yoast_head":"<!-- This site is optimized with the Yoast SEO plugin v20.9 - https:\/\/yoast.com\/wordpress\/plugins\/seo\/ -->\n<title>Najnowsze recenzje oprogramowania \/ aplikacji i poradniki &quot;jak to zrobi\u0107&quot; w 2026.<\/title>\n<meta name=\"description\" content=\"Odkryj sekrety technologii dzi\u0119ki naszemu kompleksowemu przewodnikowi na temat &quot;Jak radzi\u0107 sobie ze scenariuszami technicznymi i recenzjami oprogramowania&quot;. Niezale\u017cnie od tego, czy jeste\u015b entuzjast\u0105 technologii, profesjonalist\u0105 d\u0105\u017c\u0105cym do rozwoju umiej\u0119tno\u015bci, czy pocz\u0105tkuj\u0105cym, kt\u00f3ry pragnie zrozumie\u0107 \u015bwiat technologii, ten przewodnik to zas\u00f3b, kt\u00f3ry spe\u0142ni wszystkie Twoje potrzeby. Zanurz si\u0119 w szczeg\u00f3\u0142owe, krok po kroku wyja\u015bnienia r\u00f3\u017cnych scenariuszy technicznych, pocz\u0105wszy od podstawowej diagnozy problem\u00f3w, a sko\u0144czywszy na zaawansowanych konfiguracjach system\u00f3w.\" \/>\n<meta name=\"robots\" content=\"index, follow, max-snippet:-1, max-image-preview:large, max-video-preview:-1\" \/>\n<link rel=\"canonical\" href=\"https:\/\/howto.ping.fm\/pl\/\" \/>\n<meta property=\"og:locale\" content=\"pl_PL\" \/>\n<meta property=\"og:type\" content=\"article\" \/>\n<meta property=\"og:title\" content=\"Najnowsze recenzje oprogramowania \/ aplikacji i poradniki &quot;jak to zrobi\u0107&quot; w 2026.\" \/>\n<meta property=\"og:description\" content=\"Odkryj sekrety technologii dzi\u0119ki naszemu kompleksowemu przewodnikowi na temat &quot;Jak radzi\u0107 sobie ze scenariuszami technicznymi i recenzjami oprogramowania&quot;. Niezale\u017cnie od tego, czy jeste\u015b entuzjast\u0105 technologii, profesjonalist\u0105 d\u0105\u017c\u0105cym do rozwoju umiej\u0119tno\u015bci, czy pocz\u0105tkuj\u0105cym, kt\u00f3ry pragnie zrozumie\u0107 \u015bwiat technologii, ten przewodnik to zas\u00f3b, kt\u00f3ry spe\u0142ni wszystkie Twoje potrzeby. Zanurz si\u0119 w szczeg\u00f3\u0142owe, krok po kroku wyja\u015bnienia r\u00f3\u017cnych scenariuszy technicznych, pocz\u0105wszy od podstawowej diagnozy problem\u00f3w, a sko\u0144czywszy na zaawansowanych konfiguracjach system\u00f3w.\" \/>\n<meta property=\"og:url\" content=\"https:\/\/howto.ping.fm\/pl\/\" \/>\n<meta property=\"og:site_name\" content=\"How To &amp; Best Software\" \/>\n<meta property=\"article:modified_time\" content=\"2024-04-09T09:32:56+00:00\" \/>\n<meta property=\"og:image\" content=\"https:\/\/www.ping.fm\/howto\/wp-content\/uploads\/2024\/01\/DALL\u00b7E_2024_01_05_09_54_29_A_simple_3D_character_holding_a_tech.png\" \/>\n\t<meta property=\"og:image:width\" content=\"1024\" \/>\n\t<meta property=\"og:image:height\" content=\"1024\" \/>\n\t<meta property=\"og:image:type\" content=\"image\/png\" \/>\n<meta name=\"twitter:card\" content=\"summary_large_image\" \/>\n<meta name=\"twitter:label1\" content=\"Est. reading time\" \/>\n\t<meta name=\"twitter:data1\" content=\"1 minuta\" \/>\n<script type=\"application\/ld+json\" class=\"yoast-schema-graph\">{\"@context\":\"https:\/\/schema.org\",\"@graph\":[{\"@type\":\"WebPage\",\"@id\":\"https:\/\/howto.ping.fm\/pl\/\",\"url\":\"https:\/\/howto.ping.fm\/pl\/\",\"name\":\"Najnowsze recenzje oprogramowania \/ aplikacji i poradniki \\\"jak to zrobi\u0107\\\" w 2026.\",\"isPartOf\":{\"@id\":\"https:\/\/howto.ping.fm\/pl\/#website\"},\"datePublished\":\"2023-07-31T13:58:28+00:00\",\"dateModified\":\"2024-04-09T09:32:56+00:00\",\"description\":\"Odkryj sekrety technologii dzi\u0119ki naszemu kompleksowemu przewodnikowi na temat \\\"Jak radzi\u0107 sobie ze scenariuszami technicznymi i recenzjami oprogramowania\\\". Niezale\u017cnie od tego, czy jeste\u015b entuzjast\u0105 technologii, profesjonalist\u0105 d\u0105\u017c\u0105cym do rozwoju umiej\u0119tno\u015bci, czy pocz\u0105tkuj\u0105cym, kt\u00f3ry pragnie zrozumie\u0107 \u015bwiat technologii, ten przewodnik to zas\u00f3b, kt\u00f3ry spe\u0142ni wszystkie Twoje potrzeby. Zanurz si\u0119 w szczeg\u00f3\u0142owe, krok po kroku wyja\u015bnienia r\u00f3\u017cnych scenariuszy technicznych, pocz\u0105wszy od podstawowej diagnozy problem\u00f3w, a sko\u0144czywszy na zaawansowanych konfiguracjach system\u00f3w.\",\"breadcrumb\":{\"@id\":\"https:\/\/howto.ping.fm\/pl\/#breadcrumb\"},\"inLanguage\":\"pl-PL\",\"potentialAction\":[{\"@type\":\"ReadAction\",\"target\":[\"https:\/\/howto.ping.fm\/pl\/\"]}]},{\"@type\":\"BreadcrumbList\",\"@id\":\"https:\/\/howto.ping.fm\/pl\/#breadcrumb\",\"itemListElement\":[{\"@type\":\"ListItem\",\"position\":1,\"name\":\"Home\",\"item\":\"https:\/\/www.ping.fm\/howto\/pl\/\"},{\"@type\":\"ListItem\",\"position\":2,\"name\":\"\/pl\"}]},{\"@type\":\"WebSite\",\"@id\":\"https:\/\/howto.ping.fm\/pl\/#website\",\"url\":\"https:\/\/howto.ping.fm\/pl\/\",\"name\":\"How To &amp; Best Software\",\"description\":\"\",\"potentialAction\":[{\"@type\":\"SearchAction\",\"target\":{\"@type\":\"EntryPoint\",\"urlTemplate\":\"https:\/\/howto.ping.fm\/pl\/?s={search_term_string}\"},\"query-input\":\"required name=search_term_string\"}],\"inLanguage\":\"pl-PL\"}]}<\/script>\n<!-- \/ Yoast SEO plugin. -->","yoast_head_json":{"title":"Najnowsze recenzje oprogramowania \/ aplikacji i poradniki \"jak to zrobi\u0107\" w 2026.","description":"Odkryj sekrety technologii dzi\u0119ki naszemu kompleksowemu przewodnikowi na temat \"Jak radzi\u0107 sobie ze scenariuszami technicznymi i recenzjami oprogramowania\". Niezale\u017cnie od tego, czy jeste\u015b entuzjast\u0105 technologii, profesjonalist\u0105 d\u0105\u017c\u0105cym do rozwoju umiej\u0119tno\u015bci, czy pocz\u0105tkuj\u0105cym, kt\u00f3ry pragnie zrozumie\u0107 \u015bwiat technologii, ten przewodnik to zas\u00f3b, kt\u00f3ry spe\u0142ni wszystkie Twoje potrzeby. Zanurz si\u0119 w szczeg\u00f3\u0142owe, krok po kroku wyja\u015bnienia r\u00f3\u017cnych scenariuszy technicznych, pocz\u0105wszy od podstawowej diagnozy problem\u00f3w, a sko\u0144czywszy na zaawansowanych konfiguracjach system\u00f3w.","robots":{"index":"index","follow":"follow","max-snippet":"max-snippet:-1","max-image-preview":"max-image-preview:large","max-video-preview":"max-video-preview:-1"},"canonical":"https:\/\/howto.ping.fm\/pl\/","og_locale":"pl_PL","og_type":"article","og_title":"Najnowsze recenzje oprogramowania \/ aplikacji i poradniki \"jak to zrobi\u0107\" w 2026.","og_description":"Odkryj sekrety technologii dzi\u0119ki naszemu kompleksowemu przewodnikowi na temat \"Jak radzi\u0107 sobie ze scenariuszami technicznymi i recenzjami oprogramowania\". Niezale\u017cnie od tego, czy jeste\u015b entuzjast\u0105 technologii, profesjonalist\u0105 d\u0105\u017c\u0105cym do rozwoju umiej\u0119tno\u015bci, czy pocz\u0105tkuj\u0105cym, kt\u00f3ry pragnie zrozumie\u0107 \u015bwiat technologii, ten przewodnik to zas\u00f3b, kt\u00f3ry spe\u0142ni wszystkie Twoje potrzeby. Zanurz si\u0119 w szczeg\u00f3\u0142owe, krok po kroku wyja\u015bnienia r\u00f3\u017cnych scenariuszy technicznych, pocz\u0105wszy od podstawowej diagnozy problem\u00f3w, a sko\u0144czywszy na zaawansowanych konfiguracjach system\u00f3w.","og_url":"https:\/\/howto.ping.fm\/pl\/","og_site_name":"How To &amp; Best Software","article_modified_time":"2024-04-09T09:32:56+00:00","og_image":[{"width":1024,"height":1024,"url":"https:\/\/www.ping.fm\/howto\/wp-content\/uploads\/2024\/01\/DALL\u00b7E_2024_01_05_09_54_29_A_simple_3D_character_holding_a_tech.png","type":"image\/png"}],"twitter_card":"summary_large_image","twitter_misc":{"Est. reading time":"1 minuta"},"schema":{"@context":"https:\/\/schema.org","@graph":[{"@type":"WebPage","@id":"https:\/\/howto.ping.fm\/pl\/","url":"https:\/\/howto.ping.fm\/pl\/","name":"Najnowsze recenzje oprogramowania \/ aplikacji i poradniki \"jak to zrobi\u0107\" w 2026.","isPartOf":{"@id":"https:\/\/howto.ping.fm\/pl\/#website"},"datePublished":"2023-07-31T13:58:28+00:00","dateModified":"2024-04-09T09:32:56+00:00","description":"Odkryj sekrety technologii dzi\u0119ki naszemu kompleksowemu przewodnikowi na temat \"Jak radzi\u0107 sobie ze scenariuszami technicznymi i recenzjami oprogramowania\". Niezale\u017cnie od tego, czy jeste\u015b entuzjast\u0105 technologii, profesjonalist\u0105 d\u0105\u017c\u0105cym do rozwoju umiej\u0119tno\u015bci, czy pocz\u0105tkuj\u0105cym, kt\u00f3ry pragnie zrozumie\u0107 \u015bwiat technologii, ten przewodnik to zas\u00f3b, kt\u00f3ry spe\u0142ni wszystkie Twoje potrzeby. Zanurz si\u0119 w szczeg\u00f3\u0142owe, krok po kroku wyja\u015bnienia r\u00f3\u017cnych scenariuszy technicznych, pocz\u0105wszy od podstawowej diagnozy problem\u00f3w, a sko\u0144czywszy na zaawansowanych konfiguracjach system\u00f3w.","breadcrumb":{"@id":"https:\/\/howto.ping.fm\/pl\/#breadcrumb"},"inLanguage":"pl-PL","potentialAction":[{"@type":"ReadAction","target":["https:\/\/howto.ping.fm\/pl\/"]}]},{"@type":"BreadcrumbList","@id":"https:\/\/howto.ping.fm\/pl\/#breadcrumb","itemListElement":[{"@type":"ListItem","position":1,"name":"Home","item":"https:\/\/www.ping.fm\/howto\/pl\/"},{"@type":"ListItem","position":2,"name":"\/pl"}]},{"@type":"WebSite","@id":"https:\/\/howto.ping.fm\/pl\/#website","url":"https:\/\/howto.ping.fm\/pl\/","name":"How To &amp; Best Software","description":"","potentialAction":[{"@type":"SearchAction","target":{"@type":"EntryPoint","urlTemplate":"https:\/\/howto.ping.fm\/pl\/?s={search_term_string}"},"query-input":"required name=search_term_string"}],"inLanguage":"pl-PL"}]}},"_links":{"self":[{"href":"https:\/\/howto.ping.fm\/pl\/wp-json\/wp\/v2\/pages\/20135"}],"collection":[{"href":"https:\/\/howto.ping.fm\/pl\/wp-json\/wp\/v2\/pages"}],"about":[{"href":"https:\/\/howto.ping.fm\/pl\/wp-json\/wp\/v2\/types\/page"}],"author":[{"embeddable":true,"href":"https:\/\/howto.ping.fm\/pl\/wp-json\/wp\/v2\/users\/2"}],"replies":[{"embeddable":true,"href":"https:\/\/howto.ping.fm\/pl\/wp-json\/wp\/v2\/comments?post=20135"}],"version-history":[{"count":2,"href":"https:\/\/howto.ping.fm\/pl\/wp-json\/wp\/v2\/pages\/20135\/revisions"}],"predecessor-version":[{"id":20141,"href":"https:\/\/howto.ping.fm\/pl\/wp-json\/wp\/v2\/pages\/20135\/revisions\/20141"}],"wp:featuredmedia":[{"embeddable":true,"href":"https:\/\/howto.ping.fm\/pl\/wp-json\/wp\/v2\/media\/20139"}],"wp:attachment":[{"href":"https:\/\/howto.ping.fm\/pl\/wp-json\/wp\/v2\/media?parent=20135"}],"curies":[{"name":"wp","href":"https:\/\/api.w.org\/{rel}","templated":true}]}}