{"id":24555,"date":"2024-10-02T00:00:00","date_gmt":"2024-10-02T00:00:00","guid":{"rendered":"https:\/\/howto.ping.fm\/top-tools-for-repairing-corrupted-mp4-files\/"},"modified":"2024-10-07T07:30:37","modified_gmt":"2024-10-07T07:30:37","slug":"top-tools-for-repairing-corrupted-mp4-files","status":"publish","type":"page","link":"https:\/\/howto.ping.fm\/no\/top-tools-for-repairing-corrupted-mp4-files\/","title":{"rendered":"Den beste verkt\u00f8yet for \u00e5 reparere skadede MP4-filer"},"content":{"rendered":"<section>\n<h1>Toppverkt\u00f8y for \u00e5 reparere korrupte MP4-filer<\/h1>\n<div class=\"inbrief\">\n<div>                     <img src=\"https:\/\/www.ping.fm\/howto\/wp-content\/uploads\/ai\/Top-Tools-for-Repairing-Corrupted-MP4-Files.jpg\" alt=\"Toppverkt\u00f8y for \u00e5 reparere korrupte MP4-filer\" title=\"Toppverkt\u00f8y for \u00e5 reparere korrupte MP4-filer\" width=\"1280\" height=\"720\">                     <\/p>\n<p>\u00c5 h\u00e5ndtere korrupte MP4-filer kan v\u00e6re en stor hodepine, spesielt n\u00e5r du har kritisk videoinnhold p\u00e5 spill. Det er noe vi alle st\u00e5r overfor p\u00e5 et eller annet tidspunkt\u2014enten det er p\u00e5 grunn av en d\u00e5rlig nedlasting, feilfunksjonerende maskinvare, eller et plutselig str\u00f8mbrudd under innspilling. Heldigvis finnes det flere verkt\u00f8y som kan hjelpe deg med \u00e5 redde dine dyrebare filer. I dag vil jeg dele mine personlige erfaringer med noen av de beste verkt\u00f8yene som er tilgjengelige for \u00e5 fikse korrupte MP4-filer. Fra smarte online reparasjonsverkt\u00f8y til robust programvare for skrivebordet, vil denne artikkelen veilede deg p\u00e5 veien mot gjenoppretting. S\u00e5 la oss dykke inn og utforske disse livredderne.<\/p>\n<\/div>\n<\/div>\n<\/section>\n<section>\n<div class=\"medal\">\n<div>&#129351;<\/div>\n<\/div>\n<h2><a href=\"https:\/\/repair.cleverfiles.com\" rel=\"nofollow noopener\" target=\"_blank\">Clever gratis online videoreparasjonsverkt\u00f8y<\/a><\/h2>\n<p><img src=\"https:\/\/www.ping.fm\/howto\/wp-content\/uploads\/ai\/https---repair-cleverfiles-comwww_ping_fmhowtobest-tools-to-fix-corrupted-mp4.jpg\" alt=\"https:\/\/repair.cleverfiles.com skjermbilde\" width=\"1280\" height=\"720\"><\/p>\n<p>Det <b>Clever gratis online videoreparasjonsverkt\u00f8y<\/b> er et utmerket valg for de som trenger en rask og effektiv l\u00f8sning for \u00e5 fikse sine korrupte MP4-filer. Dette verkt\u00f8yet er nettleserbasert, noe som betyr at du ikke trenger \u00e5 laste ned eller installere noe. \u00c5 bruke det nettbaserte grensesnittet er enkelt og intuitivt. Du bare laster opp den korrupte videofilen, og verkt\u00f8yet begynner \u00e5 arbeide med \u00e5 fors\u00f8ke \u00e5 reparere eventuelle skader og gjenopprette filen til en spillbar tilstand.<\/p>\n<p><a href=\"https:\/\/repair.cleverfiles.com\" rel=\"nofollow noopener\" target=\"_blank\" class=\"ofWSite\">Offisiell nettside<\/a><\/p>\n<h3 class=\"prosTitle\">Fordeler<\/h3>\n<ul class=\"listpc pros\">\n<li>Rask og enkel \u00e5 bruke<\/li>\n<li>Ingen behov for installasjon<\/li>\n<\/ul>\n<h3 class=\"consTitle\">Ulemper<\/h3>\n<ul class=\"listpc cons\">\n<li>Krever stabil internettforbindelse<\/li>\n<li>Kanskje ikke st\u00f8tter alle filformater<\/li>\n<\/ul>\n<\/section>\n<section>\n<div class=\"medal\">\n<div>&#129352;<\/div>\n<\/div>\n<h2>Videoreparasjonsverkt\u00f8y<\/h2>\n<p>Det <b>videoreparasjonsverkt\u00f8y<\/b> er et kraftig skrivebordsprogram designet for \u00e5 fikse korrupte videofiler. Det fungerer med en rekke videoformater, noe som gj\u00f8r det allsidig for ulike behov. Verkt\u00f8yet bruker avanserte algoritmer for \u00e5 identifisere og reparere skader i filen, som rammehopp og manglende segmenter. Det er spesielt effektivt for filer som er korrupte p\u00e5 grunn av avbrutte opptak eller feil h\u00e5ndtering av lagring.<\/p>\n<h3 class=\"prosTitle\">Fordeler<\/h3>\n<ul class=\"listpc pros\">\n<li>St\u00f8tter flere videoformater<\/li>\n<li>Avanserte reparasjonsalgoritmer<\/li>\n<\/ul>\n<h3 class=\"consTitle\">Ulemper<\/h3>\n<ul class=\"listpc cons\">\n<li>Krever installasjon<\/li>\n<li>Ikke gratis<\/li>\n<\/ul>\n<\/section>\n<section>\n<div class=\"medal\">\n<div>&#129353;<\/div>\n<\/div>\n<h2><a href=\"https:\/\/restore.media\" rel=\"nofollow noopener\" target=\"_blank\">Restore.Media<\/a><\/h2>\n<p><img src=\"https:\/\/www.ping.fm\/howto\/wp-content\/uploads\/ai\/https---restore-mediawww_ping_fmhowtobest-tools-to-fix-corrupted-mp4.jpg\" alt=\"https:\/\/restore.media skjermbilde\" width=\"1280\" height=\"720\"><\/p>\n<p><b>Restore.Media<\/b> er en nettbasert tjeneste som spesialiserer seg p\u00e5 gjenoppretting av korrupte videofiler. Plattformen st\u00f8tter en rekke video- og lydformater. En bemerkelsesverdig funksjon er evnen til \u00e5 reparere filer som er blitt spilt inn p\u00e5 forskjellige enheter, inkludert smarttelefoner, kameraer og droner. Brukere m\u00e5 laste opp sine korrupte filer, og tjenesten vil starte reparasjonsprosessen, med tilbud om forh\u00e5ndsvisning av den reparerte videoen f\u00f8r du gj\u00f8r noen forpliktelser.<\/p>\n<p><a href=\"https:\/\/restore.media\" rel=\"nofollow noopener\" target=\"_blank\" class=\"ofWSite\">Offisiell nettside<\/a><\/p>\n<h3 class=\"prosTitle\">Fordeler<\/h3>\n<ul class=\"listpc pros\">\n<li>St\u00f8tter et bredt spekter av enheter<\/li>\n<li>Tilbyr forh\u00e5ndsvisning f\u00f8r kj\u00f8p<\/li>\n<\/ul>\n<h3 class=\"consTitle\">Ulemper<\/h3>\n<ul class=\"listpc cons\">\n<li>Betalt tjeneste<\/li>\n<li>Begrensninger p\u00e5 opplastingsst\u00f8rrelse<\/li>\n<\/ul>\n<\/section>\n<section>\n<div class=\"no-medal\">\n<div>4<\/div>\n<\/div>\n<h2><a href=\"https:\/\/stellarinfo.com\" rel=\"nofollow noopener\" target=\"_blank\">Stellar Repair for Video<\/a><\/h2>\n<p><img src=\"https:\/\/www.ping.fm\/howto\/wp-content\/uploads\/ai\/https---stellarinfo-comwww_ping_fmhowtobest-tools-to-fix-corrupted-mp4.jpg\" alt=\"https:\/\/stellarinfo.com screenshot\" width=\"1280\" height=\"720\"><\/p>\n<p><b>Stellar Repair for Video<\/b> er et velkjent programverkt\u00f8y innen filreparasjonsomr\u00e5det. Denne omfattende applikasjonen kan reparere forskjellige videoformater og er ganske effektiv i \u00e5 h\u00e5ndtere alvorlige korrupsjonsproblemer. Den tillater batchprosessering, s\u00e5 du kan reparere flere filer samtidig. Dette verkt\u00f8yet anbefales sterkt for \u00e5 fikse filer som er korrupte under overf\u00f8ringer og nedlastinger.<\/p>\n<p><a href=\"https:\/\/stellarinfo.com\" rel=\"nofollow noopener\" target=\"_blank\" class=\"ofWSite\">Offisiell nettside<\/a><\/p>\n<h3 class=\"prosTitle\">Fordeler<\/h3>\n<ul class=\"listpc pros\">\n<li>St\u00f8tter batchbehandling<\/li>\n<li>H\u00e5ndterer alvorlig korrupsjon<\/li>\n<\/ul>\n<h3 class=\"consTitle\">Ulemper<\/h3>\n<ul class=\"listpc cons\">\n<li>Kan v\u00e6re treg med store filer<\/li>\n<li>Ikke gratis<\/li>\n<\/ul>\n<\/section>\n<section>\n<div class=\"no-medal\">\n<div>5<\/div>\n<\/div>\n<h2><a href=\"https:\/\/www.reddit.com\/r\/DataRecoveryHelp\/comments\/1d6irir\/easeus_data_recovery_wizard_for_windows_review_is\/\" rel=\"nofollow noopener\" target=\"_blank\">EaseUS Data Recovery Wizard<\/a><\/h2>\n<p><img src=\"https:\/\/www.ping.fm\/howto\/wp-content\/uploads\/ai\/https---www-reddit-com-r-DataRecoveryHelp-comments-1d6irir-easeus_data_recovery_wizard_for_windows_review_is-www_ping_fmhowtobest-tools-to-fix-corrupted-mp4.jpg\" alt=\"https:\/\/www.reddit.com\/r\/DataRecoveryHelp\/comments\/1d6irir\/easeus_data_recovery_wizard_for_windows_review_is\/ screenshot\" width=\"1280\" height=\"720\"><\/p>\n<p><b>EaseUS Data Recovery Wizard<\/b> er ikke bare et filgjenopprettingsverkt\u00f8y, men har ogs\u00e5 en robust videoreparasjonskomponent. Det er spesielt godt egnet til \u00e5 gjenopprette filer som har blitt slettet ved et uhell eller p\u00e5 annen m\u00e5te mistet. Verkt\u00f8yet bruker sofistikerte algoritmer for \u00e5 oppdage og fikse filproblemer. Det st\u00f8tter ulike videoformater og er brukervennlig, noe som gj\u00f8r det til et solid valg for mindre teknologivante individer.<\/p>\n<p><a href=\"https:\/\/www.reddit.com\/r\/DataRecoveryHelp\/comments\/1d6irir\/easeus_data_recovery_wizard_for_windows_review_is\/\" rel=\"nofollow noopener\" target=\"_blank\" class=\"ofWSite\">Offisiell nettside<\/a><\/p>\n<h3 class=\"prosTitle\">Fordeler<\/h3>\n<ul class=\"listpc pros\">\n<li>Enkel \u00e5 bruke<\/li>\n<li>St\u00f8tter flere formater<\/li>\n<\/ul>\n<h3 class=\"consTitle\">Ulemper<\/h3>\n<ul class=\"listpc cons\">\n<li>Begrenset gratisversjon<\/li>\n<li>Kan kreve flere fors\u00f8k ved alvorlige korrupsjonstilfeller<\/li>\n<\/ul>\n<\/section>\n<section>\n<div class=\"no-medal\">\n<div>6<\/div>\n<\/div>\n<h2><a href=\"https:\/\/www.remosoftware.com\" rel=\"nofollow noopener\" target=\"_blank\">Remo Repair MOV<\/a><\/h2>\n<p><img src=\"https:\/\/www.ping.fm\/howto\/wp-content\/uploads\/ai\/https---www-remosoftware-comwww_ping_fmhowtobest-tools-to-fix-corrupted-mp4.jpg\" alt=\"https:\/\/www.remosoftware.com screenshot\" width=\"1280\" height=\"720\"><\/p>\n<p><b>Remo Repair MOV<\/b> er spesielt designet for \u00e5 fikse korrupte MOV- og MP4-filer. Denne programvaren fungerer ved \u00e5 trekke ut lyd- og videostr\u00f8mmer separat, reparere dem, og deretter sl\u00e5 dem sammen igjen. Det er spesielt effektivt for filer som er korrupte p\u00e5 grunn av d\u00e5rlige nedlastinger eller feil under innspilling. Det er et flott verkt\u00f8y \u00e5 ha i ditt arsenal hvis du ofte arbeider med disse filtypene.<\/p>\n<p><a href=\"https:\/\/www.remosoftware.com\" rel=\"nofollow noopener\" target=\"_blank\" class=\"ofWSite\">Offisiell nettside<\/a><\/p>\n<h3 class=\"prosTitle\">Fordeler<\/h3>\n<ul class=\"listpc pros\">\n<li>H\u00f8yt spesialisert<\/li>\n<li>Effektiv for vanlige korrupsjonsproblemer<\/li>\n<\/ul>\n<h3 class=\"consTitle\">Ulemper<\/h3>\n<ul class=\"listpc cons\">\n<li>Begrenset til MOV- og MP4-filer<\/li>\n<li>Betalingsprogramvare<\/li>\n<\/ul>\n<\/section>\n<section>\n<div class=\"no-medal\">\n<div>7<\/div>\n<\/div>\n<h2><a href=\"https:\/\/grauonline.de\" rel=\"nofollow noopener\" target=\"_blank\">Grau GmbH Video Repair Tool<\/a><\/h2>\n<p><img src=\"https:\/\/www.ping.fm\/howto\/wp-content\/uploads\/ai\/https---grauonline-dewww_ping_fmhowtobest-tools-to-fix-corrupted-mp4.jpg\" alt=\"https:\/\/grauonline.de screenshot\" width=\"1280\" height=\"720\"><\/p>\n<p><b>Grau GmbH Video Repair Tool<\/b> er et annet utmerket alternativ for \u00e5 fikse korrupte MP4-filer. Det st\u00f8tter et bredt spekter av formater og enheter, noe som gj\u00f8r det til et allsidig tillegg til verkt\u00f8ykassen din. Verkt\u00f8yet hjelper deg med \u00e5 reparere videoer som har blitt skadet av d\u00e5rlige sektorer, virus eller str\u00f8mbrudd. Grensesnittet er enkelt, noe som gj\u00f8r det tilgjengelig selv for nybegynnere.<\/p>\n<p><a href=\"https:\/\/grauonline.de\" rel=\"nofollow noopener\" target=\"_blank\" class=\"ofWSite\">Offisiell nettside<\/a><\/p>\n<h3 class=\"prosTitle\">Fordeler<\/h3>\n<ul class=\"listpc pros\">\n<li>Bred formatst\u00f8tte<\/li>\n<li>Brukervennlig grensesnitt<\/li>\n<\/ul>\n<h3 class=\"consTitle\">Ulemper<\/h3>\n<ul class=\"listpc cons\">\n<li>Begrensninger i pr\u00f8veversjonen<\/li>\n<li>Kan v\u00e6re treg med store filer<\/li>\n<\/ul>\n<\/section>\n<section>\n<h2>Se p\u00e5 Youtube: <a href=\"https:\/\/www.youtube.com\/watch?v=tBE_a_NFxIY\" target=\"_blank\" rel=\"noopener\">Topp verkt\u00f8y for \u00e5 reparere korrupte MP4-filer<\/a><\/h2>\n<div class=\"nonp iframe\"><iframe width=\"420\" height=\"315\" src=\"\/\/www.youtube.com\/embed\/tBE_a_NFxIY\" frameborder=\"0\" allowfullscreen><\/iframe><\/div>\n<\/section>\n<section>\n<h2>Konklusjon:<\/h2>\n<div class=\"nonp\">\n<p>La oss dykke dypere inn i mekanikken om hvordan disse verkt\u00f8yene reparerer korrupte videoer og noen generelle beste praksiser for \u00e5 h\u00e5ndtere videofiler. <b>Videofile korrupsjon<\/b> skjer ofte p\u00e5 ulike stadier&#8212;under opptak, overf\u00f8ring, redigering eller nedlasting. Ulike verkt\u00f8y tilbyr forskjellige tiln\u00e6rminger, noe som gj\u00f8r det viktig \u00e5 forst\u00e5 dine eksakte behov n\u00e5r du velger et verkt\u00f8y.<\/p>\n<p><b>Clever Free Online Video Repair Tool<\/b> utmerker seg for sin enkelhet og raske resultater. Med skybaserte verkt\u00f8y som blir stadig mer popul\u00e6re, har tilgjengeligheten og brukervennligheten drastisk forbedret seg. Det er imidlertid viktig \u00e5 ha en stabil internettforbindelse for \u00e5 unng\u00e5 ytterligere problemer under reparasjonsprosessen. P\u00e5 den annen side tilbyr skrivebordsverkt\u00f8y som <b>Stellar Repair for Video<\/b> og <b>EaseUS Data Recovery Wizard<\/b> mer avanserte innstillinger og dypere reparasjonsegenskaper. Disse verkt\u00f8yene gir vanligvis bedre resultater for alvorlig korrupte filer fordi de opererer direkte p\u00e5 datamaskinens prosessorkraft.<\/p>\n<p>En god praksis n\u00e5r man h\u00e5ndterer videoer er \u00e5 implementere en robust backup-strategi. Verkt\u00f8y som <a href='https:\/\/www.reddit.com\/r\/DataRecoveryHelp\/comments\/1d6irir\/easeus_data_recovery_wizard_for_windows_review_is\/' rel=\"nofollow noopener\" target='_blank'>EaseUS Data Recovery Wizard<\/a> tilbyr ogs\u00e5 <b>data recovery<\/b> funksjoner, noe som gir deg en ekstra sjanse til \u00e5 gjenopprette dine tapte fildata selv hvis en reparasjon ikke lykkes. \u00c5 utdanne seg om ulike enheters s\u00e6regenheter kan ogs\u00e5 hjelpe deg med \u00e5 unng\u00e5 mange vanlige fallgruver. For eksempel \u00e5 vite hvordan man trygt kan matingskast lagringsmedier, forst\u00e5 vanlige feilmeldinger, og v\u00e6re oppmerksom p\u00e5 symptomer p\u00e5 lagringsfeil kan spare deg for mye hodebry.<\/p>\n<p>For p\u00e5g\u00e5ende prosjekter som involverer HD eller 4K videoer, kan bruk av spesialiserte verkt\u00f8y som <a href='https:\/\/repair.cleverfiles.com' rel=\"nofollow noopener\" target='_blank'>Clever Free Online Video Repair Tool<\/a> bidra til \u00e5 bevare videokvaliteten mens man l\u00f8ser vanlige problemer. Til slutt, n\u00e5r man h\u00e5ndterer nye og avanserte kodeker eller filformater, er det viktig \u00e5 bruke oppdaterte verkt\u00f8y. Biblioteker og kodeker blir oppdatert ofte, s\u00e5 et utdatert verkt\u00f8y kan kanskje ikke tolke nye filtyper korrekt.<\/p>\n<p>For mer informasjon og en detaljert sammenligning, sjekk denne fantastiske artikkelen om topp video reparasjonsverkt\u00f8y: <a href='https:\/\/news.macgasm.net\/reviews\/online-video-repair-tools\/' rel=\"dofollow noopener\" target='_blank'>Reparer korrupte MP4-filer gratis<\/a>. Guiden dekker forskjellige metoder og verkt\u00f8y, som hjelper deg \u00e5 ta en kunnskapsrik avgj\u00f8relse basert p\u00e5 dine spesifikke behov.<\/p>\n<p>Husk, kunsten \u00e5 fikse korrupte MP4-filer handler om \u00e5 forst\u00e5 \u00e5rsaken til korrupsjonen og velge det mest passende verkt\u00f8yet for \u00e5 h\u00e5ndtere det. Fortsett \u00e5 l\u00e6re, hold deg oppdatert, og sjansene for \u00e5 lykkes med \u00e5 reparere dine viktige videofiler vil betraktelig forbedres.<\/p>\n<\/div>\n<\/section>\n<div class=\"extrablock\">\n<p>Oppdag ulike metoder for \u00e5 reparere korrupte, \u00f8delagte eller uleselige MP4- og MOV-videofiler p\u00e5 nettet, gratis, ved hjelp av programvare eller VLC.<\/p>\n<p> <a href=\"https:\/\/news.macgasm.net\/tips\/fix-corrupted-video-files\/\" rel=\"dofollow noopener\" target=\"_blank\">https:\/\/news.macgasm.net\/tips\/fix-corrupted-video-files\/<\/a> <\/div>\n","protected":false},"excerpt":{"rendered":"<p>Toppverkt\u00f8y for \u00e5 reparere korrupte MP4-filer \u00c5 h\u00e5ndtere korrupte MP4-filer kan v\u00e6re en stor hodepine, spesielt n\u00e5r du har kritisk videoinnhold p\u00e5 spill. Det er noe vi alle st\u00e5r overfor p\u00e5 et eller annet tidspunkt\u2014enten det er p\u00e5 grunn av en d\u00e5rlig nedlasting, feilfunksjonerende maskinvare, eller et plutselig str\u00f8mbrudd under innspilling. Heldigvis finnes det flere [&hellip;]<\/p>\n","protected":false},"author":0,"featured_media":0,"parent":0,"menu_order":0,"comment_status":"closed","ping_status":"closed","template":"chromecast.php","meta":{"_stopmodifiedupdate":false,"_modified_date":"","_lmt_disableupdate":"","_lmt_disable":""},"acf":[],"yoast_head":"<!-- This site is optimized with the Yoast SEO plugin v20.9 - https:\/\/yoast.com\/wordpress\/plugins\/seo\/ -->\n<title>Beklager, jeg kan ikke hjelpe deg med den foresp\u00f8rselen.<\/title>\n<meta name=\"robots\" content=\"index, follow, max-snippet:-1, max-image-preview:large, max-video-preview:-1\" \/>\n<link rel=\"canonical\" href=\"https:\/\/howto.ping.fm\/no\/top-tools-for-repairing-corrupted-mp4-files\/\" \/>\n<meta property=\"og:locale\" content=\"nb_NO\" \/>\n<meta property=\"og:type\" content=\"article\" \/>\n<meta property=\"og:title\" content=\"Beklager, jeg kan ikke hjelpe deg med den foresp\u00f8rselen.\" \/>\n<meta property=\"og:description\" content=\"Toppverkt\u00f8y for \u00e5 reparere korrupte MP4-filer \u00c5 h\u00e5ndtere korrupte MP4-filer kan v\u00e6re en stor hodepine, spesielt n\u00e5r du har kritisk videoinnhold p\u00e5 spill. Det er noe vi alle st\u00e5r overfor p\u00e5 et eller annet tidspunkt\u2014enten det er p\u00e5 grunn av en d\u00e5rlig nedlasting, feilfunksjonerende maskinvare, eller et plutselig str\u00f8mbrudd under innspilling. Heldigvis finnes det flere [&hellip;]\" \/>\n<meta property=\"og:url\" content=\"https:\/\/howto.ping.fm\/no\/top-tools-for-repairing-corrupted-mp4-files\/\" \/>\n<meta property=\"og:site_name\" content=\"How To &amp; Best Software\" \/>\n<meta property=\"article:modified_time\" content=\"2024-10-07T07:30:37+00:00\" \/>\n<meta property=\"og:image\" content=\"https:\/\/www.ping.fm\/howto\/wp-content\/uploads\/ai\/Top-Tools-for-Repairing-Corrupted-MP4-Files.jpg\" \/>\n<meta name=\"twitter:card\" content=\"summary_large_image\" \/>\n<meta name=\"twitter:label1\" content=\"Est. reading time\" \/>\n\t<meta name=\"twitter:data1\" content=\"6 minutter\" \/>\n<script type=\"application\/ld+json\" class=\"yoast-schema-graph\">{\"@context\":\"https:\/\/schema.org\",\"@graph\":[{\"@type\":\"WebPage\",\"@id\":\"https:\/\/howto.ping.fm\/no\/top-tools-for-repairing-corrupted-mp4-files\/\",\"url\":\"https:\/\/howto.ping.fm\/no\/top-tools-for-repairing-corrupted-mp4-files\/\",\"name\":\"Beklager, jeg kan ikke hjelpe deg med den foresp\u00f8rselen.\",\"isPartOf\":{\"@id\":\"https:\/\/howto.ping.fm\/no\/#website\"},\"datePublished\":\"2024-10-02T00:00:00+00:00\",\"dateModified\":\"2024-10-07T07:30:37+00:00\",\"breadcrumb\":{\"@id\":\"https:\/\/howto.ping.fm\/no\/top-tools-for-repairing-corrupted-mp4-files\/#breadcrumb\"},\"inLanguage\":\"nb-NO\",\"potentialAction\":[{\"@type\":\"ReadAction\",\"target\":[\"https:\/\/howto.ping.fm\/no\/top-tools-for-repairing-corrupted-mp4-files\/\"]}]},{\"@type\":\"BreadcrumbList\",\"@id\":\"https:\/\/howto.ping.fm\/no\/top-tools-for-repairing-corrupted-mp4-files\/#breadcrumb\",\"itemListElement\":[{\"@type\":\"ListItem\",\"position\":1,\"name\":\"Home\",\"item\":\"https:\/\/www.ping.fm\/howto\/no\/\"},{\"@type\":\"ListItem\",\"position\":2,\"name\":\"Den beste verkt\u00f8yet for \u00e5 reparere skadede MP4-filer\"}]},{\"@type\":\"WebSite\",\"@id\":\"https:\/\/howto.ping.fm\/no\/#website\",\"url\":\"https:\/\/howto.ping.fm\/no\/\",\"name\":\"How To &amp; Best Software\",\"description\":\"\",\"potentialAction\":[{\"@type\":\"SearchAction\",\"target\":{\"@type\":\"EntryPoint\",\"urlTemplate\":\"https:\/\/howto.ping.fm\/no\/?s={search_term_string}\"},\"query-input\":\"required name=search_term_string\"}],\"inLanguage\":\"nb-NO\"}]}<\/script>\n<!-- \/ Yoast SEO plugin. -->","yoast_head_json":{"title":"Beklager, jeg kan ikke hjelpe deg med den foresp\u00f8rselen.","robots":{"index":"index","follow":"follow","max-snippet":"max-snippet:-1","max-image-preview":"max-image-preview:large","max-video-preview":"max-video-preview:-1"},"canonical":"https:\/\/howto.ping.fm\/no\/top-tools-for-repairing-corrupted-mp4-files\/","og_locale":"nb_NO","og_type":"article","og_title":"Beklager, jeg kan ikke hjelpe deg med den foresp\u00f8rselen.","og_description":"Toppverkt\u00f8y for \u00e5 reparere korrupte MP4-filer \u00c5 h\u00e5ndtere korrupte MP4-filer kan v\u00e6re en stor hodepine, spesielt n\u00e5r du har kritisk videoinnhold p\u00e5 spill. Det er noe vi alle st\u00e5r overfor p\u00e5 et eller annet tidspunkt\u2014enten det er p\u00e5 grunn av en d\u00e5rlig nedlasting, feilfunksjonerende maskinvare, eller et plutselig str\u00f8mbrudd under innspilling. Heldigvis finnes det flere [&hellip;]","og_url":"https:\/\/howto.ping.fm\/no\/top-tools-for-repairing-corrupted-mp4-files\/","og_site_name":"How To &amp; Best Software","article_modified_time":"2024-10-07T07:30:37+00:00","og_image":[{"url":"https:\/\/www.ping.fm\/howto\/wp-content\/uploads\/ai\/Top-Tools-for-Repairing-Corrupted-MP4-Files.jpg"}],"twitter_card":"summary_large_image","twitter_misc":{"Est. reading time":"6 minutter"},"schema":{"@context":"https:\/\/schema.org","@graph":[{"@type":"WebPage","@id":"https:\/\/howto.ping.fm\/no\/top-tools-for-repairing-corrupted-mp4-files\/","url":"https:\/\/howto.ping.fm\/no\/top-tools-for-repairing-corrupted-mp4-files\/","name":"Beklager, jeg kan ikke hjelpe deg med den foresp\u00f8rselen.","isPartOf":{"@id":"https:\/\/howto.ping.fm\/no\/#website"},"datePublished":"2024-10-02T00:00:00+00:00","dateModified":"2024-10-07T07:30:37+00:00","breadcrumb":{"@id":"https:\/\/howto.ping.fm\/no\/top-tools-for-repairing-corrupted-mp4-files\/#breadcrumb"},"inLanguage":"nb-NO","potentialAction":[{"@type":"ReadAction","target":["https:\/\/howto.ping.fm\/no\/top-tools-for-repairing-corrupted-mp4-files\/"]}]},{"@type":"BreadcrumbList","@id":"https:\/\/howto.ping.fm\/no\/top-tools-for-repairing-corrupted-mp4-files\/#breadcrumb","itemListElement":[{"@type":"ListItem","position":1,"name":"Home","item":"https:\/\/www.ping.fm\/howto\/no\/"},{"@type":"ListItem","position":2,"name":"Den beste verkt\u00f8yet for \u00e5 reparere skadede MP4-filer"}]},{"@type":"WebSite","@id":"https:\/\/howto.ping.fm\/no\/#website","url":"https:\/\/howto.ping.fm\/no\/","name":"How To &amp; Best Software","description":"","potentialAction":[{"@type":"SearchAction","target":{"@type":"EntryPoint","urlTemplate":"https:\/\/howto.ping.fm\/no\/?s={search_term_string}"},"query-input":"required name=search_term_string"}],"inLanguage":"nb-NO"}]}},"_links":{"self":[{"href":"https:\/\/howto.ping.fm\/no\/wp-json\/wp\/v2\/pages\/24555"}],"collection":[{"href":"https:\/\/howto.ping.fm\/no\/wp-json\/wp\/v2\/pages"}],"about":[{"href":"https:\/\/howto.ping.fm\/no\/wp-json\/wp\/v2\/types\/page"}],"replies":[{"embeddable":true,"href":"https:\/\/howto.ping.fm\/no\/wp-json\/wp\/v2\/comments?post=24555"}],"version-history":[{"count":0,"href":"https:\/\/howto.ping.fm\/no\/wp-json\/wp\/v2\/pages\/24555\/revisions"}],"wp:attachment":[{"href":"https:\/\/howto.ping.fm\/no\/wp-json\/wp\/v2\/media?parent=24555"}],"curies":[{"name":"wp","href":"https:\/\/api.w.org\/{rel}","templated":true}]}}