{"id":20129,"date":"2023-07-31T13:58:28","date_gmt":"2023-07-31T13:58:28","guid":{"rendered":"https:\/\/www.ping.fm\/howto\/?page_id=20129"},"modified":"2024-04-09T09:30:01","modified_gmt":"2024-04-09T09:30:01","slug":"no","status":"publish","type":"page","link":"https:\/\/howto.ping.fm\/no\/","title":{"rendered":"\/no"},"content":{"rendered":"<section class=\"banner howto\">\n<div class=\"banner--img\">\n<div class=\"banner--inner\">\n<h1>Programvareanmeldelser &#038; Teknologirelaterte Hvordan-Gj\u00f8re-Guider<\/h1>\n<p>L\u00e5s opp hemmelighetene til teknologi med v\u00e5r omfattende guide om &#8216;Hvordan Teknologi Scenarier og Programvareomtaler&#8217;. Enten du er en teknologi-entusiast, en profesjonell som \u00f8nsker \u00e5 forbedre dine ferdigheter, eller en nybegynner ivrig etter \u00e5 forst\u00e5 teknologiens verden, er denne guiden din ett-stopp ressurs. Fordyp deg i detaljerte, steg-for-steg forklaringer av ulike teknologi-scenarier, som spenner fra grunnleggende feils\u00f8king til avanserte systemkonfigurasjoner.<\/p>\n<p>V\u00e5re ekspertomtaler og analyser av den nyeste programvaren vil hjelpe deg med \u00e5 ta informerte beslutninger, slik at du kan velge de riktige verkt\u00f8yene for dine behov.<\/p>\n<\/div>\n<\/div>\n<\/section>\n","protected":false},"excerpt":{"rendered":"<p>Programvareanmeldelser &#038; Teknologirelaterte Hvordan-Gj\u00f8re-Guider L\u00e5s opp hemmelighetene til teknologi med v\u00e5r omfattende guide om &#8216;Hvordan Teknologi Scenarier og Programvareomtaler&#8217;. Enten du er en teknologi-entusiast, en profesjonell som \u00f8nsker \u00e5 forbedre dine ferdigheter, eller en nybegynner ivrig etter \u00e5 forst\u00e5 teknologiens verden, er denne guiden din ett-stopp ressurs. Fordyp deg i detaljerte, steg-for-steg forklaringer av ulike [&hellip;]<\/p>\n","protected":false},"author":2,"featured_media":20133,"parent":0,"menu_order":0,"comment_status":"closed","ping_status":"closed","template":"homepage.php","meta":{"_stopmodifiedupdate":false,"_modified_date":"","_lmt_disableupdate":"yes","_lmt_disable":""},"acf":[],"yoast_head":"<!-- This site is optimized with the Yoast SEO plugin v20.9 - https:\/\/yoast.com\/wordpress\/plugins\/seo\/ -->\n<title>Siste programvare- \/ appanmeldelser og hvordan-du-oppl\u00e6ringer i 2026.<\/title>\n<meta name=\"description\" content=\"L\u00e5s opp hemmelighetene til teknologi med v\u00e5r omfattende guide om &#039;Hvordan Teknologi Scenarier og Programvareomtaler&#039;. Enten du er en teknologi-entusiast, en profesjonell som \u00f8nsker \u00e5 forbedre dine ferdigheter, eller en nybegynner ivrig etter \u00e5 forst\u00e5 teknologiens verden, er denne guiden din ett-stopp ressurs. Fordyp deg i detaljerte, steg-for-steg forklaringer av ulike teknologi-scenarier, som spenner fra grunnleggende feils\u00f8king til avanserte systemkonfigurasjoner.\" \/>\n<meta name=\"robots\" content=\"index, follow, max-snippet:-1, max-image-preview:large, max-video-preview:-1\" \/>\n<link rel=\"canonical\" href=\"https:\/\/howto.ping.fm\/no\/\" \/>\n<meta property=\"og:locale\" content=\"nb_NO\" \/>\n<meta property=\"og:type\" content=\"article\" \/>\n<meta property=\"og:title\" content=\"Siste programvare- \/ appanmeldelser og hvordan-du-oppl\u00e6ringer i 2026.\" \/>\n<meta property=\"og:description\" content=\"L\u00e5s opp hemmelighetene til teknologi med v\u00e5r omfattende guide om &#039;Hvordan Teknologi Scenarier og Programvareomtaler&#039;. Enten du er en teknologi-entusiast, en profesjonell som \u00f8nsker \u00e5 forbedre dine ferdigheter, eller en nybegynner ivrig etter \u00e5 forst\u00e5 teknologiens verden, er denne guiden din ett-stopp ressurs. Fordyp deg i detaljerte, steg-for-steg forklaringer av ulike teknologi-scenarier, som spenner fra grunnleggende feils\u00f8king til avanserte systemkonfigurasjoner.\" \/>\n<meta property=\"og:url\" content=\"https:\/\/howto.ping.fm\/no\/\" \/>\n<meta property=\"og:site_name\" content=\"How To &amp; Best Software\" \/>\n<meta property=\"article:modified_time\" content=\"2024-04-09T09:30:01+00:00\" \/>\n<meta property=\"og:image\" content=\"https:\/\/www.ping.fm\/howto\/wp-content\/uploads\/2024\/01\/DALL\u00b7E_2024_01_05_09_54_29_A_simple_3D_character_holding_a_tech.png\" \/>\n\t<meta property=\"og:image:width\" content=\"1024\" \/>\n\t<meta property=\"og:image:height\" content=\"1024\" \/>\n\t<meta property=\"og:image:type\" content=\"image\/png\" \/>\n<meta name=\"twitter:card\" content=\"summary_large_image\" \/>\n<script type=\"application\/ld+json\" class=\"yoast-schema-graph\">{\"@context\":\"https:\/\/schema.org\",\"@graph\":[{\"@type\":\"WebPage\",\"@id\":\"https:\/\/howto.ping.fm\/no\/\",\"url\":\"https:\/\/howto.ping.fm\/no\/\",\"name\":\"Siste programvare- \/ appanmeldelser og hvordan-du-oppl\u00e6ringer i 2026.\",\"isPartOf\":{\"@id\":\"https:\/\/howto.ping.fm\/no\/#website\"},\"datePublished\":\"2023-07-31T13:58:28+00:00\",\"dateModified\":\"2024-04-09T09:30:01+00:00\",\"description\":\"L\u00e5s opp hemmelighetene til teknologi med v\u00e5r omfattende guide om 'Hvordan Teknologi Scenarier og Programvareomtaler'. Enten du er en teknologi-entusiast, en profesjonell som \u00f8nsker \u00e5 forbedre dine ferdigheter, eller en nybegynner ivrig etter \u00e5 forst\u00e5 teknologiens verden, er denne guiden din ett-stopp ressurs. Fordyp deg i detaljerte, steg-for-steg forklaringer av ulike teknologi-scenarier, som spenner fra grunnleggende feils\u00f8king til avanserte systemkonfigurasjoner.\",\"breadcrumb\":{\"@id\":\"https:\/\/howto.ping.fm\/no\/#breadcrumb\"},\"inLanguage\":\"nb-NO\",\"potentialAction\":[{\"@type\":\"ReadAction\",\"target\":[\"https:\/\/howto.ping.fm\/no\/\"]}]},{\"@type\":\"BreadcrumbList\",\"@id\":\"https:\/\/howto.ping.fm\/no\/#breadcrumb\",\"itemListElement\":[{\"@type\":\"ListItem\",\"position\":1,\"name\":\"Home\",\"item\":\"https:\/\/www.ping.fm\/howto\/no\/\"},{\"@type\":\"ListItem\",\"position\":2,\"name\":\"\/no\"}]},{\"@type\":\"WebSite\",\"@id\":\"https:\/\/howto.ping.fm\/no\/#website\",\"url\":\"https:\/\/howto.ping.fm\/no\/\",\"name\":\"How To &amp; Best Software\",\"description\":\"\",\"potentialAction\":[{\"@type\":\"SearchAction\",\"target\":{\"@type\":\"EntryPoint\",\"urlTemplate\":\"https:\/\/howto.ping.fm\/no\/?s={search_term_string}\"},\"query-input\":\"required name=search_term_string\"}],\"inLanguage\":\"nb-NO\"}]}<\/script>\n<!-- \/ Yoast SEO plugin. -->","yoast_head_json":{"title":"Siste programvare- \/ appanmeldelser og hvordan-du-oppl\u00e6ringer i 2026.","description":"L\u00e5s opp hemmelighetene til teknologi med v\u00e5r omfattende guide om 'Hvordan Teknologi Scenarier og Programvareomtaler'. Enten du er en teknologi-entusiast, en profesjonell som \u00f8nsker \u00e5 forbedre dine ferdigheter, eller en nybegynner ivrig etter \u00e5 forst\u00e5 teknologiens verden, er denne guiden din ett-stopp ressurs. Fordyp deg i detaljerte, steg-for-steg forklaringer av ulike teknologi-scenarier, som spenner fra grunnleggende feils\u00f8king til avanserte systemkonfigurasjoner.","robots":{"index":"index","follow":"follow","max-snippet":"max-snippet:-1","max-image-preview":"max-image-preview:large","max-video-preview":"max-video-preview:-1"},"canonical":"https:\/\/howto.ping.fm\/no\/","og_locale":"nb_NO","og_type":"article","og_title":"Siste programvare- \/ appanmeldelser og hvordan-du-oppl\u00e6ringer i 2026.","og_description":"L\u00e5s opp hemmelighetene til teknologi med v\u00e5r omfattende guide om 'Hvordan Teknologi Scenarier og Programvareomtaler'. Enten du er en teknologi-entusiast, en profesjonell som \u00f8nsker \u00e5 forbedre dine ferdigheter, eller en nybegynner ivrig etter \u00e5 forst\u00e5 teknologiens verden, er denne guiden din ett-stopp ressurs. Fordyp deg i detaljerte, steg-for-steg forklaringer av ulike teknologi-scenarier, som spenner fra grunnleggende feils\u00f8king til avanserte systemkonfigurasjoner.","og_url":"https:\/\/howto.ping.fm\/no\/","og_site_name":"How To &amp; Best Software","article_modified_time":"2024-04-09T09:30:01+00:00","og_image":[{"width":1024,"height":1024,"url":"https:\/\/www.ping.fm\/howto\/wp-content\/uploads\/2024\/01\/DALL\u00b7E_2024_01_05_09_54_29_A_simple_3D_character_holding_a_tech.png","type":"image\/png"}],"twitter_card":"summary_large_image","schema":{"@context":"https:\/\/schema.org","@graph":[{"@type":"WebPage","@id":"https:\/\/howto.ping.fm\/no\/","url":"https:\/\/howto.ping.fm\/no\/","name":"Siste programvare- \/ appanmeldelser og hvordan-du-oppl\u00e6ringer i 2026.","isPartOf":{"@id":"https:\/\/howto.ping.fm\/no\/#website"},"datePublished":"2023-07-31T13:58:28+00:00","dateModified":"2024-04-09T09:30:01+00:00","description":"L\u00e5s opp hemmelighetene til teknologi med v\u00e5r omfattende guide om 'Hvordan Teknologi Scenarier og Programvareomtaler'. Enten du er en teknologi-entusiast, en profesjonell som \u00f8nsker \u00e5 forbedre dine ferdigheter, eller en nybegynner ivrig etter \u00e5 forst\u00e5 teknologiens verden, er denne guiden din ett-stopp ressurs. Fordyp deg i detaljerte, steg-for-steg forklaringer av ulike teknologi-scenarier, som spenner fra grunnleggende feils\u00f8king til avanserte systemkonfigurasjoner.","breadcrumb":{"@id":"https:\/\/howto.ping.fm\/no\/#breadcrumb"},"inLanguage":"nb-NO","potentialAction":[{"@type":"ReadAction","target":["https:\/\/howto.ping.fm\/no\/"]}]},{"@type":"BreadcrumbList","@id":"https:\/\/howto.ping.fm\/no\/#breadcrumb","itemListElement":[{"@type":"ListItem","position":1,"name":"Home","item":"https:\/\/www.ping.fm\/howto\/no\/"},{"@type":"ListItem","position":2,"name":"\/no"}]},{"@type":"WebSite","@id":"https:\/\/howto.ping.fm\/no\/#website","url":"https:\/\/howto.ping.fm\/no\/","name":"How To &amp; Best Software","description":"","potentialAction":[{"@type":"SearchAction","target":{"@type":"EntryPoint","urlTemplate":"https:\/\/howto.ping.fm\/no\/?s={search_term_string}"},"query-input":"required name=search_term_string"}],"inLanguage":"nb-NO"}]}},"_links":{"self":[{"href":"https:\/\/howto.ping.fm\/no\/wp-json\/wp\/v2\/pages\/20129"}],"collection":[{"href":"https:\/\/howto.ping.fm\/no\/wp-json\/wp\/v2\/pages"}],"about":[{"href":"https:\/\/howto.ping.fm\/no\/wp-json\/wp\/v2\/types\/page"}],"author":[{"embeddable":true,"href":"https:\/\/howto.ping.fm\/no\/wp-json\/wp\/v2\/users\/2"}],"replies":[{"embeddable":true,"href":"https:\/\/howto.ping.fm\/no\/wp-json\/wp\/v2\/comments?post=20129"}],"version-history":[{"count":1,"href":"https:\/\/howto.ping.fm\/no\/wp-json\/wp\/v2\/pages\/20129\/revisions"}],"predecessor-version":[{"id":20134,"href":"https:\/\/howto.ping.fm\/no\/wp-json\/wp\/v2\/pages\/20129\/revisions\/20134"}],"wp:featuredmedia":[{"embeddable":true,"href":"https:\/\/howto.ping.fm\/no\/wp-json\/wp\/v2\/media\/20133"}],"wp:attachment":[{"href":"https:\/\/howto.ping.fm\/no\/wp-json\/wp\/v2\/media?parent=20129"}],"curies":[{"name":"wp","href":"https:\/\/api.w.org\/{rel}","templated":true}]}}