{"id":24548,"date":"2024-10-02T00:00:00","date_gmt":"2024-10-02T00:00:00","guid":{"rendered":"https:\/\/howto.ping.fm\/top-tools-for-repairing-corrupted-mp4-files\/"},"modified":"2024-10-07T07:25:02","modified_gmt":"2024-10-07T07:25:02","slug":"top-tools-for-repairing-corrupted-mp4-files","status":"publish","type":"page","link":"https:\/\/howto.ping.fm\/it\/top-tools-for-repairing-corrupted-mp4-files\/","title":{"rendered":"I principali strumenti per la riparazione dei file MP4 danneggiati"},"content":{"rendered":"<section>\n<h1>Strumenti migliori per riparare file MP4 corrotti<\/h1>\n<div class=\"inbrief\">\n<div> <img src=\"https:\/\/www.ping.fm\/howto\/wp-content\/uploads\/ai\/Top-Tools-for-Repairing-Corrupted-MP4-Files.jpg\" alt=\"Strumenti migliori per riparare file MP4 corrotti\" title=\"Strumenti migliori per riparare file MP4 corrotti\" width=\"1280\" height=\"720\"> <\/p>\n<p>Affrontare file MP4 corrotti pu\u00f2 essere un grande mal di testa, specialmente quando ci sono contenuti video critici in gioco. \u00c8 qualcosa che affrontiamo tutti ad un certo punto&#8212;sia che sia dovuto a un download errato, hardware malfunzionante, o un&#8217;improvvisa interruzione di corrente durante la registrazione. Fortunatamente, ci sono diversi strumenti che possono aiutarti a recuperare i tuoi preziosi file. Oggi condivider\u00f2 le mie esperienze personali con alcuni dei migliori strumenti disponibili per riparare file MP4 corrotti. Da intelligenti strumenti di riparazione online a robusti software desktop, questo articolo ti guider\u00e0 sul cammino verso il recupero. Quindi immergiamoci e esploriamo questi salvavita.<\/p>\n<\/div>\n<\/div>\n<\/section>\n<section>\n<div class=\"medal\">\n<div>&#129351;<\/div>\n<\/div>\n<h2><a href=\"https:\/\/repair.cleverfiles.com\" rel=\"nofollow noopener\" target=\"_blank\">Strumento Online Gratuito di Riparazione Video Clever<\/a><\/h2>\n<p><img src=\"https:\/\/www.ping.fm\/howto\/wp-content\/uploads\/ai\/https---repair-cleverfiles-comwww_ping_fmhowtobest-tools-to-fix-corrupted-mp4.jpg\" alt=\"https:\/\/repair.cleverfiles.com screenshot\" width=\"1280\" height=\"720\"><\/p>\n<p>Lo <b>Strumento Online Gratuito di Riparazione Video Clever<\/b> \u00e8 una scelta eccellente per chi ha bisogno di una soluzione rapida ed efficiente per riparare i propri file MP4 corrotti. Questo strumento \u00e8 basato su browser, il che significa che non \u00e8 necessario scaricare o installare nulla. Usare l&#8217;interfaccia online \u00e8 semplice e intuitivo. Devi solo caricare il file video corrotto e lo strumento inizier\u00e0 a lavorare, tentando di riparare eventuali danni e ripristinare il file a uno stato riproducibile.<\/p>\n<p><a href=\"https:\/\/repair.cleverfiles.com\" rel=\"nofollow noopener\" target=\"_blank\" class=\"ofWSite\">Sito ufficiale<\/a><\/p>\n<h3 class=\"prosTitle\">Pro<\/h3>\n<ul class=\"listpc pros\">\n<li>Veloce e facile da usare<\/li>\n<li>Nessuna installazione necessaria<\/li>\n<\/ul>\n<h3 class=\"consTitle\">Contro<\/h3>\n<ul class=\"listpc cons\">\n<li>Richiede una connessione internet stabile<\/li>\n<li>Potrebbe non supportare tutti i formati di file<\/li>\n<\/ul>\n<\/section>\n<section>\n<div class=\"medal\">\n<div>&#129352;<\/div>\n<\/div>\n<h2>Strumento di Riparazione Video<\/h2>\n<p>Lo <b>Strumento di Riparazione Video<\/b> \u00e8 un&#8217;applicazione desktop potente progettata per riparare file video corrotti. Funziona con una variet\u00e0 di formati video, rendendolo versatile per diverse esigenze. Lo strumento utilizza algoritmi avanzati per identificare e riparare le corruzioni nel file, come salti di frame e segmenti mancanti. \u00c8 particolarmente efficace per i file corrotti a causa di registrazioni interrotte o gestione errata dello storage.<\/p>\n<h3 class=\"prosTitle\">Pro<\/h3>\n<ul class=\"listpc pros\">\n<li>Supporta pi\u00f9 formati video<\/li>\n<li>Algoritmi di riparazione avanzati<\/li>\n<\/ul>\n<h3 class=\"consTitle\">Contro<\/h3>\n<ul class=\"listpc cons\">\n<li>Richiede installazione<\/li>\n<li>Non gratuito<\/li>\n<\/ul>\n<\/section>\n<section>\n<div class=\"medal\">\n<div>&#129353;<\/div>\n<\/div>\n<h2><a href=\"https:\/\/restore.media\" rel=\"nofollow noopener\" target=\"_blank\">Restore.Media<\/a><\/h2>\n<p><img src=\"https:\/\/www.ping.fm\/howto\/wp-content\/uploads\/ai\/https---restore-mediawww_ping_fmhowtobest-tools-to-fix-corrupted-mp4.jpg\" alt=\"https:\/\/restore.media screenshot\" width=\"1280\" height=\"720\"><\/p>\n<p><b>Restore.Media<\/b> \u00e8 un servizio online specializzato nel recupero di file video corrotti. La piattaforma supporta una variet\u00e0 di formati video e audio. Una caratteristica degna di nota \u00e8 la sua capacit\u00e0 di riparare file registrati su diversi dispositivi, inclusi smartphone, fotocamere e droni. Gli utenti devono caricare i loro file corrotti e il servizio inizier\u00e0 il processo di riparazione, offrendo un&#8217;anteprima del video riparato prima di effettuare qualsiasi acquisto.<\/p>\n<p><a href=\"https:\/\/restore.media\" rel=\"nofollow noopener\" target=\"_blank\" class=\"ofWSite\">Sito ufficiale<\/a><\/p>\n<h3 class=\"prosTitle\">Pro<\/h3>\n<ul class=\"listpc pros\">\n<li>Supporta una vasta gamma di dispositivi<\/li>\n<li>Offre un&#8217;anteprima prima dell&#8217;acquisto<\/li>\n<\/ul>\n<h3 class=\"consTitle\">Contro<\/h3>\n<ul class=\"listpc cons\">\n<li>Servizio a pagamento<\/li>\n<li>Limitazioni nella dimensione di upload<\/li>\n<\/ul>\n<\/section>\n<section>\n<div class=\"no-medal\">\n<div>4<\/div>\n<\/div>\n<h2><a href=\"https:\/\/stellarinfo.com\" rel=\"nofollow noopener\" target=\"_blank\">Stellar Repair for Video<\/a><\/h2>\n<p><img src=\"https:\/\/www.ping.fm\/howto\/wp-content\/uploads\/ai\/https---stellarinfo-comwww_ping_fmhowtobest-tools-to-fix-corrupted-mp4.jpg\" alt=\"https:\/\/stellarinfo.com screenshot\" width=\"1280\" height=\"720\"><\/p>\n<p><b>Stellar Repair for Video<\/b> \u00e8 un noto software nel settore della riparazione di file. Questa applicazione completa pu\u00f2 riparare vari formati video ed \u00e8 piuttosto efficace nel trattare problemi di corruzione severi. Consente l&#8217;elaborazione in batch, quindi puoi riparare pi\u00f9 file contemporaneamente. Questo strumento \u00e8 altamente raccomandato per riparare file corrotti durante trasferimenti e download.<\/p>\n<p><a href=\"https:\/\/stellarinfo.com\" rel=\"nofollow noopener\" target=\"_blank\" class=\"ofWSite\">Sito ufficiale<\/a><\/p>\n<h3 class=\"prosTitle\">Pro<\/h3>\n<ul class=\"listpc pros\">\n<li>Supporta l&#8217;elaborazione in batch<\/li>\n<li>Gestisce la corruzione severa<\/li>\n<\/ul>\n<h3 class=\"consTitle\">Contro<\/h3>\n<ul class=\"listpc cons\">\n<li>Pu\u00f2 essere lento con file di grandi dimensioni<\/li>\n<li>Non gratuito<\/li>\n<\/ul>\n<\/section>\n<section>\n<div class=\"no-medal\">\n<div>5<\/div>\n<\/div>\n<h2><a href=\"https:\/\/www.reddit.com\/r\/DataRecoveryHelp\/comments\/1d6irir\/easeus_data_recovery_wizard_for_windows_review_is\/\" rel=\"nofollow noopener\" target=\"_blank\">EaseUS Data Recovery Wizard<\/a><\/h2>\n<p><img src=\"https:\/\/www.ping.fm\/howto\/wp-content\/uploads\/ai\/https---www-reddit-com-r-DataRecoveryHelp-comments-1d6irir-easeus_data_recovery_wizard_for_windows_review_is-www_ping_fmhowtobest-tools-to-fix-corrupted-mp4.jpg\" alt=\"https:\/\/www.reddit.com\/r\/DataRecoveryHelp\/comments\/1d6irir\/easeus_data_recovery_wizard_for_windows_review_is\/ screenshot\" width=\"1280\" height=\"720\"><\/p>\n<p>Il <b>EaseUS Data Recovery Wizard<\/b> non \u00e8 solo uno strumento di recupero file, ma presenta anche un componente robusto di riparazione video. \u00c8 particolarmente efficace nel ripristinare file che sono stati accidentalmente cancellati o persi in altro modo. Lo strumento utilizza algoritmi sofisticati per rilevare e correggere problemi di file. Supporta vari formati video ed \u00e8 facile da usare, rendendolo una scelta solida per individui meno esperti in tecnologia.<\/p>\n<p><a href=\"https:\/\/www.reddit.com\/r\/DataRecoveryHelp\/comments\/1d6irir\/easeus_data_recovery_wizard_for_windows_review_is\/\" rel=\"nofollow noopener\" target=\"_blank\" class=\"ofWSite\">Sito ufficiale<\/a><\/p>\n<h3 class=\"prosTitle\">Pro<\/h3>\n<ul class=\"listpc pros\">\n<li>Facile da usare<\/li>\n<li>Supporta pi\u00f9 formati<\/li>\n<\/ul>\n<h3 class=\"consTitle\">Contro<\/h3>\n<ul class=\"listpc cons\">\n<li>Versione gratuita limitata<\/li>\n<li>Pu\u00f2 richiedere pi\u00f9 tentativi per casi di corruzione severa<\/li>\n<\/ul>\n<\/section>\n<section>\n<div class=\"no-medal\">\n<div>6<\/div>\n<\/div>\n<h2><a href=\"https:\/\/www.remosoftware.com\" rel=\"nofollow noopener\" target=\"_blank\">Remo Repair MOV<\/a><\/h2>\n<p><img src=\"https:\/\/www.ping.fm\/howto\/wp-content\/uploads\/ai\/https---www-remosoftware-comwww_ping_fmhowtobest-tools-to-fix-corrupted-mp4.jpg\" alt=\"https:\/\/www.remosoftware.com screenshot\" width=\"1280\" height=\"720\"><\/p>\n<p><b>Remo Repair MOV<\/b> \u00e8 progettato specificamente per riparare file MOV e MP4 corrotti. Questo software lavora estraendo separatamente i flussi audio e video, riparandoli e poi fondendoli insieme. \u00c8 particolarmente efficace per file corrotti a causa di download falliti o errori durante la registrazione. \u00c8 uno strumento fantastico da avere nel tuo arsenale se ti trovi spesso a trattare con questi tipi di file.<\/p>\n<p><a href=\"https:\/\/www.remosoftware.com\" rel=\"nofollow noopener\" target=\"_blank\" class=\"ofWSite\">Sito ufficiale<\/a><\/p>\n<h3 class=\"prosTitle\">Pro<\/h3>\n<ul class=\"listpc pros\">\n<li>Altamente specializzato<\/li>\n<li>Efficace per problemi di corruzione comuni<\/li>\n<\/ul>\n<h3 class=\"consTitle\">Contro<\/h3>\n<ul class=\"listpc cons\">\n<li>Limitato a file MOV e MP4<\/li>\n<li>Software a pagamento<\/li>\n<\/ul>\n<\/section>\n<section>\n<div class=\"no-medal\">\n<div>7<\/div>\n<\/div>\n<h2><a href=\"https:\/\/grauonline.de\" rel=\"nofollow noopener\" target=\"_blank\">Grau GmbH Video Repair Tool<\/a><\/h2>\n<p><img src=\"https:\/\/www.ping.fm\/howto\/wp-content\/uploads\/ai\/https---grauonline-dewww_ping_fmhowtobest-tools-to-fix-corrupted-mp4.jpg\" alt=\"https:\/\/grauonline.de screenshot\" width=\"1280\" height=\"720\"><\/p>\n<p>Il <b>Grau GmbH Video Repair Tool<\/b> \u00e8 un&#8217;altra opzione eccellente per riparare file MP4 corrotti. Supporta un&#8217;ampia gamma di formati e dispositivi, rendendolo un&#8217;aggiunta versatile al tuo toolkit. Lo strumento aiuta a riparare video che hanno subito settori danneggiati, virus o interruzioni di corrente. L&#8217;interfaccia \u00e8 semplice, rendendola accessibile anche ai principianti.<\/p>\n<p><a href=\"https:\/\/grauonline.de\" rel=\"nofollow noopener\" target=\"_blank\" class=\"ofWSite\">Sito ufficiale<\/a><\/p>\n<h3 class=\"prosTitle\">Pro<\/h3>\n<ul class=\"listpc pros\">\n<li>Supporto per ampia gamma di formati<\/li>\n<li>Interfaccia facile da usare<\/li>\n<\/ul>\n<h3 class=\"consTitle\">Contro<\/h3>\n<ul class=\"listpc cons\">\n<li>Limitazioni della versione di prova<\/li>\n<li>Pu\u00f2 essere lento con file di grandi dimensioni<\/li>\n<\/ul>\n<\/section>\n<section>\n<h2>Guarda su Youtube: <a href=\"https:\/\/www.youtube.com\/watch?v=tBE_a_NFxIY\" target=\"_blank\" rel=\"noopener\">Strumenti migliori per riparare file MP4 corrotti<\/a><\/h2>\n<div class=\"nonp iframe\"><iframe width=\"420\" height=\"315\" src=\"\/\/www.youtube.com\/embed\/tBE_a_NFxIY\" frameborder=\"0\" allowfullscreen><\/iframe><\/div>\n<\/section>\n<section>\n<h2>Conclusione:<\/h2>\n<div class=\"nonp\">\n<p>Approfondiamo i meccanismi di come questi strumenti riparano i video corrotti e alcune pratiche generali per gestire i file video. La <b>corruzione dei file video<\/b> avviene spesso in varie fasi: durante la registrazione, il trasferimento, l&#8217;editing o il download. Diversi strumenti offrono approcci differenti, rendendo essenziale comprendere le tue esatte esigenze quando scegli uno strumento.<\/p>\n<p>Il <b>Clever Free Online Video Repair Tool<\/b> si distingue per la sua semplicit\u00e0 e rapidit\u00e0. Con la crescente popolarit\u00e0 degli strumenti basati su cloud, la loro accessibilit\u00e0 e facilit\u00e0 d&#8217;uso sono migliorate drasticamente. Tuttavia, \u00e8 fondamentale avere una connessione internet stabile per evitare ulteriori problemi durante il processo di riparazione. D&#8217;altra parte, strumenti desktop come <b>Stellar Repair for Video<\/b> e <b>EaseUS Data Recovery Wizard<\/b> offrono impostazioni pi\u00f9 avanzate e capacit\u00e0 di riparazione pi\u00f9 approfondite. Questi strumenti generalmente forniscono risultati migliori per file gravemente corrotti perch\u00e9 operano direttamente sulla potenza di elaborazione del tuo computer.<\/p>\n<p>Una buona pratica quando si ha a che fare con video \u00e8 l&#8217;implementazione di una solida strategia di backup. Strumenti come <a href='https:\/\/www.reddit.com\/r\/DataRecoveryHelp\/comments\/1d6irir\/easeus_data_recovery_wizard_for_windows_review_is\/' rel=\"nofollow noopener\" target='_blank'>EaseUS Data Recovery Wizard<\/a> offrono anche funzionalit\u00e0 di <b>recupero dati<\/b>, offrendoti una seconda possibilit\u00e0 di recuperare i dati del file persi anche se una riparazione non ha successo. Inoltre, istruirti sui capricci dei diversi dispositivi pu\u00f2 aiutarti ad evitare molti errori comuni. Ad esempio, sapere come espellere in sicurezza i supporti di archiviazione, comprendere i messaggi di errore comuni ed essere consapevoli dei sintomi di guasto dell&#8217;archiviazione pu\u00f2 risparmiare molti grattacapi.<\/p>\n<p>Per progetti in corso che coinvolgono video HD o 4K, utilizzare strumenti specializzati come il <a href='https:\/\/repair.cleverfiles.com' rel=\"nofollow noopener\" target='_blank'>Clever Free Online Video Repair Tool<\/a> pu\u00f2 aiutare a preservare la qualit\u00e0 video risolvendo problemi comuni. Infine, quando si ha a che fare con codec o formati file nuovi e avanzati, \u00e8 pertinente utilizzare strumenti aggiornati. Le librerie e i codec vengono aggiornati frequentemente, quindi uno strumento obsoleto potrebbe non essere in grado di interpretare correttamente nuovi tipi di file.<\/p>\n<p>Per ulteriori informazioni e un confronto dettagliato, dai un&#8217;occhiata a questo ottimo articolo sui migliori strumenti per la riparazione dei video: <a href='https:\/\/news.macgasm.net\/reviews\/online-video-repair-tools\/' rel=\"dofollow noopener\" target='_blank'>Riparare file MP4 corrotti gratuitamente<\/a>. La guida copre vari metodi e strumenti, aiutandoti a prendere una decisione informata in base alle tue esigenze specifiche.<\/p>\n<p>Ricorda, l&#8217;arte di riparare file MP4 corrotti riguarda la comprensione della causa della corruzione e la scelta dello strumento pi\u00f9 appropriato per affrontarla. Continua a imparare, rimanere aggiornato e le tue possibilit\u00e0 di riparare con successo i tuoi file video importanti miglioreranno significativamente.<\/p>\n<\/div>\n<\/section>\n<div class=\"extrablock\">\n<p>Scopri vari metodi per riparare file video MP4 e MOV corrotti, rotti o illeggibili online, gratuitamente, usando software o VLC.<\/p>\n<p>                             <a href=\"https:\/\/news.macgasm.net\/tips\/fix-corrupted-video-files\/\" rel=\"dofollow noopener\" target=\"_blank\">https:\/\/news.macgasm.net\/tips\/fix-corrupted-video-files\/<\/a>                         <\/div>\n","protected":false},"excerpt":{"rendered":"<p>Strumenti migliori per riparare file MP4 corrotti Affrontare file MP4 corrotti pu\u00f2 essere un grande mal di testa, specialmente quando ci sono contenuti video critici in gioco. \u00c8 qualcosa che affrontiamo tutti ad un certo punto&#8212;sia che sia dovuto a un download errato, hardware malfunzionante, o un&#8217;improvvisa interruzione di corrente durante la registrazione. Fortunatamente, ci [&hellip;]<\/p>\n","protected":false},"author":0,"featured_media":0,"parent":0,"menu_order":0,"comment_status":"closed","ping_status":"closed","template":"chromecast.php","meta":{"_stopmodifiedupdate":false,"_modified_date":"","_lmt_disableupdate":"","_lmt_disable":""},"acf":[],"yoast_head":"<!-- This site is optimized with the Yoast SEO plugin v20.9 - https:\/\/yoast.com\/wordpress\/plugins\/seo\/ -->\n<title>I migliori strumenti per riparare file MP4 danneggiati<\/title>\n<meta name=\"robots\" content=\"index, follow, max-snippet:-1, max-image-preview:large, max-video-preview:-1\" \/>\n<link rel=\"canonical\" href=\"https:\/\/howto.ping.fm\/it\/top-tools-for-repairing-corrupted-mp4-files\/\" \/>\n<meta property=\"og:locale\" content=\"it_IT\" \/>\n<meta property=\"og:type\" content=\"article\" \/>\n<meta property=\"og:title\" content=\"I migliori strumenti per riparare file MP4 danneggiati\" \/>\n<meta property=\"og:description\" content=\"Strumenti migliori per riparare file MP4 corrotti Affrontare file MP4 corrotti pu\u00f2 essere un grande mal di testa, specialmente quando ci sono contenuti video critici in gioco. \u00c8 qualcosa che affrontiamo tutti ad un certo punto&#8212;sia che sia dovuto a un download errato, hardware malfunzionante, o un&#8217;improvvisa interruzione di corrente durante la registrazione. Fortunatamente, ci [&hellip;]\" \/>\n<meta property=\"og:url\" content=\"https:\/\/howto.ping.fm\/it\/top-tools-for-repairing-corrupted-mp4-files\/\" \/>\n<meta property=\"og:site_name\" content=\"Come Fare &amp; i Migliori Software\" \/>\n<meta property=\"article:modified_time\" content=\"2024-10-07T07:25:02+00:00\" \/>\n<meta property=\"og:image\" content=\"https:\/\/www.ping.fm\/howto\/wp-content\/uploads\/ai\/Top-Tools-for-Repairing-Corrupted-MP4-Files.jpg\" \/>\n<meta name=\"twitter:card\" content=\"summary_large_image\" \/>\n<meta name=\"twitter:label1\" content=\"Est. reading time\" \/>\n\t<meta name=\"twitter:data1\" content=\"6 minuti\" \/>\n<script type=\"application\/ld+json\" class=\"yoast-schema-graph\">{\"@context\":\"https:\/\/schema.org\",\"@graph\":[{\"@type\":\"WebPage\",\"@id\":\"https:\/\/howto.ping.fm\/it\/top-tools-for-repairing-corrupted-mp4-files\/\",\"url\":\"https:\/\/howto.ping.fm\/it\/top-tools-for-repairing-corrupted-mp4-files\/\",\"name\":\"I migliori strumenti per riparare file MP4 danneggiati\",\"isPartOf\":{\"@id\":\"https:\/\/howto.ping.fm\/it\/#website\"},\"datePublished\":\"2024-10-02T00:00:00+00:00\",\"dateModified\":\"2024-10-07T07:25:02+00:00\",\"breadcrumb\":{\"@id\":\"https:\/\/howto.ping.fm\/it\/top-tools-for-repairing-corrupted-mp4-files\/#breadcrumb\"},\"inLanguage\":\"it-IT\",\"potentialAction\":[{\"@type\":\"ReadAction\",\"target\":[\"https:\/\/howto.ping.fm\/it\/top-tools-for-repairing-corrupted-mp4-files\/\"]}]},{\"@type\":\"BreadcrumbList\",\"@id\":\"https:\/\/howto.ping.fm\/it\/top-tools-for-repairing-corrupted-mp4-files\/#breadcrumb\",\"itemListElement\":[{\"@type\":\"ListItem\",\"position\":1,\"name\":\"Home\",\"item\":\"https:\/\/www.ping.fm\/howto\/it\/\"},{\"@type\":\"ListItem\",\"position\":2,\"name\":\"I principali strumenti per la riparazione dei file MP4 danneggiati\"}]},{\"@type\":\"WebSite\",\"@id\":\"https:\/\/howto.ping.fm\/it\/#website\",\"url\":\"https:\/\/howto.ping.fm\/it\/\",\"name\":\"Come Fare & i Migliori Software\",\"description\":\"\",\"potentialAction\":[{\"@type\":\"SearchAction\",\"target\":{\"@type\":\"EntryPoint\",\"urlTemplate\":\"https:\/\/howto.ping.fm\/it\/?s={search_term_string}\"},\"query-input\":\"required name=search_term_string\"}],\"inLanguage\":\"it-IT\"}]}<\/script>\n<!-- \/ Yoast SEO plugin. -->","yoast_head_json":{"title":"I migliori strumenti per riparare file MP4 danneggiati","robots":{"index":"index","follow":"follow","max-snippet":"max-snippet:-1","max-image-preview":"max-image-preview:large","max-video-preview":"max-video-preview:-1"},"canonical":"https:\/\/howto.ping.fm\/it\/top-tools-for-repairing-corrupted-mp4-files\/","og_locale":"it_IT","og_type":"article","og_title":"I migliori strumenti per riparare file MP4 danneggiati","og_description":"Strumenti migliori per riparare file MP4 corrotti Affrontare file MP4 corrotti pu\u00f2 essere un grande mal di testa, specialmente quando ci sono contenuti video critici in gioco. \u00c8 qualcosa che affrontiamo tutti ad un certo punto&#8212;sia che sia dovuto a un download errato, hardware malfunzionante, o un&#8217;improvvisa interruzione di corrente durante la registrazione. Fortunatamente, ci [&hellip;]","og_url":"https:\/\/howto.ping.fm\/it\/top-tools-for-repairing-corrupted-mp4-files\/","og_site_name":"Come Fare & i Migliori Software","article_modified_time":"2024-10-07T07:25:02+00:00","og_image":[{"url":"https:\/\/www.ping.fm\/howto\/wp-content\/uploads\/ai\/Top-Tools-for-Repairing-Corrupted-MP4-Files.jpg"}],"twitter_card":"summary_large_image","twitter_misc":{"Est. reading time":"6 minuti"},"schema":{"@context":"https:\/\/schema.org","@graph":[{"@type":"WebPage","@id":"https:\/\/howto.ping.fm\/it\/top-tools-for-repairing-corrupted-mp4-files\/","url":"https:\/\/howto.ping.fm\/it\/top-tools-for-repairing-corrupted-mp4-files\/","name":"I migliori strumenti per riparare file MP4 danneggiati","isPartOf":{"@id":"https:\/\/howto.ping.fm\/it\/#website"},"datePublished":"2024-10-02T00:00:00+00:00","dateModified":"2024-10-07T07:25:02+00:00","breadcrumb":{"@id":"https:\/\/howto.ping.fm\/it\/top-tools-for-repairing-corrupted-mp4-files\/#breadcrumb"},"inLanguage":"it-IT","potentialAction":[{"@type":"ReadAction","target":["https:\/\/howto.ping.fm\/it\/top-tools-for-repairing-corrupted-mp4-files\/"]}]},{"@type":"BreadcrumbList","@id":"https:\/\/howto.ping.fm\/it\/top-tools-for-repairing-corrupted-mp4-files\/#breadcrumb","itemListElement":[{"@type":"ListItem","position":1,"name":"Home","item":"https:\/\/www.ping.fm\/howto\/it\/"},{"@type":"ListItem","position":2,"name":"I principali strumenti per la riparazione dei file MP4 danneggiati"}]},{"@type":"WebSite","@id":"https:\/\/howto.ping.fm\/it\/#website","url":"https:\/\/howto.ping.fm\/it\/","name":"Come Fare & i Migliori Software","description":"","potentialAction":[{"@type":"SearchAction","target":{"@type":"EntryPoint","urlTemplate":"https:\/\/howto.ping.fm\/it\/?s={search_term_string}"},"query-input":"required name=search_term_string"}],"inLanguage":"it-IT"}]}},"_links":{"self":[{"href":"https:\/\/howto.ping.fm\/it\/wp-json\/wp\/v2\/pages\/24548"}],"collection":[{"href":"https:\/\/howto.ping.fm\/it\/wp-json\/wp\/v2\/pages"}],"about":[{"href":"https:\/\/howto.ping.fm\/it\/wp-json\/wp\/v2\/types\/page"}],"replies":[{"embeddable":true,"href":"https:\/\/howto.ping.fm\/it\/wp-json\/wp\/v2\/comments?post=24548"}],"version-history":[{"count":0,"href":"https:\/\/howto.ping.fm\/it\/wp-json\/wp\/v2\/pages\/24548\/revisions"}],"wp:attachment":[{"href":"https:\/\/howto.ping.fm\/it\/wp-json\/wp\/v2\/media?parent=24548"}],"curies":[{"name":"wp","href":"https:\/\/api.w.org\/{rel}","templated":true}]}}