{"id":13847,"date":"2024-01-13T20:35:12","date_gmt":"2024-01-13T20:35:12","guid":{"rendered":"https:\/\/www.ping.fm\/howto\/best-wifi-analyzer-ios\/"},"modified":"2024-02-21T13:33:30","modified_gmt":"2024-02-21T13:33:30","slug":"best-wifi-analyzer-ios","status":"publish","type":"page","link":"https:\/\/howto.ping.fm\/it\/best-wifi-analyzer-ios\/","title":{"rendered":"I migliori analizzatori WiFi per iPhone nel 2024"},"content":{"rendered":"<section>\n<h1>Migliori analizzatori Wi-Fi per iPhone nel 2024<\/h1>\n<div class=\"inbrief\">\n<div>             <img src=\"https:\/\/www.ping.fm\/howto\/wp-content\/uploads\/ai\/Best-Wifi-Analyzers-for-iPhone-in-2024-Italian.jpg\" alt=\"Migliori analizzatori Wi-Fi per iPhone nel 2024\" title=\"Migliori analizzatori Wi-Fi per iPhone nel 2024\" width=\"1280\" height=\"720\">             <\/p>\n<p>Man mano che ci affidiamo sempre pi\u00f9 a connessioni senza fili, il Wi-Fi \u00e8 diventato pi\u00f9 che un semplice mezzo per accedere a Internet &#8211; \u00e8 diventato parte integrante della nostra produttivit\u00e0 e intrattenimento quotidiani. Qui entrano in gioco le app analizzatori Wi-Fi per iPhone, offrendo approfondimenti e strumenti di gestione per ottimizzare le prestazioni della rete. Questo articolo esaminer\u00e0 i migliori analizzatori Wi-Fi disponibili per gli utenti iPhone nel 2024:<\/p>\n<\/div>\n<\/div>\n<\/section>\n<section>\n<div class=\"medal\">\n<div>&#129351;<\/div>\n<\/div>\n<h2><a href='https:\/\/www.netspotapp.com\/netspot-ios.html' rel=\"nofollow noopener\" target='_blank'>NetSpot per iOS<\/a><\/h2>\n<p>NetSpot per iOS si distingue come uno strumento di analisi Wi-Fi completo, permettendoti di scansionare e mappare con precisione la tua copertura di rete. La sua vasta gamma spazia dalla scoperta di rete di base fino all&#8217;<b>analisi avanzata<\/b> della potenza del segnale in diverse zone del tuo spazio, inclusi sondaggi personalizzabili per comprendere appieno la copertura.<\/p>\n<p><a href='https:\/\/www.netspotapp.com\/netspot-ios.html' rel=\"nofollow noopener\" target='_blank' class='ofWSite'>Sito Ufficiale<\/a><\/p>\n<h3 class='prosTitle'>Vantaggi<\/h3>\n<ul class='listpc pros'>\n<li>Interfaccia utente intuitiva<\/li>\n<li>Visualizzazione dei dati in tempo reale<\/li>\n<\/ul>\n<h3 class='consTitle'>Svantaggi<\/h3>\n<ul class='listpc cons'>\n<li>Funzionalit\u00e0 limitate nella versione gratuita<\/li>\n<li>Pu\u00f2 richiedere conoscenze tecniche per le funzionalit\u00e0 avanzate<\/li>\n<\/ul>\n<\/section>\n<section>\n<div class=\"medal\">\n<div>&#129352;<\/div>\n<\/div>\n<h2><a href='https:\/\/apps.apple.com\/app\/wifi-scanner-analyzer\/id1336785560' rel=\"nofollow noopener\" target='_blank'>WiFi Analyzer Master<\/a><\/h2>\n<p>WiFi Analyzer Master \u00e8 uno strumento popolare grazie al suo design user-friendly e al ricco insieme di funzionalit\u00e0. L&#8217;app offre un eccellente equilibrio tra funzionalit\u00e0 semplice per utenti occasionali e dati approfonditi per i <b>professionisti di rete<\/b>.<\/p>\n<p><a href='https:\/\/apps.apple.com\/app\/wifi-scanner-analyzer\/id1336785560' rel=\"nofollow noopener\" target='_blank' class='ofWSite'>Sito Ufficiale<\/a><\/p>\n<h3 class='prosTitle'>Vantaggi<\/h3>\n<ul class='listpc pros'>\n<li>Interfaccia facile da comprendere<\/li>\n<li>Rappresentazione grafica dei canali di rete<\/li>\n<\/ul>\n<h3 class='consTitle'>Svantaggi<\/h3>\n<ul class='listpc cons'>\n<li>Gli annunci nella versione gratuita possono essere invadenti<\/li>\n<li>Opzioni limitate per l&#8217;esportazione dei dati<\/li>\n<\/ul>\n<\/section>\n<section>\n<div class=\"medal\">\n<div>&#129353;<\/div>\n<\/div>\n<h2><a href='https:\/\/apps.apple.com\/us\/app\/wifi-sweetspots\/id855457383' rel=\"nofollow noopener\" target='_blank'>Wi-Fi SweetSpots<\/a><\/h2>\n<p>Wi-Fi SweetSpots \u00e8 un&#8217;ottima opzione se la tua principale preoccupazione \u00e8 scoprire il <b>posizionamento ottimale<\/b> del tuo dispositivo rispetto al tuo punto di accesso. Questo utile strumento misura il throughput effettivo dei dati in varie localit\u00e0 in tempo reale, rendendolo perfetto per trovare i &#8216;punti dolci&#8217; nella tua copertura Wi-Fi.<\/p>\n<p><a href='https:\/\/apps.apple.com\/us\/app\/wifi-sweetspots\/id855457383' rel=\"nofollow noopener\" target='_blank' class='ofWSite'>Sito Ufficiale<\/a><\/p>\n<h3 class='prosTitle'>Vantaggi<\/h3>\n<ul class='listpc pros'>\n<li>Misure del throughput in tempo reale<\/li>\n<li>Design semplice e pulito<\/li>\n<\/ul>\n<h3 class='consTitle'>Svantaggi<\/h3>\n<ul class='listpc cons'>\n<li>Lettura rumorosa in alcuni ambienti<\/li>\n<li>Mancanza di funzionalit\u00e0 <b>analitiche avanzate<\/b><\/li>\n<\/ul>\n<\/section>\n<section>\n<div class=\"no-medal\">\n<div>4<\/div>\n<\/div>\n<h2><a href='https:\/\/www.fing.com\/products\/fing-app' rel=\"nofollow noopener\" target='_blank'>Fing &#8211; Network Scanner<\/a><\/h2>\n<p>Fing &#8211; Network Scanner eccelle nel rilevamento di rete e nella sicurezza. Effettua una <b>scansione rapida<\/b> della tua rete, identificando tutti i dispositivi connessi e le potenziali violazioni della sicurezza. Sebbene non sia un analizzatore Wi-Fi tradizionale, \u00e8 essenziale per garantire che la tua rete sia sicura.<\/p>\n<p><a href='https:\/\/www.fing.com\/products\/fing-app' rel=\"nofollow noopener\" target='_blank' class='ofWSite'>Sito Ufficiale<\/a><\/p>\n<h3 class='prosTitle'>Vantaggi<\/h3>\n<ul class='listpc pros'>\n<li>Riconoscimento estensivo dei dispositivi<\/li>\n<li>Intuizioni sulla sicurezza user-friendly<\/li>\n<\/ul>\n<h3 class='consTitle'>Svantaggi<\/h3>\n<ul class='listpc cons'>\n<li>Concentrato principalmente sulla sicurezza, meno sull&#8217;analisi del segnale<\/li>\n<li>Le funzionalit\u00e0 Premium richiedono l&#8217;abbonamento<\/li>\n<\/ul>\n<\/section>\n<section>\n<div class=\"no-medal\">\n<div>5<\/div>\n<\/div>\n<h2><a href='https:\/\/www.speedtest.net\/mobile' rel=\"nofollow noopener\" target='_blank'>Ookla Speedtest<\/a><\/h2>\n<p>Il Speedtest di Ookla \u00e8 probabilmente l&#8217;app per il test della velocit\u00e0 di internet pi\u00f9 conosciuta, ed include uno strumento di analisi Wi-Fi che pu\u00f2 aiutare a valutare le prestazioni della tua connessione. Anche se \u00e8 <b>semplice per quanto riguarda le analisi<\/b>, fornisce una misurazione rapida e precisa delle attuali velocit\u00e0 Wi-Fi.<\/p>\n<p><a href='https:\/\/www.speedtest.net\/mobile' rel=\"nofollow noopener\" target='_blank' class='ofWSite'>Sito Ufficiale<\/a><\/p>\n<h3 class='prosTitle'>Vantaggi<\/h3>\n<ul class='listpc pros'>\n<li>Test della velocit\u00e0 intuitivo e semplice<\/li>\n<li>Rete di server globale per test accurati<\/li>\n<\/ul>\n<h3 class='consTitle'>Svantaggi<\/h3>\n<ul class='listpc cons'>\n<li>Limitato al test della velocit\u00e0 e analisi di base<\/li>\n<li>Gli annunci possono peggiorare l&#8217;esperienza<\/li>\n<\/ul>\n<\/section>\n<section>\n<h2>Video di Youtube da guardare<\/h2>\n<div class=\"nonp iframe\"><iframe width=\"420\" height=\"315\" src=\"\/\/www.youtube.com\/embed\/dT2yoyDuzdA\" frameborder=\"0\" allowfullscreen><\/iframe><\/div>\n<\/section>\n<section>\n<h2>Conclusione:<\/h2>\n<div class=\"nonp\">\n<p>Avere gli strumenti giusti fa una grande differenza nella gestione della tua rete Wi-Fi, ma conoscere alcuni consigli fondamentali per l&#8217;ottimizzazione Wi-Fi pu\u00f2 ulteriormente migliorare la tua esperienza online. Ad esempio, posizionare il tuo router in un luogo centrale lontano da muri e oggetti metallici pu\u00f2 migliorare notevolmente la portata del segnale. Inoltre, aggiornare regolarmente il firmware del tuo router pu\u00f2 migliorare sia le prestazioni che la sicurezza.<\/p>\n<p>Un consiglio meno noto \u00e8 quello di personalizzare le <b>impostazioni del canale<\/b> della tua rete Wi-Fi. La maggior parte dei router \u00e8 impostata per selezionare automaticamente un canale, ma usare un analizzatore Wi-Fi per trovare un canale meno affollato pu\u00f2 ridurre le interferenze e accelerare la tua connessione. Inoltre, considera la possibilit\u00e0 di segregare i dispositivi su bande diverse (2.4GHz e 5GHz) per evitare di sovraccaricare una singola banda.<\/p>\n<p>Quando cerchi il <a href='https:\/\/apps.apple.com\/us\/app\/netspot-wifi-map-speed-test\/id1490247223' rel=\"dofollow noopener\" target='_blank'>Miglior Analizzatore Wi-Fi per iPhone<\/a>, vale la pena menzionare che NetSpot per iPhone sull&#8217;Appstore \u00e8 molto apprezzato per il suo set completo di funzionalit\u00e0. Nel frattempo, comprendere le capacit\u00e0 dei tuoi dispositivi pu\u00f2 influenzare come usi il tuo Wi-Fi: i dispositivi pi\u00f9 recenti possono supportare standard pi\u00f9 veloci, il che pu\u00f2 essere uno stimolo per aggiornare il tuo router per supportare queste velocit\u00e0.<\/p>\n<p>Infine, ricorda che il Wi-Fi \u00e8 un mezzo condiviso, e altri elettronici come forni a microonde e telefoni senza fili possono influire sulle prestazioni. \u00c8 importante considerare gli altri segnali nella tua abitazione per ottenere il massimo dalla tua rete Wi-Fi. Incorporare le intuizioni ottenute da analizzatori Wi-Fi, insieme a questi consigli, assicurer\u00e0 di mantenere una rete domestica robusta ed efficiente.<\/p>\n<\/div>\n<\/section>\n","protected":false},"excerpt":{"rendered":"<p>Migliori analizzatori Wi-Fi per iPhone nel 2024 Man mano che ci affidiamo sempre pi\u00f9 a connessioni senza fili, il Wi-Fi \u00e8 diventato pi\u00f9 che un semplice mezzo per accedere a Internet &#8211; \u00e8 diventato parte integrante della nostra produttivit\u00e0 e intrattenimento quotidiani. Qui entrano in gioco le app analizzatori Wi-Fi per iPhone, offrendo approfondimenti e [&hellip;]<\/p>\n","protected":false},"author":2,"featured_media":19836,"parent":0,"menu_order":0,"comment_status":"closed","ping_status":"closed","template":"chromecast.php","meta":{"_stopmodifiedupdate":false,"_modified_date":"","_lmt_disableupdate":"yes","_lmt_disable":""},"acf":[],"yoast_head":"<!-- This site is optimized with the Yoast SEO plugin v20.9 - https:\/\/yoast.com\/wordpress\/plugins\/seo\/ -->\n<title>I migliori analizzatori Wifi per iPhone (iOS) nel 2024<\/title>\n<meta name=\"robots\" content=\"index, follow, max-snippet:-1, max-image-preview:large, max-video-preview:-1\" \/>\n<link rel=\"canonical\" href=\"https:\/\/howto.ping.fm\/it\/best-wifi-analyzer-ios\/\" \/>\n<meta property=\"og:locale\" content=\"it_IT\" \/>\n<meta property=\"og:type\" content=\"article\" \/>\n<meta property=\"og:title\" content=\"I migliori analizzatori Wifi per iPhone (iOS) nel 2024\" \/>\n<meta property=\"og:description\" content=\"Migliori analizzatori Wi-Fi per iPhone nel 2024 Man mano che ci affidiamo sempre pi\u00f9 a connessioni senza fili, il Wi-Fi \u00e8 diventato pi\u00f9 che un semplice mezzo per accedere a Internet &#8211; \u00e8 diventato parte integrante della nostra produttivit\u00e0 e intrattenimento quotidiani. Qui entrano in gioco le app analizzatori Wi-Fi per iPhone, offrendo approfondimenti e [&hellip;]\" \/>\n<meta property=\"og:url\" content=\"https:\/\/howto.ping.fm\/it\/best-wifi-analyzer-ios\/\" \/>\n<meta property=\"og:site_name\" content=\"Come Fare &amp; i Migliori Software\" \/>\n<meta property=\"article:modified_time\" content=\"2024-02-21T13:33:30+00:00\" \/>\n<meta property=\"og:image\" content=\"https:\/\/www.ping.fm\/howto\/wp-content\/uploads\/2024\/04\/Best-Wifi-Analyzers-for-iPhone-in-2024-Italian.jpg\" \/>\n\t<meta property=\"og:image:width\" content=\"1280\" \/>\n\t<meta property=\"og:image:height\" content=\"731\" \/>\n\t<meta property=\"og:image:type\" content=\"image\/jpeg\" \/>\n<meta name=\"twitter:card\" content=\"summary_large_image\" \/>\n<meta name=\"twitter:label1\" content=\"Est. reading time\" \/>\n\t<meta name=\"twitter:data1\" content=\"3 minuti\" \/>\n<script type=\"application\/ld+json\" class=\"yoast-schema-graph\">{\"@context\":\"https:\/\/schema.org\",\"@graph\":[{\"@type\":\"WebPage\",\"@id\":\"https:\/\/howto.ping.fm\/it\/best-wifi-analyzer-ios\/\",\"url\":\"https:\/\/howto.ping.fm\/it\/best-wifi-analyzer-ios\/\",\"name\":\"I migliori analizzatori Wifi per iPhone (iOS) nel 2024\",\"isPartOf\":{\"@id\":\"https:\/\/howto.ping.fm\/it\/#website\"},\"datePublished\":\"2024-01-13T20:35:12+00:00\",\"dateModified\":\"2024-02-21T13:33:30+00:00\",\"breadcrumb\":{\"@id\":\"https:\/\/howto.ping.fm\/it\/best-wifi-analyzer-ios\/#breadcrumb\"},\"inLanguage\":\"it-IT\",\"potentialAction\":[{\"@type\":\"ReadAction\",\"target\":[\"https:\/\/howto.ping.fm\/it\/best-wifi-analyzer-ios\/\"]}]},{\"@type\":\"BreadcrumbList\",\"@id\":\"https:\/\/howto.ping.fm\/it\/best-wifi-analyzer-ios\/#breadcrumb\",\"itemListElement\":[{\"@type\":\"ListItem\",\"position\":1,\"name\":\"Home\",\"item\":\"https:\/\/www.ping.fm\/howto\/it\/\"},{\"@type\":\"ListItem\",\"position\":2,\"name\":\"I migliori analizzatori WiFi per iPhone nel 2024\"}]},{\"@type\":\"WebSite\",\"@id\":\"https:\/\/howto.ping.fm\/it\/#website\",\"url\":\"https:\/\/howto.ping.fm\/it\/\",\"name\":\"Come Fare & i Migliori Software\",\"description\":\"\",\"potentialAction\":[{\"@type\":\"SearchAction\",\"target\":{\"@type\":\"EntryPoint\",\"urlTemplate\":\"https:\/\/howto.ping.fm\/it\/?s={search_term_string}\"},\"query-input\":\"required name=search_term_string\"}],\"inLanguage\":\"it-IT\"}]}<\/script>\n<!-- \/ Yoast SEO plugin. -->","yoast_head_json":{"title":"I migliori analizzatori Wifi per iPhone (iOS) nel 2024","robots":{"index":"index","follow":"follow","max-snippet":"max-snippet:-1","max-image-preview":"max-image-preview:large","max-video-preview":"max-video-preview:-1"},"canonical":"https:\/\/howto.ping.fm\/it\/best-wifi-analyzer-ios\/","og_locale":"it_IT","og_type":"article","og_title":"I migliori analizzatori Wifi per iPhone (iOS) nel 2024","og_description":"Migliori analizzatori Wi-Fi per iPhone nel 2024 Man mano che ci affidiamo sempre pi\u00f9 a connessioni senza fili, il Wi-Fi \u00e8 diventato pi\u00f9 che un semplice mezzo per accedere a Internet &#8211; \u00e8 diventato parte integrante della nostra produttivit\u00e0 e intrattenimento quotidiani. Qui entrano in gioco le app analizzatori Wi-Fi per iPhone, offrendo approfondimenti e [&hellip;]","og_url":"https:\/\/howto.ping.fm\/it\/best-wifi-analyzer-ios\/","og_site_name":"Come Fare & i Migliori Software","article_modified_time":"2024-02-21T13:33:30+00:00","og_image":[{"width":1280,"height":731,"url":"https:\/\/www.ping.fm\/howto\/wp-content\/uploads\/2024\/04\/Best-Wifi-Analyzers-for-iPhone-in-2024-Italian.jpg","type":"image\/jpeg"}],"twitter_card":"summary_large_image","twitter_misc":{"Est. reading time":"3 minuti"},"schema":{"@context":"https:\/\/schema.org","@graph":[{"@type":"WebPage","@id":"https:\/\/howto.ping.fm\/it\/best-wifi-analyzer-ios\/","url":"https:\/\/howto.ping.fm\/it\/best-wifi-analyzer-ios\/","name":"I migliori analizzatori Wifi per iPhone (iOS) nel 2024","isPartOf":{"@id":"https:\/\/howto.ping.fm\/it\/#website"},"datePublished":"2024-01-13T20:35:12+00:00","dateModified":"2024-02-21T13:33:30+00:00","breadcrumb":{"@id":"https:\/\/howto.ping.fm\/it\/best-wifi-analyzer-ios\/#breadcrumb"},"inLanguage":"it-IT","potentialAction":[{"@type":"ReadAction","target":["https:\/\/howto.ping.fm\/it\/best-wifi-analyzer-ios\/"]}]},{"@type":"BreadcrumbList","@id":"https:\/\/howto.ping.fm\/it\/best-wifi-analyzer-ios\/#breadcrumb","itemListElement":[{"@type":"ListItem","position":1,"name":"Home","item":"https:\/\/www.ping.fm\/howto\/it\/"},{"@type":"ListItem","position":2,"name":"I migliori analizzatori WiFi per iPhone nel 2024"}]},{"@type":"WebSite","@id":"https:\/\/howto.ping.fm\/it\/#website","url":"https:\/\/howto.ping.fm\/it\/","name":"Come Fare & i Migliori Software","description":"","potentialAction":[{"@type":"SearchAction","target":{"@type":"EntryPoint","urlTemplate":"https:\/\/howto.ping.fm\/it\/?s={search_term_string}"},"query-input":"required name=search_term_string"}],"inLanguage":"it-IT"}]}},"_links":{"self":[{"href":"https:\/\/howto.ping.fm\/it\/wp-json\/wp\/v2\/pages\/13847"}],"collection":[{"href":"https:\/\/howto.ping.fm\/it\/wp-json\/wp\/v2\/pages"}],"about":[{"href":"https:\/\/howto.ping.fm\/it\/wp-json\/wp\/v2\/types\/page"}],"author":[{"embeddable":true,"href":"https:\/\/howto.ping.fm\/it\/wp-json\/wp\/v2\/users\/2"}],"replies":[{"embeddable":true,"href":"https:\/\/howto.ping.fm\/it\/wp-json\/wp\/v2\/comments?post=13847"}],"version-history":[{"count":1,"href":"https:\/\/howto.ping.fm\/it\/wp-json\/wp\/v2\/pages\/13847\/revisions"}],"predecessor-version":[{"id":19835,"href":"https:\/\/howto.ping.fm\/it\/wp-json\/wp\/v2\/pages\/13847\/revisions\/19835"}],"wp:featuredmedia":[{"embeddable":true,"href":"https:\/\/howto.ping.fm\/it\/wp-json\/wp\/v2\/media\/19836"}],"wp:attachment":[{"href":"https:\/\/howto.ping.fm\/it\/wp-json\/wp\/v2\/media?parent=13847"}],"curies":[{"name":"wp","href":"https:\/\/api.w.org\/{rel}","templated":true}]}}