{"id":13294,"date":"2024-01-08T19:50:48","date_gmt":"2024-01-08T19:50:48","guid":{"rendered":"https:\/\/www.ping.fm\/howto\/find-files-mac\/"},"modified":"2024-02-21T13:33:27","modified_gmt":"2024-02-21T13:33:27","slug":"find-files-mac","status":"publish","type":"page","link":"https:\/\/howto.ping.fm\/it\/find-files-mac\/","title":{"rendered":"Come trovare file su un Mac"},"content":{"rendered":"<section>\n<h1>Come trovare file su un Mac<\/h1>\n<div class=\"inbrief\">\n<div>             <img decoding=\"async\" class=\"lazyload\"  srcset=\"data:image\/png;base64,iVBORw0KGgoAAAANSUhEUgAABLAAAAKkAQMAAAAqeFQ7AAAAA3NCSVQICAjb4U\/gAAAABlBMVEX\/\/\/\/\/\/\/9VfPVsAAAAAnRSTlMA\/1uRIrUAAAAJcEhZcwAACxIAAAsSAdLdfvwAAAAcdEVYdFNvZnR3YXJlAEFkb2JlIEZpcmV3b3JrcyBDUzbovLKMAAAAFnRFWHRDcmVhdGlvbiBUaW1lADAxLzI5LzE536V52wAAAHpJREFUeJztwQENAAAAwqD3T20ON6AAAAAAAAAAAAAAAAAAAAAAAAAAAAAAAAAAAAAAAAAAAAAAAAAAAAAAAAAAAAAAAAAAAAAAAAAAAAAAAAAAAAAAAAAAAAAAAAAAAAAAAAAAAAAAAAAAAAAAAAAAAAAAAAAAAIAHA47LAAHp9LjEAAAAAElFTkSuQmCC\" src=\"https:\/\/www.ping.fm\/howto\/wp-content\/uploads\/ai\/How-to-find-files-on-a-Mac-Italian.jpg\" data-srcset=\"https:\/\/www.ping.fm\/howto\/wp-content\/uploads\/ai\/How-to-find-files-on-a-Mac-Italian.jpg\" data-lazy-type=\"image\" data-original=\"https:\/\/www.ping.fm\/howto\/wp-content\/uploads\/ai\/How-to-find-files-on-a-Mac-Italian.jpg\" alt=\"Come trovare file su un Mac\" title=\"Come trovare file su un Mac\" width=\"1280\" height=\"720\">             <\/p>\n<p>Come utente Mac, mi sono spesso trovato nella necessit\u00e0 di localizzare file specifici in un mare di dati. Che si tratti di un documento che ho creato una settimana fa o di un&#8217;immagine scaricata mesi prima, la sfida di trovare file su un Mac \u00e8 uno scenario comune che molti incontrano. Fortunatamente, macOS offre una variet\u00e0 di strumenti e metodi per aiutarci a navigare tra i nostri file in modo efficiente. In questa guida, condivider\u00f2 diverse strategie, una delle quali coinvolge l&#8217;uso di <b>Commander One file manager<\/b>, un&#8217;applicazione di terze parti robusta che ritengo essere la soluzione migliore. Se stai cercando di <a href=\"https:\/\/mac.eltima.com\/find-files-on-mac.html\" rel=\"dofollow external noopener noreferrer\" target=\"_blank\" data-wpel-link=\"external\">trovare file su computer macOS<\/a> facilmente, questa guida completa ti guider\u00e0 attraverso i passaggi e gli strumenti a tua disposizione.<\/p>\n<\/div>\n<\/div>\n<\/section>\n<section>\n<div>\n<div>1<\/div>\n<h2>Scenari Comuni:<\/h2>\n<\/div>\n<h3>Documenti Smarriti &#128193;<\/h3>\n<ul>\n<li>Cercare di localizzare un <b>rapporto<\/b> salvato senza averne annotato la posizione.<\/li>\n<li>Avere la necessit\u00e0 di <b>accedere<\/b> a un file di cui si ricorda vagamente il contenuto ma non il nome.<\/li>\n<\/ul>\n<h3>Download Disordinati &#128229;<\/h3>\n<ul>\n<li>Ordinare un <b>intruglio confuso<\/b> di file nella cartella Download.<\/li>\n<li>Tentare di <b>trovare<\/b> un download specifico tra file simili.<\/li>\n<\/ul>\n<h3>Progetti Archiviati &#128269;<\/h3>\n<ul>\n<li>Cercare un <b>progetto passato<\/b> disponendo solo di frammenti di informazioni.<\/li>\n<li>Cercare di <b>recuperare<\/b> file da una cartella archiviata piena di contenuti diversi.<\/li>\n<\/ul>\n<\/section>\n<section class=\"stepByStep\">\n<div>\n<div>2<\/div>\n<h2>Guida Passo-Passo. Cercare File su Mac:<\/h2>\n<\/div>\n<h3>Metodo 1: Usa la Ricerca Spotlight &#128269;<\/h3>\n<ul>\n<li>Premere <b>Comando (&#8984;) + Spazio<\/b> per aprire Spotlight.<\/li>\n<li>Digita il nome o una parola chiave del <b>file<\/b> che stai cercando.<\/li>\n<li>Esamina i risultati e premi <b>Invio<\/b> per aprire il file selezionato.<\/li>\n<\/ul>\n<p><b>Nota:<\/b> Spotlight indicizza quasi tutto sul tuo Mac, rendendolo una opzione rapida per cercare file.<\/p>\n<p><b>Conclusione:<\/b> Spotlight \u00e8 efficiente nel trovare file se ti ricordi parole chiave o titoli, ma potrebbe non essere altrettanto approfondito nella ricerca dei contenuti dei file.<\/p>\n<h3>Metodo 2: Esplora Finder &#128270;<\/h3>\n<ul>\n<li>Apri <b>Finder<\/b> dalla tua dock.<\/li>\n<li>Utilizza la <b>barra di ricerca<\/b> in alto a destra per inserire i tuoi termini di ricerca.<\/li>\n<li>Filtra i risultati utilizzando l&#8217;<b>icona plus<\/b> della barra di ricerca (+) per restringere la ricerca per tipo, data e altro.<\/li>\n<\/ul>\n<p><b>Nota:<\/b> Finder consente criteri di ricerca pi\u00f9 dettagliati rispetto a Spotlight e include opzioni di anteprima del file.<\/p>\n<p><b>Conclusione:<\/b> La ricerca di Finder \u00e8 versatile ed eccellente quando stai cercando un file con attributi specifici.<\/p>\n<h3>Metodo 3: Usa il Terminale con il Comando Find &#9000;<\/h3>\n<ul>\n<li>Apri <b>Terminale<\/b> dalla cartella Applicazioni > Utility.<\/li>\n<li>Digita il comando <b>find \/ -name &#8216;nomefile&#8217;<\/b>, sostituendo &#8216;nomefile&#8217; con il nome del tuo file.<\/li>\n<li>Premi <b>Invio<\/b> e sfoglia l&#8217;elenco dei risultati visualizzati sul Terminale.<\/li>\n<\/ul>\n<p><b>Nota:<\/b> Questo metodo \u00e8 il migliore per utenti avanzati a loro agio con interfacce a riga di comando.<\/p>\n<p><b>Conclusione:<\/b> Utilizzare il Terminale \u00e8 un modo potente per localizzare file, ma potrebbe risultare intimidatorio per gli utenti meno esperti di tecnologia.<\/p>\n<h3>Metodo 4: Cartelle intelligenti &#038; Tag &#128278;<\/h3>\n<ul>\n<li>In Finder, clicca su <b>File<\/b> > <b>Nuova Cartella Intelligente<\/b>.<\/li>\n<li>Aggiungi criteri di ricerca per includere automaticamente file per tipo, data, tag, ecc.<\/li>\n<li>Utilizza i <b>Tag<\/b> cliccando con il tasto destro su un file, selezionando <b>Tag<\/b> e assegnando un colore o un nome per un facile accesso successivo.<\/li>\n<\/ul>\n<p><b>Nota:<\/b> Le Cartelle Intelligenti sono dinamiche e si aggiornano automaticamente man mano che aggiungi o rimuovi file che soddisfano i criteri.<\/p>\n<p><b>Conclusione:<\/b> Le Cartelle Intelligenti e i Tag sono un approccio organizzato alla gestione dei file e possono essere estremamente efficaci quando utilizzati con costanza.<\/p>\n<h3>Metodo 5: Applicazioni di Terze Parti &#8211; Commander One &#127775;<\/h3>\n<ul>\n<li>Scarica e installa il gestore di file <b>Commander One<\/b> dal suo <a href=\"https:\/\/mac.eltima.com\/file-manager.html\" rel=\"nofollow external noopener noreferrer\" target=\"_blank\" data-wpel-link=\"external\">sito ufficiale<\/a>.<\/li>\n<li>Avvia l&#8217;applicazione e usa la sua interfaccia a doppio riquadro per una navigazione comoda dei file.<\/li>\n<li>Usa la ricerca avanzata con supporto <b>RegExp<\/b> per trovare file in base a nome, contenuto o parametri aggiuntivi.<\/li>\n<\/ul>\n<p><b>Nota:<\/b> Commander One offre ampie funzionalit\u00e0 di gestione dei file oltre alla semplice ricerca, come supporto FTP, archiviazione cloud e altro.<\/p>\n<p><b>Conclusione:<\/b> Commander One \u00e8 il mio strumento preferito, che combina la potenza del Terminale con un&#8217;interfaccia grafica intuitiva, rendendolo la soluzione migliore per compiti di gestione dei file estesi.<\/p>\n<\/section>\n<section>\n<div>\n<div>3<\/div>\n<h2>Video Youtube da guardare<\/h2>\n<\/div>\n<div class=\"iframe\">https:\/\/www.youtube.com\/watch?v=fqxM4UPV-GM<\/div>\n<\/section>\n<section>\n<div>\n<div>4<\/div>\n<h2>Precauzioni e Consigli:<\/h2>\n<\/div>\n<h3>Snellisci le tue Ricerche  <\/h3>\n<ul>\n<li>Usa sempre <b>nomi dettagliati<\/b> per i tuoi file per facilitare le ricerche future.<\/li>\n<li>Organizza regolarmente le tue <b>cartelle<\/b> e <b>elimina i file inutili<\/b> per ridurre il disordine.<\/li>\n<\/ul>\n<h3>Backup e Recupero Dati  <\/h3>\n<ul>\n<li>Utilizza <b>Time Machine<\/b> o un <b>servizio cloud<\/b> per backup regolari dei dati.<\/li>\n<li>Capire come <b>recuperare i file<\/b> in caso di cancellazione accidentale o perdita.<\/li>\n<\/ul>\n<\/section>\n<section>\n<div>\n<div>5<\/div>\n<h2>Ottimizza il tuo Mac<\/h2>\n<\/div>\n<p>Pur essendo le strategie sopra menzionate incredibilmente utili per gestire i file sul tuo Mac, mantenere un sistema organizzato \u00e8 essenziale per un&#8217;efficienza a lungo termine. Considera l&#8217;uso di un <b>organizzatore per desktop<\/b> come Declutter, che aiuta a categorizzare e ordinare automaticamente i tuoi file sul desktop. Archiviare regolarmente vecchi progetti su hard disk esterni o soluzioni cloud, come <a href=\"https:\/\/www.icloud.com\/\" rel=\"nofollow external noopener noreferrer\" target=\"_blank\" data-wpel-link=\"external\">iCloud<\/a>, \u00e8 un&#8217;altra buona pratica.<\/p>\n<p>A prescindere dalla gestione dei file, ottimizzare le prestazioni del tuo Mac \u00e8 anche fondamentale. Strumenti come CleanMyMac X forniscono una suite di funzionalit\u00e0 per <b>pulire<\/b>, <b>proteggere<\/b>, e <b>accelerare<\/b> il tuo Mac. Inoltre, l&#8217;applicazione <a href=\"https:\/\/apps.apple.com\/app\/disk-drill-data-recovery\/id466353308?mt=12\" rel=\"follow noopener\" target=\"_blank\" data-wpel-link=\"internal\">Disk Drill<\/a> pu\u00f2 aiutarti a recuperare file persi e a mantenere in salute il dispositivo di archiviazione.<\/p>\n<p>Inoltre, utilizzare funzionalit\u00e0 come <b>Stacks<\/b> in macOS Mojave e versioni successive pu\u00f2 organizzare automaticamente i tuoi file per tipo direttamente sul tuo desktop, il che pu\u00f2 ridurre notevolmente il tempo necessario per trovare documenti e immagini. Mantenersi informati sulle ultime funzionalit\u00e0 e aggiornamenti di macOS pu\u00f2 anche aiutare in una migliore gestione dei file.<\/p>\n<p>Infine, considera di interagire con comunit\u00e0 di utenti Mac per consigli e trucchi su gestione dei file e ottimizzazione. Siti web come <a href=\"https:\/\/www.macrumors.com\/\" rel=\"nofollow external noopener noreferrer\" target=\"_blank\" data-wpel-link=\"external\">MacRumors<\/a> o subreddit come r\/mac sono pieni di utenti esperti che spesso condividono i loro spunti su come mantenere il tuo Mac efficiente.<\/p>\n<\/section>\n<section>\n<h2>Conclusione:<\/h2>\n<div class=\"nonp\">\n<p>In conclusione, trovare file sul tuo Mac non deve essere un compito arduo. Che tu stia utilizzando <b>Spotlight Search<\/b>, <b>Finder<\/b>, <b>Terminal<\/b>, <b>Cartelle Intelligenti<\/b>, o una soluzione dedicata come <b>Commander One<\/b>, ogni metodo offre i propri benefici unici. Si tratta di trovare il giusto equilibrio tra facilit\u00e0 d&#8217;uso e funzionalit\u00e0. Ricorda di fare <b>backup<\/b> e <b>organizzare<\/b> regolarmente i tuoi file per minimizzare la necessit\u00e0 di ricerche estese in futuro. Buona caccia ai file!<\/p>\n<\/div>\n<\/section>\n","protected":false},"excerpt":{"rendered":"<p>Come trovare file su un Mac Come utente Mac, mi sono spesso trovato nella necessit\u00e0 di localizzare file specifici in un mare di dati. Che si tratti di un documento che ho creato una settimana fa o di un&#8217;immagine scaricata mesi prima, la sfida di trovare file su un Mac \u00e8 uno scenario comune che [&hellip;]<\/p>\n","protected":false},"author":2,"featured_media":19812,"parent":0,"menu_order":0,"comment_status":"closed","ping_status":"closed","template":"chromecast.php","meta":{"_stopmodifiedupdate":false,"_modified_date":"","_lmt_disableupdate":"yes","_lmt_disable":""},"acf":[],"yoast_head":"<!-- This site is optimized with the Yoast SEO plugin v20.9 - https:\/\/yoast.com\/wordpress\/plugins\/seo\/ -->\n<title>Come trovare file nel 2024 su Mac<\/title>\n<meta name=\"robots\" content=\"index, follow, max-snippet:-1, max-image-preview:large, max-video-preview:-1\" \/>\n<link rel=\"canonical\" href=\"https:\/\/howto.ping.fm\/it\/find-files-mac\/\" \/>\n<meta property=\"og:locale\" content=\"it_IT\" \/>\n<meta property=\"og:type\" content=\"article\" \/>\n<meta property=\"og:title\" content=\"Come trovare file nel 2024 su Mac\" \/>\n<meta property=\"og:description\" content=\"Come trovare file su un Mac Come utente Mac, mi sono spesso trovato nella necessit\u00e0 di localizzare file specifici in un mare di dati. Che si tratti di un documento che ho creato una settimana fa o di un&#8217;immagine scaricata mesi prima, la sfida di trovare file su un Mac \u00e8 uno scenario comune che [&hellip;]\" \/>\n<meta property=\"og:url\" content=\"https:\/\/howto.ping.fm\/it\/find-files-mac\/\" \/>\n<meta property=\"og:site_name\" content=\"Come Fare &amp; i Migliori Software\" \/>\n<meta property=\"article:modified_time\" content=\"2024-02-21T13:33:27+00:00\" \/>\n<meta property=\"og:image\" content=\"https:\/\/www.ping.fm\/howto\/wp-content\/uploads\/2024\/04\/How-to-find-files-on-a-Mac-Italian.jpg\" \/>\n\t<meta property=\"og:image:width\" content=\"1280\" \/>\n\t<meta property=\"og:image:height\" content=\"731\" \/>\n\t<meta property=\"og:image:type\" content=\"image\/jpeg\" \/>\n<meta name=\"twitter:card\" content=\"summary_large_image\" \/>\n<meta name=\"twitter:label1\" content=\"Est. reading time\" \/>\n\t<meta name=\"twitter:data1\" content=\"5 minuti\" \/>\n<script type=\"application\/ld+json\" class=\"yoast-schema-graph\">{\"@context\":\"https:\/\/schema.org\",\"@graph\":[{\"@type\":\"WebPage\",\"@id\":\"https:\/\/howto.ping.fm\/it\/find-files-mac\/\",\"url\":\"https:\/\/howto.ping.fm\/it\/find-files-mac\/\",\"name\":\"Come trovare file nel 2024 su Mac\",\"isPartOf\":{\"@id\":\"https:\/\/howto.ping.fm\/it\/#website\"},\"datePublished\":\"2024-01-08T19:50:48+00:00\",\"dateModified\":\"2024-02-21T13:33:27+00:00\",\"breadcrumb\":{\"@id\":\"https:\/\/howto.ping.fm\/it\/find-files-mac\/#breadcrumb\"},\"inLanguage\":\"it-IT\",\"potentialAction\":[{\"@type\":\"ReadAction\",\"target\":[\"https:\/\/howto.ping.fm\/it\/find-files-mac\/\"]}]},{\"@type\":\"BreadcrumbList\",\"@id\":\"https:\/\/howto.ping.fm\/it\/find-files-mac\/#breadcrumb\",\"itemListElement\":[{\"@type\":\"ListItem\",\"position\":1,\"name\":\"Home\",\"item\":\"https:\/\/www.ping.fm\/howto\/it\/\"},{\"@type\":\"ListItem\",\"position\":2,\"name\":\"Come trovare file su un Mac\"}]},{\"@type\":\"WebSite\",\"@id\":\"https:\/\/howto.ping.fm\/it\/#website\",\"url\":\"https:\/\/howto.ping.fm\/it\/\",\"name\":\"Come Fare & i Migliori Software\",\"description\":\"\",\"potentialAction\":[{\"@type\":\"SearchAction\",\"target\":{\"@type\":\"EntryPoint\",\"urlTemplate\":\"https:\/\/howto.ping.fm\/it\/?s={search_term_string}\"},\"query-input\":\"required name=search_term_string\"}],\"inLanguage\":\"it-IT\"}]}<\/script>\n<!-- \/ Yoast SEO plugin. -->","yoast_head_json":{"title":"Come trovare file nel 2024 su Mac","robots":{"index":"index","follow":"follow","max-snippet":"max-snippet:-1","max-image-preview":"max-image-preview:large","max-video-preview":"max-video-preview:-1"},"canonical":"https:\/\/howto.ping.fm\/it\/find-files-mac\/","og_locale":"it_IT","og_type":"article","og_title":"Come trovare file nel 2024 su Mac","og_description":"Come trovare file su un Mac Come utente Mac, mi sono spesso trovato nella necessit\u00e0 di localizzare file specifici in un mare di dati. Che si tratti di un documento che ho creato una settimana fa o di un&#8217;immagine scaricata mesi prima, la sfida di trovare file su un Mac \u00e8 uno scenario comune che [&hellip;]","og_url":"https:\/\/howto.ping.fm\/it\/find-files-mac\/","og_site_name":"Come Fare & i Migliori Software","article_modified_time":"2024-02-21T13:33:27+00:00","og_image":[{"width":1280,"height":731,"url":"https:\/\/www.ping.fm\/howto\/wp-content\/uploads\/2024\/04\/How-to-find-files-on-a-Mac-Italian.jpg","type":"image\/jpeg"}],"twitter_card":"summary_large_image","twitter_misc":{"Est. reading time":"5 minuti"},"schema":{"@context":"https:\/\/schema.org","@graph":[{"@type":"WebPage","@id":"https:\/\/howto.ping.fm\/it\/find-files-mac\/","url":"https:\/\/howto.ping.fm\/it\/find-files-mac\/","name":"Come trovare file nel 2024 su Mac","isPartOf":{"@id":"https:\/\/howto.ping.fm\/it\/#website"},"datePublished":"2024-01-08T19:50:48+00:00","dateModified":"2024-02-21T13:33:27+00:00","breadcrumb":{"@id":"https:\/\/howto.ping.fm\/it\/find-files-mac\/#breadcrumb"},"inLanguage":"it-IT","potentialAction":[{"@type":"ReadAction","target":["https:\/\/howto.ping.fm\/it\/find-files-mac\/"]}]},{"@type":"BreadcrumbList","@id":"https:\/\/howto.ping.fm\/it\/find-files-mac\/#breadcrumb","itemListElement":[{"@type":"ListItem","position":1,"name":"Home","item":"https:\/\/www.ping.fm\/howto\/it\/"},{"@type":"ListItem","position":2,"name":"Come trovare file su un Mac"}]},{"@type":"WebSite","@id":"https:\/\/howto.ping.fm\/it\/#website","url":"https:\/\/howto.ping.fm\/it\/","name":"Come Fare & i Migliori Software","description":"","potentialAction":[{"@type":"SearchAction","target":{"@type":"EntryPoint","urlTemplate":"https:\/\/howto.ping.fm\/it\/?s={search_term_string}"},"query-input":"required name=search_term_string"}],"inLanguage":"it-IT"}]}},"_links":{"self":[{"href":"https:\/\/howto.ping.fm\/it\/wp-json\/wp\/v2\/pages\/13294"}],"collection":[{"href":"https:\/\/howto.ping.fm\/it\/wp-json\/wp\/v2\/pages"}],"about":[{"href":"https:\/\/howto.ping.fm\/it\/wp-json\/wp\/v2\/types\/page"}],"author":[{"embeddable":true,"href":"https:\/\/howto.ping.fm\/it\/wp-json\/wp\/v2\/users\/2"}],"replies":[{"embeddable":true,"href":"https:\/\/howto.ping.fm\/it\/wp-json\/wp\/v2\/comments?post=13294"}],"version-history":[{"count":1,"href":"https:\/\/howto.ping.fm\/it\/wp-json\/wp\/v2\/pages\/13294\/revisions"}],"predecessor-version":[{"id":19811,"href":"https:\/\/howto.ping.fm\/it\/wp-json\/wp\/v2\/pages\/13294\/revisions\/19811"}],"wp:featuredmedia":[{"embeddable":true,"href":"https:\/\/howto.ping.fm\/it\/wp-json\/wp\/v2\/media\/19812"}],"wp:attachment":[{"href":"https:\/\/howto.ping.fm\/it\/wp-json\/wp\/v2\/media?parent=13294"}],"curies":[{"name":"wp","href":"https:\/\/api.w.org\/{rel}","templated":true}]}}