{"id":17807,"date":"2024-01-22T15:38:05","date_gmt":"2024-01-22T15:38:05","guid":{"rendered":"https:\/\/www.ping.fm\/howto\/hipaa-compliant-video-platforms\/"},"modified":"2024-03-04T09:39:37","modified_gmt":"2024-03-04T09:39:37","slug":"hipaa-compliant-video-platforms","status":"publish","type":"page","link":"https:\/\/howto.ping.fm\/fr\/hipaa-compliant-video-platforms\/","title":{"rendered":"Meilleures plateformes vid\u00e9o conformes \u00e0 la norme HIPAA"},"content":{"rendered":"<section>\n<h1>Meilleures plateformes vid\u00e9o conformes \u00e0 la HIPAA<\/h1>\n<div class=\"inbrief\">\n<div>&#13;             <img decoding=\"async\" decoding=\"async\" class=\"lazyload\"  srcset=\"data:image\/png;base64,iVBORw0KGgoAAAANSUhEUgAABLAAAAKkAQMAAAAqeFQ7AAAAA3NCSVQICAjb4U\/gAAAABlBMVEX\/\/\/\/\/\/\/9VfPVsAAAAAnRSTlMA\/1uRIrUAAAAJcEhZcwAACxIAAAsSAdLdfvwAAAAcdEVYdFNvZnR3YXJlAEFkb2JlIEZpcmV3b3JrcyBDUzbovLKMAAAAFnRFWHRDcmVhdGlvbiBUaW1lADAxLzI5LzE536V52wAAAHpJREFUeJztwQENAAAAwqD3T20ON6AAAAAAAAAAAAAAAAAAAAAAAAAAAAAAAAAAAAAAAAAAAAAAAAAAAAAAAAAAAAAAAAAAAAAAAAAAAAAAAAAAAAAAAAAAAAAAAAAAAAAAAAAAAAAAAAAAAAAAAAAAAAAAAAAAAIAHA47LAAHp9LjEAAAAAElFTkSuQmCC\" src=\"https:\/\/www.ping.fm\/howto\/wp-content\/uploads\/ai\/Best-HIPAA-Compliant-Video-Platforms-French.jpg\" data-srcset=\"https:\/\/www.ping.fm\/howto\/wp-content\/uploads\/ai\/Best-HIPAA-Compliant-Video-Platforms-French.jpg\" data-lazy-type=\"image\" data-original=\"https:\/\/www.ping.fm\/howto\/wp-content\/uploads\/ai\/Best-HIPAA-Compliant-Video-Platforms-French.jpg\" alt=\"Meilleures plateformes vid\u00e9o conformes \u00e0 la HIPAA\" title=\"Meilleures plateformes vid\u00e9o conformes \u00e0 la HIPAA\" width=\"1280\" height=\"720\">&#13;             <\/p>\n<p>En tant que professionnel de la sant\u00e9, j&rsquo;ai compt\u00e9 sur la vid\u00e9oconf\u00e9rence pour les consultations, les r\u00e9unions d&rsquo;\u00e9quipe et les s\u00e9ances de t\u00e9l\u00e9sant\u00e9, en particulier pendant la pand\u00e9mie. D\u00e9ployer des outils conformes \u00e0 la loi sur la portabilit\u00e9 et la responsabilit\u00e9 de l&rsquo;assurance maladie (HIPAA) a \u00e9t\u00e9 ma priorit\u00e9 absolue pour garantir la confidentialit\u00e9 des patients et l&rsquo;\u00e9change s\u00e9curis\u00e9 de donn\u00e9es. Dans cet article, je partagerai mes r\u00e9flexions sur 5 <b>solutions de vid\u00e9oconf\u00e9rence conformes \u00e0 la HIPAA<\/b> dont j&rsquo;ai eu l&rsquo;exp\u00e9rience, y compris leurs points forts et leurs faiblesses. De plus, je vais bri\u00e8vement aborder l&rsquo;importance d&rsquo;utiliser les <b>signatures \u00e9lectroniques HIPAA<\/b>.<\/p>\n<\/div>\n<\/div>\n<\/section>\n<p>&#13;             <\/p>\n<section>\n<div class=\"medal\">\n<div>&#129351;<\/div>\n<\/div>\n<h2><a href=\"https:\/\/www.zoom.us\/healthcare\" rel=\"nofollow external noopener noreferrer\" target=\"_blank\" data-wpel-link=\"external\">Zoom for Healthcare<\/a><\/h2>\n<p>Zoom for Healthcare est un choix populaire au sein de la communaut\u00e9 m\u00e9dicale gr\u00e2ce \u00e0 son interface intuitive et ses solides mesures de s\u00e9curit\u00e9. Cette plateforme a \u00e9t\u00e9 un atout fiable pour les rendez-vous de t\u00e9l\u00e9sant\u00e9 et les r\u00e9unions interd\u00e9partementales, en garantissant la conformit\u00e9 avec les normes <b>HIPAA<\/b>.<\/p>\n<p><a href=\"https:\/\/www.zoom.us\/healthcare\" rel=\"nofollow external noopener noreferrer\" target=\"_blank\" class=\"ofWSite\" data-wpel-link=\"external\">Site officiel<\/a><\/p>\n<h3 class='prosTitle'>Avantages<\/h3>\n<ul class='listpc pros'>\n<li>Interface conviviale am\u00e9liorant l&rsquo;exp\u00e9rience des soins virtuels<\/li>\n<li>Offre un chiffrement de bout en bout fiable pour des communications s\u00e9curis\u00e9es<\/li>\n<\/ul>\n<h3 class='consTitle'>Inconv\u00e9nients<\/h3>\n<ul class='listpc cons'>\n<li>Co\u00fbteux par rapport \u00e0 certaines autres options conformes \u00e0 la HIPAA<\/li>\n<li>Dans de rares cas, des probl\u00e8mes de connectivit\u00e9 peuvent perturber les r\u00e9unions<\/li>\n<\/ul>\n<\/section>\n<p>&#13;             <\/p>\n<section>\n<div class=\"medal\">\n<div>&#129352;<\/div>\n<\/div>\n<h2><a href=\"https:\/\/www.vsee.com\/\" rel=\"nofollow external noopener noreferrer\" target=\"_blank\" data-wpel-link=\"external\">VSee<\/a><\/h2>\n<p>VSee fournit une plateforme de t\u00e9l\u00e9sant\u00e9 con\u00e7ue sp\u00e9cifiquement pour les prestataires de soins de sant\u00e9. Sa capacit\u00e9 \u00e0 s&rsquo;int\u00e9grer \u00e0 divers appareils m\u00e9dicaux et dossiers de sant\u00e9 \u00e9lectroniques (DSE) le distingue des autres <b>solutions de vid\u00e9oconf\u00e9rence<\/b>.<\/p>\n<p><a href=\"https:\/\/www.vsee.com\/\" rel=\"nofollow external noopener noreferrer\" target=\"_blank\" class=\"ofWSite\" data-wpel-link=\"external\">Site officiel<\/a><\/p>\n<h3 class='prosTitle'>Avantages<\/h3>\n<ul class='listpc pros'>\n<li>Personnalisable pour une large gamme de services de sant\u00e9<\/li>\n<li>Comprend une option pour des salles d&rsquo;attente virtuelles<\/li>\n<\/ul>\n<h3 class='consTitle'>Inconv\u00e9nients<\/h3>\n<ul class='listpc cons'>\n<li>Peut n\u00e9cessiter une courbe d&rsquo;apprentissage pour les nouveaux utilisateurs<\/li>\n<li>Outils de marketing limit\u00e9s par rapport aux concurrents<\/li>\n<\/ul>\n<\/section>\n<p>&#13;             <\/p>\n<section>\n<div class=\"medal\">\n<div>&#129353;<\/div>\n<\/div>\n<h2><a href=\"https:\/\/www.gotomeeting.com\/en-ae\/solutions\/telehealth\" rel=\"nofollow external noopener noreferrer\" target=\"_blank\" data-wpel-link=\"external\">GoToMeeting<\/a><\/h2>\n<p>GoToMeeting est un pilier pour de nombreuses organisations de sant\u00e9 gr\u00e2ce \u00e0 sa facilit\u00e9 d&rsquo;utilisation et son rapport qualit\u00e9-prix. Ses fonctionnalit\u00e9s <b>conformes \u00e0 la HIPAA<\/b> rendent les visites virtuelles simples tout en maintenant la confidentialit\u00e9 et la s\u00e9curit\u00e9.<\/p>\n<p><a href=\"https:\/\/www.gotomeeting.com\/en-ae\/solutions\/telehealth\" rel=\"nofollow external noopener noreferrer\" target=\"_blank\" class=\"ofWSite\" data-wpel-link=\"external\">Site officiel<\/a><\/p>\n<h3 class='prosTitle'>Avantages<\/h3>\n<ul class='listpc pros'>\n<li>Configuration simple et int\u00e9gration aux flux de travail quotidiens<\/li>\n<li>Tarification comp\u00e9titive pour les budgets de sant\u00e9<\/li>\n<\/ul>\n<h3 class='consTitle'>Inconv\u00e9nients<\/h3>\n<ul class='listpc cons'>\n<li>Pourrait b\u00e9n\u00e9ficier de fonctionnalit\u00e9s plus avanc\u00e9es<\/li>\n<li>La qualit\u00e9 vid\u00e9o peut varier en fonction de la connexion internet<\/li>\n<\/ul>\n<\/section>\n<section>\n<div class=\"no-medal\">\n<div>4<\/div>\n<\/div>\n<h2><a href=\"https:\/\/www.webex.com\/solutions\/healthcare.html\" rel=\"nofollow external noopener noreferrer\" target=\"_blank\" data-wpel-link=\"external\">Cisco Webex pour les soins de sant\u00e9<\/a><\/h2>\n<p>Cisco Webex pour les soins de sant\u00e9 est soutenu par l&rsquo;infrastructure de s\u00e9curit\u00e9 renomm\u00e9e de Cisco, ce qui en fait une option de <b>visioconf\u00e9rence<\/b> fiable pour les praticiens m\u00e9dicaux. Il prend en charge divers flux de travail dans le domaine de la sant\u00e9 tout en garantissant la s\u00e9curit\u00e9 des informations de sant\u00e9 prot\u00e9g\u00e9es (PHI).<\/p>\n<p><a href=\"https:\/\/www.webex.com\/solutions\/healthcare.html\" rel=\"nofollow external noopener noreferrer\" target=\"_blank\" class=\"ofWSite\" data-wpel-link=\"external\">Site officiel<\/a><\/p>\n<h3 class='prosTitle'>Avantages<\/h3>\n<ul class='listpc pros'>\n<li>S\u00e9curit\u00e9 robuste avec un nom de confiance dans la technologie<\/li>\n<li>Int\u00e9gration avec des dispositifs m\u00e9dicaux pour le partage de donn\u00e9es en temps r\u00e9el<\/li>\n<\/ul>\n<h3 class='consTitle'>Inconv\u00e9nients<\/h3>\n<ul class='listpc cons'>\n<li>Co\u00fbt plus \u00e9lev\u00e9 en raison des fonctionnalit\u00e9s de niveau entreprise<\/li>\n<li>Possiblement trop complexe pour les petits cabinets<\/li>\n<\/ul>\n<\/section>\n<section>\n<div class=\"no-medal\">\n<div>5<\/div>\n<\/div>\n<h2><a href=\"https:\/\/doxy.me\/\" rel=\"nofollow external noopener noreferrer\" target=\"_blank\" data-wpel-link=\"external\">Doxy.me<\/a><\/h2>\n<p><b>Doxy.me<\/b> est une plateforme de t\u00e9l\u00e9m\u00e9decine connue pour sa conception simple et son accessibilit\u00e9. Bas\u00e9e sur le web, elle \u00e9limine la n\u00e9cessit\u00e9 pour les patients de t\u00e9l\u00e9charger des logiciels, rendant les visites virtuelles sans tracas et <b>conformes \u00e0 l&rsquo;HIPAA<\/b>.<\/p>\n<p><a href=\"https:\/\/doxy.me\/\" rel=\"nofollow external noopener noreferrer\" target=\"_blank\" class=\"ofWSite\" data-wpel-link=\"external\">Site officiel<\/a><\/p>\n<h3 class='prosTitle'>Avantages<\/h3>\n<ul class='listpc pros'>\n<li>Aucune installation de logiciel requise pour les patients<\/li>\n<li>Version gratuite disponible avec des fonctionnalit\u00e9s de base<\/li>\n<\/ul>\n<h3 class='consTitle'>Inconv\u00e9nients<\/h3>\n<ul class='listpc cons'>\n<li>Fonctionnalit\u00e9s limit\u00e9es dans la version gratuite<\/li>\n<li>Les fonctionnalit\u00e9s premium n\u00e9cessitent un abonnement<\/li>\n<\/ul>\n<\/section>\n<section>\n<h2>Conclusion\u00a0:<\/h2>\n<div class=\"nonp\">\n<p> En r\u00e9sum\u00e9, cet article pr\u00e9sente un aper\u00e7u complet des principales plateformes de visioconf\u00e9rence conformes \u00e0 l&rsquo;HIPAA, chacune offrant des caract\u00e9ristiques et avantages uniques adapt\u00e9s au secteur des soins de sant\u00e9. De l&rsquo;interface conviviale de Zoom for Healthcare \u00e0 l&rsquo;accessibilit\u00e9 de Doxy.me, ces plateformes r\u00e9pondent \u00e0 un \u00e9ventail de besoins et de budgets, soulignant l&rsquo;importance d&rsquo;une communication s\u00e9curis\u00e9e et efficace avec les patients. Choisir l&rsquo;outil ad\u00e9quat n\u00e9cessite de trouver un \u00e9quilibre entre la facilit\u00e9 d&rsquo;utilisation, les capacit\u00e9s d&rsquo;int\u00e9gration et le co\u00fbt, tout en respectant les normes de l&rsquo;HIPAA. La bonne plateforme vid\u00e9o assure non seulement la conformit\u00e9 mais am\u00e9liore \u00e9galement la qualit\u00e9 des soins et optimise la communication dans le domaine de la sant\u00e9.<\/p>\n<p>Enfin, je souhaite parler du croisement entre la technologie et la conformit\u00e9, en particulier le r\u00f4le des solutions de <a href=\"https:\/\/blog.pdfliner.com\/hipaa-electronic-signature-software-guide\" rel=\"dofollow external noopener noreferrer\" target=\"_blank\" data-wpel-link=\"external\"><b>signature \u00e9lectronique HIPAA<\/b><\/a>. Assurer l&rsquo;int\u00e9grit\u00e9 et l&rsquo;authenticit\u00e9 des formulaires de consentement des patients, des ordonnances et autres documents m\u00e9dicaux est aussi crucial dans l&rsquo;espace virtuel qu&rsquo;en personne. C&rsquo;est l\u00e0 que les signatures \u00e9lectroniques deviennent un atout majeur. Elles permettent une documentation s\u00e9curis\u00e9e, v\u00e9rifiable et efficace tout en \u00e9conomisant du temps et des ressources pour les prestataires de soins et les patients.<\/p>\n<p>Avant d&rsquo;introduire une solution de <b>signature \u00e9lectronique<\/b> dans votre pratique, il est essentiel d&rsquo;\u00e9valuer ses normes de conformit\u00e9 \u00e0 l&rsquo;HIPAA, en s&rsquo;assurant qu&rsquo;elle incorpore des mesures de protection ad\u00e9quates pour prot\u00e9ger les informations de sant\u00e9 prot\u00e9g\u00e9es. En outre, consid\u00e9rez comment ces solutions peuvent s&rsquo;int\u00e9grer \u00e0 vos syst\u00e8mes actuels pour rationaliser tout le processus de soins aux patients.<\/p>\n<p>En fin de compte, l&rsquo;int\u00e9gration de ces technologies promet non seulement une s\u00e9curit\u00e9 et une conformit\u00e9 accrues, mais aussi une am\u00e9lioration des normes de soins aux patients. Alors que le secteur des soins de sant\u00e9 continue d&rsquo;\u00e9voluer, les outils sur lesquels nous comptons vont \u00e9galement progresser, chacun favorisant l&rsquo;objectif de fournir des services de sant\u00e9 exceptionnels \u00e0 ceux qui en ont besoin.<\/p>\n<\/div>\n<\/section>\n","protected":false},"excerpt":{"rendered":"<p>Meilleures plateformes vid\u00e9o conformes \u00e0 la HIPAA &#13; &#13; En tant que professionnel de la sant\u00e9, j&rsquo;ai compt\u00e9 sur la vid\u00e9oconf\u00e9rence pour les consultations, les r\u00e9unions d&rsquo;\u00e9quipe et les s\u00e9ances de t\u00e9l\u00e9sant\u00e9, en particulier pendant la pand\u00e9mie. D\u00e9ployer des outils conformes \u00e0 la loi sur la portabilit\u00e9 et la responsabilit\u00e9 de l&rsquo;assurance maladie (HIPAA) a [&hellip;]<\/p>\n","protected":false},"author":2,"featured_media":20004,"parent":0,"menu_order":0,"comment_status":"closed","ping_status":"closed","template":"chromecast.php","meta":{"_stopmodifiedupdate":false,"_modified_date":"","_lmt_disableupdate":"yes","_lmt_disable":""},"acf":[],"yoast_head":"<!-- This site is optimized with the Yoast SEO plugin v20.9 - https:\/\/yoast.com\/wordpress\/plugins\/seo\/ -->\n<title>Meilleures plateformes de vid\u00e9oconf\u00e9rence conformes \u00e0 la HIPAA<\/title>\n<meta name=\"robots\" content=\"index, follow, max-snippet:-1, max-image-preview:large, max-video-preview:-1\" \/>\n<link rel=\"canonical\" href=\"https:\/\/howto.ping.fm\/fr\/hipaa-compliant-video-platforms\/\" \/>\n<meta property=\"og:locale\" content=\"fr_FR\" \/>\n<meta property=\"og:type\" content=\"article\" \/>\n<meta property=\"og:title\" content=\"Meilleures plateformes de vid\u00e9oconf\u00e9rence conformes \u00e0 la HIPAA\" \/>\n<meta property=\"og:description\" content=\"Meilleures plateformes vid\u00e9o conformes \u00e0 la HIPAA &#013; &#013; En tant que professionnel de la sant\u00e9, j&rsquo;ai compt\u00e9 sur la vid\u00e9oconf\u00e9rence pour les consultations, les r\u00e9unions d&rsquo;\u00e9quipe et les s\u00e9ances de t\u00e9l\u00e9sant\u00e9, en particulier pendant la pand\u00e9mie. D\u00e9ployer des outils conformes \u00e0 la loi sur la portabilit\u00e9 et la responsabilit\u00e9 de l&rsquo;assurance maladie (HIPAA) a [&hellip;]\" \/>\n<meta property=\"og:url\" content=\"https:\/\/howto.ping.fm\/fr\/hipaa-compliant-video-platforms\/\" \/>\n<meta property=\"og:site_name\" content=\"Comment faire &amp; Meilleurs logiciels\" \/>\n<meta property=\"article:modified_time\" content=\"2024-03-04T09:39:37+00:00\" \/>\n<meta property=\"og:image\" content=\"https:\/\/www.ping.fm\/howto\/wp-content\/uploads\/2024\/04\/Best-HIPAA-Compliant-Video-Platforms-French.jpg\" \/>\n\t<meta property=\"og:image:width\" content=\"1280\" \/>\n\t<meta property=\"og:image:height\" content=\"731\" \/>\n\t<meta property=\"og:image:type\" content=\"image\/jpeg\" \/>\n<meta name=\"twitter:card\" content=\"summary_large_image\" \/>\n<meta name=\"twitter:label1\" content=\"Est. reading time\" \/>\n\t<meta name=\"twitter:data1\" content=\"5 minutes\" \/>\n<script type=\"application\/ld+json\" class=\"yoast-schema-graph\">{\"@context\":\"https:\/\/schema.org\",\"@graph\":[{\"@type\":\"WebPage\",\"@id\":\"https:\/\/howto.ping.fm\/fr\/hipaa-compliant-video-platforms\/\",\"url\":\"https:\/\/howto.ping.fm\/fr\/hipaa-compliant-video-platforms\/\",\"name\":\"Meilleures plateformes de vid\u00e9oconf\u00e9rence conformes \u00e0 la HIPAA\",\"isPartOf\":{\"@id\":\"https:\/\/howto.ping.fm\/fr\/#website\"},\"datePublished\":\"2024-01-22T15:38:05+00:00\",\"dateModified\":\"2024-03-04T09:39:37+00:00\",\"breadcrumb\":{\"@id\":\"https:\/\/howto.ping.fm\/fr\/hipaa-compliant-video-platforms\/#breadcrumb\"},\"inLanguage\":\"fr-FR\",\"potentialAction\":[{\"@type\":\"ReadAction\",\"target\":[\"https:\/\/howto.ping.fm\/fr\/hipaa-compliant-video-platforms\/\"]}]},{\"@type\":\"BreadcrumbList\",\"@id\":\"https:\/\/howto.ping.fm\/fr\/hipaa-compliant-video-platforms\/#breadcrumb\",\"itemListElement\":[{\"@type\":\"ListItem\",\"position\":1,\"name\":\"Home\",\"item\":\"https:\/\/www.ping.fm\/howto\/fr\/\"},{\"@type\":\"ListItem\",\"position\":2,\"name\":\"Meilleures plateformes vid\u00e9o conformes \u00e0 la norme HIPAA\"}]},{\"@type\":\"WebSite\",\"@id\":\"https:\/\/howto.ping.fm\/fr\/#website\",\"url\":\"https:\/\/howto.ping.fm\/fr\/\",\"name\":\"Comment faire & Meilleurs logiciels\",\"description\":\"\",\"potentialAction\":[{\"@type\":\"SearchAction\",\"target\":{\"@type\":\"EntryPoint\",\"urlTemplate\":\"https:\/\/howto.ping.fm\/fr\/?s={search_term_string}\"},\"query-input\":\"required name=search_term_string\"}],\"inLanguage\":\"fr-FR\"}]}<\/script>\n<!-- \/ Yoast SEO plugin. -->","yoast_head_json":{"title":"Meilleures plateformes de vid\u00e9oconf\u00e9rence conformes \u00e0 la HIPAA","robots":{"index":"index","follow":"follow","max-snippet":"max-snippet:-1","max-image-preview":"max-image-preview:large","max-video-preview":"max-video-preview:-1"},"canonical":"https:\/\/howto.ping.fm\/fr\/hipaa-compliant-video-platforms\/","og_locale":"fr_FR","og_type":"article","og_title":"Meilleures plateformes de vid\u00e9oconf\u00e9rence conformes \u00e0 la HIPAA","og_description":"Meilleures plateformes vid\u00e9o conformes \u00e0 la HIPAA &#13; &#13; En tant que professionnel de la sant\u00e9, j&rsquo;ai compt\u00e9 sur la vid\u00e9oconf\u00e9rence pour les consultations, les r\u00e9unions d&rsquo;\u00e9quipe et les s\u00e9ances de t\u00e9l\u00e9sant\u00e9, en particulier pendant la pand\u00e9mie. D\u00e9ployer des outils conformes \u00e0 la loi sur la portabilit\u00e9 et la responsabilit\u00e9 de l&rsquo;assurance maladie (HIPAA) a [&hellip;]","og_url":"https:\/\/howto.ping.fm\/fr\/hipaa-compliant-video-platforms\/","og_site_name":"Comment faire & Meilleurs logiciels","article_modified_time":"2024-03-04T09:39:37+00:00","og_image":[{"width":1280,"height":731,"url":"https:\/\/www.ping.fm\/howto\/wp-content\/uploads\/2024\/04\/Best-HIPAA-Compliant-Video-Platforms-French.jpg","type":"image\/jpeg"}],"twitter_card":"summary_large_image","twitter_misc":{"Est. reading time":"5 minutes"},"schema":{"@context":"https:\/\/schema.org","@graph":[{"@type":"WebPage","@id":"https:\/\/howto.ping.fm\/fr\/hipaa-compliant-video-platforms\/","url":"https:\/\/howto.ping.fm\/fr\/hipaa-compliant-video-platforms\/","name":"Meilleures plateformes de vid\u00e9oconf\u00e9rence conformes \u00e0 la HIPAA","isPartOf":{"@id":"https:\/\/howto.ping.fm\/fr\/#website"},"datePublished":"2024-01-22T15:38:05+00:00","dateModified":"2024-03-04T09:39:37+00:00","breadcrumb":{"@id":"https:\/\/howto.ping.fm\/fr\/hipaa-compliant-video-platforms\/#breadcrumb"},"inLanguage":"fr-FR","potentialAction":[{"@type":"ReadAction","target":["https:\/\/howto.ping.fm\/fr\/hipaa-compliant-video-platforms\/"]}]},{"@type":"BreadcrumbList","@id":"https:\/\/howto.ping.fm\/fr\/hipaa-compliant-video-platforms\/#breadcrumb","itemListElement":[{"@type":"ListItem","position":1,"name":"Home","item":"https:\/\/www.ping.fm\/howto\/fr\/"},{"@type":"ListItem","position":2,"name":"Meilleures plateformes vid\u00e9o conformes \u00e0 la norme HIPAA"}]},{"@type":"WebSite","@id":"https:\/\/howto.ping.fm\/fr\/#website","url":"https:\/\/howto.ping.fm\/fr\/","name":"Comment faire & Meilleurs logiciels","description":"","potentialAction":[{"@type":"SearchAction","target":{"@type":"EntryPoint","urlTemplate":"https:\/\/howto.ping.fm\/fr\/?s={search_term_string}"},"query-input":"required name=search_term_string"}],"inLanguage":"fr-FR"}]}},"_links":{"self":[{"href":"https:\/\/howto.ping.fm\/fr\/wp-json\/wp\/v2\/pages\/17807"}],"collection":[{"href":"https:\/\/howto.ping.fm\/fr\/wp-json\/wp\/v2\/pages"}],"about":[{"href":"https:\/\/howto.ping.fm\/fr\/wp-json\/wp\/v2\/types\/page"}],"author":[{"embeddable":true,"href":"https:\/\/howto.ping.fm\/fr\/wp-json\/wp\/v2\/users\/2"}],"replies":[{"embeddable":true,"href":"https:\/\/howto.ping.fm\/fr\/wp-json\/wp\/v2\/comments?post=17807"}],"version-history":[{"count":1,"href":"https:\/\/howto.ping.fm\/fr\/wp-json\/wp\/v2\/pages\/17807\/revisions"}],"predecessor-version":[{"id":20003,"href":"https:\/\/howto.ping.fm\/fr\/wp-json\/wp\/v2\/pages\/17807\/revisions\/20003"}],"wp:featuredmedia":[{"embeddable":true,"href":"https:\/\/howto.ping.fm\/fr\/wp-json\/wp\/v2\/media\/20004"}],"wp:attachment":[{"href":"https:\/\/howto.ping.fm\/fr\/wp-json\/wp\/v2\/media?parent=17807"}],"curies":[{"name":"wp","href":"https:\/\/api.w.org\/{rel}","templated":true}]}}