{"id":13787,"date":"2024-01-13T20:35:12","date_gmt":"2024-01-13T20:35:12","guid":{"rendered":"https:\/\/www.ping.fm\/howto\/best-wifi-analyzer-ios\/"},"modified":"2024-02-21T13:32:09","modified_gmt":"2024-02-21T13:32:09","slug":"best-wifi-analyzer-ios","status":"publish","type":"page","link":"https:\/\/howto.ping.fm\/fr\/best-wifi-analyzer-ios\/","title":{"rendered":"Les meilleurs analyseurs Wifi pour iPhone en 2024"},"content":{"rendered":"<section>\n<h1>Meilleurs analyseurs Wi-Fi pour iPhone en 2024<\/h1>\n<div class=\"inbrief\">\n<div>             <img src=\"https:\/\/www.ping.fm\/howto\/wp-content\/uploads\/ai\/Best-Wifi-Analyzers-for-iPhone-in-2024-French.jpg\" alt=\"Meilleurs analyseurs Wi-Fi pour iPhone en 2024\" title=\"Meilleurs analyseurs Wi-Fi pour iPhone en 2024\" width=\"1280\" height=\"720\">             <\/p>\n<p>Alors que nous comptons de plus en plus sur les connexions sans fil, le Wi-Fi est devenu bien plus qu&rsquo;un simple moyen d&rsquo;acc\u00e9der \u00e0 internet &#8211; il est int\u00e9gral \u00e0 notre productivit\u00e9 quotidienne et \u00e0 notre divertissement. C&rsquo;est ici que les applications d&rsquo;analyse Wi-Fi pour l&rsquo;iPhone entrent en jeu, offrant des aper\u00e7us et des outils de gestion pour optimiser la performance du r\u00e9seau. Cet article passera en revue les meilleurs analyseurs Wi-Fi disponibles pour les utilisateurs d&rsquo;iPhone en 2024 :<\/p>\n<\/div>\n<\/div>\n<\/section>\n<section>\n<div class=\"medal\">\n<div>&#129351;<\/div>\n<\/div>\n<h2><a href='https:\/\/www.netspotapp.com\/netspot-ios.html' rel=\"nofollow noopener\" target='_blank'>NetSpot pour iOS<\/a><\/h2>\n<p>NetSpot pour iOS se pr\u00e9sente comme un outil d&rsquo;analyse Wi-Fi complet, vous permettant de scanner et de cartographier pr\u00e9cis\u00e9ment la couverture de votre r\u00e9seau. Son \u00e9tendue va de la d\u00e9couverte de r\u00e9seau simple \u00e0 une <b>analyse avanc\u00e9e<\/b> de la force du signal \u00e0 travers diff\u00e9rentes zones de votre espace, incluant des enqu\u00eates personnalisables pour comprendre pleinement la couverture.<\/p>\n<p><a href='https:\/\/www.netspotapp.com\/netspot-ios.html' rel=\"nofollow noopener\" target='_blank' class='ofWSite'>Site Officiel<\/a><\/p>\n<h3 class='prosTitle'>Avantages<\/h3>\n<ul class='listpc pros'>\n<li>Interface utilisateur intuitive<\/li>\n<li>Visualisation de donn\u00e9es en temps r\u00e9el<\/li>\n<\/ul>\n<h3 class='consTitle'>Inconv\u00e9nients<\/h3>\n<ul class='listpc cons'>\n<li>Fonctionnalit\u00e9s limit\u00e9es dans la version gratuite<\/li>\n<li>Peut n\u00e9cessiter des connaissances techniques pour les fonctionnalit\u00e9s avanc\u00e9es<\/li>\n<\/ul>\n<\/section>\n<section>\n<div class=\"medal\">\n<div>&#129352;<\/div>\n<\/div>\n<h2><a href='https:\/\/apps.apple.com\/app\/wifi-scanner-analyzer\/id1336785560' rel=\"nofollow noopener\" target='_blank'>WiFi Analyzer Master<\/a><\/h2>\n<p>WiFi Analyzer Master est un outil populaire gr\u00e2ce \u00e0 sa conception conviviale et son ensemble riche de fonctionnalit\u00e9s. L&rsquo;application offre un excellent \u00e9quilibre entre fonctionnalit\u00e9s simples pour les utilisateurs occasionnels et donn\u00e9es approfondies pour les <b>professionnels du r\u00e9seau<\/b>.<\/p>\n<p><a href='https:\/\/apps.apple.com\/app\/wifi-scanner-analyzer\/id1336785560' rel=\"nofollow noopener\" target='_blank' class='ofWSite'>Site Officiel<\/a><\/p>\n<h3 class='prosTitle'>Avantages<\/h3>\n<ul class='listpc pros'>\n<li>Interface facile \u00e0 comprendre<\/li>\n<li>Repr\u00e9sentation graphique des canaux du r\u00e9seau<\/li>\n<\/ul>\n<h3 class='consTitle'>Inconv\u00e9nients<\/h3>\n<ul class='listpc cons'>\n<li>Les publicit\u00e9s dans la version gratuite peuvent \u00eatre intrusives<\/li>\n<li>Options limit\u00e9es pour l&rsquo;exportation des donn\u00e9es<\/li>\n<\/ul>\n<\/section>\n<section>\n<div class=\"medal\">\n<div>&#129353;<\/div>\n<\/div>\n<h2><a href='https:\/\/apps.apple.com\/us\/app\/wifi-sweetspots\/id855457383' rel=\"nofollow noopener\" target='_blank'>Wi-Fi SweetSpots<\/a><\/h2>\n<p>Wi-Fi SweetSpots est une excellente option si votre pr\u00e9occupation principale est de d\u00e9couvrir le <b>positionnement optimal<\/b> de votre appareil par rapport \u00e0 votre point d&rsquo;acc\u00e8s. Cet outil pratique mesure le d\u00e9bit de donn\u00e9es r\u00e9el en diff\u00e9rents lieux en temps r\u00e9el, ce qui est parfait pour trouver les &lsquo;points sucr\u00e9s&rsquo; de votre couverture Wi-Fi.<\/p>\n<p><a href='https:\/\/apps.apple.com\/us\/app\/wifi-sweetspots\/id855457383' rel=\"nofollow noopener\" target='_blank' class='ofWSite'>Site Officiel<\/a><\/p>\n<h3 class='prosTitle'>Avantages<\/h3>\n<ul class='listpc pros'>\n<li>Mesures de d\u00e9bit en temps r\u00e9el<\/li>\n<li>Design simple et \u00e9pur\u00e9<\/li>\n<\/ul>\n<h3 class='consTitle'>Inconv\u00e9nients<\/h3>\n<ul class='listpc cons'>\n<li>Lectures bruyantes dans certains environnements<\/li>\n<li>Manque de fonctionnalit\u00e9s <b>analytiques avanc\u00e9es<\/b><\/li>\n<\/ul>\n<\/section>\n<section>\n<div class=\"no-medal\">\n<div>4<\/div>\n<\/div>\n<h2><a href='https:\/\/www.fing.com\/products\/fing-app' rel=\"nofollow noopener\" target='_blank'>Fing &#8211; Network Scanner<\/a><\/h2>\n<p>Fing &#8211; Network Scanner excelle en d\u00e9tection de r\u00e9seau et en s\u00e9curit\u00e9. Il <b>scanne rapidement<\/b> votre r\u00e9seau, identifiant tous les appareils connect\u00e9s et les \u00e9ventuelles failles de s\u00e9curit\u00e9. Bien que ce ne soit pas un analyseur Wi-Fi traditionnel, il est essentiel pour assurer la s\u00e9curit\u00e9 de votre r\u00e9seau.<\/p>\n<p><a href='https:\/\/www.fing.com\/products\/fing-app' rel=\"nofollow noopener\" target='_blank' class='ofWSite'>Site Officiel<\/a><\/p>\n<h3 class='prosTitle'>Avantages<\/h3>\n<ul class='listpc pros'>\n<li>Reconnaissance \u00e9tendue des appareils<\/li>\n<li>Aper\u00e7us de s\u00e9curit\u00e9 conviviaux<\/li>\n<\/ul>\n<h3 class='consTitle'>Inconv\u00e9nients<\/h3>\n<ul class='listpc cons'>\n<li>Principalement ax\u00e9 sur la s\u00e9curit\u00e9, moins sur l&rsquo;analyse du signal<\/li>\n<li>Les fonctionnalit\u00e9s premium n\u00e9cessitent un abonnement<\/li>\n<\/ul>\n<\/section>\n<section>\n<div class=\"no-medal\">\n<div>5<\/div>\n<\/div>\n<h2><a href='https:\/\/www.speedtest.net\/mobile' rel=\"nofollow noopener\" target='_blank'>Ookla Speedtest<\/a><\/h2>\n<p>Le Speedtest d&rsquo;Ookla est sans doute l&rsquo;application de test de vitesse Internet la plus connue, et elle propose un outil d&rsquo;analyseur Wi-Fi qui peut vous aider \u00e0 \u00e9valuer la performance de votre connexion. Bien qu&rsquo;il soit <b>simple en mati\u00e8re d&rsquo;analytique<\/b>, il fournit une mesure rapide et pr\u00e9cise de vos vitesses Wi-Fi actuelles.<\/p>\n<p><a href='https:\/\/www.speedtest.net\/mobile' rel=\"nofollow noopener\" target='_blank' class='ofWSite'>Site Officiel<\/a><\/p>\n<h3 class='prosTitle'>Avantages<\/h3>\n<ul class='listpc pros'>\n<li>Tests de vitesse intuitifs et simples<\/li>\n<li>R\u00e9seau mondial de serveurs pour des tests pr\u00e9cis<\/li>\n<\/ul>\n<h3 class='consTitle'>Inconv\u00e9nients<\/h3>\n<ul class='listpc cons'>\n<li>Limit\u00e9 aux tests de vitesse et \u00e0 une analyse de base<\/li>\n<li>Les publicit\u00e9s peuvent nuire \u00e0 l&rsquo;exp\u00e9rience<\/li>\n<\/ul>\n<\/section>\n<section>\n<h2>Vid\u00e9o Youtube \u00e0 regarder<\/h2>\n<div class=\"nonp iframe\"><iframe width=\"420\" height=\"315\" src=\"\/\/www.youtube.com\/embed\/dT2yoyDuzdA\" frameborder=\"0\" allowfullscreen><\/iframe><\/div>\n<\/section>\n<section>\n<h2>Conclusion :<\/h2>\n<div class=\"nonp\">\n<p>Avoir les bons outils fait une diff\u00e9rence significative dans la gestion de votre r\u00e9seau Wi-Fi, mais comprendre quelques astuces cl\u00e9s d&rsquo;optimisation Wi-Fi peut encore am\u00e9liorer votre exp\u00e9rience en ligne. Par exemple, placer votre routeur dans un endroit central loin des murs et des objets m\u00e9talliques peut am\u00e9liorer consid\u00e9rablement la port\u00e9e du signal. De plus, mettre r\u00e9guli\u00e8rement \u00e0 jour le firmware de votre routeur peut am\u00e9liorer les performances et la s\u00e9curit\u00e9.<\/p>\n<p>Une astuce moins connue est de personnaliser les <b>param\u00e8tres de canal<\/b> de votre r\u00e9seau Wi-Fi. La plupart des routeurs sont r\u00e9gl\u00e9s pour s\u00e9lectionner automatiquement un canal, mais l&rsquo;utilisation d&rsquo;un analyseur Wi-Fi pour trouver un canal moins encombr\u00e9 peut r\u00e9duire les interf\u00e9rences et acc\u00e9l\u00e9rer votre connexion. Envisagez \u00e9galement de s\u00e9parer les appareils sur diff\u00e9rentes bandes (2,4 GHz et 5 GHz) pour \u00e9viter de surcharger une seule bande.<\/p>\n<p>Lorsque vous cherchez le <a href='https:\/\/apps.apple.com\/us\/app\/netspot-wifi-map-speed-test\/id1490247223' rel=\"dofollow noopener\" target='_blank'>Meilleur Analyseur Wi-Fi pour iPhone<\/a>, il vaut la peine de mentionner que NetSpot pour iPhone sur l&rsquo;Appstore est tr\u00e8s appr\u00e9ci\u00e9 pour son ensemble complet de fonctionnalit\u00e9s. Par ailleurs, comprendre les capacit\u00e9s de vos appareils peut affecter la fa\u00e7on dont vous utilisez votre Wi-Fi : les appareils plus r\u00e9cents peuvent supporter des normes plus rapides, ce qui peut \u00eatre une incitation \u00e0 mettre \u00e0 niveau votre routeur pour supporter ces vitesses.<\/p>\n<p>Enfin, souvenez-vous que le Wi-Fi est un m\u00e9dium partag\u00e9, et d&rsquo;autres appareils \u00e9lectroniques comme les fours \u00e0 micro-ondes et les t\u00e9l\u00e9phones sans fil peuvent affecter les performances. Il est bon de tenir compte des autres signaux dans votre foyer pour tirer le meilleur parti de votre r\u00e9seau Wi-Fi. En combinant les perspectives obtenues gr\u00e2ce aux analyseurs Wi-Fi avec ces conseils, vous assurerez le maintien d&rsquo;un r\u00e9seau domestique robuste et efficace.<\/p>\n<\/div>\n<\/section>\n","protected":false},"excerpt":{"rendered":"<p>Meilleurs analyseurs Wi-Fi pour iPhone en 2024 Alors que nous comptons de plus en plus sur les connexions sans fil, le Wi-Fi est devenu bien plus qu&rsquo;un simple moyen d&rsquo;acc\u00e9der \u00e0 internet &#8211; il est int\u00e9gral \u00e0 notre productivit\u00e9 quotidienne et \u00e0 notre divertissement. C&rsquo;est ici que les applications d&rsquo;analyse Wi-Fi pour l&rsquo;iPhone entrent en [&hellip;]<\/p>\n","protected":false},"author":2,"featured_media":19980,"parent":0,"menu_order":0,"comment_status":"closed","ping_status":"closed","template":"chromecast.php","meta":{"_stopmodifiedupdate":false,"_modified_date":"","_lmt_disableupdate":"yes","_lmt_disable":""},"acf":[],"yoast_head":"<!-- This site is optimized with the Yoast SEO plugin v20.9 - https:\/\/yoast.com\/wordpress\/plugins\/seo\/ -->\n<title>Meilleurs analyseurs Wifi pour iPhone (iOS) en 2024<\/title>\n<meta name=\"robots\" content=\"index, follow, max-snippet:-1, max-image-preview:large, max-video-preview:-1\" \/>\n<link rel=\"canonical\" href=\"https:\/\/howto.ping.fm\/fr\/best-wifi-analyzer-ios\/\" \/>\n<meta property=\"og:locale\" content=\"fr_FR\" \/>\n<meta property=\"og:type\" content=\"article\" \/>\n<meta property=\"og:title\" content=\"Meilleurs analyseurs Wifi pour iPhone (iOS) en 2024\" \/>\n<meta property=\"og:description\" content=\"Meilleurs analyseurs Wi-Fi pour iPhone en 2024 Alors que nous comptons de plus en plus sur les connexions sans fil, le Wi-Fi est devenu bien plus qu&rsquo;un simple moyen d&rsquo;acc\u00e9der \u00e0 internet &#8211; il est int\u00e9gral \u00e0 notre productivit\u00e9 quotidienne et \u00e0 notre divertissement. C&rsquo;est ici que les applications d&rsquo;analyse Wi-Fi pour l&rsquo;iPhone entrent en [&hellip;]\" \/>\n<meta property=\"og:url\" content=\"https:\/\/howto.ping.fm\/fr\/best-wifi-analyzer-ios\/\" \/>\n<meta property=\"og:site_name\" content=\"Comment faire &amp; Meilleurs logiciels\" \/>\n<meta property=\"article:modified_time\" content=\"2024-02-21T13:32:09+00:00\" \/>\n<meta property=\"og:image\" content=\"https:\/\/www.ping.fm\/howto\/wp-content\/uploads\/2024\/04\/Best-Wifi-Analyzers-for-iPhone-in-2024-French.jpg\" \/>\n\t<meta property=\"og:image:width\" content=\"1280\" \/>\n\t<meta property=\"og:image:height\" content=\"731\" \/>\n\t<meta property=\"og:image:type\" content=\"image\/jpeg\" \/>\n<meta name=\"twitter:card\" content=\"summary_large_image\" \/>\n<meta name=\"twitter:label1\" content=\"Est. reading time\" \/>\n\t<meta name=\"twitter:data1\" content=\"4 minutes\" \/>\n<script type=\"application\/ld+json\" class=\"yoast-schema-graph\">{\"@context\":\"https:\/\/schema.org\",\"@graph\":[{\"@type\":\"WebPage\",\"@id\":\"https:\/\/howto.ping.fm\/fr\/best-wifi-analyzer-ios\/\",\"url\":\"https:\/\/howto.ping.fm\/fr\/best-wifi-analyzer-ios\/\",\"name\":\"Meilleurs analyseurs Wifi pour iPhone (iOS) en 2024\",\"isPartOf\":{\"@id\":\"https:\/\/howto.ping.fm\/fr\/#website\"},\"datePublished\":\"2024-01-13T20:35:12+00:00\",\"dateModified\":\"2024-02-21T13:32:09+00:00\",\"breadcrumb\":{\"@id\":\"https:\/\/howto.ping.fm\/fr\/best-wifi-analyzer-ios\/#breadcrumb\"},\"inLanguage\":\"fr-FR\",\"potentialAction\":[{\"@type\":\"ReadAction\",\"target\":[\"https:\/\/howto.ping.fm\/fr\/best-wifi-analyzer-ios\/\"]}]},{\"@type\":\"BreadcrumbList\",\"@id\":\"https:\/\/howto.ping.fm\/fr\/best-wifi-analyzer-ios\/#breadcrumb\",\"itemListElement\":[{\"@type\":\"ListItem\",\"position\":1,\"name\":\"Home\",\"item\":\"https:\/\/www.ping.fm\/howto\/fr\/\"},{\"@type\":\"ListItem\",\"position\":2,\"name\":\"Les meilleurs analyseurs Wifi pour iPhone en 2024\"}]},{\"@type\":\"WebSite\",\"@id\":\"https:\/\/howto.ping.fm\/fr\/#website\",\"url\":\"https:\/\/howto.ping.fm\/fr\/\",\"name\":\"Comment faire & Meilleurs logiciels\",\"description\":\"\",\"potentialAction\":[{\"@type\":\"SearchAction\",\"target\":{\"@type\":\"EntryPoint\",\"urlTemplate\":\"https:\/\/howto.ping.fm\/fr\/?s={search_term_string}\"},\"query-input\":\"required name=search_term_string\"}],\"inLanguage\":\"fr-FR\"}]}<\/script>\n<!-- \/ Yoast SEO plugin. -->","yoast_head_json":{"title":"Meilleurs analyseurs Wifi pour iPhone (iOS) en 2024","robots":{"index":"index","follow":"follow","max-snippet":"max-snippet:-1","max-image-preview":"max-image-preview:large","max-video-preview":"max-video-preview:-1"},"canonical":"https:\/\/howto.ping.fm\/fr\/best-wifi-analyzer-ios\/","og_locale":"fr_FR","og_type":"article","og_title":"Meilleurs analyseurs Wifi pour iPhone (iOS) en 2024","og_description":"Meilleurs analyseurs Wi-Fi pour iPhone en 2024 Alors que nous comptons de plus en plus sur les connexions sans fil, le Wi-Fi est devenu bien plus qu&rsquo;un simple moyen d&rsquo;acc\u00e9der \u00e0 internet &#8211; il est int\u00e9gral \u00e0 notre productivit\u00e9 quotidienne et \u00e0 notre divertissement. C&rsquo;est ici que les applications d&rsquo;analyse Wi-Fi pour l&rsquo;iPhone entrent en [&hellip;]","og_url":"https:\/\/howto.ping.fm\/fr\/best-wifi-analyzer-ios\/","og_site_name":"Comment faire & Meilleurs logiciels","article_modified_time":"2024-02-21T13:32:09+00:00","og_image":[{"width":1280,"height":731,"url":"https:\/\/www.ping.fm\/howto\/wp-content\/uploads\/2024\/04\/Best-Wifi-Analyzers-for-iPhone-in-2024-French.jpg","type":"image\/jpeg"}],"twitter_card":"summary_large_image","twitter_misc":{"Est. reading time":"4 minutes"},"schema":{"@context":"https:\/\/schema.org","@graph":[{"@type":"WebPage","@id":"https:\/\/howto.ping.fm\/fr\/best-wifi-analyzer-ios\/","url":"https:\/\/howto.ping.fm\/fr\/best-wifi-analyzer-ios\/","name":"Meilleurs analyseurs Wifi pour iPhone (iOS) en 2024","isPartOf":{"@id":"https:\/\/howto.ping.fm\/fr\/#website"},"datePublished":"2024-01-13T20:35:12+00:00","dateModified":"2024-02-21T13:32:09+00:00","breadcrumb":{"@id":"https:\/\/howto.ping.fm\/fr\/best-wifi-analyzer-ios\/#breadcrumb"},"inLanguage":"fr-FR","potentialAction":[{"@type":"ReadAction","target":["https:\/\/howto.ping.fm\/fr\/best-wifi-analyzer-ios\/"]}]},{"@type":"BreadcrumbList","@id":"https:\/\/howto.ping.fm\/fr\/best-wifi-analyzer-ios\/#breadcrumb","itemListElement":[{"@type":"ListItem","position":1,"name":"Home","item":"https:\/\/www.ping.fm\/howto\/fr\/"},{"@type":"ListItem","position":2,"name":"Les meilleurs analyseurs Wifi pour iPhone en 2024"}]},{"@type":"WebSite","@id":"https:\/\/howto.ping.fm\/fr\/#website","url":"https:\/\/howto.ping.fm\/fr\/","name":"Comment faire & Meilleurs logiciels","description":"","potentialAction":[{"@type":"SearchAction","target":{"@type":"EntryPoint","urlTemplate":"https:\/\/howto.ping.fm\/fr\/?s={search_term_string}"},"query-input":"required name=search_term_string"}],"inLanguage":"fr-FR"}]}},"_links":{"self":[{"href":"https:\/\/howto.ping.fm\/fr\/wp-json\/wp\/v2\/pages\/13787"}],"collection":[{"href":"https:\/\/howto.ping.fm\/fr\/wp-json\/wp\/v2\/pages"}],"about":[{"href":"https:\/\/howto.ping.fm\/fr\/wp-json\/wp\/v2\/types\/page"}],"author":[{"embeddable":true,"href":"https:\/\/howto.ping.fm\/fr\/wp-json\/wp\/v2\/users\/2"}],"replies":[{"embeddable":true,"href":"https:\/\/howto.ping.fm\/fr\/wp-json\/wp\/v2\/comments?post=13787"}],"version-history":[{"count":1,"href":"https:\/\/howto.ping.fm\/fr\/wp-json\/wp\/v2\/pages\/13787\/revisions"}],"predecessor-version":[{"id":19979,"href":"https:\/\/howto.ping.fm\/fr\/wp-json\/wp\/v2\/pages\/13787\/revisions\/19979"}],"wp:featuredmedia":[{"embeddable":true,"href":"https:\/\/howto.ping.fm\/fr\/wp-json\/wp\/v2\/media\/19980"}],"wp:attachment":[{"href":"https:\/\/howto.ping.fm\/fr\/wp-json\/wp\/v2\/media?parent=13787"}],"curies":[{"name":"wp","href":"https:\/\/api.w.org\/{rel}","templated":true}]}}