{"id":11196,"date":"2023-07-31T13:58:28","date_gmt":"2023-07-31T13:58:28","guid":{"rendered":"https:\/\/www.ping.fm\/data-recovery-software\/"},"modified":"2024-01-05T16:16:06","modified_gmt":"2024-01-05T16:16:06","slug":"fr","status":"publish","type":"page","link":"https:\/\/howto.ping.fm\/fr\/","title":{"rendered":"\/fr"},"content":{"rendered":"<section class=\"banner howto\">\n<div class=\"banner--img\">\n<div class=\"banner--inner\">\n<h1>Critiques de logiciels &#038; Tutoriels How-To li\u00e9s \u00e0 la technologie<\/h1>\n<p>D\u00e9couvrez les secrets de la technologie avec notre guide complet sur \u00ab\u00a0Comment aborder les sc\u00e9narios technologiques et les critiques de logiciels\u00a0\u00bb. Que vous soyez un passionn\u00e9 de technologie, un professionnel cherchant \u00e0 am\u00e9liorer vos comp\u00e9tences, ou un d\u00e9butant d\u00e9sireux de comprendre le monde de la technologie, ce guide est votre ressource unique. Plongez dans des explications d\u00e9taill\u00e9es, \u00e9tape par \u00e9tape, sur divers sc\u00e9narios technologiques, allant du d\u00e9pannage de base aux configurations syst\u00e8me avanc\u00e9es.<\/p>\n<p>Nos critiques et analyses expertes des derniers logiciels vous aideront \u00e0 prendre des d\u00e9cisions \u00e9clair\u00e9es, vous assurant ainsi de choisir les bons outils pour vos besoins.<\/p>\n<\/div>\n<\/div>\n<\/section>\n","protected":false},"excerpt":{"rendered":"<p>Critiques de logiciels &#038; Tutoriels How-To li\u00e9s \u00e0 la technologie D\u00e9couvrez les secrets de la technologie avec notre guide complet sur \u00ab\u00a0Comment aborder les sc\u00e9narios technologiques et les critiques de logiciels\u00a0\u00bb. Que vous soyez un passionn\u00e9 de technologie, un professionnel cherchant \u00e0 am\u00e9liorer vos comp\u00e9tences, ou un d\u00e9butant d\u00e9sireux de comprendre le monde de la [&hellip;]<\/p>\n","protected":false},"author":2,"featured_media":12741,"parent":0,"menu_order":0,"comment_status":"closed","ping_status":"closed","template":"homepage.php","meta":{"_stopmodifiedupdate":false,"_modified_date":"","_lmt_disableupdate":"yes","_lmt_disable":""},"acf":[],"yoast_head":"<!-- This site is optimized with the Yoast SEO plugin v20.9 - https:\/\/yoast.com\/wordpress\/plugins\/seo\/ -->\n<title>Derniers avis sur les logiciels \/ apps et tutoriels pratiques en 2026.<\/title>\n<meta name=\"description\" content=\"D\u00e9verrouillez les secrets de la technologie avec notre guide complet sur &quot;Comment aborder les Sc\u00e9narios Tech et les Critiques de Logiciels&quot;. Que vous soyez un passionn\u00e9 de technologie, un professionnel cherchant \u00e0 am\u00e9liorer vos comp\u00e9tences, ou un d\u00e9butant d\u00e9sireux de comprendre le monde de la technologie, ce guide est votre ressource incontournable.\" \/>\n<meta name=\"robots\" content=\"index, follow, max-snippet:-1, max-image-preview:large, max-video-preview:-1\" \/>\n<link rel=\"canonical\" href=\"https:\/\/howto.ping.fm\/fr\/\" \/>\n<meta property=\"og:locale\" content=\"fr_FR\" \/>\n<meta property=\"og:type\" content=\"article\" \/>\n<meta property=\"og:title\" content=\"Derniers avis sur les logiciels \/ apps et tutoriels pratiques en 2026.\" \/>\n<meta property=\"og:description\" content=\"D\u00e9verrouillez les secrets de la technologie avec notre guide complet sur &quot;Comment aborder les Sc\u00e9narios Tech et les Critiques de Logiciels&quot;. Que vous soyez un passionn\u00e9 de technologie, un professionnel cherchant \u00e0 am\u00e9liorer vos comp\u00e9tences, ou un d\u00e9butant d\u00e9sireux de comprendre le monde de la technologie, ce guide est votre ressource incontournable.\" \/>\n<meta property=\"og:url\" content=\"https:\/\/howto.ping.fm\/fr\/\" \/>\n<meta property=\"og:site_name\" content=\"Comment faire &amp; Meilleurs logiciels\" \/>\n<meta property=\"article:modified_time\" content=\"2024-01-05T16:16:06+00:00\" \/>\n<meta property=\"og:image\" content=\"https:\/\/www.ping.fm\/howto\/wp-content\/uploads\/2024\/01\/DALL\u00b7E_2024_01_05_09_54_29_A_simple_3D_character_holding_a_tech.png\" \/>\n\t<meta property=\"og:image:width\" content=\"1024\" \/>\n\t<meta property=\"og:image:height\" content=\"1024\" \/>\n\t<meta property=\"og:image:type\" content=\"image\/png\" \/>\n<meta name=\"twitter:card\" content=\"summary_large_image\" \/>\n<meta name=\"twitter:label1\" content=\"Est. reading time\" \/>\n\t<meta name=\"twitter:data1\" content=\"1 minute\" \/>\n<script type=\"application\/ld+json\" class=\"yoast-schema-graph\">{\"@context\":\"https:\/\/schema.org\",\"@graph\":[{\"@type\":\"WebPage\",\"@id\":\"https:\/\/howto.ping.fm\/fr\/\",\"url\":\"https:\/\/howto.ping.fm\/fr\/\",\"name\":\"Derniers avis sur les logiciels \/ apps et tutoriels pratiques en 2026.\",\"isPartOf\":{\"@id\":\"https:\/\/howto.ping.fm\/fr\/#website\"},\"datePublished\":\"2023-07-31T13:58:28+00:00\",\"dateModified\":\"2024-01-05T16:16:06+00:00\",\"description\":\"D\u00e9verrouillez les secrets de la technologie avec notre guide complet sur \\\"Comment aborder les Sc\u00e9narios Tech et les Critiques de Logiciels\\\". Que vous soyez un passionn\u00e9 de technologie, un professionnel cherchant \u00e0 am\u00e9liorer vos comp\u00e9tences, ou un d\u00e9butant d\u00e9sireux de comprendre le monde de la technologie, ce guide est votre ressource incontournable.\",\"breadcrumb\":{\"@id\":\"https:\/\/howto.ping.fm\/fr\/#breadcrumb\"},\"inLanguage\":\"fr-FR\",\"potentialAction\":[{\"@type\":\"ReadAction\",\"target\":[\"https:\/\/howto.ping.fm\/fr\/\"]}]},{\"@type\":\"BreadcrumbList\",\"@id\":\"https:\/\/howto.ping.fm\/fr\/#breadcrumb\",\"itemListElement\":[{\"@type\":\"ListItem\",\"position\":1,\"name\":\"Home\",\"item\":\"https:\/\/www.ping.fm\/howto\/fr\/\"},{\"@type\":\"ListItem\",\"position\":2,\"name\":\"\/fr\"}]},{\"@type\":\"WebSite\",\"@id\":\"https:\/\/howto.ping.fm\/fr\/#website\",\"url\":\"https:\/\/howto.ping.fm\/fr\/\",\"name\":\"Comment faire & Meilleurs logiciels\",\"description\":\"\",\"potentialAction\":[{\"@type\":\"SearchAction\",\"target\":{\"@type\":\"EntryPoint\",\"urlTemplate\":\"https:\/\/howto.ping.fm\/fr\/?s={search_term_string}\"},\"query-input\":\"required name=search_term_string\"}],\"inLanguage\":\"fr-FR\"}]}<\/script>\n<!-- \/ Yoast SEO plugin. -->","yoast_head_json":{"title":"Derniers avis sur les logiciels \/ apps et tutoriels pratiques en 2026.","description":"D\u00e9verrouillez les secrets de la technologie avec notre guide complet sur \"Comment aborder les Sc\u00e9narios Tech et les Critiques de Logiciels\". Que vous soyez un passionn\u00e9 de technologie, un professionnel cherchant \u00e0 am\u00e9liorer vos comp\u00e9tences, ou un d\u00e9butant d\u00e9sireux de comprendre le monde de la technologie, ce guide est votre ressource incontournable.","robots":{"index":"index","follow":"follow","max-snippet":"max-snippet:-1","max-image-preview":"max-image-preview:large","max-video-preview":"max-video-preview:-1"},"canonical":"https:\/\/howto.ping.fm\/fr\/","og_locale":"fr_FR","og_type":"article","og_title":"Derniers avis sur les logiciels \/ apps et tutoriels pratiques en 2026.","og_description":"D\u00e9verrouillez les secrets de la technologie avec notre guide complet sur \"Comment aborder les Sc\u00e9narios Tech et les Critiques de Logiciels\". Que vous soyez un passionn\u00e9 de technologie, un professionnel cherchant \u00e0 am\u00e9liorer vos comp\u00e9tences, ou un d\u00e9butant d\u00e9sireux de comprendre le monde de la technologie, ce guide est votre ressource incontournable.","og_url":"https:\/\/howto.ping.fm\/fr\/","og_site_name":"Comment faire & Meilleurs logiciels","article_modified_time":"2024-01-05T16:16:06+00:00","og_image":[{"width":1024,"height":1024,"url":"https:\/\/www.ping.fm\/howto\/wp-content\/uploads\/2024\/01\/DALL\u00b7E_2024_01_05_09_54_29_A_simple_3D_character_holding_a_tech.png","type":"image\/png"}],"twitter_card":"summary_large_image","twitter_misc":{"Est. reading time":"1 minute"},"schema":{"@context":"https:\/\/schema.org","@graph":[{"@type":"WebPage","@id":"https:\/\/howto.ping.fm\/fr\/","url":"https:\/\/howto.ping.fm\/fr\/","name":"Derniers avis sur les logiciels \/ apps et tutoriels pratiques en 2026.","isPartOf":{"@id":"https:\/\/howto.ping.fm\/fr\/#website"},"datePublished":"2023-07-31T13:58:28+00:00","dateModified":"2024-01-05T16:16:06+00:00","description":"D\u00e9verrouillez les secrets de la technologie avec notre guide complet sur \"Comment aborder les Sc\u00e9narios Tech et les Critiques de Logiciels\". Que vous soyez un passionn\u00e9 de technologie, un professionnel cherchant \u00e0 am\u00e9liorer vos comp\u00e9tences, ou un d\u00e9butant d\u00e9sireux de comprendre le monde de la technologie, ce guide est votre ressource incontournable.","breadcrumb":{"@id":"https:\/\/howto.ping.fm\/fr\/#breadcrumb"},"inLanguage":"fr-FR","potentialAction":[{"@type":"ReadAction","target":["https:\/\/howto.ping.fm\/fr\/"]}]},{"@type":"BreadcrumbList","@id":"https:\/\/howto.ping.fm\/fr\/#breadcrumb","itemListElement":[{"@type":"ListItem","position":1,"name":"Home","item":"https:\/\/www.ping.fm\/howto\/fr\/"},{"@type":"ListItem","position":2,"name":"\/fr"}]},{"@type":"WebSite","@id":"https:\/\/howto.ping.fm\/fr\/#website","url":"https:\/\/howto.ping.fm\/fr\/","name":"Comment faire & Meilleurs logiciels","description":"","potentialAction":[{"@type":"SearchAction","target":{"@type":"EntryPoint","urlTemplate":"https:\/\/howto.ping.fm\/fr\/?s={search_term_string}"},"query-input":"required name=search_term_string"}],"inLanguage":"fr-FR"}]}},"_links":{"self":[{"href":"https:\/\/howto.ping.fm\/fr\/wp-json\/wp\/v2\/pages\/11196"}],"collection":[{"href":"https:\/\/howto.ping.fm\/fr\/wp-json\/wp\/v2\/pages"}],"about":[{"href":"https:\/\/howto.ping.fm\/fr\/wp-json\/wp\/v2\/types\/page"}],"author":[{"embeddable":true,"href":"https:\/\/howto.ping.fm\/fr\/wp-json\/wp\/v2\/users\/2"}],"replies":[{"embeddable":true,"href":"https:\/\/howto.ping.fm\/fr\/wp-json\/wp\/v2\/comments?post=11196"}],"version-history":[{"count":3,"href":"https:\/\/howto.ping.fm\/fr\/wp-json\/wp\/v2\/pages\/11196\/revisions"}],"predecessor-version":[{"id":12763,"href":"https:\/\/howto.ping.fm\/fr\/wp-json\/wp\/v2\/pages\/11196\/revisions\/12763"}],"wp:featuredmedia":[{"embeddable":true,"href":"https:\/\/howto.ping.fm\/fr\/wp-json\/wp\/v2\/media\/12741"}],"wp:attachment":[{"href":"https:\/\/howto.ping.fm\/fr\/wp-json\/wp\/v2\/media?parent=11196"}],"curies":[{"name":"wp","href":"https:\/\/api.w.org\/{rel}","templated":true}]}}