{"id":24565,"date":"2024-10-03T00:00:00","date_gmt":"2024-10-03T00:00:00","guid":{"rendered":"https:\/\/howto.ping.fm\/comprehensive-guide-to-video-repair\/"},"modified":"2024-10-07T09:35:45","modified_gmt":"2024-10-07T09:35:45","slug":"comprehensive-guide-to-video-repair","status":"publish","type":"page","link":"https:\/\/howto.ping.fm\/fi\/comprehensive-guide-to-video-repair\/","title":{"rendered":"Videon korjauksen kattava opas"},"content":{"rendered":"<section>\n<h1>Kattava opas videon korjaamiseen<\/h1>\n<div class=\"inbrief\">\n<div>                     <img src=\"https:\/\/www.ping.fm\/howto\/wp-content\/uploads\/ai\/Comprehensive-Guide-to-Video-Repair.jpg\" alt=\"Kattava opas videon korjaamiseen\" title=\"Kattava opas videon korjaamiseen\" width=\"1280\" height=\"720\">                     <\/p>\n<p>Videotiedostot ovat olennainen osa digitaalista el\u00e4m\u00e4\u00e4mme, tallentaen ikimuistoisia hetki\u00e4, arvokkaita ohjeita ja merkitt\u00e4vi\u00e4 tapahtumia. Kuitenkin kohdatessamme vioittuneen, vaurioituneen tai toistamattoman videon, se voi olla turhauttavaa. Onneksi on olemassa tehokkaita ratkaisuja korjata n\u00e4it\u00e4 tiedostoja ja palauttaa niiden toiminnallisuus. T\u00e4m\u00e4 kattava opas opastaa sinut erilaisten menetelmien l\u00e4pi videoiden korjaamiseksi k\u00e4ytt\u00e4en erilaisia ty\u00f6kaluja, mukaan lukien \u00e4lykk\u00e4it\u00e4 online-videokorjausty\u00f6kaluja, ammattimaisia ohjelmistoja ja perinteisi\u00e4 vianm\u00e4\u00e4ritystekniikoita.<\/p>\n<\/div>\n<\/div>\n<\/section>\n<section>\n<div>\n<div>1<\/div>\n<h2>Yleiset tilanteet:<\/h2>\n<\/div>\n<h3>&#8216;Video ei toistu&#8217; formaattiongelmien vuoksi &#128201;<\/h3>\n<ul>\n<li>On yleist\u00e4 l\u00f6yt\u00e4\u00e4 <b>videotiedosto<\/b>, joka ei toistu. Usein t\u00e4m\u00e4 johtuu siit\u00e4, ett\u00e4 <b>videoformaatti<\/b> ei ole tukena <b>mediasoittimellesi<\/b>.<\/li>\n<li>Kohdata viestej\u00e4 kuten, <b>&#8217;tiedostotyyppi\u00e4 ei tueta&#8217;<\/b> voi olla hyvin turhauttavaa.<\/li>\n<li>T\u00e4m\u00e4n ratkaisemiseksi saatat joutua <b>muuntamaan videotiedoston<\/b> mediasoittimellesi yhteensopivaan formaattiin tai korjaamaan olemassa olevan formaatin <b>luotettavan videon korjausty\u00f6kalun<\/b> avulla.<\/li>\n<\/ul>\n<h3>&#8216;Vioittunut videotiedosto&#8217; palautuksen j\u00e4lkeen varmuuskopiosta &#128190;<\/h3>\n<ul>\n<li>Videoiden palauttaminen <b>varmuuskopiosta<\/b> voi joskus johtaa vioittumiseen.<\/li>\n<li>Voit p\u00e4\u00e4ty\u00e4 <b>ep\u00e4t\u00e4ydellisiin<\/b> tai <b>rikkin\u00e4isiin videotiedostoihin<\/b> palautuksen j\u00e4lkeen.<\/li>\n<li>T\u00e4m\u00e4 tilanne edellytt\u00e4\u00e4 tehokkaan <b>videon korjausty\u00f6kalun<\/b> k\u00e4ytt\u00f6\u00e4, joka pystyy k\u00e4sittelem\u00e4\u00e4n vioittuneita tiedostoja ja palauttamaan ne alkuper\u00e4iseen tilaansa.<\/li>\n<\/ul>\n<h3>&#8216;\u00c4\u00e4ni ei ole synkronoitu&#8217; videon kanssa &#127925;<\/h3>\n<ul>\n<li>Koettu <b>\u00e4\u00e4ni-video synkronointiongelma<\/b> voi pilata koko videon katselukokemuksen.<\/li>\n<li>T\u00e4m\u00e4 ongelma saattaa johtua viallisesta koodausprosessista tai pienest\u00e4 vioittumisesta <b>videotiedostossa<\/b>.<\/li>\n<li>Erikoistuneiden <b>videoeditointiohjelmistojen<\/b> tai omistettujen <b>videon korjausty\u00f6kalujen<\/b> k\u00e4ytt\u00f6 voi auttaa korjaamaan synkronointiongelman.<\/li>\n<\/ul>\n<\/section>\n<section class=\"stepByStep\">\n<div>\n<div>2<\/div>\n<h2>Vaiheittainen opas. Videon korjaus:<\/h2>\n<\/div>\n<h3>Menetelm\u00e4 1: K\u00e4ytt\u00e4en Clever Free Online Video Repair -ty\u00f6kalua &#127760;<\/h3>\n<ul>\n<li>Ensimm\u00e4inen askel on avata <a href='https:\/\/repair.cleverfiles.com' rel=\"nofollow noopener\" target='_blank'><b>Clever Free Online Video Repair -ty\u00f6kalun<\/b><\/a> verkkosivusto.<\/li>\n<li>Klikkaa &#8216;Upload File&#8217; -painiketta ja valitse korruptoitunut <b>videotiedosto<\/b> tietokoneeltasi.<\/li>\n<li>Kun tiedosto on ladattu, paina &#8217;Repair&#8217; -painiketta aloittaaksesi <b>videon korjausprosessin<\/b>.<\/li>\n<li>Lataa korjattu tiedosto, kun prosessi on valmis, ja tarkista, toistuuko video oikein.<\/li>\n<\/ul>\n<p><b>Huom:<\/b> T\u00e4m\u00e4 ty\u00f6kalu pystyy tehokkaasti korjaamaan yleisimm\u00e4t videotiedostojen vioittumiset.<\/p>\n<p><img src=\"https:\/\/www.ping.fm\/howto\/wp-content\/uploads\/ai\/Repair-Clever-Comprehensive-Guide-to-Video-Repair.jpg\" alt=\"Kattava opas videon korjaamiseen Kuvakaappaus\" width=\"1280\" height=\"720\"><\/p>\n<p><b>Johtop\u00e4\u00e4t\u00f6s:<\/b> Online-videon korjausty\u00f6kalun k\u00e4ytt\u00f6 on suoraviivainen ja tehokas tapa korjata erilaisia video-ongelmia ilman mink\u00e4\u00e4nlaista ohjelmiston asennusta.<\/p>\n<h3>Menetelm\u00e4 2: Videon korjaaminen VLC Media Playerilla &#127909;<\/h3>\n<ul>\n<li>Avaa <b>VLC Media Player<\/b> tietokoneellasi.<\/li>\n<li>Mene &#8216;Media&#8217; ja valitse &#8216;Convert\/Save&#8217; valikosta.<\/li>\n<li>Ponnahdusikkunassa lis\u00e4\u00e4 korruptoitunut <b>videotiedosto<\/b> ja klikkaa &#8216;Convert\/Save&#8217;.<\/li>\n<li>Valitse haluamasi profiili muunnosta varten ja aseta tulostiedoston kohdekansio.<\/li>\n<li>Klikkaa &#8216;Start&#8217; aloittaa prosessi. VLC yritt\u00e4\u00e4 korjata videon muuntamisen aikana.<\/li>\n<\/ul>\n<p><b>Huom:<\/b> VLC auttaa usein korjaamaan pieni\u00e4 vioittumisia muuntamisen aikana.<\/p>\n<p><b>Johtop\u00e4\u00e4t\u00f6s:<\/b> VLC Media Player ei ole vain soitin vaan my\u00f6s vahva ty\u00f6kalu videoiden korjaamiseen ja muuntamiseen.<\/p>\n<h3>Menetelm\u00e4 3: Ammattimaisen ohjelmiston k\u00e4ytt\u00f6: Wondershare Repairit &#128736;<\/h3>\n<ul>\n<li>Lataa ja asenna <b>Wondershare Repairit<\/b> tietokoneellesi. L\u00f6yd\u00e4t sen t\u00e4\u00e4lt\u00e4.<\/li>\n<li>K\u00e4ynnist\u00e4 ohjelmisto ja klikkaa &#8216;Add&#8217; -painiketta ladataksesi korruptoituneen videotiedoston.<\/li>\n<li>Klikkaa &#8217;Repair&#8217; -painiketta aloittaaksesi <b>korjausprosessin<\/b>.<\/li>\n<li>Korjauksen j\u00e4lkeen esikatsele video varmistaaksesi, ett\u00e4 se on korjattu, ja tallenna se haluamaasi sijaintiin.<\/li>\n<\/ul>\n<p><b>Huom:<\/b> Ammattimaiset ty\u00f6kalut tarjoavat yleens\u00e4 edistyneit\u00e4 ominaisuuksia syvemp\u00e4\u00e4 korjausta varten.<\/p>\n<p><b>Johtop\u00e4\u00e4t\u00f6s:<\/b> Wondershare Repairit on tehokas ty\u00f6kalu vakavasti korruptoituneiden videotiedostojen korjaamiseen edistyneiden algoritmiensa ansiosta.<\/p>\n<h3>Menetelm\u00e4 4: Korjaaminen HandBrakella &#128295;<\/h3>\n<ul>\n<li>Lataa ja asenna <b>HandBrake<\/b> virallisilta verkkosivuilta <a href='https:\/\/handbrake.fr\/' rel=\"nofollow noopener\" target='_blank'>t\u00e4\u00e4lt\u00e4<\/a>.<\/li>\n<li>Avaa HandBrake ja lataa korruptoitunut videotiedosto klikkaamalla &#8217;Source&#8217; -painiketta.<\/li>\n<li>Valitse kohdekansio ja tulostusmuoto, joka sopii vaatimuksiisi.<\/li>\n<li>Klikkaa &#8216;Start Encode&#8217; aloittaaksesi prosessi. HandBrake koodaa videon uudelleen, mahdollisesti korjaten pieni\u00e4 vioittumisia.<\/li>\n<\/ul>\n<p><b>Huom:<\/b> HandBrake on ensisijaisesti videomuunnin mutta voi korjata pieni\u00e4 ongelmia uudelleenkoodauksen aikana.<\/p>\n<p><b>Johtop\u00e4\u00e4t\u00f6s:<\/b> HandBrake voi olla hy\u00f6dyllinen ty\u00f6kalu videoiden korjaamiseen koodaamalla ne uudelleen uuteen formaattiin.<\/p>\n<h3>Menetelm\u00e4 5: Audio-Video synkronointiongelmien korjaaminen Avidemuxin avulla &#128260;<\/h3>\n<ul>\n<li>Lataa ja asenna <b>Avidemux<\/b> virallisilta verkkosivuilta t\u00e4\u00e4lt\u00e4.<\/li>\n<li>Avaa Avidemux ja lataa korruptoitunut videotiedosto.<\/li>\n<li>Mene &#8216;Audio&#8217; ja sitten &#8216;Shift&#8217; asettaaksesi oikean <b>synkronointiarvon<\/b> \u00e4\u00e4nen s\u00e4\u00e4t\u00e4miseksi.<\/li>\n<li>Esikatsele video ja varmista, ett\u00e4 \u00e4\u00e4ni on synkronoitu videon kanssa.<\/li>\n<li>Tallenna korjattu video klikkaamalla &#8216;File&#8217; ja sitten &#8216;Save&#8217;.<\/li>\n<\/ul>\n<p><b>Huom:<\/b> Avidemux on erinomainen \u00e4\u00e4ni- ja videosynkronointiongelmien manuaaliseen s\u00e4\u00e4t\u00e4miseen.<\/p>\n<p><b>Johtop\u00e4\u00e4t\u00f6s:<\/b> Jos videossasi on synkronointiongelmia, Avidemux tarjoaa suoraviivaisen tavan korjata kohdistus manuaalisesti.<\/p>\n<\/section>\n<section>\n<div>\n<div>3<\/div>\n<h2>Katso Youtubessa: <a href=\"https:\/\/www.youtube.com\/watch?v=6VCrzS_Jsrg\" target=\"_blank\" rel=\"noopener\">Kattava opas videon korjaukseen<\/a><\/h2>\n<\/div>\n<div class=\"iframe\"><iframe width=\"420\" height=\"315\" src=\"\/\/www.youtube.com\/embed\/6VCrzS_Jsrg\" frameborder=\"0\" allowfullscreen><\/iframe><\/div>\n<\/section>\n<section>\n<div>\n<div>4<\/div>\n<h2>Varotoimet ja vinkit:<\/h2>\n<\/div>\n<h3>Videotiedostojen suojaaminen korruptiolta &#128737;<\/h3>\n<ul>\n<li>K\u00e4yt\u00e4 aina <b>luotettavaa varmuuskopiointiratkaisua<\/b> tietojen menett\u00e4misen est\u00e4miseksi.<\/li>\n<li>V\u00e4lt\u00e4 <b>ep\u00e4vakaan tallennusmedian<\/b> k\u00e4ytt\u00f6\u00e4 t\u00e4rkeiden <b>videotiedostojen<\/b> tallentamiseen.<\/li>\n<li>P\u00e4ivit\u00e4 j\u00e4rjestelm\u00e4si ja mediasoittimesi s\u00e4\u00e4nn\u00f6llisesti yhteensopivuusongelmien v\u00e4ltt\u00e4miseksi.<\/li>\n<li>K\u00e4yt\u00e4 <b>luotettavaa ohjelmistoa<\/b> videoiden muokkaus- ja muunnosteht\u00e4viin.<\/li>\n<li>Ennen videotiedoston muuntamista tai uudelleennime\u00e4mist\u00e4, tee <b>varmuuskopio<\/b> est\u00e4\u00e4ksesi tahattoman korruption.<\/li>\n<\/ul>\n<h3>Videon toisto-ongelmien ehk\u00e4isy &#127902;<\/h3>\n<ul>\n<li>Varmista, ett\u00e4 mediasoittimesi on ajan tasalla tukemaan uusimpia <b>videoformaatteja<\/b>.<\/li>\n<li>Asenna tarvittavat <b>koodekit<\/b>, jos videotiedosto ei toistu.<\/li>\n<li>K\u00e4yt\u00e4 arvostettuja l\u00e4hteit\u00e4 ladataksesi videotiedostoja ja v\u00e4lt\u00e4 <b>kolmannen osapuolen sovelluksia<\/b>, jotka voivat olla haitallisia.<\/li>\n<li>Jos videossasi on puskurointi- tai viiveongelmia, harkitse mediasoittimen <b>v\u00e4limuistin tyhjent\u00e4mist\u00e4<\/b>.<\/li>\n<li>Tarkista tietokoneesi s\u00e4\u00e4nn\u00f6llisesti <b>virusten<\/b> ja haittaohjelmien varalta pit\u00e4m\u00e4ll\u00e4 se optimaalisessa kunnossa.<\/li>\n<\/ul>\n<\/section>\n<section>\n<div>\n<div>5<\/div>\n<h2>Kriittisi\u00e4 n\u00e4kemyksi\u00e4<\/h2>\n<\/div>\n<p>Ymm\u00e4rt\u00e4minen, kuinka <b>videon korruptio<\/b> tapahtuu, on olennaista tehokkaan videon korjauksen kannalta. Korruptio voi johtua useista tekij\u00f6ist\u00e4, mukaan lukien ep\u00e4t\u00e4ydelliset lataukset, s\u00e4hk\u00f6katkokset, virheelliset muunnokset tai haittaohjelmahy\u00f6kk\u00e4ykset. Syyn tunnistaminen auttaa parhaan korjausmenetelm\u00e4n valitsemisessa.<\/p>\n<p><b>Ammattilaisvideon korjausohjelmisto<\/b>, kuten <a href='https:\/\/www.stellarinfo.com\/disk-tool\/repair-mp4-file.php' rel=\"nofollow noopener\" target='_blank'>Stellar Repair for Video<\/a>, tarjoaa kattavan ratkaisun tarjoten edistyneit\u00e4 vaihtoehtoja vakavan korruption, kuten rikkoutuneiden otsikoiden, kehyskorruption tai v\u00e4\u00e4r\u00e4n audio-video synkronoinnin korjaamiseen. Useimmat n\u00e4ist\u00e4 ty\u00f6kaluista tarjoavat ilmaisen kokeilun peruskorjauksille.<\/p>\n<p>Vaihtoehtoisesti manuaaliset ty\u00f6kalut kuten <a href='https:\/\/ffmpeg.org\/download.html' rel=\"nofollow noopener\" target='_blank'>FFmpeg<\/a> antavat sinulle enemm\u00e4n hallintaa <b>korjausprosessiin<\/b>. K\u00e4ytt\u00e4m\u00e4ll\u00e4 komentorivi\u00e4 voit kohdistaa tiettyihin ongelmiin, vaikka se vaatii teknist\u00e4 tiet\u00e4myst\u00e4 koodekeista ja videorakenteista.<\/p>\n<p><b>Pilvipohjaiset ratkaisut<\/b> ovat my\u00f6s saavuttaneet suosiota. Alustat tarjoavat et\u00e4videoiden korjauspalveluita, joissa lataat vioittuneet tiedostosi ja asiantuntijaj\u00e4rjestelm\u00e4t hoitavat korjauksen. T\u00e4llaiset palvelut ovat yleens\u00e4 maksullisia, mutta eritt\u00e4in tehokkaita vakavasti vaurioituneiden tiedostojen kohdalla.<\/p>\n<p>Niille, jotka k\u00e4sittelev\u00e4t jatkuvia video-ongelmia, korkealaatuisen videokameran ja tallennuslaitteen hankkiminen v\u00e4hent\u00e4\u00e4 merkitt\u00e4v\u00e4sti mahdollisuuksia kohdata korruptoituneita tiedostoja. Huippuluokan laitteet sis\u00e4lt\u00e4v\u00e4t usein turvatoimenpiteit\u00e4, jotka suojaavat tiedostoja odottamattomilta tapahtumilta, kuten akkuvikailta tai \u00e4killisilt\u00e4 iskuilta.<\/p>\n<\/section>\n<section>\n<h2>P\u00e4\u00e4telm\u00e4:<\/h2>\n<div class=\"nonp\">Korruptoituneiden tai toistokelvottomien videoiden k\u00e4sittelyn ei tarvitse olla stressaavaa. Oikeiden ty\u00f6kalujen ja hieman tietoa avulla voit helposti kohdata yleisimm\u00e4t videokorruptio-ongelmat. K\u00e4ytt\u00e4en ilmaisia online-ty\u00f6kaluja, kuten Clever Free Online Video Repair -ty\u00f6kalua, tai monimutkaisempia ohjelmistoratkaisuja, sopiva menetelm\u00e4 l\u00f6ytyy jokaiselle ongelmalle. Muista aina harjoittaa ennaltaehk\u00e4isevi\u00e4 toimenpiteit\u00e4 suojellaksesi arvokkaita tiedostojasi tulevilta ongelmilta. Lis\u00e4tietoja korjaustekniikoista l\u00f6yd\u00e4t <a href='https:\/\/www.cleverfiles.com\/howto\/repair-corrupted-video.html' rel=\"dofollow noopener\" target='_blank'>Parhaat vinkit videoiden korjaamiseen<\/a> -oppaasta.<\/div>\n<\/section>\n","protected":false},"excerpt":{"rendered":"<p>Kattava opas videon korjaamiseen Videotiedostot ovat olennainen osa digitaalista el\u00e4m\u00e4\u00e4mme, tallentaen ikimuistoisia hetki\u00e4, arvokkaita ohjeita ja merkitt\u00e4vi\u00e4 tapahtumia. Kuitenkin kohdatessamme vioittuneen, vaurioituneen tai toistamattoman videon, se voi olla turhauttavaa. Onneksi on olemassa tehokkaita ratkaisuja korjata n\u00e4it\u00e4 tiedostoja ja palauttaa niiden toiminnallisuus. T\u00e4m\u00e4 kattava opas opastaa sinut erilaisten menetelmien l\u00e4pi videoiden korjaamiseksi k\u00e4ytt\u00e4en erilaisia ty\u00f6kaluja, mukaan [&hellip;]<\/p>\n","protected":false},"author":0,"featured_media":0,"parent":0,"menu_order":0,"comment_status":"closed","ping_status":"closed","template":"chromecast.php","meta":{"_stopmodifiedupdate":false,"_modified_date":"","_lmt_disableupdate":"","_lmt_disable":""},"acf":[],"yoast_head":"<!-- This site is optimized with the Yoast SEO plugin v20.9 - https:\/\/yoast.com\/wordpress\/plugins\/seo\/ -->\n<title>Videoiden korjaus Kattava opas<\/title>\n<meta name=\"robots\" content=\"index, follow, max-snippet:-1, max-image-preview:large, max-video-preview:-1\" \/>\n<link rel=\"canonical\" href=\"https:\/\/howto.ping.fm\/fi\/comprehensive-guide-to-video-repair\/\" \/>\n<meta property=\"og:locale\" content=\"fi_FI\" \/>\n<meta property=\"og:type\" content=\"article\" \/>\n<meta property=\"og:title\" content=\"Videoiden korjaus Kattava opas\" \/>\n<meta property=\"og:description\" content=\"Kattava opas videon korjaamiseen Videotiedostot ovat olennainen osa digitaalista el\u00e4m\u00e4\u00e4mme, tallentaen ikimuistoisia hetki\u00e4, arvokkaita ohjeita ja merkitt\u00e4vi\u00e4 tapahtumia. Kuitenkin kohdatessamme vioittuneen, vaurioituneen tai toistamattoman videon, se voi olla turhauttavaa. Onneksi on olemassa tehokkaita ratkaisuja korjata n\u00e4it\u00e4 tiedostoja ja palauttaa niiden toiminnallisuus. T\u00e4m\u00e4 kattava opas opastaa sinut erilaisten menetelmien l\u00e4pi videoiden korjaamiseksi k\u00e4ytt\u00e4en erilaisia ty\u00f6kaluja, mukaan [&hellip;]\" \/>\n<meta property=\"og:url\" content=\"https:\/\/howto.ping.fm\/fi\/comprehensive-guide-to-video-repair\/\" \/>\n<meta property=\"og:site_name\" content=\"How To &amp; Best Software\" \/>\n<meta property=\"article:modified_time\" content=\"2024-10-07T09:35:45+00:00\" \/>\n<meta property=\"og:image\" content=\"https:\/\/www.ping.fm\/howto\/wp-content\/uploads\/ai\/Comprehensive-Guide-to-Video-Repair.jpg\" \/>\n<meta name=\"twitter:card\" content=\"summary_large_image\" \/>\n<meta name=\"twitter:label1\" content=\"Est. reading time\" \/>\n\t<meta name=\"twitter:data1\" content=\"5 minuuttia\" \/>\n<script type=\"application\/ld+json\" class=\"yoast-schema-graph\">{\"@context\":\"https:\/\/schema.org\",\"@graph\":[{\"@type\":\"WebPage\",\"@id\":\"https:\/\/howto.ping.fm\/fi\/comprehensive-guide-to-video-repair\/\",\"url\":\"https:\/\/howto.ping.fm\/fi\/comprehensive-guide-to-video-repair\/\",\"name\":\"Videoiden korjaus Kattava opas\",\"isPartOf\":{\"@id\":\"https:\/\/howto.ping.fm\/fi\/#website\"},\"datePublished\":\"2024-10-03T00:00:00+00:00\",\"dateModified\":\"2024-10-07T09:35:45+00:00\",\"breadcrumb\":{\"@id\":\"https:\/\/howto.ping.fm\/fi\/comprehensive-guide-to-video-repair\/#breadcrumb\"},\"inLanguage\":\"fi\",\"potentialAction\":[{\"@type\":\"ReadAction\",\"target\":[\"https:\/\/howto.ping.fm\/fi\/comprehensive-guide-to-video-repair\/\"]}]},{\"@type\":\"BreadcrumbList\",\"@id\":\"https:\/\/howto.ping.fm\/fi\/comprehensive-guide-to-video-repair\/#breadcrumb\",\"itemListElement\":[{\"@type\":\"ListItem\",\"position\":1,\"name\":\"Home\",\"item\":\"https:\/\/www.ping.fm\/howto\/fi\/\"},{\"@type\":\"ListItem\",\"position\":2,\"name\":\"Videon korjauksen kattava opas\"}]},{\"@type\":\"WebSite\",\"@id\":\"https:\/\/howto.ping.fm\/fi\/#website\",\"url\":\"https:\/\/howto.ping.fm\/fi\/\",\"name\":\"How To &amp; Best Software\",\"description\":\"\",\"potentialAction\":[{\"@type\":\"SearchAction\",\"target\":{\"@type\":\"EntryPoint\",\"urlTemplate\":\"https:\/\/howto.ping.fm\/fi\/?s={search_term_string}\"},\"query-input\":\"required name=search_term_string\"}],\"inLanguage\":\"fi\"}]}<\/script>\n<!-- \/ Yoast SEO plugin. -->","yoast_head_json":{"title":"Videoiden korjaus Kattava opas","robots":{"index":"index","follow":"follow","max-snippet":"max-snippet:-1","max-image-preview":"max-image-preview:large","max-video-preview":"max-video-preview:-1"},"canonical":"https:\/\/howto.ping.fm\/fi\/comprehensive-guide-to-video-repair\/","og_locale":"fi_FI","og_type":"article","og_title":"Videoiden korjaus Kattava opas","og_description":"Kattava opas videon korjaamiseen Videotiedostot ovat olennainen osa digitaalista el\u00e4m\u00e4\u00e4mme, tallentaen ikimuistoisia hetki\u00e4, arvokkaita ohjeita ja merkitt\u00e4vi\u00e4 tapahtumia. Kuitenkin kohdatessamme vioittuneen, vaurioituneen tai toistamattoman videon, se voi olla turhauttavaa. Onneksi on olemassa tehokkaita ratkaisuja korjata n\u00e4it\u00e4 tiedostoja ja palauttaa niiden toiminnallisuus. T\u00e4m\u00e4 kattava opas opastaa sinut erilaisten menetelmien l\u00e4pi videoiden korjaamiseksi k\u00e4ytt\u00e4en erilaisia ty\u00f6kaluja, mukaan [&hellip;]","og_url":"https:\/\/howto.ping.fm\/fi\/comprehensive-guide-to-video-repair\/","og_site_name":"How To &amp; Best Software","article_modified_time":"2024-10-07T09:35:45+00:00","og_image":[{"url":"https:\/\/www.ping.fm\/howto\/wp-content\/uploads\/ai\/Comprehensive-Guide-to-Video-Repair.jpg"}],"twitter_card":"summary_large_image","twitter_misc":{"Est. reading time":"5 minuuttia"},"schema":{"@context":"https:\/\/schema.org","@graph":[{"@type":"WebPage","@id":"https:\/\/howto.ping.fm\/fi\/comprehensive-guide-to-video-repair\/","url":"https:\/\/howto.ping.fm\/fi\/comprehensive-guide-to-video-repair\/","name":"Videoiden korjaus Kattava opas","isPartOf":{"@id":"https:\/\/howto.ping.fm\/fi\/#website"},"datePublished":"2024-10-03T00:00:00+00:00","dateModified":"2024-10-07T09:35:45+00:00","breadcrumb":{"@id":"https:\/\/howto.ping.fm\/fi\/comprehensive-guide-to-video-repair\/#breadcrumb"},"inLanguage":"fi","potentialAction":[{"@type":"ReadAction","target":["https:\/\/howto.ping.fm\/fi\/comprehensive-guide-to-video-repair\/"]}]},{"@type":"BreadcrumbList","@id":"https:\/\/howto.ping.fm\/fi\/comprehensive-guide-to-video-repair\/#breadcrumb","itemListElement":[{"@type":"ListItem","position":1,"name":"Home","item":"https:\/\/www.ping.fm\/howto\/fi\/"},{"@type":"ListItem","position":2,"name":"Videon korjauksen kattava opas"}]},{"@type":"WebSite","@id":"https:\/\/howto.ping.fm\/fi\/#website","url":"https:\/\/howto.ping.fm\/fi\/","name":"How To &amp; Best Software","description":"","potentialAction":[{"@type":"SearchAction","target":{"@type":"EntryPoint","urlTemplate":"https:\/\/howto.ping.fm\/fi\/?s={search_term_string}"},"query-input":"required name=search_term_string"}],"inLanguage":"fi"}]}},"_links":{"self":[{"href":"https:\/\/howto.ping.fm\/fi\/wp-json\/wp\/v2\/pages\/24565"}],"collection":[{"href":"https:\/\/howto.ping.fm\/fi\/wp-json\/wp\/v2\/pages"}],"about":[{"href":"https:\/\/howto.ping.fm\/fi\/wp-json\/wp\/v2\/types\/page"}],"replies":[{"embeddable":true,"href":"https:\/\/howto.ping.fm\/fi\/wp-json\/wp\/v2\/comments?post=24565"}],"version-history":[{"count":0,"href":"https:\/\/howto.ping.fm\/fi\/wp-json\/wp\/v2\/pages\/24565\/revisions"}],"wp:attachment":[{"href":"https:\/\/howto.ping.fm\/fi\/wp-json\/wp\/v2\/media?parent=24565"}],"curies":[{"name":"wp","href":"https:\/\/api.w.org\/{rel}","templated":true}]}}