{"id":24547,"date":"2024-10-02T00:00:00","date_gmt":"2024-10-02T00:00:00","guid":{"rendered":"https:\/\/howto.ping.fm\/top-tools-for-repairing-corrupted-mp4-files\/"},"modified":"2024-10-07T07:23:17","modified_gmt":"2024-10-07T07:23:17","slug":"top-tools-for-repairing-corrupted-mp4-files","status":"publish","type":"page","link":"https:\/\/howto.ping.fm\/fi\/top-tools-for-repairing-corrupted-mp4-files\/","title":{"rendered":"MP4-tiedostot parhaat ty\u00f6kalut vahingoittuneiden korjaamiseen"},"content":{"rendered":"<section>\n<h1>Parhaat ty\u00f6kalut vioittuneiden MP4-tiedostojen korjaamiseen<\/h1>\n<div class=\"inbrief\">\n<div>                     <img src=\"https:\/\/www.ping.fm\/howto\/wp-content\/uploads\/ai\/Top-Tools-for-Repairing-Corrupted-MP4-Files.jpg\" alt=\"Parhaat ty\u00f6kalut vioittuneiden MP4-tiedostojen korjaamiseen\" title=\"Parhaat ty\u00f6kalut vioittuneiden MP4-tiedostojen korjaamiseen\" width=\"1280\" height=\"720\">                     <\/p>\n<p>Vioittuneiden MP4-tiedostojen k\u00e4sittely voi olla todellinen p\u00e4\u00e4ns\u00e4rky, varsinkin kun sinulla on kriittist\u00e4 videotietoa vaakalaudalla. Se on jotain, mit\u00e4 me kaikki kohtaamme jossain vaiheessa \u2013 johtuu se sitten huonosta latauksesta, viallisesta laitteistosta tai \u00e4killisest\u00e4 virtakatkoksesta tallennuksen aikana. Onneksi monia ty\u00f6kaluja voi auttaa pelastamaan arvokkaat tiedostosi. T\u00e4n\u00e4\u00e4n jaan henkil\u00f6kohtaisia kokemuksiani markkinoiden parhaiden vioittuneiden MP4-tiedostojen korjaamiseen tarkoitettujen ty\u00f6kalujen kanssa. Keksin verkkoty\u00f6kaluista vankkoihin ty\u00f6p\u00f6yt\u00e4sovelluksiin, t\u00e4m\u00e4 artikkeli ohjaa sinut toipumisen tielle. Joten sukeltakaamme sis\u00e4\u00e4n ja tutkikaamme n\u00e4it\u00e4 pelastajia.<\/p>\n<\/div>\n<\/div>\n<\/section>\n<section>\n<div class=\"medal\">\n<div>&#129351;<\/div>\n<\/div>\n<h2><a href=\"https:\/\/repair.cleverfiles.com\" rel=\"nofollow noopener\" target=\"_blank\">Clever Free Online Video Repair Tool<\/a><\/h2>\n<p><img src=\"https:\/\/www.ping.fm\/howto\/wp-content\/uploads\/ai\/https---repair-cleverfiles-comwww_ping_fmhowtobest-tools-to-fix-corrupted-mp4.jpg\" alt=\"https:\/\/repair.cleverfiles.com kuvakaappaus\" width=\"1280\" height=\"720\"><\/p>\n<p><b>Clever Free Online Video Repair Tool<\/b> on erinomainen valinta niille, jotka tarvitsevat nopean ja tehokkaan ratkaisun vioittuneiden MP4-tiedostojen korjaamiseen. T\u00e4m\u00e4 ty\u00f6kalu on selaimen kautta k\u00e4ytett\u00e4v\u00e4, mik\u00e4 tarkoittaa, ettei sinun tarvitse ladata tai asentaa mit\u00e4\u00e4n. Online-k\u00e4ytt\u00f6liittym\u00e4 on helppok\u00e4ytt\u00f6inen ja intuitiivinen. Lataa vain vioittunut videotiedosto, ja ty\u00f6kalu aloittaa ty\u00f6ns\u00e4 yritt\u00e4en korjata vioitukset ja palauttaa tiedoston toistettavaan tilaan.<\/p>\n<p><a href=\"https:\/\/repair.cleverfiles.com\" rel=\"nofollow noopener\" target=\"_blank\" class=\"ofWSite\">Virallinen sivusto<\/a><\/p>\n<h3 class=\"prosTitle\">Edut<\/h3>\n<ul class=\"listpc pros\">\n<li>Nopea ja helppok\u00e4ytt\u00f6inen<\/li>\n<li>Ei asennusta<\/li>\n<\/ul>\n<h3 class=\"consTitle\">Haitat<\/h3>\n<ul class=\"listpc cons\">\n<li>Vaatii vakaan internet-yhteyden<\/li>\n<li>Ei v\u00e4ltt\u00e4m\u00e4tt\u00e4 tue kaikkia tiedostomuotoja<\/li>\n<\/ul>\n<\/section>\n<section>\n<div class=\"medal\">\n<div>&#129352;<\/div>\n<\/div>\n<h2>Video Repair Tool<\/h2>\n<p><b>Video Repair Tool<\/b> on tehokas ty\u00f6p\u00f6yt\u00e4sovellus, joka on suunniteltu korjaamaan vioittuneita videotiedostoja. Se toimii monenlaisten videomuotojen kanssa, joten se on monipuolinen eri tarpeisiin. Ty\u00f6kalu k\u00e4ytt\u00e4\u00e4 edistyneit\u00e4 algoritmeja tunnistaakseen ja korjatakseen tiedoston vioittumat, kuten frame skipit ja puuttuvat segmentit. Se on erityisen tehokas tiedostoissa, jotka ovat vioittuneet keskeytetyist\u00e4 tallennuksista tai virheellisest\u00e4 varastoinnista johtuen.<\/p>\n<h3 class=\"prosTitle\">Edut<\/h3>\n<ul class=\"listpc pros\">\n<li>Tukee useita videomuotoja<\/li>\n<li>Edistyneet korjausalgoritmit<\/li>\n<\/ul>\n<h3 class=\"consTitle\">Haitat<\/h3>\n<ul class=\"listpc cons\">\n<li>Vaatii asennusta<\/li>\n<li>Ei ilmainen<\/li>\n<\/ul>\n<\/section>\n<section>\n<div class=\"medal\">\n<div>&#129353;<\/div>\n<\/div>\n<h2><a href=\"https:\/\/restore.media\" rel=\"nofollow noopener\" target=\"_blank\">Restore.Media<\/a><\/h2>\n<p><img src=\"https:\/\/www.ping.fm\/howto\/wp-content\/uploads\/ai\/https---restore-mediawww_ping_fmhowtobest-tools-to-fix-corrupted-mp4.jpg\" alt=\"https:\/\/restore.media kuvakaappaus\" width=\"1280\" height=\"720\"><\/p>\n<p><b>Restore.Media<\/b> on verkkopalvelu, joka on erikoistunut vioittuneiden videotiedostojen korjaukseen. Alusta tukee useita video- ja \u00e4\u00e4nimuotoja. Yksi huomattava ominaisuus on sen kyky korjata eri laitteilla tallennettuja tiedostoja, mukaan lukien \u00e4lypuhelimet, kamerat ja dronet. K\u00e4ytt\u00e4jien tarvitsee ladata vioittuneet tiedostonsa, ja palvelu aloittaa korjausprosessin tarjoten esikatselun korjatusta videosta ennen sitoutumista.<\/p>\n<p><a href=\"https:\/\/restore.media\" rel=\"nofollow noopener\" target=\"_blank\" class=\"ofWSite\">Virallinen sivusto<\/a><\/p>\n<h3 class=\"prosTitle\">Edut<\/h3>\n<ul class=\"listpc pros\">\n<li>Tukee laajaa valikoimaa laitteita<\/li>\n<li>Tarjoaa esikatselun ennen ostoa<\/li>\n<\/ul>\n<h3 class=\"consTitle\">Haitat<\/h3>\n<ul class=\"listpc cons\">\n<li>Maksullinen palvelu<\/li>\n<li>Latauskoon rajoitukset<\/li>\n<\/ul>\n<\/section>\n<section>\n<div class=\"no-medal\">\n<div>4<\/div>\n<\/div>\n<h2><a href=\"https:\/\/stellarinfo.com\" rel=\"nofollow noopener\" target=\"_blank\">Stellar Repair for Video<\/a><\/h2>\n<p><img src=\"https:\/\/www.ping.fm\/howto\/wp-content\/uploads\/ai\/https---stellarinfo-comwww_ping_fmhowtobest-tools-to-fix-corrupted-mp4.jpg\" alt=\"https:\/\/stellarinfo.com screenshot\" width=\"1280\" height=\"720\"><\/p>\n<p><b>Stellar Repair for Video<\/b> on tunnettu ohjelmistoty\u00f6kalu tiedostonkorjaustilassa. T\u00e4m\u00e4 kattava sovellus voi korjata erilaisia videoformaatteja ja on varsin tehokas vakavien korruptio-ongelmien k\u00e4sittelyss\u00e4. Se mahdollistaa er\u00e4k\u00e4sittelyn, joten voit korjata useita tiedostoja kerralla. T\u00e4t\u00e4 ty\u00f6kalua suositellaan erityisesti tiedostojen korjaamiseen, jotka ovat vioittuneet siirtojen ja latausten aikana.<\/p>\n<p><a href=\"https:\/\/stellarinfo.com\" rel=\"nofollow noopener\" target=\"_blank\" class=\"ofWSite\">Virallinen sivusto<\/a><\/p>\n<h3 class=\"prosTitle\">Hy\u00f6dyt<\/h3>\n<ul class=\"listpc pros\">\n<li>Tukee er\u00e4k\u00e4sittely\u00e4<\/li>\n<li>K\u00e4sittelee vakavaa korruptiota<\/li>\n<\/ul>\n<h3 class=\"consTitle\">Haitat<\/h3>\n<ul class=\"listpc cons\">\n<li>Voi olla hidas suurten tiedostojen kanssa<\/li>\n<li>Ei ilmainen<\/li>\n<\/ul>\n<\/section>\n<section>\n<div class=\"no-medal\">\n<div>5<\/div>\n<\/div>\n<h2><a href=\"https:\/\/www.reddit.com\/r\/DataRecoveryHelp\/comments\/1d6irir\/easeus_data_recovery_wizard_for_windows_review_is\/\" rel=\"nofollow noopener\" target=\"_blank\">EaseUS Data Recovery Wizard<\/a><\/h2>\n<p><img src=\"https:\/\/www.ping.fm\/howto\/wp-content\/uploads\/ai\/https---www-reddit-com-r-DataRecoveryHelp-comments-1d6irir-easeus_data_recovery_wizard_for_windows_review_is-www_ping_fmhowtobest-tools-to-fix-corrupted-mp4.jpg\" alt=\"https:\/\/www.reddit.com\/r\/DataRecoveryHelp\/comments\/1d6irir\/easeus_data_recovery_wizard_for_windows_review_is\/ screenshot\" width=\"1280\" height=\"720\"><\/p>\n<p><b>EaseUS Data Recovery Wizard<\/b> ei ole pelk\u00e4st\u00e4\u00e4n tiedostonpalautusty\u00f6kalu, vaan siin\u00e4 on my\u00f6s vankka videokorjauskomponentti. Se on erityisen hyv\u00e4 palauttamaan tiedostoja, jotka on vahingossa poistettu tai muuten kadonneet. Ty\u00f6kalu k\u00e4ytt\u00e4\u00e4 kehittyneit\u00e4 algoritmeja tiedosto-ongelmien havaitsemiseen ja korjaamiseen. Se tukee erilaisia videoformaatteja ja on k\u00e4ytt\u00e4j\u00e4yst\u00e4v\u00e4llinen, mik\u00e4 tekee siit\u00e4 hyv\u00e4n valinnan v\u00e4hemm\u00e4n tekniikkaa tunteville henkil\u00f6ille.<\/p>\n<p><a href=\"https:\/\/www.reddit.com\/r\/DataRecoveryHelp\/comments\/1d6irir\/easeus_data_recovery_wizard_for_windows_review_is\/\" rel=\"nofollow noopener\" target=\"_blank\" class=\"ofWSite\">Virallinen sivusto<\/a><\/p>\n<h3 class=\"prosTitle\">Hy\u00f6dyt<\/h3>\n<ul class=\"listpc pros\">\n<li>Helppok\u00e4ytt\u00f6inen<\/li>\n<li>Tukee useita formaatteja<\/li>\n<\/ul>\n<h3 class=\"consTitle\">Haitat<\/h3>\n<ul class=\"listpc cons\">\n<li>Rajoitettu ilmainen versio<\/li>\n<li>Voi vaatia useita yrityksi\u00e4 vakavissa korruptiotapauksissa<\/li>\n<\/ul>\n<\/section>\n<section>\n<div class=\"no-medal\">\n<div>6<\/div>\n<\/div>\n<h2><a href=\"https:\/\/www.remosoftware.com\" rel=\"nofollow noopener\" target=\"_blank\">Remo Repair MOV<\/a><\/h2>\n<p><img src=\"https:\/\/www.ping.fm\/howto\/wp-content\/uploads\/ai\/https---www-remosoftware-comwww_ping_fmhowtobest-tools-to-fix-corrupted-mp4.jpg\" alt=\"https:\/\/www.remosoftware.com screenshot\" width=\"1280\" height=\"720\"><\/p>\n<p><b>Remo Repair MOV<\/b> on suunniteltu erityisesti korruptoituneiden MOV- ja MP4-tiedostojen korjaamiseen. T\u00e4m\u00e4 ohjelmisto toimii erottamalla \u00e4\u00e4ni- ja videostreamit erikseen, korjaamalla ne ja sitten yhdist\u00e4m\u00e4ll\u00e4 ne uudelleen. Se on erityisen tehokas tiedostoille, jotka ovat korruptoituneet huonojen latausten tai tallennusvirheiden vuoksi. Se on loistava ty\u00f6kalu, jos k\u00e4sittelet usein n\u00e4it\u00e4 tiedostotyyppej\u00e4.<\/p>\n<p><a href=\"https:\/\/www.remosoftware.com\" rel=\"nofollow noopener\" target=\"_blank\" class=\"ofWSite\">Virallinen sivusto<\/a><\/p>\n<h3 class=\"prosTitle\">Hy\u00f6dyt<\/h3>\n<ul class=\"listpc pros\">\n<li>Hyvin erikoistunut<\/li>\n<li>Tehokas yleisiss\u00e4 korruptio-ongelmissa<\/li>\n<\/ul>\n<h3 class=\"consTitle\">Haitat<\/h3>\n<ul class=\"listpc cons\">\n<li>Rajoittuu MOV- ja MP4-tiedostoihin<\/li>\n<li>Maksullinen ohjelmisto<\/li>\n<\/ul>\n<\/section>\n<section>\n<div class=\"no-medal\">\n<div>7<\/div>\n<\/div>\n<h2><a href=\"https:\/\/grauonline.de\" rel=\"nofollow noopener\" target=\"_blank\">Grau GmbH Video Repair Tool<\/a><\/h2>\n<p><img src=\"https:\/\/www.ping.fm\/howto\/wp-content\/uploads\/ai\/https---grauonline-dewww_ping_fmhowtobest-tools-to-fix-corrupted-mp4.jpg\" alt=\"https:\/\/grauonline.de screenshot\" width=\"1280\" height=\"720\"><\/p>\n<p><b>Grau GmbH Video Repair Tool<\/b> on toinen erinomainen vaihtoehto korruptoituneiden MP4-tiedostojen korjaamiseen. Se tukee laajaa valikoimaa formaatteja ja laitteita, mik\u00e4 tekee siit\u00e4 monipuolisen lis\u00e4yksen ty\u00f6kalupakkiisi. Ty\u00f6kalu auttaa korjaamaan videoita, jotka ovat k\u00e4rsineet huonoista sektoreista, viruksista tai s\u00e4hk\u00f6katkoksista. K\u00e4ytt\u00f6liittym\u00e4 on suoraviivainen, mik\u00e4 tekee siit\u00e4 helppok\u00e4ytt\u00f6isen my\u00f6s aloittelijoille.<\/p>\n<p><a href=\"https:\/\/grauonline.de\" rel=\"nofollow noopener\" target=\"_blank\" class=\"ofWSite\">Virallinen sivusto<\/a><\/p>\n<h3 class=\"prosTitle\">Hy\u00f6dyt<\/h3>\n<ul class=\"listpc pros\">\n<li>Laaja formaattituki<\/li>\n<li>Helppok\u00e4ytt\u00f6inen k\u00e4ytt\u00f6liittym\u00e4<\/li>\n<\/ul>\n<h3 class=\"consTitle\">Haitat<\/h3>\n<ul class=\"listpc cons\">\n<li>Koek\u00e4yt\u00f6n rajoitukset<\/li>\n<li>Voi olla hidas suurten tiedostojen kanssa<\/li>\n<\/ul>\n<\/section>\n<section>\n<h2>Katso Youtubessa: <a href=\"https:\/\/www.youtube.com\/watch?v=tBE_a_NFxIY\" target=\"_blank\" rel=\"noopener\">Parhaat ty\u00f6kalut vioittuneiden MP4-tiedostojen korjaamiseen<\/a><\/h2>\n<div class=\"nonp iframe\"><iframe width=\"420\" height=\"315\" src=\"\/\/www.youtube.com\/embed\/tBE_a_NFxIY\" frameborder=\"0\" allowfullscreen><\/iframe><\/div>\n<\/section>\n<section>\n<h2>Yhteenveto:<\/h2>\n<div class=\"nonp\">\n<p>Perehdyt\u00e4\u00e4n syvemmin siihen, miten n\u00e4m\u00e4 ty\u00f6kalut korjaavat vioittuneita videoita ja joihinkin yleisiin parhaisiin k\u00e4yt\u00e4nt\u00f6ihin videotiedostojen hallinnassa. <b>Videotiedostojen vioittuminen<\/b> tapahtuu usein eri vaiheissa&#8212;nauhoituksen, siirron, muokkaamisen tai lataamisen aikana. Eri ty\u00f6kalut tarjoavat erilaisia l\u00e4hestymistapoja, joten on t\u00e4rke\u00e4\u00e4 ymm\u00e4rt\u00e4\u00e4 tarpeesi tarkasti valitessasi ty\u00f6kalua.<\/p>\n<p><b>Clever Free Online Video Repair Tool<\/b> erottuu yksinkertaisuudellaan ja nopealla k\u00e4sittelyll\u00e4. Pilvipohjaiset ty\u00f6kalut ovat tulleet suosituiksi, ja niiden saatavuus ja helppok\u00e4ytt\u00f6isyys ovat parantuneet huomattavasti. On kuitenkin t\u00e4rke\u00e4\u00e4, ett\u00e4 sinulla on vakaa internetyhteys, jotta v\u00e4ltyt lis\u00e4ongelmilta korjausprosessin aikana. Toisaalta ty\u00f6p\u00f6yt\u00e4ty\u00f6kalut kuten <b>Stellar Repair for Video<\/b> ja <b>EaseUS Data Recovery Wizard<\/b> tarjoavat edistyneempi\u00e4 asetuksia ja syvempi\u00e4 korjausominaisuuksia. N\u00e4m\u00e4 ty\u00f6kalut antavat yleens\u00e4 parempia tuloksia vakavasti vioittuneille tiedostoille, koska ne toimivat suoraan tietokoneesi prosessointiteholla.<\/p>\n<p>Hyv\u00e4 k\u00e4yt\u00e4nt\u00f6 videoiden kanssa toimiessa on vankan varmuuskopiointistrategian toteuttaminen. Ty\u00f6kalut kuten <a href='https:\/\/www.reddit.com\/r\/DataRecoveryHelp\/comments\/1d6irir\/easeus_data_recovery_wizard_for_windows_review_is\/' rel=\"nofollow noopener\" target='_blank'>EaseUS Data Recovery Wizard<\/a> tarjoavat my\u00f6s <b>tietojen palautus<\/b> ominaisuuksia, antaen sinulle toisen mahdollisuuden palauttaa kadonneet tiedot, vaikka korjaus ei onnistuisi. Lis\u00e4ksi, eri laitteiden piirteiden tunteminen voi auttaa v\u00e4ltt\u00e4m\u00e4\u00e4n monia yleisi\u00e4 sudenkuoppia. Esimerkiksi tiedostojen turvallisen poistamisen tunteminen, yleisten virheilmoitusten ymm\u00e4rt\u00e4minen ja tallennusv\u00e4lineen vikaantumisen oireiden tiedostaminen voivat s\u00e4\u00e4st\u00e4\u00e4 monilta p\u00e4\u00e4ns\u00e4ryilt\u00e4.<\/p>\n<p>K\u00e4ynniss\u00e4 oleville projekteille, jotka sis\u00e4lt\u00e4v\u00e4t HD- tai 4K-videoita, erikoisty\u00f6kalujen kuten <a href='https:\/\/repair.cleverfiles.com' rel=\"nofollow noopener\" target='_blank'>Clever Free Online Video Repair Tool<\/a> k\u00e4ytt\u00e4minen voi auttaa s\u00e4ilytt\u00e4m\u00e4\u00e4n videon laadun samalla, kun ratkaistaan yleisi\u00e4 ongelmia. Viimeiseksi, kun k\u00e4sitell\u00e4\u00e4n uusia ja kehittyneit\u00e4 koodekkeja tai tiedostomuotoja, on t\u00e4rke\u00e4\u00e4 k\u00e4ytt\u00e4\u00e4 ajantasaisia ty\u00f6kaluja. Kirjastot ja koodekkit p\u00e4ivitet\u00e4\u00e4n usein, joten vanhentunut ty\u00f6kalu ei v\u00e4ltt\u00e4m\u00e4tt\u00e4 osaa tulkita uusia tiedostotyyppej\u00e4 oikein.<\/p>\n<p>Lis\u00e4tietoa ja yksityiskohtainen vertailu on t\u00e4ss\u00e4 mahtavassa artikkelissa parhaista videon korjausty\u00f6kaluista: <a href='https:\/\/news.macgasm.net\/reviews\/online-video-repair-tools\/' rel=\"dofollow noopener\" target='_blank'>Korjaa vioittuneet MP4-tiedostot ilmaiseksi<\/a>. Opas kattaa erilaisia menetelmi\u00e4 ja ty\u00f6kaluja, auttaen sinua tekem\u00e4\u00e4n tietoisen p\u00e4\u00e4t\u00f6ksen erityistarpeidesi perusteella.<\/p>\n<p>Muista, ett\u00e4 vioittuneiden MP4-tiedostojen korjaamisen taito on ymm\u00e4rt\u00e4\u00e4 vioittumisen syy ja valita sopivin ty\u00f6kalu sen k\u00e4sittelyyn. Jatka oppimista, pysy ajan tasalla ja onnistumismahdollisuutesi t\u00e4rkeiden videotiedostojen korjaamisessa paranevat merkitt\u00e4v\u00e4sti.<\/p>\n<\/div>\n<\/section>\n<div class=\"extrablock\">\n<p>Tutustu erilaisiin menetelmiin vioittuneiden, rikkoutuneiden tai lukukelvottomien MP4- ja MOV-videotiedostojen korjaamiseen verkossa, ilmaiseksi, ohjelmistojen tai VLC:n avulla.<\/p>\n<p> <a href=\"https:\/\/news.macgasm.net\/tips\/fix-corrupted-video-files\/\" rel=\"dofollow noopener\" target=\"_blank\">https:\/\/news.macgasm.net\/tips\/fix-corrupted-video-files\/<\/a> <\/div>\n","protected":false},"excerpt":{"rendered":"<p>Parhaat ty\u00f6kalut vioittuneiden MP4-tiedostojen korjaamiseen Vioittuneiden MP4-tiedostojen k\u00e4sittely voi olla todellinen p\u00e4\u00e4ns\u00e4rky, varsinkin kun sinulla on kriittist\u00e4 videotietoa vaakalaudalla. Se on jotain, mit\u00e4 me kaikki kohtaamme jossain vaiheessa \u2013 johtuu se sitten huonosta latauksesta, viallisesta laitteistosta tai \u00e4killisest\u00e4 virtakatkoksesta tallennuksen aikana. Onneksi monia ty\u00f6kaluja voi auttaa pelastamaan arvokkaat tiedostosi. T\u00e4n\u00e4\u00e4n jaan henkil\u00f6kohtaisia kokemuksiani markkinoiden parhaiden [&hellip;]<\/p>\n","protected":false},"author":0,"featured_media":0,"parent":0,"menu_order":0,"comment_status":"closed","ping_status":"closed","template":"chromecast.php","meta":{"_stopmodifiedupdate":false,"_modified_date":"","_lmt_disableupdate":"","_lmt_disable":""},"acf":[],"yoast_head":"<!-- This site is optimized with the Yoast SEO plugin v20.9 - https:\/\/yoast.com\/wordpress\/plugins\/seo\/ -->\n<title>Viallisten MP4-tiedostojen korjausty\u00f6kalu<\/title>\n<meta name=\"robots\" content=\"index, follow, max-snippet:-1, max-image-preview:large, max-video-preview:-1\" \/>\n<link rel=\"canonical\" href=\"https:\/\/howto.ping.fm\/fi\/top-tools-for-repairing-corrupted-mp4-files\/\" \/>\n<meta property=\"og:locale\" content=\"fi_FI\" \/>\n<meta property=\"og:type\" content=\"article\" \/>\n<meta property=\"og:title\" content=\"Viallisten MP4-tiedostojen korjausty\u00f6kalu\" \/>\n<meta property=\"og:description\" content=\"Parhaat ty\u00f6kalut vioittuneiden MP4-tiedostojen korjaamiseen Vioittuneiden MP4-tiedostojen k\u00e4sittely voi olla todellinen p\u00e4\u00e4ns\u00e4rky, varsinkin kun sinulla on kriittist\u00e4 videotietoa vaakalaudalla. Se on jotain, mit\u00e4 me kaikki kohtaamme jossain vaiheessa \u2013 johtuu se sitten huonosta latauksesta, viallisesta laitteistosta tai \u00e4killisest\u00e4 virtakatkoksesta tallennuksen aikana. Onneksi monia ty\u00f6kaluja voi auttaa pelastamaan arvokkaat tiedostosi. T\u00e4n\u00e4\u00e4n jaan henkil\u00f6kohtaisia kokemuksiani markkinoiden parhaiden [&hellip;]\" \/>\n<meta property=\"og:url\" content=\"https:\/\/howto.ping.fm\/fi\/top-tools-for-repairing-corrupted-mp4-files\/\" \/>\n<meta property=\"og:site_name\" content=\"How To &amp; Best Software\" \/>\n<meta property=\"article:modified_time\" content=\"2024-10-07T07:23:17+00:00\" \/>\n<meta property=\"og:image\" content=\"https:\/\/www.ping.fm\/howto\/wp-content\/uploads\/ai\/Top-Tools-for-Repairing-Corrupted-MP4-Files.jpg\" \/>\n<meta name=\"twitter:card\" content=\"summary_large_image\" \/>\n<meta name=\"twitter:label1\" content=\"Est. reading time\" \/>\n\t<meta name=\"twitter:data1\" content=\"5 minuuttia\" \/>\n<script type=\"application\/ld+json\" class=\"yoast-schema-graph\">{\"@context\":\"https:\/\/schema.org\",\"@graph\":[{\"@type\":\"WebPage\",\"@id\":\"https:\/\/howto.ping.fm\/fi\/top-tools-for-repairing-corrupted-mp4-files\/\",\"url\":\"https:\/\/howto.ping.fm\/fi\/top-tools-for-repairing-corrupted-mp4-files\/\",\"name\":\"Viallisten MP4-tiedostojen korjausty\u00f6kalu\",\"isPartOf\":{\"@id\":\"https:\/\/howto.ping.fm\/fi\/#website\"},\"datePublished\":\"2024-10-02T00:00:00+00:00\",\"dateModified\":\"2024-10-07T07:23:17+00:00\",\"breadcrumb\":{\"@id\":\"https:\/\/howto.ping.fm\/fi\/top-tools-for-repairing-corrupted-mp4-files\/#breadcrumb\"},\"inLanguage\":\"fi\",\"potentialAction\":[{\"@type\":\"ReadAction\",\"target\":[\"https:\/\/howto.ping.fm\/fi\/top-tools-for-repairing-corrupted-mp4-files\/\"]}]},{\"@type\":\"BreadcrumbList\",\"@id\":\"https:\/\/howto.ping.fm\/fi\/top-tools-for-repairing-corrupted-mp4-files\/#breadcrumb\",\"itemListElement\":[{\"@type\":\"ListItem\",\"position\":1,\"name\":\"Home\",\"item\":\"https:\/\/www.ping.fm\/howto\/fi\/\"},{\"@type\":\"ListItem\",\"position\":2,\"name\":\"MP4-tiedostot parhaat ty\u00f6kalut vahingoittuneiden korjaamiseen\"}]},{\"@type\":\"WebSite\",\"@id\":\"https:\/\/howto.ping.fm\/fi\/#website\",\"url\":\"https:\/\/howto.ping.fm\/fi\/\",\"name\":\"How To &amp; Best Software\",\"description\":\"\",\"potentialAction\":[{\"@type\":\"SearchAction\",\"target\":{\"@type\":\"EntryPoint\",\"urlTemplate\":\"https:\/\/howto.ping.fm\/fi\/?s={search_term_string}\"},\"query-input\":\"required name=search_term_string\"}],\"inLanguage\":\"fi\"}]}<\/script>\n<!-- \/ Yoast SEO plugin. -->","yoast_head_json":{"title":"Viallisten MP4-tiedostojen korjausty\u00f6kalu","robots":{"index":"index","follow":"follow","max-snippet":"max-snippet:-1","max-image-preview":"max-image-preview:large","max-video-preview":"max-video-preview:-1"},"canonical":"https:\/\/howto.ping.fm\/fi\/top-tools-for-repairing-corrupted-mp4-files\/","og_locale":"fi_FI","og_type":"article","og_title":"Viallisten MP4-tiedostojen korjausty\u00f6kalu","og_description":"Parhaat ty\u00f6kalut vioittuneiden MP4-tiedostojen korjaamiseen Vioittuneiden MP4-tiedostojen k\u00e4sittely voi olla todellinen p\u00e4\u00e4ns\u00e4rky, varsinkin kun sinulla on kriittist\u00e4 videotietoa vaakalaudalla. Se on jotain, mit\u00e4 me kaikki kohtaamme jossain vaiheessa \u2013 johtuu se sitten huonosta latauksesta, viallisesta laitteistosta tai \u00e4killisest\u00e4 virtakatkoksesta tallennuksen aikana. Onneksi monia ty\u00f6kaluja voi auttaa pelastamaan arvokkaat tiedostosi. T\u00e4n\u00e4\u00e4n jaan henkil\u00f6kohtaisia kokemuksiani markkinoiden parhaiden [&hellip;]","og_url":"https:\/\/howto.ping.fm\/fi\/top-tools-for-repairing-corrupted-mp4-files\/","og_site_name":"How To &amp; Best Software","article_modified_time":"2024-10-07T07:23:17+00:00","og_image":[{"url":"https:\/\/www.ping.fm\/howto\/wp-content\/uploads\/ai\/Top-Tools-for-Repairing-Corrupted-MP4-Files.jpg"}],"twitter_card":"summary_large_image","twitter_misc":{"Est. reading time":"5 minuuttia"},"schema":{"@context":"https:\/\/schema.org","@graph":[{"@type":"WebPage","@id":"https:\/\/howto.ping.fm\/fi\/top-tools-for-repairing-corrupted-mp4-files\/","url":"https:\/\/howto.ping.fm\/fi\/top-tools-for-repairing-corrupted-mp4-files\/","name":"Viallisten MP4-tiedostojen korjausty\u00f6kalu","isPartOf":{"@id":"https:\/\/howto.ping.fm\/fi\/#website"},"datePublished":"2024-10-02T00:00:00+00:00","dateModified":"2024-10-07T07:23:17+00:00","breadcrumb":{"@id":"https:\/\/howto.ping.fm\/fi\/top-tools-for-repairing-corrupted-mp4-files\/#breadcrumb"},"inLanguage":"fi","potentialAction":[{"@type":"ReadAction","target":["https:\/\/howto.ping.fm\/fi\/top-tools-for-repairing-corrupted-mp4-files\/"]}]},{"@type":"BreadcrumbList","@id":"https:\/\/howto.ping.fm\/fi\/top-tools-for-repairing-corrupted-mp4-files\/#breadcrumb","itemListElement":[{"@type":"ListItem","position":1,"name":"Home","item":"https:\/\/www.ping.fm\/howto\/fi\/"},{"@type":"ListItem","position":2,"name":"MP4-tiedostot parhaat ty\u00f6kalut vahingoittuneiden korjaamiseen"}]},{"@type":"WebSite","@id":"https:\/\/howto.ping.fm\/fi\/#website","url":"https:\/\/howto.ping.fm\/fi\/","name":"How To &amp; Best Software","description":"","potentialAction":[{"@type":"SearchAction","target":{"@type":"EntryPoint","urlTemplate":"https:\/\/howto.ping.fm\/fi\/?s={search_term_string}"},"query-input":"required name=search_term_string"}],"inLanguage":"fi"}]}},"_links":{"self":[{"href":"https:\/\/howto.ping.fm\/fi\/wp-json\/wp\/v2\/pages\/24547"}],"collection":[{"href":"https:\/\/howto.ping.fm\/fi\/wp-json\/wp\/v2\/pages"}],"about":[{"href":"https:\/\/howto.ping.fm\/fi\/wp-json\/wp\/v2\/types\/page"}],"replies":[{"embeddable":true,"href":"https:\/\/howto.ping.fm\/fi\/wp-json\/wp\/v2\/comments?post=24547"}],"version-history":[{"count":0,"href":"https:\/\/howto.ping.fm\/fi\/wp-json\/wp\/v2\/pages\/24547\/revisions"}],"wp:attachment":[{"href":"https:\/\/howto.ping.fm\/fi\/wp-json\/wp\/v2\/media?parent=24547"}],"curies":[{"name":"wp","href":"https:\/\/api.w.org\/{rel}","templated":true}]}}