{"id":23879,"date":"2024-07-11T00:00:00","date_gmt":"2024-07-11T00:00:00","guid":{"rendered":"https:\/\/www.ping.fm\/howto\/top-tools-for-repairing-corrupted-video-files\/"},"modified":"2024-07-19T08:56:53","modified_gmt":"2024-07-19T08:56:53","slug":"top-tools-for-repairing-corrupted-video-files","status":"publish","type":"page","link":"https:\/\/howto.ping.fm\/fi\/top-tools-for-repairing-corrupted-video-files\/","title":{"rendered":"Parannusty\u00f6kalu, joka on paras vaurioituneiden videotiedostojen korjaamiseen"},"content":{"rendered":"<section>\n<h1>Parhaat ty\u00f6kalut vioittuneiden videotiedostojen korjaamiseen<\/h1>\n<div class=\"inbrief\">\n<div>                     <img src=\"https:\/\/www.ping.fm\/howto\/wp-content\/uploads\/ai\/Top-Tools-for-Repairing-Corrupted-Video-Files.jpg\" alt=\"Top Tools for Repairing Corrupted Video Files\" title=\"Top Tools for Repairing Corrupted Video Files\" width=\"1280\" height=\"720\">                     <\/p>\n<p>Jos olet koskaan joutunut k\u00e4sittelem\u00e4\u00e4n <b>vioittuneen videotiedoston<\/b> aiheuttamaa turhautumista, tied\u00e4t, kuinka vaikeaa voi olla yritt\u00e4\u00e4 pelastaa tuo arvokas materiaali. Olipa kyseess\u00e4 henkil\u00f6kohtainen muisto, t\u00e4rke\u00e4 ty\u00f6projekti tai kameraan tallennettu ratkaiseva hetki, menetys voi tuntua ylitsep\u00e4\u00e4sem\u00e4tt\u00f6m\u00e4lt\u00e4. Onneksi on olemassa useita <a href='https:\/\/repair.cleverfiles.com' rel=\"nofollow noopener\" target='_blank'>videokorjauspalveluja<\/a>, jotka voivat auttaa sinua palauttamaan arvokkaat tiedostosi. Monien vaihtoehtojen joukosta jotkut ty\u00f6kalut erottuvat tehokkuudellaan, helppok\u00e4ytt\u00f6isyydell\u00e4\u00e4n ja luotettavuudellaan. Omasta kokemuksestani t\u00e4ss\u00e4 ovat kolme parasta videokorjauspalvelua, jotka voivat elvytt\u00e4\u00e4 vioittuneita tiedostojasi.<\/p>\n<\/div>\n<\/div>\n<\/section>\n<section>\n<div class=\"medal\">\n<div>&#129351;<\/div>\n<\/div>\n<h2><a href=\"https:\/\/repair.cleverfiles.com\" rel=\"nofollow noopener\" target=\"_blank\">Clever Video Repair Tool<\/a><\/h2>\n<p><img src=\"https:\/\/www.ping.fm\/howto\/wp-content\/uploads\/2024\/07\/file-repair.jpg\" alt=\"https:\/\/repair.cleverfiles.com screenshot\" width=\"1280\" height=\"720\"><\/p>\n<p><b>Clever Video Repair Tool<\/b> on minun luottoty\u00f6kaluni aina, kun kohtaan <b>vioittuneen videotiedoston<\/b>. Se on k\u00e4ytt\u00e4j\u00e4yst\u00e4v\u00e4llinen, tehokas ja eritt\u00e4in luotettava. T\u00e4m\u00e4 ty\u00f6kalu tukee laajaa valikoimaa formaatteja ja tarjoaa yksinkertaisen k\u00e4ytt\u00f6liittym\u00e4n, mik\u00e4 tekee siit\u00e4 helppok\u00e4ytt\u00f6isen jopa niille, jotka eiv\u00e4t ole teknisesti taitavia.<\/p>\n<p><a href=\"https:\/\/repair.cleverfiles.com\" rel=\"nofollow noopener\" target=\"_blank\" class=\"ofWSite\">Virallinen sivusto<\/a><\/p>\n<h3 class=\"prosTitle\">Plussat<\/h3>\n<ul class=\"listpc pros\">\n<li>100 % ilmainen videokorjausty\u00f6kalu verkossa<\/li>\n<li>Tukee useita videoformaatteja<\/li>\n<\/ul>\n<h3 class=\"consTitle\">Miinukset<\/h3>\n<ul class=\"listpc cons\">\n<li>Rajoitettu ilmainen versio<\/li>\n<li>Mahdollisesti hidas k\u00e4sittely suurille tiedostoille<\/li>\n<\/ul>\n<\/section>\n<section>\n<div class=\"medal\">\n<div>&#129352;<\/div>\n<\/div>\n<h2><a href=\"https:\/\/fix.video\" rel=\"nofollow noopener\" target='_blank\">Fix.Video Tool<\/a><\/h2>\n<p><img src=\"https:\/\/www.ping.fm\/howto\/wp-content\/uploads\/ai\/https---fix-videowww_ping_fmhowto.jpg\" alt=\"https:\/\/fix.video screenshot\" width=\"1280\" height=\"720\"><\/p>\n<p><b>Fix.Video<\/b> on toinen erinomainen vaihtoehto <b>vioittuneiden videotiedostojen<\/b> korjaamiseen. Se tunnetaan reagoivasta asiakastuestaan ja nopeista korjausajoistaan. T\u00e4m\u00e4 verkkoty\u00f6kalu varmistaa, ett\u00e4 videotiedostosi palautetaan ilman laadun heikkenemist\u00e4, mik\u00e4 tekee siit\u00e4 monien k\u00e4ytt\u00e4jien suosikin.<\/p>\n<p><a href=\"https:\/\/fix.video\" rel=\"nofollow noopener\" target='_blank' class=\"ofWSite\">Virallinen sivusto<\/a><\/p>\n<h3 class=\"prosTitle\">Plussat<\/h3>\n<ul class=\"listpc pros\">\n<li>Nopeat korjausajat<\/li>\n<li>Erinomainen asiakastuki<\/li>\n<\/ul>\n<h3 class=\"consTitle\">Miinukset<\/h3>\n<ul class=\"listpc cons\">\n<li>Vaatii Internet-yhteyden<\/li>\n<li>Rajoitettu ilmainen korjauspituus<\/li>\n<\/ul>\n<\/section>\n<section>\n<div class=\"medal\">\n<div>&#129353;<\/div>\n<\/div>\n<h2><a href=\"https:\/\/restore.media\" rel=\"nofollow noopener\" target=\"_blank\">Restore.Media<\/a><\/h2>\n<p><img src=\"https:\/\/www.ping.fm\/howto\/wp-content\/uploads\/ai\/https---restore-mediawww_ping_fmhowto.jpg\" alt=\"https:\/\/restore.media screenshot\" width=\"1280\" height=\"720\"><\/p>\n<p><b>Restore.Media<\/b> tarjoaa tehokkaita kykyj\u00e4 <b>vioittuneiden videotiedostojen<\/b> korjaamiseen. Sen edistyneet algoritmit pystyv\u00e4t k\u00e4sittelem\u00e4\u00e4n jopa vakavasti vioittuneet tiedostot, tarjoten kattavan ratkaisun videon palautustarpeisiin. Vaikka sen k\u00e4ytt\u00f6 saattaa vaatia hieman opettelua, tulokset ovat vaivan arvoisia.<\/p>\n<p><a href=\"https:\/\/restore.media\" rel=\"nofollow noopener\" target=\"_blank\" class=\"ofWSite\">Virallinen sivusto<\/a><\/p>\n<h3 class=\"prosTitle\">Hy\u00f6dyt<\/h3>\n<ul class=\"listpc pros\">\n<li>K\u00e4sittelee vakavasti vioittuneita tiedostoja<\/li>\n<li>Edistyneet palautusalgoritmit<\/li>\n<\/ul>\n<h3 class=\"consTitle\">Haitat<\/h3>\n<ul class=\"listpc cons\">\n<li>Opeteltava uusille k\u00e4ytt\u00e4jille<\/li>\n<li>Voi olla liian monimutkainen perustarpeisiin<\/li>\n<\/ul>\n<\/section>\n<section>\n<div class=\"no-medal\">\n<div>4<\/div>\n<\/div>\n<h2><a href=\"https:\/\/www.stellarinfo.com\" rel=\"nofollow noopener\" target=\"_blank\">Stellar Repair for Video<\/a><\/h2>\n<p><img src=\"https:\/\/www.ping.fm\/howto\/wp-content\/uploads\/ai\/https---www-stellarinfo-comwww_ping_fmhowto.jpg\" alt=\"https:\/\/www.stellarinfo.com screenshot\" width=\"1280\" height=\"720\"><\/p>\n<p><b>Stellar Repair for Video<\/b> on vankka ja ammattimaisen tason ty\u00f6kalu, joka on suunniteltu videoiden vioittumisen korjaamiseen. Se on erityisen hy\u00f6dyllinen yksil\u00f6ille, jotka k\u00e4sittelev\u00e4t usein korkealaatuisia videotiedostoja. Ohjelmisto tukee monia formaatteja ja tarjoaa yksityiskohtaisen esikatselun ennen korjattujen tiedostojen tallentamista.<\/p>\n<p><a href=\"https:\/\/www.stellarinfo.com\" rel=\"nofollow noopener\" target=\"_blank\" class=\"ofWSite\">Virallinen sivusto<\/a><\/p>\n<h3 class=\"prosTitle\">Hy\u00f6dyt<\/h3>\n<ul class=\"listpc pros\">\n<li>Ammattimainen ohjelmisto<\/li>\n<li>Tukee useita formaatteja<\/li>\n<\/ul>\n<h3 class=\"consTitle\">Haitat<\/h3>\n<ul class=\"listpc cons\">\n<li>Kalliit tilauspaketit<\/li>\n<li>Vaatii asennuksen<\/li>\n<\/ul>\n<\/section>\n<section>\n<h2>Johtop\u00e4\u00e4t\u00f6s:<\/h2>\n<div class=\"nonp\">\n<p>Riippumatta siit\u00e4, mink\u00e4 ty\u00f6kalun valitset, on olennaista ymm\u00e4rt\u00e4\u00e4, miten n\u00e4m\u00e4 <b>videon korjauspalvelut<\/b> toimivat. Yleens\u00e4 ne analysoivat vioittuneen videotiedoston tunnistaakseen vaurion laajuuden. Vertaamalla vioittumatonta osaa ja k\u00e4ytt\u00e4m\u00e4ll\u00e4 hienostuneita algoritmeja ne j\u00e4lleenrakentavat vioittuneet segmentit, jotta video on j\u00e4lleen toistettavissa.<\/p>\n<p>T\u00e4rke\u00e4 n\u00e4k\u00f6kohta on my\u00f6s se, mink\u00e4laisia <b>videotiedostoformaatteja<\/b> n\u00e4m\u00e4 ty\u00f6kalut tukevat. Suurin osa niist\u00e4 on yhteensopivia suosittujen formaattien kuten MP4, AVI ja MOV kanssa. Kuitenkin tietyt ty\u00f6kalut kuten <a href='https:\/\/restore.media' rel=\"nofollow noopener\" target='_blank'>Restore.Media<\/a> pystyv\u00e4t k\u00e4sittelem\u00e4\u00e4n harvinaisempia formaatteja ja tarjoamaan yksityiskohtaisia palautusvaihtoehtoja.<\/p>\n<p>N\u00e4iden ty\u00f6kalujen arvioinnissa toinen t\u00e4rke\u00e4 tekij\u00e4 on palautusaste. Jotkut ty\u00f6kalut saattavat olla erinomaisia pienten vaurioiden korjaamisessa, kun taas toiset kuten <a href='https:\/\/repair.cleverfiles.com' rel=\"dofollow noopener\" target='_blank'>clever video repair<\/a> (Virallinen sivusto) ovat paremmin varustettuja k\u00e4sittelem\u00e4\u00e4n vakavia vaurioita k\u00e4ytt\u00e4m\u00e4ll\u00e4 edistyneit\u00e4 palautusalgoritmeja. Arvostelujen ja suositusten lukeminen voi auttaa arvioimaan ty\u00f6kalun tehokkuutta.<\/p>\n<p>K\u00e4ytt\u00f6liittym\u00e4 on my\u00f6s t\u00e4rke\u00e4. Ty\u00f6kalu voi olla tehokas, mutta jos se ei ole k\u00e4ytt\u00e4j\u00e4yst\u00e4v\u00e4llinen, se voi aiheuttaa turhautumista. Onneksi ty\u00f6kalut kuten <a href='https:\/\/www.stellarinfo.com' rel=\"nofollow noopener\" target='_blank'>Stellar Repair for Video<\/a> tarjoavat ammattimaisia ominaisuuksia, mutta s\u00e4ilytt\u00e4v\u00e4t yksinkertaisen k\u00e4ytt\u00f6liittym\u00e4n.<\/p>\n<p>N\u00e4iden erityisten ty\u00f6kalujen lis\u00e4ksi, hyv\u00e4 tapa kuten s\u00e4\u00e4nn\u00f6lliset varmuuskopiot ja korkealaatuisten tallennuslaitteiden k\u00e4ytt\u00e4minen voi auttaa ehk\u00e4isem\u00e4\u00e4n tiedostojen vioittumisen riski\u00e4. Varmista aina, ett\u00e4 s\u00e4ilyt\u00e4t videosi turvallisessa ja luotettavassa tallennusratkaisussa ja v\u00e4lt\u00e4 katkoja tiedostonsiirtojen aikana pienent\u00e4\u00e4ksesi korruption riski\u00e4.<\/p>\n<\/div>\n<\/section>\n<div class=\"extrablock\">\n<p>Opi parhaat videon korjausmenetelm\u00e4t, joilla voit palauttaa arvokkaat muistosi. Onpa sinulla rikkin\u00e4inen MOV tai vioittunut MP4, oppaamme kattaa parhaat ohjelmistoratkaisut ja DIY-tekniikat.<\/p>\n<p>                             <a href=\"https:\/\/www.linkedin.com\/pulse\/how-repair-corrupt-unreadable-mp4-mov-video-files-online-kropachek-bampe\/\" rel=\"dofollow noopener\" target=\"_blank\">https:\/\/www.linkedin.com\/pulse\/how-repair-corrupt-unreadable-mp4-mov-video-files-online-kropachek-bampe\/<\/a>                         <\/div>\n","protected":false},"excerpt":{"rendered":"<p>Parhaat ty\u00f6kalut vioittuneiden videotiedostojen korjaamiseen Jos olet koskaan joutunut k\u00e4sittelem\u00e4\u00e4n vioittuneen videotiedoston aiheuttamaa turhautumista, tied\u00e4t, kuinka vaikeaa voi olla yritt\u00e4\u00e4 pelastaa tuo arvokas materiaali. Olipa kyseess\u00e4 henkil\u00f6kohtainen muisto, t\u00e4rke\u00e4 ty\u00f6projekti tai kameraan tallennettu ratkaiseva hetki, menetys voi tuntua ylitsep\u00e4\u00e4sem\u00e4tt\u00f6m\u00e4lt\u00e4. Onneksi on olemassa useita videokorjauspalveluja, jotka voivat auttaa sinua palauttamaan arvokkaat tiedostosi. Monien vaihtoehtojen joukosta jotkut [&hellip;]<\/p>\n","protected":false},"author":0,"featured_media":23880,"parent":0,"menu_order":0,"comment_status":"closed","ping_status":"closed","template":"chromecast.php","meta":{"_stopmodifiedupdate":false,"_modified_date":"","_lmt_disableupdate":"","_lmt_disable":""},"acf":[],"yoast_head":"<!-- This site is optimized with the Yoast SEO plugin v20.9 - https:\/\/yoast.com\/wordpress\/plugins\/seo\/ -->\n<title>Vahingoittuneiden videotiedostojen korjausty\u00f6kalu<\/title>\n<meta name=\"robots\" content=\"index, follow, max-snippet:-1, max-image-preview:large, max-video-preview:-1\" \/>\n<link rel=\"canonical\" href=\"https:\/\/howto.ping.fm\/fi\/top-tools-for-repairing-corrupted-video-files\/\" \/>\n<meta property=\"og:locale\" content=\"fi_FI\" \/>\n<meta property=\"og:type\" content=\"article\" \/>\n<meta property=\"og:title\" content=\"Vahingoittuneiden videotiedostojen korjausty\u00f6kalu\" \/>\n<meta property=\"og:description\" content=\"Parhaat ty\u00f6kalut vioittuneiden videotiedostojen korjaamiseen Jos olet koskaan joutunut k\u00e4sittelem\u00e4\u00e4n vioittuneen videotiedoston aiheuttamaa turhautumista, tied\u00e4t, kuinka vaikeaa voi olla yritt\u00e4\u00e4 pelastaa tuo arvokas materiaali. Olipa kyseess\u00e4 henkil\u00f6kohtainen muisto, t\u00e4rke\u00e4 ty\u00f6projekti tai kameraan tallennettu ratkaiseva hetki, menetys voi tuntua ylitsep\u00e4\u00e4sem\u00e4tt\u00f6m\u00e4lt\u00e4. Onneksi on olemassa useita videokorjauspalveluja, jotka voivat auttaa sinua palauttamaan arvokkaat tiedostosi. Monien vaihtoehtojen joukosta jotkut [&hellip;]\" \/>\n<meta property=\"og:url\" content=\"https:\/\/howto.ping.fm\/fi\/top-tools-for-repairing-corrupted-video-files\/\" \/>\n<meta property=\"og:site_name\" content=\"How To &amp; Best Software\" \/>\n<meta property=\"article:modified_time\" content=\"2024-07-19T08:56:53+00:00\" \/>\n<meta property=\"og:image\" content=\"https:\/\/www.ping.fm\/howto\/wp-content\/uploads\/2024\/07\/Top-Tools-for-Repairing-Corrupted-Video-Files-24.jpg\" \/>\n\t<meta property=\"og:image:width\" content=\"1280\" \/>\n\t<meta property=\"og:image:height\" content=\"731\" \/>\n\t<meta property=\"og:image:type\" content=\"image\/jpeg\" \/>\n<meta name=\"twitter:card\" content=\"summary_large_image\" \/>\n<meta name=\"twitter:label1\" content=\"Est. reading time\" \/>\n\t<meta name=\"twitter:data1\" content=\"1 minuutti\" \/>\n<script type=\"application\/ld+json\" class=\"yoast-schema-graph\">{\"@context\":\"https:\/\/schema.org\",\"@graph\":[{\"@type\":\"WebPage\",\"@id\":\"https:\/\/howto.ping.fm\/fi\/top-tools-for-repairing-corrupted-video-files\/\",\"url\":\"https:\/\/howto.ping.fm\/fi\/top-tools-for-repairing-corrupted-video-files\/\",\"name\":\"Vahingoittuneiden videotiedostojen korjausty\u00f6kalu\",\"isPartOf\":{\"@id\":\"https:\/\/howto.ping.fm\/fi\/#website\"},\"datePublished\":\"2024-07-11T00:00:00+00:00\",\"dateModified\":\"2024-07-19T08:56:53+00:00\",\"breadcrumb\":{\"@id\":\"https:\/\/howto.ping.fm\/fi\/top-tools-for-repairing-corrupted-video-files\/#breadcrumb\"},\"inLanguage\":\"fi\",\"potentialAction\":[{\"@type\":\"ReadAction\",\"target\":[\"https:\/\/howto.ping.fm\/fi\/top-tools-for-repairing-corrupted-video-files\/\"]}]},{\"@type\":\"BreadcrumbList\",\"@id\":\"https:\/\/howto.ping.fm\/fi\/top-tools-for-repairing-corrupted-video-files\/#breadcrumb\",\"itemListElement\":[{\"@type\":\"ListItem\",\"position\":1,\"name\":\"Home\",\"item\":\"https:\/\/www.ping.fm\/howto\/fi\/\"},{\"@type\":\"ListItem\",\"position\":2,\"name\":\"Parannusty\u00f6kalu, joka on paras vaurioituneiden videotiedostojen korjaamiseen\"}]},{\"@type\":\"WebSite\",\"@id\":\"https:\/\/howto.ping.fm\/fi\/#website\",\"url\":\"https:\/\/howto.ping.fm\/fi\/\",\"name\":\"How To &amp; Best Software\",\"description\":\"\",\"potentialAction\":[{\"@type\":\"SearchAction\",\"target\":{\"@type\":\"EntryPoint\",\"urlTemplate\":\"https:\/\/howto.ping.fm\/fi\/?s={search_term_string}\"},\"query-input\":\"required name=search_term_string\"}],\"inLanguage\":\"fi\"}]}<\/script>\n<!-- \/ Yoast SEO plugin. -->","yoast_head_json":{"title":"Vahingoittuneiden videotiedostojen korjausty\u00f6kalu","robots":{"index":"index","follow":"follow","max-snippet":"max-snippet:-1","max-image-preview":"max-image-preview:large","max-video-preview":"max-video-preview:-1"},"canonical":"https:\/\/howto.ping.fm\/fi\/top-tools-for-repairing-corrupted-video-files\/","og_locale":"fi_FI","og_type":"article","og_title":"Vahingoittuneiden videotiedostojen korjausty\u00f6kalu","og_description":"Parhaat ty\u00f6kalut vioittuneiden videotiedostojen korjaamiseen Jos olet koskaan joutunut k\u00e4sittelem\u00e4\u00e4n vioittuneen videotiedoston aiheuttamaa turhautumista, tied\u00e4t, kuinka vaikeaa voi olla yritt\u00e4\u00e4 pelastaa tuo arvokas materiaali. Olipa kyseess\u00e4 henkil\u00f6kohtainen muisto, t\u00e4rke\u00e4 ty\u00f6projekti tai kameraan tallennettu ratkaiseva hetki, menetys voi tuntua ylitsep\u00e4\u00e4sem\u00e4tt\u00f6m\u00e4lt\u00e4. Onneksi on olemassa useita videokorjauspalveluja, jotka voivat auttaa sinua palauttamaan arvokkaat tiedostosi. Monien vaihtoehtojen joukosta jotkut [&hellip;]","og_url":"https:\/\/howto.ping.fm\/fi\/top-tools-for-repairing-corrupted-video-files\/","og_site_name":"How To &amp; Best Software","article_modified_time":"2024-07-19T08:56:53+00:00","og_image":[{"width":1280,"height":731,"url":"https:\/\/www.ping.fm\/howto\/wp-content\/uploads\/2024\/07\/Top-Tools-for-Repairing-Corrupted-Video-Files-24.jpg","type":"image\/jpeg"}],"twitter_card":"summary_large_image","twitter_misc":{"Est. reading time":"1 minuutti"},"schema":{"@context":"https:\/\/schema.org","@graph":[{"@type":"WebPage","@id":"https:\/\/howto.ping.fm\/fi\/top-tools-for-repairing-corrupted-video-files\/","url":"https:\/\/howto.ping.fm\/fi\/top-tools-for-repairing-corrupted-video-files\/","name":"Vahingoittuneiden videotiedostojen korjausty\u00f6kalu","isPartOf":{"@id":"https:\/\/howto.ping.fm\/fi\/#website"},"datePublished":"2024-07-11T00:00:00+00:00","dateModified":"2024-07-19T08:56:53+00:00","breadcrumb":{"@id":"https:\/\/howto.ping.fm\/fi\/top-tools-for-repairing-corrupted-video-files\/#breadcrumb"},"inLanguage":"fi","potentialAction":[{"@type":"ReadAction","target":["https:\/\/howto.ping.fm\/fi\/top-tools-for-repairing-corrupted-video-files\/"]}]},{"@type":"BreadcrumbList","@id":"https:\/\/howto.ping.fm\/fi\/top-tools-for-repairing-corrupted-video-files\/#breadcrumb","itemListElement":[{"@type":"ListItem","position":1,"name":"Home","item":"https:\/\/www.ping.fm\/howto\/fi\/"},{"@type":"ListItem","position":2,"name":"Parannusty\u00f6kalu, joka on paras vaurioituneiden videotiedostojen korjaamiseen"}]},{"@type":"WebSite","@id":"https:\/\/howto.ping.fm\/fi\/#website","url":"https:\/\/howto.ping.fm\/fi\/","name":"How To &amp; Best Software","description":"","potentialAction":[{"@type":"SearchAction","target":{"@type":"EntryPoint","urlTemplate":"https:\/\/howto.ping.fm\/fi\/?s={search_term_string}"},"query-input":"required name=search_term_string"}],"inLanguage":"fi"}]}},"_links":{"self":[{"href":"https:\/\/howto.ping.fm\/fi\/wp-json\/wp\/v2\/pages\/23879"}],"collection":[{"href":"https:\/\/howto.ping.fm\/fi\/wp-json\/wp\/v2\/pages"}],"about":[{"href":"https:\/\/howto.ping.fm\/fi\/wp-json\/wp\/v2\/types\/page"}],"replies":[{"embeddable":true,"href":"https:\/\/howto.ping.fm\/fi\/wp-json\/wp\/v2\/comments?post=23879"}],"version-history":[{"count":0,"href":"https:\/\/howto.ping.fm\/fi\/wp-json\/wp\/v2\/pages\/23879\/revisions"}],"wp:featuredmedia":[{"embeddable":true,"href":"https:\/\/howto.ping.fm\/fi\/wp-json\/wp\/v2\/media\/23880"}],"wp:attachment":[{"href":"https:\/\/howto.ping.fm\/fi\/wp-json\/wp\/v2\/media?parent=23879"}],"curies":[{"name":"wp","href":"https:\/\/api.w.org\/{rel}","templated":true}]}}