{"id":23479,"date":"2024-07-17T00:00:00","date_gmt":"2024-07-17T00:00:00","guid":{"rendered":"https:\/\/www.ping.fm\/howto\/how-to-fix-corrupted-mp4-files-detailed-guide\/"},"modified":"2024-07-19T08:34:45","modified_gmt":"2024-07-19T08:34:45","slug":"how-to-fix-corrupted-mp4-files-detailed-guide","status":"publish","type":"page","link":"https:\/\/howto.ping.fm\/fi\/how-to-fix-corrupted-mp4-files-detailed-guide\/","title":{"rendered":"Kuinka korjata vioittuneet MP4-tiedostot: Yksityiskohtainen opas"},"content":{"rendered":"<section>\n<h1>Kuinka korjata vioittuneita MP4-tiedostoja: Yksityiskohtainen opas<\/h1>\n<div class=\"inbrief\">\n<div>                     <img src=\"https:\/\/www.ping.fm\/howto\/wp-content\/uploads\/ai\/How-to-Fix-Corrupted-MP4-Files-Detailed-Guide.jpg\" alt=\"Kuinka korjata vioittuneita MP4-tiedostoja: Yksityiskohtainen opas\" title=\"Kuinka korjata vioittuneita MP4-tiedostoja: Yksityiskohtainen opas\" width=\"1280\" height=\"720\">                     <\/p>\n<p>Jos olet koskaan yritt\u00e4nyt katsella MP4-videota ja huomannut, ett\u00e4 tiedosto on vioittunut, tied\u00e4t kuinka turhauttavaa se voi olla. MP4-tiedoston vioittuminen voi johtua monista syist\u00e4, kuten keskeytyneest\u00e4 latauksesta, ohjelmiston kaatumisesta ja tiedostonsiirtovirheist\u00e4. Onneksi on olemassa useita menetelmi\u00e4, joilla voit korjata vioittuneita MP4-tiedostoja. K\u00e4ytt\u00e4m\u00e4ll\u00e4 joko verkkoty\u00f6kaluja tai ty\u00f6p\u00f6yt\u00e4ohjelmistoja, opastan sinut l\u00e4pi useiden ratkaisujen, jotta saat videosi takaisin toimivaan kuntoon. Yksi eritt\u00e4in suositeltava menetelm\u00e4 on Clever Free Online Video Repair -ty\u00f6kalun k\u00e4ytt\u00f6, joka on luotettava ja yksinkertainen ratkaisu vioittuneiden MP4-tiedostojen korjaamiseen ilman, ett\u00e4 sinun tarvitsee ladata mit\u00e4\u00e4n ohjelmistoa. T\u00e4ss\u00e4 kappaleessa k\u00e4sitell\u00e4\u00e4n laaja valikoima tekniikoita t\u00e4m\u00e4n ongelman tehokkaaseen ratkaisemiseen.<\/p>\n<\/div>\n<\/div>\n<\/section>\n<section>\n<div>\n<div>1<\/div>\n<h2>Yleiset tilanteet:<\/h2>\n<\/div>\n<h3>Keskeytynyt lataus &#128246;<\/h3>\n<ul>\n<li>Yksi yleisimmist\u00e4 syist\u00e4 <b>vioittuneeseen MP4-tiedostoon<\/b> on keskeytynyt lataus. Jos <b>Internet-yhteytesi<\/b> oli ep\u00e4vakaa tai katkesi latauksen aikana, <b>videotiedosto<\/b> ei ehk\u00e4 latautunut kokonaan tai oikein, mik\u00e4 johtaa vioittumiseen.<\/li>\n<\/ul>\n<p>Olen itse kokenut t\u00e4m\u00e4n, kun Internet-yhteyteni katkesi kesken latauksen. MP4-tiedosto, jota odotin innoissani, p\u00e4\u00e4tyi toistokelvottomaksi ja n\u00e4ytti virheilmoituksia aina, kun yritin avata sen.<\/p>\n<h3>Ohjelmiston kaatuminen &#128165;<\/h3>\n<ul>\n<li><b>Ohjelmiston kaatuminen<\/b> videotiedostojen tallennuksen tai k\u00e4sittelyn aikana voi my\u00f6s johtaa <b>vioittuneeseen MP4-tiedostoon<\/b>. T\u00e4m\u00e4 tapahtuu usein, kun ohjelmisto sulkeutuu odottamatta bugin tai teht\u00e4vien ylikuormituksen vuoksi, mik\u00e4 aiheuttaa tiedoston virheellisen tallentamisen.<\/li>\n<\/ul>\n<p>T\u00e4m\u00e4 ongelma on tapahtunut minulle videon editointisessioiden aikana. Tietokoneeni kaatui kesken kaiken, j\u00e4tt\u00e4en minut puolitiehen editoidun, vioittuneen MP4-tiedoston kanssa.<\/p>\n<h3>Tiedostonsiirtovirheet &#128679;<\/h3>\n<ul>\n<li><b>Tiedostonsiirtovirheet<\/b> laitteiden v\u00e4lill\u00e4 ovat toinen yleinen syy MP4-tiedostojen vioittumiseen. T\u00e4m\u00e4 voi johtua \u00e4killisest\u00e4 irrotuksesta, viallisesta muistilaitteesta tai ep\u00e4t\u00e4ydellisest\u00e4 kopiointiprosessista, joka johtaa toistokelvottomaan tiedostoon.<\/li>\n<\/ul>\n<p>Tiedostonsiirtovirheet ovat ilmaantuneet minulle useita kertoja eri tallennusv\u00e4lineit\u00e4 k\u00e4ytt\u00e4ess\u00e4ni. Usein viallinen USB-kaapeli tai odottamaton irrotus on j\u00e4tt\u00e4nyt minulle vioittuneita tiedostoja, jotka tarvitsin palauttaa.<\/p>\n<\/section>\n<section class=\"stepByStep\">\n<div>\n<div>2<\/div>\n<h2>Askellistinen opas. Korjaa vioittunut Mp4:<\/h2>\n<\/div>\n<h3>Menetelm\u00e4 1: K\u00e4yt\u00e4 Clever Free Online Video Repair -ty\u00f6kalua &#127760;<\/h3>\n<ul>\n<li>K\u00e4y Clever Free Online Video Repair -ty\u00f6kalussa osoitteessa <a href='https:\/\/repair.cleverfiles.com' rel=\"dofollow noopener\" target='_blank'>Korjaa vioittuneet MP4-tiedostot ilmaiseksi<\/a>.<\/li>\n<li>Lataa korjattava vioittunut MP4-tiedosto.<\/li>\n<li>Noudata n\u00e4yt\u00f6n ohjeita korjausprosessin aloittamiseksi.<\/li>\n<li>Odota, ett\u00e4 ty\u00f6kalu analysoi ja korjaa tiedoston.<\/li>\n<li>Kun prosessi on valmis, lataa korjattu MP4-tiedosto.<\/li>\n<\/ul>\n<p><b>Huom:<\/b> T\u00e4m\u00e4 on CleverFiles-tiimin virallinen ilmainen videonkorjausty\u00f6kalu, ja se on eritt\u00e4in luotettava online-korjaamiseen ilman, ett\u00e4 tarvitsee ladata mit\u00e4\u00e4n ohjelmistoa.<\/p>\n<p><b>Johtop\u00e4\u00e4t\u00f6s:<\/b> T\u00e4m\u00e4 verkkoty\u00f6kalu on \u00e4\u00e4rimm\u00e4isen helppok\u00e4ytt\u00f6inen ja tehokas. Se on loistava ensiaskele, kun yrit\u00e4t korjata vioittuneita MP4-tiedostoja.<\/p>\n<h3>Menetelm\u00e4 2: K\u00e4yt\u00e4 VLC Media Playeria &#127909;<\/h3>\n<ul>\n<li>Avaa VLC Media Player tietokoneellasi.<\/li>\n<li>Mene yl\u00e4valikosta &#8217;Media&#8217; ja klikkaa &#8217;Muunna\/Tallenna&#8217;.<\/li>\n<li>Avaa Media-ikkunassa, klikkaa &#8217;Lis\u00e4\u00e4&#8217; ja valitse vioittunut MP4-tiedosto.<\/li>\n<li>Klikkaa &#8217;Muunna\/Tallenna&#8217; alhaalta ja valitse sopiva tiedostomuoto ja sijainti.<\/li>\n<li>Klikkaa &#8217;Aloita&#8217; aloittaaksesi muunnosprosessin, joka voi usein korjata tiedoston pieni\u00e4 vioittumia.<\/li>\n<\/ul>\n<p><b>Huom:<\/b> VLC Media Player on ilmainen ja tukee laajaa valikoimaa formaatteja, tehden siit\u00e4 monipuolisen ty\u00f6kalun videon korjaamiseen.<\/p>\n<p><b>Johtop\u00e4\u00e4t\u00f6s:<\/b> Vaikka VLC ei ole suunniteltu erityisesti vioittuneiden tiedostojen korjaamiseen, sen muunnostoiminto voi joskus korjata pieni\u00e4 ongelmia.<\/p>\n<h3>Menetelm\u00e4 3: K\u00e4yt\u00e4 Stellar Repair for Video -ohjelmaa &#128736;<\/h3>\n<ul>\n<li>Lataa ja asenna Stellar Repair for Video viralliselta verkkosivustolta.<\/li>\n<li>K\u00e4ynnist\u00e4 ohjelmisto ja klikkaa &#8217;Lis\u00e4\u00e4 tiedosto&#8217; tuodaksesi vioittuneen MP4:n.<\/li>\n<li>Klikkaa &#8217;Korjaa&#8217; aloittaaksesi korjausprosessin.<\/li>\n<li>Esikatsele korjattua videota varmistaaksesi, ett\u00e4 ongelmat on korjattu.<\/li>\n<li>Tallenna korjattu videotiedosto haluamaasi sijaintiin.<\/li>\n<\/ul>\n<p><b>Huom:<\/b> Stellar Repair for Video on maksullinen ohjelmisto, mutta se tarjoaa ilmaisen kokeilun rajoitetulla toiminnallisuudella.<\/p>\n<p><b>Johtop\u00e4\u00e4t\u00f6s:<\/b> T\u00e4m\u00e4 ty\u00f6kalu on eritt\u00e4in tehokas vakavien vioittumisongelmien korjaamiseen, mutta se maksaa enemm\u00e4n verrattuna ilmaisiin ratkaisuihin.<\/p>\n<h3>Menetelm\u00e4 4: K\u00e4yt\u00e4 Yodot MOV Repair Tool -ty\u00f6kalua &#127902;<\/h3>\n<ul>\n<li>Lataa ja asenna Yodot MOV Repair Tool.<\/li>\n<li>Avaa sovellus ja klikkaa &#8217;Selaa&#8217; valitaksesi vioittuneen MP4-tiedoston.<\/li>\n<li>Klikkaa &#8217;Korjaa&#8217; aloittaaksesi korjausprosessin.<\/li>\n<li>Odota, ett\u00e4 ohjelmisto analysoi ja korjaa tiedoston.<\/li>\n<li>Esikatsele ja tallenna korjattu tiedosto tietokoneellesi.<\/li>\n<\/ul>\n<p><b>Huom:<\/b> Vaikka ohjelman nimi on MOV Repair Tool, se tukee my\u00f6s MP4-tiedostojen korjausta.<\/p>\n<p><b>Johtop\u00e4\u00e4t\u00f6s:<\/b> Yodot MOV Repair Tool on tehokas ja erityisesti suunniteltu videotiedostojen, mukaan lukien MP4, korjaamiseen.<\/p>\n<h3>Menetelm\u00e4 5: K\u00e4yt\u00e4 DivFix++ -ty\u00f6kalua &#9881;<\/h3>\n<ul>\n<li>Lataa DivFix++ sen viralliselta verkkosivustolta ja asenna se.<\/li>\n<li>Avaa DivFix++ ja klikkaa &#8217;Lis\u00e4\u00e4 tiedostoja&#8217; tuodaksesi vioittuneen MP4-tiedoston.<\/li>\n<li>Klikkaa &#8217;Tarkista virheet&#8217; skannataksesi tiedoston vioittumisen varalta.<\/li>\n<li>Klikkaa &#8217;Korjaa&#8217; aloittaaksesi korjausprosessin.<\/li>\n<li>Kun prosessi on valmis, tallenna korjattu MP4-tiedosto haluamaasi sijaintiin.<\/li>\n<\/ul>\n<p><b>Huom:<\/b> DivFix++ on yksinkertainen ty\u00f6kalu erityisesti vioittuneiden videotiedostojen korjaamiseen.<\/p>\n<p><b>Johtop\u00e4\u00e4t\u00f6s:<\/b> Vaikka sen k\u00e4ytt\u00f6liittym\u00e4 on vanhentunut, DivFix++ on tehokas ja ilmainen videotiedostojen korjaamiseen.<\/p>\n<h3>Menetelm\u00e4 6: K\u00e4yt\u00e4 Digital Video Repair -ty\u00f6kalua &#128295;<\/h3>\n<ul>\n<li>Lataa ja asenna Digital Video Repair -ohjelmisto viralliselta verkkosivustolta.<\/li>\n<li>K\u00e4ynnist\u00e4 ohjelmisto ja klikkaa &#8217;Input File&#8217; valitaksesi vioittuneen MP4:n.<\/li>\n<li>Klikkaa &#8217;Check &#038; Repair&#8217; aloittaaksesi tiedoston analysoinnin ja korjauksen.<\/li>\n<li>Odota, ett\u00e4 korjausprosessi valmistuu.<\/li>\n<li>Tallenna korjattu tiedosto varmistettuasi, ett\u00e4 ongelmat on korjattu.<\/li>\n<\/ul>\n<p><b>Huom:<\/b> Digital Video Repair on k\u00e4ytt\u00e4j\u00e4yst\u00e4v\u00e4llinen ja tarjoaa suoraviivaisia ratkaisuja pieniin vioittumiin.<\/p>\n<p><b>Johtop\u00e4\u00e4t\u00f6s:<\/b> T\u00e4m\u00e4 ty\u00f6kalu on loistava yksinkertaisten ja nopeiden korjausten tekemiseen, mutta se ei v\u00e4ltt\u00e4m\u00e4tt\u00e4 k\u00e4sittele monimutkaisempia vioittumisongelmia.<\/p>\n<h3>Menetelm\u00e4 7: K\u00e4yt\u00e4 Remo Repair MOV -ohjelmaa &#128736;<\/h3>\n<ul>\n<li>Lataa ja asenna Remo Repair MOV viralliselta sivustolta.<\/li>\n<li>Suorita ohjelmisto ja klikkaa &#8217;Valitse tiedosto&#8217; ladataksesi vioittuneen MP4:n.<\/li>\n<li>Klikkaa &#8217;Korjaa&#8217; aloittaaksesi tiedoston korjaamisen.<\/li>\n<li>Esikatsele korjattu tiedosto varmistaaksesi, ett\u00e4 ongelmat on ratkaistu.<\/li>\n<li>Tallenna korjattu video tietokoneellesi.<\/li>\n<\/ul>\n<p><b>Huom:<\/b> Huolimatta siit\u00e4, ett\u00e4 ohjelman nimi on Remo Repair MOV, se tukee my\u00f6s MP4-tiedostojen korjausta.<\/p>\n<p><b>Johtop\u00e4\u00e4t\u00f6s:<\/b> Remo Repair MOV on tehokas, mutta maksullinen. Sen tarkkuus tiedostojen korjaamisessa voi olla etu niille, jotka ovat valmiita maksamaan.<\/p>\n<\/section>\n<section>\n<div>\n<div>3<\/div>\n<h2>Varotoimenpiteet ja vinkit:<\/h2>\n<\/div>\n<h3>Parhaat k\u00e4yt\u00e4nn\u00f6t MP4-tiedostojen korruption v\u00e4ltt\u00e4miseksi &#128683;<\/h3>\n<ul>\n<li>Varmista aina <b>vakaa Internet-yhteys<\/b> ladatessasi tiedostoja katkoksien est\u00e4miseksi.<\/li>\n<li>P\u00e4ivit\u00e4 s\u00e4\u00e4nn\u00f6llisesti <b>videonk\u00e4sittely-<\/b> ja tallennusohjelmistosi kaatumisten v\u00e4ltt\u00e4miseksi, jotka johtuvat virheist\u00e4 tai vanhentuneesta ohjelmistosta.<\/li>\n<li>K\u00e4yt\u00e4 luotettavia ja ehji\u00e4 <b>tallennusv\u00e4lineit\u00e4<\/b> tiedostojen siirtoon korruption riskin minimoimiseksi.<\/li>\n<li>Irrota aina turvallisesti <b>ulkoiset tallennuslaitteet<\/b> est\u00e4\u00e4ksesi \u00e4killist\u00e4 katkaisua tiedostonsiirtojen aikana.<\/li>\n<\/ul>\n<p>Noudattamalla n\u00e4it\u00e4 <b>varotoimenpiteit\u00e4<\/b> voit merkitt\u00e4v\u00e4sti v\u00e4hent\u00e4\u00e4 riski\u00e4 kohdata korruptoitunut MP4-tiedosto. Luotettavan Internetin ja ajan tasalla olevien ohjelmistojen k\u00e4ytt\u00f6 ovat elint\u00e4rkeit\u00e4 videoidesi eheyden s\u00e4ilytt\u00e4miseksi. Lis\u00e4ksi tallennuslaitteiden huolellinen k\u00e4sittely voi ehk\u00e4ist\u00e4 fyysiset vauriot ja tietojen korruption.<\/p>\n<h3>S\u00e4\u00e4nn\u00f6lliset varmuuskopiot ovat avainasemassa &#128230;<\/h3>\n<ul>\n<li><b>Varmuuskopioi<\/b> aina t\u00e4rke\u00e4t videotiedostot useisiin sijainteihin.<\/li>\n<li>K\u00e4yt\u00e4 <b>pilvipalveluratkaisuja<\/b>, kuten Google Drive tai Dropbox lis\u00e4\u00e4m\u00e4\u00e4n turvallisuutta.<\/li>\n<li>Toteuta aikataulutetut varmuuskopiot, jotta uusimmat tiedostot ovat aina tallessa.<\/li>\n<li>Harkitse varmuuskopiointiohjelmistojen k\u00e4ytt\u00f6\u00e4 <b>automaattisiksi ratkaisuksi<\/b>.<\/li>\n<\/ul>\n<p>S\u00e4\u00e4nn\u00f6lliset varmuuskopiot ovat olennainen k\u00e4yt\u00e4nt\u00f6 varmistamaan t\u00e4rkeiden videotiedostojesi turvallisuus. Pilvitallennusratkaisujen hy\u00f6dynt\u00e4minen tarjoaa lis\u00e4turvaa. Tiedostojen s\u00e4\u00e4nn\u00f6llinen varmuuskopiointi, joko manuaalisesti tai automaattisten ohjelmistojen avulla, voi s\u00e4\u00e4st\u00e4\u00e4 sinulle merkitt\u00e4v\u00e4sti p\u00e4\u00e4nvaivaa tiedostojen korruption tai katoamisen varalta.<\/p>\n<\/section>\n<section>\n<div>\n<div>4<\/div>\n<h2>Lis\u00e4tietoja<\/h2>\n<\/div>\n<p>MP4-tiedostojen korruptio voi olla huolestuttava ongelma, mutta on olemassa useita ratkaisuja ja ennaltaehk\u00e4isevi\u00e4 toimia, jotka voivat auttaa lievent\u00e4m\u00e4\u00e4n ongelmaa. Jo mainittujen menetelmien lis\u00e4ksi voit tutkia ty\u00f6kaluja, kuten <a href='https:\/\/www.reddit.com\/r\/DataRecoveryHelp\/comments\/1d6irir\/easeus_data_recovery_wizard_for_windows_review_is\/' rel=\"nofollow noopener\" target='_blank'>EaseUS Repair Video<\/a> ja Repair Toolbox, jotka tarjoavat tehokkaita ratkaisuja videokorjaukselle.<\/p>\n<p>Toinen yleinen syy videotiedostojen korruptioon voi olla ongelmat k\u00e4ytt\u00e4m\u00e4ss\u00e4si mediasoittimessa. Varmista, ett\u00e4 k\u00e4yt\u00e4t aina mediasoittimesi uusinta versiota toistoh\u00e4iri\u00f6iden v\u00e4ltt\u00e4miseksi. <b>Vanhentunut ohjelmisto<\/b> tai <b>heikkolaatuiset soittimet<\/b> voivat joskus virheellisesti tunnistaa tiedoston korruptoituneeksi, vaikka se ei ole.<\/p>\n<p>Kun k\u00e4sittelet videotiedostoja, on my\u00f6s t\u00e4rke\u00e4\u00e4 ottaa huomioon k\u00e4ytt\u00e4m\u00e4si <b>tallennuslaitteet<\/b>. Vialliset tallennusv\u00e4lineet voivat usein aiheuttaa tiedostojen korruption. Sijoita aina korkealaatuisiin tallennuskortteihin ja ulkoisiin kiintolevyihin. Yksityiskohtainen opas tallennuslaitteiden yll\u00e4pidosta l\u00f6ytyy Backblaze-sivustolta.<\/p>\n<p>Lis\u00e4ksi vankan <b>tietojenhallintastrategian<\/b> omaksuminen voi olla k\u00e4\u00e4nteentekev\u00e4\u00e4. Hyvin organisoitu strategia sis\u00e4lt\u00e4\u00e4 tiedostojen luokittelun ja tallentamisen j\u00e4rjestelm\u00e4llisesti, pitkien siirtoketjujen v\u00e4ltt\u00e4misen ja tiedostojen jatkuvan uudelleenkirjoituksen v\u00e4hent\u00e4misen, mik\u00e4 kaikki voi ajan my\u00f6t\u00e4 heikent\u00e4\u00e4 datan eheytt\u00e4.<\/p>\n<p>Ammattivideokuvaajille ja -harrastajille on eritt\u00e4in t\u00e4rke\u00e4\u00e4 valvoa <b>laitteidensa kuntoa<\/b>&#8212;kameraa, droneja, tietokoneita jne. Laitteiden hienovaraiset toimintah\u00e4iri\u00f6t tai ylikuumeneminen voivat johtaa tallennusvirheisiin, jotka korruptoivat videotiedostoja. S\u00e4\u00e4nn\u00f6lliset yll\u00e4pitotarkistukset ja nopeat ohjelmistop\u00e4ivitykset ovat v\u00e4ltt\u00e4m\u00e4tt\u00f6mi\u00e4.<\/p>\n<\/section>\n<section>\n<h2>Johtop\u00e4\u00e4t\u00f6s:<\/h2>\n<div class=\"nonp\">Korruptoituneiden MP4-tiedostojen korjaaminen saattaa tuntua pelottavalta, mutta oikeilla ty\u00f6kaluilla ja menetelmill\u00e4 voit palauttaa t\u00e4rke\u00e4t videosi. Clever Free Online Video Repair -ty\u00f6kalun tai muiden menetelmien, kuten VLC Media Playerin, Stellar Repair for Videon ja Yodot MOV Repair Toolin k\u00e4ytt\u00f6 tarjoaa useita ratkaisuja ongelman hoitamiseksi. Noudattamalla parhaita k\u00e4yt\u00e4nt\u00f6j\u00e4 ja tekem\u00e4ll\u00e4 s\u00e4\u00e4nn\u00f6llisesti varmuuskopioita, voit my\u00f6s minimoida tulevaisuuden tiedostokorruption riskin. Lis\u00e4tietoja digitaalisten tiedostojesi s\u00e4ilytt\u00e4misest\u00e4 saat olemalla ajan tasalla uusimmista ty\u00f6kaluista ja tekniikoista.<\/div>\n<\/section>\n<div class=\"extrablock\">\n<p>Korjaa vioittunut MP4: Hanki asiantuntija-apua vioittuneiden MP4-tiedostojen korjaamiseen luotetuilta yhteis\u00f6n j\u00e4senilt\u00e4. L\u00f6yd\u00e4 ratkaisuja ja vinkkej\u00e4 kaikkiin videon korjaustarpeisiisi.<\/p>\n<p>                             <a href=\"https:\/\/www.ping.fm\/community\/c\/video-repair\/24\" rel=\"dofollow noopener\" target=\"_blank\">https:\/\/www.ping.fm\/community\/c\/video-repair\/24<\/a>                         <\/div>\n","protected":false},"excerpt":{"rendered":"<p>Kuinka korjata vioittuneita MP4-tiedostoja: Yksityiskohtainen opas Jos olet koskaan yritt\u00e4nyt katsella MP4-videota ja huomannut, ett\u00e4 tiedosto on vioittunut, tied\u00e4t kuinka turhauttavaa se voi olla. MP4-tiedoston vioittuminen voi johtua monista syist\u00e4, kuten keskeytyneest\u00e4 latauksesta, ohjelmiston kaatumisesta ja tiedostonsiirtovirheist\u00e4. Onneksi on olemassa useita menetelmi\u00e4, joilla voit korjata vioittuneita MP4-tiedostoja. K\u00e4ytt\u00e4m\u00e4ll\u00e4 joko verkkoty\u00f6kaluja tai ty\u00f6p\u00f6yt\u00e4ohjelmistoja, opastan sinut l\u00e4pi [&hellip;]<\/p>\n","protected":false},"author":0,"featured_media":23480,"parent":0,"menu_order":0,"comment_status":"closed","ping_status":"closed","template":"chromecast.php","meta":{"_stopmodifiedupdate":false,"_modified_date":"","_lmt_disableupdate":"","_lmt_disable":""},"acf":[],"yoast_head":"<!-- This site is optimized with the Yoast SEO plugin v20.9 - https:\/\/yoast.com\/wordpress\/plugins\/seo\/ -->\n<title>Kuinka korjata vahingoittuneet MP4-tiedostot: Yksityiskohtainen opas<\/title>\n<meta name=\"robots\" content=\"index, follow, max-snippet:-1, max-image-preview:large, max-video-preview:-1\" \/>\n<link rel=\"canonical\" href=\"https:\/\/howto.ping.fm\/fi\/how-to-fix-corrupted-mp4-files-detailed-guide\/\" \/>\n<meta property=\"og:locale\" content=\"fi_FI\" \/>\n<meta property=\"og:type\" content=\"article\" \/>\n<meta property=\"og:title\" content=\"Kuinka korjata vahingoittuneet MP4-tiedostot: Yksityiskohtainen opas\" \/>\n<meta property=\"og:description\" content=\"Kuinka korjata vioittuneita MP4-tiedostoja: Yksityiskohtainen opas Jos olet koskaan yritt\u00e4nyt katsella MP4-videota ja huomannut, ett\u00e4 tiedosto on vioittunut, tied\u00e4t kuinka turhauttavaa se voi olla. MP4-tiedoston vioittuminen voi johtua monista syist\u00e4, kuten keskeytyneest\u00e4 latauksesta, ohjelmiston kaatumisesta ja tiedostonsiirtovirheist\u00e4. Onneksi on olemassa useita menetelmi\u00e4, joilla voit korjata vioittuneita MP4-tiedostoja. K\u00e4ytt\u00e4m\u00e4ll\u00e4 joko verkkoty\u00f6kaluja tai ty\u00f6p\u00f6yt\u00e4ohjelmistoja, opastan sinut l\u00e4pi [&hellip;]\" \/>\n<meta property=\"og:url\" content=\"https:\/\/howto.ping.fm\/fi\/how-to-fix-corrupted-mp4-files-detailed-guide\/\" \/>\n<meta property=\"og:site_name\" content=\"How To &amp; Best Software\" \/>\n<meta property=\"article:modified_time\" content=\"2024-07-19T08:34:45+00:00\" \/>\n<meta property=\"og:image\" content=\"https:\/\/www.ping.fm\/howto\/wp-content\/uploads\/2024\/07\/How-to-Fix-Corrupted-MP4-Files-Detailed-Guide-65.jpg\" \/>\n\t<meta property=\"og:image:width\" content=\"1280\" \/>\n\t<meta property=\"og:image:height\" content=\"731\" \/>\n\t<meta property=\"og:image:type\" content=\"image\/jpeg\" \/>\n<meta name=\"twitter:card\" content=\"summary_large_image\" \/>\n<meta name=\"twitter:label1\" content=\"Est. reading time\" \/>\n\t<meta name=\"twitter:data1\" content=\"7 minuuttia\" \/>\n<script type=\"application\/ld+json\" class=\"yoast-schema-graph\">{\"@context\":\"https:\/\/schema.org\",\"@graph\":[{\"@type\":\"WebPage\",\"@id\":\"https:\/\/howto.ping.fm\/fi\/how-to-fix-corrupted-mp4-files-detailed-guide\/\",\"url\":\"https:\/\/howto.ping.fm\/fi\/how-to-fix-corrupted-mp4-files-detailed-guide\/\",\"name\":\"Kuinka korjata vahingoittuneet MP4-tiedostot: Yksityiskohtainen opas\",\"isPartOf\":{\"@id\":\"https:\/\/howto.ping.fm\/fi\/#website\"},\"datePublished\":\"2024-07-17T00:00:00+00:00\",\"dateModified\":\"2024-07-19T08:34:45+00:00\",\"breadcrumb\":{\"@id\":\"https:\/\/howto.ping.fm\/fi\/how-to-fix-corrupted-mp4-files-detailed-guide\/#breadcrumb\"},\"inLanguage\":\"fi\",\"potentialAction\":[{\"@type\":\"ReadAction\",\"target\":[\"https:\/\/howto.ping.fm\/fi\/how-to-fix-corrupted-mp4-files-detailed-guide\/\"]}]},{\"@type\":\"BreadcrumbList\",\"@id\":\"https:\/\/howto.ping.fm\/fi\/how-to-fix-corrupted-mp4-files-detailed-guide\/#breadcrumb\",\"itemListElement\":[{\"@type\":\"ListItem\",\"position\":1,\"name\":\"Home\",\"item\":\"https:\/\/www.ping.fm\/howto\/fi\/\"},{\"@type\":\"ListItem\",\"position\":2,\"name\":\"Kuinka korjata vioittuneet MP4-tiedostot: Yksityiskohtainen opas\"}]},{\"@type\":\"WebSite\",\"@id\":\"https:\/\/howto.ping.fm\/fi\/#website\",\"url\":\"https:\/\/howto.ping.fm\/fi\/\",\"name\":\"How To &amp; Best Software\",\"description\":\"\",\"potentialAction\":[{\"@type\":\"SearchAction\",\"target\":{\"@type\":\"EntryPoint\",\"urlTemplate\":\"https:\/\/howto.ping.fm\/fi\/?s={search_term_string}\"},\"query-input\":\"required name=search_term_string\"}],\"inLanguage\":\"fi\"}]}<\/script>\n<!-- \/ Yoast SEO plugin. -->","yoast_head_json":{"title":"Kuinka korjata vahingoittuneet MP4-tiedostot: Yksityiskohtainen opas","robots":{"index":"index","follow":"follow","max-snippet":"max-snippet:-1","max-image-preview":"max-image-preview:large","max-video-preview":"max-video-preview:-1"},"canonical":"https:\/\/howto.ping.fm\/fi\/how-to-fix-corrupted-mp4-files-detailed-guide\/","og_locale":"fi_FI","og_type":"article","og_title":"Kuinka korjata vahingoittuneet MP4-tiedostot: Yksityiskohtainen opas","og_description":"Kuinka korjata vioittuneita MP4-tiedostoja: Yksityiskohtainen opas Jos olet koskaan yritt\u00e4nyt katsella MP4-videota ja huomannut, ett\u00e4 tiedosto on vioittunut, tied\u00e4t kuinka turhauttavaa se voi olla. MP4-tiedoston vioittuminen voi johtua monista syist\u00e4, kuten keskeytyneest\u00e4 latauksesta, ohjelmiston kaatumisesta ja tiedostonsiirtovirheist\u00e4. Onneksi on olemassa useita menetelmi\u00e4, joilla voit korjata vioittuneita MP4-tiedostoja. K\u00e4ytt\u00e4m\u00e4ll\u00e4 joko verkkoty\u00f6kaluja tai ty\u00f6p\u00f6yt\u00e4ohjelmistoja, opastan sinut l\u00e4pi [&hellip;]","og_url":"https:\/\/howto.ping.fm\/fi\/how-to-fix-corrupted-mp4-files-detailed-guide\/","og_site_name":"How To &amp; Best Software","article_modified_time":"2024-07-19T08:34:45+00:00","og_image":[{"width":1280,"height":731,"url":"https:\/\/www.ping.fm\/howto\/wp-content\/uploads\/2024\/07\/How-to-Fix-Corrupted-MP4-Files-Detailed-Guide-65.jpg","type":"image\/jpeg"}],"twitter_card":"summary_large_image","twitter_misc":{"Est. reading time":"7 minuuttia"},"schema":{"@context":"https:\/\/schema.org","@graph":[{"@type":"WebPage","@id":"https:\/\/howto.ping.fm\/fi\/how-to-fix-corrupted-mp4-files-detailed-guide\/","url":"https:\/\/howto.ping.fm\/fi\/how-to-fix-corrupted-mp4-files-detailed-guide\/","name":"Kuinka korjata vahingoittuneet MP4-tiedostot: Yksityiskohtainen opas","isPartOf":{"@id":"https:\/\/howto.ping.fm\/fi\/#website"},"datePublished":"2024-07-17T00:00:00+00:00","dateModified":"2024-07-19T08:34:45+00:00","breadcrumb":{"@id":"https:\/\/howto.ping.fm\/fi\/how-to-fix-corrupted-mp4-files-detailed-guide\/#breadcrumb"},"inLanguage":"fi","potentialAction":[{"@type":"ReadAction","target":["https:\/\/howto.ping.fm\/fi\/how-to-fix-corrupted-mp4-files-detailed-guide\/"]}]},{"@type":"BreadcrumbList","@id":"https:\/\/howto.ping.fm\/fi\/how-to-fix-corrupted-mp4-files-detailed-guide\/#breadcrumb","itemListElement":[{"@type":"ListItem","position":1,"name":"Home","item":"https:\/\/www.ping.fm\/howto\/fi\/"},{"@type":"ListItem","position":2,"name":"Kuinka korjata vioittuneet MP4-tiedostot: Yksityiskohtainen opas"}]},{"@type":"WebSite","@id":"https:\/\/howto.ping.fm\/fi\/#website","url":"https:\/\/howto.ping.fm\/fi\/","name":"How To &amp; Best Software","description":"","potentialAction":[{"@type":"SearchAction","target":{"@type":"EntryPoint","urlTemplate":"https:\/\/howto.ping.fm\/fi\/?s={search_term_string}"},"query-input":"required name=search_term_string"}],"inLanguage":"fi"}]}},"_links":{"self":[{"href":"https:\/\/howto.ping.fm\/fi\/wp-json\/wp\/v2\/pages\/23479"}],"collection":[{"href":"https:\/\/howto.ping.fm\/fi\/wp-json\/wp\/v2\/pages"}],"about":[{"href":"https:\/\/howto.ping.fm\/fi\/wp-json\/wp\/v2\/types\/page"}],"replies":[{"embeddable":true,"href":"https:\/\/howto.ping.fm\/fi\/wp-json\/wp\/v2\/comments?post=23479"}],"version-history":[{"count":0,"href":"https:\/\/howto.ping.fm\/fi\/wp-json\/wp\/v2\/pages\/23479\/revisions"}],"wp:featuredmedia":[{"embeddable":true,"href":"https:\/\/howto.ping.fm\/fi\/wp-json\/wp\/v2\/media\/23480"}],"wp:attachment":[{"href":"https:\/\/howto.ping.fm\/fi\/wp-json\/wp\/v2\/media?parent=23479"}],"curies":[{"name":"wp","href":"https:\/\/api.w.org\/{rel}","templated":true}]}}