{"id":20105,"date":"2023-07-31T13:58:28","date_gmt":"2023-07-31T13:58:28","guid":{"rendered":"https:\/\/www.ping.fm\/howto\/?page_id=20105"},"modified":"2024-04-09T09:07:34","modified_gmt":"2024-04-09T09:07:34","slug":"fi","status":"publish","type":"page","link":"https:\/\/howto.ping.fm\/fi\/","title":{"rendered":"\/fi"},"content":{"rendered":"<section class=\"banner howto\">\n<div class=\"banner--img\">\n<div class=\"banner--inner\">\n<h1>Ohjelmistoarvostelut &#038; Teknologiaan Liittyv\u00e4t How-To-Ohjeet<\/h1>\n<p>Avaa teknologian salaisuudet kattavalla oppaallamme &#8221;Kuinka hallita teknologiatilanteita ja ohjelmistoarvosteluja&#8221;. Olet sitten teknologia-entusiasti, ammattilainen, joka haluaa parantaa taitojaan, tai aloittelija, joka on innokas ymm\u00e4rt\u00e4m\u00e4\u00e4n teknologian maailmaa, t\u00e4m\u00e4 opas on yksi pys\u00e4kki tietol\u00e4hteeksi. Syvenny yksityiskohtaisiin, vaiheittaisiin selityksiin erilaisista teknologiatilanteista, jotka vaihtelevat perusongelmien selvittelyst\u00e4 edistyneisiin j\u00e4rjestelm\u00e4konfiguraatioihin.<\/p>\n<p>Asiantuntija-arviomme ja uusimpien ohjelmistojen analyysimme auttavat sinua tekem\u00e4\u00e4n perusteltuja p\u00e4\u00e4t\u00f6ksi\u00e4, varmistaen, ett\u00e4 valitset tarpeisiisi sopivat ty\u00f6kalut.<\/p>\n<\/div>\n<\/div>\n<\/section>\n","protected":false},"excerpt":{"rendered":"<p>Ohjelmistoarvostelut &#038; Teknologiaan Liittyv\u00e4t How-To-Ohjeet Avaa teknologian salaisuudet kattavalla oppaallamme &#8221;Kuinka hallita teknologiatilanteita ja ohjelmistoarvosteluja&#8221;. Olet sitten teknologia-entusiasti, ammattilainen, joka haluaa parantaa taitojaan, tai aloittelija, joka on innokas ymm\u00e4rt\u00e4m\u00e4\u00e4n teknologian maailmaa, t\u00e4m\u00e4 opas on yksi pys\u00e4kki tietol\u00e4hteeksi. Syvenny yksityiskohtaisiin, vaiheittaisiin selityksiin erilaisista teknologiatilanteista, jotka vaihtelevat perusongelmien selvittelyst\u00e4 edistyneisiin j\u00e4rjestelm\u00e4konfiguraatioihin. Asiantuntija-arviomme ja uusimpien ohjelmistojen analyysimme auttavat [&hellip;]<\/p>\n","protected":false},"author":2,"featured_media":20109,"parent":0,"menu_order":0,"comment_status":"closed","ping_status":"closed","template":"homepage.php","meta":{"_stopmodifiedupdate":false,"_modified_date":"","_lmt_disableupdate":"yes","_lmt_disable":""},"acf":[],"yoast_head":"<!-- This site is optimized with the Yoast SEO plugin v20.9 - https:\/\/yoast.com\/wordpress\/plugins\/seo\/ -->\n<title>Uusimmat ohjelmisto- \/ sovellusarvostelut &amp; opasoppaat vuonna 2026.<\/title>\n<meta name=\"description\" content=\"Avaa teknologian salaisuudet kattavalla oppaallamme &quot;Kuinka hallita teknologiatilanteita ja ohjelmistoarvosteluja&quot;. Olet sitten teknologia-entusiasti, ammattilainen, joka haluaa parantaa taitojaan, tai aloittelija, joka on innokas ymm\u00e4rt\u00e4m\u00e4\u00e4n teknologian maailmaa, t\u00e4m\u00e4 opas on yksi pys\u00e4kki tietol\u00e4hteeksi. Syvenny yksityiskohtaisiin, vaiheittaisiin selityksiin erilaisista teknologiatilanteista, jotka vaihtelevat perusongelmien selvittelyst\u00e4 edistyneisiin j\u00e4rjestelm\u00e4konfiguraatioihin.\" \/>\n<meta name=\"robots\" content=\"index, follow, max-snippet:-1, max-image-preview:large, max-video-preview:-1\" \/>\n<link rel=\"canonical\" href=\"https:\/\/howto.ping.fm\/fi\/\" \/>\n<meta property=\"og:locale\" content=\"fi_FI\" \/>\n<meta property=\"og:type\" content=\"article\" \/>\n<meta property=\"og:title\" content=\"Uusimmat ohjelmisto- \/ sovellusarvostelut &amp; opasoppaat vuonna 2026.\" \/>\n<meta property=\"og:description\" content=\"Avaa teknologian salaisuudet kattavalla oppaallamme &quot;Kuinka hallita teknologiatilanteita ja ohjelmistoarvosteluja&quot;. Olet sitten teknologia-entusiasti, ammattilainen, joka haluaa parantaa taitojaan, tai aloittelija, joka on innokas ymm\u00e4rt\u00e4m\u00e4\u00e4n teknologian maailmaa, t\u00e4m\u00e4 opas on yksi pys\u00e4kki tietol\u00e4hteeksi. Syvenny yksityiskohtaisiin, vaiheittaisiin selityksiin erilaisista teknologiatilanteista, jotka vaihtelevat perusongelmien selvittelyst\u00e4 edistyneisiin j\u00e4rjestelm\u00e4konfiguraatioihin.\" \/>\n<meta property=\"og:url\" content=\"https:\/\/howto.ping.fm\/fi\/\" \/>\n<meta property=\"og:site_name\" content=\"How To &amp; Best Software\" \/>\n<meta property=\"article:modified_time\" content=\"2024-04-09T09:07:34+00:00\" \/>\n<meta property=\"og:image\" content=\"https:\/\/www.ping.fm\/howto\/wp-content\/uploads\/2024\/01\/DALL\u00b7E_2024_01_05_09_54_29_A_simple_3D_character_holding_a_tech.png\" \/>\n\t<meta property=\"og:image:width\" content=\"1024\" \/>\n\t<meta property=\"og:image:height\" content=\"1024\" \/>\n\t<meta property=\"og:image:type\" content=\"image\/png\" \/>\n<meta name=\"twitter:card\" content=\"summary_large_image\" \/>\n<script type=\"application\/ld+json\" class=\"yoast-schema-graph\">{\"@context\":\"https:\/\/schema.org\",\"@graph\":[{\"@type\":\"WebPage\",\"@id\":\"https:\/\/howto.ping.fm\/fi\/\",\"url\":\"https:\/\/howto.ping.fm\/fi\/\",\"name\":\"Uusimmat ohjelmisto- \/ sovellusarvostelut & opasoppaat vuonna 2026.\",\"isPartOf\":{\"@id\":\"https:\/\/howto.ping.fm\/fi\/#website\"},\"datePublished\":\"2023-07-31T13:58:28+00:00\",\"dateModified\":\"2024-04-09T09:07:34+00:00\",\"description\":\"Avaa teknologian salaisuudet kattavalla oppaallamme \\\"Kuinka hallita teknologiatilanteita ja ohjelmistoarvosteluja\\\". Olet sitten teknologia-entusiasti, ammattilainen, joka haluaa parantaa taitojaan, tai aloittelija, joka on innokas ymm\u00e4rt\u00e4m\u00e4\u00e4n teknologian maailmaa, t\u00e4m\u00e4 opas on yksi pys\u00e4kki tietol\u00e4hteeksi. Syvenny yksityiskohtaisiin, vaiheittaisiin selityksiin erilaisista teknologiatilanteista, jotka vaihtelevat perusongelmien selvittelyst\u00e4 edistyneisiin j\u00e4rjestelm\u00e4konfiguraatioihin.\",\"breadcrumb\":{\"@id\":\"https:\/\/howto.ping.fm\/fi\/#breadcrumb\"},\"inLanguage\":\"fi\",\"potentialAction\":[{\"@type\":\"ReadAction\",\"target\":[\"https:\/\/howto.ping.fm\/fi\/\"]}]},{\"@type\":\"BreadcrumbList\",\"@id\":\"https:\/\/howto.ping.fm\/fi\/#breadcrumb\",\"itemListElement\":[{\"@type\":\"ListItem\",\"position\":1,\"name\":\"Home\",\"item\":\"https:\/\/www.ping.fm\/howto\/fi\/\"},{\"@type\":\"ListItem\",\"position\":2,\"name\":\"\/fi\"}]},{\"@type\":\"WebSite\",\"@id\":\"https:\/\/howto.ping.fm\/fi\/#website\",\"url\":\"https:\/\/howto.ping.fm\/fi\/\",\"name\":\"How To &amp; Best Software\",\"description\":\"\",\"potentialAction\":[{\"@type\":\"SearchAction\",\"target\":{\"@type\":\"EntryPoint\",\"urlTemplate\":\"https:\/\/howto.ping.fm\/fi\/?s={search_term_string}\"},\"query-input\":\"required name=search_term_string\"}],\"inLanguage\":\"fi\"}]}<\/script>\n<!-- \/ Yoast SEO plugin. -->","yoast_head_json":{"title":"Uusimmat ohjelmisto- \/ sovellusarvostelut & opasoppaat vuonna 2026.","description":"Avaa teknologian salaisuudet kattavalla oppaallamme \"Kuinka hallita teknologiatilanteita ja ohjelmistoarvosteluja\". Olet sitten teknologia-entusiasti, ammattilainen, joka haluaa parantaa taitojaan, tai aloittelija, joka on innokas ymm\u00e4rt\u00e4m\u00e4\u00e4n teknologian maailmaa, t\u00e4m\u00e4 opas on yksi pys\u00e4kki tietol\u00e4hteeksi. Syvenny yksityiskohtaisiin, vaiheittaisiin selityksiin erilaisista teknologiatilanteista, jotka vaihtelevat perusongelmien selvittelyst\u00e4 edistyneisiin j\u00e4rjestelm\u00e4konfiguraatioihin.","robots":{"index":"index","follow":"follow","max-snippet":"max-snippet:-1","max-image-preview":"max-image-preview:large","max-video-preview":"max-video-preview:-1"},"canonical":"https:\/\/howto.ping.fm\/fi\/","og_locale":"fi_FI","og_type":"article","og_title":"Uusimmat ohjelmisto- \/ sovellusarvostelut & opasoppaat vuonna 2026.","og_description":"Avaa teknologian salaisuudet kattavalla oppaallamme \"Kuinka hallita teknologiatilanteita ja ohjelmistoarvosteluja\". Olet sitten teknologia-entusiasti, ammattilainen, joka haluaa parantaa taitojaan, tai aloittelija, joka on innokas ymm\u00e4rt\u00e4m\u00e4\u00e4n teknologian maailmaa, t\u00e4m\u00e4 opas on yksi pys\u00e4kki tietol\u00e4hteeksi. Syvenny yksityiskohtaisiin, vaiheittaisiin selityksiin erilaisista teknologiatilanteista, jotka vaihtelevat perusongelmien selvittelyst\u00e4 edistyneisiin j\u00e4rjestelm\u00e4konfiguraatioihin.","og_url":"https:\/\/howto.ping.fm\/fi\/","og_site_name":"How To &amp; Best Software","article_modified_time":"2024-04-09T09:07:34+00:00","og_image":[{"width":1024,"height":1024,"url":"https:\/\/www.ping.fm\/howto\/wp-content\/uploads\/2024\/01\/DALL\u00b7E_2024_01_05_09_54_29_A_simple_3D_character_holding_a_tech.png","type":"image\/png"}],"twitter_card":"summary_large_image","schema":{"@context":"https:\/\/schema.org","@graph":[{"@type":"WebPage","@id":"https:\/\/howto.ping.fm\/fi\/","url":"https:\/\/howto.ping.fm\/fi\/","name":"Uusimmat ohjelmisto- \/ sovellusarvostelut & opasoppaat vuonna 2026.","isPartOf":{"@id":"https:\/\/howto.ping.fm\/fi\/#website"},"datePublished":"2023-07-31T13:58:28+00:00","dateModified":"2024-04-09T09:07:34+00:00","description":"Avaa teknologian salaisuudet kattavalla oppaallamme \"Kuinka hallita teknologiatilanteita ja ohjelmistoarvosteluja\". Olet sitten teknologia-entusiasti, ammattilainen, joka haluaa parantaa taitojaan, tai aloittelija, joka on innokas ymm\u00e4rt\u00e4m\u00e4\u00e4n teknologian maailmaa, t\u00e4m\u00e4 opas on yksi pys\u00e4kki tietol\u00e4hteeksi. Syvenny yksityiskohtaisiin, vaiheittaisiin selityksiin erilaisista teknologiatilanteista, jotka vaihtelevat perusongelmien selvittelyst\u00e4 edistyneisiin j\u00e4rjestelm\u00e4konfiguraatioihin.","breadcrumb":{"@id":"https:\/\/howto.ping.fm\/fi\/#breadcrumb"},"inLanguage":"fi","potentialAction":[{"@type":"ReadAction","target":["https:\/\/howto.ping.fm\/fi\/"]}]},{"@type":"BreadcrumbList","@id":"https:\/\/howto.ping.fm\/fi\/#breadcrumb","itemListElement":[{"@type":"ListItem","position":1,"name":"Home","item":"https:\/\/www.ping.fm\/howto\/fi\/"},{"@type":"ListItem","position":2,"name":"\/fi"}]},{"@type":"WebSite","@id":"https:\/\/howto.ping.fm\/fi\/#website","url":"https:\/\/howto.ping.fm\/fi\/","name":"How To &amp; Best Software","description":"","potentialAction":[{"@type":"SearchAction","target":{"@type":"EntryPoint","urlTemplate":"https:\/\/howto.ping.fm\/fi\/?s={search_term_string}"},"query-input":"required name=search_term_string"}],"inLanguage":"fi"}]}},"_links":{"self":[{"href":"https:\/\/howto.ping.fm\/fi\/wp-json\/wp\/v2\/pages\/20105"}],"collection":[{"href":"https:\/\/howto.ping.fm\/fi\/wp-json\/wp\/v2\/pages"}],"about":[{"href":"https:\/\/howto.ping.fm\/fi\/wp-json\/wp\/v2\/types\/page"}],"author":[{"embeddable":true,"href":"https:\/\/howto.ping.fm\/fi\/wp-json\/wp\/v2\/users\/2"}],"replies":[{"embeddable":true,"href":"https:\/\/howto.ping.fm\/fi\/wp-json\/wp\/v2\/comments?post=20105"}],"version-history":[{"count":1,"href":"https:\/\/howto.ping.fm\/fi\/wp-json\/wp\/v2\/pages\/20105\/revisions"}],"predecessor-version":[{"id":20110,"href":"https:\/\/howto.ping.fm\/fi\/wp-json\/wp\/v2\/pages\/20105\/revisions\/20110"}],"wp:featuredmedia":[{"embeddable":true,"href":"https:\/\/howto.ping.fm\/fi\/wp-json\/wp\/v2\/media\/20109"}],"wp:attachment":[{"href":"https:\/\/howto.ping.fm\/fi\/wp-json\/wp\/v2\/media?parent=20105"}],"curies":[{"name":"wp","href":"https:\/\/api.w.org\/{rel}","templated":true}]}}