{"id":18011,"date":"2024-02-04T09:40:58","date_gmt":"2024-02-04T09:40:58","guid":{"rendered":"https:\/\/www.ping.fm\/howto\/microsoft-azure-for-small-business\/"},"modified":"2024-03-04T10:12:44","modified_gmt":"2024-03-04T10:12:44","slug":"microsoft-azure-for-small-business","status":"publish","type":"page","link":"https:\/\/howto.ping.fm\/es\/microsoft-azure-for-small-business\/","title":{"rendered":"Microsoft Azure para peque\u00f1as empresas: Los 5 beneficios clave"},"content":{"rendered":"<section>\n<h1>Microsoft Azure para Peque\u00f1as Empresas: Los 5 Principales Beneficios<\/h1>\n<div class=\"inbrief\">\n<div>             <img src=\"https:\/\/www.ping.fm\/howto\/wp-content\/uploads\/ai\/Microsoft-Azure-for-Small-Business-Top-5-Benefits-Spanish.jpg\" alt=\"Microsoft Azure para Peque\u00f1as Empresas: Los 5 Principales Beneficios\" title=\"Microsoft Azure para Peque\u00f1as Empresas: Los 5 Principales Beneficios\" width=\"1280\" height=\"720\">             <\/p>\n<p>Explorar soluciones digitales para peque\u00f1as empresas a menudo conduce a los servicios en la nube, y una fuerza dominante en ese \u00e1mbito es <a href='https:\/\/azure.microsoft.com\/' rel=\"nofollow noopener\" target='_blank'>Microsoft Azure<\/a>. Con una multitud de ofertas dise\u00f1adas para satisfacer necesidades diversas, Azure se posiciona como una opci\u00f3n vers\u00e1til para las compa\u00f1\u00edas que buscan escalar, asegurar y optimizar sus operaciones.<\/p>\n<\/div>\n<\/div>\n<\/section>\n<section>\n<div class=\"medal\">\n<div>&#129351;<\/div>\n<\/div>\n<h2><a href='https:\/\/azure.microsoft.com\/en-us\/services\/security-center\/' rel=\"nofollow noopener\" target='_blank'>Centro de Seguridad de Azure<\/a><\/h2>\n<p>El Centro de Seguridad de Microsoft Azure es un sistema de <b>gesti\u00f3n de seguridad unificada<\/b> que fortalece la postura de seguridad de tus centros de datos y ofrece protecci\u00f3n avanzada contra amenazas para tus cargas de trabajo h\u00edbridas en la nube &#8211; ya est\u00e9n en Azure o no &#8211; as\u00ed como en las instalaciones locales.<\/p>\n<p><a href='https:\/\/azure.microsoft.com\/en-us\/services\/security-center\/' rel=\"nofollow noopener\" target='_blank' class='ofWSite'>Sitio Oficial<\/a><\/p>\n<h3 class='prosTitle'>Pros<\/h3>\n<ul class='listpc pros'>\n<li>Capacidades avanzadas de detecci\u00f3n y respuesta a amenazas<\/li>\n<li>Evaluaci\u00f3n de seguridad continua y recomendaciones<\/li>\n<\/ul>\n<h3 class='consTitle'>Contras<\/h3>\n<ul class='listpc cons'>\n<li>Puede ser complejo de configurar para principiantes<\/li>\n<li>Puede resultar costoso para cargas de trabajo peque\u00f1as<\/li>\n<\/ul>\n<\/section>\n<section>\n<div class=\"medal\">\n<div>&#129352;<\/div>\n<\/div>\n<h2><a href='https:\/\/azure.microsoft.com\/en-us\/services\/storage\/' rel=\"nofollow noopener\" target='_blank'>Almacenamiento de Azure<\/a><\/h2>\n<p>Para peque\u00f1as empresas que buscan soluciones de almacenamiento seguras y escalables, <b>Almacenamiento de Azure<\/b> ofrece una gama de servicios de almacenamiento en la nube incluyendo blobs, archivos, colas y tablas, que est\u00e1n dise\u00f1ados para proporcionar alta disponibilidad y durabilidad para tus datos.<\/p>\n<p><a href='https:\/\/azure.microsoft.com\/en-us\/services\/storage\/' rel=\"nofollow noopener\" target='_blank' class='ofWSite'>Sitio Oficial<\/a><\/p>\n<h3 class='prosTitle'>Pros<\/h3>\n<ul class='listpc pros'>\n<li>Opciones de almacenamiento escalables y duraderas<\/li>\n<li>Modelo de precios de pago por uso<\/li>\n<\/ul>\n<h3 class='consTitle'>Contras<\/h3>\n<ul class='listpc cons'>\n<li>Puede requerir tarifas adicionales de transferencia de datos<\/li>\n<li>Curva de aprendizaje para un uso \u00f3ptimo<\/li>\n<\/ul>\n<\/section>\n<section>\n<div class=\"medal\">\n<div>&#129353;<\/div>\n<\/div>\n<h2><a href='https:\/\/azure.microsoft.com\/en-us\/support\/plans\/' rel=\"nofollow noopener\" target='_blank'>Planes de Soporte de Azure<\/a><\/h2>\n<p>Los <b>planes de soporte<\/b> de Azure van desde ofertas b\u00e1sicas para peque\u00f1as empresas hasta opciones m\u00e1s completas para empresas. Estos planes aseguran que los negocios tengan acceso a la ayuda que necesitan al enfrentar diversos desaf\u00edos relacionados con la nube.<\/p>\n<p><a href='https:\/\/azure.microsoft.com\/en-us\/support\/plans\/' rel=\"nofollow noopener\" target='_blank' class='ofWSite'>Sitio Oficial<\/a><\/p>\n<h3 class='prosTitle'>Pros<\/h3>\n<ul class='listpc pros'>\n<li>Varios planes adaptados a diferentes necesidades<\/li>\n<li>Acceso a experiencia y resoluci\u00f3n de problemas<\/li>\n<\/ul>\n<h3 class='consTitle'>Contras<\/h3>\n<ul class='listpc cons'>\n<li>Los planes de nivel superior pueden ser costosos para peque\u00f1as empresas<\/li>\n<li>El plan b\u00e1sico puede no cubrir todos los escenarios<\/li>\n<\/ul>\n<\/section>\n<section>\n<div class=\"no-medal\">\n<div>4<\/div>\n<\/div>\n<h2><a href='https:\/\/azure.microsoft.com\/en-us\/services\/monitor\/' rel=\"nofollow noopener\" target='_blank'>Azure Monitor<\/a><\/h2>\n<p>Para mantener la fiabilidad y el rendimiento, <b>Azure Monitor<\/b> ayuda a las peque\u00f1as empresas a recopilar, analizar y actuar sobre los datos de telemetr\u00eda de sus entornos en la nube y locales. Esto permite a las empresas maximizar el rendimiento y la disponibilidad de sus aplicaciones.<\/p>\n<p><a href='https:\/\/azure.microsoft.com\/en-us\/services\/monitor\/' rel=\"nofollow noopener\" target='_blank' class='ofWSite'>Sitio Web Oficial<\/a><\/p>\n<h3 class='prosTitle'>Pros<\/h3>\n<ul class='listpc pros'>\n<li>Proporciona informaci\u00f3n detallada sobre aplicaciones e infraestructura<\/li>\n<li>Ayuda en la detecci\u00f3n proactiva de problemas y la resoluci\u00f3n de los mismos<\/li>\n<\/ul>\n<h3 class='consTitle'>Contras<\/h3>\n<ul class='listpc cons'>\n<li>Complejidad en la configuraci\u00f3n y personalizaci\u00f3n de alertas<\/li>\n<li>La ingesta y el almacenamiento de datos pueden resultar costosos<\/li>\n<\/ul>\n<\/section>\n<section>\n<div class=\"no-medal\">\n<div>5<\/div>\n<\/div>\n<h2><a href='https:\/\/azure.microsoft.com\/en-us\/services\/cost-management\/' rel=\"nofollow noopener\" target='_blank'>Azure Cost Management<\/a><\/h2>\n<p>Con <b>Azure Cost Management<\/b>, las peque\u00f1as empresas obtienen visibilidad de sus gastos en la nube y pueden tomar decisiones informadas para optimizar sus gastos en la nube. Esta herramienta ayuda a realizar un seguimiento del uso de recursos y a gestionar los costos de manera efectiva.<\/p>\n<p><a href='https:\/\/azure.microsoft.com\/en-us\/services\/cost-management\/' rel=\"nofollow noopener\" target='_blank' class='ofWSite'>Sitio Web Oficial<\/a><\/p>\n<h3 class='prosTitle'>Pros<\/h3>\n<ul class='listpc pros'>\n<li>Herramientas de visibilidad financiera y presupuestaci\u00f3n<\/li>\n<li>Ayuda a optimizar el gasto en la nube<\/li>\n<\/ul>\n<h3 class='consTitle'>Contras<\/h3>\n<ul class='listpc cons'>\n<li>Puede requerir una curva de aprendizaje para comprenderlo a fondo<\/li>\n<li>Limitado a los recursos de Azure y asociados<\/li>\n<\/ul>\n<\/section>\n<section>\n<h2>Conclusi\u00f3n:<\/h2>\n<div class=\"nonp\">\n<p>Conforme las empresas se orientan cada vez m\u00e1s hacia los servicios en la nube, comprender el panorama de los <b>proveedores de nube<\/b> es esencial. Plataformas aparte de Azure, como <a href='https:\/\/aws.amazon.com\/' rel=\"nofollow noopener\" target='_blank'>Amazon Web Services (AWS)<\/a> y <a href='https:\/\/cloud.google.com\/' rel=\"nofollow noopener\" target='_blank'>Google Cloud Platform (GCP)<\/a>, tambi\u00e9n ofrecen una variedad de soluciones con sus propios conjuntos de caracter\u00edsticas y estructuras de precios. Buscar asesoramiento de empresas consultoras de nube puede ayudar a navegar estas opciones. Adem\u00e1s, participar en comunidades y foros de nube, como <a href='https:\/\/serverfault.com\/' rel=\"nofollow noopener\" target='_blank'>Server Fault<\/a> y <a href='https:\/\/www.stackoverflow.com\/' rel=\"nofollow noopener\" target='_blank'>Stack Overflow<\/a>, es una manera comprobada de recabar asesoramiento e informaci\u00f3n en tiempo real de profesionales colegas.<\/p>\n<\/div>\n<\/section>\n","protected":false},"excerpt":{"rendered":"<p>Microsoft Azure para Peque\u00f1as Empresas: Los 5 Principales Beneficios Explorar soluciones digitales para peque\u00f1as empresas a menudo conduce a los servicios en la nube, y una fuerza dominante en ese \u00e1mbito es Microsoft Azure. Con una multitud de ofertas dise\u00f1adas para satisfacer necesidades diversas, Azure se posiciona como una opci\u00f3n vers\u00e1til para las compa\u00f1\u00edas que [&hellip;]<\/p>\n","protected":false},"author":0,"featured_media":18012,"parent":0,"menu_order":0,"comment_status":"closed","ping_status":"closed","template":"chromecast.php","meta":{"_stopmodifiedupdate":false,"_modified_date":"","_lmt_disableupdate":"yes","_lmt_disable":""},"acf":[],"yoast_head":"<!-- This site is optimized with the Yoast SEO plugin v20.9 - https:\/\/yoast.com\/wordpress\/plugins\/seo\/ -->\n<title>Microsoft Azure para peque\u00f1as empresas: Los 5 beneficios m\u00e1s importantes<\/title>\n<meta name=\"robots\" content=\"index, follow, max-snippet:-1, max-image-preview:large, max-video-preview:-1\" \/>\n<link rel=\"canonical\" href=\"https:\/\/howto.ping.fm\/es\/microsoft-azure-for-small-business\/\" \/>\n<meta property=\"og:locale\" content=\"es_ES\" \/>\n<meta property=\"og:type\" content=\"article\" \/>\n<meta property=\"og:title\" content=\"Microsoft Azure para peque\u00f1as empresas: Los 5 beneficios m\u00e1s importantes\" \/>\n<meta property=\"og:description\" content=\"Microsoft Azure para Peque\u00f1as Empresas: Los 5 Principales Beneficios Explorar soluciones digitales para peque\u00f1as empresas a menudo conduce a los servicios en la nube, y una fuerza dominante en ese \u00e1mbito es Microsoft Azure. Con una multitud de ofertas dise\u00f1adas para satisfacer necesidades diversas, Azure se posiciona como una opci\u00f3n vers\u00e1til para las compa\u00f1\u00edas que [&hellip;]\" \/>\n<meta property=\"og:url\" content=\"https:\/\/howto.ping.fm\/es\/microsoft-azure-for-small-business\/\" \/>\n<meta property=\"og:site_name\" content=\"C\u00f3mo y Mejor Software\" \/>\n<meta property=\"article:modified_time\" content=\"2024-03-04T10:12:44+00:00\" \/>\n<meta property=\"og:image\" content=\"https:\/\/www.ping.fm\/howto\/wp-content\/uploads\/2024\/03\/Microsoft-Azure-for-Small-Business-Top-5-Benefits-Spanish.jpg\" \/>\n\t<meta property=\"og:image:width\" content=\"1280\" \/>\n\t<meta property=\"og:image:height\" content=\"731\" \/>\n\t<meta property=\"og:image:type\" content=\"image\/jpeg\" \/>\n<meta name=\"twitter:card\" content=\"summary_large_image\" \/>\n<meta name=\"twitter:label1\" content=\"Est. reading time\" \/>\n\t<meta name=\"twitter:data1\" content=\"3 minutos\" \/>\n<script type=\"application\/ld+json\" class=\"yoast-schema-graph\">{\"@context\":\"https:\/\/schema.org\",\"@graph\":[{\"@type\":\"WebPage\",\"@id\":\"https:\/\/howto.ping.fm\/es\/microsoft-azure-for-small-business\/\",\"url\":\"https:\/\/howto.ping.fm\/es\/microsoft-azure-for-small-business\/\",\"name\":\"Microsoft Azure para peque\u00f1as empresas: Los 5 beneficios m\u00e1s importantes\",\"isPartOf\":{\"@id\":\"https:\/\/howto.ping.fm\/es\/#website\"},\"datePublished\":\"2024-02-04T09:40:58+00:00\",\"dateModified\":\"2024-03-04T10:12:44+00:00\",\"breadcrumb\":{\"@id\":\"https:\/\/howto.ping.fm\/es\/microsoft-azure-for-small-business\/#breadcrumb\"},\"inLanguage\":\"es\",\"potentialAction\":[{\"@type\":\"ReadAction\",\"target\":[\"https:\/\/howto.ping.fm\/es\/microsoft-azure-for-small-business\/\"]}]},{\"@type\":\"BreadcrumbList\",\"@id\":\"https:\/\/howto.ping.fm\/es\/microsoft-azure-for-small-business\/#breadcrumb\",\"itemListElement\":[{\"@type\":\"ListItem\",\"position\":1,\"name\":\"Home\",\"item\":\"https:\/\/www.ping.fm\/howto\/es\/\"},{\"@type\":\"ListItem\",\"position\":2,\"name\":\"Microsoft Azure para peque\u00f1as empresas: Los 5 beneficios clave\"}]},{\"@type\":\"WebSite\",\"@id\":\"https:\/\/howto.ping.fm\/es\/#website\",\"url\":\"https:\/\/howto.ping.fm\/es\/\",\"name\":\"C\u00f3mo y Mejor Software\",\"description\":\"\",\"potentialAction\":[{\"@type\":\"SearchAction\",\"target\":{\"@type\":\"EntryPoint\",\"urlTemplate\":\"https:\/\/howto.ping.fm\/es\/?s={search_term_string}\"},\"query-input\":\"required name=search_term_string\"}],\"inLanguage\":\"es\"}]}<\/script>\n<!-- \/ Yoast SEO plugin. -->","yoast_head_json":{"title":"Microsoft Azure para peque\u00f1as empresas: Los 5 beneficios m\u00e1s importantes","robots":{"index":"index","follow":"follow","max-snippet":"max-snippet:-1","max-image-preview":"max-image-preview:large","max-video-preview":"max-video-preview:-1"},"canonical":"https:\/\/howto.ping.fm\/es\/microsoft-azure-for-small-business\/","og_locale":"es_ES","og_type":"article","og_title":"Microsoft Azure para peque\u00f1as empresas: Los 5 beneficios m\u00e1s importantes","og_description":"Microsoft Azure para Peque\u00f1as Empresas: Los 5 Principales Beneficios Explorar soluciones digitales para peque\u00f1as empresas a menudo conduce a los servicios en la nube, y una fuerza dominante en ese \u00e1mbito es Microsoft Azure. Con una multitud de ofertas dise\u00f1adas para satisfacer necesidades diversas, Azure se posiciona como una opci\u00f3n vers\u00e1til para las compa\u00f1\u00edas que [&hellip;]","og_url":"https:\/\/howto.ping.fm\/es\/microsoft-azure-for-small-business\/","og_site_name":"C\u00f3mo y Mejor Software","article_modified_time":"2024-03-04T10:12:44+00:00","og_image":[{"width":1280,"height":731,"url":"https:\/\/www.ping.fm\/howto\/wp-content\/uploads\/2024\/03\/Microsoft-Azure-for-Small-Business-Top-5-Benefits-Spanish.jpg","type":"image\/jpeg"}],"twitter_card":"summary_large_image","twitter_misc":{"Est. reading time":"3 minutos"},"schema":{"@context":"https:\/\/schema.org","@graph":[{"@type":"WebPage","@id":"https:\/\/howto.ping.fm\/es\/microsoft-azure-for-small-business\/","url":"https:\/\/howto.ping.fm\/es\/microsoft-azure-for-small-business\/","name":"Microsoft Azure para peque\u00f1as empresas: Los 5 beneficios m\u00e1s importantes","isPartOf":{"@id":"https:\/\/howto.ping.fm\/es\/#website"},"datePublished":"2024-02-04T09:40:58+00:00","dateModified":"2024-03-04T10:12:44+00:00","breadcrumb":{"@id":"https:\/\/howto.ping.fm\/es\/microsoft-azure-for-small-business\/#breadcrumb"},"inLanguage":"es","potentialAction":[{"@type":"ReadAction","target":["https:\/\/howto.ping.fm\/es\/microsoft-azure-for-small-business\/"]}]},{"@type":"BreadcrumbList","@id":"https:\/\/howto.ping.fm\/es\/microsoft-azure-for-small-business\/#breadcrumb","itemListElement":[{"@type":"ListItem","position":1,"name":"Home","item":"https:\/\/www.ping.fm\/howto\/es\/"},{"@type":"ListItem","position":2,"name":"Microsoft Azure para peque\u00f1as empresas: Los 5 beneficios clave"}]},{"@type":"WebSite","@id":"https:\/\/howto.ping.fm\/es\/#website","url":"https:\/\/howto.ping.fm\/es\/","name":"C\u00f3mo y Mejor Software","description":"","potentialAction":[{"@type":"SearchAction","target":{"@type":"EntryPoint","urlTemplate":"https:\/\/howto.ping.fm\/es\/?s={search_term_string}"},"query-input":"required name=search_term_string"}],"inLanguage":"es"}]}},"_links":{"self":[{"href":"https:\/\/howto.ping.fm\/es\/wp-json\/wp\/v2\/pages\/18011"}],"collection":[{"href":"https:\/\/howto.ping.fm\/es\/wp-json\/wp\/v2\/pages"}],"about":[{"href":"https:\/\/howto.ping.fm\/es\/wp-json\/wp\/v2\/types\/page"}],"replies":[{"embeddable":true,"href":"https:\/\/howto.ping.fm\/es\/wp-json\/wp\/v2\/comments?post=18011"}],"version-history":[{"count":0,"href":"https:\/\/howto.ping.fm\/es\/wp-json\/wp\/v2\/pages\/18011\/revisions"}],"wp:featuredmedia":[{"embeddable":true,"href":"https:\/\/howto.ping.fm\/es\/wp-json\/wp\/v2\/media\/18012"}],"wp:attachment":[{"href":"https:\/\/howto.ping.fm\/es\/wp-json\/wp\/v2\/media?parent=18011"}],"curies":[{"name":"wp","href":"https:\/\/api.w.org\/{rel}","templated":true}]}}