{"id":17855,"date":"2024-01-22T15:38:05","date_gmt":"2024-01-22T15:38:05","guid":{"rendered":"https:\/\/www.ping.fm\/howto\/hipaa-compliant-video-platforms\/"},"modified":"2024-03-04T09:47:18","modified_gmt":"2024-03-04T09:47:18","slug":"hipaa-compliant-video-platforms","status":"publish","type":"page","link":"https:\/\/howto.ping.fm\/es\/hipaa-compliant-video-platforms\/","title":{"rendered":"Mejores plataformas de video compatibles con HIPAA"},"content":{"rendered":"<section>\n<h1>Mejores Plataformas de Video Conformes con HIPAA<\/h1>\n<div class=\"inbrief\">\n<div>&#13;             <img decoding=\"async\" decoding=\"async\" class=\"lazyload\"  srcset=\"data:image\/png;base64,iVBORw0KGgoAAAANSUhEUgAABLAAAAKkAQMAAAAqeFQ7AAAAA3NCSVQICAjb4U\/gAAAABlBMVEX\/\/\/\/\/\/\/9VfPVsAAAAAnRSTlMA\/1uRIrUAAAAJcEhZcwAACxIAAAsSAdLdfvwAAAAcdEVYdFNvZnR3YXUuAEFkb2JlIEZpcmV3b3JrcyBDUzbovLKMAAAAFnRFWHRDcmVhdGlvbiBUaW1lADAxLzI5LzE536V52wAAAHpJREFUeJztwQENAAAAwqD3T20ON6AAAAAAAAAAAAAAAAAAAAAAAAAAAAAAAAAAAAAAAAAAAAAAAAAAAAAAAAAAAAAAAAAAAAAAAAAAAAAAAAAAAAAAAAAAAAAAAAAAAAAAAAAAAAAAAAAAAAAAAAAAAAAAAAAAAIAHA47LAAHp9LjEAAAAAElFTkSuQmCC\" src=\"https:\/\/www.ping.fm\/howto\/wp-content\/uploads\/ai\/Best-HIPAA-Compliant-Video-Platforms-Spanish.jpg\" data-srcset=\"https:\/\/www.ping.fm\/howto\/wp-content\/uploads\/ai\/Best-HIPAA-Compliant-Video-Platforms-Spanish.jpg\" data-lazy-type=\"image\" data-original=\"https:\/\/www.ping.fm\/howto\/wp-content\/uploads\/ai\/Best-HIPAA-Compliant-Video-Platforms-Spanish.jpg\" alt=\"Mejores Plataformas de Video Conformes con HIPAA\" title=\"Mejores Plataformas de Video Conformes con HIPAA\" width=\"1280\" height=\"720\">&#13;             <\/p>\n<p>Como profesional de la salud, he confiado en la videoconferencia para consultas, reuniones de equipo y sesiones de telemedicina, especialmente en medio de la pandemia. Implementar herramientas que cumplan con la Ley de Portabilidad y Responsabilidad de Seguros de Salud (HIPAA) ha sido mi m\u00e1xima prioridad para asegurar la confidencialidad del paciente e intercambio seguro de datos. En este art\u00edculo, compartir\u00e9 mis conocimientos sobre 5 <b>mejores soluciones de videoconferencia conformes con HIPAA<\/b> con las que he tenido experiencia, incluyendo sus fortalezas y debilidades. Adicionalmente, mencionar\u00e9 brevemente la importancia de utilizar <b>firma electr\u00f3nica HIPAA<\/b>.<\/p>\n<\/div>\n<\/div>\n<\/section>\n<p>&#13;             <\/p>\n<section>\n<div class=\"medal\">\n<div>&#129351;<\/div>\n<\/div>\n<h2><a href=\"https:\/\/www.zoom.us\/healthcare\" rel=\"nofollow external noopener noreferrer\" target=\"_blank\" data-wpel-link=\"external\">Zoom para el Cuidado de la Salud<\/a><\/h2>\n<p>Zoom para el Cuidado de la Salud es una opci\u00f3n popular dentro de la comunidad m\u00e9dica gracias a su interfaz intuitiva y sus s\u00f3lidas medidas de seguridad. Esta plataforma ha sido un activo confiable para citas de telemedicina y reuniones interdepartamentales, asegurando el cumplimiento con los est\u00e1ndares de <b>HIPAA<\/b>.<\/p>\n<p><a href=\"https:\/\/www.zoom.us\/healthcare\" rel=\"nofollow external noopener noreferrer\" target=\"_blank\" class=\"ofWSite\" data-wpel-link=\"external\">Sitio Web Oficial<\/a><\/p>\n<h3 class='prosTitle'>Ventajas<\/h3>\n<ul class='listpc pros'>\n<li>La interfaz amigable mejora la experiencia del cuidado virtual<\/li>\n<li>Ofrece cifrado de extremo a extremo confiable para comunicaciones seguras<\/li>\n<\/ul>\n<h3 class='consTitle'>Desventajas<\/h3>\n<ul class='listpc cons'>\n<li>Costoso en comparaci\u00f3n con otras opciones conformes con HIPAA<\/li>\n<li>En casos raros, problemas de conectividad pueden interrumpir las reuniones<\/li>\n<\/ul>\n<\/section>\n<p>&#13;             <\/p>\n<section>\n<div class=\"medal\">\n<div>&#129352;<\/div>\n<\/div>\n<h2><a href=\"https:\/\/www.vsee.com\/\" rel=\"nofollow external noopener noreferrer\" target=\"_blank\" data-wpel-link=\"external\">VSee<\/a><\/h2>\n<p>VSee ofrece una plataforma de telemedicina dise\u00f1ada espec\u00edficamente para proveedores de atenci\u00f3n m\u00e9dica. Su capacidad de integrarse con varios dispositivos m\u00e9dicos y registros electr\u00f3nicos de salud (EHR) lo hace sobresalir entre otras <b>soluciones de videoconferencia<\/b>.<\/p>\n<p><a href=\"https:\/\/www.vsee.com\/\" rel=\"nofollow external noopener noreferrer\" target=\"_blank\" class=\"ofWSite\" data-wpel-link=\"external\">Sitio Web Oficial<\/a><\/p>\n<h3 class='prosTitle'>Ventajas<\/h3>\n<ul class='listpc pros'>\n<li>Personalizable para una amplia gama de servicios de atenci\u00f3n m\u00e9dica<\/li>\n<li>Incluye una opci\u00f3n para salas de espera virtuales<\/li>\n<\/ul>\n<h3 class='consTitle'>Desventajas<\/h3>\n<ul class='listpc cons'>\n<li>Puede requerir un periodo de aprendizaje para nuevos usuarios<\/li>\n<li>Herramientas de marketing limitadas en comparaci\u00f3n con la competencia<\/li>\n<\/ul>\n<\/section>\n<p>&#13;             <\/p>\n<section>\n<div class=\"medal\">\n<div>&#129353;<\/div>\n<\/div>\n<h2><a href=\"https:\/\/www.gotomeeting.com\/en-ae\/solutions\/telehealth\" rel=\"nofollow external noopener noreferrer\" target=\"_blank\" data-wpel-link=\"external\">GoToMeeting<\/a><\/h2>\n<p>GoToMeeting ha sido un elemento b\u00e1sico para muchas organizaciones de atenci\u00f3n m\u00e9dica debido a su facilidad de uso y rentabilidad. Sus caracter\u00edsticas <b>conformes con HIPAA<\/b> hacen que las visitas virtuales sean sencillas mientras se mantiene la privacidad y la seguridad.<\/p>\n<p><a href=\"https:\/\/www.gotomeeting.com\/en-ae\/solutions\/telehealth\" rel=\"nofollow external noopener noreferrer\" target=\"_blank\" class=\"ofWSite\" data-wpel-link=\"external\">Sitio Web Oficial<\/a><\/p>\n<h3 class='prosTitle'>Ventajas<\/h3>\n<ul class='listpc pros'>\n<li>F\u00e1cil configuraci\u00f3n e integraci\u00f3n con flujos de trabajo diarios<\/li>\n<li>Precios competitivos para presupuestos de atenci\u00f3n m\u00e9dica<\/li>\n<\/ul>\n<h3 class='consTitle'>Desventajas<\/h3>\n<ul class='listpc cons'>\n<li>Podr\u00eda beneficiarse de m\u00e1s caracter\u00edsticas avanzadas<\/li>\n<li>La calidad del video puede variar seg\u00fan la conexi\u00f3n a internet<\/li>\n<\/ul>\n<\/section>\n<section>\n<div class=\"no-medal\">\n<div>4<\/div>\n<\/div>\n<h2><a href=\"https:\/\/www.webex.com\/solutions\/healthcare.html\" rel=\"nofollow external noopener noreferrer\" target=\"_blank\" data-wpel-link=\"external\">Cisco Webex para el Sector Sanitario<\/a><\/h2>\n<p>Cisco Webex para el Sector Sanitario cuenta con el respaldo de la reconocida infraestructura de seguridad de Cisco, lo que lo convierte en una opci\u00f3n de <b>videoconferencia<\/b> confiable para profesionales m\u00e9dicos. Apoya diversos flujos de trabajo de atenci\u00f3n m\u00e9dica garantizando al mismo tiempo que la informaci\u00f3n de salud protegida (PHI) se mantenga segura.<\/p>\n<p><a href=\"https:\/\/www.webex.com\/solutions\/healthcare.html\" rel=\"nofollow external noopener noreferrer\" target=\"_blank\" class=\"ofWSite\" data-wpel-link=\"external\">Sitio Web Oficial<\/a><\/p>\n<h3 class='prosTitle'>Ventajas<\/h3>\n<ul class='listpc pros'>\n<li>Seguridad robusta con un nombre confiable en tecnolog\u00eda<\/li>\n<li>Se integra con dispositivos m\u00e9dicos para compartir datos en tiempo real<\/li>\n<\/ul>\n<h3 class='consTitle'>Desventajas<\/h3>\n<ul class='listpc cons'>\n<li>Costo m\u00e1s elevado debido a caracter\u00edsticas de nivel empresarial<\/li>\n<li>Puede resultar demasiado complejo para pr\u00e1cticas m\u00e1s peque\u00f1as<\/li>\n<\/ul>\n<\/section>\n<section>\n<div class=\"no-medal\">\n<div>5<\/div>\n<\/div>\n<h2><a href=\"https:\/\/doxy.me\/\" rel=\"nofollow external noopener noreferrer\" target=\"_blank\" data-wpel-link=\"external\">Doxy.me<\/a><\/h2>\n<p><b>Doxy.me<\/b> es una plataforma de telemedicina conocida por su dise\u00f1o simplista y accesibilidad. Al ser una soluci\u00f3n basada en la web, elimina la necesidad de que los pacientes descarguen un software, haciendo que las visitas virtuales sean sin complicaciones y <b>conformes con HIPAA<\/b>.<\/p>\n<p><a href=\"https:\/\/doxy.me\/\" rel=\"nofollow external noopener noreferrer\" target=\"_blank\" class=\"ofWSite\" data-wpel-link=\"external\">Sitio Web Oficial<\/a><\/p>\n<h3 class='prosTitle'>Ventajas<\/h3>\n<ul class='listpc pros'>\n<li>No se requiere instalaci\u00f3n de software para los pacientes<\/li>\n<li>Versi\u00f3n gratuita disponible con funciones b\u00e1sicas<\/li>\n<\/ul>\n<h3 class='consTitle'>Desventajas<\/h3>\n<ul class='listpc cons'>\n<li>Funcionalidad limitada en la versi\u00f3n gratuita<\/li>\n<li>Las caracter\u00edsticas premium requieren de una suscripci\u00f3n<\/li>\n<\/ul>\n<\/section>\n<section>\n<h2>Conclusi\u00f3n:<\/h2>\n<div class=\"nonp\">\n<p> En resumen, este art\u00edculo presenta una visi\u00f3n integral de las principales plataformas de videoconferencia compatibles con HIPAA, cada una ofreciendo caracter\u00edsticas y beneficios \u00fanicos orientados al sector sanitario. Desde la interfaz amigable de Zoom para el Sector Sanitario hasta la accesibilidad de Doxy.me, estas plataformas satisfacen una variedad de necesidades y presupuestos, enfatizando la importancia de una comunicaci\u00f3n segura y eficiente con los pacientes. Elegir la herramienta adecuada requiere equilibrar factores como la facilidad de uso, las capacidades de integraci\u00f3n y el costo, todo ello siguiendo los est\u00e1ndares de HIPAA. La plataforma de video adecuada no solo garantiza el cumplimiento normativo, sino tambi\u00e9n mejora la calidad del cuidado y agiliza la comunicaci\u00f3n de atenci\u00f3n m\u00e9dica.<\/p>\n<p>Por \u00faltimo, quiero hablar sobre la intersecci\u00f3n entre la tecnolog\u00eda y el cumplimiento normativo, especialmente el papel de las soluciones de <a href=\"https:\/\/blog.pdfliner.com\/hipaa-electronic-signature-software-guide\" rel=\"dofollow external noopener noreferrer\" target=\"_blank\" data-wpel-link=\"external\"><b>firma electr\u00f3nica HIPAA<\/b><\/a>. Asegurar la integridad y autenticidad de los formularios de consentimiento del paciente, prescripciones y otros documentos m\u00e9dicos es tan cr\u00edtico en el espacio virtual como lo es en persona. Aqu\u00ed es donde las firmas electr\u00f3nicas se convierten en un factor clave. Permiten una documentaci\u00f3n segura, verificable y eficiente, al tiempo que ahorran tiempo y recursos tanto para el proveedor de atenci\u00f3n m\u00e9dica como para los pacientes.<\/p>\n<p>Antes de introducir una soluci\u00f3n de <b>firma electr\u00f3nica<\/b> en su pr\u00e1ctica, es esencial evaluar sus est\u00e1ndares de cumplimiento con HIPAA, asegur\u00e1ndose de que incorpora salvaguardias adecuadas para proteger la PHI. Adem\u00e1s, considere c\u00f3mo estas soluciones pueden integrarse con sus sistemas actuales para agilizar todo el proceso de atenci\u00f3n al paciente.<\/p>\n<p>En \u00faltima instancia, la integraci\u00f3n de estas tecnolog\u00edas promete no solo una mayor seguridad y cumplimiento, sino tambi\u00e9n una elevaci\u00f3n en los est\u00e1ndares de atenci\u00f3n al paciente. A medida que la atenci\u00f3n m\u00e9dica contin\u00faa evolucionando, tambi\u00e9n lo har\u00e1n las herramientas en las que confiamos, cada una de ellas impulsando el objetivo de ofrecer servicios de salud excepcionales a quienes los necesitan.<\/p>\n<\/div>\n<\/section>\n","protected":false},"excerpt":{"rendered":"<p>Mejores Plataformas de Video Conformes con HIPAA &#13; &#13; Como profesional de la salud, he confiado en la videoconferencia para consultas, reuniones de equipo y sesiones de telemedicina, especialmente en medio de la pandemia. Implementar herramientas que cumplan con la Ley de Portabilidad y Responsabilidad de Seguros de Salud (HIPAA) ha sido mi m\u00e1xima prioridad [&hellip;]<\/p>\n","protected":false},"author":2,"featured_media":19932,"parent":0,"menu_order":0,"comment_status":"closed","ping_status":"closed","template":"chromecast.php","meta":{"_stopmodifiedupdate":false,"_modified_date":"","_lmt_disableupdate":"yes","_lmt_disable":""},"acf":[],"yoast_head":"<!-- This site is optimized with the Yoast SEO plugin v20.9 - https:\/\/yoast.com\/wordpress\/plugins\/seo\/ -->\n<title>Mejores plataformas de videoconferencia compatibles con HIPAA<\/title>\n<meta name=\"robots\" content=\"index, follow, max-snippet:-1, max-image-preview:large, max-video-preview:-1\" \/>\n<link rel=\"canonical\" href=\"https:\/\/howto.ping.fm\/es\/hipaa-compliant-video-platforms\/\" \/>\n<meta property=\"og:locale\" content=\"es_ES\" \/>\n<meta property=\"og:type\" content=\"article\" \/>\n<meta property=\"og:title\" content=\"Mejores plataformas de videoconferencia compatibles con HIPAA\" \/>\n<meta property=\"og:description\" content=\"Mejores Plataformas de Video Conformes con HIPAA &#013; &#013; Como profesional de la salud, he confiado en la videoconferencia para consultas, reuniones de equipo y sesiones de telemedicina, especialmente en medio de la pandemia. Implementar herramientas que cumplan con la Ley de Portabilidad y Responsabilidad de Seguros de Salud (HIPAA) ha sido mi m\u00e1xima prioridad [&hellip;]\" \/>\n<meta property=\"og:url\" content=\"https:\/\/howto.ping.fm\/es\/hipaa-compliant-video-platforms\/\" \/>\n<meta property=\"og:site_name\" content=\"C\u00f3mo y Mejor Software\" \/>\n<meta property=\"article:modified_time\" content=\"2024-03-04T09:47:18+00:00\" \/>\n<meta property=\"og:image\" content=\"https:\/\/www.ping.fm\/howto\/wp-content\/uploads\/2024\/04\/Best-HIPAA-Compliant-Video-Platforms-Spanish.jpg\" \/>\n\t<meta property=\"og:image:width\" content=\"1280\" \/>\n\t<meta property=\"og:image:height\" content=\"731\" \/>\n\t<meta property=\"og:image:type\" content=\"image\/jpeg\" \/>\n<meta name=\"twitter:card\" content=\"summary_large_image\" \/>\n<meta name=\"twitter:label1\" content=\"Est. reading time\" \/>\n\t<meta name=\"twitter:data1\" content=\"5 minutos\" \/>\n<script type=\"application\/ld+json\" class=\"yoast-schema-graph\">{\"@context\":\"https:\/\/schema.org\",\"@graph\":[{\"@type\":\"WebPage\",\"@id\":\"https:\/\/howto.ping.fm\/es\/hipaa-compliant-video-platforms\/\",\"url\":\"https:\/\/howto.ping.fm\/es\/hipaa-compliant-video-platforms\/\",\"name\":\"Mejores plataformas de videoconferencia compatibles con HIPAA\",\"isPartOf\":{\"@id\":\"https:\/\/howto.ping.fm\/es\/#website\"},\"datePublished\":\"2024-01-22T15:38:05+00:00\",\"dateModified\":\"2024-03-04T09:47:18+00:00\",\"breadcrumb\":{\"@id\":\"https:\/\/howto.ping.fm\/es\/hipaa-compliant-video-platforms\/#breadcrumb\"},\"inLanguage\":\"es\",\"potentialAction\":[{\"@type\":\"ReadAction\",\"target\":[\"https:\/\/howto.ping.fm\/es\/hipaa-compliant-video-platforms\/\"]}]},{\"@type\":\"BreadcrumbList\",\"@id\":\"https:\/\/howto.ping.fm\/es\/hipaa-compliant-video-platforms\/#breadcrumb\",\"itemListElement\":[{\"@type\":\"ListItem\",\"position\":1,\"name\":\"Home\",\"item\":\"https:\/\/www.ping.fm\/howto\/es\/\"},{\"@type\":\"ListItem\",\"position\":2,\"name\":\"Mejores plataformas de video compatibles con HIPAA\"}]},{\"@type\":\"WebSite\",\"@id\":\"https:\/\/howto.ping.fm\/es\/#website\",\"url\":\"https:\/\/howto.ping.fm\/es\/\",\"name\":\"C\u00f3mo y Mejor Software\",\"description\":\"\",\"potentialAction\":[{\"@type\":\"SearchAction\",\"target\":{\"@type\":\"EntryPoint\",\"urlTemplate\":\"https:\/\/howto.ping.fm\/es\/?s={search_term_string}\"},\"query-input\":\"required name=search_term_string\"}],\"inLanguage\":\"es\"}]}<\/script>\n<!-- \/ Yoast SEO plugin. -->","yoast_head_json":{"title":"Mejores plataformas de videoconferencia compatibles con HIPAA","robots":{"index":"index","follow":"follow","max-snippet":"max-snippet:-1","max-image-preview":"max-image-preview:large","max-video-preview":"max-video-preview:-1"},"canonical":"https:\/\/howto.ping.fm\/es\/hipaa-compliant-video-platforms\/","og_locale":"es_ES","og_type":"article","og_title":"Mejores plataformas de videoconferencia compatibles con HIPAA","og_description":"Mejores Plataformas de Video Conformes con HIPAA &#13; &#13; Como profesional de la salud, he confiado en la videoconferencia para consultas, reuniones de equipo y sesiones de telemedicina, especialmente en medio de la pandemia. Implementar herramientas que cumplan con la Ley de Portabilidad y Responsabilidad de Seguros de Salud (HIPAA) ha sido mi m\u00e1xima prioridad [&hellip;]","og_url":"https:\/\/howto.ping.fm\/es\/hipaa-compliant-video-platforms\/","og_site_name":"C\u00f3mo y Mejor Software","article_modified_time":"2024-03-04T09:47:18+00:00","og_image":[{"width":1280,"height":731,"url":"https:\/\/www.ping.fm\/howto\/wp-content\/uploads\/2024\/04\/Best-HIPAA-Compliant-Video-Platforms-Spanish.jpg","type":"image\/jpeg"}],"twitter_card":"summary_large_image","twitter_misc":{"Est. reading time":"5 minutos"},"schema":{"@context":"https:\/\/schema.org","@graph":[{"@type":"WebPage","@id":"https:\/\/howto.ping.fm\/es\/hipaa-compliant-video-platforms\/","url":"https:\/\/howto.ping.fm\/es\/hipaa-compliant-video-platforms\/","name":"Mejores plataformas de videoconferencia compatibles con HIPAA","isPartOf":{"@id":"https:\/\/howto.ping.fm\/es\/#website"},"datePublished":"2024-01-22T15:38:05+00:00","dateModified":"2024-03-04T09:47:18+00:00","breadcrumb":{"@id":"https:\/\/howto.ping.fm\/es\/hipaa-compliant-video-platforms\/#breadcrumb"},"inLanguage":"es","potentialAction":[{"@type":"ReadAction","target":["https:\/\/howto.ping.fm\/es\/hipaa-compliant-video-platforms\/"]}]},{"@type":"BreadcrumbList","@id":"https:\/\/howto.ping.fm\/es\/hipaa-compliant-video-platforms\/#breadcrumb","itemListElement":[{"@type":"ListItem","position":1,"name":"Home","item":"https:\/\/www.ping.fm\/howto\/es\/"},{"@type":"ListItem","position":2,"name":"Mejores plataformas de video compatibles con HIPAA"}]},{"@type":"WebSite","@id":"https:\/\/howto.ping.fm\/es\/#website","url":"https:\/\/howto.ping.fm\/es\/","name":"C\u00f3mo y Mejor Software","description":"","potentialAction":[{"@type":"SearchAction","target":{"@type":"EntryPoint","urlTemplate":"https:\/\/howto.ping.fm\/es\/?s={search_term_string}"},"query-input":"required name=search_term_string"}],"inLanguage":"es"}]}},"_links":{"self":[{"href":"https:\/\/howto.ping.fm\/es\/wp-json\/wp\/v2\/pages\/17855"}],"collection":[{"href":"https:\/\/howto.ping.fm\/es\/wp-json\/wp\/v2\/pages"}],"about":[{"href":"https:\/\/howto.ping.fm\/es\/wp-json\/wp\/v2\/types\/page"}],"author":[{"embeddable":true,"href":"https:\/\/howto.ping.fm\/es\/wp-json\/wp\/v2\/users\/2"}],"replies":[{"embeddable":true,"href":"https:\/\/howto.ping.fm\/es\/wp-json\/wp\/v2\/comments?post=17855"}],"version-history":[{"count":1,"href":"https:\/\/howto.ping.fm\/es\/wp-json\/wp\/v2\/pages\/17855\/revisions"}],"predecessor-version":[{"id":19931,"href":"https:\/\/howto.ping.fm\/es\/wp-json\/wp\/v2\/pages\/17855\/revisions\/19931"}],"wp:featuredmedia":[{"embeddable":true,"href":"https:\/\/howto.ping.fm\/es\/wp-json\/wp\/v2\/media\/19932"}],"wp:attachment":[{"href":"https:\/\/howto.ping.fm\/es\/wp-json\/wp\/v2\/media?parent=17855"}],"curies":[{"name":"wp","href":"https:\/\/api.w.org\/{rel}","templated":true}]}}