{"id":11198,"date":"2023-07-31T13:58:28","date_gmt":"2023-07-31T13:58:28","guid":{"rendered":"https:\/\/www.ping.fm\/data-recovery-software\/"},"modified":"2024-01-05T17:03:38","modified_gmt":"2024-01-05T17:03:38","slug":"es","status":"publish","type":"page","link":"https:\/\/howto.ping.fm\/es\/","title":{"rendered":"\/es"},"content":{"rendered":"<section class=\"banner howto\">\n<div class=\"banner--img\">\n<div class=\"banner--inner\">\n<h1>Rese\u00f1as de Software &#038; Tutoriales Relacionados con la Tecnolog\u00eda<\/h1>\n<p>Desbloquea los secretos de la tecnolog\u00eda con nuestra gu\u00eda completa sobre &#8216;C\u00f3mo Resolver Escenarios Tecnol\u00f3gicos y Rese\u00f1as de Software&#8217;. Ya seas un entusiasta de la tecnolog\u00eda, un profesional buscando mejorar tus habilidades, o un principiante ansioso por entender el mundo de la tecnolog\u00eda, esta gu\u00eda es tu recurso todo en uno. Sum\u00e9rgete en explicaciones detalladas paso a paso de varios escenarios tecnol\u00f3gicos, que van desde la soluci\u00f3n de problemas b\u00e1sicos hasta configuraciones avanzadas de sistemas.<\/p>\n<p>Nuestras rese\u00f1as y an\u00e1lisis expertos de los \u00faltimos programas inform\u00e1ticos le ayudar\u00e1n a tomar decisiones informadas, asegurando que elija las herramientas adecuadas para sus necesidades.<\/p>\n<\/div>\n<\/div>\n<\/section>\n","protected":false},"excerpt":{"rendered":"<p>Rese\u00f1as de Software &#038; Tutoriales Relacionados con la Tecnolog\u00eda Desbloquea los secretos de la tecnolog\u00eda con nuestra gu\u00eda completa sobre &#8216;C\u00f3mo Resolver Escenarios Tecnol\u00f3gicos y Rese\u00f1as de Software&#8217;. Ya seas un entusiasta de la tecnolog\u00eda, un profesional buscando mejorar tus habilidades, o un principiante ansioso por entender el mundo de la tecnolog\u00eda, esta gu\u00eda es [&hellip;]<\/p>\n","protected":false},"author":2,"featured_media":12746,"parent":0,"menu_order":0,"comment_status":"closed","ping_status":"closed","template":"homepage.php","meta":{"_stopmodifiedupdate":false,"_modified_date":"","_lmt_disableupdate":"yes","_lmt_disable":""},"acf":[],"yoast_head":"<!-- This site is optimized with the Yoast SEO plugin v20.9 - https:\/\/yoast.com\/wordpress\/plugins\/seo\/ -->\n<title>\u00daltimas revisiones de software \/ aplicaciones y tutoriales sobre c\u00f3mo usarlos en 2026.<\/title>\n<meta name=\"description\" content=\"Descubre los secretos de la tecnolog\u00eda con nuestra gu\u00eda completa sobre &#039;C\u00f3mo afrontar Escenarios Tecnol\u00f3gicos y Rese\u00f1as de Software&#039;. Ya seas un entusiasta de la tecnolog\u00eda, un profesional buscando mejorar tus habilidades, o un principiante deseoso de entender el mundo de la tecnolog\u00eda, esta gu\u00eda es tu recurso definitivo.\" \/>\n<meta name=\"robots\" content=\"index, follow, max-snippet:-1, max-image-preview:large, max-video-preview:-1\" \/>\n<link rel=\"canonical\" href=\"https:\/\/howto.ping.fm\/es\/\" \/>\n<meta property=\"og:locale\" content=\"es_ES\" \/>\n<meta property=\"og:type\" content=\"article\" \/>\n<meta property=\"og:title\" content=\"\u00daltimas revisiones de software \/ aplicaciones y tutoriales sobre c\u00f3mo usarlos en 2026.\" \/>\n<meta property=\"og:description\" content=\"Descubre los secretos de la tecnolog\u00eda con nuestra gu\u00eda completa sobre &#039;C\u00f3mo afrontar Escenarios Tecnol\u00f3gicos y Rese\u00f1as de Software&#039;. Ya seas un entusiasta de la tecnolog\u00eda, un profesional buscando mejorar tus habilidades, o un principiante deseoso de entender el mundo de la tecnolog\u00eda, esta gu\u00eda es tu recurso definitivo.\" \/>\n<meta property=\"og:url\" content=\"https:\/\/howto.ping.fm\/es\/\" \/>\n<meta property=\"og:site_name\" content=\"C\u00f3mo y Mejor Software\" \/>\n<meta property=\"article:modified_time\" content=\"2024-01-05T17:03:38+00:00\" \/>\n<meta property=\"og:image\" content=\"https:\/\/www.ping.fm\/howto\/wp-content\/uploads\/2024\/01\/DALL\u00b7E_2024_01_05_09_54_29_A_simple_3D_character_holding_a_tech.png\" \/>\n\t<meta property=\"og:image:width\" content=\"1024\" \/>\n\t<meta property=\"og:image:height\" content=\"1024\" \/>\n\t<meta property=\"og:image:type\" content=\"image\/png\" \/>\n<meta name=\"twitter:card\" content=\"summary_large_image\" \/>\n<meta name=\"twitter:label1\" content=\"Est. reading time\" \/>\n\t<meta name=\"twitter:data1\" content=\"1 minuto\" \/>\n<script type=\"application\/ld+json\" class=\"yoast-schema-graph\">{\"@context\":\"https:\/\/schema.org\",\"@graph\":[{\"@type\":\"WebPage\",\"@id\":\"https:\/\/howto.ping.fm\/es\/\",\"url\":\"https:\/\/howto.ping.fm\/es\/\",\"name\":\"\u00daltimas revisiones de software \/ aplicaciones y tutoriales sobre c\u00f3mo usarlos en 2026.\",\"isPartOf\":{\"@id\":\"https:\/\/howto.ping.fm\/es\/#website\"},\"datePublished\":\"2023-07-31T13:58:28+00:00\",\"dateModified\":\"2024-01-05T17:03:38+00:00\",\"description\":\"Descubre los secretos de la tecnolog\u00eda con nuestra gu\u00eda completa sobre 'C\u00f3mo afrontar Escenarios Tecnol\u00f3gicos y Rese\u00f1as de Software'. Ya seas un entusiasta de la tecnolog\u00eda, un profesional buscando mejorar tus habilidades, o un principiante deseoso de entender el mundo de la tecnolog\u00eda, esta gu\u00eda es tu recurso definitivo.\",\"breadcrumb\":{\"@id\":\"https:\/\/howto.ping.fm\/es\/#breadcrumb\"},\"inLanguage\":\"es\",\"potentialAction\":[{\"@type\":\"ReadAction\",\"target\":[\"https:\/\/howto.ping.fm\/es\/\"]}]},{\"@type\":\"BreadcrumbList\",\"@id\":\"https:\/\/howto.ping.fm\/es\/#breadcrumb\",\"itemListElement\":[{\"@type\":\"ListItem\",\"position\":1,\"name\":\"Home\",\"item\":\"https:\/\/www.ping.fm\/howto\/es\/\"},{\"@type\":\"ListItem\",\"position\":2,\"name\":\"\/es\"}]},{\"@type\":\"WebSite\",\"@id\":\"https:\/\/howto.ping.fm\/es\/#website\",\"url\":\"https:\/\/howto.ping.fm\/es\/\",\"name\":\"C\u00f3mo y Mejor Software\",\"description\":\"\",\"potentialAction\":[{\"@type\":\"SearchAction\",\"target\":{\"@type\":\"EntryPoint\",\"urlTemplate\":\"https:\/\/howto.ping.fm\/es\/?s={search_term_string}\"},\"query-input\":\"required name=search_term_string\"}],\"inLanguage\":\"es\"}]}<\/script>\n<!-- \/ Yoast SEO plugin. -->","yoast_head_json":{"title":"\u00daltimas revisiones de software \/ aplicaciones y tutoriales sobre c\u00f3mo usarlos en 2026.","description":"Descubre los secretos de la tecnolog\u00eda con nuestra gu\u00eda completa sobre 'C\u00f3mo afrontar Escenarios Tecnol\u00f3gicos y Rese\u00f1as de Software'. Ya seas un entusiasta de la tecnolog\u00eda, un profesional buscando mejorar tus habilidades, o un principiante deseoso de entender el mundo de la tecnolog\u00eda, esta gu\u00eda es tu recurso definitivo.","robots":{"index":"index","follow":"follow","max-snippet":"max-snippet:-1","max-image-preview":"max-image-preview:large","max-video-preview":"max-video-preview:-1"},"canonical":"https:\/\/howto.ping.fm\/es\/","og_locale":"es_ES","og_type":"article","og_title":"\u00daltimas revisiones de software \/ aplicaciones y tutoriales sobre c\u00f3mo usarlos en 2026.","og_description":"Descubre los secretos de la tecnolog\u00eda con nuestra gu\u00eda completa sobre 'C\u00f3mo afrontar Escenarios Tecnol\u00f3gicos y Rese\u00f1as de Software'. Ya seas un entusiasta de la tecnolog\u00eda, un profesional buscando mejorar tus habilidades, o un principiante deseoso de entender el mundo de la tecnolog\u00eda, esta gu\u00eda es tu recurso definitivo.","og_url":"https:\/\/howto.ping.fm\/es\/","og_site_name":"C\u00f3mo y Mejor Software","article_modified_time":"2024-01-05T17:03:38+00:00","og_image":[{"width":1024,"height":1024,"url":"https:\/\/www.ping.fm\/howto\/wp-content\/uploads\/2024\/01\/DALL\u00b7E_2024_01_05_09_54_29_A_simple_3D_character_holding_a_tech.png","type":"image\/png"}],"twitter_card":"summary_large_image","twitter_misc":{"Est. reading time":"1 minuto"},"schema":{"@context":"https:\/\/schema.org","@graph":[{"@type":"WebPage","@id":"https:\/\/howto.ping.fm\/es\/","url":"https:\/\/howto.ping.fm\/es\/","name":"\u00daltimas revisiones de software \/ aplicaciones y tutoriales sobre c\u00f3mo usarlos en 2026.","isPartOf":{"@id":"https:\/\/howto.ping.fm\/es\/#website"},"datePublished":"2023-07-31T13:58:28+00:00","dateModified":"2024-01-05T17:03:38+00:00","description":"Descubre los secretos de la tecnolog\u00eda con nuestra gu\u00eda completa sobre 'C\u00f3mo afrontar Escenarios Tecnol\u00f3gicos y Rese\u00f1as de Software'. Ya seas un entusiasta de la tecnolog\u00eda, un profesional buscando mejorar tus habilidades, o un principiante deseoso de entender el mundo de la tecnolog\u00eda, esta gu\u00eda es tu recurso definitivo.","breadcrumb":{"@id":"https:\/\/howto.ping.fm\/es\/#breadcrumb"},"inLanguage":"es","potentialAction":[{"@type":"ReadAction","target":["https:\/\/howto.ping.fm\/es\/"]}]},{"@type":"BreadcrumbList","@id":"https:\/\/howto.ping.fm\/es\/#breadcrumb","itemListElement":[{"@type":"ListItem","position":1,"name":"Home","item":"https:\/\/www.ping.fm\/howto\/es\/"},{"@type":"ListItem","position":2,"name":"\/es"}]},{"@type":"WebSite","@id":"https:\/\/howto.ping.fm\/es\/#website","url":"https:\/\/howto.ping.fm\/es\/","name":"C\u00f3mo y Mejor Software","description":"","potentialAction":[{"@type":"SearchAction","target":{"@type":"EntryPoint","urlTemplate":"https:\/\/howto.ping.fm\/es\/?s={search_term_string}"},"query-input":"required name=search_term_string"}],"inLanguage":"es"}]}},"_links":{"self":[{"href":"https:\/\/howto.ping.fm\/es\/wp-json\/wp\/v2\/pages\/11198"}],"collection":[{"href":"https:\/\/howto.ping.fm\/es\/wp-json\/wp\/v2\/pages"}],"about":[{"href":"https:\/\/howto.ping.fm\/es\/wp-json\/wp\/v2\/types\/page"}],"author":[{"embeddable":true,"href":"https:\/\/howto.ping.fm\/es\/wp-json\/wp\/v2\/users\/2"}],"replies":[{"embeddable":true,"href":"https:\/\/howto.ping.fm\/es\/wp-json\/wp\/v2\/comments?post=11198"}],"version-history":[{"count":3,"href":"https:\/\/howto.ping.fm\/es\/wp-json\/wp\/v2\/pages\/11198\/revisions"}],"predecessor-version":[{"id":12768,"href":"https:\/\/howto.ping.fm\/es\/wp-json\/wp\/v2\/pages\/11198\/revisions\/12768"}],"wp:featuredmedia":[{"embeddable":true,"href":"https:\/\/howto.ping.fm\/es\/wp-json\/wp\/v2\/media\/12746"}],"wp:attachment":[{"href":"https:\/\/howto.ping.fm\/es\/wp-json\/wp\/v2\/media?parent=11198"}],"curies":[{"name":"wp","href":"https:\/\/api.w.org\/{rel}","templated":true}]}}