{"id":8968,"date":"2023-07-31T13:58:28","date_gmt":"2023-07-31T13:58:28","guid":{"rendered":"https:\/\/www.ping.fm\/data-recovery-software\/"},"modified":"2024-01-05T16:19:16","modified_gmt":"2024-01-05T16:19:16","slug":"de","status":"publish","type":"page","link":"https:\/\/howto.ping.fm\/de\/","title":{"rendered":"\/de"},"content":{"rendered":"<section class=\"banner howto\">\n<div class=\"banner--img\">\n<div class=\"banner--inner\">\n<h1>Software-Bewertungen &#038; Anleitungen zu technologiebezogenen Themen<\/h1>\n<p>Entschl\u00fcsseln Sie die Geheimnisse der Technologie mit unserem umfassenden Ratgeber zum Thema &#8218;Wie man Technikszenarien und Softwarebewertungen meistert&#8216;. Egal, ob Sie ein Technikbegeisterter sind, ein Fachmann, der seine F\u00e4higkeiten erweitern m\u00f6chte, oder ein Anf\u00e4nger, der begierig darauf ist, die Welt der Technologie zu verstehen \u2013 dieser Ratgeber ist Ihre zentrale Anlaufstelle. Erhalten Sie detaillierte, Schritt-f\u00fcr-Schritt-Erkl\u00e4rungen verschiedener Technikszenarien, die von grundlegenden Fehlersuchen bis hin zu fortgeschrittenen Systemkonfigurationen reichen.<\/p>\n<p>Unsere Expertenbewertungen und Analysen der neuesten Software werden Ihnen dabei helfen, fundierte Entscheidungen zu treffen, sodass Sie die richtigen Werkzeuge f\u00fcr Ihre Bed\u00fcrfnisse ausw\u00e4hlen k\u00f6nnen.<\/p>\n<\/div>\n<\/div>\n<\/section>\n","protected":false},"excerpt":{"rendered":"<p>Software-Bewertungen &#038; Anleitungen zu technologiebezogenen Themen Entschl\u00fcsseln Sie die Geheimnisse der Technologie mit unserem umfassenden Ratgeber zum Thema &#8218;Wie man Technikszenarien und Softwarebewertungen meistert&#8216;. Egal, ob Sie ein Technikbegeisterter sind, ein Fachmann, der seine F\u00e4higkeiten erweitern m\u00f6chte, oder ein Anf\u00e4nger, der begierig darauf ist, die Welt der Technologie zu verstehen \u2013 dieser Ratgeber ist Ihre [&hellip;]<\/p>\n","protected":false},"author":2,"featured_media":12742,"parent":0,"menu_order":0,"comment_status":"closed","ping_status":"closed","template":"homepage.php","meta":{"_stopmodifiedupdate":false,"_modified_date":"","_lmt_disableupdate":"yes","_lmt_disable":""},"acf":[],"yoast_head":"<!-- This site is optimized with the Yoast SEO plugin v20.9 - https:\/\/yoast.com\/wordpress\/plugins\/seo\/ -->\n<title>Neueste Software- \/ App-Bewertungen &amp; Anleitungen auf Deutsch 2026.<\/title>\n<meta name=\"description\" content=\"Entschl\u00fcsseln Sie die Geheimnisse der Technologie mit unserem umfassenden Ratgeber zum Thema &quot;Wie man Tech-Szenarien und Softwarebewertungen meistert&quot;. Ob Sie ein Technik-Enthusiast sind, ein Fachmann, der seine F\u00e4higkeiten erweitern m\u00f6chte, oder ein Anf\u00e4nger, der begierig darauf ist, die Welt der Technologie zu verstehen, dieser Leitfaden ist Ihre zentrale Anlaufstelle.\" \/>\n<meta name=\"robots\" content=\"index, follow, max-snippet:-1, max-image-preview:large, max-video-preview:-1\" \/>\n<link rel=\"canonical\" href=\"https:\/\/howto.ping.fm\/de\/\" \/>\n<meta property=\"og:locale\" content=\"de_DE\" \/>\n<meta property=\"og:type\" content=\"article\" \/>\n<meta property=\"og:title\" content=\"Neueste Software- \/ App-Bewertungen &amp; Anleitungen auf Deutsch 2026.\" \/>\n<meta property=\"og:description\" content=\"Entschl\u00fcsseln Sie die Geheimnisse der Technologie mit unserem umfassenden Ratgeber zum Thema &quot;Wie man Tech-Szenarien und Softwarebewertungen meistert&quot;. Ob Sie ein Technik-Enthusiast sind, ein Fachmann, der seine F\u00e4higkeiten erweitern m\u00f6chte, oder ein Anf\u00e4nger, der begierig darauf ist, die Welt der Technologie zu verstehen, dieser Leitfaden ist Ihre zentrale Anlaufstelle.\" \/>\n<meta property=\"og:url\" content=\"https:\/\/howto.ping.fm\/de\/\" \/>\n<meta property=\"og:site_name\" content=\"Wie man &amp; Beste Software\" \/>\n<meta property=\"article:modified_time\" content=\"2024-01-05T16:19:16+00:00\" \/>\n<meta property=\"og:image\" content=\"https:\/\/www.ping.fm\/howto\/wp-content\/uploads\/2024\/01\/DALL\u00b7E_2024_01_05_09_54_29_A_simple_3D_character_holding_a_tech.png\" \/>\n\t<meta property=\"og:image:width\" content=\"1024\" \/>\n\t<meta property=\"og:image:height\" content=\"1024\" \/>\n\t<meta property=\"og:image:type\" content=\"image\/png\" \/>\n<meta name=\"twitter:card\" content=\"summary_large_image\" \/>\n<meta name=\"twitter:label1\" content=\"Est. reading time\" \/>\n\t<meta name=\"twitter:data1\" content=\"1 Minute\" \/>\n<script type=\"application\/ld+json\" class=\"yoast-schema-graph\">{\"@context\":\"https:\/\/schema.org\",\"@graph\":[{\"@type\":\"WebPage\",\"@id\":\"https:\/\/howto.ping.fm\/de\/\",\"url\":\"https:\/\/howto.ping.fm\/de\/\",\"name\":\"Neueste Software- \/ App-Bewertungen & Anleitungen auf Deutsch 2026.\",\"isPartOf\":{\"@id\":\"https:\/\/howto.ping.fm\/de\/#website\"},\"datePublished\":\"2023-07-31T13:58:28+00:00\",\"dateModified\":\"2024-01-05T16:19:16+00:00\",\"description\":\"Entschl\u00fcsseln Sie die Geheimnisse der Technologie mit unserem umfassenden Ratgeber zum Thema \\\"Wie man Tech-Szenarien und Softwarebewertungen meistert\\\". Ob Sie ein Technik-Enthusiast sind, ein Fachmann, der seine F\u00e4higkeiten erweitern m\u00f6chte, oder ein Anf\u00e4nger, der begierig darauf ist, die Welt der Technologie zu verstehen, dieser Leitfaden ist Ihre zentrale Anlaufstelle.\",\"breadcrumb\":{\"@id\":\"https:\/\/howto.ping.fm\/de\/#breadcrumb\"},\"inLanguage\":\"de-DE\",\"potentialAction\":[{\"@type\":\"ReadAction\",\"target\":[\"https:\/\/howto.ping.fm\/de\/\"]}]},{\"@type\":\"BreadcrumbList\",\"@id\":\"https:\/\/howto.ping.fm\/de\/#breadcrumb\",\"itemListElement\":[{\"@type\":\"ListItem\",\"position\":1,\"name\":\"Home\",\"item\":\"https:\/\/www.ping.fm\/howto\/de\/\"},{\"@type\":\"ListItem\",\"position\":2,\"name\":\"\/de\"}]},{\"@type\":\"WebSite\",\"@id\":\"https:\/\/howto.ping.fm\/de\/#website\",\"url\":\"https:\/\/howto.ping.fm\/de\/\",\"name\":\"Wie man & Beste Software\",\"description\":\"\",\"potentialAction\":[{\"@type\":\"SearchAction\",\"target\":{\"@type\":\"EntryPoint\",\"urlTemplate\":\"https:\/\/howto.ping.fm\/de\/?s={search_term_string}\"},\"query-input\":\"required name=search_term_string\"}],\"inLanguage\":\"de-DE\"}]}<\/script>\n<!-- \/ Yoast SEO plugin. -->","yoast_head_json":{"title":"Neueste Software- \/ App-Bewertungen & Anleitungen auf Deutsch 2026.","description":"Entschl\u00fcsseln Sie die Geheimnisse der Technologie mit unserem umfassenden Ratgeber zum Thema \"Wie man Tech-Szenarien und Softwarebewertungen meistert\". Ob Sie ein Technik-Enthusiast sind, ein Fachmann, der seine F\u00e4higkeiten erweitern m\u00f6chte, oder ein Anf\u00e4nger, der begierig darauf ist, die Welt der Technologie zu verstehen, dieser Leitfaden ist Ihre zentrale Anlaufstelle.","robots":{"index":"index","follow":"follow","max-snippet":"max-snippet:-1","max-image-preview":"max-image-preview:large","max-video-preview":"max-video-preview:-1"},"canonical":"https:\/\/howto.ping.fm\/de\/","og_locale":"de_DE","og_type":"article","og_title":"Neueste Software- \/ App-Bewertungen & Anleitungen auf Deutsch 2026.","og_description":"Entschl\u00fcsseln Sie die Geheimnisse der Technologie mit unserem umfassenden Ratgeber zum Thema \"Wie man Tech-Szenarien und Softwarebewertungen meistert\". Ob Sie ein Technik-Enthusiast sind, ein Fachmann, der seine F\u00e4higkeiten erweitern m\u00f6chte, oder ein Anf\u00e4nger, der begierig darauf ist, die Welt der Technologie zu verstehen, dieser Leitfaden ist Ihre zentrale Anlaufstelle.","og_url":"https:\/\/howto.ping.fm\/de\/","og_site_name":"Wie man & Beste Software","article_modified_time":"2024-01-05T16:19:16+00:00","og_image":[{"width":1024,"height":1024,"url":"https:\/\/www.ping.fm\/howto\/wp-content\/uploads\/2024\/01\/DALL\u00b7E_2024_01_05_09_54_29_A_simple_3D_character_holding_a_tech.png","type":"image\/png"}],"twitter_card":"summary_large_image","twitter_misc":{"Est. reading time":"1 Minute"},"schema":{"@context":"https:\/\/schema.org","@graph":[{"@type":"WebPage","@id":"https:\/\/howto.ping.fm\/de\/","url":"https:\/\/howto.ping.fm\/de\/","name":"Neueste Software- \/ App-Bewertungen & Anleitungen auf Deutsch 2026.","isPartOf":{"@id":"https:\/\/howto.ping.fm\/de\/#website"},"datePublished":"2023-07-31T13:58:28+00:00","dateModified":"2024-01-05T16:19:16+00:00","description":"Entschl\u00fcsseln Sie die Geheimnisse der Technologie mit unserem umfassenden Ratgeber zum Thema \"Wie man Tech-Szenarien und Softwarebewertungen meistert\". Ob Sie ein Technik-Enthusiast sind, ein Fachmann, der seine F\u00e4higkeiten erweitern m\u00f6chte, oder ein Anf\u00e4nger, der begierig darauf ist, die Welt der Technologie zu verstehen, dieser Leitfaden ist Ihre zentrale Anlaufstelle.","breadcrumb":{"@id":"https:\/\/howto.ping.fm\/de\/#breadcrumb"},"inLanguage":"de-DE","potentialAction":[{"@type":"ReadAction","target":["https:\/\/howto.ping.fm\/de\/"]}]},{"@type":"BreadcrumbList","@id":"https:\/\/howto.ping.fm\/de\/#breadcrumb","itemListElement":[{"@type":"ListItem","position":1,"name":"Home","item":"https:\/\/www.ping.fm\/howto\/de\/"},{"@type":"ListItem","position":2,"name":"\/de"}]},{"@type":"WebSite","@id":"https:\/\/howto.ping.fm\/de\/#website","url":"https:\/\/howto.ping.fm\/de\/","name":"Wie man & Beste Software","description":"","potentialAction":[{"@type":"SearchAction","target":{"@type":"EntryPoint","urlTemplate":"https:\/\/howto.ping.fm\/de\/?s={search_term_string}"},"query-input":"required name=search_term_string"}],"inLanguage":"de-DE"}]}},"_links":{"self":[{"href":"https:\/\/howto.ping.fm\/de\/wp-json\/wp\/v2\/pages\/8968"}],"collection":[{"href":"https:\/\/howto.ping.fm\/de\/wp-json\/wp\/v2\/pages"}],"about":[{"href":"https:\/\/howto.ping.fm\/de\/wp-json\/wp\/v2\/types\/page"}],"author":[{"embeddable":true,"href":"https:\/\/howto.ping.fm\/de\/wp-json\/wp\/v2\/users\/2"}],"replies":[{"embeddable":true,"href":"https:\/\/howto.ping.fm\/de\/wp-json\/wp\/v2\/comments?post=8968"}],"version-history":[{"count":3,"href":"https:\/\/howto.ping.fm\/de\/wp-json\/wp\/v2\/pages\/8968\/revisions"}],"predecessor-version":[{"id":12764,"href":"https:\/\/howto.ping.fm\/de\/wp-json\/wp\/v2\/pages\/8968\/revisions\/12764"}],"wp:featuredmedia":[{"embeddable":true,"href":"https:\/\/howto.ping.fm\/de\/wp-json\/wp\/v2\/media\/12742"}],"wp:attachment":[{"href":"https:\/\/howto.ping.fm\/de\/wp-json\/wp\/v2\/media?parent=8968"}],"curies":[{"name":"wp","href":"https:\/\/api.w.org\/{rel}","templated":true}]}}