{"id":17963,"date":"2024-02-04T09:40:58","date_gmt":"2024-02-04T09:40:58","guid":{"rendered":"https:\/\/www.ping.fm\/howto\/microsoft-azure-for-small-business\/"},"modified":"2024-03-04T10:08:27","modified_gmt":"2024-03-04T10:08:27","slug":"microsoft-azure-for-small-business","status":"publish","type":"page","link":"https:\/\/howto.ping.fm\/de\/microsoft-azure-for-small-business\/","title":{"rendered":"Microsoft Azure f\u00fcr kleine Unternehmen: Die 5 wichtigsten Vorteile"},"content":{"rendered":"<section>\n<h1>Microsoft Azure f\u00fcr kleine Unternehmen: Die 5 wichtigsten Vorteile<\/h1>\n<div class=\"inbrief\">\n<div>             <img src=\"https:\/\/www.ping.fm\/howto\/wp-content\/uploads\/ai\/Microsoft-Azure-for-Small-Business-Top-5-Benefits-German.jpg\" alt=\"Microsoft Azure f\u00fcr kleine Unternehmen: Die 5 wichtigsten Vorteile\" title=\"Microsoft Azure f\u00fcr kleine Unternehmen: Die 5 wichtigsten Vorteile\" width=\"1280\" height=\"720\">             <\/p>\n<p>Die Erkundung digitaler L\u00f6sungen f\u00fcr kleine Unternehmen f\u00fchrt h\u00e4ufig zu Cloud-Diensten, und eine Macht innerhalb dieses Bereichs ist <a href='https:\/\/azure.microsoft.com\/' rel=\"nofollow noopener\" target='_blank'>Microsoft Azure<\/a>. Mit einem \u00dcberfluss an Angeboten, die auf vielf\u00e4ltige Bed\u00fcrfnisse zugeschnitten sind, pr\u00e4sentiert sich Azure als vielseitige Option f\u00fcr Unternehmen, die ihre Betriebsabl\u00e4ufe skalieren, sichern und optimieren m\u00f6chten.<\/p>\n<\/div>\n<\/div>\n<\/section>\n<section>\n<div class=\"medal\">\n<div>&#129351;<\/div>\n<\/div>\n<h2><a href='https:\/\/azure.microsoft.com\/en-us\/services\/security-center\/' rel=\"nofollow noopener\" target='_blank'>Azure Security Center<\/a><\/h2>\n<p>Das Microsoft Azure Security Center ist ein <b>einheitliches Sicherheitsmanagement<\/b>-System, das die Sicherheitslage Ihrer Rechenzentren st\u00e4rkt und fortschrittlichen Schutz gegen Bedrohungen f\u00fcr Ihre hybriden Workloads in der Cloud bietet &#8211; ob in Azure oder nicht &#8211; sowie vor Ort.<\/p>\n<p><a href='https:\/\/azure.microsoft.com\/en-us\/services\/security-center\/' rel=\"nofollow noopener\" target='_blank' class='ofWSite'>Offizielle Webseite<\/a><\/p>\n<h3 class='prosTitle'>Vorteile<\/h3>\n<ul class='listpc pros'>\n<li>Fortgeschrittene Erkennung und Reaktionsf\u00e4higkeiten bei Bedrohungen<\/li>\n<li>Kontinuierliche Sicherheitsbewertung und Empfehlungen<\/li>\n<\/ul>\n<h3 class='consTitle'>Nachteile<\/h3>\n<ul class='listpc cons'>\n<li>Kann f\u00fcr Anf\u00e4nger komplex in der Konfiguration sein<\/li>\n<li>Kann f\u00fcr kleinere Arbeitslasten kostspielig sein<\/li>\n<\/ul>\n<\/section>\n<section>\n<div class=\"medal\">\n<div>&#129352;<\/div>\n<\/div>\n<h2><a href='https:\/\/azure.microsoft.com\/en-us\/services\/storage\/' rel=\"nofollow noopener\" target='_blank'>Azure Storage<\/a><\/h2>\n<p>F\u00fcr kleine Unternehmen, die sichere und skalierbare Speicherl\u00f6sungen suchen, bietet <b>Azure Storage<\/b> eine Reihe von Cloud-Speicherdiensten an, darunter Blobs, Dateien, Warteschlangen und Tabellen, die darauf ausgerichtet sind, Hochverf\u00fcgbarkeit und Haltbarkeit f\u00fcr Ihre Daten zu bieten.<\/p>\n<p><a href='https:\/\/azure.microsoft.com\/en-us\/services\/storage\/' rel=\"nofollow noopener\" target='_blank' class='ofWSite'>Offizielle Webseite<\/a><\/p>\n<h3 class='prosTitle'>Vorteile<\/h3>\n<ul class='listpc pros'>\n<li>Skalierbare und dauerhafte Speicheroptionen<\/li>\n<li>Preisgestaltung nach Verbrauch<\/li>\n<\/ul>\n<h3 class='consTitle'>Nachteile<\/h3>\n<ul class='listpc cons'>\n<li>K\u00f6nnten zus\u00e4tzliche Daten\u00fcbertragungsgeb\u00fchren erforderlich sein<\/li>\n<li>Lernkurve f\u00fcr die optimale Nutzung<\/li>\n<\/ul>\n<\/section>\n<section>\n<div class=\"medal\">\n<div>&#129353;<\/div>\n<\/div>\n<h2><a href='https:\/\/azure.microsoft.com\/en-us\/support\/plans\/' rel=\"nofollow noopener\" target='_blank'>Azure Supportpl\u00e4ne<\/a><\/h2>\n<p>Die <b>Supportpl\u00e4ne<\/b> von Azure reichen von Basisangeboten f\u00fcr kleine Unternehmen bis hin zu umfassenderen Optionen f\u00fcr Gro\u00dfunternehmen. Diese Pl\u00e4ne gew\u00e4hrleisten, dass Unternehmen Zugang zu der Hilfe haben, die sie bei der Bew\u00e4ltigung verschiedener Herausforderungen im Zusammenhang mit der Cloud ben\u00f6tigen.<\/p>\n<p><a href='https:\/\/azure.microsoft.com\/en-us\/support\/plans\/' rel=\"nofollow noopener\" target='_blank' class='ofWSite'>Offizielle Webseite<\/a><\/p>\n<h3 class='prosTitle'>Vorteile<\/h3>\n<ul class='listpc pros'>\n<li>Mehrere Pl\u00e4ne, die auf unterschiedliche Bed\u00fcrfnisse zugeschnitten sind<\/li>\n<li>Zugang zu Fachwissen und Probleml\u00f6sung<\/li>\n<\/ul>\n<h3 class='consTitle'>Nachteile<\/h3>\n<ul class='listpc cons'>\n<li>Hochrangige Pl\u00e4ne k\u00f6nnen f\u00fcr kleine Unternehmen teuer sein<\/li>\n<li>Der Basisplan deckt m\u00f6glicherweise nicht alle Szenarien ab<\/li>\n<\/ul>\n<\/section>\n<section>\n<div class=\"no-medal\">\n<div>4<\/div>\n<\/div>\n<h2><a href='https:\/\/azure.microsoft.com\/en-us\/services\/monitor\/' rel=\"nofollow noopener\" target='_blank'>Azure Monitor<\/a><\/h2>\n<p>Um Zuverl\u00e4ssigkeit und Leistung aufrechtzuerhalten, hilft <b>Azure Monitor<\/b> kleinen Unternehmen, Telemetriedaten aus ihren Cloud- und Vor-Ort-Umgebungen zu sammeln, zu analysieren und zu nutzen. Dies erm\u00f6glicht es Unternehmen, die Leistung und Verf\u00fcgbarkeit ihrer Anwendungen zu maximieren.<\/p>\n<p><a href='https:\/\/azure.microsoft.com\/en-us\/services\/monitor\/' rel=\"nofollow noopener\" target='_blank' class='ofWSite'>Offizielle Webseite<\/a><\/p>\n<h3 class='prosTitle'>Vorteile<\/h3>\n<ul class='listpc pros'>\n<li>Bietet tiefe Einblicke in Anwendungen und Infrastruktur<\/li>\n<li>Hilft bei der proaktiven Erkennung und Behebung von Problemen<\/li>\n<\/ul>\n<h3 class='consTitle'>Nachteile<\/h3>\n<ul class='listpc cons'>\n<li>Komplexit\u00e4t bei der Einrichtung und Anpassung von Warnmeldungen<\/li>\n<li>Datenerfassung und -speicherung k\u00f6nnen teuer werden<\/li>\n<\/ul>\n<\/section>\n<section>\n<div class=\"no-medal\">\n<div>5<\/div>\n<\/div>\n<h2><a href='https:\/\/azure.microsoft.com\/en-us\/services\/cost-management\/' rel=\"nofollow noopener\" target='_blank'>Azure Cost Management<\/a><\/h2>\n<p>Mit <b>Azure Cost Management<\/b> gewinnen kleine Unternehmen Einblick in ihre Cloud-Ausgaben und k\u00f6nnen fundierte Entscheidungen \u00fcber die Optimierung ihrer Cloud-Kosten treffen. Dieses Tool hilft bei der \u00dcberwachung der Ressourcennutzung und effektiven Kostenverwaltung.<\/p>\n<p><a href='https:\/\/azure.microsoft.com\/en-us\/services\/cost-management\/' rel=\"nofollow noopener\" target='_blank' class='ofWSite'>Offizielle Webseite<\/a><\/p>\n<h3 class='prosTitle'>Vorteile<\/h3>\n<ul class='listpc pros'>\n<li>Finanzielle \u00dcbersicht und Budgetierungswerkzeuge<\/li>\n<li>Hilft bei der Optimierung von Cloud-Ausgaben<\/li>\n<\/ul>\n<h3 class='consTitle'>Nachteile<\/h3>\n<ul class='listpc cons'>\n<li>Kann eine Lernkurve f\u00fcr gr\u00fcndliches Verst\u00e4ndnis haben<\/li>\n<li>Beschr\u00e4nkt auf Azure und Partnerressourcen<\/li>\n<\/ul>\n<\/section>\n<section>\n<h2>Fazit:<\/h2>\n<div class=\"nonp\">\n<p>Da Unternehmen zunehmend auf Cloud-Dienste umsteigen, ist das Verst\u00e4ndnis der Landschaft der <b>Cloud-Anbieter<\/b> wesentlich. Plattformen neben Azure, wie <a href='https:\/\/aws.amazon.com\/' rel=\"nofollow noopener\" target='_blank'>Amazon Web Services (AWS)<\/a> und <a href='https:\/\/cloud.google.com\/' rel=\"nofollow noopener\" target='_blank'>Google Cloud Platform (GCP)<\/a>, bieten ebenfalls eine Reihe von L\u00f6sungen mit eigenen Funktionen und Preisstrukturen. Die Inanspruchnahme von Beratung durch Cloud-Beratungsfirmen kann bei der Navigation durch diese Optionen helfen. Dar\u00fcber hinaus ist die Teilnahme an Cloud-Communities und Foren, wie <a href='https:\/\/serverfault.com\/' rel=\"nofollow noopener\" target='_blank'>Server Fault<\/a> und <a href='https:\/\/www.stackoverflow.com\/' rel=\"nofollow noopener\" target='_blank'>Stack Overflow<\/a>, ein bew\u00e4hrter Weg, um Echtzeit-Ratschl\u00e4ge und Einblicke von anderen Fachleuten zu sammeln.<\/p>\n<\/div>\n<\/section>\n","protected":false},"excerpt":{"rendered":"<p>Microsoft Azure f\u00fcr kleine Unternehmen: Die 5 wichtigsten Vorteile Die Erkundung digitaler L\u00f6sungen f\u00fcr kleine Unternehmen f\u00fchrt h\u00e4ufig zu Cloud-Diensten, und eine Macht innerhalb dieses Bereichs ist Microsoft Azure. Mit einem \u00dcberfluss an Angeboten, die auf vielf\u00e4ltige Bed\u00fcrfnisse zugeschnitten sind, pr\u00e4sentiert sich Azure als vielseitige Option f\u00fcr Unternehmen, die ihre Betriebsabl\u00e4ufe skalieren, sichern und optimieren [&hellip;]<\/p>\n","protected":false},"author":0,"featured_media":17964,"parent":0,"menu_order":0,"comment_status":"closed","ping_status":"closed","template":"chromecast.php","meta":{"_stopmodifiedupdate":false,"_modified_date":"","_lmt_disableupdate":"yes","_lmt_disable":""},"acf":[],"yoast_head":"<!-- This site is optimized with the Yoast SEO plugin v20.9 - https:\/\/yoast.com\/wordpress\/plugins\/seo\/ -->\n<title>Microsoft Azure f\u00fcr kleine Unternehmen: Die 5 wichtigsten Vorteile<\/title>\n<meta name=\"robots\" content=\"index, follow, max-snippet:-1, max-image-preview:large, max-video-preview:-1\" \/>\n<link rel=\"canonical\" href=\"https:\/\/howto.ping.fm\/de\/microsoft-azure-for-small-business\/\" \/>\n<meta property=\"og:locale\" content=\"de_DE\" \/>\n<meta property=\"og:type\" content=\"article\" \/>\n<meta property=\"og:title\" content=\"Microsoft Azure f\u00fcr kleine Unternehmen: Die 5 wichtigsten Vorteile\" \/>\n<meta property=\"og:description\" content=\"Microsoft Azure f\u00fcr kleine Unternehmen: Die 5 wichtigsten Vorteile Die Erkundung digitaler L\u00f6sungen f\u00fcr kleine Unternehmen f\u00fchrt h\u00e4ufig zu Cloud-Diensten, und eine Macht innerhalb dieses Bereichs ist Microsoft Azure. Mit einem \u00dcberfluss an Angeboten, die auf vielf\u00e4ltige Bed\u00fcrfnisse zugeschnitten sind, pr\u00e4sentiert sich Azure als vielseitige Option f\u00fcr Unternehmen, die ihre Betriebsabl\u00e4ufe skalieren, sichern und optimieren [&hellip;]\" \/>\n<meta property=\"og:url\" content=\"https:\/\/howto.ping.fm\/de\/microsoft-azure-for-small-business\/\" \/>\n<meta property=\"og:site_name\" content=\"Wie man &amp; Beste Software\" \/>\n<meta property=\"article:modified_time\" content=\"2024-03-04T10:08:27+00:00\" \/>\n<meta property=\"og:image\" content=\"https:\/\/www.ping.fm\/howto\/wp-content\/uploads\/2024\/03\/Microsoft-Azure-for-Small-Business-Top-5-Benefits-German.jpg\" \/>\n\t<meta property=\"og:image:width\" content=\"1280\" \/>\n\t<meta property=\"og:image:height\" content=\"731\" \/>\n\t<meta property=\"og:image:type\" content=\"image\/jpeg\" \/>\n<meta name=\"twitter:card\" content=\"summary_large_image\" \/>\n<meta name=\"twitter:label1\" content=\"Est. reading time\" \/>\n\t<meta name=\"twitter:data1\" content=\"2 Minuten\" \/>\n<script type=\"application\/ld+json\" class=\"yoast-schema-graph\">{\"@context\":\"https:\/\/schema.org\",\"@graph\":[{\"@type\":\"WebPage\",\"@id\":\"https:\/\/howto.ping.fm\/de\/microsoft-azure-for-small-business\/\",\"url\":\"https:\/\/howto.ping.fm\/de\/microsoft-azure-for-small-business\/\",\"name\":\"Microsoft Azure f\u00fcr kleine Unternehmen: Die 5 wichtigsten Vorteile\",\"isPartOf\":{\"@id\":\"https:\/\/howto.ping.fm\/de\/#website\"},\"datePublished\":\"2024-02-04T09:40:58+00:00\",\"dateModified\":\"2024-03-04T10:08:27+00:00\",\"breadcrumb\":{\"@id\":\"https:\/\/howto.ping.fm\/de\/microsoft-azure-for-small-business\/#breadcrumb\"},\"inLanguage\":\"de-DE\",\"potentialAction\":[{\"@type\":\"ReadAction\",\"target\":[\"https:\/\/howto.ping.fm\/de\/microsoft-azure-for-small-business\/\"]}]},{\"@type\":\"BreadcrumbList\",\"@id\":\"https:\/\/howto.ping.fm\/de\/microsoft-azure-for-small-business\/#breadcrumb\",\"itemListElement\":[{\"@type\":\"ListItem\",\"position\":1,\"name\":\"Home\",\"item\":\"https:\/\/www.ping.fm\/howto\/de\/\"},{\"@type\":\"ListItem\",\"position\":2,\"name\":\"Microsoft Azure f\u00fcr kleine Unternehmen: Die 5 wichtigsten Vorteile\"}]},{\"@type\":\"WebSite\",\"@id\":\"https:\/\/howto.ping.fm\/de\/#website\",\"url\":\"https:\/\/howto.ping.fm\/de\/\",\"name\":\"Wie man & Beste Software\",\"description\":\"\",\"potentialAction\":[{\"@type\":\"SearchAction\",\"target\":{\"@type\":\"EntryPoint\",\"urlTemplate\":\"https:\/\/howto.ping.fm\/de\/?s={search_term_string}\"},\"query-input\":\"required name=search_term_string\"}],\"inLanguage\":\"de-DE\"}]}<\/script>\n<!-- \/ Yoast SEO plugin. -->","yoast_head_json":{"title":"Microsoft Azure f\u00fcr kleine Unternehmen: Die 5 wichtigsten Vorteile","robots":{"index":"index","follow":"follow","max-snippet":"max-snippet:-1","max-image-preview":"max-image-preview:large","max-video-preview":"max-video-preview:-1"},"canonical":"https:\/\/howto.ping.fm\/de\/microsoft-azure-for-small-business\/","og_locale":"de_DE","og_type":"article","og_title":"Microsoft Azure f\u00fcr kleine Unternehmen: Die 5 wichtigsten Vorteile","og_description":"Microsoft Azure f\u00fcr kleine Unternehmen: Die 5 wichtigsten Vorteile Die Erkundung digitaler L\u00f6sungen f\u00fcr kleine Unternehmen f\u00fchrt h\u00e4ufig zu Cloud-Diensten, und eine Macht innerhalb dieses Bereichs ist Microsoft Azure. Mit einem \u00dcberfluss an Angeboten, die auf vielf\u00e4ltige Bed\u00fcrfnisse zugeschnitten sind, pr\u00e4sentiert sich Azure als vielseitige Option f\u00fcr Unternehmen, die ihre Betriebsabl\u00e4ufe skalieren, sichern und optimieren [&hellip;]","og_url":"https:\/\/howto.ping.fm\/de\/microsoft-azure-for-small-business\/","og_site_name":"Wie man & Beste Software","article_modified_time":"2024-03-04T10:08:27+00:00","og_image":[{"width":1280,"height":731,"url":"https:\/\/www.ping.fm\/howto\/wp-content\/uploads\/2024\/03\/Microsoft-Azure-for-Small-Business-Top-5-Benefits-German.jpg","type":"image\/jpeg"}],"twitter_card":"summary_large_image","twitter_misc":{"Est. reading time":"2 Minuten"},"schema":{"@context":"https:\/\/schema.org","@graph":[{"@type":"WebPage","@id":"https:\/\/howto.ping.fm\/de\/microsoft-azure-for-small-business\/","url":"https:\/\/howto.ping.fm\/de\/microsoft-azure-for-small-business\/","name":"Microsoft Azure f\u00fcr kleine Unternehmen: Die 5 wichtigsten Vorteile","isPartOf":{"@id":"https:\/\/howto.ping.fm\/de\/#website"},"datePublished":"2024-02-04T09:40:58+00:00","dateModified":"2024-03-04T10:08:27+00:00","breadcrumb":{"@id":"https:\/\/howto.ping.fm\/de\/microsoft-azure-for-small-business\/#breadcrumb"},"inLanguage":"de-DE","potentialAction":[{"@type":"ReadAction","target":["https:\/\/howto.ping.fm\/de\/microsoft-azure-for-small-business\/"]}]},{"@type":"BreadcrumbList","@id":"https:\/\/howto.ping.fm\/de\/microsoft-azure-for-small-business\/#breadcrumb","itemListElement":[{"@type":"ListItem","position":1,"name":"Home","item":"https:\/\/www.ping.fm\/howto\/de\/"},{"@type":"ListItem","position":2,"name":"Microsoft Azure f\u00fcr kleine Unternehmen: Die 5 wichtigsten Vorteile"}]},{"@type":"WebSite","@id":"https:\/\/howto.ping.fm\/de\/#website","url":"https:\/\/howto.ping.fm\/de\/","name":"Wie man & Beste Software","description":"","potentialAction":[{"@type":"SearchAction","target":{"@type":"EntryPoint","urlTemplate":"https:\/\/howto.ping.fm\/de\/?s={search_term_string}"},"query-input":"required name=search_term_string"}],"inLanguage":"de-DE"}]}},"_links":{"self":[{"href":"https:\/\/howto.ping.fm\/de\/wp-json\/wp\/v2\/pages\/17963"}],"collection":[{"href":"https:\/\/howto.ping.fm\/de\/wp-json\/wp\/v2\/pages"}],"about":[{"href":"https:\/\/howto.ping.fm\/de\/wp-json\/wp\/v2\/types\/page"}],"replies":[{"embeddable":true,"href":"https:\/\/howto.ping.fm\/de\/wp-json\/wp\/v2\/comments?post=17963"}],"version-history":[{"count":0,"href":"https:\/\/howto.ping.fm\/de\/wp-json\/wp\/v2\/pages\/17963\/revisions"}],"wp:featuredmedia":[{"embeddable":true,"href":"https:\/\/howto.ping.fm\/de\/wp-json\/wp\/v2\/media\/17964"}],"wp:attachment":[{"href":"https:\/\/howto.ping.fm\/de\/wp-json\/wp\/v2\/media?parent=17963"}],"curies":[{"name":"wp","href":"https:\/\/api.w.org\/{rel}","templated":true}]}}