{"id":17831,"date":"2024-01-22T15:38:05","date_gmt":"2024-01-22T15:38:05","guid":{"rendered":"https:\/\/www.ping.fm\/howto\/hipaa-compliant-video-platforms\/"},"modified":"2024-03-04T09:43:17","modified_gmt":"2024-03-04T09:43:17","slug":"hipaa-compliant-video-platforms","status":"publish","type":"page","link":"https:\/\/howto.ping.fm\/de\/hipaa-compliant-video-platforms\/","title":{"rendered":"Beste HIPAA-konforme Videoplattformen"},"content":{"rendered":"<section>\n<h1>Beste HIPAA-konforme Videoplattformen<\/h1>\n<div class=\"inbrief\">\n<div>             <img decoding=\"async\" decoding=\"async\" class=\"lazyload\"  srcset=\"data:image\/png;base64,iVBORw0KGgoAAAANSUhEUgAABLAAAAKkAQMAAAAqeFQ7AAAAA3NCSVQICAjb4U\/gAAAABlBMVEX\/\/\/\/\/\/\/9VfPVsAAAAAnRSTlMA\/1uRIrUAAAAJcEhZcwAACxIAAAsSAdLdfvwAAAAcdEVYdFNvZnR3YXJlAEFkb2JlIEZpcmV3b3JrcyBDUzbovLKMAAAAFnRFWHRDcmVhdGlvbiBUaW1lADAxLzI5LzE536V52wAAAHpJREFUeJztwQENAAAAwqD3T20ON6AAAAAAAAAAAAAAAAAAAAAAAAAAAAAAAAAAAAAAAAAAAAAAAAAAAAAAAAAAAAAAAAAAAAAAAAAAAAAAAAAAAAAAAAAAAAAAAAAAAAAAAAAAAAAAAAAAAAAAAAAAAAAAAAAAAIAHA47LAAHp9LjEAAAAAElFTkSuQmCC\" src=\"https:\/\/www.ping.fm\/howto\/wp-content\/uploads\/ai\/Best-HIPAA-Compliant-Video-Platforms-German.jpg\" data-srcset=\"https:\/\/www.ping.fm\/howto\/wp-content\/uploads\/ai\/Best-HIPAA-Compliant-Video-Platforms-German.jpg\" data-lazy-type=\"image\" data-original=\"https:\/\/www.ping.fm\/howto\/wp-content\/uploads\/ai\/Best-HIPAA-Compliant-Video-Platforms-German.jpg\" alt=\"Beste HIPAA-konforme Videoplattformen\" title=\"Beste HIPAA-konforme Videoplattformen\" width=\"1280\" height=\"720\">             <\/p>\n<p>Als Gesundheitsfachmann habe ich mich insbesondere w\u00e4hrend der Pandemie auf Videokonferenzen f\u00fcr Beratungen, Teammeetings und Telehealth-Sitzungen verlassen. Der Einsatz von Tools, die mit dem Health Insurance Portability and Accountability Act (HIPAA) konform sind, war mein h\u00f6chstes Gebot, um Patientenvertraulichkeit und sicheren Datenaustausch zu gew\u00e4hrleisten. In diesem Artikel werde ich meine Einblicke in 5 <b>besten HIPAA-konformen Videokonferenzl\u00f6sungen<\/b> teilen, mit denen ich Erfahrungen gesammelt habe, einschlie\u00dflich ihrer St\u00e4rken und Schw\u00e4chen. Zus\u00e4tzlich werde ich kurz auf die Bedeutung der Verwendung von <b>HIPAA-elektronischen Signaturen<\/b> eingehen.<\/p>\n<\/div>\n<\/div>\n<\/section>\n<section>\n<div class=\"medal\">\n<div>&#129351;<\/div>\n<\/div>\n<h2><a href=\"https:\/\/www.zoom.us\/healthcare\" rel=\"nofollow external noopener noreferrer\" target=\"_blank\" data-wpel-link=\"external\">Zoom f\u00fcr das Gesundheitswesen<\/a><\/h2>\n<p>Zoom f\u00fcr das Gesundheitswesen ist eine beliebte Wahl innerhalb der medizinischen Gemeinschaft dank seiner intuitiven Benutzeroberfl\u00e4che und robusten Sicherheitsma\u00dfnahmen. Diese Plattform war ein zuverl\u00e4ssiges Gut f\u00fcr Telehealth-Termine und bereichs\u00fcbergreifende Meetings, die die Einhaltung von <b>HIPAA<\/b>-Standards gew\u00e4hrleisten.<\/p>\n<p><a href=\"https:\/\/www.zoom.us\/healthcare\" rel=\"nofollow external noopener noreferrer\" target=\"_blank\" class=\"ofWSite\" data-wpel-link=\"external\">Offizielle Webseite<\/a><\/p>\n<h3 class='prosTitle'>Vorteile<\/h3>\n<ul class='listpc pros'>\n<li>Benutzerfreundliche Schnittstelle verbessert das virtuelle Versorgungserlebnis<\/li>\n<li>Bietet zuverl\u00e4ssige Ende-zu-Ende-Verschl\u00fcsselung f\u00fcr sichere Kommunikation<\/li>\n<\/ul>\n<h3 class='consTitle'>Nachteile<\/h3>\n<ul class='listpc cons'>\n<li>Teuer im Vergleich zu einigen anderen HIPAA-konformen Optionen<\/li>\n<li>In seltenen F\u00e4llen k\u00f6nnen Verbindungsprobleme Meetings st\u00f6ren<\/li>\n<\/ul>\n<\/section>\n<section>\n<div class=\"medal\">\n<div>&#129352;<\/div>\n<\/div>\n<h2><a href=\"https:\/\/www.vsee.com\/\" rel=\"nofollow external noopener noreferrer\" target=\"_blank\" data-wpel-link=\"external\">VSee<\/a><\/h2>\n<p>VSee bietet eine auf Gesundheitsdienstleister spezialisierte Telehealth-Plattform. Seine F\u00e4higkeit, sich mit verschiedenen medizinischen Ger\u00e4ten und Elektronischen Patientenakten (EHRs) zu integrieren, hebt es von anderen <b>Videokonferenzl\u00f6sungen<\/b> ab.<\/p>\n<p><a href=\"https:\/\/www.vsee.com\/\" rel=\"nofollow external noopener noreferrer\" target=\"_blank\" class=\"ofWSite\" data-wpel-link=\"external\">Offizielle Webseite<\/a><\/p>\n<h3 class='prosTitle'>Vorteile<\/h3>\n<ul class='listpc pros'>\n<li>Anpassbar f\u00fcr eine breite Palette von Gesundheitsdienstleistungen<\/li>\n<li>Beinhaltet eine Option f\u00fcr virtuelle Wartezimmer<\/li>\n<\/ul>\n<h3 class='consTitle'>Nachteile<\/h3>\n<ul class='listpc cons'>\n<li>K\u00f6nnte eine Einarbeitungszeit f\u00fcr neue Benutzer erfordern<\/li>\n<li>Verf\u00fcgt \u00fcber begrenzte Marketing-Tools im Vergleich zu Wettbewerbern<\/li>\n<\/ul>\n<\/section>\n<section>\n<div class=\"medal\">\n<div>&#129353;<\/div>\n<\/div>\n<h2><a href=\"https:\/\/www.gotomeeting.com\/en-ae\/solutions\/telehealth\" rel=\"nofollow external noopener noreferrer\" target=\"_blank\" data-wpel-link=\"external\">GoToMeeting<\/a><\/h2>\n<p>GoToMeeting ist f\u00fcr viele Gesundheitsorganisationen aufgrund seiner Benutzerfreundlichkeit und Kosteneffektivit\u00e4t seit langem ein Grundpfeiler. Seine <b>HIPAA-konformen<\/b> Funktionen machen virtuelle Besuche zum Kinderspiel, w\u00e4hrend sie gleichzeitig Privatsph\u00e4re und Sicherheit wahren.<\/p>\n<p><a href=\"https:\/\/www.gotomeeting.com\/en-ae\/solutions\/telehealth\" rel=\"nofollow external noopener noreferrer\" target=\"_blank\" class=\"ofWSite\" data-wpel-link=\"external\">Offizielle Webseite<\/a><\/p>\n<h3 class='prosTitle'>Vorteile<\/h3>\n<ul class='listpc pros'>\n<li>Einfache Einrichtung und Integration in t\u00e4gliche Arbeitsabl\u00e4ufe<\/li>\n<li>Wettbewerbsf\u00e4hige Preisgestaltung f\u00fcr Gesundheitsbudgets<\/li>\n<\/ul>\n<h3 class='consTitle'>Nachteile<\/h3>\n<ul class='listpc cons'>\n<li>K\u00f6nnte von fortgeschritteneren Funktionen profitieren<\/li>\n<li>Videoqualit\u00e4t kann je nach Internetverbindung variieren<\/li>\n<\/ul>\n<\/section>\n<section>\n<div class=\"no-medal\">\n<div>4<\/div>\n<\/div>\n<h2><a href=\"https:\/\/www.webex.com\/solutions\/healthcare.html\" rel=\"nofollow external noopener noreferrer\" target=\"_blank\" data-wpel-link=\"external\">Cisco Webex f\u00fcr das Gesundheitswesen<\/a><\/h2>\n<p>Cisco Webex f\u00fcr das Gesundheitswesen wird von der renommierten Sicherheitsinfrastruktur von Cisco unterst\u00fctzt, was es zu einer vertrauensw\u00fcrdigen <b>Videokonferenz<\/b>-Option f\u00fcr medizinisches Fachpersonal macht. Es unterst\u00fctzt verschiedene Arbeitsabl\u00e4ufe im Gesundheitswesen und stellt sicher, dass PHI sicher bleibt.<\/p>\n<p><a href=\"https:\/\/www.webex.com\/solutions\/healthcare.html\" rel=\"nofollow external noopener noreferrer\" target=\"_blank\" class=\"ofWSite\" data-wpel-link=\"external\">Offizielle Webseite<\/a><\/p>\n<h3 class='prosTitle'>Pro<\/h3>\n<ul class='listpc pros'>\n<li>Robuste Sicherheit mit einem vertrauensw\u00fcrdigen Namen in der Technologie<\/li>\n<li>Integriert mit medizinischen Ger\u00e4ten f\u00fcr Echtzeit-Datenaustausch<\/li>\n<\/ul>\n<h3 class='consTitle'>Kontra<\/h3>\n<ul class='listpc cons'>\n<li>H\u00f6here Kosten aufgrund von Unternehmensfunktionen<\/li>\n<li>Eventuell zu komplex f\u00fcr kleinere Praxen<\/li>\n<\/ul>\n<\/section>\n<section>\n<div class=\"no-medal\">\n<div>5<\/div>\n<\/div>\n<h2><a href=\"https:\/\/doxy.me\/\" rel=\"nofollow external noopener noreferrer\" target=\"_blank\" data-wpel-link=\"external\">Doxy.me<\/a><\/h2>\n<p><b>Doxy.me<\/b> ist eine Telemedizin-Plattform, die f\u00fcr ihr simples Design und ihre Zug\u00e4nglichkeit bekannt ist. Da sie webbasiert ist, entf\u00e4llt f\u00fcr die Patienten die Notwendigkeit, Software herunterzuladen, was virtuelle Besuche problemlos und <b>HIPAA-konform<\/b> macht.<\/p>\n<p><a href=\"https:\/\/doxy.me\/\" rel=\"nofollow external noopener noreferrer\" target=\"_blank\" class=\"ofWSite\" data-wpel-link=\"external\">Offizielle Webseite<\/a><\/p>\n<h3 class='prosTitle'>Pro<\/h3>\n<ul class='listpc pros'>\n<li>Keine Softwareinstallation f\u00fcr Patienten erforderlich<\/li>\n<li>Kostenlose Version mit Basisfunktionen verf\u00fcgbar<\/li>\n<\/ul>\n<h3 class='consTitle'>Kontra<\/h3>\n<ul class='listpc cons'>\n<li>Begrenzte Funktionalit\u00e4t in der kostenlosen Stufe<\/li>\n<li>Premiumfunktionen erfordern ein Abonnement<\/li>\n<\/ul>\n<\/section>\n<section>\n<h2>Schlussfolgerung:<\/h2>\n<div class=\"nonp\">\n<p> Zusammenfassend bietet dieser Artikel einen umfassenden \u00dcberblick \u00fcber die besten HIPAA-konformen Videokonferenzplattformen, die jeweils einzigartige Funktionen und Vorteile bieten, die auf den Gesundheitssektor zugeschnitten sind. Von der benutzerfreundlichen Schnittstelle von Zoom f\u00fcr das Gesundheitswesen bis zur Zug\u00e4nglichkeit von Doxy.me decken diese Plattformen ein breites Spektrum an Bed\u00fcrfnissen und Budgets ab und betonen die Bedeutung einer sicheren und effizienten Patientenkommunikation. Die Auswahl des richtigen Tools erfordert eine Abw\u00e4gung von Faktoren wie Benutzerfreundlichkeit, Integrationsf\u00e4higkeit und Kosten, und dabei immer unter Einhaltung der HIPAA-Standards. Die richtige Videoplattform sorgt nicht nur f\u00fcr Konformit\u00e4t, sondern verbessert auch die Qualit\u00e4t der Versorgung und vereinfacht die Kommunikation im Gesundheitswesen.<\/p>\n<p>Zuletzt m\u00f6chte ich \u00fcber die Schnittstelle zwischen Technologie und Compliance sprechen, insbesondere \u00fcber die Rolle von <a href=\"https:\/\/blog.pdfliner.com\/hipaa-electronic-signature-software-guide\" rel=\"dofollow external noopener noreferrer\" target=\"_blank\" data-wpel-link=\"external\"><b>HIPAA-konforme elektronische Signaturen<\/b><\/a>. Die Sicherstellung der Integrit\u00e4t und Authentizit\u00e4t von Einwilligungsformularen der Patienten, Rezepten und anderen medizinischen Dokumenten ist im digitalen Bereich ebenso entscheidend wie pers\u00f6nlich. Hier werden elektronische Signaturen zum Game-Changer. Sie erm\u00f6glichen eine sichere, nachpr\u00fcfbare und effiziente Dokumentation und sparen Zeit und Ressourcen sowohl f\u00fcr den Gesundheitsdienstleister als auch f\u00fcr die Patienten.<\/p>\n<p>Vor der Einf\u00fchrung einer <b>elektronischen Signaturl\u00f6sung<\/b> in Ihre Praxis ist es wichtig, deren HIPAA-Konformit\u00e4t zu bewerten und sicherzustellen, dass sie ausreichende Sicherheitsma\u00dfnahmen zum Schutz von PHI beinhaltet. \u00dcberlegen Sie auch, wie diese L\u00f6sungen in Ihre aktuellen Systeme integriert werden k\u00f6nnen, um den gesamten Patientenversorgungsprozess zu optimieren.<\/p>\n<p>Letztendlich verspricht die Integration dieser Technologien nicht nur eine erh\u00f6hte Sicherheit und Konformit\u00e4t, sondern auch eine Verbesserung der Patientenversorgungsstandards. Mit der Weiterentwicklung des Gesundheitswesens werden sich auch die Werkzeuge weiterentwickeln, auf die wir uns verlassen, jedes mit dem Ziel, au\u00dfergew\u00f6hnliche Gesundheitsdienstleistungen f\u00fcr Bed\u00fcrftige bereitzustellen.<\/p>\n<\/div>\n<\/section>\n","protected":false},"excerpt":{"rendered":"<p>Beste HIPAA-konforme Videoplattformen Als Gesundheitsfachmann habe ich mich insbesondere w\u00e4hrend der Pandemie auf Videokonferenzen f\u00fcr Beratungen, Teammeetings und Telehealth-Sitzungen verlassen. Der Einsatz von Tools, die mit dem Health Insurance Portability and Accountability Act (HIPAA) konform sind, war mein h\u00f6chstes Gebot, um Patientenvertraulichkeit und sicheren Datenaustausch zu gew\u00e4hrleisten. In diesem Artikel werde ich meine Einblicke in [&hellip;]<\/p>\n","protected":false},"author":2,"featured_media":20076,"parent":0,"menu_order":0,"comment_status":"closed","ping_status":"closed","template":"chromecast.php","meta":{"_stopmodifiedupdate":false,"_modified_date":"","_lmt_disableupdate":"yes","_lmt_disable":""},"acf":[],"yoast_head":"<!-- This site is optimized with the Yoast SEO plugin v20.9 - https:\/\/yoast.com\/wordpress\/plugins\/seo\/ -->\n<title>Beste HIPAA-konforme Videokonferenzplattformen<\/title>\n<meta name=\"robots\" content=\"index, follow, max-snippet:-1, max-image-preview:large, max-video-preview:-1\" \/>\n<link rel=\"canonical\" href=\"https:\/\/howto.ping.fm\/de\/hipaa-compliant-video-platforms\/\" \/>\n<meta property=\"og:locale\" content=\"de_DE\" \/>\n<meta property=\"og:type\" content=\"article\" \/>\n<meta property=\"og:title\" content=\"Beste HIPAA-konforme Videokonferenzplattformen\" \/>\n<meta property=\"og:description\" content=\"Beste HIPAA-konforme Videoplattformen Als Gesundheitsfachmann habe ich mich insbesondere w\u00e4hrend der Pandemie auf Videokonferenzen f\u00fcr Beratungen, Teammeetings und Telehealth-Sitzungen verlassen. Der Einsatz von Tools, die mit dem Health Insurance Portability and Accountability Act (HIPAA) konform sind, war mein h\u00f6chstes Gebot, um Patientenvertraulichkeit und sicheren Datenaustausch zu gew\u00e4hrleisten. In diesem Artikel werde ich meine Einblicke in [&hellip;]\" \/>\n<meta property=\"og:url\" content=\"https:\/\/howto.ping.fm\/de\/hipaa-compliant-video-platforms\/\" \/>\n<meta property=\"og:site_name\" content=\"Wie man &amp; Beste Software\" \/>\n<meta property=\"article:modified_time\" content=\"2024-03-04T09:43:17+00:00\" \/>\n<meta property=\"og:image\" content=\"https:\/\/www.ping.fm\/howto\/wp-content\/uploads\/2024\/04\/Best-HIPAA-Compliant-Video-Platforms-German.jpg\" \/>\n\t<meta property=\"og:image:width\" content=\"1280\" \/>\n\t<meta property=\"og:image:height\" content=\"731\" \/>\n\t<meta property=\"og:image:type\" content=\"image\/jpeg\" \/>\n<meta name=\"twitter:card\" content=\"summary_large_image\" \/>\n<meta name=\"twitter:label1\" content=\"Est. reading time\" \/>\n\t<meta name=\"twitter:data1\" content=\"4 Minuten\" \/>\n<script type=\"application\/ld+json\" class=\"yoast-schema-graph\">{\"@context\":\"https:\/\/schema.org\",\"@graph\":[{\"@type\":\"WebPage\",\"@id\":\"https:\/\/howto.ping.fm\/de\/hipaa-compliant-video-platforms\/\",\"url\":\"https:\/\/howto.ping.fm\/de\/hipaa-compliant-video-platforms\/\",\"name\":\"Beste HIPAA-konforme Videokonferenzplattformen\",\"isPartOf\":{\"@id\":\"https:\/\/howto.ping.fm\/de\/#website\"},\"datePublished\":\"2024-01-22T15:38:05+00:00\",\"dateModified\":\"2024-03-04T09:43:17+00:00\",\"breadcrumb\":{\"@id\":\"https:\/\/howto.ping.fm\/de\/hipaa-compliant-video-platforms\/#breadcrumb\"},\"inLanguage\":\"de-DE\",\"potentialAction\":[{\"@type\":\"ReadAction\",\"target\":[\"https:\/\/howto.ping.fm\/de\/hipaa-compliant-video-platforms\/\"]}]},{\"@type\":\"BreadcrumbList\",\"@id\":\"https:\/\/howto.ping.fm\/de\/hipaa-compliant-video-platforms\/#breadcrumb\",\"itemListElement\":[{\"@type\":\"ListItem\",\"position\":1,\"name\":\"Home\",\"item\":\"https:\/\/www.ping.fm\/howto\/de\/\"},{\"@type\":\"ListItem\",\"position\":2,\"name\":\"Beste HIPAA-konforme Videoplattformen\"}]},{\"@type\":\"WebSite\",\"@id\":\"https:\/\/howto.ping.fm\/de\/#website\",\"url\":\"https:\/\/howto.ping.fm\/de\/\",\"name\":\"Wie man & Beste Software\",\"description\":\"\",\"potentialAction\":[{\"@type\":\"SearchAction\",\"target\":{\"@type\":\"EntryPoint\",\"urlTemplate\":\"https:\/\/howto.ping.fm\/de\/?s={search_term_string}\"},\"query-input\":\"required name=search_term_string\"}],\"inLanguage\":\"de-DE\"}]}<\/script>\n<!-- \/ Yoast SEO plugin. -->","yoast_head_json":{"title":"Beste HIPAA-konforme Videokonferenzplattformen","robots":{"index":"index","follow":"follow","max-snippet":"max-snippet:-1","max-image-preview":"max-image-preview:large","max-video-preview":"max-video-preview:-1"},"canonical":"https:\/\/howto.ping.fm\/de\/hipaa-compliant-video-platforms\/","og_locale":"de_DE","og_type":"article","og_title":"Beste HIPAA-konforme Videokonferenzplattformen","og_description":"Beste HIPAA-konforme Videoplattformen Als Gesundheitsfachmann habe ich mich insbesondere w\u00e4hrend der Pandemie auf Videokonferenzen f\u00fcr Beratungen, Teammeetings und Telehealth-Sitzungen verlassen. Der Einsatz von Tools, die mit dem Health Insurance Portability and Accountability Act (HIPAA) konform sind, war mein h\u00f6chstes Gebot, um Patientenvertraulichkeit und sicheren Datenaustausch zu gew\u00e4hrleisten. In diesem Artikel werde ich meine Einblicke in [&hellip;]","og_url":"https:\/\/howto.ping.fm\/de\/hipaa-compliant-video-platforms\/","og_site_name":"Wie man & Beste Software","article_modified_time":"2024-03-04T09:43:17+00:00","og_image":[{"width":1280,"height":731,"url":"https:\/\/www.ping.fm\/howto\/wp-content\/uploads\/2024\/04\/Best-HIPAA-Compliant-Video-Platforms-German.jpg","type":"image\/jpeg"}],"twitter_card":"summary_large_image","twitter_misc":{"Est. reading time":"4 Minuten"},"schema":{"@context":"https:\/\/schema.org","@graph":[{"@type":"WebPage","@id":"https:\/\/howto.ping.fm\/de\/hipaa-compliant-video-platforms\/","url":"https:\/\/howto.ping.fm\/de\/hipaa-compliant-video-platforms\/","name":"Beste HIPAA-konforme Videokonferenzplattformen","isPartOf":{"@id":"https:\/\/howto.ping.fm\/de\/#website"},"datePublished":"2024-01-22T15:38:05+00:00","dateModified":"2024-03-04T09:43:17+00:00","breadcrumb":{"@id":"https:\/\/howto.ping.fm\/de\/hipaa-compliant-video-platforms\/#breadcrumb"},"inLanguage":"de-DE","potentialAction":[{"@type":"ReadAction","target":["https:\/\/howto.ping.fm\/de\/hipaa-compliant-video-platforms\/"]}]},{"@type":"BreadcrumbList","@id":"https:\/\/howto.ping.fm\/de\/hipaa-compliant-video-platforms\/#breadcrumb","itemListElement":[{"@type":"ListItem","position":1,"name":"Home","item":"https:\/\/www.ping.fm\/howto\/de\/"},{"@type":"ListItem","position":2,"name":"Beste HIPAA-konforme Videoplattformen"}]},{"@type":"WebSite","@id":"https:\/\/howto.ping.fm\/de\/#website","url":"https:\/\/howto.ping.fm\/de\/","name":"Wie man & Beste Software","description":"","potentialAction":[{"@type":"SearchAction","target":{"@type":"EntryPoint","urlTemplate":"https:\/\/howto.ping.fm\/de\/?s={search_term_string}"},"query-input":"required name=search_term_string"}],"inLanguage":"de-DE"}]}},"_links":{"self":[{"href":"https:\/\/howto.ping.fm\/de\/wp-json\/wp\/v2\/pages\/17831"}],"collection":[{"href":"https:\/\/howto.ping.fm\/de\/wp-json\/wp\/v2\/pages"}],"about":[{"href":"https:\/\/howto.ping.fm\/de\/wp-json\/wp\/v2\/types\/page"}],"author":[{"embeddable":true,"href":"https:\/\/howto.ping.fm\/de\/wp-json\/wp\/v2\/users\/2"}],"replies":[{"embeddable":true,"href":"https:\/\/howto.ping.fm\/de\/wp-json\/wp\/v2\/comments?post=17831"}],"version-history":[{"count":1,"href":"https:\/\/howto.ping.fm\/de\/wp-json\/wp\/v2\/pages\/17831\/revisions"}],"predecessor-version":[{"id":20075,"href":"https:\/\/howto.ping.fm\/de\/wp-json\/wp\/v2\/pages\/17831\/revisions\/20075"}],"wp:featuredmedia":[{"embeddable":true,"href":"https:\/\/howto.ping.fm\/de\/wp-json\/wp\/v2\/media\/20076"}],"wp:attachment":[{"href":"https:\/\/howto.ping.fm\/de\/wp-json\/wp\/v2\/media?parent=17831"}],"curies":[{"name":"wp","href":"https:\/\/api.w.org\/{rel}","templated":true}]}}