{"id":24545,"date":"2024-10-02T00:00:00","date_gmt":"2024-10-02T00:00:00","guid":{"rendered":"https:\/\/howto.ping.fm\/top-tools-for-repairing-corrupted-mp4-files\/"},"modified":"2024-10-07T07:21:46","modified_gmt":"2024-10-07T07:21:46","slug":"top-tools-for-repairing-corrupted-mp4-files","status":"publish","type":"page","link":"https:\/\/howto.ping.fm\/da\/top-tools-for-repairing-corrupted-mp4-files\/","title":{"rendered":"MP4-filer i topv\u00e6rkt\u00f8jer til reparation af beskadigede"},"content":{"rendered":"<section>\n<h1>Topv\u00e6rkt\u00f8jer til at reparere korrupte MP4-filer<\/h1>\n<div class=\"inbrief\">\n<div>                     <img src=\"https:\/\/www.ping.fm\/howto\/wp-content\/uploads\/ai\/Top-Tools-for-Repairing-Corrupted-MP4-Files.jpg\" alt=\"Top Tools for Repairing Corrupted MP4 Files\" title=\"Top Tools for Repairing Corrupted MP4 Files\" width=\"1280\" height=\"720\">                     <\/p>\n<p>At h\u00e5ndtere korrupte MP4-filer kan v\u00e6re en stor hovedpine, is\u00e6r n\u00e5r du har kritisk videoindhold p\u00e5 spil. Det er noget, vi alle st\u00e5r over for p\u00e5 et tidspunkt, uanset om det er p\u00e5 grund af en d\u00e5rlig download, fejlbeh\u00e6ftet hardware eller et pludseligt str\u00f8msvigt under optagelse. Heldigvis kan flere v\u00e6rkt\u00f8jer hj\u00e6lpe dig med at redde dine dyrebare filer. I dag deler jeg mine personlige erfaringer med nogle af de bedste v\u00e6rkt\u00f8jer tilg\u00e6ngelige til at reparere korrupte MP4-filer. Fra smarte online reparation v\u00e6rkt\u00f8jer til solid desktop software, vil denne artikel guide dig p\u00e5 vejen til genopretning. S\u00e5 lad os dykke ned og udforske disse livredderne.<\/p>\n<\/div>\n<\/div>\n<\/section>\n<section>\n<div class=\"medal\">\n<div>&#129351;<\/div>\n<\/div>\n<h2><a href=\"https:\/\/repair.cleverfiles.com\" rel=\"nofollow noopener\" target=\"_blank\">Clever Gratis Online Video Reparation V\u00e6rkt\u00f8j<\/a><\/h2>\n<p><img src=\"https:\/\/www.ping.fm\/howto\/wp-content\/uploads\/ai\/https---repair-cleverfiles-comwww_ping_fmhowtobest-tools-to-fix-corrupted-mp4.jpg\" alt=\"https:\/\/repair.cleverfiles.com screenshot\" width=\"1280\" height=\"720\"><\/p>\n<p>Det <b>Clever Gratis Online Video Reparation V\u00e6rkt\u00f8j<\/b> er et fremragende valg for dem, der har brug for en hurtig og effektiv l\u00f8sning til at reparere deres korrupte MP4-filer. Dette v\u00e6rkt\u00f8j er browserbaseret, hvilket betyder, at du ikke beh\u00f8ver at downloade eller installere noget. Det er nemt og intuitivt at bruge den online interface. Du skal blot uploade den korrupte videofil, og v\u00e6rkt\u00f8jet begynder at arbejde med at reparere eventuelle skader og gendanne filen til en spilbar tilstand.<\/p>\n<p><a href=\"https:\/\/repair.cleverfiles.com\" rel=\"nofollow noopener\" target=\"_blank\" class=\"ofWSite\">Officiel hjemmeside<\/a><\/p>\n<h3 class=\"prosTitle\">Fordele<\/h3>\n<ul class=\"listpc pros\">\n<li>Hurtig og nem at bruge<\/li>\n<li>Ingen installation n\u00f8dvendig<\/li>\n<\/ul>\n<h3 class=\"consTitle\">Ulemper<\/h3>\n<ul class=\"listpc cons\">\n<li>Kr\u00e6ver stabil internetforbindelse<\/li>\n<li>Underst\u00f8tter muligvis ikke alle filformater<\/li>\n<\/ul>\n<\/section>\n<section>\n<div class=\"medal\">\n<div>&#129352;<\/div>\n<\/div>\n<h2>Video Reparation V\u00e6rkt\u00f8j<\/h2>\n<p>Det <b>Video Reparation V\u00e6rkt\u00f8j<\/b> er en kraftfuld desktop applikation designet til at reparere korrupte videofiler. Det arbejder med en r\u00e6kke videoformater, hvilket g\u00f8r det alsidigt for forskellige behov. V\u00e6rkt\u00f8jet bruger avancerede algoritmer til at identificere og reparere korruptioner i filen, s\u00e5som ramme spring og manglende segmenter. Det er is\u00e6r effektivt for filer, der er blevet korrupte p\u00e5 grund af afbrudte optagelser eller forkert lagerh\u00e5ndtering.<\/p>\n<h3 class=\"prosTitle\">Fordele<\/h3>\n<ul class=\"listpc pros\">\n<li>Underst\u00f8tter flere videoformater<\/li>\n<li>Avancerede reparationsalgoritmer<\/li>\n<\/ul>\n<h3 class=\"consTitle\">Ulemper<\/h3>\n<ul class=\"listpc cons\">\n<li>Kr\u00e6ver installation<\/li>\n<li>Ikke gratis<\/li>\n<\/ul>\n<\/section>\n<section>\n<div class=\"medal\">\n<div>&#129353;<\/div>\n<\/div>\n<h2><a href=\"https:\/\/restore.media\" rel=\"nofollow noopener\" target=\"_blank\">Restore.Media<\/a><\/h2>\n<p><img src=\"https:\/\/www.ping.fm\/howto\/wp-content\/uploads\/ai\/https---restore-mediawww_ping_fmhowtobest-tools-to-fix-corrupted-mp4.jpg\" alt=\"https:\/\/restore.media screenshot\" width=\"1280\" height=\"720\"><\/p>\n<p><b>Restore.Media<\/b> er en online tjeneste, der specialiserer sig i genopretning af korrupte videofiler. Platformen underst\u00f8tter en r\u00e6kke video- og lydformater. En bem\u00e6rkelsesv\u00e6rdig funktion er dens evne til at reparere filer optaget p\u00e5 forskellige enheder, herunder smartphones, kameraer og droner. Brugerne skal uploade deres korrupte filer, og tjenesten vil starte reparationsprocessen, der tilbyder en forh\u00e5ndsvisning af den reparerede video, f\u00f8r du foretager nogen forpligtelser.<\/p>\n<p><a href=\"https:\/\/restore.media\" rel=\"nofollow noopener\" target=\"_blank\" class=\"ofWSite\">Officiel hjemmeside<\/a><\/p>\n<h3 class=\"prosTitle\">Fordele<\/h3>\n<ul class=\"listpc pros\">\n<li>Underst\u00f8tter en bred vifte af enheder<\/li>\n<li>Tilbyder forh\u00e5ndsvisning f\u00f8r k\u00f8b<\/li>\n<\/ul>\n<h3 class=\"consTitle\">Ulemper<\/h3>\n<ul class=\"listpc cons\">\n<li>Betalt tjeneste<\/li>\n<li>Begr\u00e6nsninger p\u00e5 uploadst\u00f8rrelse<\/li>\n<\/ul>\n<\/section>\n<section>\n<div class=\"no-medal\">\n<div>4<\/div>\n<\/div>\n<h2><a href=\"https:\/\/stellarinfo.com\" rel=\"nofollow noopener\" target=\"_blank\">Stellar Repair for Video<\/a><\/h2>\n<p><img src=\"https:\/\/www.ping.fm\/howto\/wp-content\/uploads\/ai\/https---stellarinfo-comwww_ping_fmhowtobest-tools-to-fix-corrupted-mp4.jpg\" alt=\"https:\/\/stellarinfo.com screenshot\" width=\"1280\" height=\"720\"><\/p>\n<p><b>Stellar Repair for Video<\/b> er et velkendt softwarev\u00e6rkt\u00f8j inden for filreparationsomr\u00e5det. Denne omfattende applikation kan reparere forskellige videoformater og er ret effektiv til at h\u00e5ndtere alvorlige korrupte problemer. Den tillader batchbehandling, s\u00e5 du kan reparere flere filer p\u00e5 \u00e9n gang. Dette v\u00e6rkt\u00f8j anbefales st\u00e6rkt til at reparere filer, der er beskadiget under overf\u00f8rsler og downloads.<\/p>\n<p><a href=\"https:\/\/stellarinfo.com\" rel=\"nofollow noopener\" target=\"_blank\" class=\"ofWSite\">Officiel hjemmeside<\/a><\/p>\n<h3 class=\"prosTitle\">Fordele<\/h3>\n<ul class=\"listpc pros\">\n<li>Underst\u00f8tter batchbehandling<\/li>\n<li>H\u00e5ndterer alvorlig korruption<\/li>\n<\/ul>\n<h3 class=\"consTitle\">Ulemper<\/h3>\n<ul class=\"listpc cons\">\n<li>Kan v\u00e6re langsom med store filer<\/li>\n<li>Ikke gratis<\/li>\n<\/ul>\n<\/section>\n<section>\n<div class=\"no-medal\">\n<div>5<\/div>\n<\/div>\n<h2><a href=\"https:\/\/www.reddit.com\/r\/DataRecoveryHelp\/comments\/1d6irir\/easeus_data_recovery_wizard_for_windows_review_is\/\" rel=\"nofollow noopener\" target=\"_blank\">EaseUS Data Recovery Wizard<\/a><\/h2>\n<p><img src=\"https:\/\/www.ping.fm\/howto\/wp-content\/uploads\/ai\/https---www-reddit-com-r-DataRecoveryHelp-comments-1d6irir-easeus_data_recovery_wizard_for_windows_review_is-www_ping_fmhowtobest-tools-to-fix-corrupted-mp4.jpg\" alt=\"https:\/\/www.reddit.com\/r\/DataRecoveryHelp\/comments\/1d6irir\/easeus_data_recovery_wizard_for_windows_review_is\/ screenshot\" width=\"1280\" height=\"720\"><\/p>\n<p><b>EaseUS Data Recovery Wizard<\/b> er ikke kun et filgendannelsesv\u00e6rkt\u00f8j, men har ogs\u00e5 en robust videoreparationskomponent. Det er s\u00e6rligt godt til at gendanne filer, der er blevet slettet ved et uheld eller p\u00e5 anden m\u00e5de er g\u00e5et tabt. V\u00e6rkt\u00f8jet anvender sofistikerede algoritmer til at opdage og rette filproblemer. Det underst\u00f8tter forskellige videoformater og er brugervenligt, hvilket g\u00f8r det til et solidt valg for mindre teknisk kyndige personer.<\/p>\n<p><a href=\"https:\/\/www.reddit.com\/r\/DataRecoveryHelp\/comments\/1d6irir\/easeus_data_recovery_wizard_for_windows_review_is\/\" rel=\"nofollow noopener\" target=\"_blank\" class=\"ofWSite\">Officiel hjemmeside<\/a><\/p>\n<h3 class=\"prosTitle\">Fordele<\/h3>\n<ul class=\"listpc pros\">\n<li>Nem at bruge<\/li>\n<li>Underst\u00f8tter flere formater<\/li>\n<\/ul>\n<h3 class=\"consTitle\">Ulemper<\/h3>\n<ul class=\"listpc cons\">\n<li>Begr\u00e6nset gratis version<\/li>\n<li>Kan kr\u00e6ve flere fors\u00f8g for alvorlige korruptionssager<\/li>\n<\/ul>\n<\/section>\n<section>\n<div class=\"no-medal\">\n<div>6<\/div>\n<\/div>\n<h2><a href=\"https:\/\/www.remosoftware.com\" rel=\"nofollow noopener\" target=\"_blank\">Remo Repair MOV<\/a><\/h2>\n<p><img src=\"https:\/\/www.ping.fm\/howto\/wp-content\/uploads\/ai\/https---www-remosoftware-comwww_ping_fmhowtobest-tools-to-fix-corrupted-mp4.jpg\" alt=\"https:\/\/www.remosoftware.com screenshot\" width=\"1280\" height=\"720\"><\/p>\n<p><b>Remo Repair MOV<\/b> er specielt designet til at rette korrupte MOV- og MP4-filer. Denne software arbejder ved at udtr\u00e6kke audio- og videostr\u00f8mme separat, reparere dem og derefter sl\u00e5 dem sammen igen. Det er s\u00e6rligt effektivt for filer, der er korrumperet p\u00e5 grund af d\u00e5rlige downloads eller fejl under optagelse. Det er et godt v\u00e6rkt\u00f8j at have i dit arsenal, hvis du ofte besk\u00e6ftiger dig med disse filtyper.<\/p>\n<p><a href=\"https:\/\/www.remosoftware.com\" rel=\"nofollow noopener\" target=\"_blank\" class=\"ofWSite\">Officiel hjemmeside<\/a><\/p>\n<h3 class=\"prosTitle\">Fordele<\/h3>\n<ul class=\"listpc pros\">\n<li>H\u00f8jt specialiseret<\/li>\n<li>Effektiv til almindelige korruptionsproblemer<\/li>\n<\/ul>\n<h3 class=\"consTitle\">Ulemper<\/h3>\n<ul class=\"listpc cons\">\n<li>Begr\u00e6nset til MOV og MP4 filer<\/li>\n<li>Betalt software<\/li>\n<\/ul>\n<\/section>\n<section>\n<div class=\"no-medal\">\n<div>7<\/div>\n<\/div>\n<h2><a href=\"https:\/\/grauonline.de\" rel=\"nofollow noopener\" target=\"_blank\">Grau GmbH Video Repair Tool<\/a><\/h2>\n<p><img src=\"https:\/\/www.ping.fm\/howto\/wp-content\/uploads\/ai\/https---grauonline-dewww_ping_fmhowtobest-tools-to-fix-corrupted-mp4.jpg\" alt=\"https:\/\/grauonline.de screenshot\" width=\"1280\" height=\"720\"><\/p>\n<p><b>Grau GmbH Video Repair Tool<\/b> er en anden fremragende mulighed til at rette korrupte MP4-filer. Det underst\u00f8tter en bred vifte af formater og enheder, hvilket g\u00f8r det til en alsidig tilf\u00f8jelse til din v\u00e6rkt\u00f8jskasse. V\u00e6rkt\u00f8jet hj\u00e6lper dig med at reparere videoer, der har lidt under d\u00e5rlige sektorer, vira eller str\u00f8mafbrydelser. Brugerfladen er ligetil og g\u00f8r den tilg\u00e6ngelig selv for nybegyndere.<\/p>\n<p><a href=\"https:\/\/grauonline.de\" rel=\"nofollow noopener\" target=\"_blank\" class=\"ofWSite\">Officiel hjemmeside<\/a><\/p>\n<h3 class=\"prosTitle\">Fordele<\/h3>\n<ul class=\"listpc pros\">\n<li>Bred formatst\u00f8tte<\/li>\n<li>Brugervenlig gr\u00e6nseflade<\/li>\n<\/ul>\n<h3 class=\"consTitle\">Ulemper<\/h3>\n<ul class=\"listpc cons\">\n<li>Begr\u00e6nsninger i pr\u00f8veversion<\/li>\n<li>Kan v\u00e6re langsom med store filer<\/li>\n<\/ul>\n<\/section>\n<section>\n<h2>Se p\u00e5 Youtube: <a href=\"https:\/\/www.youtube.com\/watch?v=tBE_a_NFxIY\" target=\"_blank\" rel=\"noopener\">Topv\u00e6rkt\u00f8jer til reparation af korrupte MP4-filer<\/a><\/h2>\n<div class=\"nonp iframe\"><iframe width=\"420\" height=\"315\" src=\"\/\/www.youtube.com\/embed\/tBE_a_NFxIY\" frameborder=\"0\" allowfullscreen><\/iframe><\/div>\n<\/section>\n<section>\n<h2>Konklusion:<\/h2>\n<div class=\"nonp\">\n<p>Lad os dykke dybere ned i mekanikken bag, hvordan disse v\u00e6rkt\u00f8jer reparerer korrupte videoer, og nogle generelle bedste praksisser for h\u00e5ndtering af videofiler. <b>Korrumpering af videofiler<\/b> sker ofte p\u00e5 forskellige stadier \u2013 under optagelse, overf\u00f8rsel, redigering eller download. Forskellige v\u00e6rkt\u00f8jer tilbyder forskellige tilgange, hvilket g\u00f8r det essentielt at forst\u00e5 dine pr\u00e6cise behov, n\u00e5r du v\u00e6lger et v\u00e6rkt\u00f8j.<\/p>\n<p><b>Clever Free Online Video Repair Tool<\/b> skiller sig ud for sin enkelhed og hurtige ekspedition. Efterh\u00e5nden som cloud-baserede v\u00e6rkt\u00f8jer stiger i popularitet, er deres tilg\u00e6ngelighed og brugervenlighed forbedret drastisk. Det er dog vigtigt at have en stabil internetforbindelse for at undg\u00e5 yderligere problemer under reparationsprocessen. P\u00e5 den anden side tilbyder desktopv\u00e6rkt\u00f8jer som <b>Stellar Repair for Video<\/b> og <b>EaseUS Data Recovery Wizard<\/b> mere avancerede indstillinger og dybere reparationsmuligheder. Disse v\u00e6rkt\u00f8jer giver generelt bedre resultater for sv\u00e6rt korrupte filer, fordi de opererer direkte p\u00e5 din computers bearbejdelsesevne.<\/p>\n<p>En god praksis, n\u00e5r det kommer til h\u00e5ndtering af videoer, er implementeringen af en robust backupstrategi. V\u00e6rkt\u00f8jer som <a href='https:\/\/www.reddit.com\/r\/DataRecoveryHelp\/comments\/1d6irir\/easeus_data_recovery_wizard_for_windows_review_is\/' rel=\"nofollow noopener\" target='_blank'>EaseUS Data Recovery Wizard<\/a> tilbyder ogs\u00e5 <b>datagendannelses<\/b> funktioner, der giver dig en ekstra chance for at gendanne mistede fildata, selv hvis en reparation ikke lykkes. Det er ogs\u00e5 en god id\u00e9 at s\u00e6tte sig ind i de forskellige enheders ejendommeligheder for at undg\u00e5 mange almindelige faldgruber. For eksempel kan det at vide, hvordan man sikkert skubber lagerenheder ud, forst\u00e5 almindelige fejlmeddelelser og v\u00e6re opm\u00e6rksom p\u00e5 tegn p\u00e5 lagerfejl spare mange problemer.<\/p>\n<p>For igangv\u00e6rende projekter, der involverer HD eller 4K videoer, kan brugen af specialv\u00e6rkt\u00f8jer som <a href='https:\/\/repair.cleverfiles.com' rel=\"nofollow noopener\" target='_blank'>Clever Free Online Video Repair Tool<\/a> hj\u00e6lpe med at bevare videokvaliteten, samtidig med at almindelige problemer l\u00f8ses. Endelig er det, n\u00e5r man h\u00e5ndterer nye og avancerede codecs eller filformater, vigtigt at bruge opdaterede v\u00e6rkt\u00f8jer. Biblioteker og codecs opdateres hyppigt, s\u00e5 et for\u00e6ldet v\u00e6rkt\u00f8j kan m\u00e5ske ikke tolke nye filtyper korrekt.<\/p>\n<p>For mere information og en detaljeret sammenligning, tjek denne fremragende artikel om topv\u00e6rkt\u00f8jer til videoreparation: <a href='https:\/\/news.macgasm.net\/reviews\/online-video-repair-tools\/' rel=\"dofollow noopener\" target='_blank'>Reparer korrupte MP4-filer gratis<\/a>. Guiden d\u00e6kker forskellige metoder og v\u00e6rkt\u00f8jer, der hj\u00e6lper dig med at tr\u00e6ffe en kyndig beslutning baseret p\u00e5 dine specifikke behov.<\/p>\n<p>Husk, kunsten at fikse korrupte MP4-filer handler om at forst\u00e5 \u00e5rsagen til korrumperingen og v\u00e6lge det mest passende v\u00e6rkt\u00f8j til at h\u00e5ndtere det. Bliv ved med at l\u00e6re, hold dig opdateret, og dine chancer for succesfuld reparation af dine vigtige videofiler vil forbedre sig betydeligt.<\/p>\n<\/div>\n<\/section>\n<div class=\"extrablock\">\n<p>Opdag forskellige metoder til at reparere korrupte, brudte eller ul\u00e6selige MP4- og MOV videofiler online, gratis, ved hj\u00e6lp af software eller VLC.<\/p>\n<p>                             <a href=\"https:\/\/news.macgasm.net\/tips\/fix-corrupted-video-files\/\" rel=\"dofollow noopener\" target=\"_blank\">https:\/\/news.macgasm.net\/tips\/fix-corrupted-video-files\/<\/a>                         <\/div>\n","protected":false},"excerpt":{"rendered":"<p>Topv\u00e6rkt\u00f8jer til at reparere korrupte MP4-filer At h\u00e5ndtere korrupte MP4-filer kan v\u00e6re en stor hovedpine, is\u00e6r n\u00e5r du har kritisk videoindhold p\u00e5 spil. Det er noget, vi alle st\u00e5r over for p\u00e5 et tidspunkt, uanset om det er p\u00e5 grund af en d\u00e5rlig download, fejlbeh\u00e6ftet hardware eller et pludseligt str\u00f8msvigt under optagelse. Heldigvis kan flere [&hellip;]<\/p>\n","protected":false},"author":0,"featured_media":0,"parent":0,"menu_order":0,"comment_status":"closed","ping_status":"closed","template":"chromecast.php","meta":{"_stopmodifiedupdate":false,"_modified_date":"","_lmt_disableupdate":"","_lmt_disable":""},"acf":[],"yoast_head":"<!-- This site is optimized with the Yoast SEO plugin v20.9 - https:\/\/yoast.com\/wordpress\/plugins\/seo\/ -->\n<title>Reparationsv\u00e6rkt\u00f8j til beskadigede MP4-filer<\/title>\n<meta name=\"robots\" content=\"index, follow, max-snippet:-1, max-image-preview:large, max-video-preview:-1\" \/>\n<link rel=\"canonical\" href=\"https:\/\/howto.ping.fm\/da\/top-tools-for-repairing-corrupted-mp4-files\/\" \/>\n<meta property=\"og:locale\" content=\"da_DK\" \/>\n<meta property=\"og:type\" content=\"article\" \/>\n<meta property=\"og:title\" content=\"Reparationsv\u00e6rkt\u00f8j til beskadigede MP4-filer\" \/>\n<meta property=\"og:description\" content=\"Topv\u00e6rkt\u00f8jer til at reparere korrupte MP4-filer At h\u00e5ndtere korrupte MP4-filer kan v\u00e6re en stor hovedpine, is\u00e6r n\u00e5r du har kritisk videoindhold p\u00e5 spil. Det er noget, vi alle st\u00e5r over for p\u00e5 et tidspunkt, uanset om det er p\u00e5 grund af en d\u00e5rlig download, fejlbeh\u00e6ftet hardware eller et pludseligt str\u00f8msvigt under optagelse. Heldigvis kan flere [&hellip;]\" \/>\n<meta property=\"og:url\" content=\"https:\/\/howto.ping.fm\/da\/top-tools-for-repairing-corrupted-mp4-files\/\" \/>\n<meta property=\"og:site_name\" content=\"How To &amp; Best Software\" \/>\n<meta property=\"article:modified_time\" content=\"2024-10-07T07:21:46+00:00\" \/>\n<meta property=\"og:image\" content=\"https:\/\/www.ping.fm\/howto\/wp-content\/uploads\/ai\/Top-Tools-for-Repairing-Corrupted-MP4-Files.jpg\" \/>\n<meta name=\"twitter:card\" content=\"summary_large_image\" \/>\n<meta name=\"twitter:label1\" content=\"Est. reading time\" \/>\n\t<meta name=\"twitter:data1\" content=\"6 minutter\" \/>\n<script type=\"application\/ld+json\" class=\"yoast-schema-graph\">{\"@context\":\"https:\/\/schema.org\",\"@graph\":[{\"@type\":\"WebPage\",\"@id\":\"https:\/\/howto.ping.fm\/da\/top-tools-for-repairing-corrupted-mp4-files\/\",\"url\":\"https:\/\/howto.ping.fm\/da\/top-tools-for-repairing-corrupted-mp4-files\/\",\"name\":\"Reparationsv\u00e6rkt\u00f8j til beskadigede MP4-filer\",\"isPartOf\":{\"@id\":\"https:\/\/howto.ping.fm\/da\/#website\"},\"datePublished\":\"2024-10-02T00:00:00+00:00\",\"dateModified\":\"2024-10-07T07:21:46+00:00\",\"breadcrumb\":{\"@id\":\"https:\/\/howto.ping.fm\/da\/top-tools-for-repairing-corrupted-mp4-files\/#breadcrumb\"},\"inLanguage\":\"da-DK\",\"potentialAction\":[{\"@type\":\"ReadAction\",\"target\":[\"https:\/\/howto.ping.fm\/da\/top-tools-for-repairing-corrupted-mp4-files\/\"]}]},{\"@type\":\"BreadcrumbList\",\"@id\":\"https:\/\/howto.ping.fm\/da\/top-tools-for-repairing-corrupted-mp4-files\/#breadcrumb\",\"itemListElement\":[{\"@type\":\"ListItem\",\"position\":1,\"name\":\"Home\",\"item\":\"https:\/\/www.ping.fm\/howto\/da\/\"},{\"@type\":\"ListItem\",\"position\":2,\"name\":\"MP4-filer i topv\u00e6rkt\u00f8jer til reparation af beskadigede\"}]},{\"@type\":\"WebSite\",\"@id\":\"https:\/\/howto.ping.fm\/da\/#website\",\"url\":\"https:\/\/howto.ping.fm\/da\/\",\"name\":\"How To &amp; Best Software\",\"description\":\"\",\"potentialAction\":[{\"@type\":\"SearchAction\",\"target\":{\"@type\":\"EntryPoint\",\"urlTemplate\":\"https:\/\/howto.ping.fm\/da\/?s={search_term_string}\"},\"query-input\":\"required name=search_term_string\"}],\"inLanguage\":\"da-DK\"}]}<\/script>\n<!-- \/ Yoast SEO plugin. -->","yoast_head_json":{"title":"Reparationsv\u00e6rkt\u00f8j til beskadigede MP4-filer","robots":{"index":"index","follow":"follow","max-snippet":"max-snippet:-1","max-image-preview":"max-image-preview:large","max-video-preview":"max-video-preview:-1"},"canonical":"https:\/\/howto.ping.fm\/da\/top-tools-for-repairing-corrupted-mp4-files\/","og_locale":"da_DK","og_type":"article","og_title":"Reparationsv\u00e6rkt\u00f8j til beskadigede MP4-filer","og_description":"Topv\u00e6rkt\u00f8jer til at reparere korrupte MP4-filer At h\u00e5ndtere korrupte MP4-filer kan v\u00e6re en stor hovedpine, is\u00e6r n\u00e5r du har kritisk videoindhold p\u00e5 spil. Det er noget, vi alle st\u00e5r over for p\u00e5 et tidspunkt, uanset om det er p\u00e5 grund af en d\u00e5rlig download, fejlbeh\u00e6ftet hardware eller et pludseligt str\u00f8msvigt under optagelse. Heldigvis kan flere [&hellip;]","og_url":"https:\/\/howto.ping.fm\/da\/top-tools-for-repairing-corrupted-mp4-files\/","og_site_name":"How To &amp; Best Software","article_modified_time":"2024-10-07T07:21:46+00:00","og_image":[{"url":"https:\/\/www.ping.fm\/howto\/wp-content\/uploads\/ai\/Top-Tools-for-Repairing-Corrupted-MP4-Files.jpg"}],"twitter_card":"summary_large_image","twitter_misc":{"Est. reading time":"6 minutter"},"schema":{"@context":"https:\/\/schema.org","@graph":[{"@type":"WebPage","@id":"https:\/\/howto.ping.fm\/da\/top-tools-for-repairing-corrupted-mp4-files\/","url":"https:\/\/howto.ping.fm\/da\/top-tools-for-repairing-corrupted-mp4-files\/","name":"Reparationsv\u00e6rkt\u00f8j til beskadigede MP4-filer","isPartOf":{"@id":"https:\/\/howto.ping.fm\/da\/#website"},"datePublished":"2024-10-02T00:00:00+00:00","dateModified":"2024-10-07T07:21:46+00:00","breadcrumb":{"@id":"https:\/\/howto.ping.fm\/da\/top-tools-for-repairing-corrupted-mp4-files\/#breadcrumb"},"inLanguage":"da-DK","potentialAction":[{"@type":"ReadAction","target":["https:\/\/howto.ping.fm\/da\/top-tools-for-repairing-corrupted-mp4-files\/"]}]},{"@type":"BreadcrumbList","@id":"https:\/\/howto.ping.fm\/da\/top-tools-for-repairing-corrupted-mp4-files\/#breadcrumb","itemListElement":[{"@type":"ListItem","position":1,"name":"Home","item":"https:\/\/www.ping.fm\/howto\/da\/"},{"@type":"ListItem","position":2,"name":"MP4-filer i topv\u00e6rkt\u00f8jer til reparation af beskadigede"}]},{"@type":"WebSite","@id":"https:\/\/howto.ping.fm\/da\/#website","url":"https:\/\/howto.ping.fm\/da\/","name":"How To &amp; Best Software","description":"","potentialAction":[{"@type":"SearchAction","target":{"@type":"EntryPoint","urlTemplate":"https:\/\/howto.ping.fm\/da\/?s={search_term_string}"},"query-input":"required name=search_term_string"}],"inLanguage":"da-DK"}]}},"_links":{"self":[{"href":"https:\/\/howto.ping.fm\/da\/wp-json\/wp\/v2\/pages\/24545"}],"collection":[{"href":"https:\/\/howto.ping.fm\/da\/wp-json\/wp\/v2\/pages"}],"about":[{"href":"https:\/\/howto.ping.fm\/da\/wp-json\/wp\/v2\/types\/page"}],"replies":[{"embeddable":true,"href":"https:\/\/howto.ping.fm\/da\/wp-json\/wp\/v2\/comments?post=24545"}],"version-history":[{"count":0,"href":"https:\/\/howto.ping.fm\/da\/wp-json\/wp\/v2\/pages\/24545\/revisions"}],"wp:attachment":[{"href":"https:\/\/howto.ping.fm\/da\/wp-json\/wp\/v2\/media?parent=24545"}],"curies":[{"name":"wp","href":"https:\/\/api.w.org\/{rel}","templated":true}]}}