{"id":23837,"date":"2024-07-11T00:00:00","date_gmt":"2024-07-11T00:00:00","guid":{"rendered":"https:\/\/www.ping.fm\/howto\/top-tools-for-repairing-corrupted-video-files\/"},"modified":"2024-07-19T08:55:12","modified_gmt":"2024-07-19T08:55:12","slug":"top-tools-for-repairing-corrupted-video-files","status":"publish","type":"page","link":"https:\/\/howto.ping.fm\/da\/top-tools-for-repairing-corrupted-video-files\/","title":{"rendered":"Reparationsv\u00e6rkt\u00f8j der er bedst til at udbedre beskadigede videofiler"},"content":{"rendered":"<section>\n<h1>Topv\u00e6rkt\u00f8jer til Reparation af \u00d8delagte Videofiler<\/h1>\n<div class=\"inbrief\">\n<div>                     <img src=\"https:\/\/www.ping.fm\/howto\/wp-content\/uploads\/ai\/Top-Tools-for-Repairing-Corrupted-Video-Files.jpg\" alt=\"Top Tools for Repairing Corrupted Video Files\" title=\"Top Tools for Repairing Corrupted Video Files\" width=\"1280\" height=\"720\">                     <\/p>\n<p>Hvis du nogensinde har oplevet frustration over en <b>\u00f8delagt videofil<\/b>, ved du, hvor skr\u00e6mmende det kan v\u00e6re at fors\u00f8ge at redde den v\u00e6rdifulde optagelse. Uanset om det er et personligt minde, et vigtigt arbejdsprojekt eller et afg\u00f8rende \u00f8jeblik fanget p\u00e5 kamera, kan tabet f\u00f8les uoverkommeligt. Heldigvis er der flere <a href='https:\/\/repair.cleverfiles.com' rel=\"nofollow noopener\" target='_blank'>videoreparationsservices<\/a> tilg\u00e6ngelige, der kan hj\u00e6lpe dig med at gendanne dine v\u00e6rdifulde filer. Blandt de mange muligheder skiller nogle v\u00e6rkt\u00f8jer sig ud p\u00e5 grund af deres effektivitet, brugervenlighed og p\u00e5lidelighed. Fra min personlige erfaring er her de tre bedste videoreparationsservices, der kan give liv tilbage til dine beskadigede filer.<\/p>\n<\/div>\n<\/div>\n<\/section>\n<section>\n<div class=\"medal\">\n<div>&#129351;<\/div>\n<\/div>\n<h2><a href=\"https:\/\/repair.cleverfiles.com\" rel=\"nofollow noopener\" target=\"_blank\">Clever Video Repair Tool<\/a><\/h2>\n<p><img src=\"https:\/\/www.ping.fm\/howto\/wp-content\/uploads\/2024\/07\/file-repair.jpg\" alt=\"https:\/\/repair.cleverfiles.com screenshot\" width=\"1280\" height=\"720\"><\/p>\n<p><b>Clever Video Repair Tool<\/b> er mit foretrukne v\u00e6rkt\u00f8j, n\u00e5r jeg st\u00e5r overfor en <b>\u00f8delagt videofil<\/b>. Det er brugervenligt, effektivt og meget p\u00e5lideligt. Dette v\u00e6rkt\u00f8j underst\u00f8tter et bredt udvalg af formater og tilbyder en enkel gr\u00e6nseflade, hvilket g\u00f8r det let at bruge selv for dem, der ikke er teknisk kyndige.<\/p>\n<p><a href=\"https:\/\/repair.cleverfiles.com\" rel=\"nofollow noopener\" target=\"_blank\" class=\"ofWSite\">Officiel hjemmeside<\/a><\/p>\n<h3 class=\"prosTitle\">Fordele<\/h3>\n<ul class=\"listpc pros\">\n<li>100% gratis videoreparationsv\u00e6rkt\u00f8j online<\/li>\n<li>Underst\u00f8tter flere videoformater<\/li>\n<\/ul>\n<h3 class=\"consTitle\">Ulemper<\/h3>\n<ul class=\"listpc cons\">\n<li>Begr\u00e6nset gratis version<\/li>\n<li>Mulig langsom behandling af store filer<\/li>\n<\/ul>\n<\/section>\n<section>\n<div class=\"medal\">\n<div>&#129352;<\/div>\n<\/div>\n<h2><a href=\"https:\/\/fix.video\" rel=\"nofollow noopener\" target=\"_blank\">Fix.Video Tool<\/a><\/h2>\n<p><img src=\"https:\/\/www.ping.fm\/howto\/wp-content\/uploads\/ai\/https---fix-videowww_ping_fmhowto.jpg\" alt=\"https:\/\/fix.video screenshot\" width=\"1280\" height=\"720\"><\/p>\n<p><b>Fix.Video<\/b> er en anden fremragende mulighed for reparation af <b>\u00f8delagte videofiler<\/b>. Det er kendt for sin lydh\u00f8re kundesupport og hurtige reparationstider. Dette online v\u00e6rkt\u00f8j sikrer, at dine videofiler gendannes uden kvalitetsforringelse, hvilket g\u00f8r det til en favorit blandt mange brugere.<\/p>\n<p><a href=\"https:\/\/fix.video\" rel=\"nofollow noopener\" target=\"_blank\" class=\"ofWSite\">Officiel hjemmeside<\/a><\/p>\n<h3 class=\"prosTitle\">Fordele<\/h3>\n<ul class=\"listpc pros\">\n<li>Hurtige reparationstider<\/li>\n<li>Fremragende kundesupport<\/li>\n<\/ul>\n<h3 class=\"consTitle\">Ulemper<\/h3>\n<ul class=\"listpc cons\">\n<li>Kr\u00e6ver internetforbindelse<\/li>\n<li>Begr\u00e6nset gratis reparationstid<\/li>\n<\/ul>\n<\/section>\n<section>\n<div class=\"medal\">\n<div>&#129353;<\/div>\n<\/div>\n<h2><a href=\"https:\/\/restore.media\" rel=\"nofollow noopener\" target=\"_blank\">Restore.Media<\/a><\/h2>\n<p><img src=\"https:\/\/www.ping.fm\/howto\/wp-content\/uploads\/ai\/https---restore-mediawww_ping_fmhowto.jpg\" alt=\"https:\/\/restore.media screenshot\" width=\"1280\" height=\"720\"><\/p>\n<p><b>Restore.Media<\/b> tilbyder kraftfulde muligheder for at reparere <b>beskadigede videofiler<\/b>. Dets avancerede algoritmer kan h\u00e5ndtere selv de mest alvorligt beskadigede filer og tilbyder en omfattende l\u00f8sning til gendannelse af video. Selvom det kan kr\u00e6ve en vis indl\u00e6ringskurve, er resultaterne v\u00e6rd at anstrenge sig for.<\/p>\n<p><a href=\"https:\/\/restore.media\" rel=\"nofollow noopener\" target=\"_blank\" class=\"ofWSite\">Officielt Websted<\/a><\/p>\n<h3 class=\"prosTitle\">Fordele<\/h3>\n<ul class=\"listpc pros\">\n<li>H\u00e5ndterer alvorligt beskadigede filer<\/li>\n<li>Avancerede gendannelsesalgoritmer<\/li>\n<\/ul>\n<h3 class=\"consTitle\">Ulemper<\/h3>\n<ul class=\"listpc cons\">\n<li>Indl\u00e6ringskurve for nye brugere<\/li>\n<li>Kan v\u00e6re for komplekst til basale behov<\/li>\n<\/ul>\n<\/section>\n<section>\n<div class=\"no-medal\">\n<div>4<\/div>\n<\/div>\n<h2><a href=\"https:\/\/www.stellarinfo.com\" rel=\"nofollow noopener\" target=\"_blank\">Stellar Repair for Video<\/a><\/h2>\n<p><img src=\"https:\/\/www.ping.fm\/howto\/wp-content\/uploads\/ai\/https---www-stellarinfo-comwww_ping_fmhowto.jpg\" alt=\"https:\/\/www.stellarinfo.com screenshot\" width=\"1280\" height=\"720\"><\/p>\n<p><b>Stellar Repair for Video<\/b> er et robust og professionelt v\u00e6rkt\u00f8j designet til at tackle videokorruption. Det er s\u00e6rligt nyttigt for personer, der ofte arbejder med h\u00f8j-kvalitets videofiler. Softwaren underst\u00f8tter en r\u00e6kke forskellige formater og giver en detaljeret forh\u00e5ndsvisning f\u00f8r gemning af de reparerede filer.<\/p>\n<p><a href=\"https:\/\/www.stellarinfo.com\" rel=\"nofollow noopener\" target=\"_blank\" class=\"ofWSite\">Officielt Websted<\/a><\/p>\n<h3 class=\"prosTitle\">Fordele<\/h3>\n<ul class=\"listpc pros\">\n<li>Professionelt software<\/li>\n<li>Underst\u00f8tter flere formater<\/li>\n<\/ul>\n<h3 class=\"consTitle\">Ulemper<\/h3>\n<ul class=\"listpc cons\">\n<li>Dyre abonnementsplaner<\/li>\n<li>Kr\u00e6ver installation<\/li>\n<\/ul>\n<\/section>\n<section>\n<h2>Konklusion:<\/h2>\n<div class=\"nonp\">\n<p>Uanset hvilket v\u00e6rkt\u00f8j du v\u00e6lger, er det vigtigt at forst\u00e5, hvordan disse <b>videoreparationsservices<\/b> fungerer. Generelt analyserer de den beskadigede videofil for at identificere skadens omfang. Ved at krydshenvise med intakte dele af filen og bruge sofistikerede algoritmer, rekonstruerer de de beskadigede segmenter, s\u00e5 videoen kan afspilles igen.<\/p>\n<p>En vigtig faktor at overveje er hvilke <b>video filformater<\/b>, disse v\u00e6rkt\u00f8jer underst\u00f8tter. De fleste er kompatible med popul\u00e6re formater som MP4, AVI og MOV. Men specifikke v\u00e6rkt\u00f8jer som <a href='https:\/\/restore.media' rel=\"nofollow noopener\" target='_blank'>Restore.Media<\/a> kan h\u00e5ndtere mere obskure formater og tilbyde detaljerede gendannelsesmuligheder.<\/p>\n<p>N\u00e5r du evaluerer disse v\u00e6rkt\u00f8jer, er en anden vigtig faktor gendannelseshastigheden. Nogle v\u00e6rkt\u00f8jer kan v\u00e6re bedre til at reparere mindre skader, mens andre som <a href='https:\/\/repair.cleverfiles.com' rel=\"dofollow noopener\" target='_blank'>clever video repair<\/a> (Officielt websted) er bedre rustet til at h\u00e5ndtere alvorlige skader ved brug af avancerede gendannelsesalgoritmer. S\u00f8rg altid for at l\u00e6se anmeldelser og udtalelser for at vurdere et v\u00e6rkt\u00f8js effektivitet.<\/p>\n<p>Brugergr\u00e6nsefladen er ogs\u00e5 afg\u00f8rende. Et v\u00e6rkt\u00f8j kan v\u00e6re kraftfuldt, men hvis det ikke er brugervenligt, kan det skabe frustrationer. Heldigvis tilbyder v\u00e6rkt\u00f8jer som <a href='https:\/\/www.stellarinfo.com' rel=\"nofollow noopener\" target='_blank'>Stellar Repair for Video<\/a> professionelle funktioner, mens de bevarer en enkel brugergr\u00e6nseflade.<\/p>\n<p>Ud over disse specifikke v\u00e6rkt\u00f8jer kan det at opretholde gode praksisser som regelm\u00e6ssige sikkerhedskopier og bruge h\u00f8j-kvalitets optageenheder hj\u00e6lpe med at mindske risikoen for filkorruption. S\u00f8rg altid for at opbevare dine videoer i sikre, p\u00e5lidelige lagringsl\u00f8sninger og undg\u00e5 afbrydelser under filoverf\u00f8rsler for at reducere risikoen for korruption.<\/p>\n<\/div>\n<\/section>\n<div class=\"extrablock\">\n<p>Oplev de bedste metoder til videoreparation for at gendanne dine dyrebare minder. Uanset om du har en \u00f8delagt MOV eller en beskadiget MP4, d\u00e6kker vores guide de bedste softwarel\u00f8sninger og g\u00f8r-det-selv-teknikker.<\/p>\n<p>                             <a href=\"https:\/\/www.linkedin.com\/pulse\/how-repair-corrupt-unreadable-mp4-mov-video-files-online-kropachek-bampe\/\" rel=\"dofollow noopener\" target=\"_blank\">https:\/\/www.linkedin.com\/pulse\/how-repair-corrupt-unreadable-mp4-mov-video-files-online-kropachek-bampe\/<\/a>                         <\/div>\n","protected":false},"excerpt":{"rendered":"<p>Topv\u00e6rkt\u00f8jer til Reparation af \u00d8delagte Videofiler Hvis du nogensinde har oplevet frustration over en \u00f8delagt videofil, ved du, hvor skr\u00e6mmende det kan v\u00e6re at fors\u00f8ge at redde den v\u00e6rdifulde optagelse. Uanset om det er et personligt minde, et vigtigt arbejdsprojekt eller et afg\u00f8rende \u00f8jeblik fanget p\u00e5 kamera, kan tabet f\u00f8les uoverkommeligt. Heldigvis er der flere [&hellip;]<\/p>\n","protected":false},"author":0,"featured_media":23838,"parent":0,"menu_order":0,"comment_status":"closed","ping_status":"closed","template":"chromecast.php","meta":{"_stopmodifiedupdate":false,"_modified_date":"","_lmt_disableupdate":"","_lmt_disable":""},"acf":[],"yoast_head":"<!-- This site is optimized with the Yoast SEO plugin v20.9 - https:\/\/yoast.com\/wordpress\/plugins\/seo\/ -->\n<title>Reparationsv\u00e6rkt\u00f8j til beskadigede videofiler<\/title>\n<meta name=\"robots\" content=\"index, follow, max-snippet:-1, max-image-preview:large, max-video-preview:-1\" \/>\n<link rel=\"canonical\" href=\"https:\/\/howto.ping.fm\/da\/top-tools-for-repairing-corrupted-video-files\/\" \/>\n<meta property=\"og:locale\" content=\"da_DK\" \/>\n<meta property=\"og:type\" content=\"article\" \/>\n<meta property=\"og:title\" content=\"Reparationsv\u00e6rkt\u00f8j til beskadigede videofiler\" \/>\n<meta property=\"og:description\" content=\"Topv\u00e6rkt\u00f8jer til Reparation af \u00d8delagte Videofiler Hvis du nogensinde har oplevet frustration over en \u00f8delagt videofil, ved du, hvor skr\u00e6mmende det kan v\u00e6re at fors\u00f8ge at redde den v\u00e6rdifulde optagelse. Uanset om det er et personligt minde, et vigtigt arbejdsprojekt eller et afg\u00f8rende \u00f8jeblik fanget p\u00e5 kamera, kan tabet f\u00f8les uoverkommeligt. Heldigvis er der flere [&hellip;]\" \/>\n<meta property=\"og:url\" content=\"https:\/\/howto.ping.fm\/da\/top-tools-for-repairing-corrupted-video-files\/\" \/>\n<meta property=\"og:site_name\" content=\"How To &amp; Best Software\" \/>\n<meta property=\"article:modified_time\" content=\"2024-07-19T08:55:12+00:00\" \/>\n<meta property=\"og:image\" content=\"https:\/\/www.ping.fm\/howto\/wp-content\/uploads\/2024\/07\/Top-Tools-for-Repairing-Corrupted-Video-Files-22.jpg\" \/>\n\t<meta property=\"og:image:width\" content=\"1280\" \/>\n\t<meta property=\"og:image:height\" content=\"731\" \/>\n\t<meta property=\"og:image:type\" content=\"image\/jpeg\" \/>\n<meta name=\"twitter:card\" content=\"summary_large_image\" \/>\n<meta name=\"twitter:label1\" content=\"Est. reading time\" \/>\n\t<meta name=\"twitter:data1\" content=\"3 minutter\" \/>\n<script type=\"application\/ld+json\" class=\"yoast-schema-graph\">{\"@context\":\"https:\/\/schema.org\",\"@graph\":[{\"@type\":\"WebPage\",\"@id\":\"https:\/\/howto.ping.fm\/da\/top-tools-for-repairing-corrupted-video-files\/\",\"url\":\"https:\/\/howto.ping.fm\/da\/top-tools-for-repairing-corrupted-video-files\/\",\"name\":\"Reparationsv\u00e6rkt\u00f8j til beskadigede videofiler\",\"isPartOf\":{\"@id\":\"https:\/\/howto.ping.fm\/da\/#website\"},\"datePublished\":\"2024-07-11T00:00:00+00:00\",\"dateModified\":\"2024-07-19T08:55:12+00:00\",\"breadcrumb\":{\"@id\":\"https:\/\/howto.ping.fm\/da\/top-tools-for-repairing-corrupted-video-files\/#breadcrumb\"},\"inLanguage\":\"da-DK\",\"potentialAction\":[{\"@type\":\"ReadAction\",\"target\":[\"https:\/\/howto.ping.fm\/da\/top-tools-for-repairing-corrupted-video-files\/\"]}]},{\"@type\":\"BreadcrumbList\",\"@id\":\"https:\/\/howto.ping.fm\/da\/top-tools-for-repairing-corrupted-video-files\/#breadcrumb\",\"itemListElement\":[{\"@type\":\"ListItem\",\"position\":1,\"name\":\"Home\",\"item\":\"https:\/\/www.ping.fm\/howto\/da\/\"},{\"@type\":\"ListItem\",\"position\":2,\"name\":\"Reparationsv\u00e6rkt\u00f8j der er bedst til at udbedre beskadigede videofiler\"}]},{\"@type\":\"WebSite\",\"@id\":\"https:\/\/howto.ping.fm\/da\/#website\",\"url\":\"https:\/\/howto.ping.fm\/da\/\",\"name\":\"How To &amp; Best Software\",\"description\":\"\",\"potentialAction\":[{\"@type\":\"SearchAction\",\"target\":{\"@type\":\"EntryPoint\",\"urlTemplate\":\"https:\/\/howto.ping.fm\/da\/?s={search_term_string}\"},\"query-input\":\"required name=search_term_string\"}],\"inLanguage\":\"da-DK\"}]}<\/script>\n<!-- \/ Yoast SEO plugin. -->","yoast_head_json":{"title":"Reparationsv\u00e6rkt\u00f8j til beskadigede videofiler","robots":{"index":"index","follow":"follow","max-snippet":"max-snippet:-1","max-image-preview":"max-image-preview:large","max-video-preview":"max-video-preview:-1"},"canonical":"https:\/\/howto.ping.fm\/da\/top-tools-for-repairing-corrupted-video-files\/","og_locale":"da_DK","og_type":"article","og_title":"Reparationsv\u00e6rkt\u00f8j til beskadigede videofiler","og_description":"Topv\u00e6rkt\u00f8jer til Reparation af \u00d8delagte Videofiler Hvis du nogensinde har oplevet frustration over en \u00f8delagt videofil, ved du, hvor skr\u00e6mmende det kan v\u00e6re at fors\u00f8ge at redde den v\u00e6rdifulde optagelse. Uanset om det er et personligt minde, et vigtigt arbejdsprojekt eller et afg\u00f8rende \u00f8jeblik fanget p\u00e5 kamera, kan tabet f\u00f8les uoverkommeligt. Heldigvis er der flere [&hellip;]","og_url":"https:\/\/howto.ping.fm\/da\/top-tools-for-repairing-corrupted-video-files\/","og_site_name":"How To &amp; Best Software","article_modified_time":"2024-07-19T08:55:12+00:00","og_image":[{"width":1280,"height":731,"url":"https:\/\/www.ping.fm\/howto\/wp-content\/uploads\/2024\/07\/Top-Tools-for-Repairing-Corrupted-Video-Files-22.jpg","type":"image\/jpeg"}],"twitter_card":"summary_large_image","twitter_misc":{"Est. reading time":"3 minutter"},"schema":{"@context":"https:\/\/schema.org","@graph":[{"@type":"WebPage","@id":"https:\/\/howto.ping.fm\/da\/top-tools-for-repairing-corrupted-video-files\/","url":"https:\/\/howto.ping.fm\/da\/top-tools-for-repairing-corrupted-video-files\/","name":"Reparationsv\u00e6rkt\u00f8j til beskadigede videofiler","isPartOf":{"@id":"https:\/\/howto.ping.fm\/da\/#website"},"datePublished":"2024-07-11T00:00:00+00:00","dateModified":"2024-07-19T08:55:12+00:00","breadcrumb":{"@id":"https:\/\/howto.ping.fm\/da\/top-tools-for-repairing-corrupted-video-files\/#breadcrumb"},"inLanguage":"da-DK","potentialAction":[{"@type":"ReadAction","target":["https:\/\/howto.ping.fm\/da\/top-tools-for-repairing-corrupted-video-files\/"]}]},{"@type":"BreadcrumbList","@id":"https:\/\/howto.ping.fm\/da\/top-tools-for-repairing-corrupted-video-files\/#breadcrumb","itemListElement":[{"@type":"ListItem","position":1,"name":"Home","item":"https:\/\/www.ping.fm\/howto\/da\/"},{"@type":"ListItem","position":2,"name":"Reparationsv\u00e6rkt\u00f8j der er bedst til at udbedre beskadigede videofiler"}]},{"@type":"WebSite","@id":"https:\/\/howto.ping.fm\/da\/#website","url":"https:\/\/howto.ping.fm\/da\/","name":"How To &amp; Best Software","description":"","potentialAction":[{"@type":"SearchAction","target":{"@type":"EntryPoint","urlTemplate":"https:\/\/howto.ping.fm\/da\/?s={search_term_string}"},"query-input":"required name=search_term_string"}],"inLanguage":"da-DK"}]}},"_links":{"self":[{"href":"https:\/\/howto.ping.fm\/da\/wp-json\/wp\/v2\/pages\/23837"}],"collection":[{"href":"https:\/\/howto.ping.fm\/da\/wp-json\/wp\/v2\/pages"}],"about":[{"href":"https:\/\/howto.ping.fm\/da\/wp-json\/wp\/v2\/types\/page"}],"replies":[{"embeddable":true,"href":"https:\/\/howto.ping.fm\/da\/wp-json\/wp\/v2\/comments?post=23837"}],"version-history":[{"count":0,"href":"https:\/\/howto.ping.fm\/da\/wp-json\/wp\/v2\/pages\/23837\/revisions"}],"wp:featuredmedia":[{"embeddable":true,"href":"https:\/\/howto.ping.fm\/da\/wp-json\/wp\/v2\/media\/23838"}],"wp:attachment":[{"href":"https:\/\/howto.ping.fm\/da\/wp-json\/wp\/v2\/media?parent=23837"}],"curies":[{"name":"wp","href":"https:\/\/api.w.org\/{rel}","templated":true}]}}