{"id":20099,"date":"2023-07-31T13:58:28","date_gmt":"2023-07-31T13:58:28","guid":{"rendered":"https:\/\/www.ping.fm\/howto\/?page_id=20099"},"modified":"2024-04-09T09:02:22","modified_gmt":"2024-04-09T09:02:22","slug":"da","status":"publish","type":"page","link":"https:\/\/howto.ping.fm\/da\/","title":{"rendered":"\/da"},"content":{"rendered":"<section class=\"banner howto\">\n<div class=\"banner--img\">\n<div class=\"banner--inner\">\n<h1>Softwareanmeldelser &#038; Teknologirelaterede How-To Vejledninger<\/h1>\n<p>Opl\u00e5s teknologiens hemmeligheder med vores omfattende guide om &#8216;Hvordan man laver Teknologi Scenarier og Softwareanmeldelser&#8217;. Uanset om du er teknikentusiast, en professionel der s\u00f8ger at forbedre dine f\u00e6rdigheder, eller en begynder ivrig efter at forst\u00e5 teknologiens verden, er denne guide din alt-i-\u00e9n ressource. Dyk ned i detaljerede trin-for-trin forklaringer p\u00e5 forskellige teknologi scenarier, lige fra grundl\u00e6ggende fejlfinding til avancerede systemkonfigurationer.<\/p>\n<p>Vores ekspertanmeldelser og analyser af den nyeste software vil hj\u00e6lpe dig med at tr\u00e6ffe informerede beslutninger, s\u00e5 du v\u00e6lger de rigtige v\u00e6rkt\u00f8jer til dine behov.<\/p>\n<\/div>\n<\/div>\n<\/section>\n","protected":false},"excerpt":{"rendered":"<p>Softwareanmeldelser &#038; Teknologirelaterede How-To Vejledninger Opl\u00e5s teknologiens hemmeligheder med vores omfattende guide om &#8216;Hvordan man laver Teknologi Scenarier og Softwareanmeldelser&#8217;. Uanset om du er teknikentusiast, en professionel der s\u00f8ger at forbedre dine f\u00e6rdigheder, eller en begynder ivrig efter at forst\u00e5 teknologiens verden, er denne guide din alt-i-\u00e9n ressource. Dyk ned i detaljerede trin-for-trin forklaringer p\u00e5 [&hellip;]<\/p>\n","protected":false},"author":2,"featured_media":20103,"parent":0,"menu_order":0,"comment_status":"closed","ping_status":"closed","template":"homepage.php","meta":{"_stopmodifiedupdate":false,"_modified_date":"","_lmt_disableupdate":"yes","_lmt_disable":""},"acf":[],"yoast_head":"<!-- This site is optimized with the Yoast SEO plugin v20.9 - https:\/\/yoast.com\/wordpress\/plugins\/seo\/ -->\n<title>Seneste Software \/ Apps Anmeldelser &amp; Hvordan-man Vejledninger i 2026.<\/title>\n<meta name=\"description\" content=\"Opl\u00e5s teknologiens hemmeligheder med vores omfattende guide til &#039;Hvordan man forholder sig til tech-scenarier og softwareanmeldelser&#039;. Uanset om du er en teknologiinteresseret, en professionel, der s\u00f8ger at forbedre dine f\u00e6rdigheder, eller en nybegynder ivrig efter at forst\u00e5 teknologiens verden, er denne guide din alt-i-\u00e9n ressource.\" \/>\n<meta name=\"robots\" content=\"index, follow, max-snippet:-1, max-image-preview:large, max-video-preview:-1\" \/>\n<link rel=\"canonical\" href=\"https:\/\/howto.ping.fm\/da\/\" \/>\n<meta property=\"og:locale\" content=\"da_DK\" \/>\n<meta property=\"og:type\" content=\"article\" \/>\n<meta property=\"og:title\" content=\"Seneste Software \/ Apps Anmeldelser &amp; Hvordan-man Vejledninger i 2026.\" \/>\n<meta property=\"og:description\" content=\"Opl\u00e5s teknologiens hemmeligheder med vores omfattende guide til &#039;Hvordan man forholder sig til tech-scenarier og softwareanmeldelser&#039;. Uanset om du er en teknologiinteresseret, en professionel, der s\u00f8ger at forbedre dine f\u00e6rdigheder, eller en nybegynder ivrig efter at forst\u00e5 teknologiens verden, er denne guide din alt-i-\u00e9n ressource.\" \/>\n<meta property=\"og:url\" content=\"https:\/\/howto.ping.fm\/da\/\" \/>\n<meta property=\"og:site_name\" content=\"How To &amp; Best Software\" \/>\n<meta property=\"article:modified_time\" content=\"2024-04-09T09:02:22+00:00\" \/>\n<meta property=\"og:image\" content=\"https:\/\/www.ping.fm\/howto\/wp-content\/uploads\/2024\/01\/DALL\u00b7E_2024_01_05_09_54_29_A_simple_3D_character_holding_a_tech.png\" \/>\n\t<meta property=\"og:image:width\" content=\"1024\" \/>\n\t<meta property=\"og:image:height\" content=\"1024\" \/>\n\t<meta property=\"og:image:type\" content=\"image\/png\" \/>\n<meta name=\"twitter:card\" content=\"summary_large_image\" \/>\n<script type=\"application\/ld+json\" class=\"yoast-schema-graph\">{\"@context\":\"https:\/\/schema.org\",\"@graph\":[{\"@type\":\"WebPage\",\"@id\":\"https:\/\/howto.ping.fm\/da\/\",\"url\":\"https:\/\/howto.ping.fm\/da\/\",\"name\":\"Seneste Software \/ Apps Anmeldelser & Hvordan-man Vejledninger i 2026.\",\"isPartOf\":{\"@id\":\"https:\/\/howto.ping.fm\/da\/#website\"},\"datePublished\":\"2023-07-31T13:58:28+00:00\",\"dateModified\":\"2024-04-09T09:02:22+00:00\",\"description\":\"Opl\u00e5s teknologiens hemmeligheder med vores omfattende guide til 'Hvordan man forholder sig til tech-scenarier og softwareanmeldelser'. Uanset om du er en teknologiinteresseret, en professionel, der s\u00f8ger at forbedre dine f\u00e6rdigheder, eller en nybegynder ivrig efter at forst\u00e5 teknologiens verden, er denne guide din alt-i-\u00e9n ressource.\",\"breadcrumb\":{\"@id\":\"https:\/\/howto.ping.fm\/da\/#breadcrumb\"},\"inLanguage\":\"da-DK\",\"potentialAction\":[{\"@type\":\"ReadAction\",\"target\":[\"https:\/\/howto.ping.fm\/da\/\"]}]},{\"@type\":\"BreadcrumbList\",\"@id\":\"https:\/\/howto.ping.fm\/da\/#breadcrumb\",\"itemListElement\":[{\"@type\":\"ListItem\",\"position\":1,\"name\":\"Home\",\"item\":\"https:\/\/www.ping.fm\/howto\/da\/\"},{\"@type\":\"ListItem\",\"position\":2,\"name\":\"\/da\"}]},{\"@type\":\"WebSite\",\"@id\":\"https:\/\/howto.ping.fm\/da\/#website\",\"url\":\"https:\/\/howto.ping.fm\/da\/\",\"name\":\"How To &amp; Best Software\",\"description\":\"\",\"potentialAction\":[{\"@type\":\"SearchAction\",\"target\":{\"@type\":\"EntryPoint\",\"urlTemplate\":\"https:\/\/howto.ping.fm\/da\/?s={search_term_string}\"},\"query-input\":\"required name=search_term_string\"}],\"inLanguage\":\"da-DK\"}]}<\/script>\n<!-- \/ Yoast SEO plugin. -->","yoast_head_json":{"title":"Seneste Software \/ Apps Anmeldelser & Hvordan-man Vejledninger i 2026.","description":"Opl\u00e5s teknologiens hemmeligheder med vores omfattende guide til 'Hvordan man forholder sig til tech-scenarier og softwareanmeldelser'. Uanset om du er en teknologiinteresseret, en professionel, der s\u00f8ger at forbedre dine f\u00e6rdigheder, eller en nybegynder ivrig efter at forst\u00e5 teknologiens verden, er denne guide din alt-i-\u00e9n ressource.","robots":{"index":"index","follow":"follow","max-snippet":"max-snippet:-1","max-image-preview":"max-image-preview:large","max-video-preview":"max-video-preview:-1"},"canonical":"https:\/\/howto.ping.fm\/da\/","og_locale":"da_DK","og_type":"article","og_title":"Seneste Software \/ Apps Anmeldelser & Hvordan-man Vejledninger i 2026.","og_description":"Opl\u00e5s teknologiens hemmeligheder med vores omfattende guide til 'Hvordan man forholder sig til tech-scenarier og softwareanmeldelser'. Uanset om du er en teknologiinteresseret, en professionel, der s\u00f8ger at forbedre dine f\u00e6rdigheder, eller en nybegynder ivrig efter at forst\u00e5 teknologiens verden, er denne guide din alt-i-\u00e9n ressource.","og_url":"https:\/\/howto.ping.fm\/da\/","og_site_name":"How To &amp; Best Software","article_modified_time":"2024-04-09T09:02:22+00:00","og_image":[{"width":1024,"height":1024,"url":"https:\/\/www.ping.fm\/howto\/wp-content\/uploads\/2024\/01\/DALL\u00b7E_2024_01_05_09_54_29_A_simple_3D_character_holding_a_tech.png","type":"image\/png"}],"twitter_card":"summary_large_image","schema":{"@context":"https:\/\/schema.org","@graph":[{"@type":"WebPage","@id":"https:\/\/howto.ping.fm\/da\/","url":"https:\/\/howto.ping.fm\/da\/","name":"Seneste Software \/ Apps Anmeldelser & Hvordan-man Vejledninger i 2026.","isPartOf":{"@id":"https:\/\/howto.ping.fm\/da\/#website"},"datePublished":"2023-07-31T13:58:28+00:00","dateModified":"2024-04-09T09:02:22+00:00","description":"Opl\u00e5s teknologiens hemmeligheder med vores omfattende guide til 'Hvordan man forholder sig til tech-scenarier og softwareanmeldelser'. Uanset om du er en teknologiinteresseret, en professionel, der s\u00f8ger at forbedre dine f\u00e6rdigheder, eller en nybegynder ivrig efter at forst\u00e5 teknologiens verden, er denne guide din alt-i-\u00e9n ressource.","breadcrumb":{"@id":"https:\/\/howto.ping.fm\/da\/#breadcrumb"},"inLanguage":"da-DK","potentialAction":[{"@type":"ReadAction","target":["https:\/\/howto.ping.fm\/da\/"]}]},{"@type":"BreadcrumbList","@id":"https:\/\/howto.ping.fm\/da\/#breadcrumb","itemListElement":[{"@type":"ListItem","position":1,"name":"Home","item":"https:\/\/www.ping.fm\/howto\/da\/"},{"@type":"ListItem","position":2,"name":"\/da"}]},{"@type":"WebSite","@id":"https:\/\/howto.ping.fm\/da\/#website","url":"https:\/\/howto.ping.fm\/da\/","name":"How To &amp; Best Software","description":"","potentialAction":[{"@type":"SearchAction","target":{"@type":"EntryPoint","urlTemplate":"https:\/\/howto.ping.fm\/da\/?s={search_term_string}"},"query-input":"required name=search_term_string"}],"inLanguage":"da-DK"}]}},"_links":{"self":[{"href":"https:\/\/howto.ping.fm\/da\/wp-json\/wp\/v2\/pages\/20099"}],"collection":[{"href":"https:\/\/howto.ping.fm\/da\/wp-json\/wp\/v2\/pages"}],"about":[{"href":"https:\/\/howto.ping.fm\/da\/wp-json\/wp\/v2\/types\/page"}],"author":[{"embeddable":true,"href":"https:\/\/howto.ping.fm\/da\/wp-json\/wp\/v2\/users\/2"}],"replies":[{"embeddable":true,"href":"https:\/\/howto.ping.fm\/da\/wp-json\/wp\/v2\/comments?post=20099"}],"version-history":[{"count":1,"href":"https:\/\/howto.ping.fm\/da\/wp-json\/wp\/v2\/pages\/20099\/revisions"}],"predecessor-version":[{"id":20104,"href":"https:\/\/howto.ping.fm\/da\/wp-json\/wp\/v2\/pages\/20099\/revisions\/20104"}],"wp:featuredmedia":[{"embeddable":true,"href":"https:\/\/howto.ping.fm\/da\/wp-json\/wp\/v2\/media\/20103"}],"wp:attachment":[{"href":"https:\/\/howto.ping.fm\/da\/wp-json\/wp\/v2\/media?parent=20099"}],"curies":[{"name":"wp","href":"https:\/\/api.w.org\/{rel}","templated":true}]}}